{"id":261768,"date":"2026-04-02T23:23:18","date_gmt":"2026-04-03T05:23:18","guid":{"rendered":"https:\/\/compuviper.mx\/tienda\/producto\/ghia-g50w25-television-smart-whale-tv-50-pulg-uhd-4k-wifi-rj453-hdmi2-usb-rca-aux-3-5mm-optico-dolby-audio\/"},"modified":"2026-04-02T23:23:18","modified_gmt":"2026-04-03T05:23:18","slug":"ghia-g50w25-television-smart-whale-tv-50-pulg-uhd-4k-wifi-rj453-hdmi2-usb-rca-aux-3-5mm-optico-dolby-audio","status":"publish","type":"product","link":"https:\/\/compuviper.mx\/tienda\/producto\/ghia-g50w25-television-smart-whale-tv-50-pulg-uhd-4k-wifi-rj453-hdmi2-usb-rca-aux-3-5mm-optico-dolby-audio\/","title":{"rendered":"Ghia G50w25 Television Smart  Whale Tv 50 Pulg Uhd 4k Wifi, Rj45,3 Hdmi,2 Usb, Rca, Aux 3.5mm\/ Optico, Dolby Audio"},"content":{"rendered":"<table class=\"descripcion\">\n<tr>\n<td>Panel<\/td>\n<\/tr>\n<tr>\n<td>Tipo de panel d-led<\/td>\n<\/tr>\n<tr>\n<td>\u00e1rea activa de panel 50&#8243;<\/td>\n<\/tr>\n<tr>\n<td>Relaci\u00f3n de aspecto 16:9<\/td>\n<\/tr>\n<tr>\n<td>Resoluci\u00f3n de pantalla 3 840 x 2 160 pixeles<\/td>\n<\/tr>\n<tr>\n<td>Frecuencia de actualizaci\u00f3n 60 hz<\/td>\n<\/tr>\n<tr>\n<td>Brillo (cd\/m2) 250 cd\/m\u00b2<\/td>\n<\/tr>\n<tr>\n<td>Relaci\u00f3n de contraste 5000:1<\/td>\n<\/tr>\n<tr>\n<td>Tiempo de respuesta 6.5 ms<\/td>\n<\/tr>\n<tr>\n<td>Color 16.7 m<\/td>\n<\/tr>\n<tr>\n<td>General<\/td>\n<\/tr>\n<tr>\n<td>Memoria ram 1.5 gb<\/td>\n<\/tr>\n<tr>\n<td>Memoria rom 8 gb<\/td>\n<\/tr>\n<tr>\n<td>Sistema operativo whale tv<\/td>\n<\/tr>\n<tr>\n<td>Idiomas espa\u00f1ol, ingl\u00e9s, franc\u00e9s<\/td>\n<\/tr>\n<tr>\n<td>Sistema de video atv (an\u00e1logico) ntsc<\/td>\n<\/tr>\n<tr>\n<td>Sistema de video dtv (digital) atsc<\/td>\n<\/tr>\n<tr>\n<td>Sistema de sonido m\/n<\/td>\n<\/tr>\n<tr>\n<td>Sistema de sonido mpeg-1 layer 1\/2,mpeg-2 layer<\/td>\n<\/tr>\n<tr>\n<td>2\/dobly ac3<\/td>\n<\/tr>\n<tr>\n<td>Imagen<\/td>\n<\/tr>\n<tr>\n<td>Modo de proteccion ocular si<\/td>\n<\/tr>\n<tr>\n<td>Luz de fondo ajustable s\u00ed<\/td>\n<\/tr>\n<tr>\n<td>Efecto de imagen est\u00e1ndar, din\u00e1mico, suave, vivido, ahorro de energia, usuario<\/td>\n<\/tr>\n<tr>\n<td>Reducci\u00f3n de ruido s\u00ed<\/td>\n<\/tr>\n<tr>\n<td>Audio<\/td>\n<\/tr>\n<tr>\n<td>Potencia de salida audio 2 x 10w<\/td>\n<\/tr>\n<tr>\n<td>Efectos de sonido est\u00e1ndar, m\u00fasica, pel\u00edcula, noticias, juego, usuario<\/td>\n<\/tr>\n<tr>\n<td>Entradas \/ salidas<\/td>\n<\/tr>\n<tr>\n<td>Lan 1 (rj45) 1<\/td>\n<\/tr>\n<tr>\n<td>\u00f3ptico 1<\/td>\n<\/tr>\n<tr>\n<td>Hdmi 3<\/td>\n<\/tr>\n<tr>\n<td>Av in 1<\/td>\n<\/tr>\n<tr>\n<td>Tv 1<\/td>\n<\/tr>\n<tr>\n<td>Usb2.0 2<\/td>\n<\/tr>\n<tr>\n<td>Wifi 802.11b\/g\/n 2.4 ghz<\/td>\n<\/tr>\n<tr>\n<td>Funci\u00f3n<\/td>\n<\/tr>\n<tr>\n<td>Reloj \/ sleep timer s\u00ed<\/td>\n<\/tr>\n<tr>\n<td>Configuraci\u00f3n de inicio s\u00ed<\/td>\n<\/tr>\n<tr>\n<td>Congelaci\u00f3n de imagen s\u00ed<\/td>\n<\/tr>\n<tr>\n<td>Conexi\u00f3n usb video, audio, imagen<\/td>\n<\/tr>\n<tr>\n<td>Otros datos<\/td>\n<\/tr>\n<tr>\n<td>Fuente de alimentaci\u00f3n ac 100v &#8211; 240v 50\/60hz<\/td>\n<\/tr>\n<tr>\n<td>Consumo de energ\u00eda tv encendida 100 w<\/td>\n<\/tr>\n<tr>\n<td>Consumo de energ\u00eda en espera 0.5 w<\/td>\n<\/tr>\n<tr>\n<td>Tipo de control remoto bt<\/td>\n<\/tr>\n<tr>\n<td>Accesorios<\/td>\n<\/tr>\n<tr>\n<td>Manual de operaci\u00f3n incluido<\/td>\n<\/tr>\n<tr>\n<td>Control remoto incluido<\/td>\n<\/tr>\n<tr>\n<td>Base de tv incluido<\/td>\n<\/tr>\n<tr>\n<td>Bater\u00edas incluido<\/td>\n<\/tr>\n<tr>\n<td>Cable de poder incluido<\/td>\n<\/tr>\n<tr>\n<td>Garant\u00eda contra defectos de fabricaci\u00f3n 1 a\u00f1o<\/td>\n<\/tr>\n<\/table>\n","protected":false},"excerpt":{"rendered":"<p>Las tv ghia con whale os son el camino mas sencillo para disfrutar del entretenimiento que amas, el stream favorito de las apps mas populares.<\/p>\n","protected":false},"featured_media":0,"comment_status":"open","ping_status":"open","template":"","meta":[],"product_cat":[1838,1839],"product_tag":[1548],"acf":[],"yoast_head":"<!-- This site is optimized with the Yoast SEO plugin v21.7 - https:\/\/yoast.com\/wordpress\/plugins\/seo\/ -->\n<title>[ Ghia ] &#129351; G50w25 Television Smart Whale Tv 50 Pulg Uhd 4k Wifi, Rj45,3 Hdmi,2 Usb, Rca, Aux 3.5mm\/ Optico, Dolby Audio<\/title>\n<meta name=\"description\" content=\"Compra G50w25 Television Smart Whale Tv 50 Pulg Uhd 4k Wifi, Rj45,3 Hdmi,2 Usb, Rca, Aux 3.5mm\/ Optico, Dolby Audio + Env\u00edo a domicilio + Pago seguro + Garant\u00eda\" \/>\n<meta name=\"robots\" content=\"index, follow, max-snippet:-1, max-image-preview:large, max-video-preview:-1\" \/>\n<link rel=\"canonical\" href=\"https:\/\/compuviper.mx\/tienda\/producto\/ghia-g50w25-television-smart-whale-tv-50-pulg-uhd-4k-wifi-rj453-hdmi2-usb-rca-aux-3-5mm-optico-dolby-audio\/\" \/>\n<meta property=\"og:locale\" content=\"es_MX\" \/>\n<meta property=\"og:type\" content=\"article\" \/>\n<meta property=\"og:title\" content=\"[ Ghia ] &#129351; G50w25 Television Smart Whale Tv 50 Pulg Uhd 4k Wifi, Rj45,3 Hdmi,2 Usb, Rca, Aux 3.5mm\/ Optico, Dolby Audio\" \/>\n<meta property=\"og:description\" content=\"Compra G50w25 Television Smart Whale Tv 50 Pulg Uhd 4k Wifi, Rj45,3 Hdmi,2 Usb, Rca, Aux 3.5mm\/ Optico, Dolby Audio + Env\u00edo a domicilio + Pago seguro + Garant\u00eda\" \/>\n<meta property=\"og:url\" content=\"https:\/\/compuviper.mx\/tienda\/producto\/ghia-g50w25-television-smart-whale-tv-50-pulg-uhd-4k-wifi-rj453-hdmi2-usb-rca-aux-3-5mm-optico-dolby-audio\/\" \/>\n<meta property=\"og:site_name\" content=\"Compuviper\" \/>\n<meta property=\"article:publisher\" content=\"https:\/\/www.facebook.com\/compuviper\" \/>\n<meta name=\"twitter:card\" content=\"summary_large_image\" \/>\n<meta name=\"twitter:label1\" content=\"Precio\" \/>\n\t<meta name=\"twitter:data1\" content=\"&#36;4,359 con IVA\" \/>\n\t<meta name=\"twitter:label2\" content=\"Availability\" \/>\n\t<meta name=\"twitter:data2\" content=\"In stock\" \/>\n<script type=\"application\/ld+json\" class=\"yoast-schema-graph\">{\"@context\":\"https:\/\/schema.org\",\"@graph\":[{\"@type\":\"WebPage\",\"@id\":\"https:\/\/compuviper.mx\/tienda\/producto\/ghia-g50w25-television-smart-whale-tv-50-pulg-uhd-4k-wifi-rj453-hdmi2-usb-rca-aux-3-5mm-optico-dolby-audio\/\",\"url\":\"https:\/\/compuviper.mx\/tienda\/producto\/ghia-g50w25-television-smart-whale-tv-50-pulg-uhd-4k-wifi-rj453-hdmi2-usb-rca-aux-3-5mm-optico-dolby-audio\/\",\"name\":\"[ Ghia ] &#129351; G50w25 Television Smart Whale Tv 50 Pulg Uhd 4k Wifi, Rj45,3 Hdmi,2 Usb, Rca, Aux 3.5mm\/ Optico, Dolby Audio\",\"isPartOf\":{\"@id\":\"https:\/\/compuviper.mx\/tienda\/#website\"},\"datePublished\":\"2026-04-03T05:23:18+00:00\",\"dateModified\":\"2026-04-03T05:23:18+00:00\",\"description\":\"Compra G50w25 Television Smart Whale Tv 50 Pulg Uhd 4k Wifi, Rj45,3 Hdmi,2 Usb, Rca, Aux 3.5mm\/ Optico, Dolby Audio + Env\u00edo a domicilio + Pago seguro + Garant\u00eda\",\"breadcrumb\":{\"@id\":\"https:\/\/compuviper.mx\/tienda\/producto\/ghia-g50w25-television-smart-whale-tv-50-pulg-uhd-4k-wifi-rj453-hdmi2-usb-rca-aux-3-5mm-optico-dolby-audio\/#breadcrumb\"},\"inLanguage\":\"es-MX\",\"potentialAction\":[{\"@type\":\"ReadAction\",\"target\":[\"https:\/\/compuviper.mx\/tienda\/producto\/ghia-g50w25-television-smart-whale-tv-50-pulg-uhd-4k-wifi-rj453-hdmi2-usb-rca-aux-3-5mm-optico-dolby-audio\/\"]}]},{\"@type\":\"BreadcrumbList\",\"@id\":\"https:\/\/compuviper.mx\/tienda\/producto\/ghia-g50w25-television-smart-whale-tv-50-pulg-uhd-4k-wifi-rj453-hdmi2-usb-rca-aux-3-5mm-optico-dolby-audio\/#breadcrumb\",\"itemListElement\":[{\"@type\":\"ListItem\",\"position\":1,\"name\":\"Inicio\",\"item\":\"https:\/\/compuviper.mx\/tienda\/\"},{\"@type\":\"ListItem\",\"position\":2,\"name\":\"Productos\",\"item\":\"https:\/\/compuviper.mx\/tienda\/productos\/\"},{\"@type\":\"ListItem\",\"position\":3,\"name\":\"Televisor\",\"item\":\"https:\/\/compuviper.mx\/tienda\/categoria-producto\/televisor\/\"},{\"@type\":\"ListItem\",\"position\":4,\"name\":\"Led\",\"item\":\"https:\/\/compuviper.mx\/tienda\/categoria-producto\/televisor\/led-televisor\/\"},{\"@type\":\"ListItem\",\"position\":5,\"name\":\"Ghia G50w25 Television Smart Whale Tv 50 Pulg Uhd 4k Wifi, Rj45,3 Hdmi,2 Usb, Rca, Aux 3.5mm\/ Optico, Dolby Audio\"}]},{\"@type\":\"WebSite\",\"@id\":\"https:\/\/compuviper.mx\/tienda\/#website\",\"url\":\"https:\/\/compuviper.mx\/tienda\/\",\"name\":\"Compuviper\",\"description\":\"Proveedor de Computadoras, Laptops, Servidores, Monitores, Puntos de Venta, Teclados,   Impresoras, T\u00f3ner, C\u00e1maras de Seguridad y m\u00e1s en tu tienda en l\u00ednea\",\"publisher\":{\"@id\":\"https:\/\/compuviper.mx\/tienda\/#organization\"},\"potentialAction\":[{\"@type\":\"SearchAction\",\"target\":{\"@type\":\"EntryPoint\",\"urlTemplate\":\"https:\/\/compuviper.mx\/tienda\/?s={search_term_string}\"},\"query-input\":\"required name=search_term_string\"}],\"inLanguage\":\"es-MX\"},{\"@type\":\"Organization\",\"@id\":\"https:\/\/compuviper.mx\/tienda\/#organization\",\"name\":\"Compuviper\",\"url\":\"https:\/\/compuviper.mx\/tienda\/\",\"logo\":{\"@type\":\"ImageObject\",\"inLanguage\":\"es-MX\",\"@id\":\"https:\/\/compuviper.mx\/tienda\/#\/schema\/logo\/image\/\",\"url\":\"https:\/\/compuviper.mx\/tienda\/wp-content\/uploads\/2021\/08\/Logo-Compuviper-10.png\",\"contentUrl\":\"https:\/\/compuviper.mx\/tienda\/wp-content\/uploads\/2021\/08\/Logo-Compuviper-10.png\",\"width\":1000,\"height\":500,\"caption\":\"Compuviper\"},\"image\":{\"@id\":\"https:\/\/compuviper.mx\/tienda\/#\/schema\/logo\/image\/\"},\"sameAs\":[\"https:\/\/www.facebook.com\/compuviper\",\"https:\/\/www.youtube.com\/channel\/UCf73dERp9Y3cfOq7q8BhLjA?view_as=subscriber\"]}]}<\/script>\n<meta property=\"product:brand\" content=\"GHIA\" \/>\n<meta property=\"product:price:amount\" content=\"4359\" \/>\n<meta property=\"product:price:currency\" content=\"MXN\" \/>\n<meta property=\"og:availability\" content=\"instock\" \/>\n<meta property=\"product:availability\" content=\"instock\" \/>\n<meta property=\"product:retailer_item_id\" content=\"G50W25\" \/>\n<meta property=\"product:condition\" content=\"new\" \/>\n<!-- \/ Yoast SEO plugin. -->","yoast_head_json":{"title":"[ Ghia ] &#129351; G50w25 Television Smart Whale Tv 50 Pulg Uhd 4k Wifi, Rj45,3 Hdmi,2 Usb, Rca, Aux 3.5mm\/ Optico, Dolby Audio","description":"Compra G50w25 Television Smart Whale Tv 50 Pulg Uhd 4k Wifi, Rj45,3 Hdmi,2 Usb, Rca, Aux 3.5mm\/ Optico, Dolby Audio + Env\u00edo a domicilio + Pago seguro + Garant\u00eda","robots":{"index":"index","follow":"follow","max-snippet":"max-snippet:-1","max-image-preview":"max-image-preview:large","max-video-preview":"max-video-preview:-1"},"canonical":"https:\/\/compuviper.mx\/tienda\/producto\/ghia-g50w25-television-smart-whale-tv-50-pulg-uhd-4k-wifi-rj453-hdmi2-usb-rca-aux-3-5mm-optico-dolby-audio\/","og_locale":"es_MX","og_type":"article","og_title":"[ Ghia ] &#129351; G50w25 Television Smart Whale Tv 50 Pulg Uhd 4k Wifi, Rj45,3 Hdmi,2 Usb, Rca, Aux 3.5mm\/ Optico, Dolby Audio","og_description":"Compra G50w25 Television Smart Whale Tv 50 Pulg Uhd 4k Wifi, Rj45,3 Hdmi,2 Usb, Rca, Aux 3.5mm\/ Optico, Dolby Audio + Env\u00edo a domicilio + Pago seguro + Garant\u00eda","og_url":"https:\/\/compuviper.mx\/tienda\/producto\/ghia-g50w25-television-smart-whale-tv-50-pulg-uhd-4k-wifi-rj453-hdmi2-usb-rca-aux-3-5mm-optico-dolby-audio\/","og_site_name":"Compuviper","article_publisher":"https:\/\/www.facebook.com\/compuviper","twitter_card":"summary_large_image","twitter_misc":{"Precio":"&#36;4,359 con IVA","Availability":"In stock"},"schema":{"@context":"https:\/\/schema.org","@graph":[{"@type":"WebPage","@id":"https:\/\/compuviper.mx\/tienda\/producto\/ghia-g50w25-television-smart-whale-tv-50-pulg-uhd-4k-wifi-rj453-hdmi2-usb-rca-aux-3-5mm-optico-dolby-audio\/","url":"https:\/\/compuviper.mx\/tienda\/producto\/ghia-g50w25-television-smart-whale-tv-50-pulg-uhd-4k-wifi-rj453-hdmi2-usb-rca-aux-3-5mm-optico-dolby-audio\/","name":"[ Ghia ] &#129351; G50w25 Television Smart Whale Tv 50 Pulg Uhd 4k Wifi, Rj45,3 Hdmi,2 Usb, Rca, Aux 3.5mm\/ Optico, Dolby Audio","isPartOf":{"@id":"https:\/\/compuviper.mx\/tienda\/#website"},"datePublished":"2026-04-03T05:23:18+00:00","dateModified":"2026-04-03T05:23:18+00:00","description":"Compra G50w25 Television Smart Whale Tv 50 Pulg Uhd 4k Wifi, Rj45,3 Hdmi,2 Usb, Rca, Aux 3.5mm\/ Optico, Dolby Audio + Env\u00edo a domicilio + Pago seguro + Garant\u00eda","breadcrumb":{"@id":"https:\/\/compuviper.mx\/tienda\/producto\/ghia-g50w25-television-smart-whale-tv-50-pulg-uhd-4k-wifi-rj453-hdmi2-usb-rca-aux-3-5mm-optico-dolby-audio\/#breadcrumb"},"inLanguage":"es-MX","potentialAction":[{"@type":"ReadAction","target":["https:\/\/compuviper.mx\/tienda\/producto\/ghia-g50w25-television-smart-whale-tv-50-pulg-uhd-4k-wifi-rj453-hdmi2-usb-rca-aux-3-5mm-optico-dolby-audio\/"]}]},{"@type":"BreadcrumbList","@id":"https:\/\/compuviper.mx\/tienda\/producto\/ghia-g50w25-television-smart-whale-tv-50-pulg-uhd-4k-wifi-rj453-hdmi2-usb-rca-aux-3-5mm-optico-dolby-audio\/#breadcrumb","itemListElement":[{"@type":"ListItem","position":1,"name":"Inicio","item":"https:\/\/compuviper.mx\/tienda\/"},{"@type":"ListItem","position":2,"name":"Productos","item":"https:\/\/compuviper.mx\/tienda\/productos\/"},{"@type":"ListItem","position":3,"name":"Televisor","item":"https:\/\/compuviper.mx\/tienda\/categoria-producto\/televisor\/"},{"@type":"ListItem","position":4,"name":"Led","item":"https:\/\/compuviper.mx\/tienda\/categoria-producto\/televisor\/led-televisor\/"},{"@type":"ListItem","position":5,"name":"Ghia G50w25 Television Smart Whale Tv 50 Pulg Uhd 4k Wifi, Rj45,3 Hdmi,2 Usb, Rca, Aux 3.5mm\/ Optico, Dolby Audio"}]},{"@type":"WebSite","@id":"https:\/\/compuviper.mx\/tienda\/#website","url":"https:\/\/compuviper.mx\/tienda\/","name":"Compuviper","description":"Proveedor de Computadoras, Laptops, Servidores, Monitores, Puntos de Venta, Teclados,   Impresoras, T\u00f3ner, C\u00e1maras de Seguridad y m\u00e1s en tu tienda en l\u00ednea","publisher":{"@id":"https:\/\/compuviper.mx\/tienda\/#organization"},"potentialAction":[{"@type":"SearchAction","target":{"@type":"EntryPoint","urlTemplate":"https:\/\/compuviper.mx\/tienda\/?s={search_term_string}"},"query-input":"required name=search_term_string"}],"inLanguage":"es-MX"},{"@type":"Organization","@id":"https:\/\/compuviper.mx\/tienda\/#organization","name":"Compuviper","url":"https:\/\/compuviper.mx\/tienda\/","logo":{"@type":"ImageObject","inLanguage":"es-MX","@id":"https:\/\/compuviper.mx\/tienda\/#\/schema\/logo\/image\/","url":"https:\/\/compuviper.mx\/tienda\/wp-content\/uploads\/2021\/08\/Logo-Compuviper-10.png","contentUrl":"https:\/\/compuviper.mx\/tienda\/wp-content\/uploads\/2021\/08\/Logo-Compuviper-10.png","width":1000,"height":500,"caption":"Compuviper"},"image":{"@id":"https:\/\/compuviper.mx\/tienda\/#\/schema\/logo\/image\/"},"sameAs":["https:\/\/www.facebook.com\/compuviper","https:\/\/www.youtube.com\/channel\/UCf73dERp9Y3cfOq7q8BhLjA?view_as=subscriber"]}]},"product_brand":"GHIA","product_price_amount":"4359","product_price_currency":"MXN","og_availability":"instock","product_availability":"instock","product_retailer_item_id":"G50W25","product_condition":"new"},"_links":{"self":[{"href":"https:\/\/compuviper.mx\/tienda\/wp-json\/wp\/v2\/product\/261768"}],"collection":[{"href":"https:\/\/compuviper.mx\/tienda\/wp-json\/wp\/v2\/product"}],"about":[{"href":"https:\/\/compuviper.mx\/tienda\/wp-json\/wp\/v2\/types\/product"}],"replies":[{"embeddable":true,"href":"https:\/\/compuviper.mx\/tienda\/wp-json\/wp\/v2\/comments?post=261768"}],"wp:attachment":[{"href":"https:\/\/compuviper.mx\/tienda\/wp-json\/wp\/v2\/media?parent=261768"}],"wp:term":[{"taxonomy":"product_cat","embeddable":true,"href":"https:\/\/compuviper.mx\/tienda\/wp-json\/wp\/v2\/product_cat?post=261768"},{"taxonomy":"product_tag","embeddable":true,"href":"https:\/\/compuviper.mx\/tienda\/wp-json\/wp\/v2\/product_tag?post=261768"}],"curies":[{"name":"wp","href":"https:\/\/api.w.org\/{rel}","templated":true}]}}