{"id":261756,"date":"2026-04-02T01:46:16","date_gmt":"2026-04-02T07:46:16","guid":{"rendered":"https:\/\/compuviper.mx\/tienda\/producto\/epson-c31ck50052-miniprinter-tm-m30iii-termica-80-mm-o-58-mm-ethernet-usb-wifi-bluetooth-autocortador-negra\/"},"modified":"2026-04-02T01:46:17","modified_gmt":"2026-04-02T07:46:17","slug":"epson-c31ck50052-miniprinter-tm-m30iii-termica-80-mm-o-58-mm-ethernet-usb-wifi-bluetooth-autocortador-negra","status":"publish","type":"product","link":"https:\/\/compuviper.mx\/tienda\/producto\/epson-c31ck50052-miniprinter-tm-m30iii-termica-80-mm-o-58-mm-ethernet-usb-wifi-bluetooth-autocortador-negra\/","title":{"rendered":"Epson C31ck50052 Miniprinter  Tm-m30iii, Termica, 80 Mm O 58 Mm, Ethernet, Usb, Wifi, Bluetooth, Autocortador, Negra"},"content":{"rendered":"<table class=\"descripcion\">\n<tr>\n<td>Informacion tecnica:<\/td>\n<\/tr>\n<tr>\n<td>Informacion tecnica<\/td>\n<\/tr>\n<tr>\n<td>Metodo de impresion termico<\/td>\n<\/tr>\n<tr>\n<td>Velocidad de impresion3 300 mm\/s<\/td>\n<\/tr>\n<tr>\n<td>Resolucion de impresion 203 ppp<\/td>\n<\/tr>\n<tr>\n<td>Direccion de impresion vertical y horizontal<\/td>\n<\/tr>\n<tr>\n<td>Capacidad de fuentes\/columnasfuente a: 12 x 24, 48 cpl predeterminado; fuente b:<\/td>\n<\/tr>\n<tr>\n<td>10 x 24, 57 cpl; fuente c: 9 x 17, 64 cpl; kanji fuente<\/td>\n<\/tr>\n<tr>\n<td>A: 24 x 24, 24 cpl; kanji fuente b: 20 x 24, 28 cpl<\/td>\n<\/tr>\n<tr>\n<td>Japones, 36 cpl coreano<\/td>\n<\/tr>\n<tr>\n<td>Tamao de los caracteres fuente a: 1,25 mm x 3,00 mm; fuente b: 1,13 mm x<\/td>\n<\/tr>\n<tr>\n<td>3,00 mm; fuente c: 0,88 mm x 2,13 mm; fuente kanji<\/td>\n<\/tr>\n<tr>\n<td>A: 2,50 mm x 3,00 mm; fuente kanji b: 2,26 mm x<\/td>\n<\/tr>\n<tr>\n<td>3,00 mm<\/td>\n<\/tr>\n<tr>\n<td>Juego de caracteres95 alfanumricos, 18 internacionales, grfico 128 x 43,<\/td>\n<\/tr>\n<tr>\n<td>Japons 11.233 caracteres de jis x0213:2004, 1 carcter especial, chino simplificado 28.553 caracteres de gb18030-2000, chino tradicional 13.535 caracteres de big5, coreano 8.224 caracteres de<\/td>\n<\/tr>\n<tr>\n<td>Ksc5601<\/td>\n<\/tr>\n<tr>\n<td>Cdigo de barras upc-a, upc-e, jan8\/ean8, jan13\/ean13, code39,<\/td>\n<\/tr>\n<tr>\n<td>Code93, code128, itf, codabar nw-7, gs1-128, gs1databar, code 128 auto<\/td>\n<\/tr>\n<tr>\n<td>Impresin de smbolos<\/td>\n<\/tr>\n<tr>\n<td>Bidireccionalpdf417, qr code, maxicode, datamatrix, aztec code, two-dimensional gs1databar, composite symbology<\/td>\n<\/tr>\n<tr>\n<td>Manejo de medios<\/td>\n<\/tr>\n<tr>\n<td>Dimensiones80 mm: 79,5 \u00b1 0,5 x 83 mm<\/td>\n<\/tr>\n<tr>\n<td>3,13 \u00b1 0,02 ancho x 3,27 dimetro del rollo<\/td>\n<\/tr>\n<tr>\n<td>58 mm: 57,5 \u00b1 0,5 x 83 mm<\/td>\n<\/tr>\n<tr>\n<td>2,26 \u00b1 0,02 ancho x 3,27 dimetro<\/td>\n<\/tr>\n<tr>\n<td>Espesor 48 \u0096 80 micrones<\/td>\n<\/tr>\n<tr>\n<td>Tipo rollo de papel trmico<\/td>\n<\/tr>\n<tr>\n<td>Ancho 3,12\u0094\/ 79,5 mm<\/td>\n<\/tr>\n<tr>\n<td>Dimetro del rollo mximo 3,27\u0094\/ 83 mm<\/td>\n<\/tr>\n<tr>\n<td>Dimetro del ncleo mnimo 0,71\u0094\/ 18 mm<\/td>\n<\/tr>\n<tr>\n<td>Cortadora automtica corte parcial predeterminado o corte<\/td>\n<\/tr>\n<tr>\n<td>Confiabilidad de la impresora 17 millones de lneas de impresin<\/td>\n<\/tr>\n<tr>\n<td>Promedio de ciclos antes de fallas 360.000 horas<\/td>\n<\/tr>\n<tr>\n<td>Ciclo medio antes de fallas 65.000.000 de lneas<\/td>\n<\/tr>\n<tr>\n<td>Confiabilidad de la cortadora automtica 2,2 millones de cortes<\/td>\n<\/tr>\n<tr>\n<td>Conectividad<\/td>\n<\/tr>\n<tr>\n<td>Usb, ethernet, wifi, bluetooth<\/td>\n<\/tr>\n<tr>\n<td>Sistemas operativos compatibles<\/td>\n<\/tr>\n<tr>\n<td>Sencilla funcin de configuracin fcil<\/td>\n<\/tr>\n<tr>\n<td>Sencillas herramientas de configuracin<\/td>\n<\/tr>\n<tr>\n<td>Ios, android, windows, mac os x,<\/td>\n<\/tr>\n<tr>\n<td>Gnu linux<\/td>\n<\/tr>\n<tr>\n<td>Nfc6 , simple ap solo modelo wi-fi<\/td>\n<\/tr>\n<tr>\n<td>Bluetooth<\/td>\n<\/tr>\n<tr>\n<td>Tm utility ios , android , tm-m30iii utility<\/td>\n<\/tr>\n<tr>\n<td>Windows, epsonnet config, conector tm bluetooth<\/td>\n<\/tr>\n<tr>\n<td>Dimensionesancho x prof. x altura 5 x 5 x 5 \u0093<\/td>\n<\/tr>\n<tr>\n<td>Peso 2,87 lb\/1.300 g<\/td>\n<\/tr>\n<tr>\n<td>Garanta limitada estndar de 2 aos<\/td>\n<\/tr>\n<tr>\n<td>Contenido de la caja<\/td>\n<\/tr>\n<tr>\n<td>Tm-m30iii, fuente de alimentacin ps-190 con cable de ca, rollo de papel de<\/td>\n<\/tr>\n<tr>\n<td>Inicio, gua de configuracin, gua para rollo de papel de 58 mm<\/td>\n<\/tr>\n<\/table>\n","protected":false},"excerpt":{"rendered":"<p>Elegante y compacta, ideal para la impresin de recibos mpos<\/p>\n","protected":false},"featured_media":0,"comment_status":"open","ping_status":"open","template":"","meta":[],"product_cat":[1777,1778],"product_tag":[1624],"acf":[],"yoast_head":"<!-- This site is optimized with the Yoast SEO plugin v21.7 - https:\/\/yoast.com\/wordpress\/plugins\/seo\/ -->\n<title>[ Epson ] &#129351; C31ck50052 Miniprinter Tm-m30iii, Termica, 80 Mm O 58 Mm, Ethernet, Usb, Wifi, Bluetooth, Autocortador, Negra<\/title>\n<meta name=\"description\" content=\"Compra C31ck50052 Miniprinter Tm-m30iii, Termica, 80 Mm O 58 Mm, Ethernet, Usb, Wifi, Bluetooth, Autocortador, Negra + Env\u00edo a domicilio + Pago seguro + Garant\u00eda\" \/>\n<meta name=\"robots\" content=\"index, follow, max-snippet:-1, max-image-preview:large, max-video-preview:-1\" \/>\n<link rel=\"canonical\" href=\"https:\/\/compuviper.mx\/tienda\/producto\/epson-c31ck50052-miniprinter-tm-m30iii-termica-80-mm-o-58-mm-ethernet-usb-wifi-bluetooth-autocortador-negra\/\" \/>\n<meta property=\"og:locale\" content=\"es_MX\" \/>\n<meta property=\"og:type\" content=\"article\" \/>\n<meta property=\"og:title\" content=\"[ Epson ] &#129351; C31ck50052 Miniprinter Tm-m30iii, Termica, 80 Mm O 58 Mm, Ethernet, Usb, Wifi, Bluetooth, Autocortador, Negra\" \/>\n<meta property=\"og:description\" content=\"Compra C31ck50052 Miniprinter Tm-m30iii, Termica, 80 Mm O 58 Mm, Ethernet, Usb, Wifi, Bluetooth, Autocortador, Negra + Env\u00edo a domicilio + Pago seguro + Garant\u00eda\" \/>\n<meta property=\"og:url\" content=\"https:\/\/compuviper.mx\/tienda\/producto\/epson-c31ck50052-miniprinter-tm-m30iii-termica-80-mm-o-58-mm-ethernet-usb-wifi-bluetooth-autocortador-negra\/\" \/>\n<meta property=\"og:site_name\" content=\"Compuviper\" \/>\n<meta property=\"article:publisher\" content=\"https:\/\/www.facebook.com\/compuviper\" \/>\n<meta property=\"article:modified_time\" content=\"2026-04-02T07:46:17+00:00\" \/>\n<meta name=\"twitter:card\" content=\"summary_large_image\" \/>\n<meta name=\"twitter:label1\" content=\"Precio\" \/>\n\t<meta name=\"twitter:data1\" content=\"&#36;4,725 con IVA\" \/>\n\t<meta name=\"twitter:label2\" content=\"Availability\" \/>\n\t<meta name=\"twitter:data2\" content=\"Out of stock\" \/>\n<script type=\"application\/ld+json\" class=\"yoast-schema-graph\">{\"@context\":\"https:\/\/schema.org\",\"@graph\":[{\"@type\":\"WebPage\",\"@id\":\"https:\/\/compuviper.mx\/tienda\/producto\/epson-c31ck50052-miniprinter-tm-m30iii-termica-80-mm-o-58-mm-ethernet-usb-wifi-bluetooth-autocortador-negra\/\",\"url\":\"https:\/\/compuviper.mx\/tienda\/producto\/epson-c31ck50052-miniprinter-tm-m30iii-termica-80-mm-o-58-mm-ethernet-usb-wifi-bluetooth-autocortador-negra\/\",\"name\":\"[ Epson ] &#129351; C31ck50052 Miniprinter Tm-m30iii, Termica, 80 Mm O 58 Mm, Ethernet, Usb, Wifi, Bluetooth, Autocortador, Negra\",\"isPartOf\":{\"@id\":\"https:\/\/compuviper.mx\/tienda\/#website\"},\"datePublished\":\"2026-04-02T07:46:16+00:00\",\"dateModified\":\"2026-04-02T07:46:17+00:00\",\"description\":\"Compra C31ck50052 Miniprinter Tm-m30iii, Termica, 80 Mm O 58 Mm, Ethernet, Usb, Wifi, Bluetooth, Autocortador, Negra + Env\u00edo a domicilio + Pago seguro + Garant\u00eda\",\"breadcrumb\":{\"@id\":\"https:\/\/compuviper.mx\/tienda\/producto\/epson-c31ck50052-miniprinter-tm-m30iii-termica-80-mm-o-58-mm-ethernet-usb-wifi-bluetooth-autocortador-negra\/#breadcrumb\"},\"inLanguage\":\"es-MX\",\"potentialAction\":[{\"@type\":\"ReadAction\",\"target\":[\"https:\/\/compuviper.mx\/tienda\/producto\/epson-c31ck50052-miniprinter-tm-m30iii-termica-80-mm-o-58-mm-ethernet-usb-wifi-bluetooth-autocortador-negra\/\"]}]},{\"@type\":\"BreadcrumbList\",\"@id\":\"https:\/\/compuviper.mx\/tienda\/producto\/epson-c31ck50052-miniprinter-tm-m30iii-termica-80-mm-o-58-mm-ethernet-usb-wifi-bluetooth-autocortador-negra\/#breadcrumb\",\"itemListElement\":[{\"@type\":\"ListItem\",\"position\":1,\"name\":\"Inicio\",\"item\":\"https:\/\/compuviper.mx\/tienda\/\"},{\"@type\":\"ListItem\",\"position\":2,\"name\":\"Productos\",\"item\":\"https:\/\/compuviper.mx\/tienda\/productos\/\"},{\"@type\":\"ListItem\",\"position\":3,\"name\":\"Impresoras\",\"item\":\"https:\/\/compuviper.mx\/tienda\/categoria-producto\/impresoras\/\"},{\"@type\":\"ListItem\",\"position\":4,\"name\":\"Punto De Venta\",\"item\":\"https:\/\/compuviper.mx\/tienda\/categoria-producto\/impresoras\/punto-de-venta-impresoras\/\"},{\"@type\":\"ListItem\",\"position\":5,\"name\":\"Epson C31ck50052 Miniprinter Tm-m30iii, Termica, 80 Mm O 58 Mm, Ethernet, Usb, Wifi, Bluetooth, Autocortador, Negra\"}]},{\"@type\":\"WebSite\",\"@id\":\"https:\/\/compuviper.mx\/tienda\/#website\",\"url\":\"https:\/\/compuviper.mx\/tienda\/\",\"name\":\"Compuviper\",\"description\":\"Proveedor de Computadoras, Laptops, Servidores, Monitores, Puntos de Venta, Teclados,   Impresoras, T\u00f3ner, C\u00e1maras de Seguridad y m\u00e1s en tu tienda en l\u00ednea\",\"publisher\":{\"@id\":\"https:\/\/compuviper.mx\/tienda\/#organization\"},\"potentialAction\":[{\"@type\":\"SearchAction\",\"target\":{\"@type\":\"EntryPoint\",\"urlTemplate\":\"https:\/\/compuviper.mx\/tienda\/?s={search_term_string}\"},\"query-input\":\"required name=search_term_string\"}],\"inLanguage\":\"es-MX\"},{\"@type\":\"Organization\",\"@id\":\"https:\/\/compuviper.mx\/tienda\/#organization\",\"name\":\"Compuviper\",\"url\":\"https:\/\/compuviper.mx\/tienda\/\",\"logo\":{\"@type\":\"ImageObject\",\"inLanguage\":\"es-MX\",\"@id\":\"https:\/\/compuviper.mx\/tienda\/#\/schema\/logo\/image\/\",\"url\":\"https:\/\/compuviper.mx\/tienda\/wp-content\/uploads\/2021\/08\/Logo-Compuviper-10.png\",\"contentUrl\":\"https:\/\/compuviper.mx\/tienda\/wp-content\/uploads\/2021\/08\/Logo-Compuviper-10.png\",\"width\":1000,\"height\":500,\"caption\":\"Compuviper\"},\"image\":{\"@id\":\"https:\/\/compuviper.mx\/tienda\/#\/schema\/logo\/image\/\"},\"sameAs\":[\"https:\/\/www.facebook.com\/compuviper\",\"https:\/\/www.youtube.com\/channel\/UCf73dERp9Y3cfOq7q8BhLjA?view_as=subscriber\"]}]}<\/script>\n<meta property=\"product:brand\" content=\"EPSON\" \/>\n<meta property=\"product:price:amount\" content=\"4725\" \/>\n<meta property=\"product:price:currency\" content=\"MXN\" \/>\n<meta property=\"og:availability\" content=\"out of stock\" \/>\n<meta property=\"product:availability\" content=\"out of stock\" \/>\n<meta property=\"product:retailer_item_id\" content=\"C31CK50052\" \/>\n<meta property=\"product:condition\" content=\"new\" \/>\n<!-- \/ Yoast SEO plugin. -->","yoast_head_json":{"title":"[ Epson ] &#129351; C31ck50052 Miniprinter Tm-m30iii, Termica, 80 Mm O 58 Mm, Ethernet, Usb, Wifi, Bluetooth, Autocortador, Negra","description":"Compra C31ck50052 Miniprinter Tm-m30iii, Termica, 80 Mm O 58 Mm, Ethernet, Usb, Wifi, Bluetooth, Autocortador, Negra + Env\u00edo a domicilio + Pago seguro + Garant\u00eda","robots":{"index":"index","follow":"follow","max-snippet":"max-snippet:-1","max-image-preview":"max-image-preview:large","max-video-preview":"max-video-preview:-1"},"canonical":"https:\/\/compuviper.mx\/tienda\/producto\/epson-c31ck50052-miniprinter-tm-m30iii-termica-80-mm-o-58-mm-ethernet-usb-wifi-bluetooth-autocortador-negra\/","og_locale":"es_MX","og_type":"article","og_title":"[ Epson ] &#129351; C31ck50052 Miniprinter Tm-m30iii, Termica, 80 Mm O 58 Mm, Ethernet, Usb, Wifi, Bluetooth, Autocortador, Negra","og_description":"Compra C31ck50052 Miniprinter Tm-m30iii, Termica, 80 Mm O 58 Mm, Ethernet, Usb, Wifi, Bluetooth, Autocortador, Negra + Env\u00edo a domicilio + Pago seguro + Garant\u00eda","og_url":"https:\/\/compuviper.mx\/tienda\/producto\/epson-c31ck50052-miniprinter-tm-m30iii-termica-80-mm-o-58-mm-ethernet-usb-wifi-bluetooth-autocortador-negra\/","og_site_name":"Compuviper","article_publisher":"https:\/\/www.facebook.com\/compuviper","article_modified_time":"2026-04-02T07:46:17+00:00","twitter_card":"summary_large_image","twitter_misc":{"Precio":"&#36;4,725 con IVA","Availability":"Out of stock"},"schema":{"@context":"https:\/\/schema.org","@graph":[{"@type":"WebPage","@id":"https:\/\/compuviper.mx\/tienda\/producto\/epson-c31ck50052-miniprinter-tm-m30iii-termica-80-mm-o-58-mm-ethernet-usb-wifi-bluetooth-autocortador-negra\/","url":"https:\/\/compuviper.mx\/tienda\/producto\/epson-c31ck50052-miniprinter-tm-m30iii-termica-80-mm-o-58-mm-ethernet-usb-wifi-bluetooth-autocortador-negra\/","name":"[ Epson ] &#129351; C31ck50052 Miniprinter Tm-m30iii, Termica, 80 Mm O 58 Mm, Ethernet, Usb, Wifi, Bluetooth, Autocortador, Negra","isPartOf":{"@id":"https:\/\/compuviper.mx\/tienda\/#website"},"datePublished":"2026-04-02T07:46:16+00:00","dateModified":"2026-04-02T07:46:17+00:00","description":"Compra C31ck50052 Miniprinter Tm-m30iii, Termica, 80 Mm O 58 Mm, Ethernet, Usb, Wifi, Bluetooth, Autocortador, Negra + Env\u00edo a domicilio + Pago seguro + Garant\u00eda","breadcrumb":{"@id":"https:\/\/compuviper.mx\/tienda\/producto\/epson-c31ck50052-miniprinter-tm-m30iii-termica-80-mm-o-58-mm-ethernet-usb-wifi-bluetooth-autocortador-negra\/#breadcrumb"},"inLanguage":"es-MX","potentialAction":[{"@type":"ReadAction","target":["https:\/\/compuviper.mx\/tienda\/producto\/epson-c31ck50052-miniprinter-tm-m30iii-termica-80-mm-o-58-mm-ethernet-usb-wifi-bluetooth-autocortador-negra\/"]}]},{"@type":"BreadcrumbList","@id":"https:\/\/compuviper.mx\/tienda\/producto\/epson-c31ck50052-miniprinter-tm-m30iii-termica-80-mm-o-58-mm-ethernet-usb-wifi-bluetooth-autocortador-negra\/#breadcrumb","itemListElement":[{"@type":"ListItem","position":1,"name":"Inicio","item":"https:\/\/compuviper.mx\/tienda\/"},{"@type":"ListItem","position":2,"name":"Productos","item":"https:\/\/compuviper.mx\/tienda\/productos\/"},{"@type":"ListItem","position":3,"name":"Impresoras","item":"https:\/\/compuviper.mx\/tienda\/categoria-producto\/impresoras\/"},{"@type":"ListItem","position":4,"name":"Punto De Venta","item":"https:\/\/compuviper.mx\/tienda\/categoria-producto\/impresoras\/punto-de-venta-impresoras\/"},{"@type":"ListItem","position":5,"name":"Epson C31ck50052 Miniprinter Tm-m30iii, Termica, 80 Mm O 58 Mm, Ethernet, Usb, Wifi, Bluetooth, Autocortador, Negra"}]},{"@type":"WebSite","@id":"https:\/\/compuviper.mx\/tienda\/#website","url":"https:\/\/compuviper.mx\/tienda\/","name":"Compuviper","description":"Proveedor de Computadoras, Laptops, Servidores, Monitores, Puntos de Venta, Teclados,   Impresoras, T\u00f3ner, C\u00e1maras de Seguridad y m\u00e1s en tu tienda en l\u00ednea","publisher":{"@id":"https:\/\/compuviper.mx\/tienda\/#organization"},"potentialAction":[{"@type":"SearchAction","target":{"@type":"EntryPoint","urlTemplate":"https:\/\/compuviper.mx\/tienda\/?s={search_term_string}"},"query-input":"required name=search_term_string"}],"inLanguage":"es-MX"},{"@type":"Organization","@id":"https:\/\/compuviper.mx\/tienda\/#organization","name":"Compuviper","url":"https:\/\/compuviper.mx\/tienda\/","logo":{"@type":"ImageObject","inLanguage":"es-MX","@id":"https:\/\/compuviper.mx\/tienda\/#\/schema\/logo\/image\/","url":"https:\/\/compuviper.mx\/tienda\/wp-content\/uploads\/2021\/08\/Logo-Compuviper-10.png","contentUrl":"https:\/\/compuviper.mx\/tienda\/wp-content\/uploads\/2021\/08\/Logo-Compuviper-10.png","width":1000,"height":500,"caption":"Compuviper"},"image":{"@id":"https:\/\/compuviper.mx\/tienda\/#\/schema\/logo\/image\/"},"sameAs":["https:\/\/www.facebook.com\/compuviper","https:\/\/www.youtube.com\/channel\/UCf73dERp9Y3cfOq7q8BhLjA?view_as=subscriber"]}]},"product_brand":"EPSON","product_price_amount":"4725","product_price_currency":"MXN","og_availability":"out of stock","product_availability":"out of stock","product_retailer_item_id":"C31CK50052","product_condition":"new"},"_links":{"self":[{"href":"https:\/\/compuviper.mx\/tienda\/wp-json\/wp\/v2\/product\/261756"}],"collection":[{"href":"https:\/\/compuviper.mx\/tienda\/wp-json\/wp\/v2\/product"}],"about":[{"href":"https:\/\/compuviper.mx\/tienda\/wp-json\/wp\/v2\/types\/product"}],"replies":[{"embeddable":true,"href":"https:\/\/compuviper.mx\/tienda\/wp-json\/wp\/v2\/comments?post=261756"}],"wp:attachment":[{"href":"https:\/\/compuviper.mx\/tienda\/wp-json\/wp\/v2\/media?parent=261756"}],"wp:term":[{"taxonomy":"product_cat","embeddable":true,"href":"https:\/\/compuviper.mx\/tienda\/wp-json\/wp\/v2\/product_cat?post=261756"},{"taxonomy":"product_tag","embeddable":true,"href":"https:\/\/compuviper.mx\/tienda\/wp-json\/wp\/v2\/product_tag?post=261756"}],"curies":[{"name":"wp","href":"https:\/\/api.w.org\/{rel}","templated":true}]}}