{"id":261754,"date":"2026-04-02T01:43:22","date_gmt":"2026-04-02T07:43:22","guid":{"rendered":"https:\/\/compuviper.mx\/tienda\/producto\/dataproducts-288340652-impresora-matriz-de-punto-dascom-modelo-2610-24-agujas-110-columnas-256-kb-360-x-360-dpi-interfase-usb-ethernet-y-paralelo-bidireccional\/"},"modified":"2026-04-02T01:43:22","modified_gmt":"2026-04-02T07:43:22","slug":"dataproducts-288340652-impresora-dascom-2610-matriz-de-punto-24-agujas-110-columnas-256-kb-360-x-360-dpi-interfase-usb-ethernet-y-paralelo-bidireccional","status":"publish","type":"product","link":"https:\/\/compuviper.mx\/tienda\/producto\/dataproducts-288340652-impresora-dascom-2610-matriz-de-punto-24-agujas-110-columnas-256-kb-360-x-360-dpi-interfase-usb-ethernet-y-paralelo-bidireccional\/","title":{"rendered":"Dataproducts 288340652 Impresora Dascom 2610+, Matriz De Punto, 24 Agujas, 110 Columnas, 256 Kb, 360 X 360 Dpi, Interfase Usb, Ethernet Y Paralelo Bidireccional"},"content":{"rendered":"<table class=\"descripcion\">\n<tr>\n<td>Impresora matriz de punto modelo 2610<\/td>\n<\/tr>\n<tr>\n<td> velocidad de impresin: 683 cps<\/td>\n<\/tr>\n<tr>\n<td> vida del cabezal de impresin: 500 millones de impactos por pin<\/td>\n<\/tr>\n<tr>\n<td> resolucin: 360 x 360 ppp<\/td>\n<\/tr>\n<tr>\n<td> memoria: 256 kb<\/td>\n<\/tr>\n<tr>\n<td> rendimiento: ecma 132 457 pginas por hora<\/td>\n<\/tr>\n<tr>\n<td> conectividad estndar: paralelo bi-direccional ieee 1284 ethernet 10\/100 base t, ipv6 y usb 2.0<\/td>\n<\/tr>\n<tr>\n<td> conectividad opcional: rs-232 serial no viene incluida en el equipo se vende por separado<\/td>\n<\/tr>\n<tr>\n<td> emulaciones: ibm proprinter xl24, epson esc p \/ 2, mtpl  cdigo de barras  lcp, emulacin de epson fx 9 agujas<\/td>\n<\/tr>\n<tr>\n<td> fuentes: hs draft, draft, courier, roman, sans serif, prestige, script, ocr-a \/ b.14 cdigos de barras e impresin de caracteres grandes<\/td>\n<\/tr>\n<tr>\n<td> manejo de papel estndar: tractor de empuje frontal o posterior o halado superior, papel continuo con recorrido recto,<\/td>\n<\/tr>\n<tr>\n<td>                                                     insercin frontal de hoja suelta, rasgado o entrega frontal<\/td>\n<\/tr>\n<tr>\n<td> nmero de copias: 1 original  5 copias<\/td>\n<\/tr>\n<tr>\n<td> tipo de papel: hojas sueltas, formularios continuos, formularios de varias partes<\/td>\n<\/tr>\n<tr>\n<td> peso de papel: 60 &#8211; 120 g \/ m\u00b2<\/td>\n<\/tr>\n<tr>\n<td> voltaje: 120 v o 240 v auto seleccin<\/td>\n<\/tr>\n<tr>\n<td> carga de trabajo:                      20,000 pginas por mes<\/td>\n<\/tr>\n<tr>\n<td> fiabilidad mtbf:                      20,000 horas<\/td>\n<\/tr>\n<tr>\n<td> drivers:                                     windows 7\/8\/10 y server 2008\/2012 32\/64 bit sap<\/td>\n<\/tr>\n<\/table>\n","protected":false},"excerpt":{"rendered":"<p>La tally dascom 2610 es la variante mejorada de la ya exitosa tally dascom 2610. Haga su trabajo un 20 mas rapido y silenciosamente. Gracias al nuevo diseo del cabezal de impresion. La nueva cubierta superior permite que las paginas impresas sean retiradas facilmente al terminar la impresion, y sus multiples vias de papel se adaptan al entorno de su oficina.<\/p>\n","protected":false},"featured_media":261755,"comment_status":"open","ping_status":"open","template":"","meta":[],"product_cat":[1777,1779],"product_tag":[1647],"acf":[],"yoast_head":"<!-- This site is optimized with the Yoast SEO plugin v21.7 - https:\/\/yoast.com\/wordpress\/plugins\/seo\/ -->\n<title>[ Dataproducts ] &#129351; 288340652 Impresora Dascom 2610+, Matriz De Punto, 24 Agujas, 110 Columnas, 256 Kb, 360 X 360 Dpi, Interfase Usb, Ethernet Y Paralelo Bidireccional<\/title>\n<meta name=\"description\" content=\"Compra 288340652 Impresora Dascom 2610+, Matriz De Punto, 24 Agujas, 110 Columnas, 256 Kb, 360 X 360 Dpi, Interfase Usb, Ethernet Y Paralelo Bidireccional + Env\u00edo a domicilio + Pago seguro + Garant\u00eda\" \/>\n<meta name=\"robots\" content=\"index, follow, max-snippet:-1, max-image-preview:large, max-video-preview:-1\" \/>\n<link rel=\"canonical\" href=\"https:\/\/compuviper.mx\/tienda\/producto\/dataproducts-288340652-impresora-dascom-2610-matriz-de-punto-24-agujas-110-columnas-256-kb-360-x-360-dpi-interfase-usb-ethernet-y-paralelo-bidireccional\/\" \/>\n<meta property=\"og:locale\" content=\"es_MX\" \/>\n<meta property=\"og:type\" content=\"article\" \/>\n<meta property=\"og:title\" content=\"[ Dataproducts ] &#129351; 288340652 Impresora Dascom 2610+, Matriz De Punto, 24 Agujas, 110 Columnas, 256 Kb, 360 X 360 Dpi, Interfase Usb, Ethernet Y Paralelo Bidireccional\" \/>\n<meta property=\"og:description\" content=\"Compra 288340652 Impresora Dascom 2610+, Matriz De Punto, 24 Agujas, 110 Columnas, 256 Kb, 360 X 360 Dpi, Interfase Usb, Ethernet Y Paralelo Bidireccional + Env\u00edo a domicilio + Pago seguro + Garant\u00eda\" \/>\n<meta property=\"og:url\" content=\"https:\/\/compuviper.mx\/tienda\/producto\/dataproducts-288340652-impresora-dascom-2610-matriz-de-punto-24-agujas-110-columnas-256-kb-360-x-360-dpi-interfase-usb-ethernet-y-paralelo-bidireccional\/\" \/>\n<meta property=\"og:site_name\" content=\"Compuviper\" \/>\n<meta property=\"article:publisher\" content=\"https:\/\/www.facebook.com\/compuviper\" \/>\n<meta property=\"og:image\" content=\"https:\/\/compuviper.mx\/tienda\/wp-content\/uploads\/2025\/10\/Impresora-matriz-de-punto-dascom-modelo-2610-24-agujas-110-columnas-256-kb-360-x-360-dpi-interfase-usb-ethernet-y-paralelo-bidireccional.jpg\" \/>\n\t<meta property=\"og:image:width\" content=\"200\" \/>\n\t<meta property=\"og:image:height\" content=\"200\" \/>\n\t<meta property=\"og:image:type\" content=\"image\/jpeg\" \/>\n<meta name=\"twitter:card\" content=\"summary_large_image\" \/>\n<meta name=\"twitter:label1\" content=\"Precio\" \/>\n\t<meta name=\"twitter:data1\" content=\"&#36;20,666 con IVA\" \/>\n\t<meta name=\"twitter:label2\" content=\"Availability\" \/>\n\t<meta name=\"twitter:data2\" content=\"On backorder\" \/>\n<script type=\"application\/ld+json\" class=\"yoast-schema-graph\">{\"@context\":\"https:\/\/schema.org\",\"@graph\":[{\"@type\":\"WebPage\",\"@id\":\"https:\/\/compuviper.mx\/tienda\/producto\/dataproducts-288340652-impresora-dascom-2610-matriz-de-punto-24-agujas-110-columnas-256-kb-360-x-360-dpi-interfase-usb-ethernet-y-paralelo-bidireccional\/\",\"url\":\"https:\/\/compuviper.mx\/tienda\/producto\/dataproducts-288340652-impresora-dascom-2610-matriz-de-punto-24-agujas-110-columnas-256-kb-360-x-360-dpi-interfase-usb-ethernet-y-paralelo-bidireccional\/\",\"name\":\"[ Dataproducts ] &#129351; 288340652 Impresora Dascom 2610+, Matriz De Punto, 24 Agujas, 110 Columnas, 256 Kb, 360 X 360 Dpi, Interfase Usb, Ethernet Y Paralelo Bidireccional\",\"isPartOf\":{\"@id\":\"https:\/\/compuviper.mx\/tienda\/#website\"},\"datePublished\":\"2026-04-02T07:43:22+00:00\",\"dateModified\":\"2026-04-02T07:43:22+00:00\",\"description\":\"Compra 288340652 Impresora Dascom 2610+, Matriz De Punto, 24 Agujas, 110 Columnas, 256 Kb, 360 X 360 Dpi, Interfase Usb, Ethernet Y Paralelo Bidireccional + Env\u00edo a domicilio + Pago seguro + Garant\u00eda\",\"breadcrumb\":{\"@id\":\"https:\/\/compuviper.mx\/tienda\/producto\/dataproducts-288340652-impresora-dascom-2610-matriz-de-punto-24-agujas-110-columnas-256-kb-360-x-360-dpi-interfase-usb-ethernet-y-paralelo-bidireccional\/#breadcrumb\"},\"inLanguage\":\"es-MX\",\"potentialAction\":[{\"@type\":\"ReadAction\",\"target\":[\"https:\/\/compuviper.mx\/tienda\/producto\/dataproducts-288340652-impresora-dascom-2610-matriz-de-punto-24-agujas-110-columnas-256-kb-360-x-360-dpi-interfase-usb-ethernet-y-paralelo-bidireccional\/\"]}]},{\"@type\":\"BreadcrumbList\",\"@id\":\"https:\/\/compuviper.mx\/tienda\/producto\/dataproducts-288340652-impresora-dascom-2610-matriz-de-punto-24-agujas-110-columnas-256-kb-360-x-360-dpi-interfase-usb-ethernet-y-paralelo-bidireccional\/#breadcrumb\",\"itemListElement\":[{\"@type\":\"ListItem\",\"position\":1,\"name\":\"Inicio\",\"item\":\"https:\/\/compuviper.mx\/tienda\/\"},{\"@type\":\"ListItem\",\"position\":2,\"name\":\"Productos\",\"item\":\"https:\/\/compuviper.mx\/tienda\/productos\/\"},{\"@type\":\"ListItem\",\"position\":3,\"name\":\"Impresoras\",\"item\":\"https:\/\/compuviper.mx\/tienda\/categoria-producto\/impresoras\/\"},{\"@type\":\"ListItem\",\"position\":4,\"name\":\"Matriz De Punto\",\"item\":\"https:\/\/compuviper.mx\/tienda\/categoria-producto\/impresoras\/matriz-de-punto\/\"},{\"@type\":\"ListItem\",\"position\":5,\"name\":\"Dataproducts 288340652 Impresora Dascom 2610+, Matriz De Punto, 24 Agujas, 110 Columnas, 256 Kb, 360 X 360 Dpi, Interfase Usb, Ethernet Y Paralelo Bidireccional\"}]},{\"@type\":\"WebSite\",\"@id\":\"https:\/\/compuviper.mx\/tienda\/#website\",\"url\":\"https:\/\/compuviper.mx\/tienda\/\",\"name\":\"Compuviper\",\"description\":\"Proveedor de Computadoras, Laptops, Servidores, Monitores, Puntos de Venta, Teclados,   Impresoras, T\u00f3ner, C\u00e1maras de Seguridad y m\u00e1s en tu tienda en l\u00ednea\",\"publisher\":{\"@id\":\"https:\/\/compuviper.mx\/tienda\/#organization\"},\"potentialAction\":[{\"@type\":\"SearchAction\",\"target\":{\"@type\":\"EntryPoint\",\"urlTemplate\":\"https:\/\/compuviper.mx\/tienda\/?s={search_term_string}\"},\"query-input\":\"required name=search_term_string\"}],\"inLanguage\":\"es-MX\"},{\"@type\":\"Organization\",\"@id\":\"https:\/\/compuviper.mx\/tienda\/#organization\",\"name\":\"Compuviper\",\"url\":\"https:\/\/compuviper.mx\/tienda\/\",\"logo\":{\"@type\":\"ImageObject\",\"inLanguage\":\"es-MX\",\"@id\":\"https:\/\/compuviper.mx\/tienda\/#\/schema\/logo\/image\/\",\"url\":\"https:\/\/compuviper.mx\/tienda\/wp-content\/uploads\/2021\/08\/Logo-Compuviper-10.png\",\"contentUrl\":\"https:\/\/compuviper.mx\/tienda\/wp-content\/uploads\/2021\/08\/Logo-Compuviper-10.png\",\"width\":1000,\"height\":500,\"caption\":\"Compuviper\"},\"image\":{\"@id\":\"https:\/\/compuviper.mx\/tienda\/#\/schema\/logo\/image\/\"},\"sameAs\":[\"https:\/\/www.facebook.com\/compuviper\",\"https:\/\/www.youtube.com\/channel\/UCf73dERp9Y3cfOq7q8BhLjA?view_as=subscriber\"]}]}<\/script>\n<meta property=\"product:brand\" content=\"DATAPRODUCTS\" \/>\n<meta property=\"product:price:amount\" content=\"20666\" \/>\n<meta property=\"product:price:currency\" content=\"MXN\" \/>\n<meta property=\"og:availability\" content=\"backorder\" \/>\n<meta property=\"product:availability\" content=\"available for order\" \/>\n<meta property=\"product:retailer_item_id\" content=\"288340652\" \/>\n<meta property=\"product:condition\" content=\"new\" \/>\n<!-- \/ Yoast SEO plugin. -->","yoast_head_json":{"title":"[ Dataproducts ] &#129351; 288340652 Impresora Dascom 2610+, Matriz De Punto, 24 Agujas, 110 Columnas, 256 Kb, 360 X 360 Dpi, Interfase Usb, Ethernet Y Paralelo Bidireccional","description":"Compra 288340652 Impresora Dascom 2610+, Matriz De Punto, 24 Agujas, 110 Columnas, 256 Kb, 360 X 360 Dpi, Interfase Usb, Ethernet Y Paralelo Bidireccional + Env\u00edo a domicilio + Pago seguro + Garant\u00eda","robots":{"index":"index","follow":"follow","max-snippet":"max-snippet:-1","max-image-preview":"max-image-preview:large","max-video-preview":"max-video-preview:-1"},"canonical":"https:\/\/compuviper.mx\/tienda\/producto\/dataproducts-288340652-impresora-dascom-2610-matriz-de-punto-24-agujas-110-columnas-256-kb-360-x-360-dpi-interfase-usb-ethernet-y-paralelo-bidireccional\/","og_locale":"es_MX","og_type":"article","og_title":"[ Dataproducts ] &#129351; 288340652 Impresora Dascom 2610+, Matriz De Punto, 24 Agujas, 110 Columnas, 256 Kb, 360 X 360 Dpi, Interfase Usb, Ethernet Y Paralelo Bidireccional","og_description":"Compra 288340652 Impresora Dascom 2610+, Matriz De Punto, 24 Agujas, 110 Columnas, 256 Kb, 360 X 360 Dpi, Interfase Usb, Ethernet Y Paralelo Bidireccional + Env\u00edo a domicilio + Pago seguro + Garant\u00eda","og_url":"https:\/\/compuviper.mx\/tienda\/producto\/dataproducts-288340652-impresora-dascom-2610-matriz-de-punto-24-agujas-110-columnas-256-kb-360-x-360-dpi-interfase-usb-ethernet-y-paralelo-bidireccional\/","og_site_name":"Compuviper","article_publisher":"https:\/\/www.facebook.com\/compuviper","og_image":[{"width":200,"height":200,"url":"https:\/\/compuviper.mx\/tienda\/wp-content\/uploads\/2025\/10\/Impresora-matriz-de-punto-dascom-modelo-2610-24-agujas-110-columnas-256-kb-360-x-360-dpi-interfase-usb-ethernet-y-paralelo-bidireccional.jpg","type":"image\/jpeg"}],"twitter_card":"summary_large_image","twitter_misc":{"Precio":"&#36;20,666 con IVA","Availability":"On backorder"},"schema":{"@context":"https:\/\/schema.org","@graph":[{"@type":"WebPage","@id":"https:\/\/compuviper.mx\/tienda\/producto\/dataproducts-288340652-impresora-dascom-2610-matriz-de-punto-24-agujas-110-columnas-256-kb-360-x-360-dpi-interfase-usb-ethernet-y-paralelo-bidireccional\/","url":"https:\/\/compuviper.mx\/tienda\/producto\/dataproducts-288340652-impresora-dascom-2610-matriz-de-punto-24-agujas-110-columnas-256-kb-360-x-360-dpi-interfase-usb-ethernet-y-paralelo-bidireccional\/","name":"[ Dataproducts ] &#129351; 288340652 Impresora Dascom 2610+, Matriz De Punto, 24 Agujas, 110 Columnas, 256 Kb, 360 X 360 Dpi, Interfase Usb, Ethernet Y Paralelo Bidireccional","isPartOf":{"@id":"https:\/\/compuviper.mx\/tienda\/#website"},"datePublished":"2026-04-02T07:43:22+00:00","dateModified":"2026-04-02T07:43:22+00:00","description":"Compra 288340652 Impresora Dascom 2610+, Matriz De Punto, 24 Agujas, 110 Columnas, 256 Kb, 360 X 360 Dpi, Interfase Usb, Ethernet Y Paralelo Bidireccional + Env\u00edo a domicilio + Pago seguro + Garant\u00eda","breadcrumb":{"@id":"https:\/\/compuviper.mx\/tienda\/producto\/dataproducts-288340652-impresora-dascom-2610-matriz-de-punto-24-agujas-110-columnas-256-kb-360-x-360-dpi-interfase-usb-ethernet-y-paralelo-bidireccional\/#breadcrumb"},"inLanguage":"es-MX","potentialAction":[{"@type":"ReadAction","target":["https:\/\/compuviper.mx\/tienda\/producto\/dataproducts-288340652-impresora-dascom-2610-matriz-de-punto-24-agujas-110-columnas-256-kb-360-x-360-dpi-interfase-usb-ethernet-y-paralelo-bidireccional\/"]}]},{"@type":"BreadcrumbList","@id":"https:\/\/compuviper.mx\/tienda\/producto\/dataproducts-288340652-impresora-dascom-2610-matriz-de-punto-24-agujas-110-columnas-256-kb-360-x-360-dpi-interfase-usb-ethernet-y-paralelo-bidireccional\/#breadcrumb","itemListElement":[{"@type":"ListItem","position":1,"name":"Inicio","item":"https:\/\/compuviper.mx\/tienda\/"},{"@type":"ListItem","position":2,"name":"Productos","item":"https:\/\/compuviper.mx\/tienda\/productos\/"},{"@type":"ListItem","position":3,"name":"Impresoras","item":"https:\/\/compuviper.mx\/tienda\/categoria-producto\/impresoras\/"},{"@type":"ListItem","position":4,"name":"Matriz De Punto","item":"https:\/\/compuviper.mx\/tienda\/categoria-producto\/impresoras\/matriz-de-punto\/"},{"@type":"ListItem","position":5,"name":"Dataproducts 288340652 Impresora Dascom 2610+, Matriz De Punto, 24 Agujas, 110 Columnas, 256 Kb, 360 X 360 Dpi, Interfase Usb, Ethernet Y Paralelo Bidireccional"}]},{"@type":"WebSite","@id":"https:\/\/compuviper.mx\/tienda\/#website","url":"https:\/\/compuviper.mx\/tienda\/","name":"Compuviper","description":"Proveedor de Computadoras, Laptops, Servidores, Monitores, Puntos de Venta, Teclados,   Impresoras, T\u00f3ner, C\u00e1maras de Seguridad y m\u00e1s en tu tienda en l\u00ednea","publisher":{"@id":"https:\/\/compuviper.mx\/tienda\/#organization"},"potentialAction":[{"@type":"SearchAction","target":{"@type":"EntryPoint","urlTemplate":"https:\/\/compuviper.mx\/tienda\/?s={search_term_string}"},"query-input":"required name=search_term_string"}],"inLanguage":"es-MX"},{"@type":"Organization","@id":"https:\/\/compuviper.mx\/tienda\/#organization","name":"Compuviper","url":"https:\/\/compuviper.mx\/tienda\/","logo":{"@type":"ImageObject","inLanguage":"es-MX","@id":"https:\/\/compuviper.mx\/tienda\/#\/schema\/logo\/image\/","url":"https:\/\/compuviper.mx\/tienda\/wp-content\/uploads\/2021\/08\/Logo-Compuviper-10.png","contentUrl":"https:\/\/compuviper.mx\/tienda\/wp-content\/uploads\/2021\/08\/Logo-Compuviper-10.png","width":1000,"height":500,"caption":"Compuviper"},"image":{"@id":"https:\/\/compuviper.mx\/tienda\/#\/schema\/logo\/image\/"},"sameAs":["https:\/\/www.facebook.com\/compuviper","https:\/\/www.youtube.com\/channel\/UCf73dERp9Y3cfOq7q8BhLjA?view_as=subscriber"]}]},"product_brand":"DATAPRODUCTS","product_price_amount":"20666","product_price_currency":"MXN","og_availability":"backorder","product_availability":"available for order","product_retailer_item_id":"288340652","product_condition":"new"},"_links":{"self":[{"href":"https:\/\/compuviper.mx\/tienda\/wp-json\/wp\/v2\/product\/261754"}],"collection":[{"href":"https:\/\/compuviper.mx\/tienda\/wp-json\/wp\/v2\/product"}],"about":[{"href":"https:\/\/compuviper.mx\/tienda\/wp-json\/wp\/v2\/types\/product"}],"replies":[{"embeddable":true,"href":"https:\/\/compuviper.mx\/tienda\/wp-json\/wp\/v2\/comments?post=261754"}],"wp:featuredmedia":[{"embeddable":true,"href":"https:\/\/compuviper.mx\/tienda\/wp-json\/wp\/v2\/media\/261755"}],"wp:attachment":[{"href":"https:\/\/compuviper.mx\/tienda\/wp-json\/wp\/v2\/media?parent=261754"}],"wp:term":[{"taxonomy":"product_cat","embeddable":true,"href":"https:\/\/compuviper.mx\/tienda\/wp-json\/wp\/v2\/product_cat?post=261754"},{"taxonomy":"product_tag","embeddable":true,"href":"https:\/\/compuviper.mx\/tienda\/wp-json\/wp\/v2\/product_tag?post=261754"}],"curies":[{"name":"wp","href":"https:\/\/api.w.org\/{rel}","templated":true}]}}