{"id":261750,"date":"2026-04-25T01:09:58","date_gmt":"2026-04-25T07:09:58","guid":{"rendered":"https:\/\/compuviper.mx\/tienda\/producto\/asus-h7606wm-me016x-laptop-proart-p16-amd-ryzen-ai9-32gb-1tb-m-2-ssd-16-0-pulgadas-windows-11-pro-color-nano-black-touch-screen-1-ao-de-garanta\/"},"modified":"2026-04-25T01:09:58","modified_gmt":"2026-04-25T07:09:58","slug":"asus-h7606wm-me016x-laptop-proart-p16-amd-ryzen-ai9-32gb-1tb-m-2-ssd-16-0-pulgadas-windows-11-pro-color-nano-black-touch-screen-1-ao-de-garanta","status":"publish","type":"product","link":"https:\/\/compuviper.mx\/tienda\/producto\/asus-h7606wm-me016x-laptop-proart-p16-amd-ryzen-ai9-32gb-1tb-m-2-ssd-16-0-pulgadas-windows-11-pro-color-nano-black-touch-screen-1-ao-de-garanta\/","title":{"rendered":"Asus H7606wm-me016x Laptop  Proart P16, Amd Ryzen Ai9, 32gb, 1tb M.2 Ssd, 16.0 Pulgadas, Windows 11 Pro, Color Nano Black, Touch Screen, 1 A?o De Garanta."},"content":{"rendered":"<table class=\"descripcion\">\n<tr>\n<td>Cod fabricante: h7606wm-me016x num parte: 90nb15l1-m002n0 procesador: amd ryzen\u0099 ai 9 hx 370 processor 2.0ghz 36mb cache, up to 5.1ghz, 12 cores, 24 threads igpu: amd radeon 890m graphics diseo: 16.0-inch 4k 3840 x 2400 oled 16:10 aspect ratio<\/td>\n<\/tr>\n<tr>\n<td>Memoria ram: 32gb lpddr5x almacenamiento: 1tb m.2 nvme pcie 4.0 ssd peso: 1.85 kg 4.08 lbs dimensiones del equipo: 35.49 x 24.69 x 1.49 ~ 1.73 cm 13.97 x 9.72 x 0.59 ~ 0.68 color: nano black sistema operativo: windows 11 pro garantia de 1 ao, directamente con marca<\/td>\n<\/tr>\n<\/table>\n","protected":false},"excerpt":{"rendered":"<p>Da rienda suelta a tu potencial creativo con proart p16, el port\u00e1til creador definitivo diseado para el estudio y la produccin sobre la marcha. Impulsado por el procesador amd ryzen\u0099 ai 9 hx 370 con una npu de 50 tops y hasta la gpu geforce rtx 5090 laptop, ofrece un rendimiento inigualable para flujos de trabajo exigentes. La pantalla asus lumina pro oled ofrece una precisin crom\u00e1tica asombrosa, claridad visual, movimiento fluido y cuidado ocular para disfrutar de unas im\u00e1genes excepcionales. Con las funciones copilot pc, la aceleracin de ia nvidia\u00ae rtx y herramientas de ia exclusivas de asus como storycube y musetree, proart p16 te permite crear de forma m\u00e1s inteligente, r\u00e1pida e intuitiva que nunca.<\/p>\n","protected":false},"featured_media":0,"comment_status":"open","ping_status":"open","template":"","meta":[],"product_cat":[1886,1889],"product_tag":[1729],"acf":[],"yoast_head":"<!-- This site is optimized with the Yoast SEO plugin v21.7 - https:\/\/yoast.com\/wordpress\/plugins\/seo\/ -->\n<title>[ Asus ] &#129351; H7606wm-me016x Laptop Proart P16, Amd Ryzen Ai9, 32gb, 1tb M.2 Ssd, 16.0 Pulgadas, Windows 11 Pro, Color Nano Black, Touch Screen, 1 A\u00f1o De Garanta.<\/title>\n<meta name=\"description\" content=\"Compra H7606wm-me016x Laptop Proart P16, Amd Ryzen Ai9, 32gb, 1tb M.2 Ssd, 16.0 Pulgadas, Windows 11 Pro, Color Nano Black, Touch Screen, 1 A\u00f1o De Garanta. + Env\u00edo a domicilio + Pago seguro + Garant\u00eda\" \/>\n<meta name=\"robots\" content=\"index, follow, max-snippet:-1, max-image-preview:large, max-video-preview:-1\" \/>\n<link rel=\"canonical\" href=\"https:\/\/compuviper.mx\/tienda\/producto\/asus-h7606wm-me016x-laptop-proart-p16-amd-ryzen-ai9-32gb-1tb-m-2-ssd-16-0-pulgadas-windows-11-pro-color-nano-black-touch-screen-1-ao-de-garanta\/\" \/>\n<meta property=\"og:locale\" content=\"es_MX\" \/>\n<meta property=\"og:type\" content=\"article\" \/>\n<meta property=\"og:title\" content=\"[ Asus ] &#129351; H7606wm-me016x Laptop Proart P16, Amd Ryzen Ai9, 32gb, 1tb M.2 Ssd, 16.0 Pulgadas, Windows 11 Pro, Color Nano Black, Touch Screen, 1 A\u00f1o De Garanta.\" \/>\n<meta property=\"og:description\" content=\"Compra H7606wm-me016x Laptop Proart P16, Amd Ryzen Ai9, 32gb, 1tb M.2 Ssd, 16.0 Pulgadas, Windows 11 Pro, Color Nano Black, Touch Screen, 1 A\u00f1o De Garanta. + Env\u00edo a domicilio + Pago seguro + Garant\u00eda\" \/>\n<meta property=\"og:url\" content=\"https:\/\/compuviper.mx\/tienda\/producto\/asus-h7606wm-me016x-laptop-proart-p16-amd-ryzen-ai9-32gb-1tb-m-2-ssd-16-0-pulgadas-windows-11-pro-color-nano-black-touch-screen-1-ao-de-garanta\/\" \/>\n<meta property=\"og:site_name\" content=\"Compuviper\" \/>\n<meta property=\"article:publisher\" content=\"https:\/\/www.facebook.com\/compuviper\" \/>\n<meta name=\"twitter:card\" content=\"summary_large_image\" \/>\n<meta name=\"twitter:label1\" content=\"Precio\" \/>\n\t<meta name=\"twitter:data1\" content=\"&#36;49,074 &#36;43,774 con IVA\" \/>\n\t<meta name=\"twitter:label2\" content=\"Availability\" \/>\n\t<meta name=\"twitter:data2\" content=\"Out of stock\" \/>\n<script type=\"application\/ld+json\" class=\"yoast-schema-graph\">{\"@context\":\"https:\/\/schema.org\",\"@graph\":[{\"@type\":\"WebPage\",\"@id\":\"https:\/\/compuviper.mx\/tienda\/producto\/asus-h7606wm-me016x-laptop-proart-p16-amd-ryzen-ai9-32gb-1tb-m-2-ssd-16-0-pulgadas-windows-11-pro-color-nano-black-touch-screen-1-ao-de-garanta\/\",\"url\":\"https:\/\/compuviper.mx\/tienda\/producto\/asus-h7606wm-me016x-laptop-proart-p16-amd-ryzen-ai9-32gb-1tb-m-2-ssd-16-0-pulgadas-windows-11-pro-color-nano-black-touch-screen-1-ao-de-garanta\/\",\"name\":\"[ Asus ] &#129351; H7606wm-me016x Laptop Proart P16, Amd Ryzen Ai9, 32gb, 1tb M.2 Ssd, 16.0 Pulgadas, Windows 11 Pro, Color Nano Black, Touch Screen, 1 A\u00f1o De Garanta.\",\"isPartOf\":{\"@id\":\"https:\/\/compuviper.mx\/tienda\/#website\"},\"datePublished\":\"2026-04-25T07:09:58+00:00\",\"dateModified\":\"2026-04-25T07:09:58+00:00\",\"description\":\"Compra H7606wm-me016x Laptop Proart P16, Amd Ryzen Ai9, 32gb, 1tb M.2 Ssd, 16.0 Pulgadas, Windows 11 Pro, Color Nano Black, Touch Screen, 1 A\u00f1o De Garanta. + Env\u00edo a domicilio + Pago seguro + Garant\u00eda\",\"breadcrumb\":{\"@id\":\"https:\/\/compuviper.mx\/tienda\/producto\/asus-h7606wm-me016x-laptop-proart-p16-amd-ryzen-ai9-32gb-1tb-m-2-ssd-16-0-pulgadas-windows-11-pro-color-nano-black-touch-screen-1-ao-de-garanta\/#breadcrumb\"},\"inLanguage\":\"es-MX\",\"potentialAction\":[{\"@type\":\"ReadAction\",\"target\":[\"https:\/\/compuviper.mx\/tienda\/producto\/asus-h7606wm-me016x-laptop-proart-p16-amd-ryzen-ai9-32gb-1tb-m-2-ssd-16-0-pulgadas-windows-11-pro-color-nano-black-touch-screen-1-ao-de-garanta\/\"]}]},{\"@type\":\"BreadcrumbList\",\"@id\":\"https:\/\/compuviper.mx\/tienda\/producto\/asus-h7606wm-me016x-laptop-proart-p16-amd-ryzen-ai9-32gb-1tb-m-2-ssd-16-0-pulgadas-windows-11-pro-color-nano-black-touch-screen-1-ao-de-garanta\/#breadcrumb\",\"itemListElement\":[{\"@type\":\"ListItem\",\"position\":1,\"name\":\"Inicio\",\"item\":\"https:\/\/compuviper.mx\/tienda\/\"},{\"@type\":\"ListItem\",\"position\":2,\"name\":\"Productos\",\"item\":\"https:\/\/compuviper.mx\/tienda\/productos\/\"},{\"@type\":\"ListItem\",\"position\":3,\"name\":\"Laptops\",\"item\":\"https:\/\/compuviper.mx\/tienda\/categoria-producto\/laptops\/\"},{\"@type\":\"ListItem\",\"position\":4,\"name\":\"Workstation\",\"item\":\"https:\/\/compuviper.mx\/tienda\/categoria-producto\/laptops\/workstation-laptops\/\"},{\"@type\":\"ListItem\",\"position\":5,\"name\":\"Asus H7606wm-me016x Laptop Proart P16, Amd Ryzen Ai9, 32gb, 1tb M.2 Ssd, 16.0 Pulgadas, Windows 11 Pro, Color Nano Black, Touch Screen, 1 A?o De Garanta.\"}]},{\"@type\":\"WebSite\",\"@id\":\"https:\/\/compuviper.mx\/tienda\/#website\",\"url\":\"https:\/\/compuviper.mx\/tienda\/\",\"name\":\"Compuviper\",\"description\":\"Proveedor de Computadoras, Laptops, Servidores, Monitores, Puntos de Venta, Teclados,   Impresoras, T\u00f3ner, C\u00e1maras de Seguridad y m\u00e1s en tu tienda en l\u00ednea\",\"publisher\":{\"@id\":\"https:\/\/compuviper.mx\/tienda\/#organization\"},\"potentialAction\":[{\"@type\":\"SearchAction\",\"target\":{\"@type\":\"EntryPoint\",\"urlTemplate\":\"https:\/\/compuviper.mx\/tienda\/?s={search_term_string}\"},\"query-input\":\"required name=search_term_string\"}],\"inLanguage\":\"es-MX\"},{\"@type\":\"Organization\",\"@id\":\"https:\/\/compuviper.mx\/tienda\/#organization\",\"name\":\"Compuviper\",\"url\":\"https:\/\/compuviper.mx\/tienda\/\",\"logo\":{\"@type\":\"ImageObject\",\"inLanguage\":\"es-MX\",\"@id\":\"https:\/\/compuviper.mx\/tienda\/#\/schema\/logo\/image\/\",\"url\":\"https:\/\/compuviper.mx\/tienda\/wp-content\/uploads\/2021\/08\/Logo-Compuviper-10.png\",\"contentUrl\":\"https:\/\/compuviper.mx\/tienda\/wp-content\/uploads\/2021\/08\/Logo-Compuviper-10.png\",\"width\":1000,\"height\":500,\"caption\":\"Compuviper\"},\"image\":{\"@id\":\"https:\/\/compuviper.mx\/tienda\/#\/schema\/logo\/image\/\"},\"sameAs\":[\"https:\/\/www.facebook.com\/compuviper\",\"https:\/\/www.youtube.com\/channel\/UCf73dERp9Y3cfOq7q8BhLjA?view_as=subscriber\"]}]}<\/script>\n<meta property=\"product:brand\" content=\"ASUS\" \/>\n<meta property=\"product:price:amount\" content=\"43774\" \/>\n<meta property=\"product:price:currency\" content=\"MXN\" \/>\n<meta property=\"og:availability\" content=\"out of stock\" \/>\n<meta property=\"product:availability\" content=\"out of stock\" \/>\n<meta property=\"product:retailer_item_id\" content=\"H7606WM-ME016X\" \/>\n<meta property=\"product:condition\" content=\"new\" \/>\n<!-- \/ Yoast SEO plugin. -->","yoast_head_json":{"title":"[ Asus ] &#129351; H7606wm-me016x Laptop Proart P16, Amd Ryzen Ai9, 32gb, 1tb M.2 Ssd, 16.0 Pulgadas, Windows 11 Pro, Color Nano Black, Touch Screen, 1 A\u00f1o De Garanta.","description":"Compra H7606wm-me016x Laptop Proart P16, Amd Ryzen Ai9, 32gb, 1tb M.2 Ssd, 16.0 Pulgadas, Windows 11 Pro, Color Nano Black, Touch Screen, 1 A\u00f1o De Garanta. + Env\u00edo a domicilio + Pago seguro + Garant\u00eda","robots":{"index":"index","follow":"follow","max-snippet":"max-snippet:-1","max-image-preview":"max-image-preview:large","max-video-preview":"max-video-preview:-1"},"canonical":"https:\/\/compuviper.mx\/tienda\/producto\/asus-h7606wm-me016x-laptop-proart-p16-amd-ryzen-ai9-32gb-1tb-m-2-ssd-16-0-pulgadas-windows-11-pro-color-nano-black-touch-screen-1-ao-de-garanta\/","og_locale":"es_MX","og_type":"article","og_title":"[ Asus ] &#129351; H7606wm-me016x Laptop Proart P16, Amd Ryzen Ai9, 32gb, 1tb M.2 Ssd, 16.0 Pulgadas, Windows 11 Pro, Color Nano Black, Touch Screen, 1 A\u00f1o De Garanta.","og_description":"Compra H7606wm-me016x Laptop Proart P16, Amd Ryzen Ai9, 32gb, 1tb M.2 Ssd, 16.0 Pulgadas, Windows 11 Pro, Color Nano Black, Touch Screen, 1 A\u00f1o De Garanta. + Env\u00edo a domicilio + Pago seguro + Garant\u00eda","og_url":"https:\/\/compuviper.mx\/tienda\/producto\/asus-h7606wm-me016x-laptop-proart-p16-amd-ryzen-ai9-32gb-1tb-m-2-ssd-16-0-pulgadas-windows-11-pro-color-nano-black-touch-screen-1-ao-de-garanta\/","og_site_name":"Compuviper","article_publisher":"https:\/\/www.facebook.com\/compuviper","twitter_card":"summary_large_image","twitter_misc":{"Precio":"&#36;49,074 &#36;43,774 con IVA","Availability":"Out of stock"},"schema":{"@context":"https:\/\/schema.org","@graph":[{"@type":"WebPage","@id":"https:\/\/compuviper.mx\/tienda\/producto\/asus-h7606wm-me016x-laptop-proart-p16-amd-ryzen-ai9-32gb-1tb-m-2-ssd-16-0-pulgadas-windows-11-pro-color-nano-black-touch-screen-1-ao-de-garanta\/","url":"https:\/\/compuviper.mx\/tienda\/producto\/asus-h7606wm-me016x-laptop-proart-p16-amd-ryzen-ai9-32gb-1tb-m-2-ssd-16-0-pulgadas-windows-11-pro-color-nano-black-touch-screen-1-ao-de-garanta\/","name":"[ Asus ] &#129351; H7606wm-me016x Laptop Proart P16, Amd Ryzen Ai9, 32gb, 1tb M.2 Ssd, 16.0 Pulgadas, Windows 11 Pro, Color Nano Black, Touch Screen, 1 A\u00f1o De Garanta.","isPartOf":{"@id":"https:\/\/compuviper.mx\/tienda\/#website"},"datePublished":"2026-04-25T07:09:58+00:00","dateModified":"2026-04-25T07:09:58+00:00","description":"Compra H7606wm-me016x Laptop Proart P16, Amd Ryzen Ai9, 32gb, 1tb M.2 Ssd, 16.0 Pulgadas, Windows 11 Pro, Color Nano Black, Touch Screen, 1 A\u00f1o De Garanta. + Env\u00edo a domicilio + Pago seguro + Garant\u00eda","breadcrumb":{"@id":"https:\/\/compuviper.mx\/tienda\/producto\/asus-h7606wm-me016x-laptop-proart-p16-amd-ryzen-ai9-32gb-1tb-m-2-ssd-16-0-pulgadas-windows-11-pro-color-nano-black-touch-screen-1-ao-de-garanta\/#breadcrumb"},"inLanguage":"es-MX","potentialAction":[{"@type":"ReadAction","target":["https:\/\/compuviper.mx\/tienda\/producto\/asus-h7606wm-me016x-laptop-proart-p16-amd-ryzen-ai9-32gb-1tb-m-2-ssd-16-0-pulgadas-windows-11-pro-color-nano-black-touch-screen-1-ao-de-garanta\/"]}]},{"@type":"BreadcrumbList","@id":"https:\/\/compuviper.mx\/tienda\/producto\/asus-h7606wm-me016x-laptop-proart-p16-amd-ryzen-ai9-32gb-1tb-m-2-ssd-16-0-pulgadas-windows-11-pro-color-nano-black-touch-screen-1-ao-de-garanta\/#breadcrumb","itemListElement":[{"@type":"ListItem","position":1,"name":"Inicio","item":"https:\/\/compuviper.mx\/tienda\/"},{"@type":"ListItem","position":2,"name":"Productos","item":"https:\/\/compuviper.mx\/tienda\/productos\/"},{"@type":"ListItem","position":3,"name":"Laptops","item":"https:\/\/compuviper.mx\/tienda\/categoria-producto\/laptops\/"},{"@type":"ListItem","position":4,"name":"Workstation","item":"https:\/\/compuviper.mx\/tienda\/categoria-producto\/laptops\/workstation-laptops\/"},{"@type":"ListItem","position":5,"name":"Asus H7606wm-me016x Laptop Proart P16, Amd Ryzen Ai9, 32gb, 1tb M.2 Ssd, 16.0 Pulgadas, Windows 11 Pro, Color Nano Black, Touch Screen, 1 A?o De Garanta."}]},{"@type":"WebSite","@id":"https:\/\/compuviper.mx\/tienda\/#website","url":"https:\/\/compuviper.mx\/tienda\/","name":"Compuviper","description":"Proveedor de Computadoras, Laptops, Servidores, Monitores, Puntos de Venta, Teclados,   Impresoras, T\u00f3ner, C\u00e1maras de Seguridad y m\u00e1s en tu tienda en l\u00ednea","publisher":{"@id":"https:\/\/compuviper.mx\/tienda\/#organization"},"potentialAction":[{"@type":"SearchAction","target":{"@type":"EntryPoint","urlTemplate":"https:\/\/compuviper.mx\/tienda\/?s={search_term_string}"},"query-input":"required name=search_term_string"}],"inLanguage":"es-MX"},{"@type":"Organization","@id":"https:\/\/compuviper.mx\/tienda\/#organization","name":"Compuviper","url":"https:\/\/compuviper.mx\/tienda\/","logo":{"@type":"ImageObject","inLanguage":"es-MX","@id":"https:\/\/compuviper.mx\/tienda\/#\/schema\/logo\/image\/","url":"https:\/\/compuviper.mx\/tienda\/wp-content\/uploads\/2021\/08\/Logo-Compuviper-10.png","contentUrl":"https:\/\/compuviper.mx\/tienda\/wp-content\/uploads\/2021\/08\/Logo-Compuviper-10.png","width":1000,"height":500,"caption":"Compuviper"},"image":{"@id":"https:\/\/compuviper.mx\/tienda\/#\/schema\/logo\/image\/"},"sameAs":["https:\/\/www.facebook.com\/compuviper","https:\/\/www.youtube.com\/channel\/UCf73dERp9Y3cfOq7q8BhLjA?view_as=subscriber"]}]},"product_brand":"ASUS","product_price_amount":"43774","product_price_currency":"MXN","og_availability":"out of stock","product_availability":"out of stock","product_retailer_item_id":"H7606WM-ME016X","product_condition":"new"},"_links":{"self":[{"href":"https:\/\/compuviper.mx\/tienda\/wp-json\/wp\/v2\/product\/261750"}],"collection":[{"href":"https:\/\/compuviper.mx\/tienda\/wp-json\/wp\/v2\/product"}],"about":[{"href":"https:\/\/compuviper.mx\/tienda\/wp-json\/wp\/v2\/types\/product"}],"replies":[{"embeddable":true,"href":"https:\/\/compuviper.mx\/tienda\/wp-json\/wp\/v2\/comments?post=261750"}],"wp:attachment":[{"href":"https:\/\/compuviper.mx\/tienda\/wp-json\/wp\/v2\/media?parent=261750"}],"wp:term":[{"taxonomy":"product_cat","embeddable":true,"href":"https:\/\/compuviper.mx\/tienda\/wp-json\/wp\/v2\/product_cat?post=261750"},{"taxonomy":"product_tag","embeddable":true,"href":"https:\/\/compuviper.mx\/tienda\/wp-json\/wp\/v2\/product_tag?post=261750"}],"curies":[{"name":"wp","href":"https:\/\/api.w.org\/{rel}","templated":true}]}}