{"id":261748,"date":"2026-04-11T01:10:39","date_gmt":"2026-04-11T07:10:39","guid":{"rendered":"https:\/\/compuviper.mx\/tienda\/producto\/grandstream-gwn7604-access-point-wi-fi-6-mu-mimo-de-doble-banda-2-4g-2x22-y-5g-3x32-alcance-de-cobertura-de-hasta-100-metros-admite-hasta-256-dispositivos-cliente-wi-fi-simultneos\/"},"modified":"2026-04-11T01:10:40","modified_gmt":"2026-04-11T07:10:40","slug":"grandstream-gwn7604-access-point-wi-fi-6-mu-mimo-de-doble-banda-2-4g-2x22-y-5g-3x32-alcance-de-cobertura-de-hasta-100-metros-admite-hasta-256-dispositivos-cliente-wi-fi-simultneos","status":"publish","type":"product","link":"https:\/\/compuviper.mx\/tienda\/producto\/grandstream-gwn7604-access-point-wi-fi-6-mu-mimo-de-doble-banda-2-4g-2x22-y-5g-3x32-alcance-de-cobertura-de-hasta-100-metros-admite-hasta-256-dispositivos-cliente-wi-fi-simultneos\/","title":{"rendered":"Grandstream Gwn7604 Access Point   | Wi-fi 6 Mu- Mimo De Doble Banda 2.4g 2&#215;2:2 Y 5g 3&#215;3:2 | Alcance De Cobertura De Hasta 100 Metros | Admite Hasta 256 Dispositivos Cliente Wi-fi Simult?neos"},"content":{"rendered":"<table class=\"descripcion\">\n<tr>\n<td>-caracter\u00edsticas principales<\/td>\n<\/tr>\n<tr>\n<td>Wi-fi 6 ax3000 con rendimiento inal\u00e1mbrico agregado de 3 gbps<\/td>\n<\/tr>\n<tr>\n<td>4 puertos gigabit ethernet (1 con poe\/poe+, 2 con pse)<\/td>\n<\/tr>\n<tr>\n<td>Tecnolog\u00eda mu-mimo 2&#215;2 (2.4ghz) y 3&#215;3 (5ghz)<\/td>\n<\/tr>\n<tr>\n<td>Soporte para hasta 256 clientes simult\u00e1neos<\/td>\n<\/tr>\n<tr>\n<td>Cobertura de hasta 100 metros<\/td>\n<\/tr>\n<tr>\n<td>Gesti\u00f3n en la nube gdms networking y gwn manager<\/td>\n<\/tr>\n<tr>\n<td>Seguridad avanzada con wpa3, arranque seguro anti-hacking y bloqueo de datos cr\u00edticos<\/td>\n<\/tr>\n<tr>\n<td>Redes mesh, portales cautivos y qos avanzado<\/td>\n<\/tr>\n<tr>\n<td>-detalles t\u00e9cnicos<\/td>\n<\/tr>\n<tr>\n<td>-especificaciones<\/td>\n<\/tr>\n<tr>\n<td>Est\u00e1ndares wi-fi: ieee 802.11a\/b\/g\/n\/ac\/ax<\/td>\n<\/tr>\n<tr>\n<td>Antenas: 2 internas de doble banda, 1 interna 5g<\/td>\n<\/tr>\n<tr>\n<td>Ganancia de antena: 2.4g 3.0-3.5 dbi, 5g 3.0-4.5 dbi<\/td>\n<\/tr>\n<tr>\n<td>Potencia m\u00e1xima de transmisi\u00f3n: 5g 26dbm, 2.4g 24dbm<\/td>\n<\/tr>\n<tr>\n<td>Consumo m\u00e1ximo de energ\u00eda: 7.5 w (excluida salida poe)<\/td>\n<\/tr>\n<tr>\n<td>Dimensiones: 135 x 115 x 30 mm<\/td>\n<\/tr>\n<tr>\n<td>Peso: 253 g<\/td>\n<\/tr>\n<tr>\n<td>-interfaces y conectividad<\/td>\n<\/tr>\n<tr>\n<td>1 puerto ethernet de enlace ascendente con poe\/poe+<\/td>\n<\/tr>\n<tr>\n<td>2 puertos ethernet con pse<\/td>\n<\/tr>\n<tr>\n<td>1 puerto ethernet est\u00e1ndar<\/td>\n<\/tr>\n<tr>\n<td>1 orificio de reinicio, 1 bloqueo kensington<\/td>\n<\/tr>\n<tr>\n<td>Protocolos: ipv4\/ipv6, 802.1q, 802.1p, 802.1x, 802.11e\/wmm<\/td>\n<\/tr>\n<\/table>\n","protected":false},"excerpt":{"rendered":"<p>El gwn7604 es un punto de acceso wi-fi 6 ax3000 compacto, dise\u00f1ado para peque\u00f1as empresas, hoteles y oficinas en el hogar. Ofrece versatilidad a trav\u00e9s de cuatro puertos ethernet gigabit, incluido un puerto de enlace ascendente que puede recibir poe\/poe+ para alimentar un punto de acceso y dos puertos con pse que pueden proporcionar poe y una conexi\u00f3n de red a otros dispositivos. El gwn7604 ofrece tecnolog\u00eda mu-mimo de banda dual 2.4g 2&#215;2:2 y 5g 3&#215;3:2 y un dise\u00f1o de antena sofisticado para soportar 256 clientes simult\u00e1neos y un rango de cobertura de hasta 100 metros. Este punto de acceso wi-fi se puede instalar y administrar f\u00e1cilmente mediante gdms networking y gwn manager, las plataformas de administraci\u00f3n de red en la nube y en las instalaciones de grandstream. Con soporte para qos avanzado, aplicaciones en tiempo real de baja latencia, redes mesh, portales cautivos, rendimiento inal\u00e1mbrico de 3 gbps y cuatro puertos de red gigabit, el gwn7604 es el punto de acceso wi-fi ideal para implementaciones de tama\u00f1o peque\u00f1o a mediano que requieren flexibilidad.<\/p>\n","protected":false},"featured_media":0,"comment_status":"open","ping_status":"open","template":"","meta":[],"product_cat":[1563,1754],"product_tag":[1576],"acf":[],"yoast_head":"<!-- This site is optimized with the Yoast SEO plugin v21.7 - https:\/\/yoast.com\/wordpress\/plugins\/seo\/ -->\n<title>[ Grandstream ] &#129351; Gwn7604 Access Point | Wi-fi 6 Mu- Mimo De Doble Banda 2.4g 2x2:2 Y 5g 3x3:2 | Alcance De Cobertura De Hasta 100 Metros | Admite Hasta 256 Dispositivos Cliente Wi-fi Simult\u00e1neos<\/title>\n<meta name=\"description\" content=\"Compra Gwn7604 Access Point | Wi-fi 6 Mu- Mimo De Doble Banda 2.4g 2x2:2 Y 5g 3x3:2 | Alcance De Cobertura De Hasta 100 Metros | Admite Hasta 256 Dispositivos Cliente Wi-fi Simult\u00e1neos + Env\u00edo a domicilio + Pago seguro + Garant\u00eda\" \/>\n<meta name=\"robots\" content=\"index, follow, max-snippet:-1, max-image-preview:large, max-video-preview:-1\" \/>\n<link rel=\"canonical\" href=\"https:\/\/compuviper.mx\/tienda\/producto\/grandstream-gwn7604-access-point-wi-fi-6-mu-mimo-de-doble-banda-2-4g-2x22-y-5g-3x32-alcance-de-cobertura-de-hasta-100-metros-admite-hasta-256-dispositivos-cliente-wi-fi-simultneos\/\" \/>\n<meta property=\"og:locale\" content=\"es_MX\" \/>\n<meta property=\"og:type\" content=\"article\" \/>\n<meta property=\"og:title\" content=\"[ Grandstream ] &#129351; Gwn7604 Access Point | Wi-fi 6 Mu- Mimo De Doble Banda 2.4g 2x2:2 Y 5g 3x3:2 | Alcance De Cobertura De Hasta 100 Metros | Admite Hasta 256 Dispositivos Cliente Wi-fi Simult\u00e1neos\" \/>\n<meta property=\"og:description\" content=\"Compra Gwn7604 Access Point | Wi-fi 6 Mu- Mimo De Doble Banda 2.4g 2x2:2 Y 5g 3x3:2 | Alcance De Cobertura De Hasta 100 Metros | Admite Hasta 256 Dispositivos Cliente Wi-fi Simult\u00e1neos + Env\u00edo a domicilio + Pago seguro + Garant\u00eda\" \/>\n<meta property=\"og:url\" content=\"https:\/\/compuviper.mx\/tienda\/producto\/grandstream-gwn7604-access-point-wi-fi-6-mu-mimo-de-doble-banda-2-4g-2x22-y-5g-3x32-alcance-de-cobertura-de-hasta-100-metros-admite-hasta-256-dispositivos-cliente-wi-fi-simultneos\/\" \/>\n<meta property=\"og:site_name\" content=\"Compuviper\" \/>\n<meta property=\"article:publisher\" content=\"https:\/\/www.facebook.com\/compuviper\" \/>\n<meta property=\"article:modified_time\" content=\"2026-04-11T07:10:40+00:00\" \/>\n<meta name=\"twitter:card\" content=\"summary_large_image\" \/>\n<meta name=\"twitter:label1\" content=\"Precio\" \/>\n\t<meta name=\"twitter:data1\" content=\"&#36;1,266 &#36;1,154 con IVA\" \/>\n\t<meta name=\"twitter:label2\" content=\"Availability\" \/>\n\t<meta name=\"twitter:data2\" content=\"Out of stock\" \/>\n<script type=\"application\/ld+json\" class=\"yoast-schema-graph\">{\"@context\":\"https:\/\/schema.org\",\"@graph\":[{\"@type\":\"WebPage\",\"@id\":\"https:\/\/compuviper.mx\/tienda\/producto\/grandstream-gwn7604-access-point-wi-fi-6-mu-mimo-de-doble-banda-2-4g-2x22-y-5g-3x32-alcance-de-cobertura-de-hasta-100-metros-admite-hasta-256-dispositivos-cliente-wi-fi-simultneos\/\",\"url\":\"https:\/\/compuviper.mx\/tienda\/producto\/grandstream-gwn7604-access-point-wi-fi-6-mu-mimo-de-doble-banda-2-4g-2x22-y-5g-3x32-alcance-de-cobertura-de-hasta-100-metros-admite-hasta-256-dispositivos-cliente-wi-fi-simultneos\/\",\"name\":\"[ Grandstream ] &#129351; Gwn7604 Access Point | Wi-fi 6 Mu- Mimo De Doble Banda 2.4g 2x2:2 Y 5g 3x3:2 | Alcance De Cobertura De Hasta 100 Metros | Admite Hasta 256 Dispositivos Cliente Wi-fi Simult\u00e1neos\",\"isPartOf\":{\"@id\":\"https:\/\/compuviper.mx\/tienda\/#website\"},\"datePublished\":\"2026-04-11T07:10:39+00:00\",\"dateModified\":\"2026-04-11T07:10:40+00:00\",\"description\":\"Compra Gwn7604 Access Point | Wi-fi 6 Mu- Mimo De Doble Banda 2.4g 2x2:2 Y 5g 3x3:2 | Alcance De Cobertura De Hasta 100 Metros | Admite Hasta 256 Dispositivos Cliente Wi-fi Simult\u00e1neos + Env\u00edo a domicilio + Pago seguro + Garant\u00eda\",\"breadcrumb\":{\"@id\":\"https:\/\/compuviper.mx\/tienda\/producto\/grandstream-gwn7604-access-point-wi-fi-6-mu-mimo-de-doble-banda-2-4g-2x22-y-5g-3x32-alcance-de-cobertura-de-hasta-100-metros-admite-hasta-256-dispositivos-cliente-wi-fi-simultneos\/#breadcrumb\"},\"inLanguage\":\"es-MX\",\"potentialAction\":[{\"@type\":\"ReadAction\",\"target\":[\"https:\/\/compuviper.mx\/tienda\/producto\/grandstream-gwn7604-access-point-wi-fi-6-mu-mimo-de-doble-banda-2-4g-2x22-y-5g-3x32-alcance-de-cobertura-de-hasta-100-metros-admite-hasta-256-dispositivos-cliente-wi-fi-simultneos\/\"]}]},{\"@type\":\"BreadcrumbList\",\"@id\":\"https:\/\/compuviper.mx\/tienda\/producto\/grandstream-gwn7604-access-point-wi-fi-6-mu-mimo-de-doble-banda-2-4g-2x22-y-5g-3x32-alcance-de-cobertura-de-hasta-100-metros-admite-hasta-256-dispositivos-cliente-wi-fi-simultneos\/#breadcrumb\",\"itemListElement\":[{\"@type\":\"ListItem\",\"position\":1,\"name\":\"Inicio\",\"item\":\"https:\/\/compuviper.mx\/tienda\/\"},{\"@type\":\"ListItem\",\"position\":2,\"name\":\"Productos\",\"item\":\"https:\/\/compuviper.mx\/tienda\/productos\/\"},{\"@type\":\"ListItem\",\"position\":3,\"name\":\"Redes\",\"item\":\"https:\/\/compuviper.mx\/tienda\/categoria-producto\/redes\/\"},{\"@type\":\"ListItem\",\"position\":4,\"name\":\"Access Point\",\"item\":\"https:\/\/compuviper.mx\/tienda\/categoria-producto\/redes\/access-point\/\"},{\"@type\":\"ListItem\",\"position\":5,\"name\":\"Grandstream Gwn7604 Access Point | Wi-fi 6 Mu- Mimo De Doble Banda 2.4g 2&#215;2:2 Y 5g 3&#215;3:2 | Alcance De Cobertura De Hasta 100 Metros | Admite Hasta 256 Dispositivos Cliente Wi-fi Simult?neos\"}]},{\"@type\":\"WebSite\",\"@id\":\"https:\/\/compuviper.mx\/tienda\/#website\",\"url\":\"https:\/\/compuviper.mx\/tienda\/\",\"name\":\"Compuviper\",\"description\":\"Proveedor de Computadoras, Laptops, Servidores, Monitores, Puntos de Venta, Teclados,   Impresoras, T\u00f3ner, C\u00e1maras de Seguridad y m\u00e1s en tu tienda en l\u00ednea\",\"publisher\":{\"@id\":\"https:\/\/compuviper.mx\/tienda\/#organization\"},\"potentialAction\":[{\"@type\":\"SearchAction\",\"target\":{\"@type\":\"EntryPoint\",\"urlTemplate\":\"https:\/\/compuviper.mx\/tienda\/?s={search_term_string}\"},\"query-input\":\"required name=search_term_string\"}],\"inLanguage\":\"es-MX\"},{\"@type\":\"Organization\",\"@id\":\"https:\/\/compuviper.mx\/tienda\/#organization\",\"name\":\"Compuviper\",\"url\":\"https:\/\/compuviper.mx\/tienda\/\",\"logo\":{\"@type\":\"ImageObject\",\"inLanguage\":\"es-MX\",\"@id\":\"https:\/\/compuviper.mx\/tienda\/#\/schema\/logo\/image\/\",\"url\":\"https:\/\/compuviper.mx\/tienda\/wp-content\/uploads\/2021\/08\/Logo-Compuviper-10.png\",\"contentUrl\":\"https:\/\/compuviper.mx\/tienda\/wp-content\/uploads\/2021\/08\/Logo-Compuviper-10.png\",\"width\":1000,\"height\":500,\"caption\":\"Compuviper\"},\"image\":{\"@id\":\"https:\/\/compuviper.mx\/tienda\/#\/schema\/logo\/image\/\"},\"sameAs\":[\"https:\/\/www.facebook.com\/compuviper\",\"https:\/\/www.youtube.com\/channel\/UCf73dERp9Y3cfOq7q8BhLjA?view_as=subscriber\"]}]}<\/script>\n<meta property=\"product:brand\" content=\"GRANDSTREAM\" \/>\n<meta property=\"product:price:amount\" content=\"1154\" \/>\n<meta property=\"product:price:currency\" content=\"MXN\" \/>\n<meta property=\"og:availability\" content=\"out of stock\" \/>\n<meta property=\"product:availability\" content=\"out of stock\" \/>\n<meta property=\"product:retailer_item_id\" content=\"GWN7604\" \/>\n<meta property=\"product:condition\" content=\"new\" \/>\n<!-- \/ Yoast SEO plugin. -->","yoast_head_json":{"title":"[ Grandstream ] &#129351; Gwn7604 Access Point | Wi-fi 6 Mu- Mimo De Doble Banda 2.4g 2x2:2 Y 5g 3x3:2 | Alcance De Cobertura De Hasta 100 Metros | Admite Hasta 256 Dispositivos Cliente Wi-fi Simult\u00e1neos","description":"Compra Gwn7604 Access Point | Wi-fi 6 Mu- Mimo De Doble Banda 2.4g 2x2:2 Y 5g 3x3:2 | Alcance De Cobertura De Hasta 100 Metros | Admite Hasta 256 Dispositivos Cliente Wi-fi Simult\u00e1neos + Env\u00edo a domicilio + Pago seguro + Garant\u00eda","robots":{"index":"index","follow":"follow","max-snippet":"max-snippet:-1","max-image-preview":"max-image-preview:large","max-video-preview":"max-video-preview:-1"},"canonical":"https:\/\/compuviper.mx\/tienda\/producto\/grandstream-gwn7604-access-point-wi-fi-6-mu-mimo-de-doble-banda-2-4g-2x22-y-5g-3x32-alcance-de-cobertura-de-hasta-100-metros-admite-hasta-256-dispositivos-cliente-wi-fi-simultneos\/","og_locale":"es_MX","og_type":"article","og_title":"[ Grandstream ] &#129351; Gwn7604 Access Point | Wi-fi 6 Mu- Mimo De Doble Banda 2.4g 2x2:2 Y 5g 3x3:2 | Alcance De Cobertura De Hasta 100 Metros | Admite Hasta 256 Dispositivos Cliente Wi-fi Simult\u00e1neos","og_description":"Compra Gwn7604 Access Point | Wi-fi 6 Mu- Mimo De Doble Banda 2.4g 2x2:2 Y 5g 3x3:2 | Alcance De Cobertura De Hasta 100 Metros | Admite Hasta 256 Dispositivos Cliente Wi-fi Simult\u00e1neos + Env\u00edo a domicilio + Pago seguro + Garant\u00eda","og_url":"https:\/\/compuviper.mx\/tienda\/producto\/grandstream-gwn7604-access-point-wi-fi-6-mu-mimo-de-doble-banda-2-4g-2x22-y-5g-3x32-alcance-de-cobertura-de-hasta-100-metros-admite-hasta-256-dispositivos-cliente-wi-fi-simultneos\/","og_site_name":"Compuviper","article_publisher":"https:\/\/www.facebook.com\/compuviper","article_modified_time":"2026-04-11T07:10:40+00:00","twitter_card":"summary_large_image","twitter_misc":{"Precio":"&#36;1,266 &#36;1,154 con IVA","Availability":"Out of stock"},"schema":{"@context":"https:\/\/schema.org","@graph":[{"@type":"WebPage","@id":"https:\/\/compuviper.mx\/tienda\/producto\/grandstream-gwn7604-access-point-wi-fi-6-mu-mimo-de-doble-banda-2-4g-2x22-y-5g-3x32-alcance-de-cobertura-de-hasta-100-metros-admite-hasta-256-dispositivos-cliente-wi-fi-simultneos\/","url":"https:\/\/compuviper.mx\/tienda\/producto\/grandstream-gwn7604-access-point-wi-fi-6-mu-mimo-de-doble-banda-2-4g-2x22-y-5g-3x32-alcance-de-cobertura-de-hasta-100-metros-admite-hasta-256-dispositivos-cliente-wi-fi-simultneos\/","name":"[ Grandstream ] &#129351; Gwn7604 Access Point | Wi-fi 6 Mu- Mimo De Doble Banda 2.4g 2x2:2 Y 5g 3x3:2 | Alcance De Cobertura De Hasta 100 Metros | Admite Hasta 256 Dispositivos Cliente Wi-fi Simult\u00e1neos","isPartOf":{"@id":"https:\/\/compuviper.mx\/tienda\/#website"},"datePublished":"2026-04-11T07:10:39+00:00","dateModified":"2026-04-11T07:10:40+00:00","description":"Compra Gwn7604 Access Point | Wi-fi 6 Mu- Mimo De Doble Banda 2.4g 2x2:2 Y 5g 3x3:2 | Alcance De Cobertura De Hasta 100 Metros | Admite Hasta 256 Dispositivos Cliente Wi-fi Simult\u00e1neos + Env\u00edo a domicilio + Pago seguro + Garant\u00eda","breadcrumb":{"@id":"https:\/\/compuviper.mx\/tienda\/producto\/grandstream-gwn7604-access-point-wi-fi-6-mu-mimo-de-doble-banda-2-4g-2x22-y-5g-3x32-alcance-de-cobertura-de-hasta-100-metros-admite-hasta-256-dispositivos-cliente-wi-fi-simultneos\/#breadcrumb"},"inLanguage":"es-MX","potentialAction":[{"@type":"ReadAction","target":["https:\/\/compuviper.mx\/tienda\/producto\/grandstream-gwn7604-access-point-wi-fi-6-mu-mimo-de-doble-banda-2-4g-2x22-y-5g-3x32-alcance-de-cobertura-de-hasta-100-metros-admite-hasta-256-dispositivos-cliente-wi-fi-simultneos\/"]}]},{"@type":"BreadcrumbList","@id":"https:\/\/compuviper.mx\/tienda\/producto\/grandstream-gwn7604-access-point-wi-fi-6-mu-mimo-de-doble-banda-2-4g-2x22-y-5g-3x32-alcance-de-cobertura-de-hasta-100-metros-admite-hasta-256-dispositivos-cliente-wi-fi-simultneos\/#breadcrumb","itemListElement":[{"@type":"ListItem","position":1,"name":"Inicio","item":"https:\/\/compuviper.mx\/tienda\/"},{"@type":"ListItem","position":2,"name":"Productos","item":"https:\/\/compuviper.mx\/tienda\/productos\/"},{"@type":"ListItem","position":3,"name":"Redes","item":"https:\/\/compuviper.mx\/tienda\/categoria-producto\/redes\/"},{"@type":"ListItem","position":4,"name":"Access Point","item":"https:\/\/compuviper.mx\/tienda\/categoria-producto\/redes\/access-point\/"},{"@type":"ListItem","position":5,"name":"Grandstream Gwn7604 Access Point | Wi-fi 6 Mu- Mimo De Doble Banda 2.4g 2&#215;2:2 Y 5g 3&#215;3:2 | Alcance De Cobertura De Hasta 100 Metros | Admite Hasta 256 Dispositivos Cliente Wi-fi Simult?neos"}]},{"@type":"WebSite","@id":"https:\/\/compuviper.mx\/tienda\/#website","url":"https:\/\/compuviper.mx\/tienda\/","name":"Compuviper","description":"Proveedor de Computadoras, Laptops, Servidores, Monitores, Puntos de Venta, Teclados,   Impresoras, T\u00f3ner, C\u00e1maras de Seguridad y m\u00e1s en tu tienda en l\u00ednea","publisher":{"@id":"https:\/\/compuviper.mx\/tienda\/#organization"},"potentialAction":[{"@type":"SearchAction","target":{"@type":"EntryPoint","urlTemplate":"https:\/\/compuviper.mx\/tienda\/?s={search_term_string}"},"query-input":"required name=search_term_string"}],"inLanguage":"es-MX"},{"@type":"Organization","@id":"https:\/\/compuviper.mx\/tienda\/#organization","name":"Compuviper","url":"https:\/\/compuviper.mx\/tienda\/","logo":{"@type":"ImageObject","inLanguage":"es-MX","@id":"https:\/\/compuviper.mx\/tienda\/#\/schema\/logo\/image\/","url":"https:\/\/compuviper.mx\/tienda\/wp-content\/uploads\/2021\/08\/Logo-Compuviper-10.png","contentUrl":"https:\/\/compuviper.mx\/tienda\/wp-content\/uploads\/2021\/08\/Logo-Compuviper-10.png","width":1000,"height":500,"caption":"Compuviper"},"image":{"@id":"https:\/\/compuviper.mx\/tienda\/#\/schema\/logo\/image\/"},"sameAs":["https:\/\/www.facebook.com\/compuviper","https:\/\/www.youtube.com\/channel\/UCf73dERp9Y3cfOq7q8BhLjA?view_as=subscriber"]}]},"product_brand":"GRANDSTREAM","product_price_amount":"1154","product_price_currency":"MXN","og_availability":"out of stock","product_availability":"out of stock","product_retailer_item_id":"GWN7604","product_condition":"new"},"_links":{"self":[{"href":"https:\/\/compuviper.mx\/tienda\/wp-json\/wp\/v2\/product\/261748"}],"collection":[{"href":"https:\/\/compuviper.mx\/tienda\/wp-json\/wp\/v2\/product"}],"about":[{"href":"https:\/\/compuviper.mx\/tienda\/wp-json\/wp\/v2\/types\/product"}],"replies":[{"embeddable":true,"href":"https:\/\/compuviper.mx\/tienda\/wp-json\/wp\/v2\/comments?post=261748"}],"wp:attachment":[{"href":"https:\/\/compuviper.mx\/tienda\/wp-json\/wp\/v2\/media?parent=261748"}],"wp:term":[{"taxonomy":"product_cat","embeddable":true,"href":"https:\/\/compuviper.mx\/tienda\/wp-json\/wp\/v2\/product_cat?post=261748"},{"taxonomy":"product_tag","embeddable":true,"href":"https:\/\/compuviper.mx\/tienda\/wp-json\/wp\/v2\/product_tag?post=261748"}],"curies":[{"name":"wp","href":"https:\/\/api.w.org\/{rel}","templated":true}]}}