{"id":261747,"date":"2026-04-18T01:15:26","date_gmt":"2026-04-18T07:15:26","guid":{"rendered":"https:\/\/compuviper.mx\/tienda\/producto\/grandstream-gwn7661e-access-point-wi-fi-6-tecnologa-mu-mimo-y-ofdma-admite-hasta-256-dispositivos-cliente-wi-fi-simultneos-rendimiento-inalmbrico-de-3-gbps-y-4-puertos-cableados-gigabit\/"},"modified":"2026-04-18T01:15:26","modified_gmt":"2026-04-18T07:15:26","slug":"grandstream-gwn7661e-access-point-wi-fi-6-tecnologa-mu-mimo-y-ofdma-admite-hasta-256-dispositivos-cliente-wi-fi-simultneos-rendimiento-inalmbrico-de-3-gbps-y-4-puertos-cableados-gigabit","status":"publish","type":"product","link":"https:\/\/compuviper.mx\/tienda\/producto\/grandstream-gwn7661e-access-point-wi-fi-6-tecnologa-mu-mimo-y-ofdma-admite-hasta-256-dispositivos-cliente-wi-fi-simultneos-rendimiento-inalmbrico-de-3-gbps-y-4-puertos-cableados-gigabit\/","title":{"rendered":"Grandstream Gwn7661e Access Point   |  Wi-fi 6 Tecnolog?a Mu-mimo Y Ofdma | Admite Hasta 256 Dispositivos Cliente Wi-fi Simult?neos | Rendimiento Inal?mbrico De 3 Gbps Y 4 Puertos Cableados Gigabit"},"content":{"rendered":"<table class=\"descripcion\">\n<tr>\n<td>El gwn7661e es un punto de acceso wi-fi 6 ax3000 de pared, dise\u00f1ado para oficinas, hoteles, casas, apartamentos y m\u00e1s. es el punto de acceso wi-fi ideal para implementaciones de voz sobre wi-fi y ofrece una conexi\u00f3n fluida con los tel\u00e9fonos ip wi-fi de grandstream.<\/td>\n<\/tr>\n<tr>\n<td>-rendimiento inal\u00e1mbrico de 3 gbps y 4 puertos cableados gigabit<\/td>\n<\/tr>\n<tr>\n<td>-tecnolog\u00eda mu-mimo y ofdma 2&#215;2:2 (2,4g) y 3&#215;3:2 (5g)<\/td>\n<\/tr>\n<tr>\n<td>-admite hasta 256 dispositivos cliente wi-fi simult\u00e1neos<\/td>\n<\/tr>\n<tr>\n<td>-adaptaci\u00f3n de autoalimentaci\u00f3n mediante detecci\u00f3n autom\u00e1tica de poe o poe+<\/td>\n<\/tr>\n<tr>\n<td>-qos avanzada para garantizar el rendimiento en tiempo real de aplicaciones de baja latencia<\/td>\n<\/tr>\n<tr>\n<td>-arranque seguro anti-hacking y bloqueo de datos\/control cr\u00edticos mediante firmas digitales, certificado de seguridad \u00fanico\/contrase\u00f1a predeterminada aleatoria por dispositivo<\/td>\n<\/tr>\n<tr>\n<td>-el controlador integrado administra hasta 50 ap gwn locales; gdms networking ofrece administraci\u00f3n de ap ilimitada, y gwn manager ofrece administraci\u00f3n de ap de software<\/td>\n<\/tr>\n<\/table>\n","protected":false},"excerpt":{"rendered":"<p>El gwn7661e es un punto de acceso wi-fi 6 ax3000 de pared dise\u00f1ado para oficinas, hoteles, hogares, departamentos y m\u00e1s. Proporciona wi-fi 6 de doble banda, un dise\u00f1o de antena sofisticado para velocidades inal\u00e1mbricas de hasta 3 gbps, rango de cobertura de 100 metros, tecnolog\u00eda mu-mimo 2&#215;2:2 (2.4g) y 3&#215;3:2 (5g). El gwn7661e proporciona tres puertos de red gigabit para proveer ethernet a tel\u00e9fonos ip, televisores, computadoras y dispositivos similares, y al mismo tiempo, proporciona un puerto de red gigabit de enlace ascendente con poe\/poe+. Este punto de acceso wi-fi 6 est\u00e1 dise\u00f1ado para montarse en la pared para proporcionar una instalaci\u00f3n limpia y profesional que se integra con el entorno circundante. Para garantizar una f\u00e1cil instalaci\u00f3n y administraci\u00f3n, el gwn7661e incluye un controlador integrado dentro de la interfaz de usuario web del producto. El gwn7661e tambi\u00e9n puede ser administrado por gdms y gwn manager, las plataformas de administraci\u00f3n de redes locales y en la nube gratuitas de grandstream. El gwn7661e es el ap wi-fi ideal para implementaciones de voz sobre wi-fi y ofrece una conexi\u00f3n perfecta con los tel\u00e9fonos ip con capacidad wi-fi de grandstream. Con soporte para qos avanzada, aplicaciones en tiempo real de baja latencia, redes mesh, portales cautivos y 256 clientes simult\u00e1neos por ap, el gwn7661e es un punto de acceso wi-fi ideal para instalaciones empotradas en la pared e implementaciones en peque\u00f1as y medianas empresas.<\/p>\n","protected":false},"featured_media":0,"comment_status":"open","ping_status":"open","template":"","meta":[],"product_cat":[1563,1754],"product_tag":[1576],"acf":[],"yoast_head":"<!-- This site is optimized with the Yoast SEO plugin v21.7 - https:\/\/yoast.com\/wordpress\/plugins\/seo\/ -->\n<title>[ Grandstream ] &#129351; Gwn7661e Access Point | Wi-fi 6 Tecnolog\u00eda Mu-mimo Y Ofdma | Admite Hasta 256 Dispositivos Cliente Wi-fi Simult\u00e1neos | Rendimiento Inal\u00e1mbrico De 3 Gbps Y 4 Puertos Cableados Gigabit<\/title>\n<meta name=\"description\" content=\"Compra Gwn7661e Access Point | Wi-fi 6 Tecnolog\u00eda Mu-mimo Y Ofdma | Admite Hasta 256 Dispositivos Cliente Wi-fi Simult\u00e1neos | Rendimiento Inal\u00e1mbrico De 3 Gbps Y 4 Puertos Cableados Gigabit + Env\u00edo a domicilio + Pago seguro + Garant\u00eda\" \/>\n<meta name=\"robots\" content=\"index, follow, max-snippet:-1, max-image-preview:large, max-video-preview:-1\" \/>\n<link rel=\"canonical\" href=\"https:\/\/compuviper.mx\/tienda\/producto\/grandstream-gwn7661e-access-point-wi-fi-6-tecnologa-mu-mimo-y-ofdma-admite-hasta-256-dispositivos-cliente-wi-fi-simultneos-rendimiento-inalmbrico-de-3-gbps-y-4-puertos-cableados-gigabit\/\" \/>\n<meta property=\"og:locale\" content=\"es_MX\" \/>\n<meta property=\"og:type\" content=\"article\" \/>\n<meta property=\"og:title\" content=\"[ Grandstream ] &#129351; Gwn7661e Access Point | Wi-fi 6 Tecnolog\u00eda Mu-mimo Y Ofdma | Admite Hasta 256 Dispositivos Cliente Wi-fi Simult\u00e1neos | Rendimiento Inal\u00e1mbrico De 3 Gbps Y 4 Puertos Cableados Gigabit\" \/>\n<meta property=\"og:description\" content=\"Compra Gwn7661e Access Point | Wi-fi 6 Tecnolog\u00eda Mu-mimo Y Ofdma | Admite Hasta 256 Dispositivos Cliente Wi-fi Simult\u00e1neos | Rendimiento Inal\u00e1mbrico De 3 Gbps Y 4 Puertos Cableados Gigabit + Env\u00edo a domicilio + Pago seguro + Garant\u00eda\" \/>\n<meta property=\"og:url\" content=\"https:\/\/compuviper.mx\/tienda\/producto\/grandstream-gwn7661e-access-point-wi-fi-6-tecnologa-mu-mimo-y-ofdma-admite-hasta-256-dispositivos-cliente-wi-fi-simultneos-rendimiento-inalmbrico-de-3-gbps-y-4-puertos-cableados-gigabit\/\" \/>\n<meta property=\"og:site_name\" content=\"Compuviper\" \/>\n<meta property=\"article:publisher\" content=\"https:\/\/www.facebook.com\/compuviper\" \/>\n<meta name=\"twitter:card\" content=\"summary_large_image\" \/>\n<meta name=\"twitter:label1\" content=\"Precio\" \/>\n\t<meta name=\"twitter:data1\" content=\"&#36;1,765 con IVA\" \/>\n\t<meta name=\"twitter:label2\" content=\"Availability\" \/>\n\t<meta name=\"twitter:data2\" content=\"On backorder\" \/>\n<script type=\"application\/ld+json\" class=\"yoast-schema-graph\">{\"@context\":\"https:\/\/schema.org\",\"@graph\":[{\"@type\":\"WebPage\",\"@id\":\"https:\/\/compuviper.mx\/tienda\/producto\/grandstream-gwn7661e-access-point-wi-fi-6-tecnologa-mu-mimo-y-ofdma-admite-hasta-256-dispositivos-cliente-wi-fi-simultneos-rendimiento-inalmbrico-de-3-gbps-y-4-puertos-cableados-gigabit\/\",\"url\":\"https:\/\/compuviper.mx\/tienda\/producto\/grandstream-gwn7661e-access-point-wi-fi-6-tecnologa-mu-mimo-y-ofdma-admite-hasta-256-dispositivos-cliente-wi-fi-simultneos-rendimiento-inalmbrico-de-3-gbps-y-4-puertos-cableados-gigabit\/\",\"name\":\"[ Grandstream ] &#129351; Gwn7661e Access Point | Wi-fi 6 Tecnolog\u00eda Mu-mimo Y Ofdma | Admite Hasta 256 Dispositivos Cliente Wi-fi Simult\u00e1neos | Rendimiento Inal\u00e1mbrico De 3 Gbps Y 4 Puertos Cableados Gigabit\",\"isPartOf\":{\"@id\":\"https:\/\/compuviper.mx\/tienda\/#website\"},\"datePublished\":\"2026-04-18T07:15:26+00:00\",\"dateModified\":\"2026-04-18T07:15:26+00:00\",\"description\":\"Compra Gwn7661e Access Point | Wi-fi 6 Tecnolog\u00eda Mu-mimo Y Ofdma | Admite Hasta 256 Dispositivos Cliente Wi-fi Simult\u00e1neos | Rendimiento Inal\u00e1mbrico De 3 Gbps Y 4 Puertos Cableados Gigabit + Env\u00edo a domicilio + Pago seguro + Garant\u00eda\",\"breadcrumb\":{\"@id\":\"https:\/\/compuviper.mx\/tienda\/producto\/grandstream-gwn7661e-access-point-wi-fi-6-tecnologa-mu-mimo-y-ofdma-admite-hasta-256-dispositivos-cliente-wi-fi-simultneos-rendimiento-inalmbrico-de-3-gbps-y-4-puertos-cableados-gigabit\/#breadcrumb\"},\"inLanguage\":\"es-MX\",\"potentialAction\":[{\"@type\":\"ReadAction\",\"target\":[\"https:\/\/compuviper.mx\/tienda\/producto\/grandstream-gwn7661e-access-point-wi-fi-6-tecnologa-mu-mimo-y-ofdma-admite-hasta-256-dispositivos-cliente-wi-fi-simultneos-rendimiento-inalmbrico-de-3-gbps-y-4-puertos-cableados-gigabit\/\"]}]},{\"@type\":\"BreadcrumbList\",\"@id\":\"https:\/\/compuviper.mx\/tienda\/producto\/grandstream-gwn7661e-access-point-wi-fi-6-tecnologa-mu-mimo-y-ofdma-admite-hasta-256-dispositivos-cliente-wi-fi-simultneos-rendimiento-inalmbrico-de-3-gbps-y-4-puertos-cableados-gigabit\/#breadcrumb\",\"itemListElement\":[{\"@type\":\"ListItem\",\"position\":1,\"name\":\"Inicio\",\"item\":\"https:\/\/compuviper.mx\/tienda\/\"},{\"@type\":\"ListItem\",\"position\":2,\"name\":\"Productos\",\"item\":\"https:\/\/compuviper.mx\/tienda\/productos\/\"},{\"@type\":\"ListItem\",\"position\":3,\"name\":\"Redes\",\"item\":\"https:\/\/compuviper.mx\/tienda\/categoria-producto\/redes\/\"},{\"@type\":\"ListItem\",\"position\":4,\"name\":\"Access Point\",\"item\":\"https:\/\/compuviper.mx\/tienda\/categoria-producto\/redes\/access-point\/\"},{\"@type\":\"ListItem\",\"position\":5,\"name\":\"Grandstream Gwn7661e Access Point | Wi-fi 6 Tecnolog?a Mu-mimo Y Ofdma | Admite Hasta 256 Dispositivos Cliente Wi-fi Simult?neos | Rendimiento Inal?mbrico De 3 Gbps Y 4 Puertos Cableados Gigabit\"}]},{\"@type\":\"WebSite\",\"@id\":\"https:\/\/compuviper.mx\/tienda\/#website\",\"url\":\"https:\/\/compuviper.mx\/tienda\/\",\"name\":\"Compuviper\",\"description\":\"Proveedor de Computadoras, Laptops, Servidores, Monitores, Puntos de Venta, Teclados,   Impresoras, T\u00f3ner, C\u00e1maras de Seguridad y m\u00e1s en tu tienda en l\u00ednea\",\"publisher\":{\"@id\":\"https:\/\/compuviper.mx\/tienda\/#organization\"},\"potentialAction\":[{\"@type\":\"SearchAction\",\"target\":{\"@type\":\"EntryPoint\",\"urlTemplate\":\"https:\/\/compuviper.mx\/tienda\/?s={search_term_string}\"},\"query-input\":\"required name=search_term_string\"}],\"inLanguage\":\"es-MX\"},{\"@type\":\"Organization\",\"@id\":\"https:\/\/compuviper.mx\/tienda\/#organization\",\"name\":\"Compuviper\",\"url\":\"https:\/\/compuviper.mx\/tienda\/\",\"logo\":{\"@type\":\"ImageObject\",\"inLanguage\":\"es-MX\",\"@id\":\"https:\/\/compuviper.mx\/tienda\/#\/schema\/logo\/image\/\",\"url\":\"https:\/\/compuviper.mx\/tienda\/wp-content\/uploads\/2021\/08\/Logo-Compuviper-10.png\",\"contentUrl\":\"https:\/\/compuviper.mx\/tienda\/wp-content\/uploads\/2021\/08\/Logo-Compuviper-10.png\",\"width\":1000,\"height\":500,\"caption\":\"Compuviper\"},\"image\":{\"@id\":\"https:\/\/compuviper.mx\/tienda\/#\/schema\/logo\/image\/\"},\"sameAs\":[\"https:\/\/www.facebook.com\/compuviper\",\"https:\/\/www.youtube.com\/channel\/UCf73dERp9Y3cfOq7q8BhLjA?view_as=subscriber\"]}]}<\/script>\n<meta property=\"product:brand\" content=\"GRANDSTREAM\" \/>\n<meta property=\"product:price:amount\" content=\"1765\" \/>\n<meta property=\"product:price:currency\" content=\"MXN\" \/>\n<meta property=\"og:availability\" content=\"backorder\" \/>\n<meta property=\"product:availability\" content=\"available for order\" \/>\n<meta property=\"product:retailer_item_id\" content=\"GWN7661E\" \/>\n<meta property=\"product:condition\" content=\"new\" \/>\n<!-- \/ Yoast SEO plugin. -->","yoast_head_json":{"title":"[ Grandstream ] &#129351; Gwn7661e Access Point | Wi-fi 6 Tecnolog\u00eda Mu-mimo Y Ofdma | Admite Hasta 256 Dispositivos Cliente Wi-fi Simult\u00e1neos | Rendimiento Inal\u00e1mbrico De 3 Gbps Y 4 Puertos Cableados Gigabit","description":"Compra Gwn7661e Access Point | Wi-fi 6 Tecnolog\u00eda Mu-mimo Y Ofdma | Admite Hasta 256 Dispositivos Cliente Wi-fi Simult\u00e1neos | Rendimiento Inal\u00e1mbrico De 3 Gbps Y 4 Puertos Cableados Gigabit + Env\u00edo a domicilio + Pago seguro + Garant\u00eda","robots":{"index":"index","follow":"follow","max-snippet":"max-snippet:-1","max-image-preview":"max-image-preview:large","max-video-preview":"max-video-preview:-1"},"canonical":"https:\/\/compuviper.mx\/tienda\/producto\/grandstream-gwn7661e-access-point-wi-fi-6-tecnologa-mu-mimo-y-ofdma-admite-hasta-256-dispositivos-cliente-wi-fi-simultneos-rendimiento-inalmbrico-de-3-gbps-y-4-puertos-cableados-gigabit\/","og_locale":"es_MX","og_type":"article","og_title":"[ Grandstream ] &#129351; Gwn7661e Access Point | Wi-fi 6 Tecnolog\u00eda Mu-mimo Y Ofdma | Admite Hasta 256 Dispositivos Cliente Wi-fi Simult\u00e1neos | Rendimiento Inal\u00e1mbrico De 3 Gbps Y 4 Puertos Cableados Gigabit","og_description":"Compra Gwn7661e Access Point | Wi-fi 6 Tecnolog\u00eda Mu-mimo Y Ofdma | Admite Hasta 256 Dispositivos Cliente Wi-fi Simult\u00e1neos | Rendimiento Inal\u00e1mbrico De 3 Gbps Y 4 Puertos Cableados Gigabit + Env\u00edo a domicilio + Pago seguro + Garant\u00eda","og_url":"https:\/\/compuviper.mx\/tienda\/producto\/grandstream-gwn7661e-access-point-wi-fi-6-tecnologa-mu-mimo-y-ofdma-admite-hasta-256-dispositivos-cliente-wi-fi-simultneos-rendimiento-inalmbrico-de-3-gbps-y-4-puertos-cableados-gigabit\/","og_site_name":"Compuviper","article_publisher":"https:\/\/www.facebook.com\/compuviper","twitter_card":"summary_large_image","twitter_misc":{"Precio":"&#36;1,765 con IVA","Availability":"On backorder"},"schema":{"@context":"https:\/\/schema.org","@graph":[{"@type":"WebPage","@id":"https:\/\/compuviper.mx\/tienda\/producto\/grandstream-gwn7661e-access-point-wi-fi-6-tecnologa-mu-mimo-y-ofdma-admite-hasta-256-dispositivos-cliente-wi-fi-simultneos-rendimiento-inalmbrico-de-3-gbps-y-4-puertos-cableados-gigabit\/","url":"https:\/\/compuviper.mx\/tienda\/producto\/grandstream-gwn7661e-access-point-wi-fi-6-tecnologa-mu-mimo-y-ofdma-admite-hasta-256-dispositivos-cliente-wi-fi-simultneos-rendimiento-inalmbrico-de-3-gbps-y-4-puertos-cableados-gigabit\/","name":"[ Grandstream ] &#129351; Gwn7661e Access Point | Wi-fi 6 Tecnolog\u00eda Mu-mimo Y Ofdma | Admite Hasta 256 Dispositivos Cliente Wi-fi Simult\u00e1neos | Rendimiento Inal\u00e1mbrico De 3 Gbps Y 4 Puertos Cableados Gigabit","isPartOf":{"@id":"https:\/\/compuviper.mx\/tienda\/#website"},"datePublished":"2026-04-18T07:15:26+00:00","dateModified":"2026-04-18T07:15:26+00:00","description":"Compra Gwn7661e Access Point | Wi-fi 6 Tecnolog\u00eda Mu-mimo Y Ofdma | Admite Hasta 256 Dispositivos Cliente Wi-fi Simult\u00e1neos | Rendimiento Inal\u00e1mbrico De 3 Gbps Y 4 Puertos Cableados Gigabit + Env\u00edo a domicilio + Pago seguro + Garant\u00eda","breadcrumb":{"@id":"https:\/\/compuviper.mx\/tienda\/producto\/grandstream-gwn7661e-access-point-wi-fi-6-tecnologa-mu-mimo-y-ofdma-admite-hasta-256-dispositivos-cliente-wi-fi-simultneos-rendimiento-inalmbrico-de-3-gbps-y-4-puertos-cableados-gigabit\/#breadcrumb"},"inLanguage":"es-MX","potentialAction":[{"@type":"ReadAction","target":["https:\/\/compuviper.mx\/tienda\/producto\/grandstream-gwn7661e-access-point-wi-fi-6-tecnologa-mu-mimo-y-ofdma-admite-hasta-256-dispositivos-cliente-wi-fi-simultneos-rendimiento-inalmbrico-de-3-gbps-y-4-puertos-cableados-gigabit\/"]}]},{"@type":"BreadcrumbList","@id":"https:\/\/compuviper.mx\/tienda\/producto\/grandstream-gwn7661e-access-point-wi-fi-6-tecnologa-mu-mimo-y-ofdma-admite-hasta-256-dispositivos-cliente-wi-fi-simultneos-rendimiento-inalmbrico-de-3-gbps-y-4-puertos-cableados-gigabit\/#breadcrumb","itemListElement":[{"@type":"ListItem","position":1,"name":"Inicio","item":"https:\/\/compuviper.mx\/tienda\/"},{"@type":"ListItem","position":2,"name":"Productos","item":"https:\/\/compuviper.mx\/tienda\/productos\/"},{"@type":"ListItem","position":3,"name":"Redes","item":"https:\/\/compuviper.mx\/tienda\/categoria-producto\/redes\/"},{"@type":"ListItem","position":4,"name":"Access Point","item":"https:\/\/compuviper.mx\/tienda\/categoria-producto\/redes\/access-point\/"},{"@type":"ListItem","position":5,"name":"Grandstream Gwn7661e Access Point | Wi-fi 6 Tecnolog?a Mu-mimo Y Ofdma | Admite Hasta 256 Dispositivos Cliente Wi-fi Simult?neos | Rendimiento Inal?mbrico De 3 Gbps Y 4 Puertos Cableados Gigabit"}]},{"@type":"WebSite","@id":"https:\/\/compuviper.mx\/tienda\/#website","url":"https:\/\/compuviper.mx\/tienda\/","name":"Compuviper","description":"Proveedor de Computadoras, Laptops, Servidores, Monitores, Puntos de Venta, Teclados,   Impresoras, T\u00f3ner, C\u00e1maras de Seguridad y m\u00e1s en tu tienda en l\u00ednea","publisher":{"@id":"https:\/\/compuviper.mx\/tienda\/#organization"},"potentialAction":[{"@type":"SearchAction","target":{"@type":"EntryPoint","urlTemplate":"https:\/\/compuviper.mx\/tienda\/?s={search_term_string}"},"query-input":"required name=search_term_string"}],"inLanguage":"es-MX"},{"@type":"Organization","@id":"https:\/\/compuviper.mx\/tienda\/#organization","name":"Compuviper","url":"https:\/\/compuviper.mx\/tienda\/","logo":{"@type":"ImageObject","inLanguage":"es-MX","@id":"https:\/\/compuviper.mx\/tienda\/#\/schema\/logo\/image\/","url":"https:\/\/compuviper.mx\/tienda\/wp-content\/uploads\/2021\/08\/Logo-Compuviper-10.png","contentUrl":"https:\/\/compuviper.mx\/tienda\/wp-content\/uploads\/2021\/08\/Logo-Compuviper-10.png","width":1000,"height":500,"caption":"Compuviper"},"image":{"@id":"https:\/\/compuviper.mx\/tienda\/#\/schema\/logo\/image\/"},"sameAs":["https:\/\/www.facebook.com\/compuviper","https:\/\/www.youtube.com\/channel\/UCf73dERp9Y3cfOq7q8BhLjA?view_as=subscriber"]}]},"product_brand":"GRANDSTREAM","product_price_amount":"1765","product_price_currency":"MXN","og_availability":"backorder","product_availability":"available for order","product_retailer_item_id":"GWN7661E","product_condition":"new"},"_links":{"self":[{"href":"https:\/\/compuviper.mx\/tienda\/wp-json\/wp\/v2\/product\/261747"}],"collection":[{"href":"https:\/\/compuviper.mx\/tienda\/wp-json\/wp\/v2\/product"}],"about":[{"href":"https:\/\/compuviper.mx\/tienda\/wp-json\/wp\/v2\/types\/product"}],"replies":[{"embeddable":true,"href":"https:\/\/compuviper.mx\/tienda\/wp-json\/wp\/v2\/comments?post=261747"}],"wp:attachment":[{"href":"https:\/\/compuviper.mx\/tienda\/wp-json\/wp\/v2\/media?parent=261747"}],"wp:term":[{"taxonomy":"product_cat","embeddable":true,"href":"https:\/\/compuviper.mx\/tienda\/wp-json\/wp\/v2\/product_cat?post=261747"},{"taxonomy":"product_tag","embeddable":true,"href":"https:\/\/compuviper.mx\/tienda\/wp-json\/wp\/v2\/product_tag?post=261747"}],"curies":[{"name":"wp","href":"https:\/\/api.w.org\/{rel}","templated":true}]}}