{"id":261744,"date":"2026-04-18T01:15:21","date_gmt":"2026-04-18T07:15:21","guid":{"rendered":"https:\/\/compuviper.mx\/tienda\/producto\/grandstream-gwn7816p-switch-capa-3-poe-administrable-48-puertos-10-100-1000-mbps-6-puertos-sfp-de-10-gigabits-hasta-740w-compatible-con-gwn-cloud\/"},"modified":"2026-04-18T01:15:21","modified_gmt":"2026-04-18T07:15:21","slug":"grandstream-gwn7816p-switch-capa-3-poe-administrable-48-puertos-10-100-1000-mbps-6-puertos-sfp-de-10-gigabits-hasta-740w-compatible-con-gwn-cloud","status":"publish","type":"product","link":"https:\/\/compuviper.mx\/tienda\/producto\/grandstream-gwn7816p-switch-capa-3-poe-administrable-48-puertos-10-100-1000-mbps-6-puertos-sfp-de-10-gigabits-hasta-740w-compatible-con-gwn-cloud\/","title":{"rendered":"Grandstream Gwn7816p Switch   | Capa 3 Poe+ Administrable | 48 Puertos 10\/100\/1000 Mbps + 6 Puertos Sfp+ De 10 Gigabits | Hasta 740w | Compatible Con Gwn Cloud."},"content":{"rendered":"<table class=\"descripcion\">\n<tr>\n<td>-caracter\u00edsticas principales:<\/td>\n<\/tr>\n<tr>\n<td>48 puertos rj45 de 10\/100\/1000 mbps poe+ hasta 740w con 1 psu.<\/td>\n<\/tr>\n<tr>\n<td>6 puertos sfp+ de 10 gigabits.<\/td>\n<\/tr>\n<tr>\n<td>Administrado por gwn.cloud, gwn manager y gwn700x  and<\/td>\n<\/tr>\n<tr>\n<td>Capacidad de conmutaci\u00f3n 216 gbps.<\/td>\n<\/tr>\n<tr>\n<td>Tasa de reenv\u00edo de paquetes 160.704 mpps.<\/td>\n<\/tr>\n<tr>\n<td>Agregaci\u00f3n de enlaces para aumentar el ancho de banda y mejorar la confiabilidad.<\/td>\n<\/tr>\n<tr>\n<td>Control de tormentas para evitar la interrupci\u00f3n del tr\u00e1fico causada por la transmisi\u00f3n, multidifusi\u00f3n o ciertos paquetes de unidifusi\u00f3n.<\/td>\n<\/tr>\n<tr>\n<td>Compatible con gwn cloud.<\/td>\n<\/tr>\n<tr>\n<td>3 a\u00f1os de garant\u00eda.<\/td>\n<\/tr>\n<tr>\n<td>-caracter\u00edsticas f\u00edsicas y el\u00e9ctricas:<\/td>\n<\/tr>\n<tr>\n<td>Peso 6 kg.<\/td>\n<\/tr>\n<tr>\n<td>Dimensiones 440 \u00d7 380 \u00d7 44 mm.<\/td>\n<\/tr>\n<tr>\n<td>Temperatura de funcionamiento: 0\u009645 \u00e2\u0084 and #401;.<\/td>\n<\/tr>\n<tr>\n<td>Temperatura de almacenamiento: -10\u009660 \u00e2\u0084 and #401;.<\/td>\n<\/tr>\n<tr>\n<td>Fuente de alimentaci\u00f3n 100-240 vac, 50\/60 hz, max. 6 a.<\/td>\n<\/tr>\n<tr>\n<td>Montable en rack<\/td>\n<\/tr>\n<tr>\n<td>-contenido:<\/td>\n<\/tr>\n<tr>\n<td>Switch gwn7816p<\/td>\n<\/tr>\n<tr>\n<td>1 cable de ca de 1,2 m (10 a)<\/td>\n<\/tr>\n<tr>\n<td>1 cable para conexi\u00f3n a tierra<\/td>\n<\/tr>\n<tr>\n<td>4 pies de goma<\/td>\n<\/tr>\n<tr>\n<td>2 kits de montaje en racks trasero<\/td>\n<\/tr>\n<tr>\n<td>2x deslizadores traseros<\/td>\n<\/tr>\n<tr>\n<td>16 tornillos (km 3*6)<\/td>\n<\/tr>\n<tr>\n<td>Gu\u00eda de instalaci\u00f3n.<\/td>\n<\/tr>\n<\/table>\n","protected":false},"excerpt":{"rendered":"<p>Los gwn7816(p) son conmutadores de red administrados de capa 3 de 48 puertos que permiten a las empresas construir redes comerciales escalables, seguras y de alto rendimiento que son completamente administrables. -48 puertos gigabit ethernet y 6 puertos sfp+ de 10 gigabit. -control de energ\u00eda inteligente para admitir la asignaci\u00f3n din\u00e1mica de energ\u00eda poe\/poe+, poe++ (gwn7816p) por puerto para los modelos poe. -admite implementaci\u00f3n en redes ipv6 e ipv4. Funciones de confiabilidad que incluyen detecci\u00f3n de fallas, protecci\u00f3n de dispositivos, arranque dual, redundancia de archivos de sistema dual, agregaci\u00f3n de enlaces, control de tormentas y m\u00e1s. -inspecci\u00f3n arp, protecci\u00f3n de origen ip, protecci\u00f3n dos, seguridad de puertos y vigilancia dhcp. -controlador integrado para administrar el conmutador, gdms networking y gwn manager, plataforma de administraci\u00f3n de red local y en la nube de grandstream, enrutador de la serie gwn, administraci\u00f3n cli. -la qos incorporada permite priorizar el tr\u00e1fico de la red. -admite apilamiento para una f\u00e1cil administraci\u00f3n en una interfaz mientras se crean copias de seguridad redundantes entre m\u00faltiples dispositivos<\/p>\n","protected":false},"featured_media":0,"comment_status":"open","ping_status":"open","template":"","meta":[],"product_cat":[1563,1564],"product_tag":[1576],"acf":[],"yoast_head":"<!-- This site is optimized with the Yoast SEO plugin v21.7 - https:\/\/yoast.com\/wordpress\/plugins\/seo\/ -->\n<title>[ Grandstream ] &#129351; Gwn7816p Switch | Capa 3 Poe+ Administrable | 48 Puertos 10\/100\/1000 Mbps + 6 Puertos Sfp+ De 10 Gigabits | Hasta 740w | Compatible Con Gwn Cloud.<\/title>\n<meta name=\"description\" content=\"Compra Gwn7816p Switch | Capa 3 Poe+ Administrable | 48 Puertos 10\/100\/1000 Mbps + 6 Puertos Sfp+ De 10 Gigabits | Hasta 740w | Compatible Con Gwn Cloud. + Env\u00edo a domicilio + Pago seguro + Garant\u00eda\" \/>\n<meta name=\"robots\" content=\"index, follow, max-snippet:-1, max-image-preview:large, max-video-preview:-1\" \/>\n<link rel=\"canonical\" href=\"https:\/\/compuviper.mx\/tienda\/producto\/grandstream-gwn7816p-switch-capa-3-poe-administrable-48-puertos-10-100-1000-mbps-6-puertos-sfp-de-10-gigabits-hasta-740w-compatible-con-gwn-cloud\/\" \/>\n<meta property=\"og:locale\" content=\"es_MX\" \/>\n<meta property=\"og:type\" content=\"article\" \/>\n<meta property=\"og:title\" content=\"[ Grandstream ] &#129351; Gwn7816p Switch | Capa 3 Poe+ Administrable | 48 Puertos 10\/100\/1000 Mbps + 6 Puertos Sfp+ De 10 Gigabits | Hasta 740w | Compatible Con Gwn Cloud.\" \/>\n<meta property=\"og:description\" content=\"Compra Gwn7816p Switch | Capa 3 Poe+ Administrable | 48 Puertos 10\/100\/1000 Mbps + 6 Puertos Sfp+ De 10 Gigabits | Hasta 740w | Compatible Con Gwn Cloud. + Env\u00edo a domicilio + Pago seguro + Garant\u00eda\" \/>\n<meta property=\"og:url\" content=\"https:\/\/compuviper.mx\/tienda\/producto\/grandstream-gwn7816p-switch-capa-3-poe-administrable-48-puertos-10-100-1000-mbps-6-puertos-sfp-de-10-gigabits-hasta-740w-compatible-con-gwn-cloud\/\" \/>\n<meta property=\"og:site_name\" content=\"Compuviper\" \/>\n<meta property=\"article:publisher\" content=\"https:\/\/www.facebook.com\/compuviper\" \/>\n<meta name=\"twitter:card\" content=\"summary_large_image\" \/>\n<meta name=\"twitter:label1\" content=\"Precio\" \/>\n\t<meta name=\"twitter:data1\" content=\"&#36;13,693 con IVA\" \/>\n\t<meta name=\"twitter:label2\" content=\"Availability\" \/>\n\t<meta name=\"twitter:data2\" content=\"On backorder\" \/>\n<script type=\"application\/ld+json\" class=\"yoast-schema-graph\">{\"@context\":\"https:\/\/schema.org\",\"@graph\":[{\"@type\":\"WebPage\",\"@id\":\"https:\/\/compuviper.mx\/tienda\/producto\/grandstream-gwn7816p-switch-capa-3-poe-administrable-48-puertos-10-100-1000-mbps-6-puertos-sfp-de-10-gigabits-hasta-740w-compatible-con-gwn-cloud\/\",\"url\":\"https:\/\/compuviper.mx\/tienda\/producto\/grandstream-gwn7816p-switch-capa-3-poe-administrable-48-puertos-10-100-1000-mbps-6-puertos-sfp-de-10-gigabits-hasta-740w-compatible-con-gwn-cloud\/\",\"name\":\"[ Grandstream ] &#129351; Gwn7816p Switch | Capa 3 Poe+ Administrable | 48 Puertos 10\/100\/1000 Mbps + 6 Puertos Sfp+ De 10 Gigabits | Hasta 740w | Compatible Con Gwn Cloud.\",\"isPartOf\":{\"@id\":\"https:\/\/compuviper.mx\/tienda\/#website\"},\"datePublished\":\"2026-04-18T07:15:21+00:00\",\"dateModified\":\"2026-04-18T07:15:21+00:00\",\"description\":\"Compra Gwn7816p Switch | Capa 3 Poe+ Administrable | 48 Puertos 10\/100\/1000 Mbps + 6 Puertos Sfp+ De 10 Gigabits | Hasta 740w | Compatible Con Gwn Cloud. + Env\u00edo a domicilio + Pago seguro + Garant\u00eda\",\"breadcrumb\":{\"@id\":\"https:\/\/compuviper.mx\/tienda\/producto\/grandstream-gwn7816p-switch-capa-3-poe-administrable-48-puertos-10-100-1000-mbps-6-puertos-sfp-de-10-gigabits-hasta-740w-compatible-con-gwn-cloud\/#breadcrumb\"},\"inLanguage\":\"es-MX\",\"potentialAction\":[{\"@type\":\"ReadAction\",\"target\":[\"https:\/\/compuviper.mx\/tienda\/producto\/grandstream-gwn7816p-switch-capa-3-poe-administrable-48-puertos-10-100-1000-mbps-6-puertos-sfp-de-10-gigabits-hasta-740w-compatible-con-gwn-cloud\/\"]}]},{\"@type\":\"BreadcrumbList\",\"@id\":\"https:\/\/compuviper.mx\/tienda\/producto\/grandstream-gwn7816p-switch-capa-3-poe-administrable-48-puertos-10-100-1000-mbps-6-puertos-sfp-de-10-gigabits-hasta-740w-compatible-con-gwn-cloud\/#breadcrumb\",\"itemListElement\":[{\"@type\":\"ListItem\",\"position\":1,\"name\":\"Inicio\",\"item\":\"https:\/\/compuviper.mx\/tienda\/\"},{\"@type\":\"ListItem\",\"position\":2,\"name\":\"Productos\",\"item\":\"https:\/\/compuviper.mx\/tienda\/productos\/\"},{\"@type\":\"ListItem\",\"position\":3,\"name\":\"Redes\",\"item\":\"https:\/\/compuviper.mx\/tienda\/categoria-producto\/redes\/\"},{\"@type\":\"ListItem\",\"position\":4,\"name\":\"Switch\",\"item\":\"https:\/\/compuviper.mx\/tienda\/categoria-producto\/redes\/switch\/\"},{\"@type\":\"ListItem\",\"position\":5,\"name\":\"Grandstream Gwn7816p Switch | Capa 3 Poe+ Administrable | 48 Puertos 10\/100\/1000 Mbps + 6 Puertos Sfp+ De 10 Gigabits | Hasta 740w | Compatible Con Gwn Cloud.\"}]},{\"@type\":\"WebSite\",\"@id\":\"https:\/\/compuviper.mx\/tienda\/#website\",\"url\":\"https:\/\/compuviper.mx\/tienda\/\",\"name\":\"Compuviper\",\"description\":\"Proveedor de Computadoras, Laptops, Servidores, Monitores, Puntos de Venta, Teclados,   Impresoras, T\u00f3ner, C\u00e1maras de Seguridad y m\u00e1s en tu tienda en l\u00ednea\",\"publisher\":{\"@id\":\"https:\/\/compuviper.mx\/tienda\/#organization\"},\"potentialAction\":[{\"@type\":\"SearchAction\",\"target\":{\"@type\":\"EntryPoint\",\"urlTemplate\":\"https:\/\/compuviper.mx\/tienda\/?s={search_term_string}\"},\"query-input\":\"required name=search_term_string\"}],\"inLanguage\":\"es-MX\"},{\"@type\":\"Organization\",\"@id\":\"https:\/\/compuviper.mx\/tienda\/#organization\",\"name\":\"Compuviper\",\"url\":\"https:\/\/compuviper.mx\/tienda\/\",\"logo\":{\"@type\":\"ImageObject\",\"inLanguage\":\"es-MX\",\"@id\":\"https:\/\/compuviper.mx\/tienda\/#\/schema\/logo\/image\/\",\"url\":\"https:\/\/compuviper.mx\/tienda\/wp-content\/uploads\/2021\/08\/Logo-Compuviper-10.png\",\"contentUrl\":\"https:\/\/compuviper.mx\/tienda\/wp-content\/uploads\/2021\/08\/Logo-Compuviper-10.png\",\"width\":1000,\"height\":500,\"caption\":\"Compuviper\"},\"image\":{\"@id\":\"https:\/\/compuviper.mx\/tienda\/#\/schema\/logo\/image\/\"},\"sameAs\":[\"https:\/\/www.facebook.com\/compuviper\",\"https:\/\/www.youtube.com\/channel\/UCf73dERp9Y3cfOq7q8BhLjA?view_as=subscriber\"]}]}<\/script>\n<meta property=\"product:brand\" content=\"GRANDSTREAM\" \/>\n<meta property=\"product:price:amount\" content=\"13693\" \/>\n<meta property=\"product:price:currency\" content=\"MXN\" \/>\n<meta property=\"og:availability\" content=\"backorder\" \/>\n<meta property=\"product:availability\" content=\"available for order\" \/>\n<meta property=\"product:retailer_item_id\" content=\"GWN7816P\" \/>\n<meta property=\"product:condition\" content=\"new\" \/>\n<!-- \/ Yoast SEO plugin. -->","yoast_head_json":{"title":"[ Grandstream ] &#129351; Gwn7816p Switch | Capa 3 Poe+ Administrable | 48 Puertos 10\/100\/1000 Mbps + 6 Puertos Sfp+ De 10 Gigabits | Hasta 740w | Compatible Con Gwn Cloud.","description":"Compra Gwn7816p Switch | Capa 3 Poe+ Administrable | 48 Puertos 10\/100\/1000 Mbps + 6 Puertos Sfp+ De 10 Gigabits | Hasta 740w | Compatible Con Gwn Cloud. + Env\u00edo a domicilio + Pago seguro + Garant\u00eda","robots":{"index":"index","follow":"follow","max-snippet":"max-snippet:-1","max-image-preview":"max-image-preview:large","max-video-preview":"max-video-preview:-1"},"canonical":"https:\/\/compuviper.mx\/tienda\/producto\/grandstream-gwn7816p-switch-capa-3-poe-administrable-48-puertos-10-100-1000-mbps-6-puertos-sfp-de-10-gigabits-hasta-740w-compatible-con-gwn-cloud\/","og_locale":"es_MX","og_type":"article","og_title":"[ Grandstream ] &#129351; Gwn7816p Switch | Capa 3 Poe+ Administrable | 48 Puertos 10\/100\/1000 Mbps + 6 Puertos Sfp+ De 10 Gigabits | Hasta 740w | Compatible Con Gwn Cloud.","og_description":"Compra Gwn7816p Switch | Capa 3 Poe+ Administrable | 48 Puertos 10\/100\/1000 Mbps + 6 Puertos Sfp+ De 10 Gigabits | Hasta 740w | Compatible Con Gwn Cloud. + Env\u00edo a domicilio + Pago seguro + Garant\u00eda","og_url":"https:\/\/compuviper.mx\/tienda\/producto\/grandstream-gwn7816p-switch-capa-3-poe-administrable-48-puertos-10-100-1000-mbps-6-puertos-sfp-de-10-gigabits-hasta-740w-compatible-con-gwn-cloud\/","og_site_name":"Compuviper","article_publisher":"https:\/\/www.facebook.com\/compuviper","twitter_card":"summary_large_image","twitter_misc":{"Precio":"&#36;13,693 con IVA","Availability":"On backorder"},"schema":{"@context":"https:\/\/schema.org","@graph":[{"@type":"WebPage","@id":"https:\/\/compuviper.mx\/tienda\/producto\/grandstream-gwn7816p-switch-capa-3-poe-administrable-48-puertos-10-100-1000-mbps-6-puertos-sfp-de-10-gigabits-hasta-740w-compatible-con-gwn-cloud\/","url":"https:\/\/compuviper.mx\/tienda\/producto\/grandstream-gwn7816p-switch-capa-3-poe-administrable-48-puertos-10-100-1000-mbps-6-puertos-sfp-de-10-gigabits-hasta-740w-compatible-con-gwn-cloud\/","name":"[ Grandstream ] &#129351; Gwn7816p Switch | Capa 3 Poe+ Administrable | 48 Puertos 10\/100\/1000 Mbps + 6 Puertos Sfp+ De 10 Gigabits | Hasta 740w | Compatible Con Gwn Cloud.","isPartOf":{"@id":"https:\/\/compuviper.mx\/tienda\/#website"},"datePublished":"2026-04-18T07:15:21+00:00","dateModified":"2026-04-18T07:15:21+00:00","description":"Compra Gwn7816p Switch | Capa 3 Poe+ Administrable | 48 Puertos 10\/100\/1000 Mbps + 6 Puertos Sfp+ De 10 Gigabits | Hasta 740w | Compatible Con Gwn Cloud. + Env\u00edo a domicilio + Pago seguro + Garant\u00eda","breadcrumb":{"@id":"https:\/\/compuviper.mx\/tienda\/producto\/grandstream-gwn7816p-switch-capa-3-poe-administrable-48-puertos-10-100-1000-mbps-6-puertos-sfp-de-10-gigabits-hasta-740w-compatible-con-gwn-cloud\/#breadcrumb"},"inLanguage":"es-MX","potentialAction":[{"@type":"ReadAction","target":["https:\/\/compuviper.mx\/tienda\/producto\/grandstream-gwn7816p-switch-capa-3-poe-administrable-48-puertos-10-100-1000-mbps-6-puertos-sfp-de-10-gigabits-hasta-740w-compatible-con-gwn-cloud\/"]}]},{"@type":"BreadcrumbList","@id":"https:\/\/compuviper.mx\/tienda\/producto\/grandstream-gwn7816p-switch-capa-3-poe-administrable-48-puertos-10-100-1000-mbps-6-puertos-sfp-de-10-gigabits-hasta-740w-compatible-con-gwn-cloud\/#breadcrumb","itemListElement":[{"@type":"ListItem","position":1,"name":"Inicio","item":"https:\/\/compuviper.mx\/tienda\/"},{"@type":"ListItem","position":2,"name":"Productos","item":"https:\/\/compuviper.mx\/tienda\/productos\/"},{"@type":"ListItem","position":3,"name":"Redes","item":"https:\/\/compuviper.mx\/tienda\/categoria-producto\/redes\/"},{"@type":"ListItem","position":4,"name":"Switch","item":"https:\/\/compuviper.mx\/tienda\/categoria-producto\/redes\/switch\/"},{"@type":"ListItem","position":5,"name":"Grandstream Gwn7816p Switch | Capa 3 Poe+ Administrable | 48 Puertos 10\/100\/1000 Mbps + 6 Puertos Sfp+ De 10 Gigabits | Hasta 740w | Compatible Con Gwn Cloud."}]},{"@type":"WebSite","@id":"https:\/\/compuviper.mx\/tienda\/#website","url":"https:\/\/compuviper.mx\/tienda\/","name":"Compuviper","description":"Proveedor de Computadoras, Laptops, Servidores, Monitores, Puntos de Venta, Teclados,   Impresoras, T\u00f3ner, C\u00e1maras de Seguridad y m\u00e1s en tu tienda en l\u00ednea","publisher":{"@id":"https:\/\/compuviper.mx\/tienda\/#organization"},"potentialAction":[{"@type":"SearchAction","target":{"@type":"EntryPoint","urlTemplate":"https:\/\/compuviper.mx\/tienda\/?s={search_term_string}"},"query-input":"required name=search_term_string"}],"inLanguage":"es-MX"},{"@type":"Organization","@id":"https:\/\/compuviper.mx\/tienda\/#organization","name":"Compuviper","url":"https:\/\/compuviper.mx\/tienda\/","logo":{"@type":"ImageObject","inLanguage":"es-MX","@id":"https:\/\/compuviper.mx\/tienda\/#\/schema\/logo\/image\/","url":"https:\/\/compuviper.mx\/tienda\/wp-content\/uploads\/2021\/08\/Logo-Compuviper-10.png","contentUrl":"https:\/\/compuviper.mx\/tienda\/wp-content\/uploads\/2021\/08\/Logo-Compuviper-10.png","width":1000,"height":500,"caption":"Compuviper"},"image":{"@id":"https:\/\/compuviper.mx\/tienda\/#\/schema\/logo\/image\/"},"sameAs":["https:\/\/www.facebook.com\/compuviper","https:\/\/www.youtube.com\/channel\/UCf73dERp9Y3cfOq7q8BhLjA?view_as=subscriber"]}]},"product_brand":"GRANDSTREAM","product_price_amount":"13693","product_price_currency":"MXN","og_availability":"backorder","product_availability":"available for order","product_retailer_item_id":"GWN7816P","product_condition":"new"},"_links":{"self":[{"href":"https:\/\/compuviper.mx\/tienda\/wp-json\/wp\/v2\/product\/261744"}],"collection":[{"href":"https:\/\/compuviper.mx\/tienda\/wp-json\/wp\/v2\/product"}],"about":[{"href":"https:\/\/compuviper.mx\/tienda\/wp-json\/wp\/v2\/types\/product"}],"replies":[{"embeddable":true,"href":"https:\/\/compuviper.mx\/tienda\/wp-json\/wp\/v2\/comments?post=261744"}],"wp:attachment":[{"href":"https:\/\/compuviper.mx\/tienda\/wp-json\/wp\/v2\/media?parent=261744"}],"wp:term":[{"taxonomy":"product_cat","embeddable":true,"href":"https:\/\/compuviper.mx\/tienda\/wp-json\/wp\/v2\/product_cat?post=261744"},{"taxonomy":"product_tag","embeddable":true,"href":"https:\/\/compuviper.mx\/tienda\/wp-json\/wp\/v2\/product_tag?post=261744"}],"curies":[{"name":"wp","href":"https:\/\/api.w.org\/{rel}","templated":true}]}}