{"id":261743,"date":"2026-04-18T01:15:19","date_gmt":"2026-04-18T07:15:19","guid":{"rendered":"https:\/\/compuviper.mx\/tienda\/producto\/grandstream-gwn7665-access-point-wi-fi-6e-mu-mimo-2x22-con-tecnologa-dl-ul-ofdma-con-administracin-desde-la-nube-gratuita-o-stand-alone-alcance-de-cobertura-de-hasta-175-metros\/"},"modified":"2026-04-18T01:15:20","modified_gmt":"2026-04-18T07:15:20","slug":"grandstream-gwn7665-access-point-wi-fi-6e-mu-mimo-2x22-con-tecnologa-dl-ul-ofdma-con-administracin-desde-la-nube-gratuita-o-stand-alone-alcance-de-cobertura-de-hasta-175-metros","status":"publish","type":"product","link":"https:\/\/compuviper.mx\/tienda\/producto\/grandstream-gwn7665-access-point-wi-fi-6e-mu-mimo-2x22-con-tecnologa-dl-ul-ofdma-con-administracin-desde-la-nube-gratuita-o-stand-alone-alcance-de-cobertura-de-hasta-175-metros\/","title":{"rendered":"Grandstream Gwn7665 Access Point    | Wi-fi 6e Mu-mimo 2&#215;2:2 Con Tecnolog?a Dl\/ul Ofdma | Con Administraci?n Desde La Nube Gratuita O Stand-alone |  Alcance De Cobertura De Hasta 175 Metros"},"content":{"rendered":"<table class=\"descripcion\">\n<tr>\n<td>Throughput de 5.4 gbps puertos al\u00e1mbricos de 3.5 gigabit<\/td>\n<\/tr>\n<tr>\n<td>Tribanda 2&#215;2:2 mu-mimo con tecnolog\u00eda dl\/ul ofdma<\/td>\n<\/tr>\n<tr>\n<td>Alcance de cobertura de hasta 175 metros<\/td>\n<\/tr>\n<tr>\n<td>Soporta 384 clientes wi-fi simult\u00e1neos<\/td>\n<\/tr>\n<tr>\n<td>Qos avanzada para garantizar el rendimiento en tiempo real de las aplicaciones de baja latencia<\/td>\n<\/tr>\n<tr>\n<td>Arranque seguro anti-pirater\u00eda y bloqueo de control \/ datos cr\u00edticos a trav\u00e9s de firmas digitales, certificado de seguridad \u00fanico \/ contrase\u00f1a predeterminada aleatoria por dispositivo<\/td>\n<\/tr>\n<tr>\n<td>Adaptaci\u00f3n de autoalimentaci\u00f3n tras la detecci\u00f3n autom\u00e1tica de poe o poe +<\/td>\n<\/tr>\n<tr>\n<td>El controlador integrado puede administrar hasta 50 ap locales de la serie gwn; gwn.cloud ofrece administraci\u00f3n de ap ilimitada; gwn manager ofrece un controlador de software basado en las instalaciones<\/td>\n<\/tr>\n<tr>\n<td>No incluye poe (poe recomendado modelo: g0720-480-050)<\/td>\n<\/tr>\n<\/table>\n","protected":false},"excerpt":{"rendered":"<p>El gwn7665 es un potente punto de acceso wi-fi 6e de nivel empresarial, ideal para peque\u00f1as y medianas empresas, edificios de varios pisos, entornos residenciales e instalaciones comerciales. Este ap wi-fi es ideal para implementaciones de voz sobre wi-fi y ofrece una conexi\u00f3n perfecta con los tel\u00e9fonos ip con capacidad wi-fi de grandstream. El gwn7665 es un punto de acceso excelente para implementaciones de redes inal\u00e1mbricas de nivel empresarial con densidad de usuarios de media a alta.<\/p>\n","protected":false},"featured_media":0,"comment_status":"open","ping_status":"open","template":"","meta":[],"product_cat":[1754,1563],"product_tag":[1576],"acf":[],"yoast_head":"<!-- This site is optimized with the Yoast SEO plugin v21.7 - https:\/\/yoast.com\/wordpress\/plugins\/seo\/ -->\n<title>[ Grandstream ] &#129351; Gwn7665 Access Point | Wi-fi 6e Mu-mimo 2x2:2 Con Tecnolog\u00eda Dl\/ul Ofdma | Con Administraci\u00f3n Desde La Nube Gratuita O Stand-alone | Alcance De Cobertura De Hasta 175 Metros<\/title>\n<meta name=\"description\" content=\"Compra Gwn7665 Access Point | Wi-fi 6e Mu-mimo 2x2:2 Con Tecnolog\u00eda Dl\/ul Ofdma | Con Administraci\u00f3n Desde La Nube Gratuita O Stand-alone | Alcance De Cobertura De Hasta 175 Metros + Env\u00edo a domicilio + Pago seguro + Garant\u00eda\" \/>\n<meta name=\"robots\" content=\"index, follow, max-snippet:-1, max-image-preview:large, max-video-preview:-1\" \/>\n<link rel=\"canonical\" href=\"https:\/\/compuviper.mx\/tienda\/producto\/grandstream-gwn7665-access-point-wi-fi-6e-mu-mimo-2x22-con-tecnologa-dl-ul-ofdma-con-administracin-desde-la-nube-gratuita-o-stand-alone-alcance-de-cobertura-de-hasta-175-metros\/\" \/>\n<meta property=\"og:locale\" content=\"es_MX\" \/>\n<meta property=\"og:type\" content=\"article\" \/>\n<meta property=\"og:title\" content=\"[ Grandstream ] &#129351; Gwn7665 Access Point | Wi-fi 6e Mu-mimo 2x2:2 Con Tecnolog\u00eda Dl\/ul Ofdma | Con Administraci\u00f3n Desde La Nube Gratuita O Stand-alone | Alcance De Cobertura De Hasta 175 Metros\" \/>\n<meta property=\"og:description\" content=\"Compra Gwn7665 Access Point | Wi-fi 6e Mu-mimo 2x2:2 Con Tecnolog\u00eda Dl\/ul Ofdma | Con Administraci\u00f3n Desde La Nube Gratuita O Stand-alone | Alcance De Cobertura De Hasta 175 Metros + Env\u00edo a domicilio + Pago seguro + Garant\u00eda\" \/>\n<meta property=\"og:url\" content=\"https:\/\/compuviper.mx\/tienda\/producto\/grandstream-gwn7665-access-point-wi-fi-6e-mu-mimo-2x22-con-tecnologa-dl-ul-ofdma-con-administracin-desde-la-nube-gratuita-o-stand-alone-alcance-de-cobertura-de-hasta-175-metros\/\" \/>\n<meta property=\"og:site_name\" content=\"Compuviper\" \/>\n<meta property=\"article:publisher\" content=\"https:\/\/www.facebook.com\/compuviper\" \/>\n<meta property=\"article:modified_time\" content=\"2026-04-18T07:15:20+00:00\" \/>\n<meta name=\"twitter:card\" content=\"summary_large_image\" \/>\n<meta name=\"twitter:label1\" content=\"Precio\" \/>\n\t<meta name=\"twitter:data1\" content=\"&#36;2,179 con IVA\" \/>\n\t<meta name=\"twitter:label2\" content=\"Availability\" \/>\n\t<meta name=\"twitter:data2\" content=\"On backorder\" \/>\n<script type=\"application\/ld+json\" class=\"yoast-schema-graph\">{\"@context\":\"https:\/\/schema.org\",\"@graph\":[{\"@type\":\"WebPage\",\"@id\":\"https:\/\/compuviper.mx\/tienda\/producto\/grandstream-gwn7665-access-point-wi-fi-6e-mu-mimo-2x22-con-tecnologa-dl-ul-ofdma-con-administracin-desde-la-nube-gratuita-o-stand-alone-alcance-de-cobertura-de-hasta-175-metros\/\",\"url\":\"https:\/\/compuviper.mx\/tienda\/producto\/grandstream-gwn7665-access-point-wi-fi-6e-mu-mimo-2x22-con-tecnologa-dl-ul-ofdma-con-administracin-desde-la-nube-gratuita-o-stand-alone-alcance-de-cobertura-de-hasta-175-metros\/\",\"name\":\"[ Grandstream ] &#129351; Gwn7665 Access Point | Wi-fi 6e Mu-mimo 2x2:2 Con Tecnolog\u00eda Dl\/ul Ofdma | Con Administraci\u00f3n Desde La Nube Gratuita O Stand-alone | Alcance De Cobertura De Hasta 175 Metros\",\"isPartOf\":{\"@id\":\"https:\/\/compuviper.mx\/tienda\/#website\"},\"datePublished\":\"2026-04-18T07:15:19+00:00\",\"dateModified\":\"2026-04-18T07:15:20+00:00\",\"description\":\"Compra Gwn7665 Access Point | Wi-fi 6e Mu-mimo 2x2:2 Con Tecnolog\u00eda Dl\/ul Ofdma | Con Administraci\u00f3n Desde La Nube Gratuita O Stand-alone | Alcance De Cobertura De Hasta 175 Metros + Env\u00edo a domicilio + Pago seguro + Garant\u00eda\",\"breadcrumb\":{\"@id\":\"https:\/\/compuviper.mx\/tienda\/producto\/grandstream-gwn7665-access-point-wi-fi-6e-mu-mimo-2x22-con-tecnologa-dl-ul-ofdma-con-administracin-desde-la-nube-gratuita-o-stand-alone-alcance-de-cobertura-de-hasta-175-metros\/#breadcrumb\"},\"inLanguage\":\"es-MX\",\"potentialAction\":[{\"@type\":\"ReadAction\",\"target\":[\"https:\/\/compuviper.mx\/tienda\/producto\/grandstream-gwn7665-access-point-wi-fi-6e-mu-mimo-2x22-con-tecnologa-dl-ul-ofdma-con-administracin-desde-la-nube-gratuita-o-stand-alone-alcance-de-cobertura-de-hasta-175-metros\/\"]}]},{\"@type\":\"BreadcrumbList\",\"@id\":\"https:\/\/compuviper.mx\/tienda\/producto\/grandstream-gwn7665-access-point-wi-fi-6e-mu-mimo-2x22-con-tecnologa-dl-ul-ofdma-con-administracin-desde-la-nube-gratuita-o-stand-alone-alcance-de-cobertura-de-hasta-175-metros\/#breadcrumb\",\"itemListElement\":[{\"@type\":\"ListItem\",\"position\":1,\"name\":\"Inicio\",\"item\":\"https:\/\/compuviper.mx\/tienda\/\"},{\"@type\":\"ListItem\",\"position\":2,\"name\":\"Productos\",\"item\":\"https:\/\/compuviper.mx\/tienda\/productos\/\"},{\"@type\":\"ListItem\",\"position\":3,\"name\":\"Redes\",\"item\":\"https:\/\/compuviper.mx\/tienda\/categoria-producto\/redes\/\"},{\"@type\":\"ListItem\",\"position\":4,\"name\":\"Access Point\",\"item\":\"https:\/\/compuviper.mx\/tienda\/categoria-producto\/redes\/access-point\/\"},{\"@type\":\"ListItem\",\"position\":5,\"name\":\"Grandstream Gwn7665 Access Point | Wi-fi 6e Mu-mimo 2&#215;2:2 Con Tecnolog?a Dl\/ul Ofdma | Con Administraci?n Desde La Nube Gratuita O Stand-alone | Alcance De Cobertura De Hasta 175 Metros\"}]},{\"@type\":\"WebSite\",\"@id\":\"https:\/\/compuviper.mx\/tienda\/#website\",\"url\":\"https:\/\/compuviper.mx\/tienda\/\",\"name\":\"Compuviper\",\"description\":\"Proveedor de Computadoras, Laptops, Servidores, Monitores, Puntos de Venta, Teclados,   Impresoras, T\u00f3ner, C\u00e1maras de Seguridad y m\u00e1s en tu tienda en l\u00ednea\",\"publisher\":{\"@id\":\"https:\/\/compuviper.mx\/tienda\/#organization\"},\"potentialAction\":[{\"@type\":\"SearchAction\",\"target\":{\"@type\":\"EntryPoint\",\"urlTemplate\":\"https:\/\/compuviper.mx\/tienda\/?s={search_term_string}\"},\"query-input\":\"required name=search_term_string\"}],\"inLanguage\":\"es-MX\"},{\"@type\":\"Organization\",\"@id\":\"https:\/\/compuviper.mx\/tienda\/#organization\",\"name\":\"Compuviper\",\"url\":\"https:\/\/compuviper.mx\/tienda\/\",\"logo\":{\"@type\":\"ImageObject\",\"inLanguage\":\"es-MX\",\"@id\":\"https:\/\/compuviper.mx\/tienda\/#\/schema\/logo\/image\/\",\"url\":\"https:\/\/compuviper.mx\/tienda\/wp-content\/uploads\/2021\/08\/Logo-Compuviper-10.png\",\"contentUrl\":\"https:\/\/compuviper.mx\/tienda\/wp-content\/uploads\/2021\/08\/Logo-Compuviper-10.png\",\"width\":1000,\"height\":500,\"caption\":\"Compuviper\"},\"image\":{\"@id\":\"https:\/\/compuviper.mx\/tienda\/#\/schema\/logo\/image\/\"},\"sameAs\":[\"https:\/\/www.facebook.com\/compuviper\",\"https:\/\/www.youtube.com\/channel\/UCf73dERp9Y3cfOq7q8BhLjA?view_as=subscriber\"]}]}<\/script>\n<meta property=\"product:brand\" content=\"GRANDSTREAM\" \/>\n<meta property=\"product:price:amount\" content=\"2179\" \/>\n<meta property=\"product:price:currency\" content=\"MXN\" \/>\n<meta property=\"og:availability\" content=\"backorder\" \/>\n<meta property=\"product:availability\" content=\"available for order\" \/>\n<meta property=\"product:retailer_item_id\" content=\"GWN7665\" \/>\n<meta property=\"product:condition\" content=\"new\" \/>\n<!-- \/ Yoast SEO plugin. -->","yoast_head_json":{"title":"[ Grandstream ] &#129351; Gwn7665 Access Point | Wi-fi 6e Mu-mimo 2x2:2 Con Tecnolog\u00eda Dl\/ul Ofdma | Con Administraci\u00f3n Desde La Nube Gratuita O Stand-alone | Alcance De Cobertura De Hasta 175 Metros","description":"Compra Gwn7665 Access Point | Wi-fi 6e Mu-mimo 2x2:2 Con Tecnolog\u00eda Dl\/ul Ofdma | Con Administraci\u00f3n Desde La Nube Gratuita O Stand-alone | Alcance De Cobertura De Hasta 175 Metros + Env\u00edo a domicilio + Pago seguro + Garant\u00eda","robots":{"index":"index","follow":"follow","max-snippet":"max-snippet:-1","max-image-preview":"max-image-preview:large","max-video-preview":"max-video-preview:-1"},"canonical":"https:\/\/compuviper.mx\/tienda\/producto\/grandstream-gwn7665-access-point-wi-fi-6e-mu-mimo-2x22-con-tecnologa-dl-ul-ofdma-con-administracin-desde-la-nube-gratuita-o-stand-alone-alcance-de-cobertura-de-hasta-175-metros\/","og_locale":"es_MX","og_type":"article","og_title":"[ Grandstream ] &#129351; Gwn7665 Access Point | Wi-fi 6e Mu-mimo 2x2:2 Con Tecnolog\u00eda Dl\/ul Ofdma | Con Administraci\u00f3n Desde La Nube Gratuita O Stand-alone | Alcance De Cobertura De Hasta 175 Metros","og_description":"Compra Gwn7665 Access Point | Wi-fi 6e Mu-mimo 2x2:2 Con Tecnolog\u00eda Dl\/ul Ofdma | Con Administraci\u00f3n Desde La Nube Gratuita O Stand-alone | Alcance De Cobertura De Hasta 175 Metros + Env\u00edo a domicilio + Pago seguro + Garant\u00eda","og_url":"https:\/\/compuviper.mx\/tienda\/producto\/grandstream-gwn7665-access-point-wi-fi-6e-mu-mimo-2x22-con-tecnologa-dl-ul-ofdma-con-administracin-desde-la-nube-gratuita-o-stand-alone-alcance-de-cobertura-de-hasta-175-metros\/","og_site_name":"Compuviper","article_publisher":"https:\/\/www.facebook.com\/compuviper","article_modified_time":"2026-04-18T07:15:20+00:00","twitter_card":"summary_large_image","twitter_misc":{"Precio":"&#36;2,179 con IVA","Availability":"On backorder"},"schema":{"@context":"https:\/\/schema.org","@graph":[{"@type":"WebPage","@id":"https:\/\/compuviper.mx\/tienda\/producto\/grandstream-gwn7665-access-point-wi-fi-6e-mu-mimo-2x22-con-tecnologa-dl-ul-ofdma-con-administracin-desde-la-nube-gratuita-o-stand-alone-alcance-de-cobertura-de-hasta-175-metros\/","url":"https:\/\/compuviper.mx\/tienda\/producto\/grandstream-gwn7665-access-point-wi-fi-6e-mu-mimo-2x22-con-tecnologa-dl-ul-ofdma-con-administracin-desde-la-nube-gratuita-o-stand-alone-alcance-de-cobertura-de-hasta-175-metros\/","name":"[ Grandstream ] &#129351; Gwn7665 Access Point | Wi-fi 6e Mu-mimo 2x2:2 Con Tecnolog\u00eda Dl\/ul Ofdma | Con Administraci\u00f3n Desde La Nube Gratuita O Stand-alone | Alcance De Cobertura De Hasta 175 Metros","isPartOf":{"@id":"https:\/\/compuviper.mx\/tienda\/#website"},"datePublished":"2026-04-18T07:15:19+00:00","dateModified":"2026-04-18T07:15:20+00:00","description":"Compra Gwn7665 Access Point | Wi-fi 6e Mu-mimo 2x2:2 Con Tecnolog\u00eda Dl\/ul Ofdma | Con Administraci\u00f3n Desde La Nube Gratuita O Stand-alone | Alcance De Cobertura De Hasta 175 Metros + Env\u00edo a domicilio + Pago seguro + Garant\u00eda","breadcrumb":{"@id":"https:\/\/compuviper.mx\/tienda\/producto\/grandstream-gwn7665-access-point-wi-fi-6e-mu-mimo-2x22-con-tecnologa-dl-ul-ofdma-con-administracin-desde-la-nube-gratuita-o-stand-alone-alcance-de-cobertura-de-hasta-175-metros\/#breadcrumb"},"inLanguage":"es-MX","potentialAction":[{"@type":"ReadAction","target":["https:\/\/compuviper.mx\/tienda\/producto\/grandstream-gwn7665-access-point-wi-fi-6e-mu-mimo-2x22-con-tecnologa-dl-ul-ofdma-con-administracin-desde-la-nube-gratuita-o-stand-alone-alcance-de-cobertura-de-hasta-175-metros\/"]}]},{"@type":"BreadcrumbList","@id":"https:\/\/compuviper.mx\/tienda\/producto\/grandstream-gwn7665-access-point-wi-fi-6e-mu-mimo-2x22-con-tecnologa-dl-ul-ofdma-con-administracin-desde-la-nube-gratuita-o-stand-alone-alcance-de-cobertura-de-hasta-175-metros\/#breadcrumb","itemListElement":[{"@type":"ListItem","position":1,"name":"Inicio","item":"https:\/\/compuviper.mx\/tienda\/"},{"@type":"ListItem","position":2,"name":"Productos","item":"https:\/\/compuviper.mx\/tienda\/productos\/"},{"@type":"ListItem","position":3,"name":"Redes","item":"https:\/\/compuviper.mx\/tienda\/categoria-producto\/redes\/"},{"@type":"ListItem","position":4,"name":"Access Point","item":"https:\/\/compuviper.mx\/tienda\/categoria-producto\/redes\/access-point\/"},{"@type":"ListItem","position":5,"name":"Grandstream Gwn7665 Access Point | Wi-fi 6e Mu-mimo 2&#215;2:2 Con Tecnolog?a Dl\/ul Ofdma | Con Administraci?n Desde La Nube Gratuita O Stand-alone | Alcance De Cobertura De Hasta 175 Metros"}]},{"@type":"WebSite","@id":"https:\/\/compuviper.mx\/tienda\/#website","url":"https:\/\/compuviper.mx\/tienda\/","name":"Compuviper","description":"Proveedor de Computadoras, Laptops, Servidores, Monitores, Puntos de Venta, Teclados,   Impresoras, T\u00f3ner, C\u00e1maras de Seguridad y m\u00e1s en tu tienda en l\u00ednea","publisher":{"@id":"https:\/\/compuviper.mx\/tienda\/#organization"},"potentialAction":[{"@type":"SearchAction","target":{"@type":"EntryPoint","urlTemplate":"https:\/\/compuviper.mx\/tienda\/?s={search_term_string}"},"query-input":"required name=search_term_string"}],"inLanguage":"es-MX"},{"@type":"Organization","@id":"https:\/\/compuviper.mx\/tienda\/#organization","name":"Compuviper","url":"https:\/\/compuviper.mx\/tienda\/","logo":{"@type":"ImageObject","inLanguage":"es-MX","@id":"https:\/\/compuviper.mx\/tienda\/#\/schema\/logo\/image\/","url":"https:\/\/compuviper.mx\/tienda\/wp-content\/uploads\/2021\/08\/Logo-Compuviper-10.png","contentUrl":"https:\/\/compuviper.mx\/tienda\/wp-content\/uploads\/2021\/08\/Logo-Compuviper-10.png","width":1000,"height":500,"caption":"Compuviper"},"image":{"@id":"https:\/\/compuviper.mx\/tienda\/#\/schema\/logo\/image\/"},"sameAs":["https:\/\/www.facebook.com\/compuviper","https:\/\/www.youtube.com\/channel\/UCf73dERp9Y3cfOq7q8BhLjA?view_as=subscriber"]}]},"product_brand":"GRANDSTREAM","product_price_amount":"2179","product_price_currency":"MXN","og_availability":"backorder","product_availability":"available for order","product_retailer_item_id":"GWN7665","product_condition":"new"},"_links":{"self":[{"href":"https:\/\/compuviper.mx\/tienda\/wp-json\/wp\/v2\/product\/261743"}],"collection":[{"href":"https:\/\/compuviper.mx\/tienda\/wp-json\/wp\/v2\/product"}],"about":[{"href":"https:\/\/compuviper.mx\/tienda\/wp-json\/wp\/v2\/types\/product"}],"replies":[{"embeddable":true,"href":"https:\/\/compuviper.mx\/tienda\/wp-json\/wp\/v2\/comments?post=261743"}],"wp:attachment":[{"href":"https:\/\/compuviper.mx\/tienda\/wp-json\/wp\/v2\/media?parent=261743"}],"wp:term":[{"taxonomy":"product_cat","embeddable":true,"href":"https:\/\/compuviper.mx\/tienda\/wp-json\/wp\/v2\/product_cat?post=261743"},{"taxonomy":"product_tag","embeddable":true,"href":"https:\/\/compuviper.mx\/tienda\/wp-json\/wp\/v2\/product_tag?post=261743"}],"curies":[{"name":"wp","href":"https:\/\/api.w.org\/{rel}","templated":true}]}}