{"id":261715,"date":"2026-04-10T01:55:05","date_gmt":"2026-04-10T07:55:05","guid":{"rendered":"https:\/\/compuviper.mx\/tienda\/producto\/tp-link-tapo-p1051-pack-mini-contacto-tp-link-tapo-p1051-pack-inteligente\/"},"modified":"2026-04-10T01:55:06","modified_gmt":"2026-04-10T07:55:06","slug":"tp-link-tapo-p1051-pack-mini-contacto-tp-link-tapo-p1051-pack-inteligente","status":"publish","type":"product","link":"https:\/\/compuviper.mx\/tienda\/producto\/tp-link-tapo-p1051-pack-mini-contacto-tp-link-tapo-p1051-pack-inteligente\/","title":{"rendered":"Tp Link Tapo P105(1-pack) Mini Contacto Tp-link Tapo P1051-pack Inteligente"},"content":{"rendered":"<table class=\"descripcion\">\n<tr>\n<td>Network<\/td>\n<\/tr>\n<tr>\n<td>Protocolo ieee 802.11b\/g\/n, bluetooth 4.2 (for onboarding only)<\/td>\n<\/tr>\n<tr>\n<td>Requisitos del sistema android 4.4 or higher, ios 9.0 or higher<\/td>\n<\/tr>\n<tr>\n<td>Tipo wireless 2.4 ghz<\/td>\n<\/tr>\n<tr>\n<td>General<\/td>\n<\/tr>\n<tr>\n<td>Dimensions( h x w x d ) 2.4* 1.5* 1.3 in (60*38*33 mm)<\/td>\n<\/tr>\n<tr>\n<td>Materia ul94-v0 flame-retardant pc<\/td>\n<\/tr>\n<tr>\n<td>Botones 1* reset \/ switch button<\/td>\n<\/tr>\n<tr>\n<td>Requerimientos de energia. ac 100-125 v~ 50\/60 hz<\/td>\n<\/tr>\n<tr>\n<td>Estado de trabajo<\/td>\n<\/tr>\n<tr>\n<td>Carga m\u00e1xima 1800w @120v~ 15 a<\/td>\n<\/tr>\n<tr>\n<td>General use \/ resistive load<\/td>\n<\/tr>\n<tr>\n<td>Otros<\/td>\n<\/tr>\n<tr>\n<td>Contenidos del paquete mini smart wi-fi plug p105<\/td>\n<\/tr>\n<tr>\n<td>Quick start guide<\/td>\n<\/tr>\n<tr>\n<td>Certificaciones fcc, rohs<\/td>\n<\/tr>\n<tr>\n<td>Ambiente operating temperature: 0 \u00bac\u009640 \u00bac<\/td>\n<\/tr>\n<tr>\n<td>Operating humidity: 10%\u009690%rh, non-condensing<\/td>\n<\/tr>\n<\/table>\n","protected":false},"excerpt":{"rendered":"<p>Tapo p105. Mini contacto inteligente. \u0095 control remoto \u0096 enciende y\/o apaga tus dispositivos conectados de forma automatica y desde cualquier lugar desde la aplicacion movil tapo. \u0095 horarios \u0096 programa personalmente tus horarios para controlar facilmente tus dispositivos. \u0095 timer &#8211; crea cuentas regresivas para que tus electronicos se apaguen automaticamente. \u0095 control de voz\u0096 administra tu smart plug con los comandos de voz de alexa y\/o google assistant. \u0095 modo ausente \u0096 enciende y apaga automaticamente los dispositivos en diferentes momentos para dar la apariencia de que alguien esta en casa. \u0095 compatibilidad con dispositivos de mayor potencia \u0096 programe su tetera, cafetera y tostadora para disfrutar de un desayuno preestablecido. \u0095 diseno compacto &#8211; tamano mini para evitar el bloqueo de enchufes adyacentes (incluso mas pequenos que p100). \u0095 facil uso y configuracion &#8211; no se requiere concentrador, configure rapidamente y administre facilmente a traves de la aplicacion gratuita.<\/p>\n","protected":false},"featured_media":261716,"comment_status":"open","ping_status":"open","template":"","meta":[],"product_cat":[1812,1811],"product_tag":[1562],"acf":[],"yoast_head":"<!-- This site is optimized with the Yoast SEO plugin v21.7 - https:\/\/yoast.com\/wordpress\/plugins\/seo\/ -->\n<title>[ Tp Link ] &#129351; Tapo P105(1-pack) Mini Contacto Tp-link Tapo P1051-pack Inteligente<\/title>\n<meta name=\"description\" content=\"Compra Tapo P105(1-pack) Mini Contacto Tp-link Tapo P1051-pack Inteligente + Env\u00edo a domicilio + Pago seguro + Garant\u00eda\" \/>\n<meta name=\"robots\" content=\"index, follow, max-snippet:-1, max-image-preview:large, max-video-preview:-1\" \/>\n<link rel=\"canonical\" href=\"https:\/\/compuviper.mx\/tienda\/producto\/tp-link-tapo-p1051-pack-mini-contacto-tp-link-tapo-p1051-pack-inteligente\/\" \/>\n<meta property=\"og:locale\" content=\"es_MX\" \/>\n<meta property=\"og:type\" content=\"article\" \/>\n<meta property=\"og:title\" content=\"[ Tp Link ] &#129351; Tapo P105(1-pack) Mini Contacto Tp-link Tapo P1051-pack Inteligente\" \/>\n<meta property=\"og:description\" content=\"Compra Tapo P105(1-pack) Mini Contacto Tp-link Tapo P1051-pack Inteligente + Env\u00edo a domicilio + Pago seguro + Garant\u00eda\" \/>\n<meta property=\"og:url\" content=\"https:\/\/compuviper.mx\/tienda\/producto\/tp-link-tapo-p1051-pack-mini-contacto-tp-link-tapo-p1051-pack-inteligente\/\" \/>\n<meta property=\"og:site_name\" content=\"Compuviper\" \/>\n<meta property=\"article:publisher\" content=\"https:\/\/www.facebook.com\/compuviper\" \/>\n<meta property=\"article:modified_time\" content=\"2026-04-10T07:55:06+00:00\" \/>\n<meta property=\"og:image\" content=\"https:\/\/compuviper.mx\/tienda\/wp-content\/uploads\/2025\/10\/Mini-contacto-tp-link-tapo-p1051-pack-inteligente.jpg\" \/>\n\t<meta property=\"og:image:width\" content=\"200\" \/>\n\t<meta property=\"og:image:height\" content=\"200\" \/>\n\t<meta property=\"og:image:type\" content=\"image\/jpeg\" \/>\n<meta name=\"twitter:card\" content=\"summary_large_image\" \/>\n<meta name=\"twitter:label1\" content=\"Precio\" \/>\n\t<meta name=\"twitter:data1\" content=\"&#36;163 con IVA\" \/>\n\t<meta name=\"twitter:label2\" content=\"Availability\" \/>\n\t<meta name=\"twitter:data2\" content=\"Out of stock\" \/>\n<script type=\"application\/ld+json\" class=\"yoast-schema-graph\">{\"@context\":\"https:\/\/schema.org\",\"@graph\":[{\"@type\":\"WebPage\",\"@id\":\"https:\/\/compuviper.mx\/tienda\/producto\/tp-link-tapo-p1051-pack-mini-contacto-tp-link-tapo-p1051-pack-inteligente\/\",\"url\":\"https:\/\/compuviper.mx\/tienda\/producto\/tp-link-tapo-p1051-pack-mini-contacto-tp-link-tapo-p1051-pack-inteligente\/\",\"name\":\"[ Tp Link ] &#129351; Tapo P105(1-pack) Mini Contacto Tp-link Tapo P1051-pack Inteligente\",\"isPartOf\":{\"@id\":\"https:\/\/compuviper.mx\/tienda\/#website\"},\"datePublished\":\"2026-04-10T07:55:05+00:00\",\"dateModified\":\"2026-04-10T07:55:06+00:00\",\"description\":\"Compra Tapo P105(1-pack) Mini Contacto Tp-link Tapo P1051-pack Inteligente + Env\u00edo a domicilio + Pago seguro + Garant\u00eda\",\"breadcrumb\":{\"@id\":\"https:\/\/compuviper.mx\/tienda\/producto\/tp-link-tapo-p1051-pack-mini-contacto-tp-link-tapo-p1051-pack-inteligente\/#breadcrumb\"},\"inLanguage\":\"es-MX\",\"potentialAction\":[{\"@type\":\"ReadAction\",\"target\":[\"https:\/\/compuviper.mx\/tienda\/producto\/tp-link-tapo-p1051-pack-mini-contacto-tp-link-tapo-p1051-pack-inteligente\/\"]}]},{\"@type\":\"BreadcrumbList\",\"@id\":\"https:\/\/compuviper.mx\/tienda\/producto\/tp-link-tapo-p1051-pack-mini-contacto-tp-link-tapo-p1051-pack-inteligente\/#breadcrumb\",\"itemListElement\":[{\"@type\":\"ListItem\",\"position\":1,\"name\":\"Inicio\",\"item\":\"https:\/\/compuviper.mx\/tienda\/\"},{\"@type\":\"ListItem\",\"position\":2,\"name\":\"Productos\",\"item\":\"https:\/\/compuviper.mx\/tienda\/productos\/\"},{\"@type\":\"ListItem\",\"position\":3,\"name\":\"Smart Home\",\"item\":\"https:\/\/compuviper.mx\/tienda\/categoria-producto\/smart-home\/\"},{\"@type\":\"ListItem\",\"position\":4,\"name\":\"Contacto Inteligente\",\"item\":\"https:\/\/compuviper.mx\/tienda\/categoria-producto\/smart-home\/contacto-inteligente\/\"},{\"@type\":\"ListItem\",\"position\":5,\"name\":\"Tp Link Tapo P105(1-pack) Mini Contacto Tp-link Tapo P1051-pack Inteligente\"}]},{\"@type\":\"WebSite\",\"@id\":\"https:\/\/compuviper.mx\/tienda\/#website\",\"url\":\"https:\/\/compuviper.mx\/tienda\/\",\"name\":\"Compuviper\",\"description\":\"Proveedor de Computadoras, Laptops, Servidores, Monitores, Puntos de Venta, Teclados,   Impresoras, T\u00f3ner, C\u00e1maras de Seguridad y m\u00e1s en tu tienda en l\u00ednea\",\"publisher\":{\"@id\":\"https:\/\/compuviper.mx\/tienda\/#organization\"},\"potentialAction\":[{\"@type\":\"SearchAction\",\"target\":{\"@type\":\"EntryPoint\",\"urlTemplate\":\"https:\/\/compuviper.mx\/tienda\/?s={search_term_string}\"},\"query-input\":\"required name=search_term_string\"}],\"inLanguage\":\"es-MX\"},{\"@type\":\"Organization\",\"@id\":\"https:\/\/compuviper.mx\/tienda\/#organization\",\"name\":\"Compuviper\",\"url\":\"https:\/\/compuviper.mx\/tienda\/\",\"logo\":{\"@type\":\"ImageObject\",\"inLanguage\":\"es-MX\",\"@id\":\"https:\/\/compuviper.mx\/tienda\/#\/schema\/logo\/image\/\",\"url\":\"https:\/\/compuviper.mx\/tienda\/wp-content\/uploads\/2021\/08\/Logo-Compuviper-10.png\",\"contentUrl\":\"https:\/\/compuviper.mx\/tienda\/wp-content\/uploads\/2021\/08\/Logo-Compuviper-10.png\",\"width\":1000,\"height\":500,\"caption\":\"Compuviper\"},\"image\":{\"@id\":\"https:\/\/compuviper.mx\/tienda\/#\/schema\/logo\/image\/\"},\"sameAs\":[\"https:\/\/www.facebook.com\/compuviper\",\"https:\/\/www.youtube.com\/channel\/UCf73dERp9Y3cfOq7q8BhLjA?view_as=subscriber\"]}]}<\/script>\n<meta property=\"product:brand\" content=\"TP LINK\" \/>\n<meta property=\"product:price:amount\" content=\"163\" \/>\n<meta property=\"product:price:currency\" content=\"MXN\" \/>\n<meta property=\"og:availability\" content=\"out of stock\" \/>\n<meta property=\"product:availability\" content=\"out of stock\" \/>\n<meta property=\"product:retailer_item_id\" content=\"TAPO P105(1-PACK)\" \/>\n<meta property=\"product:condition\" content=\"new\" \/>\n<!-- \/ Yoast SEO plugin. -->","yoast_head_json":{"title":"[ Tp Link ] &#129351; Tapo P105(1-pack) Mini Contacto Tp-link Tapo P1051-pack Inteligente","description":"Compra Tapo P105(1-pack) Mini Contacto Tp-link Tapo P1051-pack Inteligente + Env\u00edo a domicilio + Pago seguro + Garant\u00eda","robots":{"index":"index","follow":"follow","max-snippet":"max-snippet:-1","max-image-preview":"max-image-preview:large","max-video-preview":"max-video-preview:-1"},"canonical":"https:\/\/compuviper.mx\/tienda\/producto\/tp-link-tapo-p1051-pack-mini-contacto-tp-link-tapo-p1051-pack-inteligente\/","og_locale":"es_MX","og_type":"article","og_title":"[ Tp Link ] &#129351; Tapo P105(1-pack) Mini Contacto Tp-link Tapo P1051-pack Inteligente","og_description":"Compra Tapo P105(1-pack) Mini Contacto Tp-link Tapo P1051-pack Inteligente + Env\u00edo a domicilio + Pago seguro + Garant\u00eda","og_url":"https:\/\/compuviper.mx\/tienda\/producto\/tp-link-tapo-p1051-pack-mini-contacto-tp-link-tapo-p1051-pack-inteligente\/","og_site_name":"Compuviper","article_publisher":"https:\/\/www.facebook.com\/compuviper","article_modified_time":"2026-04-10T07:55:06+00:00","og_image":[{"width":200,"height":200,"url":"https:\/\/compuviper.mx\/tienda\/wp-content\/uploads\/2025\/10\/Mini-contacto-tp-link-tapo-p1051-pack-inteligente.jpg","type":"image\/jpeg"}],"twitter_card":"summary_large_image","twitter_misc":{"Precio":"&#36;163 con IVA","Availability":"Out of stock"},"schema":{"@context":"https:\/\/schema.org","@graph":[{"@type":"WebPage","@id":"https:\/\/compuviper.mx\/tienda\/producto\/tp-link-tapo-p1051-pack-mini-contacto-tp-link-tapo-p1051-pack-inteligente\/","url":"https:\/\/compuviper.mx\/tienda\/producto\/tp-link-tapo-p1051-pack-mini-contacto-tp-link-tapo-p1051-pack-inteligente\/","name":"[ Tp Link ] &#129351; Tapo P105(1-pack) Mini Contacto Tp-link Tapo P1051-pack Inteligente","isPartOf":{"@id":"https:\/\/compuviper.mx\/tienda\/#website"},"datePublished":"2026-04-10T07:55:05+00:00","dateModified":"2026-04-10T07:55:06+00:00","description":"Compra Tapo P105(1-pack) Mini Contacto Tp-link Tapo P1051-pack Inteligente + Env\u00edo a domicilio + Pago seguro + Garant\u00eda","breadcrumb":{"@id":"https:\/\/compuviper.mx\/tienda\/producto\/tp-link-tapo-p1051-pack-mini-contacto-tp-link-tapo-p1051-pack-inteligente\/#breadcrumb"},"inLanguage":"es-MX","potentialAction":[{"@type":"ReadAction","target":["https:\/\/compuviper.mx\/tienda\/producto\/tp-link-tapo-p1051-pack-mini-contacto-tp-link-tapo-p1051-pack-inteligente\/"]}]},{"@type":"BreadcrumbList","@id":"https:\/\/compuviper.mx\/tienda\/producto\/tp-link-tapo-p1051-pack-mini-contacto-tp-link-tapo-p1051-pack-inteligente\/#breadcrumb","itemListElement":[{"@type":"ListItem","position":1,"name":"Inicio","item":"https:\/\/compuviper.mx\/tienda\/"},{"@type":"ListItem","position":2,"name":"Productos","item":"https:\/\/compuviper.mx\/tienda\/productos\/"},{"@type":"ListItem","position":3,"name":"Smart Home","item":"https:\/\/compuviper.mx\/tienda\/categoria-producto\/smart-home\/"},{"@type":"ListItem","position":4,"name":"Contacto Inteligente","item":"https:\/\/compuviper.mx\/tienda\/categoria-producto\/smart-home\/contacto-inteligente\/"},{"@type":"ListItem","position":5,"name":"Tp Link Tapo P105(1-pack) Mini Contacto Tp-link Tapo P1051-pack Inteligente"}]},{"@type":"WebSite","@id":"https:\/\/compuviper.mx\/tienda\/#website","url":"https:\/\/compuviper.mx\/tienda\/","name":"Compuviper","description":"Proveedor de Computadoras, Laptops, Servidores, Monitores, Puntos de Venta, Teclados,   Impresoras, T\u00f3ner, C\u00e1maras de Seguridad y m\u00e1s en tu tienda en l\u00ednea","publisher":{"@id":"https:\/\/compuviper.mx\/tienda\/#organization"},"potentialAction":[{"@type":"SearchAction","target":{"@type":"EntryPoint","urlTemplate":"https:\/\/compuviper.mx\/tienda\/?s={search_term_string}"},"query-input":"required name=search_term_string"}],"inLanguage":"es-MX"},{"@type":"Organization","@id":"https:\/\/compuviper.mx\/tienda\/#organization","name":"Compuviper","url":"https:\/\/compuviper.mx\/tienda\/","logo":{"@type":"ImageObject","inLanguage":"es-MX","@id":"https:\/\/compuviper.mx\/tienda\/#\/schema\/logo\/image\/","url":"https:\/\/compuviper.mx\/tienda\/wp-content\/uploads\/2021\/08\/Logo-Compuviper-10.png","contentUrl":"https:\/\/compuviper.mx\/tienda\/wp-content\/uploads\/2021\/08\/Logo-Compuviper-10.png","width":1000,"height":500,"caption":"Compuviper"},"image":{"@id":"https:\/\/compuviper.mx\/tienda\/#\/schema\/logo\/image\/"},"sameAs":["https:\/\/www.facebook.com\/compuviper","https:\/\/www.youtube.com\/channel\/UCf73dERp9Y3cfOq7q8BhLjA?view_as=subscriber"]}]},"product_brand":"TP LINK","product_price_amount":"163","product_price_currency":"MXN","og_availability":"out of stock","product_availability":"out of stock","product_retailer_item_id":"TAPO P105(1-PACK)","product_condition":"new"},"_links":{"self":[{"href":"https:\/\/compuviper.mx\/tienda\/wp-json\/wp\/v2\/product\/261715"}],"collection":[{"href":"https:\/\/compuviper.mx\/tienda\/wp-json\/wp\/v2\/product"}],"about":[{"href":"https:\/\/compuviper.mx\/tienda\/wp-json\/wp\/v2\/types\/product"}],"replies":[{"embeddable":true,"href":"https:\/\/compuviper.mx\/tienda\/wp-json\/wp\/v2\/comments?post=261715"}],"wp:featuredmedia":[{"embeddable":true,"href":"https:\/\/compuviper.mx\/tienda\/wp-json\/wp\/v2\/media\/261716"}],"wp:attachment":[{"href":"https:\/\/compuviper.mx\/tienda\/wp-json\/wp\/v2\/media?parent=261715"}],"wp:term":[{"taxonomy":"product_cat","embeddable":true,"href":"https:\/\/compuviper.mx\/tienda\/wp-json\/wp\/v2\/product_cat?post=261715"},{"taxonomy":"product_tag","embeddable":true,"href":"https:\/\/compuviper.mx\/tienda\/wp-json\/wp\/v2\/product_tag?post=261715"}],"curies":[{"name":"wp","href":"https:\/\/api.w.org\/{rel}","templated":true}]}}