{"id":261712,"date":"2026-04-10T01:55:00","date_gmt":"2026-04-10T07:55:00","guid":{"rendered":"https:\/\/compuviper.mx\/tienda\/producto\/tp-link-tapo-p1001-pack-mini-contacto-inteligente-tp-link-tapo-p1001-pack-sustituye-a-ep10-y-hs105\/"},"modified":"2026-04-10T01:55:00","modified_gmt":"2026-04-10T07:55:00","slug":"tp-link-tapo-p1001-pack-mini-contacto-inteligente-tp-link-tapo-p1001-pack-sustituye-a-ep10-y-hs105","status":"publish","type":"product","link":"https:\/\/compuviper.mx\/tienda\/producto\/tp-link-tapo-p1001-pack-mini-contacto-inteligente-tp-link-tapo-p1001-pack-sustituye-a-ep10-y-hs105\/","title":{"rendered":"Tp Link Tapo P100(1-pack) Mini Contacto Inteligente Tp-link Tapo P1001-pack Sustituye A Ep10 Y Hs105"},"content":{"rendered":"<table class=\"descripcion\">\n<tr>\n<td>Red<\/td>\n<\/tr>\n<tr>\n<td>Protocolo ieee 802.11b \/ g \/ n, bluetooth 4.2 (solo para integracion)<\/td>\n<\/tr>\n<tr>\n<td>Tipo wireless 2.4 ghz<\/td>\n<\/tr>\n<tr>\n<td>Requisitos del sistema android 4.3 o superior, ios 9.0 o superior<\/td>\n<\/tr>\n<tr>\n<td>General<\/td>\n<\/tr>\n<tr>\n<td>Dimensiones (hxwxd) 2,2 * 2,2 * 1,3 pulgadas (55 * 55 * 32,5 mm)<\/td>\n<\/tr>\n<tr>\n<td>Materia pc<\/td>\n<\/tr>\n<tr>\n<td>Botones<\/td>\n<\/tr>\n<tr>\n<td>Led de estado del boton de encendido<\/td>\n<\/tr>\n<tr>\n<td>Requerimientos de energia. ca 100-125 v ~ 50\/60 hz 10 a<\/td>\n<\/tr>\n<tr>\n<td>Estado de trabajo<\/td>\n<\/tr>\n<tr>\n<td>Carga maxima 1200 w, 10 a<\/td>\n<\/tr>\n<tr>\n<td>Otros<\/td>\n<\/tr>\n<tr>\n<td>Contenidos del paquete:<\/td>\n<\/tr>\n<tr>\n<td>Mini smart wi-fi socket tapo p100<\/td>\n<\/tr>\n<tr>\n<td>Guia de inicio rapido<\/td>\n<\/tr>\n<tr>\n<td>Certificaciones fcc, rohs, etl<\/td>\n<\/tr>\n<tr>\n<td>Ambiente temperatura de funcionamiento: 0 \u00bac\u0096 40 \u00bac (32 \u00b0 f \u0096 104 \u00b0 f)<\/td>\n<\/tr>\n<tr>\n<td>Humedad de funcionamiento: 10% \u009690% rh, sin condensacion<\/td>\n<\/tr>\n<\/table>\n","protected":false},"excerpt":{"rendered":"<p>Tapo p100. Mini contacto de wi-fi inteligente. * control remoto \u0096 enciende y apaga instantaneamente los dispositivos conectados donde sea que estes a traves de la aplicacion tapo. * programacion \u0096 preestablezca una programacion para administrar dispositivos automaticamente. * temporizador &#8211; cree listas de temporizadores de cuenta regresiva para los dispositivos electronicos conectados. * control de voz\u0096 administre su enchufe inteligente con comandos de voz a traves de amazon alexa o el asistente de google. * modo ausente \u0096simula que alguien esta en casa al encender \/ apagar automaticamente los dispositivos conectados al azar. * diseno compacto &#8211; tamano pequeno para evitar el bloqueo de tomas adyacentes. * facil configuracion y uso &#8211; no se requiere concentrador, configurelo rapidamente y administrelo facilmente mediante la aplicacion gratuita. Control remoto desde cualquier lugar. Enciende y apaga instantaneamente los dispositivos conectados donde sea que estes a traves de la aplicacion tapo. Disenado para facilitar su vida y ayudar a eliminar posibles riesgos de seguridad. Vive mas inteligente mediante el tiempo preestablecido. Las funciones de programacion y temporizador te permiten crear programas semanales y planes de cuenta regresiva. Todos tus dispositivos electronicos conectados funcionaran automaticamente a la hora programada, lo que hara que su vida sea inteligente, conveniente y ahorre energia.. Caracteristicas poderosas y tamano compacto. Tapo p100 esta construido de forma pequena para dejar abiertos los enchufes adyacentes, lo que lo hace conveniente para el uso diario. Un aliado para su hogar. El modo ausente, una funcion que simula de manera inteligente a alguien que esta en casa al encender y apagar el dispositivo enchufado (como una lampara), hace que parezca que alguien esta en casa cuando estas en viajes largos para alejar a las personas con malas intenciones. Compartir con las familias. Sin limitarse a un solo control, los miembros de la familia pueden compartir directamente los permisos de administracion entre si, ahorrando tiempo y mejorando la facilidad de uso para los ancianos. Multiples garantias de seguridad. Bajo estricta inspeccion de calidad por el laboratorio de tp-link y certificacion por la autoridad global. Los materiales ignifugos de pc ayudan a minimizar los riesgos de quemaduras. Almacenamiento automatico despues de apagado o se pierde la conexion. Inspeccion de calidad. Material ignifugo. Almacenamiento automatico. Disfrute de una configuracion y uso facil y amigable. La exclusiva tecnologia de incorporacion de bluetooth simplifica los pasos de configuracion para una conexion mas rapida (en 20 segundos) y elimina el problema de fallas de coincidencia.<\/p>\n","protected":false},"featured_media":261765,"comment_status":"open","ping_status":"open","template":"","meta":[],"product_cat":[1811,1812],"product_tag":[1562],"acf":[],"yoast_head":"<!-- This site is optimized with the Yoast SEO plugin v21.7 - https:\/\/yoast.com\/wordpress\/plugins\/seo\/ -->\n<title>[ Tp Link ] &#129351; Tapo P100(1-pack) Mini Contacto Inteligente Tp-link Tapo P1001-pack Sustituye A Ep10 Y Hs105<\/title>\n<meta name=\"description\" content=\"Compra Tapo P100(1-pack) Mini Contacto Inteligente Tp-link Tapo P1001-pack Sustituye A Ep10 Y Hs105 + Env\u00edo a domicilio + Pago seguro + Garant\u00eda\" \/>\n<meta name=\"robots\" content=\"index, follow, max-snippet:-1, max-image-preview:large, max-video-preview:-1\" \/>\n<link rel=\"canonical\" href=\"https:\/\/compuviper.mx\/tienda\/producto\/tp-link-tapo-p1001-pack-mini-contacto-inteligente-tp-link-tapo-p1001-pack-sustituye-a-ep10-y-hs105\/\" \/>\n<meta property=\"og:locale\" content=\"es_MX\" \/>\n<meta property=\"og:type\" content=\"article\" \/>\n<meta property=\"og:title\" content=\"[ Tp Link ] &#129351; Tapo P100(1-pack) Mini Contacto Inteligente Tp-link Tapo P1001-pack Sustituye A Ep10 Y Hs105\" \/>\n<meta property=\"og:description\" content=\"Compra Tapo P100(1-pack) Mini Contacto Inteligente Tp-link Tapo P1001-pack Sustituye A Ep10 Y Hs105 + Env\u00edo a domicilio + Pago seguro + Garant\u00eda\" \/>\n<meta property=\"og:url\" content=\"https:\/\/compuviper.mx\/tienda\/producto\/tp-link-tapo-p1001-pack-mini-contacto-inteligente-tp-link-tapo-p1001-pack-sustituye-a-ep10-y-hs105\/\" \/>\n<meta property=\"og:site_name\" content=\"Compuviper\" \/>\n<meta property=\"article:publisher\" content=\"https:\/\/www.facebook.com\/compuviper\" \/>\n<meta property=\"og:image\" content=\"https:\/\/compuviper.mx\/tienda\/wp-content\/uploads\/2025\/10\/Mini-contacto-inteligente-tp-link-tapo-p1001-pack-sustituye-a-ep10-y-hs105.jpg\" \/>\n\t<meta property=\"og:image:width\" content=\"200\" \/>\n\t<meta property=\"og:image:height\" content=\"200\" \/>\n\t<meta property=\"og:image:type\" content=\"image\/jpeg\" \/>\n<meta name=\"twitter:card\" content=\"summary_large_image\" \/>\n<meta name=\"twitter:label1\" content=\"Precio\" \/>\n\t<meta name=\"twitter:data1\" content=\"&#36;151 con IVA\" \/>\n\t<meta name=\"twitter:label2\" content=\"Availability\" \/>\n\t<meta name=\"twitter:data2\" content=\"Out of stock\" \/>\n<script type=\"application\/ld+json\" class=\"yoast-schema-graph\">{\"@context\":\"https:\/\/schema.org\",\"@graph\":[{\"@type\":\"WebPage\",\"@id\":\"https:\/\/compuviper.mx\/tienda\/producto\/tp-link-tapo-p1001-pack-mini-contacto-inteligente-tp-link-tapo-p1001-pack-sustituye-a-ep10-y-hs105\/\",\"url\":\"https:\/\/compuviper.mx\/tienda\/producto\/tp-link-tapo-p1001-pack-mini-contacto-inteligente-tp-link-tapo-p1001-pack-sustituye-a-ep10-y-hs105\/\",\"name\":\"[ Tp Link ] &#129351; Tapo P100(1-pack) Mini Contacto Inteligente Tp-link Tapo P1001-pack Sustituye A Ep10 Y Hs105\",\"isPartOf\":{\"@id\":\"https:\/\/compuviper.mx\/tienda\/#website\"},\"datePublished\":\"2026-04-10T07:55:00+00:00\",\"dateModified\":\"2026-04-10T07:55:00+00:00\",\"description\":\"Compra Tapo P100(1-pack) Mini Contacto Inteligente Tp-link Tapo P1001-pack Sustituye A Ep10 Y Hs105 + Env\u00edo a domicilio + Pago seguro + Garant\u00eda\",\"breadcrumb\":{\"@id\":\"https:\/\/compuviper.mx\/tienda\/producto\/tp-link-tapo-p1001-pack-mini-contacto-inteligente-tp-link-tapo-p1001-pack-sustituye-a-ep10-y-hs105\/#breadcrumb\"},\"inLanguage\":\"es-MX\",\"potentialAction\":[{\"@type\":\"ReadAction\",\"target\":[\"https:\/\/compuviper.mx\/tienda\/producto\/tp-link-tapo-p1001-pack-mini-contacto-inteligente-tp-link-tapo-p1001-pack-sustituye-a-ep10-y-hs105\/\"]}]},{\"@type\":\"BreadcrumbList\",\"@id\":\"https:\/\/compuviper.mx\/tienda\/producto\/tp-link-tapo-p1001-pack-mini-contacto-inteligente-tp-link-tapo-p1001-pack-sustituye-a-ep10-y-hs105\/#breadcrumb\",\"itemListElement\":[{\"@type\":\"ListItem\",\"position\":1,\"name\":\"Inicio\",\"item\":\"https:\/\/compuviper.mx\/tienda\/\"},{\"@type\":\"ListItem\",\"position\":2,\"name\":\"Productos\",\"item\":\"https:\/\/compuviper.mx\/tienda\/productos\/\"},{\"@type\":\"ListItem\",\"position\":3,\"name\":\"Smart Home\",\"item\":\"https:\/\/compuviper.mx\/tienda\/categoria-producto\/smart-home\/\"},{\"@type\":\"ListItem\",\"position\":4,\"name\":\"Contacto Inteligente\",\"item\":\"https:\/\/compuviper.mx\/tienda\/categoria-producto\/smart-home\/contacto-inteligente\/\"},{\"@type\":\"ListItem\",\"position\":5,\"name\":\"Tp Link Tapo P100(1-pack) Mini Contacto Inteligente Tp-link Tapo P1001-pack Sustituye A Ep10 Y Hs105\"}]},{\"@type\":\"WebSite\",\"@id\":\"https:\/\/compuviper.mx\/tienda\/#website\",\"url\":\"https:\/\/compuviper.mx\/tienda\/\",\"name\":\"Compuviper\",\"description\":\"Proveedor de Computadoras, Laptops, Servidores, Monitores, Puntos de Venta, Teclados,   Impresoras, T\u00f3ner, C\u00e1maras de Seguridad y m\u00e1s en tu tienda en l\u00ednea\",\"publisher\":{\"@id\":\"https:\/\/compuviper.mx\/tienda\/#organization\"},\"potentialAction\":[{\"@type\":\"SearchAction\",\"target\":{\"@type\":\"EntryPoint\",\"urlTemplate\":\"https:\/\/compuviper.mx\/tienda\/?s={search_term_string}\"},\"query-input\":\"required name=search_term_string\"}],\"inLanguage\":\"es-MX\"},{\"@type\":\"Organization\",\"@id\":\"https:\/\/compuviper.mx\/tienda\/#organization\",\"name\":\"Compuviper\",\"url\":\"https:\/\/compuviper.mx\/tienda\/\",\"logo\":{\"@type\":\"ImageObject\",\"inLanguage\":\"es-MX\",\"@id\":\"https:\/\/compuviper.mx\/tienda\/#\/schema\/logo\/image\/\",\"url\":\"https:\/\/compuviper.mx\/tienda\/wp-content\/uploads\/2021\/08\/Logo-Compuviper-10.png\",\"contentUrl\":\"https:\/\/compuviper.mx\/tienda\/wp-content\/uploads\/2021\/08\/Logo-Compuviper-10.png\",\"width\":1000,\"height\":500,\"caption\":\"Compuviper\"},\"image\":{\"@id\":\"https:\/\/compuviper.mx\/tienda\/#\/schema\/logo\/image\/\"},\"sameAs\":[\"https:\/\/www.facebook.com\/compuviper\",\"https:\/\/www.youtube.com\/channel\/UCf73dERp9Y3cfOq7q8BhLjA?view_as=subscriber\"]}]}<\/script>\n<meta property=\"product:brand\" content=\"TP LINK\" \/>\n<meta property=\"product:price:amount\" content=\"151\" \/>\n<meta property=\"product:price:currency\" content=\"MXN\" \/>\n<meta property=\"og:availability\" content=\"out of stock\" \/>\n<meta property=\"product:availability\" content=\"out of stock\" \/>\n<meta property=\"product:retailer_item_id\" content=\"TAPO P100(1-PACK)\" \/>\n<meta property=\"product:condition\" content=\"new\" \/>\n<!-- \/ Yoast SEO plugin. -->","yoast_head_json":{"title":"[ Tp Link ] &#129351; Tapo P100(1-pack) Mini Contacto Inteligente Tp-link Tapo P1001-pack Sustituye A Ep10 Y Hs105","description":"Compra Tapo P100(1-pack) Mini Contacto Inteligente Tp-link Tapo P1001-pack Sustituye A Ep10 Y Hs105 + Env\u00edo a domicilio + Pago seguro + Garant\u00eda","robots":{"index":"index","follow":"follow","max-snippet":"max-snippet:-1","max-image-preview":"max-image-preview:large","max-video-preview":"max-video-preview:-1"},"canonical":"https:\/\/compuviper.mx\/tienda\/producto\/tp-link-tapo-p1001-pack-mini-contacto-inteligente-tp-link-tapo-p1001-pack-sustituye-a-ep10-y-hs105\/","og_locale":"es_MX","og_type":"article","og_title":"[ Tp Link ] &#129351; Tapo P100(1-pack) Mini Contacto Inteligente Tp-link Tapo P1001-pack Sustituye A Ep10 Y Hs105","og_description":"Compra Tapo P100(1-pack) Mini Contacto Inteligente Tp-link Tapo P1001-pack Sustituye A Ep10 Y Hs105 + Env\u00edo a domicilio + Pago seguro + Garant\u00eda","og_url":"https:\/\/compuviper.mx\/tienda\/producto\/tp-link-tapo-p1001-pack-mini-contacto-inteligente-tp-link-tapo-p1001-pack-sustituye-a-ep10-y-hs105\/","og_site_name":"Compuviper","article_publisher":"https:\/\/www.facebook.com\/compuviper","og_image":[{"width":200,"height":200,"url":"https:\/\/compuviper.mx\/tienda\/wp-content\/uploads\/2025\/10\/Mini-contacto-inteligente-tp-link-tapo-p1001-pack-sustituye-a-ep10-y-hs105.jpg","type":"image\/jpeg"}],"twitter_card":"summary_large_image","twitter_misc":{"Precio":"&#36;151 con IVA","Availability":"Out of stock"},"schema":{"@context":"https:\/\/schema.org","@graph":[{"@type":"WebPage","@id":"https:\/\/compuviper.mx\/tienda\/producto\/tp-link-tapo-p1001-pack-mini-contacto-inteligente-tp-link-tapo-p1001-pack-sustituye-a-ep10-y-hs105\/","url":"https:\/\/compuviper.mx\/tienda\/producto\/tp-link-tapo-p1001-pack-mini-contacto-inteligente-tp-link-tapo-p1001-pack-sustituye-a-ep10-y-hs105\/","name":"[ Tp Link ] &#129351; Tapo P100(1-pack) Mini Contacto Inteligente Tp-link Tapo P1001-pack Sustituye A Ep10 Y Hs105","isPartOf":{"@id":"https:\/\/compuviper.mx\/tienda\/#website"},"datePublished":"2026-04-10T07:55:00+00:00","dateModified":"2026-04-10T07:55:00+00:00","description":"Compra Tapo P100(1-pack) Mini Contacto Inteligente Tp-link Tapo P1001-pack Sustituye A Ep10 Y Hs105 + Env\u00edo a domicilio + Pago seguro + Garant\u00eda","breadcrumb":{"@id":"https:\/\/compuviper.mx\/tienda\/producto\/tp-link-tapo-p1001-pack-mini-contacto-inteligente-tp-link-tapo-p1001-pack-sustituye-a-ep10-y-hs105\/#breadcrumb"},"inLanguage":"es-MX","potentialAction":[{"@type":"ReadAction","target":["https:\/\/compuviper.mx\/tienda\/producto\/tp-link-tapo-p1001-pack-mini-contacto-inteligente-tp-link-tapo-p1001-pack-sustituye-a-ep10-y-hs105\/"]}]},{"@type":"BreadcrumbList","@id":"https:\/\/compuviper.mx\/tienda\/producto\/tp-link-tapo-p1001-pack-mini-contacto-inteligente-tp-link-tapo-p1001-pack-sustituye-a-ep10-y-hs105\/#breadcrumb","itemListElement":[{"@type":"ListItem","position":1,"name":"Inicio","item":"https:\/\/compuviper.mx\/tienda\/"},{"@type":"ListItem","position":2,"name":"Productos","item":"https:\/\/compuviper.mx\/tienda\/productos\/"},{"@type":"ListItem","position":3,"name":"Smart Home","item":"https:\/\/compuviper.mx\/tienda\/categoria-producto\/smart-home\/"},{"@type":"ListItem","position":4,"name":"Contacto Inteligente","item":"https:\/\/compuviper.mx\/tienda\/categoria-producto\/smart-home\/contacto-inteligente\/"},{"@type":"ListItem","position":5,"name":"Tp Link Tapo P100(1-pack) Mini Contacto Inteligente Tp-link Tapo P1001-pack Sustituye A Ep10 Y Hs105"}]},{"@type":"WebSite","@id":"https:\/\/compuviper.mx\/tienda\/#website","url":"https:\/\/compuviper.mx\/tienda\/","name":"Compuviper","description":"Proveedor de Computadoras, Laptops, Servidores, Monitores, Puntos de Venta, Teclados,   Impresoras, T\u00f3ner, C\u00e1maras de Seguridad y m\u00e1s en tu tienda en l\u00ednea","publisher":{"@id":"https:\/\/compuviper.mx\/tienda\/#organization"},"potentialAction":[{"@type":"SearchAction","target":{"@type":"EntryPoint","urlTemplate":"https:\/\/compuviper.mx\/tienda\/?s={search_term_string}"},"query-input":"required name=search_term_string"}],"inLanguage":"es-MX"},{"@type":"Organization","@id":"https:\/\/compuviper.mx\/tienda\/#organization","name":"Compuviper","url":"https:\/\/compuviper.mx\/tienda\/","logo":{"@type":"ImageObject","inLanguage":"es-MX","@id":"https:\/\/compuviper.mx\/tienda\/#\/schema\/logo\/image\/","url":"https:\/\/compuviper.mx\/tienda\/wp-content\/uploads\/2021\/08\/Logo-Compuviper-10.png","contentUrl":"https:\/\/compuviper.mx\/tienda\/wp-content\/uploads\/2021\/08\/Logo-Compuviper-10.png","width":1000,"height":500,"caption":"Compuviper"},"image":{"@id":"https:\/\/compuviper.mx\/tienda\/#\/schema\/logo\/image\/"},"sameAs":["https:\/\/www.facebook.com\/compuviper","https:\/\/www.youtube.com\/channel\/UCf73dERp9Y3cfOq7q8BhLjA?view_as=subscriber"]}]},"product_brand":"TP LINK","product_price_amount":"151","product_price_currency":"MXN","og_availability":"out of stock","product_availability":"out of stock","product_retailer_item_id":"TAPO P100(1-PACK)","product_condition":"new"},"_links":{"self":[{"href":"https:\/\/compuviper.mx\/tienda\/wp-json\/wp\/v2\/product\/261712"}],"collection":[{"href":"https:\/\/compuviper.mx\/tienda\/wp-json\/wp\/v2\/product"}],"about":[{"href":"https:\/\/compuviper.mx\/tienda\/wp-json\/wp\/v2\/types\/product"}],"replies":[{"embeddable":true,"href":"https:\/\/compuviper.mx\/tienda\/wp-json\/wp\/v2\/comments?post=261712"}],"wp:featuredmedia":[{"embeddable":true,"href":"https:\/\/compuviper.mx\/tienda\/wp-json\/wp\/v2\/media\/261765"}],"wp:attachment":[{"href":"https:\/\/compuviper.mx\/tienda\/wp-json\/wp\/v2\/media?parent=261712"}],"wp:term":[{"taxonomy":"product_cat","embeddable":true,"href":"https:\/\/compuviper.mx\/tienda\/wp-json\/wp\/v2\/product_cat?post=261712"},{"taxonomy":"product_tag","embeddable":true,"href":"https:\/\/compuviper.mx\/tienda\/wp-json\/wp\/v2\/product_tag?post=261712"}],"curies":[{"name":"wp","href":"https:\/\/api.w.org\/{rel}","templated":true}]}}