{"id":261707,"date":"2026-04-02T23:19:06","date_gmt":"2026-04-03T05:19:06","guid":{"rendered":"https:\/\/compuviper.mx\/tienda\/producto\/epson-c11cl41301-multifuncional-l4360-ppm-iso-15-negro-8-color-tinta-continua-ecotank-wifi-usb\/"},"modified":"2026-04-02T23:19:06","modified_gmt":"2026-04-03T05:19:06","slug":"epson-c11cl41301-multifuncional-l4360-ppm-iso-15-negro-8-color-tinta-continua-ecotank-wifi-usb","status":"publish","type":"product","link":"https:\/\/compuviper.mx\/tienda\/producto\/epson-c11cl41301-multifuncional-l4360-ppm-iso-15-negro-8-color-tinta-continua-ecotank-wifi-usb\/","title":{"rendered":"Epson C11cl41301 Multifuncional  L4360, Ppm Iso 15 Negro \/ 8 Color, Tinta Continua, Ecotank, Wifi, Usb"},"content":{"rendered":"<table class=\"descripcion\">\n<tr>\n<td>Multifuncional epson l4360 impresora perfecta para negocios<\/td>\n<\/tr>\n<tr>\n<td>Valor increible: cada set de botellas de tinta de reemplazo equivale aproximadamente a 30 cartuchos individiduales.<\/td>\n<\/tr>\n<tr>\n<td>Uso eficiente de tinta: viene con suficiente tinta para imprimir hasta 6.600 paginas en negro y 5.500 en color.<\/td>\n<\/tr>\n<tr>\n<td>Impresi\u00f3n movil wifi: imprime y escanea comodamente desde tu dispositivo inteligente con la aplicaci\u00f3n epson smart panel.<\/td>\n<\/tr>\n<tr>\n<td>La impresora perfecta para emprendedores- nuestra impresora inalambrica sin cartuchos economica con pantalla a color<\/td>\n<\/tr>\n<\/table>\n","protected":false},"excerpt":{"rendered":"<p>Informacion tecnica. Generales.     *  tecnologia de impresi\u00f3n: tecnologia de inyeccion de tinta 4 colores con tecnologia de inyeccion bajo demanda y cabezal de impresi\u00f3n precisioncore. *idioma de la impresora: epson esc\/p-r.     *  resolucion: 4800 x 1200.     *  velocidad de impresion: 15,0 iso ppm (negro) 8,0 iso ppm (color.     *  velocidad de impresi\u00f3n doble cara automatica: 6,5 iso ppm (negro) 4,5 iso ppm (color. Epson connect: aplicaci\u00f3n epson smart panel (ios , android) epson email print, chromebook native print. Interfaz y conetividad.    *conectividad estandar: usb de alta velocidad (compatible con usb 2.0), wi-fi 5 (802.11 ac), wi-fi agile multibanda.    *sistemas operativos: windows 11 (64 bits) windows 10 (64 bit) windows 7 (32 bit, 64 bit) mac os x 10.9.5 mac os 14x. Chrome os. *sistema de servidor: windows server 2008, 2008 r2, 2012, 2012 r2, 2016, 2019, 2022. Manejo de papel y medios.    *soporte de papel sin pc: estandar: a4 (210 mm x 297 mm) carta (216 mm x 279 mm) legal (216 mm x 356 mm) mexico oficio (216 mm x 341 mm) oficio 9 (215 mm x 315 mm ) folio (215.9 mm x 330.2 mm) ejecutivo (184 mm  x 267 mm ) media carta (140 mm x 216 mm ) a6 (105 mm x 148 mm .    *tipo de papel: papel normal, blanco brillante, papel fotografico brillante, papel fotografico premium semi-brillante, papel fotografico ultra premium brillante, papel para presentaciones mate, papel premium para presentaciones mate. Capacidad de entrada de papel: alimentacion trasera: 100 hojas de papel normal, 20 hojas de papel fotografico, 10 sobres. Tipo de sobre: no 10. Capacidad de salida de papel: 30 hojas de papel normal. General. *ciclo de trabajo: hasta 5 mil paginas ( vol mensual recomendado hasta 800 paginas. *pantalla: lcd a color de 1,44?. *temperatura: en funcionamiento: 50\u00b0 f a 95\u00b0 f (10\u00b0c a 35\u00b0c. *humedad relativa. En funcionamiento: 20%- 80% almacenamiento: 5%-85%. Requisitos de energ\u00eda. Voltaje nominal: 50 hz-60 hz. Corriente nominal: 0.4 a-0.2 a. Pais de origen: filipinas. Garantia: 2 a\u00f1os con registro de producto. Consumo de energia: aprox 13w iso 24712 (impresi\u00f3n de copia independiente. Aprox 0.1 w (apagada. Normas de seguridad: ul 60950-1 2, 2019-05-09. Can\/ csa c22,2 no 60950, 1-07, 2014-10. Fcc parte 15 subparte b clase b. Ices-003 clase b. Peso y dimensiones (ancho x profundidad x alto. En uso (impresi\u00f3n) 14.8 x 22.8\u0094 x10.4\u0094, 375 mm x 580 mm x 265 mm. En almacenamiento: 14.8\u0094 x 13.7\u0094x7.4\u0094, 375 mm x 347mm x 187 mm. Peso: 11.5 lb, 5.2 kg. Dimensiones del embalaje:  15 lb, 6.8 kg. Peso del embalaje: 15 lb, 6.8 kg<\/p>\n","protected":false},"featured_media":0,"comment_status":"open","ping_status":"open","template":"","meta":[],"product_cat":[1777,1783],"product_tag":[1624],"acf":[],"yoast_head":"<!-- This site is optimized with the Yoast SEO plugin v21.7 - https:\/\/yoast.com\/wordpress\/plugins\/seo\/ -->\n<title>[ Epson ] &#129351; C11cl41301 Multifuncional L4360, Ppm Iso 15 Negro \/ 8 Color, Tinta Continua, Ecotank, Wifi, Usb<\/title>\n<meta name=\"description\" content=\"Compra C11cl41301 Multifuncional L4360, Ppm Iso 15 Negro \/ 8 Color, Tinta Continua, Ecotank, Wifi, Usb + Env\u00edo a domicilio + Pago seguro + Garant\u00eda\" \/>\n<meta name=\"robots\" content=\"index, follow, max-snippet:-1, max-image-preview:large, max-video-preview:-1\" \/>\n<link rel=\"canonical\" href=\"https:\/\/compuviper.mx\/tienda\/producto\/epson-c11cl41301-multifuncional-l4360-ppm-iso-15-negro-8-color-tinta-continua-ecotank-wifi-usb\/\" \/>\n<meta property=\"og:locale\" content=\"es_MX\" \/>\n<meta property=\"og:type\" content=\"article\" \/>\n<meta property=\"og:title\" content=\"[ Epson ] &#129351; C11cl41301 Multifuncional L4360, Ppm Iso 15 Negro \/ 8 Color, Tinta Continua, Ecotank, Wifi, Usb\" \/>\n<meta property=\"og:description\" content=\"Compra C11cl41301 Multifuncional L4360, Ppm Iso 15 Negro \/ 8 Color, Tinta Continua, Ecotank, Wifi, Usb + Env\u00edo a domicilio + Pago seguro + Garant\u00eda\" \/>\n<meta property=\"og:url\" content=\"https:\/\/compuviper.mx\/tienda\/producto\/epson-c11cl41301-multifuncional-l4360-ppm-iso-15-negro-8-color-tinta-continua-ecotank-wifi-usb\/\" \/>\n<meta property=\"og:site_name\" content=\"Compuviper\" \/>\n<meta property=\"article:publisher\" content=\"https:\/\/www.facebook.com\/compuviper\" \/>\n<meta name=\"twitter:card\" content=\"summary_large_image\" \/>\n<meta name=\"twitter:label1\" content=\"Precio\" \/>\n\t<meta name=\"twitter:data1\" content=\"&#36;4,981 con IVA\" \/>\n\t<meta name=\"twitter:label2\" content=\"Availability\" \/>\n\t<meta name=\"twitter:data2\" content=\"In stock\" \/>\n<script type=\"application\/ld+json\" class=\"yoast-schema-graph\">{\"@context\":\"https:\/\/schema.org\",\"@graph\":[{\"@type\":\"WebPage\",\"@id\":\"https:\/\/compuviper.mx\/tienda\/producto\/epson-c11cl41301-multifuncional-l4360-ppm-iso-15-negro-8-color-tinta-continua-ecotank-wifi-usb\/\",\"url\":\"https:\/\/compuviper.mx\/tienda\/producto\/epson-c11cl41301-multifuncional-l4360-ppm-iso-15-negro-8-color-tinta-continua-ecotank-wifi-usb\/\",\"name\":\"[ Epson ] &#129351; C11cl41301 Multifuncional L4360, Ppm Iso 15 Negro \/ 8 Color, Tinta Continua, Ecotank, Wifi, Usb\",\"isPartOf\":{\"@id\":\"https:\/\/compuviper.mx\/tienda\/#website\"},\"datePublished\":\"2026-04-03T05:19:06+00:00\",\"dateModified\":\"2026-04-03T05:19:06+00:00\",\"description\":\"Compra C11cl41301 Multifuncional L4360, Ppm Iso 15 Negro \/ 8 Color, Tinta Continua, Ecotank, Wifi, Usb + Env\u00edo a domicilio + Pago seguro + Garant\u00eda\",\"breadcrumb\":{\"@id\":\"https:\/\/compuviper.mx\/tienda\/producto\/epson-c11cl41301-multifuncional-l4360-ppm-iso-15-negro-8-color-tinta-continua-ecotank-wifi-usb\/#breadcrumb\"},\"inLanguage\":\"es-MX\",\"potentialAction\":[{\"@type\":\"ReadAction\",\"target\":[\"https:\/\/compuviper.mx\/tienda\/producto\/epson-c11cl41301-multifuncional-l4360-ppm-iso-15-negro-8-color-tinta-continua-ecotank-wifi-usb\/\"]}]},{\"@type\":\"BreadcrumbList\",\"@id\":\"https:\/\/compuviper.mx\/tienda\/producto\/epson-c11cl41301-multifuncional-l4360-ppm-iso-15-negro-8-color-tinta-continua-ecotank-wifi-usb\/#breadcrumb\",\"itemListElement\":[{\"@type\":\"ListItem\",\"position\":1,\"name\":\"Inicio\",\"item\":\"https:\/\/compuviper.mx\/tienda\/\"},{\"@type\":\"ListItem\",\"position\":2,\"name\":\"Productos\",\"item\":\"https:\/\/compuviper.mx\/tienda\/productos\/\"},{\"@type\":\"ListItem\",\"position\":3,\"name\":\"Impresoras\",\"item\":\"https:\/\/compuviper.mx\/tienda\/categoria-producto\/impresoras\/\"},{\"@type\":\"ListItem\",\"position\":4,\"name\":\"Inyeccion De Tinta\",\"item\":\"https:\/\/compuviper.mx\/tienda\/categoria-producto\/impresoras\/inyeccion-de-tinta-impresoras\/\"},{\"@type\":\"ListItem\",\"position\":5,\"name\":\"Epson C11cl41301 Multifuncional L4360, Ppm Iso 15 Negro \/ 8 Color, Tinta Continua, Ecotank, Wifi, Usb\"}]},{\"@type\":\"WebSite\",\"@id\":\"https:\/\/compuviper.mx\/tienda\/#website\",\"url\":\"https:\/\/compuviper.mx\/tienda\/\",\"name\":\"Compuviper\",\"description\":\"Proveedor de Computadoras, Laptops, Servidores, Monitores, Puntos de Venta, Teclados,   Impresoras, T\u00f3ner, C\u00e1maras de Seguridad y m\u00e1s en tu tienda en l\u00ednea\",\"publisher\":{\"@id\":\"https:\/\/compuviper.mx\/tienda\/#organization\"},\"potentialAction\":[{\"@type\":\"SearchAction\",\"target\":{\"@type\":\"EntryPoint\",\"urlTemplate\":\"https:\/\/compuviper.mx\/tienda\/?s={search_term_string}\"},\"query-input\":\"required name=search_term_string\"}],\"inLanguage\":\"es-MX\"},{\"@type\":\"Organization\",\"@id\":\"https:\/\/compuviper.mx\/tienda\/#organization\",\"name\":\"Compuviper\",\"url\":\"https:\/\/compuviper.mx\/tienda\/\",\"logo\":{\"@type\":\"ImageObject\",\"inLanguage\":\"es-MX\",\"@id\":\"https:\/\/compuviper.mx\/tienda\/#\/schema\/logo\/image\/\",\"url\":\"https:\/\/compuviper.mx\/tienda\/wp-content\/uploads\/2021\/08\/Logo-Compuviper-10.png\",\"contentUrl\":\"https:\/\/compuviper.mx\/tienda\/wp-content\/uploads\/2021\/08\/Logo-Compuviper-10.png\",\"width\":1000,\"height\":500,\"caption\":\"Compuviper\"},\"image\":{\"@id\":\"https:\/\/compuviper.mx\/tienda\/#\/schema\/logo\/image\/\"},\"sameAs\":[\"https:\/\/www.facebook.com\/compuviper\",\"https:\/\/www.youtube.com\/channel\/UCf73dERp9Y3cfOq7q8BhLjA?view_as=subscriber\"]}]}<\/script>\n<meta property=\"product:brand\" content=\"EPSON\" \/>\n<meta property=\"product:price:amount\" content=\"4981\" \/>\n<meta property=\"product:price:currency\" content=\"MXN\" \/>\n<meta property=\"og:availability\" content=\"instock\" \/>\n<meta property=\"product:availability\" content=\"instock\" \/>\n<meta property=\"product:retailer_item_id\" content=\"C11CL41301\" \/>\n<meta property=\"product:condition\" content=\"new\" \/>\n<!-- \/ Yoast SEO plugin. -->","yoast_head_json":{"title":"[ Epson ] &#129351; C11cl41301 Multifuncional L4360, Ppm Iso 15 Negro \/ 8 Color, Tinta Continua, Ecotank, Wifi, Usb","description":"Compra C11cl41301 Multifuncional L4360, Ppm Iso 15 Negro \/ 8 Color, Tinta Continua, Ecotank, Wifi, Usb + Env\u00edo a domicilio + Pago seguro + Garant\u00eda","robots":{"index":"index","follow":"follow","max-snippet":"max-snippet:-1","max-image-preview":"max-image-preview:large","max-video-preview":"max-video-preview:-1"},"canonical":"https:\/\/compuviper.mx\/tienda\/producto\/epson-c11cl41301-multifuncional-l4360-ppm-iso-15-negro-8-color-tinta-continua-ecotank-wifi-usb\/","og_locale":"es_MX","og_type":"article","og_title":"[ Epson ] &#129351; C11cl41301 Multifuncional L4360, Ppm Iso 15 Negro \/ 8 Color, Tinta Continua, Ecotank, Wifi, Usb","og_description":"Compra C11cl41301 Multifuncional L4360, Ppm Iso 15 Negro \/ 8 Color, Tinta Continua, Ecotank, Wifi, Usb + Env\u00edo a domicilio + Pago seguro + Garant\u00eda","og_url":"https:\/\/compuviper.mx\/tienda\/producto\/epson-c11cl41301-multifuncional-l4360-ppm-iso-15-negro-8-color-tinta-continua-ecotank-wifi-usb\/","og_site_name":"Compuviper","article_publisher":"https:\/\/www.facebook.com\/compuviper","twitter_card":"summary_large_image","twitter_misc":{"Precio":"&#36;4,981 con IVA","Availability":"In stock"},"schema":{"@context":"https:\/\/schema.org","@graph":[{"@type":"WebPage","@id":"https:\/\/compuviper.mx\/tienda\/producto\/epson-c11cl41301-multifuncional-l4360-ppm-iso-15-negro-8-color-tinta-continua-ecotank-wifi-usb\/","url":"https:\/\/compuviper.mx\/tienda\/producto\/epson-c11cl41301-multifuncional-l4360-ppm-iso-15-negro-8-color-tinta-continua-ecotank-wifi-usb\/","name":"[ Epson ] &#129351; C11cl41301 Multifuncional L4360, Ppm Iso 15 Negro \/ 8 Color, Tinta Continua, Ecotank, Wifi, Usb","isPartOf":{"@id":"https:\/\/compuviper.mx\/tienda\/#website"},"datePublished":"2026-04-03T05:19:06+00:00","dateModified":"2026-04-03T05:19:06+00:00","description":"Compra C11cl41301 Multifuncional L4360, Ppm Iso 15 Negro \/ 8 Color, Tinta Continua, Ecotank, Wifi, Usb + Env\u00edo a domicilio + Pago seguro + Garant\u00eda","breadcrumb":{"@id":"https:\/\/compuviper.mx\/tienda\/producto\/epson-c11cl41301-multifuncional-l4360-ppm-iso-15-negro-8-color-tinta-continua-ecotank-wifi-usb\/#breadcrumb"},"inLanguage":"es-MX","potentialAction":[{"@type":"ReadAction","target":["https:\/\/compuviper.mx\/tienda\/producto\/epson-c11cl41301-multifuncional-l4360-ppm-iso-15-negro-8-color-tinta-continua-ecotank-wifi-usb\/"]}]},{"@type":"BreadcrumbList","@id":"https:\/\/compuviper.mx\/tienda\/producto\/epson-c11cl41301-multifuncional-l4360-ppm-iso-15-negro-8-color-tinta-continua-ecotank-wifi-usb\/#breadcrumb","itemListElement":[{"@type":"ListItem","position":1,"name":"Inicio","item":"https:\/\/compuviper.mx\/tienda\/"},{"@type":"ListItem","position":2,"name":"Productos","item":"https:\/\/compuviper.mx\/tienda\/productos\/"},{"@type":"ListItem","position":3,"name":"Impresoras","item":"https:\/\/compuviper.mx\/tienda\/categoria-producto\/impresoras\/"},{"@type":"ListItem","position":4,"name":"Inyeccion De Tinta","item":"https:\/\/compuviper.mx\/tienda\/categoria-producto\/impresoras\/inyeccion-de-tinta-impresoras\/"},{"@type":"ListItem","position":5,"name":"Epson C11cl41301 Multifuncional L4360, Ppm Iso 15 Negro \/ 8 Color, Tinta Continua, Ecotank, Wifi, Usb"}]},{"@type":"WebSite","@id":"https:\/\/compuviper.mx\/tienda\/#website","url":"https:\/\/compuviper.mx\/tienda\/","name":"Compuviper","description":"Proveedor de Computadoras, Laptops, Servidores, Monitores, Puntos de Venta, Teclados,   Impresoras, T\u00f3ner, C\u00e1maras de Seguridad y m\u00e1s en tu tienda en l\u00ednea","publisher":{"@id":"https:\/\/compuviper.mx\/tienda\/#organization"},"potentialAction":[{"@type":"SearchAction","target":{"@type":"EntryPoint","urlTemplate":"https:\/\/compuviper.mx\/tienda\/?s={search_term_string}"},"query-input":"required name=search_term_string"}],"inLanguage":"es-MX"},{"@type":"Organization","@id":"https:\/\/compuviper.mx\/tienda\/#organization","name":"Compuviper","url":"https:\/\/compuviper.mx\/tienda\/","logo":{"@type":"ImageObject","inLanguage":"es-MX","@id":"https:\/\/compuviper.mx\/tienda\/#\/schema\/logo\/image\/","url":"https:\/\/compuviper.mx\/tienda\/wp-content\/uploads\/2021\/08\/Logo-Compuviper-10.png","contentUrl":"https:\/\/compuviper.mx\/tienda\/wp-content\/uploads\/2021\/08\/Logo-Compuviper-10.png","width":1000,"height":500,"caption":"Compuviper"},"image":{"@id":"https:\/\/compuviper.mx\/tienda\/#\/schema\/logo\/image\/"},"sameAs":["https:\/\/www.facebook.com\/compuviper","https:\/\/www.youtube.com\/channel\/UCf73dERp9Y3cfOq7q8BhLjA?view_as=subscriber"]}]},"product_brand":"EPSON","product_price_amount":"4981","product_price_currency":"MXN","og_availability":"instock","product_availability":"instock","product_retailer_item_id":"C11CL41301","product_condition":"new"},"_links":{"self":[{"href":"https:\/\/compuviper.mx\/tienda\/wp-json\/wp\/v2\/product\/261707"}],"collection":[{"href":"https:\/\/compuviper.mx\/tienda\/wp-json\/wp\/v2\/product"}],"about":[{"href":"https:\/\/compuviper.mx\/tienda\/wp-json\/wp\/v2\/types\/product"}],"replies":[{"embeddable":true,"href":"https:\/\/compuviper.mx\/tienda\/wp-json\/wp\/v2\/comments?post=261707"}],"wp:attachment":[{"href":"https:\/\/compuviper.mx\/tienda\/wp-json\/wp\/v2\/media?parent=261707"}],"wp:term":[{"taxonomy":"product_cat","embeddable":true,"href":"https:\/\/compuviper.mx\/tienda\/wp-json\/wp\/v2\/product_cat?post=261707"},{"taxonomy":"product_tag","embeddable":true,"href":"https:\/\/compuviper.mx\/tienda\/wp-json\/wp\/v2\/product_tag?post=261707"}],"curies":[{"name":"wp","href":"https:\/\/api.w.org\/{rel}","templated":true}]}}