{"id":261704,"date":"2026-04-14T01:15:20","date_gmt":"2026-04-14T07:15:20","guid":{"rendered":"https:\/\/compuviper.mx\/tienda\/producto\/dell-8x4m5-laptop-pro-14-esential-amd-ryzen-7-250-16-gb-1x16-gb-512-gb-ssd-14-fhd-win11-pro-1-ao-de-soporte-de-hardware-next-business-day-sns-la\/"},"modified":"2026-04-14T01:15:21","modified_gmt":"2026-04-14T07:15:21","slug":"dell-8x4m5-laptop-pro-14-essential-amd-ryzen-7-250-16-gb-1x16-gb-512-gb-ssd-14-fhd-win11-pro-1-ao-de-soporte-de-hardware-next-business-day-sns-la","status":"publish","type":"product","link":"https:\/\/compuviper.mx\/tienda\/producto\/dell-8x4m5-laptop-pro-14-essential-amd-ryzen-7-250-16-gb-1x16-gb-512-gb-ssd-14-fhd-win11-pro-1-ao-de-soporte-de-hardware-next-business-day-sns-la\/","title":{"rendered":"Dell 8x4m5 Laptop  Pro 14 Essential Amd Ryzen 7 250 16 Gb 1&#215;16 Gb 512 Gb Ssd 14 Fhd Win11 Pro 1 A?o De Soporte De Hardware Next Business Day Sns-la"},"content":{"rendered":"<table class=\"descripcion\">\n<tr>\n<td>Base: dell pro 14 essential pv14255.<\/td>\n<\/tr>\n<tr>\n<td>Modelo\/c\u00f3digo de orden: pv14255_r716512pwps_1w | btsvqz_pv14255_la.<\/td>\n<\/tr>\n<tr>\n<td>Procesador: amd ryzen 7 250 (8 n\u00facleos, hasta 5.1 ghz).<\/td>\n<\/tr>\n<tr>\n<td>Gr\u00e1ficos: amd radeon graphics.<\/td>\n<\/tr>\n<tr>\n<td>Sistema operativo: windows 11 pro.<\/td>\n<\/tr>\n<tr>\n<td>Memoria ram: 16 gb ddr5 (1 x 16 gb), 5600 mt\/s.<\/td>\n<\/tr>\n<tr>\n<td>Almacenamiento: ssd qlc cl25 m.2 de 512 gb.<\/td>\n<\/tr>\n<tr>\n<td>Pantalla: 14.0 pulgadas fhd+ (1920&#215;1200), antibrilante, no t\u00e1ctil, 300 nits, wva\/ips display.<\/td>\n<\/tr>\n<tr>\n<td>Teclado: negro carb\u00f3n, espa\u00f1ol (latinoam\u00e9rica), no retroiluminado.<\/td>\n<\/tr>\n<tr>\n<td>Seguridad y administraci\u00f3n: bot\u00f3n de encendido negro carb\u00f3n con lector de huellas digitales , hardware tpm , mil-std 810h.<\/td>\n<\/tr>\n<tr>\n<td>Conectividad inal\u00e1mbrica: tarjeta inal\u00e1mbrica realtek wi-fi 6 rtl8852be, 2&#215;2, 802.11ax, mu-mimo, bluetooth.<\/td>\n<\/tr>\n<tr>\n<td>Puertos usb:<\/td>\n<\/tr>\n<tr>\n<td>(1) usb 3.2 gen 2 type-c (compatible con dp\/power delivery).<\/td>\n<\/tr>\n<tr>\n<td>(2) usb 3.2 gen 1 type a.<\/td>\n<\/tr>\n<tr>\n<td>Otros puertos de video y audio: (1) jack para auriculares , hdmi 1.4.<\/td>\n<\/tr>\n<tr>\n<td>Otros puertos: lector de tarjetas sd , ranura de bloqueo en forma de cu\u00f1a.<\/td>\n<\/tr>\n<tr>\n<td>Bater\u00eda: 4 celdas, 54 whr (integrada).<\/td>\n<\/tr>\n<tr>\n<td>Fuente de poder: e4 65 w, 4.5 mm rug v2.<\/td>\n<\/tr>\n<tr>\n<td>Color: plata (silver).<\/td>\n<\/tr>\n<tr>\n<td>Dimensiones (aprox.):<\/td>\n<\/tr>\n<tr>\n<td>Ancho: 314 mm (12.36).<\/td>\n<\/tr>\n<tr>\n<td>Profundidad: 226.15 mm (8.90).<\/td>\n<\/tr>\n<tr>\n<td>Altura: 16.9 mm &#8211; 19.9 mm (0.67 &#8211; 0.78).<\/td>\n<\/tr>\n<tr>\n<td>Peso (aprox.): 1.54 kg (3.40 lb).<\/td>\n<\/tr>\n<tr>\n<td>Certificaciones: etiqueta energy star , mil-std 810h.<\/td>\n<\/tr>\n<tr>\n<td>Garant\u00eda y soporte: 1 a\u00f1o de soporte de hardware next business day sns-la.<\/td>\n<\/tr>\n<tr>\n<td>Software incluido: prueba de 30 d\u00edas de microsoft 365 , prueba de 30 d\u00edas de mcafee business protection.<\/td>\n<\/tr>\n<\/table>\n","protected":false},"excerpt":{"rendered":"<p>Dell pro 14 essential pv14255: potencia amd ryzen 7  en un dise\u00f1o empresarial. Esta computadora port\u00e1til de 14 pulgadas combina el rendimiento robusto de un procesador amd ryzen 7 de 8 n\u00facleos con una experiencia profesional completa bajo windows 11 pro. Ofrece 16 gb de memoria ddr5 y un ssd de 512 gb para una alta eficiencia operativa. Su pantalla fhd+ wva\/ips de 300 nits es ideal para la productividad. Adem\u00e1s, ofrece wi-fi 6 y varios puertos usb, incluyendo un usb-c con suministro de energ\u00eda y displayport. Con un peso inicial de 1.54 kg y 1 a\u00f1o de soporte next business day, es una opci\u00f3n potente, segura y m\u00f3vil para profesionales.<\/p>\n","protected":false},"featured_media":0,"comment_status":"open","ping_status":"open","template":"","meta":[],"product_cat":[1886,1887],"product_tag":[1537],"acf":[],"yoast_head":"<!-- This site is optimized with the Yoast SEO plugin v21.7 - https:\/\/yoast.com\/wordpress\/plugins\/seo\/ -->\n<title>[ Dell ] &#129351; 8x4m5 Laptop Pro 14 Essential Amd Ryzen 7 250 16 Gb 1x16 Gb 512 Gb Ssd 14 Fhd Win11 Pro 1 A\u00f1o De Soporte De Hardware Next Business Day Sns-la<\/title>\n<meta name=\"description\" content=\"Compra 8x4m5 Laptop Pro 14 Essential Amd Ryzen 7 250 16 Gb 1x16 Gb 512 Gb Ssd 14 Fhd Win11 Pro 1 A\u00f1o De Soporte De Hardware Next Business Day Sns-la + Env\u00edo a domicilio + Pago seguro + Garant\u00eda\" \/>\n<meta name=\"robots\" content=\"index, follow, max-snippet:-1, max-image-preview:large, max-video-preview:-1\" \/>\n<link rel=\"canonical\" href=\"https:\/\/compuviper.mx\/tienda\/producto\/dell-8x4m5-laptop-pro-14-essential-amd-ryzen-7-250-16-gb-1x16-gb-512-gb-ssd-14-fhd-win11-pro-1-ao-de-soporte-de-hardware-next-business-day-sns-la\/\" \/>\n<meta property=\"og:locale\" content=\"es_MX\" \/>\n<meta property=\"og:type\" content=\"article\" \/>\n<meta property=\"og:title\" content=\"[ Dell ] &#129351; 8x4m5 Laptop Pro 14 Essential Amd Ryzen 7 250 16 Gb 1x16 Gb 512 Gb Ssd 14 Fhd Win11 Pro 1 A\u00f1o De Soporte De Hardware Next Business Day Sns-la\" \/>\n<meta property=\"og:description\" content=\"Compra 8x4m5 Laptop Pro 14 Essential Amd Ryzen 7 250 16 Gb 1x16 Gb 512 Gb Ssd 14 Fhd Win11 Pro 1 A\u00f1o De Soporte De Hardware Next Business Day Sns-la + Env\u00edo a domicilio + Pago seguro + Garant\u00eda\" \/>\n<meta property=\"og:url\" content=\"https:\/\/compuviper.mx\/tienda\/producto\/dell-8x4m5-laptop-pro-14-essential-amd-ryzen-7-250-16-gb-1x16-gb-512-gb-ssd-14-fhd-win11-pro-1-ao-de-soporte-de-hardware-next-business-day-sns-la\/\" \/>\n<meta property=\"og:site_name\" content=\"Compuviper\" \/>\n<meta property=\"article:publisher\" content=\"https:\/\/www.facebook.com\/compuviper\" \/>\n<meta property=\"article:modified_time\" content=\"2026-04-14T07:15:21+00:00\" \/>\n<meta name=\"twitter:card\" content=\"summary_large_image\" \/>\n<meta name=\"twitter:label1\" content=\"Precio\" \/>\n\t<meta name=\"twitter:data1\" content=\"&#36;13,468 &#36;12,669 con IVA\" \/>\n\t<meta name=\"twitter:label2\" content=\"Availability\" \/>\n\t<meta name=\"twitter:data2\" content=\"In stock\" \/>\n<script type=\"application\/ld+json\" class=\"yoast-schema-graph\">{\"@context\":\"https:\/\/schema.org\",\"@graph\":[{\"@type\":\"WebPage\",\"@id\":\"https:\/\/compuviper.mx\/tienda\/producto\/dell-8x4m5-laptop-pro-14-essential-amd-ryzen-7-250-16-gb-1x16-gb-512-gb-ssd-14-fhd-win11-pro-1-ao-de-soporte-de-hardware-next-business-day-sns-la\/\",\"url\":\"https:\/\/compuviper.mx\/tienda\/producto\/dell-8x4m5-laptop-pro-14-essential-amd-ryzen-7-250-16-gb-1x16-gb-512-gb-ssd-14-fhd-win11-pro-1-ao-de-soporte-de-hardware-next-business-day-sns-la\/\",\"name\":\"[ Dell ] &#129351; 8x4m5 Laptop Pro 14 Essential Amd Ryzen 7 250 16 Gb 1x16 Gb 512 Gb Ssd 14 Fhd Win11 Pro 1 A\u00f1o De Soporte De Hardware Next Business Day Sns-la\",\"isPartOf\":{\"@id\":\"https:\/\/compuviper.mx\/tienda\/#website\"},\"datePublished\":\"2026-04-14T07:15:20+00:00\",\"dateModified\":\"2026-04-14T07:15:21+00:00\",\"description\":\"Compra 8x4m5 Laptop Pro 14 Essential Amd Ryzen 7 250 16 Gb 1x16 Gb 512 Gb Ssd 14 Fhd Win11 Pro 1 A\u00f1o De Soporte De Hardware Next Business Day Sns-la + Env\u00edo a domicilio + Pago seguro + Garant\u00eda\",\"breadcrumb\":{\"@id\":\"https:\/\/compuviper.mx\/tienda\/producto\/dell-8x4m5-laptop-pro-14-essential-amd-ryzen-7-250-16-gb-1x16-gb-512-gb-ssd-14-fhd-win11-pro-1-ao-de-soporte-de-hardware-next-business-day-sns-la\/#breadcrumb\"},\"inLanguage\":\"es-MX\",\"potentialAction\":[{\"@type\":\"ReadAction\",\"target\":[\"https:\/\/compuviper.mx\/tienda\/producto\/dell-8x4m5-laptop-pro-14-essential-amd-ryzen-7-250-16-gb-1x16-gb-512-gb-ssd-14-fhd-win11-pro-1-ao-de-soporte-de-hardware-next-business-day-sns-la\/\"]}]},{\"@type\":\"BreadcrumbList\",\"@id\":\"https:\/\/compuviper.mx\/tienda\/producto\/dell-8x4m5-laptop-pro-14-essential-amd-ryzen-7-250-16-gb-1x16-gb-512-gb-ssd-14-fhd-win11-pro-1-ao-de-soporte-de-hardware-next-business-day-sns-la\/#breadcrumb\",\"itemListElement\":[{\"@type\":\"ListItem\",\"position\":1,\"name\":\"Inicio\",\"item\":\"https:\/\/compuviper.mx\/tienda\/\"},{\"@type\":\"ListItem\",\"position\":2,\"name\":\"Productos\",\"item\":\"https:\/\/compuviper.mx\/tienda\/productos\/\"},{\"@type\":\"ListItem\",\"position\":3,\"name\":\"Laptops\",\"item\":\"https:\/\/compuviper.mx\/tienda\/categoria-producto\/laptops\/\"},{\"@type\":\"ListItem\",\"position\":4,\"name\":\"Notebook\",\"item\":\"https:\/\/compuviper.mx\/tienda\/categoria-producto\/laptops\/notebook-laptops\/\"},{\"@type\":\"ListItem\",\"position\":5,\"name\":\"Dell 8x4m5 Laptop Pro 14 Essential Amd Ryzen 7 250 16 Gb 1&#215;16 Gb 512 Gb Ssd 14 Fhd Win11 Pro 1 A?o De Soporte De Hardware Next Business Day Sns-la\"}]},{\"@type\":\"WebSite\",\"@id\":\"https:\/\/compuviper.mx\/tienda\/#website\",\"url\":\"https:\/\/compuviper.mx\/tienda\/\",\"name\":\"Compuviper\",\"description\":\"Proveedor de Computadoras, Laptops, Servidores, Monitores, Puntos de Venta, Teclados,   Impresoras, T\u00f3ner, C\u00e1maras de Seguridad y m\u00e1s en tu tienda en l\u00ednea\",\"publisher\":{\"@id\":\"https:\/\/compuviper.mx\/tienda\/#organization\"},\"potentialAction\":[{\"@type\":\"SearchAction\",\"target\":{\"@type\":\"EntryPoint\",\"urlTemplate\":\"https:\/\/compuviper.mx\/tienda\/?s={search_term_string}\"},\"query-input\":\"required name=search_term_string\"}],\"inLanguage\":\"es-MX\"},{\"@type\":\"Organization\",\"@id\":\"https:\/\/compuviper.mx\/tienda\/#organization\",\"name\":\"Compuviper\",\"url\":\"https:\/\/compuviper.mx\/tienda\/\",\"logo\":{\"@type\":\"ImageObject\",\"inLanguage\":\"es-MX\",\"@id\":\"https:\/\/compuviper.mx\/tienda\/#\/schema\/logo\/image\/\",\"url\":\"https:\/\/compuviper.mx\/tienda\/wp-content\/uploads\/2021\/08\/Logo-Compuviper-10.png\",\"contentUrl\":\"https:\/\/compuviper.mx\/tienda\/wp-content\/uploads\/2021\/08\/Logo-Compuviper-10.png\",\"width\":1000,\"height\":500,\"caption\":\"Compuviper\"},\"image\":{\"@id\":\"https:\/\/compuviper.mx\/tienda\/#\/schema\/logo\/image\/\"},\"sameAs\":[\"https:\/\/www.facebook.com\/compuviper\",\"https:\/\/www.youtube.com\/channel\/UCf73dERp9Y3cfOq7q8BhLjA?view_as=subscriber\"]}]}<\/script>\n<meta property=\"product:brand\" content=\"DELL\" \/>\n<meta property=\"product:price:amount\" content=\"12669\" \/>\n<meta property=\"product:price:currency\" content=\"MXN\" \/>\n<meta property=\"og:availability\" content=\"instock\" \/>\n<meta property=\"product:availability\" content=\"instock\" \/>\n<meta property=\"product:retailer_item_id\" content=\"8X4M5\" \/>\n<meta property=\"product:condition\" content=\"new\" \/>\n<!-- \/ Yoast SEO plugin. -->","yoast_head_json":{"title":"[ Dell ] &#129351; 8x4m5 Laptop Pro 14 Essential Amd Ryzen 7 250 16 Gb 1x16 Gb 512 Gb Ssd 14 Fhd Win11 Pro 1 A\u00f1o De Soporte De Hardware Next Business Day Sns-la","description":"Compra 8x4m5 Laptop Pro 14 Essential Amd Ryzen 7 250 16 Gb 1x16 Gb 512 Gb Ssd 14 Fhd Win11 Pro 1 A\u00f1o De Soporte De Hardware Next Business Day Sns-la + Env\u00edo a domicilio + Pago seguro + Garant\u00eda","robots":{"index":"index","follow":"follow","max-snippet":"max-snippet:-1","max-image-preview":"max-image-preview:large","max-video-preview":"max-video-preview:-1"},"canonical":"https:\/\/compuviper.mx\/tienda\/producto\/dell-8x4m5-laptop-pro-14-essential-amd-ryzen-7-250-16-gb-1x16-gb-512-gb-ssd-14-fhd-win11-pro-1-ao-de-soporte-de-hardware-next-business-day-sns-la\/","og_locale":"es_MX","og_type":"article","og_title":"[ Dell ] &#129351; 8x4m5 Laptop Pro 14 Essential Amd Ryzen 7 250 16 Gb 1x16 Gb 512 Gb Ssd 14 Fhd Win11 Pro 1 A\u00f1o De Soporte De Hardware Next Business Day Sns-la","og_description":"Compra 8x4m5 Laptop Pro 14 Essential Amd Ryzen 7 250 16 Gb 1x16 Gb 512 Gb Ssd 14 Fhd Win11 Pro 1 A\u00f1o De Soporte De Hardware Next Business Day Sns-la + Env\u00edo a domicilio + Pago seguro + Garant\u00eda","og_url":"https:\/\/compuviper.mx\/tienda\/producto\/dell-8x4m5-laptop-pro-14-essential-amd-ryzen-7-250-16-gb-1x16-gb-512-gb-ssd-14-fhd-win11-pro-1-ao-de-soporte-de-hardware-next-business-day-sns-la\/","og_site_name":"Compuviper","article_publisher":"https:\/\/www.facebook.com\/compuviper","article_modified_time":"2026-04-14T07:15:21+00:00","twitter_card":"summary_large_image","twitter_misc":{"Precio":"&#36;13,468 &#36;12,669 con IVA","Availability":"In stock"},"schema":{"@context":"https:\/\/schema.org","@graph":[{"@type":"WebPage","@id":"https:\/\/compuviper.mx\/tienda\/producto\/dell-8x4m5-laptop-pro-14-essential-amd-ryzen-7-250-16-gb-1x16-gb-512-gb-ssd-14-fhd-win11-pro-1-ao-de-soporte-de-hardware-next-business-day-sns-la\/","url":"https:\/\/compuviper.mx\/tienda\/producto\/dell-8x4m5-laptop-pro-14-essential-amd-ryzen-7-250-16-gb-1x16-gb-512-gb-ssd-14-fhd-win11-pro-1-ao-de-soporte-de-hardware-next-business-day-sns-la\/","name":"[ Dell ] &#129351; 8x4m5 Laptop Pro 14 Essential Amd Ryzen 7 250 16 Gb 1x16 Gb 512 Gb Ssd 14 Fhd Win11 Pro 1 A\u00f1o De Soporte De Hardware Next Business Day Sns-la","isPartOf":{"@id":"https:\/\/compuviper.mx\/tienda\/#website"},"datePublished":"2026-04-14T07:15:20+00:00","dateModified":"2026-04-14T07:15:21+00:00","description":"Compra 8x4m5 Laptop Pro 14 Essential Amd Ryzen 7 250 16 Gb 1x16 Gb 512 Gb Ssd 14 Fhd Win11 Pro 1 A\u00f1o De Soporte De Hardware Next Business Day Sns-la + Env\u00edo a domicilio + Pago seguro + Garant\u00eda","breadcrumb":{"@id":"https:\/\/compuviper.mx\/tienda\/producto\/dell-8x4m5-laptop-pro-14-essential-amd-ryzen-7-250-16-gb-1x16-gb-512-gb-ssd-14-fhd-win11-pro-1-ao-de-soporte-de-hardware-next-business-day-sns-la\/#breadcrumb"},"inLanguage":"es-MX","potentialAction":[{"@type":"ReadAction","target":["https:\/\/compuviper.mx\/tienda\/producto\/dell-8x4m5-laptop-pro-14-essential-amd-ryzen-7-250-16-gb-1x16-gb-512-gb-ssd-14-fhd-win11-pro-1-ao-de-soporte-de-hardware-next-business-day-sns-la\/"]}]},{"@type":"BreadcrumbList","@id":"https:\/\/compuviper.mx\/tienda\/producto\/dell-8x4m5-laptop-pro-14-essential-amd-ryzen-7-250-16-gb-1x16-gb-512-gb-ssd-14-fhd-win11-pro-1-ao-de-soporte-de-hardware-next-business-day-sns-la\/#breadcrumb","itemListElement":[{"@type":"ListItem","position":1,"name":"Inicio","item":"https:\/\/compuviper.mx\/tienda\/"},{"@type":"ListItem","position":2,"name":"Productos","item":"https:\/\/compuviper.mx\/tienda\/productos\/"},{"@type":"ListItem","position":3,"name":"Laptops","item":"https:\/\/compuviper.mx\/tienda\/categoria-producto\/laptops\/"},{"@type":"ListItem","position":4,"name":"Notebook","item":"https:\/\/compuviper.mx\/tienda\/categoria-producto\/laptops\/notebook-laptops\/"},{"@type":"ListItem","position":5,"name":"Dell 8x4m5 Laptop Pro 14 Essential Amd Ryzen 7 250 16 Gb 1&#215;16 Gb 512 Gb Ssd 14 Fhd Win11 Pro 1 A?o De Soporte De Hardware Next Business Day Sns-la"}]},{"@type":"WebSite","@id":"https:\/\/compuviper.mx\/tienda\/#website","url":"https:\/\/compuviper.mx\/tienda\/","name":"Compuviper","description":"Proveedor de Computadoras, Laptops, Servidores, Monitores, Puntos de Venta, Teclados,   Impresoras, T\u00f3ner, C\u00e1maras de Seguridad y m\u00e1s en tu tienda en l\u00ednea","publisher":{"@id":"https:\/\/compuviper.mx\/tienda\/#organization"},"potentialAction":[{"@type":"SearchAction","target":{"@type":"EntryPoint","urlTemplate":"https:\/\/compuviper.mx\/tienda\/?s={search_term_string}"},"query-input":"required name=search_term_string"}],"inLanguage":"es-MX"},{"@type":"Organization","@id":"https:\/\/compuviper.mx\/tienda\/#organization","name":"Compuviper","url":"https:\/\/compuviper.mx\/tienda\/","logo":{"@type":"ImageObject","inLanguage":"es-MX","@id":"https:\/\/compuviper.mx\/tienda\/#\/schema\/logo\/image\/","url":"https:\/\/compuviper.mx\/tienda\/wp-content\/uploads\/2021\/08\/Logo-Compuviper-10.png","contentUrl":"https:\/\/compuviper.mx\/tienda\/wp-content\/uploads\/2021\/08\/Logo-Compuviper-10.png","width":1000,"height":500,"caption":"Compuviper"},"image":{"@id":"https:\/\/compuviper.mx\/tienda\/#\/schema\/logo\/image\/"},"sameAs":["https:\/\/www.facebook.com\/compuviper","https:\/\/www.youtube.com\/channel\/UCf73dERp9Y3cfOq7q8BhLjA?view_as=subscriber"]}]},"product_brand":"DELL","product_price_amount":"12669","product_price_currency":"MXN","og_availability":"instock","product_availability":"instock","product_retailer_item_id":"8X4M5","product_condition":"new"},"_links":{"self":[{"href":"https:\/\/compuviper.mx\/tienda\/wp-json\/wp\/v2\/product\/261704"}],"collection":[{"href":"https:\/\/compuviper.mx\/tienda\/wp-json\/wp\/v2\/product"}],"about":[{"href":"https:\/\/compuviper.mx\/tienda\/wp-json\/wp\/v2\/types\/product"}],"replies":[{"embeddable":true,"href":"https:\/\/compuviper.mx\/tienda\/wp-json\/wp\/v2\/comments?post=261704"}],"wp:attachment":[{"href":"https:\/\/compuviper.mx\/tienda\/wp-json\/wp\/v2\/media?parent=261704"}],"wp:term":[{"taxonomy":"product_cat","embeddable":true,"href":"https:\/\/compuviper.mx\/tienda\/wp-json\/wp\/v2\/product_cat?post=261704"},{"taxonomy":"product_tag","embeddable":true,"href":"https:\/\/compuviper.mx\/tienda\/wp-json\/wp\/v2\/product_tag?post=261704"}],"curies":[{"name":"wp","href":"https:\/\/api.w.org\/{rel}","templated":true}]}}