{"id":261701,"date":"2026-04-11T01:03:44","date_gmt":"2026-04-11T07:03:44","guid":{"rendered":"https:\/\/compuviper.mx\/tienda\/producto\/tp-link-tl-wa1201-acces-point-inalambrico-ac1200-banda-dual-5ghz-2-4-ghz\/"},"modified":"2026-04-11T01:03:44","modified_gmt":"2026-04-11T07:03:44","slug":"tp-link-tl-wa1201-acces-point-inalambrico-ac1200-banda-dual-5ghz-2-4-ghz","status":"publish","type":"product","link":"https:\/\/compuviper.mx\/tienda\/producto\/tp-link-tl-wa1201-acces-point-inalambrico-ac1200-banda-dual-5ghz-2-4-ghz\/","title":{"rendered":"Tp Link Tl-wa1201 Acces Point   Inalambrico Ac1200 Banda Dual 5ghz \/2.4 Ghz"},"content":{"rendered":"<table class=\"descripcion\">\n<tr>\n<td>Caracteristicas de hardware<\/td>\n<\/tr>\n<tr>\n<td>Interfaz 1 puerto ethernet \u00d7 10\/100\/1000 mbps<\/td>\n<\/tr>\n<tr>\n<td>(soporta poe pasivo)<\/td>\n<\/tr>\n<tr>\n<td>Botones boton encendido on\/off, boton wps, boton reset<\/td>\n<\/tr>\n<tr>\n<td>Fuente de alimentacion externa 12v\/1.5a<\/td>\n<\/tr>\n<tr>\n<td>Estandares inalambricos ieee802.11b\/g\/n 2.4 ghz, ieee 802.11ac\/n\/a 5 ghz<\/td>\n<\/tr>\n<tr>\n<td>Dimensiones 400\u00d7255\u00d772 mm (225\u00d7145,5\u00d737 pulgadas)<\/td>\n<\/tr>\n<tr>\n<td>Tipo de antena 4 antenas fijas alto rendimiento<\/td>\n<\/tr>\n<tr>\n<td>Caracteristicas inalambricas<\/td>\n<\/tr>\n<tr>\n<td>Frecuencia 2.4 ghz y 5 ghz<\/td>\n<\/tr>\n<tr>\n<td>Tasa de se\u00f1al 867 mbps en 5 ghz, 300 mbps en 2.4 ghz<\/td>\n<\/tr>\n<tr>\n<td>Sensibilidad de recepcion 5 ghz:<\/td>\n<\/tr>\n<tr>\n<td>11a 6 mbps: -95 dbm, 11a 54 mbps: -81 dbm<\/td>\n<\/tr>\n<tr>\n<td>11ac vht20 (mcs0): -94 dbm, 11ac vht20 (mcs8): -71 dbm<\/td>\n<\/tr>\n<tr>\n<td>11n ht40(mcs0): -91dbm, 11n ht40(mcs7): -71dbm<\/td>\n<\/tr>\n<tr>\n<td>11ac vht80 (mcs0): -88 dbm, 11ac vht80 (mcs9): -63 dbm<\/td>\n<\/tr>\n<tr>\n<td>2,4 ghz:<\/td>\n<\/tr>\n<tr>\n<td>11g 54mbps: -78dbm<\/td>\n<\/tr>\n<tr>\n<td>11n ht20(mcs0): -92dbm, 11n ht20(mcs7): -74dbm<\/td>\n<\/tr>\n<tr>\n<td>11n ht40(mcs0): -88dbm, 11n ht40(mcs7): -72dbm<\/td>\n<\/tr>\n<tr>\n<td>Potencia de transmisi\u00f3n ce:  20dbm(2.4ghz),  23dbm(5.15ghz~5.25ghz)<\/td>\n<\/tr>\n<tr>\n<td>Fcc:  30dbm (2,4 ghz y 5 ghz)<\/td>\n<\/tr>\n<tr>\n<td>Modos inalambricos punto de acceso, extensor de cobertura, cliente, multi-ssid<\/td>\n<\/tr>\n<tr>\n<td>Funciones inalambricas habilitar\/deshabilitar radio inalambrico, puente wds, wmm, estadisticas inalambricas, reenvio inalambrico multicast, servidor dhcp, control de acceso<\/td>\n<\/tr>\n<tr>\n<td>Seguridad inalambrica encripciones 64\/128-bit wep, wpa\/wpa2, wpa-psk\/wpa-psk2<\/td>\n<\/tr>\n<tr>\n<td>Servidor dhcp, lista cliente dhcp<\/td>\n<\/tr>\n<tr>\n<td>Calidad de servicio wmm<\/td>\n<\/tr>\n<tr>\n<td>Funciones avanzadas portal cautivo<\/td>\n<\/tr>\n<tr>\n<td>Otros<\/td>\n<\/tr>\n<tr>\n<td>Certificaciones ce, fcc, rohs<\/td>\n<\/tr>\n<tr>\n<td>Contenido del paquete punto de acceso inalambricot tl-wa1201<\/td>\n<\/tr>\n<tr>\n<td>Adaptador de energia<\/td>\n<\/tr>\n<tr>\n<td>Cable ethernet rj45<\/td>\n<\/tr>\n<tr>\n<td>Guia de instalacion rapida<\/td>\n<\/tr>\n<tr>\n<td>Inyector poe<\/td>\n<\/tr>\n<tr>\n<td>Requisitos del sistema microsoft windows 98se, nt, 2000, xp, vista\u0099 o<\/td>\n<\/tr>\n<tr>\n<td>Windows 7, 8, 8.1, 10, mac os, netware, unix o linux<\/td>\n<\/tr>\n<tr>\n<td>Internet explorer 11, firefox 12.0, chrome 20.0, safari<\/td>\n<\/tr>\n<tr>\n<td>4.0, u otro navegador con java<\/td>\n<\/tr>\n<tr>\n<td>Factores ambientales temperatura de funcionamiento: 0 and #8451;~40 and #8451; (32 and #8457;~104 and #8457;)<\/td>\n<\/tr>\n<tr>\n<td>Temperatura de almacenamiento: -40 and #8451;~70 and #8451; (-40 and #8457;~158 and #8457;)<\/td>\n<\/tr>\n<tr>\n<td>Humedad de funcionamiento: 10%~90% sin condensaci\u00f3n<\/td>\n<\/tr>\n<tr>\n<td>Humedad de almacenamiento: 5%~90% sin condensaci\u00f3n<\/td>\n<\/tr>\n<tr>\n<td>Soporte de protocolo ipv4, ipv6<\/td>\n<\/tr>\n<tr>\n<td>Https:\/\/www.tp-link.com\/es\/home-networking\/access-point\/tl-wa1201\/#specifications<\/td>\n<\/tr>\n<\/table>\n","protected":false},"excerpt":{"rendered":"<p>Wi-fi ac1200 banda-dual \u0096 867 mbps en 5 ghz y 300 mbps en banda de 2,4 ghz.     Despliegue flexible \u0096 soporte poe pasivo que permite el envio de corriente electrica y datos simultaneos.     Modos m\u00faltiples \u0096 soporta punto de acceso, extensor de red, multi-ssid y modo cliente para cualqueir necesidad de tu red.     Tecnolog\u00eda mu-mimo \u0096 transfiere datos simultaneamente a multiples dispositivos con yn redimienvo 2x mas rapido.     Cobertura aumentada \u0096 cuatro antenas fijas equipadas con tecnologia beamforming extiende y concentra las senales wi-fi.     Portal cautivo \u0096 ofrece un portal web disenado para aumentar la seguridad y el marketing.<\/p>\n","protected":false},"featured_media":0,"comment_status":"open","ping_status":"open","template":"","meta":[],"product_cat":[1563,1754],"product_tag":[1562],"acf":[],"yoast_head":"<!-- This site is optimized with the Yoast SEO plugin v21.7 - https:\/\/yoast.com\/wordpress\/plugins\/seo\/ -->\n<title>[ Tp Link ] &#129351; Tl-wa1201 Acces Point Inalambrico Ac1200 Banda Dual 5ghz \/2.4 Ghz<\/title>\n<meta name=\"description\" content=\"Compra Tl-wa1201 Acces Point Inalambrico Ac1200 Banda Dual 5ghz \/2.4 Ghz + Env\u00edo a domicilio + Pago seguro + Garant\u00eda\" \/>\n<meta name=\"robots\" content=\"index, follow, max-snippet:-1, max-image-preview:large, max-video-preview:-1\" \/>\n<link rel=\"canonical\" href=\"https:\/\/compuviper.mx\/tienda\/producto\/tp-link-tl-wa1201-acces-point-inalambrico-ac1200-banda-dual-5ghz-2-4-ghz\/\" \/>\n<meta property=\"og:locale\" content=\"es_MX\" \/>\n<meta property=\"og:type\" content=\"article\" \/>\n<meta property=\"og:title\" content=\"[ Tp Link ] &#129351; Tl-wa1201 Acces Point Inalambrico Ac1200 Banda Dual 5ghz \/2.4 Ghz\" \/>\n<meta property=\"og:description\" content=\"Compra Tl-wa1201 Acces Point Inalambrico Ac1200 Banda Dual 5ghz \/2.4 Ghz + Env\u00edo a domicilio + Pago seguro + Garant\u00eda\" \/>\n<meta property=\"og:url\" content=\"https:\/\/compuviper.mx\/tienda\/producto\/tp-link-tl-wa1201-acces-point-inalambrico-ac1200-banda-dual-5ghz-2-4-ghz\/\" \/>\n<meta property=\"og:site_name\" content=\"Compuviper\" \/>\n<meta property=\"article:publisher\" content=\"https:\/\/www.facebook.com\/compuviper\" \/>\n<meta name=\"twitter:card\" content=\"summary_large_image\" \/>\n<meta name=\"twitter:label1\" content=\"Precio\" \/>\n\t<meta name=\"twitter:data1\" content=\"&#36;713 con IVA\" \/>\n\t<meta name=\"twitter:label2\" content=\"Availability\" \/>\n\t<meta name=\"twitter:data2\" content=\"Out of stock\" \/>\n<script type=\"application\/ld+json\" class=\"yoast-schema-graph\">{\"@context\":\"https:\/\/schema.org\",\"@graph\":[{\"@type\":\"WebPage\",\"@id\":\"https:\/\/compuviper.mx\/tienda\/producto\/tp-link-tl-wa1201-acces-point-inalambrico-ac1200-banda-dual-5ghz-2-4-ghz\/\",\"url\":\"https:\/\/compuviper.mx\/tienda\/producto\/tp-link-tl-wa1201-acces-point-inalambrico-ac1200-banda-dual-5ghz-2-4-ghz\/\",\"name\":\"[ Tp Link ] &#129351; Tl-wa1201 Acces Point Inalambrico Ac1200 Banda Dual 5ghz \/2.4 Ghz\",\"isPartOf\":{\"@id\":\"https:\/\/compuviper.mx\/tienda\/#website\"},\"datePublished\":\"2026-04-11T07:03:44+00:00\",\"dateModified\":\"2026-04-11T07:03:44+00:00\",\"description\":\"Compra Tl-wa1201 Acces Point Inalambrico Ac1200 Banda Dual 5ghz \/2.4 Ghz + Env\u00edo a domicilio + Pago seguro + Garant\u00eda\",\"breadcrumb\":{\"@id\":\"https:\/\/compuviper.mx\/tienda\/producto\/tp-link-tl-wa1201-acces-point-inalambrico-ac1200-banda-dual-5ghz-2-4-ghz\/#breadcrumb\"},\"inLanguage\":\"es-MX\",\"potentialAction\":[{\"@type\":\"ReadAction\",\"target\":[\"https:\/\/compuviper.mx\/tienda\/producto\/tp-link-tl-wa1201-acces-point-inalambrico-ac1200-banda-dual-5ghz-2-4-ghz\/\"]}]},{\"@type\":\"BreadcrumbList\",\"@id\":\"https:\/\/compuviper.mx\/tienda\/producto\/tp-link-tl-wa1201-acces-point-inalambrico-ac1200-banda-dual-5ghz-2-4-ghz\/#breadcrumb\",\"itemListElement\":[{\"@type\":\"ListItem\",\"position\":1,\"name\":\"Inicio\",\"item\":\"https:\/\/compuviper.mx\/tienda\/\"},{\"@type\":\"ListItem\",\"position\":2,\"name\":\"Productos\",\"item\":\"https:\/\/compuviper.mx\/tienda\/productos\/\"},{\"@type\":\"ListItem\",\"position\":3,\"name\":\"Redes\",\"item\":\"https:\/\/compuviper.mx\/tienda\/categoria-producto\/redes\/\"},{\"@type\":\"ListItem\",\"position\":4,\"name\":\"Access Point\",\"item\":\"https:\/\/compuviper.mx\/tienda\/categoria-producto\/redes\/access-point\/\"},{\"@type\":\"ListItem\",\"position\":5,\"name\":\"Tp Link Tl-wa1201 Acces Point Inalambrico Ac1200 Banda Dual 5ghz \/2.4 Ghz\"}]},{\"@type\":\"WebSite\",\"@id\":\"https:\/\/compuviper.mx\/tienda\/#website\",\"url\":\"https:\/\/compuviper.mx\/tienda\/\",\"name\":\"Compuviper\",\"description\":\"Proveedor de Computadoras, Laptops, Servidores, Monitores, Puntos de Venta, Teclados,   Impresoras, T\u00f3ner, C\u00e1maras de Seguridad y m\u00e1s en tu tienda en l\u00ednea\",\"publisher\":{\"@id\":\"https:\/\/compuviper.mx\/tienda\/#organization\"},\"potentialAction\":[{\"@type\":\"SearchAction\",\"target\":{\"@type\":\"EntryPoint\",\"urlTemplate\":\"https:\/\/compuviper.mx\/tienda\/?s={search_term_string}\"},\"query-input\":\"required name=search_term_string\"}],\"inLanguage\":\"es-MX\"},{\"@type\":\"Organization\",\"@id\":\"https:\/\/compuviper.mx\/tienda\/#organization\",\"name\":\"Compuviper\",\"url\":\"https:\/\/compuviper.mx\/tienda\/\",\"logo\":{\"@type\":\"ImageObject\",\"inLanguage\":\"es-MX\",\"@id\":\"https:\/\/compuviper.mx\/tienda\/#\/schema\/logo\/image\/\",\"url\":\"https:\/\/compuviper.mx\/tienda\/wp-content\/uploads\/2021\/08\/Logo-Compuviper-10.png\",\"contentUrl\":\"https:\/\/compuviper.mx\/tienda\/wp-content\/uploads\/2021\/08\/Logo-Compuviper-10.png\",\"width\":1000,\"height\":500,\"caption\":\"Compuviper\"},\"image\":{\"@id\":\"https:\/\/compuviper.mx\/tienda\/#\/schema\/logo\/image\/\"},\"sameAs\":[\"https:\/\/www.facebook.com\/compuviper\",\"https:\/\/www.youtube.com\/channel\/UCf73dERp9Y3cfOq7q8BhLjA?view_as=subscriber\"]}]}<\/script>\n<meta property=\"product:brand\" content=\"TP LINK\" \/>\n<meta property=\"product:price:amount\" content=\"713\" \/>\n<meta property=\"product:price:currency\" content=\"MXN\" \/>\n<meta property=\"og:availability\" content=\"out of stock\" \/>\n<meta property=\"product:availability\" content=\"out of stock\" \/>\n<meta property=\"product:retailer_item_id\" content=\"TL-WA1201\" \/>\n<meta property=\"product:condition\" content=\"new\" \/>\n<!-- \/ Yoast SEO plugin. -->","yoast_head_json":{"title":"[ Tp Link ] &#129351; Tl-wa1201 Acces Point Inalambrico Ac1200 Banda Dual 5ghz \/2.4 Ghz","description":"Compra Tl-wa1201 Acces Point Inalambrico Ac1200 Banda Dual 5ghz \/2.4 Ghz + Env\u00edo a domicilio + Pago seguro + Garant\u00eda","robots":{"index":"index","follow":"follow","max-snippet":"max-snippet:-1","max-image-preview":"max-image-preview:large","max-video-preview":"max-video-preview:-1"},"canonical":"https:\/\/compuviper.mx\/tienda\/producto\/tp-link-tl-wa1201-acces-point-inalambrico-ac1200-banda-dual-5ghz-2-4-ghz\/","og_locale":"es_MX","og_type":"article","og_title":"[ Tp Link ] &#129351; Tl-wa1201 Acces Point Inalambrico Ac1200 Banda Dual 5ghz \/2.4 Ghz","og_description":"Compra Tl-wa1201 Acces Point Inalambrico Ac1200 Banda Dual 5ghz \/2.4 Ghz + Env\u00edo a domicilio + Pago seguro + Garant\u00eda","og_url":"https:\/\/compuviper.mx\/tienda\/producto\/tp-link-tl-wa1201-acces-point-inalambrico-ac1200-banda-dual-5ghz-2-4-ghz\/","og_site_name":"Compuviper","article_publisher":"https:\/\/www.facebook.com\/compuviper","twitter_card":"summary_large_image","twitter_misc":{"Precio":"&#36;713 con IVA","Availability":"Out of stock"},"schema":{"@context":"https:\/\/schema.org","@graph":[{"@type":"WebPage","@id":"https:\/\/compuviper.mx\/tienda\/producto\/tp-link-tl-wa1201-acces-point-inalambrico-ac1200-banda-dual-5ghz-2-4-ghz\/","url":"https:\/\/compuviper.mx\/tienda\/producto\/tp-link-tl-wa1201-acces-point-inalambrico-ac1200-banda-dual-5ghz-2-4-ghz\/","name":"[ Tp Link ] &#129351; Tl-wa1201 Acces Point Inalambrico Ac1200 Banda Dual 5ghz \/2.4 Ghz","isPartOf":{"@id":"https:\/\/compuviper.mx\/tienda\/#website"},"datePublished":"2026-04-11T07:03:44+00:00","dateModified":"2026-04-11T07:03:44+00:00","description":"Compra Tl-wa1201 Acces Point Inalambrico Ac1200 Banda Dual 5ghz \/2.4 Ghz + Env\u00edo a domicilio + Pago seguro + Garant\u00eda","breadcrumb":{"@id":"https:\/\/compuviper.mx\/tienda\/producto\/tp-link-tl-wa1201-acces-point-inalambrico-ac1200-banda-dual-5ghz-2-4-ghz\/#breadcrumb"},"inLanguage":"es-MX","potentialAction":[{"@type":"ReadAction","target":["https:\/\/compuviper.mx\/tienda\/producto\/tp-link-tl-wa1201-acces-point-inalambrico-ac1200-banda-dual-5ghz-2-4-ghz\/"]}]},{"@type":"BreadcrumbList","@id":"https:\/\/compuviper.mx\/tienda\/producto\/tp-link-tl-wa1201-acces-point-inalambrico-ac1200-banda-dual-5ghz-2-4-ghz\/#breadcrumb","itemListElement":[{"@type":"ListItem","position":1,"name":"Inicio","item":"https:\/\/compuviper.mx\/tienda\/"},{"@type":"ListItem","position":2,"name":"Productos","item":"https:\/\/compuviper.mx\/tienda\/productos\/"},{"@type":"ListItem","position":3,"name":"Redes","item":"https:\/\/compuviper.mx\/tienda\/categoria-producto\/redes\/"},{"@type":"ListItem","position":4,"name":"Access Point","item":"https:\/\/compuviper.mx\/tienda\/categoria-producto\/redes\/access-point\/"},{"@type":"ListItem","position":5,"name":"Tp Link Tl-wa1201 Acces Point Inalambrico Ac1200 Banda Dual 5ghz \/2.4 Ghz"}]},{"@type":"WebSite","@id":"https:\/\/compuviper.mx\/tienda\/#website","url":"https:\/\/compuviper.mx\/tienda\/","name":"Compuviper","description":"Proveedor de Computadoras, Laptops, Servidores, Monitores, Puntos de Venta, Teclados,   Impresoras, T\u00f3ner, C\u00e1maras de Seguridad y m\u00e1s en tu tienda en l\u00ednea","publisher":{"@id":"https:\/\/compuviper.mx\/tienda\/#organization"},"potentialAction":[{"@type":"SearchAction","target":{"@type":"EntryPoint","urlTemplate":"https:\/\/compuviper.mx\/tienda\/?s={search_term_string}"},"query-input":"required name=search_term_string"}],"inLanguage":"es-MX"},{"@type":"Organization","@id":"https:\/\/compuviper.mx\/tienda\/#organization","name":"Compuviper","url":"https:\/\/compuviper.mx\/tienda\/","logo":{"@type":"ImageObject","inLanguage":"es-MX","@id":"https:\/\/compuviper.mx\/tienda\/#\/schema\/logo\/image\/","url":"https:\/\/compuviper.mx\/tienda\/wp-content\/uploads\/2021\/08\/Logo-Compuviper-10.png","contentUrl":"https:\/\/compuviper.mx\/tienda\/wp-content\/uploads\/2021\/08\/Logo-Compuviper-10.png","width":1000,"height":500,"caption":"Compuviper"},"image":{"@id":"https:\/\/compuviper.mx\/tienda\/#\/schema\/logo\/image\/"},"sameAs":["https:\/\/www.facebook.com\/compuviper","https:\/\/www.youtube.com\/channel\/UCf73dERp9Y3cfOq7q8BhLjA?view_as=subscriber"]}]},"product_brand":"TP LINK","product_price_amount":"713","product_price_currency":"MXN","og_availability":"out of stock","product_availability":"out of stock","product_retailer_item_id":"TL-WA1201","product_condition":"new"},"_links":{"self":[{"href":"https:\/\/compuviper.mx\/tienda\/wp-json\/wp\/v2\/product\/261701"}],"collection":[{"href":"https:\/\/compuviper.mx\/tienda\/wp-json\/wp\/v2\/product"}],"about":[{"href":"https:\/\/compuviper.mx\/tienda\/wp-json\/wp\/v2\/types\/product"}],"replies":[{"embeddable":true,"href":"https:\/\/compuviper.mx\/tienda\/wp-json\/wp\/v2\/comments?post=261701"}],"wp:attachment":[{"href":"https:\/\/compuviper.mx\/tienda\/wp-json\/wp\/v2\/media?parent=261701"}],"wp:term":[{"taxonomy":"product_cat","embeddable":true,"href":"https:\/\/compuviper.mx\/tienda\/wp-json\/wp\/v2\/product_cat?post=261701"},{"taxonomy":"product_tag","embeddable":true,"href":"https:\/\/compuviper.mx\/tienda\/wp-json\/wp\/v2\/product_tag?post=261701"}],"curies":[{"name":"wp","href":"https:\/\/api.w.org\/{rel}","templated":true}]}}