{"id":261700,"date":"2026-04-02T00:54:09","date_gmt":"2026-04-02T06:54:09","guid":{"rendered":"https:\/\/compuviper.mx\/tienda\/producto\/samsung-ls27dg612slxzx-monitor-led-27-pulgadas-g6-odyssey-gamer-qhd-2560-x-1440-oled-plano-dp-hdmi-240hz-plata\/"},"modified":"2026-04-02T00:54:09","modified_gmt":"2026-04-02T06:54:09","slug":"samsung-ls27dg612slxzx-monitor-led-27-pulgadas-g6-odyssey-gamer-qhd-2560-x-1440-oled-plano-dp-hdmi-240hz-plata","status":"publish","type":"product","link":"https:\/\/compuviper.mx\/tienda\/producto\/samsung-ls27dg612slxzx-monitor-led-27-pulgadas-g6-odyssey-gamer-qhd-2560-x-1440-oled-plano-dp-hdmi-240hz-plata\/","title":{"rendered":"Samsung Ls27dg612slxzx Monitor Led  27 Pulgadas \/ G6 Odyssey Gamer\/  Qhd (2560 X 1440)\/ Oled \/ Plano\/ Dp\/ Hdmi\/240hz\/ Plata"},"content":{"rendered":"<table class=\"descripcion\">\n<tr>\n<td>Tama\u00f1o de pantalla (clase): 27<\/td>\n<\/tr>\n<tr>\n<td>Plana \/ curva: plana<\/td>\n<\/tr>\n<tr>\n<td>Tama\u00f1o de pantalla activa (hxv) (mm): 590,42 (h) x 333,72 (v) mm<\/td>\n<\/tr>\n<tr>\n<td>Relaci\u00f3n de aspecto: 16:9<\/td>\n<\/tr>\n<tr>\n<td>Tipo de panel: oled<\/td>\n<\/tr>\n<tr>\n<td>Cobertura de desgaste por quemado (burn-in) en la garant\u00eda. el desgaste por quemado con uso normal est\u00e1 cubierto por la garant\u00eda (pero no est\u00e1 cubierto por uso comercial, abuso o mal uso).<\/td>\n<\/tr>\n<tr>\n<td>Brillo (t\u00edpico): 250 cd\/ and #13217;<\/td>\n<\/tr>\n<tr>\n<td>Brillo (m\u00edn.): 200 cd\/ and #13217;<\/td>\n<\/tr>\n<tr>\n<td>Relaci\u00f3n de contraste (est\u00e1tico): 1 000 000:1<\/td>\n<\/tr>\n<tr>\n<td>Hdr (alto rango din\u00e1mico): hdr10<\/td>\n<\/tr>\n<tr>\n<td>Hdr10+ hdr10+ gaming<\/td>\n<\/tr>\n<tr>\n<td>Resoluci\u00f3n: qhd (2560 x 1440)<\/td>\n<\/tr>\n<tr>\n<td>Tiempo de respuesta (ms): 0,03 ms (gtg)<\/td>\n<\/tr>\n<tr>\n<td>\u00e1ngulo de visi\u00f3n (h\/v): 178\/178<\/td>\n<\/tr>\n<tr>\n<td>Compatibilidad crom\u00e1tica: m\u00e1x. 1b<\/td>\n<\/tr>\n<tr>\n<td>Gama crom\u00e1tica (cobertura dci): 99 % (cie1976)<\/td>\n<\/tr>\n<tr>\n<td>Frecuencia de imagen m\u00e1xima: 240 hz<\/td>\n<\/tr>\n<tr>\n<td>Modo de ahorro de ojos: s\u00ed<\/td>\n<\/tr>\n<tr>\n<td>Sin parpadeo: s\u00ed<\/td>\n<\/tr>\n<tr>\n<td>Imagen en imagen: s\u00ed<\/td>\n<\/tr>\n<tr>\n<td>Color de puntos cu\u00e1nticos: s\u00ed<\/td>\n<\/tr>\n<tr>\n<td>Tama\u00f1o de imagen: s\u00ed<\/td>\n<\/tr>\n<tr>\n<td>Certificaci\u00f3n de windows: windows 11<\/td>\n<\/tr>\n<tr>\n<td>Freesync: freesync premium pro<\/td>\n<\/tr>\n<tr>\n<td>G-sync: compatible con g-sync<\/td>\n<\/tr>\n<tr>\n<td>Temporizador de apagado plus: s\u00ed<\/td>\n<\/tr>\n<tr>\n<td>Ecualizador de negros: s\u00ed<\/td>\n<\/tr>\n<tr>\n<td>Punto de mira virtual: s\u00ed<\/td>\n<\/tr>\n<tr>\n<td>Super arena gaming ux: s\u00ed<\/td>\n<\/tr>\n<tr>\n<td>Cambio autom\u00e1tico de fuente: cambio autom\u00e1tico de fuente+<\/td>\n<\/tr>\n<tr>\n<td>Super ultrawide gameview: s\u00ed<\/td>\n<\/tr>\n<tr>\n<td>Servicio inteligente tipo inteligente: no<\/td>\n<\/tr>\n<tr>\n<td>Display port: 1<\/td>\n<\/tr>\n<tr>\n<td>Display port versi\u00f3n 1.4<\/td>\n<\/tr>\n<tr>\n<td>Hdcp versi\u00f3n (dp) 2.2<\/td>\n<\/tr>\n<tr>\n<td>Hdmi 2<\/td>\n<\/tr>\n<tr>\n<td>Hdmi versi\u00f3n 2.1<\/td>\n<\/tr>\n<tr>\n<td>Hdcp versi\u00f3n (hdmi) 2.2<\/td>\n<\/tr>\n<tr>\n<td>Auriculares s\u00ed<\/td>\n<\/tr>\n<tr>\n<td>Puertos usb 2<\/td>\n<\/tr>\n<tr>\n<td>Hub usb versi\u00f3n 3<\/td>\n<\/tr>\n<tr>\n<td>Usb-c no<\/td>\n<\/tr>\n<tr>\n<td>Puerto usb-b upstream 1<\/td>\n<\/tr>\n<tr>\n<td>Altavoz no<\/td>\n<\/tr>\n<tr>\n<td>Condiciones de funcionamiento: temperatura 10-40 \u00b0c<\/td>\n<\/tr>\n<tr>\n<td>Humedad 10-80 % (sin condensaci\u00f3n)<\/td>\n<\/tr>\n<tr>\n<td>Dise\u00f1o: color frontal: plata<\/td>\n<\/tr>\n<tr>\n<td>Color trasero: plata<\/td>\n<\/tr>\n<tr>\n<td>Color del soporte: plata<\/td>\n<\/tr>\n<tr>\n<td>Tipo de soporte: pivote<\/td>\n<\/tr>\n<tr>\n<td>Soporte de altura ajustable: 120 \u00b15<\/td>\n<\/tr>\n<tr>\n<td>Inclinaci\u00f3n: -2,0 \u00b0(\u00b1 2 \u00b0) ~ 25,0 \u00b0(\u00b1 2 \u00b0)<\/td>\n<\/tr>\n<tr>\n<td>Giro: -30,0 \u00b0(\u00b1 3 \u00b0) ~ 30,0 \u00b0(\u00b1 3 \u00b0)<\/td>\n<\/tr>\n<tr>\n<td>Pivote -92,0\u00ba (\u00b1 2\u00b0) ~ 92,0\u00ba (\u00b1 2\u00b0)<\/td>\n<\/tr>\n<tr>\n<td>Montaje en pared 100 x 100<\/td>\n<\/tr>\n<tr>\n<td>Pl\u00e1stico reciclado s\u00ed %<\/td>\n<\/tr>\n<tr>\n<td>Alimentaci\u00f3n: ca 100~240 v<\/td>\n<\/tr>\n<tr>\n<td>Consumo de energ\u00eda (m\u00e1x.): 140 w<\/td>\n<\/tr>\n<tr>\n<td>Consumo de energ\u00eda (modo apagado): w<\/td>\n<\/tr>\n<tr>\n<td>Tipo: adaptador externo<\/td>\n<\/tr>\n<tr>\n<td>Dimensiones: dimensiones del equipo con soporte (an. x al. x pr.): 611,7 x 554,2 x 263,5 mm<\/td>\n<\/tr>\n<tr>\n<td>Dimensiones del equipo sin soporte (an. x al. x pr.): 611,7 x 353,8 x 49,2 mm<\/td>\n<\/tr>\n<tr>\n<td>Dimensiones del embalaje (an. x al. x pr.): 684 x 200 x 464 mm<\/td>\n<\/tr>\n<tr>\n<td>Peso: peso del equipo con soporte: 6,9 kg<\/td>\n<\/tr>\n<tr>\n<td>Peso del equipo sin soporte: 3,8 kg<\/td>\n<\/tr>\n<tr>\n<td>Peso del embalaje: 9,5 kg<\/td>\n<\/tr>\n<tr>\n<td>Longitud del cable de alimentaci\u00f3n: 1,5 m<\/td>\n<\/tr>\n<tr>\n<td>Cable hdmi: s\u00ed<\/td>\n<\/tr>\n<tr>\n<td>Cable dp: s\u00ed<\/td>\n<\/tr>\n<tr>\n<td>Cable de subida usb tipo a a b: s\u00ed<\/td>\n<\/tr>\n<tr>\n<td>Certificaci\u00f3n y conformidad: antirreflejo ul: s\u00ed<\/td>\n<\/tr>\n<tr>\n<td>Validado por pantone: s\u00ed<\/td>\n<\/tr>\n<\/table>\n","protected":false},"excerpt":{"rendered":"<p>Tama\u00f1o de pantalla (clase): 27 Plana \/ curva: plana Tama\u00f1o de pantalla activa (hxv) (mm): 590,42 (h) x 333,72 (v) mm Relaci\u00f3n de aspecto: 16:9 Tipo de panel: oled Cobertura de desgaste por quemado (burn-in) en la garant\u00eda. el desgaste por quemado con uso normal est\u00e1 cubierto por la garant\u00eda (pero no est\u00e1 cubierto por [&hellip;]<\/p>\n","protected":false},"featured_media":0,"comment_status":"open","ping_status":"open","template":"","meta":[],"product_cat":[1741,1740],"product_tag":[1743],"acf":[],"yoast_head":"<!-- This site is optimized with the Yoast SEO plugin v21.7 - https:\/\/yoast.com\/wordpress\/plugins\/seo\/ -->\n<title>[ Samsung ] &#129351; Ls27dg612slxzx Monitor Led 27 Pulgadas \/ G6 Odyssey Gamer\/ Qhd (2560 X 1440)\/ Oled \/ Plano\/ Dp\/ Hdmi\/240hz\/ Plata<\/title>\n<meta name=\"description\" content=\"Compra Ls27dg612slxzx Monitor Led 27 Pulgadas \/ G6 Odyssey Gamer\/ Qhd (2560 X 1440)\/ Oled \/ Plano\/ Dp\/ Hdmi\/240hz\/ Plata + Env\u00edo a domicilio + Pago seguro + Garant\u00eda\" \/>\n<meta name=\"robots\" content=\"index, follow, max-snippet:-1, max-image-preview:large, max-video-preview:-1\" \/>\n<link rel=\"canonical\" href=\"https:\/\/compuviper.mx\/tienda\/producto\/samsung-ls27dg612slxzx-monitor-led-27-pulgadas-g6-odyssey-gamer-qhd-2560-x-1440-oled-plano-dp-hdmi-240hz-plata\/\" \/>\n<meta property=\"og:locale\" content=\"es_MX\" \/>\n<meta property=\"og:type\" content=\"article\" \/>\n<meta property=\"og:title\" content=\"[ Samsung ] &#129351; Ls27dg612slxzx Monitor Led 27 Pulgadas \/ G6 Odyssey Gamer\/ Qhd (2560 X 1440)\/ Oled \/ Plano\/ Dp\/ Hdmi\/240hz\/ Plata\" \/>\n<meta property=\"og:description\" content=\"Compra Ls27dg612slxzx Monitor Led 27 Pulgadas \/ G6 Odyssey Gamer\/ Qhd (2560 X 1440)\/ Oled \/ Plano\/ Dp\/ Hdmi\/240hz\/ Plata + Env\u00edo a domicilio + Pago seguro + Garant\u00eda\" \/>\n<meta property=\"og:url\" content=\"https:\/\/compuviper.mx\/tienda\/producto\/samsung-ls27dg612slxzx-monitor-led-27-pulgadas-g6-odyssey-gamer-qhd-2560-x-1440-oled-plano-dp-hdmi-240hz-plata\/\" \/>\n<meta property=\"og:site_name\" content=\"Compuviper\" \/>\n<meta property=\"article:publisher\" content=\"https:\/\/www.facebook.com\/compuviper\" \/>\n<meta name=\"twitter:card\" content=\"summary_large_image\" \/>\n<meta name=\"twitter:label1\" content=\"Precio\" \/>\n\t<meta name=\"twitter:data1\" content=\"&#36;12,233 con IVA\" \/>\n\t<meta name=\"twitter:label2\" content=\"Availability\" \/>\n\t<meta name=\"twitter:data2\" content=\"Out of stock\" \/>\n<script type=\"application\/ld+json\" class=\"yoast-schema-graph\">{\"@context\":\"https:\/\/schema.org\",\"@graph\":[{\"@type\":\"WebPage\",\"@id\":\"https:\/\/compuviper.mx\/tienda\/producto\/samsung-ls27dg612slxzx-monitor-led-27-pulgadas-g6-odyssey-gamer-qhd-2560-x-1440-oled-plano-dp-hdmi-240hz-plata\/\",\"url\":\"https:\/\/compuviper.mx\/tienda\/producto\/samsung-ls27dg612slxzx-monitor-led-27-pulgadas-g6-odyssey-gamer-qhd-2560-x-1440-oled-plano-dp-hdmi-240hz-plata\/\",\"name\":\"[ Samsung ] &#129351; Ls27dg612slxzx Monitor Led 27 Pulgadas \/ G6 Odyssey Gamer\/ Qhd (2560 X 1440)\/ Oled \/ Plano\/ Dp\/ Hdmi\/240hz\/ Plata\",\"isPartOf\":{\"@id\":\"https:\/\/compuviper.mx\/tienda\/#website\"},\"datePublished\":\"2026-04-02T06:54:09+00:00\",\"dateModified\":\"2026-04-02T06:54:09+00:00\",\"description\":\"Compra Ls27dg612slxzx Monitor Led 27 Pulgadas \/ G6 Odyssey Gamer\/ Qhd (2560 X 1440)\/ Oled \/ Plano\/ Dp\/ Hdmi\/240hz\/ Plata + Env\u00edo a domicilio + Pago seguro + Garant\u00eda\",\"breadcrumb\":{\"@id\":\"https:\/\/compuviper.mx\/tienda\/producto\/samsung-ls27dg612slxzx-monitor-led-27-pulgadas-g6-odyssey-gamer-qhd-2560-x-1440-oled-plano-dp-hdmi-240hz-plata\/#breadcrumb\"},\"inLanguage\":\"es-MX\",\"potentialAction\":[{\"@type\":\"ReadAction\",\"target\":[\"https:\/\/compuviper.mx\/tienda\/producto\/samsung-ls27dg612slxzx-monitor-led-27-pulgadas-g6-odyssey-gamer-qhd-2560-x-1440-oled-plano-dp-hdmi-240hz-plata\/\"]}]},{\"@type\":\"BreadcrumbList\",\"@id\":\"https:\/\/compuviper.mx\/tienda\/producto\/samsung-ls27dg612slxzx-monitor-led-27-pulgadas-g6-odyssey-gamer-qhd-2560-x-1440-oled-plano-dp-hdmi-240hz-plata\/#breadcrumb\",\"itemListElement\":[{\"@type\":\"ListItem\",\"position\":1,\"name\":\"Inicio\",\"item\":\"https:\/\/compuviper.mx\/tienda\/\"},{\"@type\":\"ListItem\",\"position\":2,\"name\":\"Productos\",\"item\":\"https:\/\/compuviper.mx\/tienda\/productos\/\"},{\"@type\":\"ListItem\",\"position\":3,\"name\":\"Monitores\",\"item\":\"https:\/\/compuviper.mx\/tienda\/categoria-producto\/monitores\/\"},{\"@type\":\"ListItem\",\"position\":4,\"name\":\"Led\",\"item\":\"https:\/\/compuviper.mx\/tienda\/categoria-producto\/monitores\/led\/\"},{\"@type\":\"ListItem\",\"position\":5,\"name\":\"Samsung Ls27dg612slxzx Monitor Led 27 Pulgadas \/ G6 Odyssey Gamer\/ Qhd (2560 X 1440)\/ Oled \/ Plano\/ Dp\/ Hdmi\/240hz\/ Plata\"}]},{\"@type\":\"WebSite\",\"@id\":\"https:\/\/compuviper.mx\/tienda\/#website\",\"url\":\"https:\/\/compuviper.mx\/tienda\/\",\"name\":\"Compuviper\",\"description\":\"Proveedor de Computadoras, Laptops, Servidores, Monitores, Puntos de Venta, Teclados,   Impresoras, T\u00f3ner, C\u00e1maras de Seguridad y m\u00e1s en tu tienda en l\u00ednea\",\"publisher\":{\"@id\":\"https:\/\/compuviper.mx\/tienda\/#organization\"},\"potentialAction\":[{\"@type\":\"SearchAction\",\"target\":{\"@type\":\"EntryPoint\",\"urlTemplate\":\"https:\/\/compuviper.mx\/tienda\/?s={search_term_string}\"},\"query-input\":\"required name=search_term_string\"}],\"inLanguage\":\"es-MX\"},{\"@type\":\"Organization\",\"@id\":\"https:\/\/compuviper.mx\/tienda\/#organization\",\"name\":\"Compuviper\",\"url\":\"https:\/\/compuviper.mx\/tienda\/\",\"logo\":{\"@type\":\"ImageObject\",\"inLanguage\":\"es-MX\",\"@id\":\"https:\/\/compuviper.mx\/tienda\/#\/schema\/logo\/image\/\",\"url\":\"https:\/\/compuviper.mx\/tienda\/wp-content\/uploads\/2021\/08\/Logo-Compuviper-10.png\",\"contentUrl\":\"https:\/\/compuviper.mx\/tienda\/wp-content\/uploads\/2021\/08\/Logo-Compuviper-10.png\",\"width\":1000,\"height\":500,\"caption\":\"Compuviper\"},\"image\":{\"@id\":\"https:\/\/compuviper.mx\/tienda\/#\/schema\/logo\/image\/\"},\"sameAs\":[\"https:\/\/www.facebook.com\/compuviper\",\"https:\/\/www.youtube.com\/channel\/UCf73dERp9Y3cfOq7q8BhLjA?view_as=subscriber\"]}]}<\/script>\n<meta property=\"product:brand\" content=\"SAMSUNG\" \/>\n<meta property=\"product:price:amount\" content=\"12233\" \/>\n<meta property=\"product:price:currency\" content=\"MXN\" \/>\n<meta property=\"og:availability\" content=\"out of stock\" \/>\n<meta property=\"product:availability\" content=\"out of stock\" \/>\n<meta property=\"product:retailer_item_id\" content=\"LS27DG612SLXZX\" \/>\n<meta property=\"product:condition\" content=\"new\" \/>\n<!-- \/ Yoast SEO plugin. -->","yoast_head_json":{"title":"[ Samsung ] &#129351; Ls27dg612slxzx Monitor Led 27 Pulgadas \/ G6 Odyssey Gamer\/ Qhd (2560 X 1440)\/ Oled \/ Plano\/ Dp\/ Hdmi\/240hz\/ Plata","description":"Compra Ls27dg612slxzx Monitor Led 27 Pulgadas \/ G6 Odyssey Gamer\/ Qhd (2560 X 1440)\/ Oled \/ Plano\/ Dp\/ Hdmi\/240hz\/ Plata + Env\u00edo a domicilio + Pago seguro + Garant\u00eda","robots":{"index":"index","follow":"follow","max-snippet":"max-snippet:-1","max-image-preview":"max-image-preview:large","max-video-preview":"max-video-preview:-1"},"canonical":"https:\/\/compuviper.mx\/tienda\/producto\/samsung-ls27dg612slxzx-monitor-led-27-pulgadas-g6-odyssey-gamer-qhd-2560-x-1440-oled-plano-dp-hdmi-240hz-plata\/","og_locale":"es_MX","og_type":"article","og_title":"[ Samsung ] &#129351; Ls27dg612slxzx Monitor Led 27 Pulgadas \/ G6 Odyssey Gamer\/ Qhd (2560 X 1440)\/ Oled \/ Plano\/ Dp\/ Hdmi\/240hz\/ Plata","og_description":"Compra Ls27dg612slxzx Monitor Led 27 Pulgadas \/ G6 Odyssey Gamer\/ Qhd (2560 X 1440)\/ Oled \/ Plano\/ Dp\/ Hdmi\/240hz\/ Plata + Env\u00edo a domicilio + Pago seguro + Garant\u00eda","og_url":"https:\/\/compuviper.mx\/tienda\/producto\/samsung-ls27dg612slxzx-monitor-led-27-pulgadas-g6-odyssey-gamer-qhd-2560-x-1440-oled-plano-dp-hdmi-240hz-plata\/","og_site_name":"Compuviper","article_publisher":"https:\/\/www.facebook.com\/compuviper","twitter_card":"summary_large_image","twitter_misc":{"Precio":"&#36;12,233 con IVA","Availability":"Out of stock"},"schema":{"@context":"https:\/\/schema.org","@graph":[{"@type":"WebPage","@id":"https:\/\/compuviper.mx\/tienda\/producto\/samsung-ls27dg612slxzx-monitor-led-27-pulgadas-g6-odyssey-gamer-qhd-2560-x-1440-oled-plano-dp-hdmi-240hz-plata\/","url":"https:\/\/compuviper.mx\/tienda\/producto\/samsung-ls27dg612slxzx-monitor-led-27-pulgadas-g6-odyssey-gamer-qhd-2560-x-1440-oled-plano-dp-hdmi-240hz-plata\/","name":"[ Samsung ] &#129351; Ls27dg612slxzx Monitor Led 27 Pulgadas \/ G6 Odyssey Gamer\/ Qhd (2560 X 1440)\/ Oled \/ Plano\/ Dp\/ Hdmi\/240hz\/ Plata","isPartOf":{"@id":"https:\/\/compuviper.mx\/tienda\/#website"},"datePublished":"2026-04-02T06:54:09+00:00","dateModified":"2026-04-02T06:54:09+00:00","description":"Compra Ls27dg612slxzx Monitor Led 27 Pulgadas \/ G6 Odyssey Gamer\/ Qhd (2560 X 1440)\/ Oled \/ Plano\/ Dp\/ Hdmi\/240hz\/ Plata + Env\u00edo a domicilio + Pago seguro + Garant\u00eda","breadcrumb":{"@id":"https:\/\/compuviper.mx\/tienda\/producto\/samsung-ls27dg612slxzx-monitor-led-27-pulgadas-g6-odyssey-gamer-qhd-2560-x-1440-oled-plano-dp-hdmi-240hz-plata\/#breadcrumb"},"inLanguage":"es-MX","potentialAction":[{"@type":"ReadAction","target":["https:\/\/compuviper.mx\/tienda\/producto\/samsung-ls27dg612slxzx-monitor-led-27-pulgadas-g6-odyssey-gamer-qhd-2560-x-1440-oled-plano-dp-hdmi-240hz-plata\/"]}]},{"@type":"BreadcrumbList","@id":"https:\/\/compuviper.mx\/tienda\/producto\/samsung-ls27dg612slxzx-monitor-led-27-pulgadas-g6-odyssey-gamer-qhd-2560-x-1440-oled-plano-dp-hdmi-240hz-plata\/#breadcrumb","itemListElement":[{"@type":"ListItem","position":1,"name":"Inicio","item":"https:\/\/compuviper.mx\/tienda\/"},{"@type":"ListItem","position":2,"name":"Productos","item":"https:\/\/compuviper.mx\/tienda\/productos\/"},{"@type":"ListItem","position":3,"name":"Monitores","item":"https:\/\/compuviper.mx\/tienda\/categoria-producto\/monitores\/"},{"@type":"ListItem","position":4,"name":"Led","item":"https:\/\/compuviper.mx\/tienda\/categoria-producto\/monitores\/led\/"},{"@type":"ListItem","position":5,"name":"Samsung Ls27dg612slxzx Monitor Led 27 Pulgadas \/ G6 Odyssey Gamer\/ Qhd (2560 X 1440)\/ Oled \/ Plano\/ Dp\/ Hdmi\/240hz\/ Plata"}]},{"@type":"WebSite","@id":"https:\/\/compuviper.mx\/tienda\/#website","url":"https:\/\/compuviper.mx\/tienda\/","name":"Compuviper","description":"Proveedor de Computadoras, Laptops, Servidores, Monitores, Puntos de Venta, Teclados,   Impresoras, T\u00f3ner, C\u00e1maras de Seguridad y m\u00e1s en tu tienda en l\u00ednea","publisher":{"@id":"https:\/\/compuviper.mx\/tienda\/#organization"},"potentialAction":[{"@type":"SearchAction","target":{"@type":"EntryPoint","urlTemplate":"https:\/\/compuviper.mx\/tienda\/?s={search_term_string}"},"query-input":"required name=search_term_string"}],"inLanguage":"es-MX"},{"@type":"Organization","@id":"https:\/\/compuviper.mx\/tienda\/#organization","name":"Compuviper","url":"https:\/\/compuviper.mx\/tienda\/","logo":{"@type":"ImageObject","inLanguage":"es-MX","@id":"https:\/\/compuviper.mx\/tienda\/#\/schema\/logo\/image\/","url":"https:\/\/compuviper.mx\/tienda\/wp-content\/uploads\/2021\/08\/Logo-Compuviper-10.png","contentUrl":"https:\/\/compuviper.mx\/tienda\/wp-content\/uploads\/2021\/08\/Logo-Compuviper-10.png","width":1000,"height":500,"caption":"Compuviper"},"image":{"@id":"https:\/\/compuviper.mx\/tienda\/#\/schema\/logo\/image\/"},"sameAs":["https:\/\/www.facebook.com\/compuviper","https:\/\/www.youtube.com\/channel\/UCf73dERp9Y3cfOq7q8BhLjA?view_as=subscriber"]}]},"product_brand":"SAMSUNG","product_price_amount":"12233","product_price_currency":"MXN","og_availability":"out of stock","product_availability":"out of stock","product_retailer_item_id":"LS27DG612SLXZX","product_condition":"new"},"_links":{"self":[{"href":"https:\/\/compuviper.mx\/tienda\/wp-json\/wp\/v2\/product\/261700"}],"collection":[{"href":"https:\/\/compuviper.mx\/tienda\/wp-json\/wp\/v2\/product"}],"about":[{"href":"https:\/\/compuviper.mx\/tienda\/wp-json\/wp\/v2\/types\/product"}],"replies":[{"embeddable":true,"href":"https:\/\/compuviper.mx\/tienda\/wp-json\/wp\/v2\/comments?post=261700"}],"wp:attachment":[{"href":"https:\/\/compuviper.mx\/tienda\/wp-json\/wp\/v2\/media?parent=261700"}],"wp:term":[{"taxonomy":"product_cat","embeddable":true,"href":"https:\/\/compuviper.mx\/tienda\/wp-json\/wp\/v2\/product_cat?post=261700"},{"taxonomy":"product_tag","embeddable":true,"href":"https:\/\/compuviper.mx\/tienda\/wp-json\/wp\/v2\/product_tag?post=261700"}],"curies":[{"name":"wp","href":"https:\/\/api.w.org\/{rel}","templated":true}]}}