{"id":261698,"date":"2026-04-07T00:52:18","date_gmt":"2026-04-07T06:52:18","guid":{"rendered":"https:\/\/compuviper.mx\/tienda\/producto\/dell-210-bqkc-monitor-led-e2725hm-27-pulgadas-fhd-1920-x-1080-100-hz-hdmi-vga-se2725hm\/"},"modified":"2026-04-07T00:52:19","modified_gmt":"2026-04-07T06:52:19","slug":"dell-se2725hm-monitor-led-27-pulgadas-fhd-1920-x-1080-100-hz-hdmi-vga-210-bqkc","status":"publish","type":"product","link":"https:\/\/compuviper.mx\/tienda\/producto\/dell-se2725hm-monitor-led-27-pulgadas-fhd-1920-x-1080-100-hz-hdmi-vga-210-bqkc\/","title":{"rendered":"Dell Se2725hm Monitor  Led  | 27 Pulgadas Fhd 1920 X 1080 | 100 Hz | Hdmi, Vga | 210-bqkc"},"content":{"rendered":"<table class=\"descripcion\">\n<tr>\n<td>Tama\u00f1o de pantalla visible<\/td>\n<\/tr>\n<tr>\n<td>27<\/td>\n<\/tr>\n<tr>\n<td>Modo de pantalla<\/td>\n<\/tr>\n<tr>\n<td>Full hd<\/td>\n<\/tr>\n<tr>\n<td>Tecnolog\u00eda de paneles<\/td>\n<\/tr>\n<tr>\n<td>Tecnolog\u00eda de conmutaci\u00f3n en el plano (ips)<\/td>\n<\/tr>\n<tr>\n<td>Tiempo de respuesta<\/td>\n<\/tr>\n<tr>\n<td>5 ms<\/td>\n<\/tr>\n<tr>\n<td>Detalles del tiempo de respuesta<\/td>\n<\/tr>\n<tr>\n<td>8 ms gtg<\/td>\n<\/tr>\n<tr>\n<td>5 ms gtg (r\u00e1pido)<\/td>\n<\/tr>\n<tr>\n<td>Relaci\u00f3n de aspecto<\/td>\n<\/tr>\n<tr>\n<td>16:9<\/td>\n<\/tr>\n<tr>\n<td>Paso de p\u00edxeles<\/td>\n<\/tr>\n<tr>\n<td>0,3114 mm x 0,3114 mm<\/td>\n<\/tr>\n<tr>\n<td>\u00e1ngulo de visi\u00f3n horizontal<\/td>\n<\/tr>\n<tr>\n<td>178 \u00b0<\/td>\n<\/tr>\n<tr>\n<td>\u00e1ngulo de visi\u00f3n vertical<\/td>\n<\/tr>\n<tr>\n<td>178 \u00b0<\/td>\n<\/tr>\n<tr>\n<td>Tipo de montaje<\/td>\n<\/tr>\n<tr>\n<td>Montaje en panel<\/td>\n<\/tr>\n<tr>\n<td>Caracter\u00edsticas<\/td>\n<\/tr>\n<tr>\n<td>Tecnolog\u00eda eye comfort<\/td>\n<\/tr>\n<tr>\n<td>Antideslumbrante<\/td>\n<\/tr>\n<tr>\n<td>Cerradura de seguridad<\/td>\n<\/tr>\n<tr>\n<td>Ranura para candado de cable<\/td>\n<\/tr>\n<tr>\n<td>Libre de bfr<\/td>\n<\/tr>\n<tr>\n<td>Libre de pvc<\/td>\n<\/tr>\n<tr>\n<td>Vidrio sin ars\u00e9nico<\/td>\n<\/tr>\n<tr>\n<td>Sin mercurio<\/td>\n<\/tr>\n<tr>\n<td>Bisel estrecho<\/td>\n<\/tr>\n<tr>\n<td>Frecuencia horizontal<\/td>\n<\/tr>\n<tr>\n<td>30 khz a 83 khz &#8211; vga<\/td>\n<\/tr>\n<tr>\n<td>Frecuencia vertical<\/td>\n<\/tr>\n<tr>\n<td>56 hz a 76 hz &#8211; vga<\/td>\n<\/tr>\n<tr>\n<td>48 hz a 100 hz &#8211; hdmi 1.4<\/td>\n<\/tr>\n<tr>\n<td>Resoluci\u00f3n m\u00e1xima<\/td>\n<\/tr>\n<tr>\n<td>1920 x 1080<\/td>\n<\/tr>\n<tr>\n<td>Frecuencia de actualizaci\u00f3n est\u00e1ndar<\/td>\n<\/tr>\n<tr>\n<td>100 hz<\/td>\n<\/tr>\n<tr>\n<td>Colores compatibles<\/td>\n<\/tr>\n<tr>\n<td>16,7 millones de colores<\/td>\n<\/tr>\n<tr>\n<td>Relaci\u00f3n de contraste nativa<\/td>\n<\/tr>\n<tr>\n<td>1.000:1<\/td>\n<\/tr>\n<tr>\n<td>Brillo<\/td>\n<\/tr>\n<tr>\n<td>250 cd\/ m2<\/td>\n<\/tr>\n<tr>\n<td>Gama de colores<\/td>\n<\/tr>\n<tr>\n<td>72% ntsc (cie 1931)<\/td>\n<\/tr>\n<tr>\n<td>Resoluci\u00f3n m\u00e1xima preestablecida<\/td>\n<\/tr>\n<tr>\n<td>1920 x 1080 a 100 hz<\/td>\n<\/tr>\n<tr>\n<td>P\u00edxeles por pulgada (ppi)<\/td>\n<\/tr>\n<tr>\n<td>81<\/td>\n<\/tr>\n<tr>\n<td>Ajustes del soporte<\/td>\n<\/tr>\n<tr>\n<td>Inclinaci\u00f3n<\/td>\n<\/tr>\n<tr>\n<td>Conectividad<\/td>\n<\/tr>\n<tr>\n<td>Puerto de v\u00eddeo<\/td>\n<\/tr>\n<tr>\n<td>1 puerto hdmi (hdcp 1.4) (admite hasta fhd 1920 x 1080, 100 hz)<\/td>\n<\/tr>\n<tr>\n<td>1 puerto vga<\/td>\n<\/tr>\n<\/table>\n","protected":false},"excerpt":{"rendered":"<p>Realice sus tareas cotidianas con facilidad en este monitor de 27 pulgadas con una frecuencia de actualizaci\u00f3n suave de 100 hz y certificaci\u00f3n t\u00fcv rheinland\u00ae para una comodidad visual de 3 estrellas. Upc: 884116492627<\/p>\n","protected":false},"featured_media":0,"comment_status":"open","ping_status":"open","template":"","meta":[],"product_cat":[1741,1740],"product_tag":[1537],"acf":[],"yoast_head":"<!-- This site is optimized with the Yoast SEO plugin v21.7 - https:\/\/yoast.com\/wordpress\/plugins\/seo\/ -->\n<title>[ Dell ] &#129351; Se2725hm Monitor Led | 27 Pulgadas Fhd 1920 X 1080 | 100 Hz | Hdmi, Vga | 210-bqkc<\/title>\n<meta name=\"description\" content=\"Compra Se2725hm Monitor Led | 27 Pulgadas Fhd 1920 X 1080 | 100 Hz | Hdmi, Vga | 210-bqkc + Env\u00edo a domicilio + Pago seguro + Garant\u00eda\" \/>\n<meta name=\"robots\" content=\"index, follow, max-snippet:-1, max-image-preview:large, max-video-preview:-1\" \/>\n<link rel=\"canonical\" href=\"https:\/\/compuviper.mx\/tienda\/producto\/dell-se2725hm-monitor-led-27-pulgadas-fhd-1920-x-1080-100-hz-hdmi-vga-210-bqkc\/\" \/>\n<meta property=\"og:locale\" content=\"es_MX\" \/>\n<meta property=\"og:type\" content=\"article\" \/>\n<meta property=\"og:title\" content=\"[ Dell ] &#129351; Se2725hm Monitor Led | 27 Pulgadas Fhd 1920 X 1080 | 100 Hz | Hdmi, Vga | 210-bqkc\" \/>\n<meta property=\"og:description\" content=\"Compra Se2725hm Monitor Led | 27 Pulgadas Fhd 1920 X 1080 | 100 Hz | Hdmi, Vga | 210-bqkc + Env\u00edo a domicilio + Pago seguro + Garant\u00eda\" \/>\n<meta property=\"og:url\" content=\"https:\/\/compuviper.mx\/tienda\/producto\/dell-se2725hm-monitor-led-27-pulgadas-fhd-1920-x-1080-100-hz-hdmi-vga-210-bqkc\/\" \/>\n<meta property=\"og:site_name\" content=\"Compuviper\" \/>\n<meta property=\"article:publisher\" content=\"https:\/\/www.facebook.com\/compuviper\" \/>\n<meta property=\"article:modified_time\" content=\"2026-04-07T06:52:19+00:00\" \/>\n<meta name=\"twitter:card\" content=\"summary_large_image\" \/>\n<meta name=\"twitter:label1\" content=\"Precio\" \/>\n\t<meta name=\"twitter:data1\" content=\"&#36;2,275 &#36;2,202 con IVA\" \/>\n\t<meta name=\"twitter:label2\" content=\"Availability\" \/>\n\t<meta name=\"twitter:data2\" content=\"Out of stock\" \/>\n<script type=\"application\/ld+json\" class=\"yoast-schema-graph\">{\"@context\":\"https:\/\/schema.org\",\"@graph\":[{\"@type\":\"WebPage\",\"@id\":\"https:\/\/compuviper.mx\/tienda\/producto\/dell-se2725hm-monitor-led-27-pulgadas-fhd-1920-x-1080-100-hz-hdmi-vga-210-bqkc\/\",\"url\":\"https:\/\/compuviper.mx\/tienda\/producto\/dell-se2725hm-monitor-led-27-pulgadas-fhd-1920-x-1080-100-hz-hdmi-vga-210-bqkc\/\",\"name\":\"[ Dell ] &#129351; Se2725hm Monitor Led | 27 Pulgadas Fhd 1920 X 1080 | 100 Hz | Hdmi, Vga | 210-bqkc\",\"isPartOf\":{\"@id\":\"https:\/\/compuviper.mx\/tienda\/#website\"},\"datePublished\":\"2026-04-07T06:52:18+00:00\",\"dateModified\":\"2026-04-07T06:52:19+00:00\",\"description\":\"Compra Se2725hm Monitor Led | 27 Pulgadas Fhd 1920 X 1080 | 100 Hz | Hdmi, Vga | 210-bqkc + Env\u00edo a domicilio + Pago seguro + Garant\u00eda\",\"breadcrumb\":{\"@id\":\"https:\/\/compuviper.mx\/tienda\/producto\/dell-se2725hm-monitor-led-27-pulgadas-fhd-1920-x-1080-100-hz-hdmi-vga-210-bqkc\/#breadcrumb\"},\"inLanguage\":\"es-MX\",\"potentialAction\":[{\"@type\":\"ReadAction\",\"target\":[\"https:\/\/compuviper.mx\/tienda\/producto\/dell-se2725hm-monitor-led-27-pulgadas-fhd-1920-x-1080-100-hz-hdmi-vga-210-bqkc\/\"]}]},{\"@type\":\"BreadcrumbList\",\"@id\":\"https:\/\/compuviper.mx\/tienda\/producto\/dell-se2725hm-monitor-led-27-pulgadas-fhd-1920-x-1080-100-hz-hdmi-vga-210-bqkc\/#breadcrumb\",\"itemListElement\":[{\"@type\":\"ListItem\",\"position\":1,\"name\":\"Inicio\",\"item\":\"https:\/\/compuviper.mx\/tienda\/\"},{\"@type\":\"ListItem\",\"position\":2,\"name\":\"Productos\",\"item\":\"https:\/\/compuviper.mx\/tienda\/productos\/\"},{\"@type\":\"ListItem\",\"position\":3,\"name\":\"Monitores\",\"item\":\"https:\/\/compuviper.mx\/tienda\/categoria-producto\/monitores\/\"},{\"@type\":\"ListItem\",\"position\":4,\"name\":\"Led\",\"item\":\"https:\/\/compuviper.mx\/tienda\/categoria-producto\/monitores\/led\/\"},{\"@type\":\"ListItem\",\"position\":5,\"name\":\"Dell Se2725hm Monitor Led | 27 Pulgadas Fhd 1920 X 1080 | 100 Hz | Hdmi, Vga | 210-bqkc\"}]},{\"@type\":\"WebSite\",\"@id\":\"https:\/\/compuviper.mx\/tienda\/#website\",\"url\":\"https:\/\/compuviper.mx\/tienda\/\",\"name\":\"Compuviper\",\"description\":\"Proveedor de Computadoras, Laptops, Servidores, Monitores, Puntos de Venta, Teclados,   Impresoras, T\u00f3ner, C\u00e1maras de Seguridad y m\u00e1s en tu tienda en l\u00ednea\",\"publisher\":{\"@id\":\"https:\/\/compuviper.mx\/tienda\/#organization\"},\"potentialAction\":[{\"@type\":\"SearchAction\",\"target\":{\"@type\":\"EntryPoint\",\"urlTemplate\":\"https:\/\/compuviper.mx\/tienda\/?s={search_term_string}\"},\"query-input\":\"required name=search_term_string\"}],\"inLanguage\":\"es-MX\"},{\"@type\":\"Organization\",\"@id\":\"https:\/\/compuviper.mx\/tienda\/#organization\",\"name\":\"Compuviper\",\"url\":\"https:\/\/compuviper.mx\/tienda\/\",\"logo\":{\"@type\":\"ImageObject\",\"inLanguage\":\"es-MX\",\"@id\":\"https:\/\/compuviper.mx\/tienda\/#\/schema\/logo\/image\/\",\"url\":\"https:\/\/compuviper.mx\/tienda\/wp-content\/uploads\/2021\/08\/Logo-Compuviper-10.png\",\"contentUrl\":\"https:\/\/compuviper.mx\/tienda\/wp-content\/uploads\/2021\/08\/Logo-Compuviper-10.png\",\"width\":1000,\"height\":500,\"caption\":\"Compuviper\"},\"image\":{\"@id\":\"https:\/\/compuviper.mx\/tienda\/#\/schema\/logo\/image\/\"},\"sameAs\":[\"https:\/\/www.facebook.com\/compuviper\",\"https:\/\/www.youtube.com\/channel\/UCf73dERp9Y3cfOq7q8BhLjA?view_as=subscriber\"]}]}<\/script>\n<meta property=\"product:brand\" content=\"DELL\" \/>\n<meta property=\"product:price:amount\" content=\"2202\" \/>\n<meta property=\"product:price:currency\" content=\"MXN\" \/>\n<meta property=\"og:availability\" content=\"out of stock\" \/>\n<meta property=\"product:availability\" content=\"out of stock\" \/>\n<meta property=\"product:retailer_item_id\" content=\"SE2725HM\" \/>\n<meta property=\"product:condition\" content=\"new\" \/>\n<!-- \/ Yoast SEO plugin. -->","yoast_head_json":{"title":"[ Dell ] &#129351; Se2725hm Monitor Led | 27 Pulgadas Fhd 1920 X 1080 | 100 Hz | Hdmi, Vga | 210-bqkc","description":"Compra Se2725hm Monitor Led | 27 Pulgadas Fhd 1920 X 1080 | 100 Hz | Hdmi, Vga | 210-bqkc + Env\u00edo a domicilio + Pago seguro + Garant\u00eda","robots":{"index":"index","follow":"follow","max-snippet":"max-snippet:-1","max-image-preview":"max-image-preview:large","max-video-preview":"max-video-preview:-1"},"canonical":"https:\/\/compuviper.mx\/tienda\/producto\/dell-se2725hm-monitor-led-27-pulgadas-fhd-1920-x-1080-100-hz-hdmi-vga-210-bqkc\/","og_locale":"es_MX","og_type":"article","og_title":"[ Dell ] &#129351; Se2725hm Monitor Led | 27 Pulgadas Fhd 1920 X 1080 | 100 Hz | Hdmi, Vga | 210-bqkc","og_description":"Compra Se2725hm Monitor Led | 27 Pulgadas Fhd 1920 X 1080 | 100 Hz | Hdmi, Vga | 210-bqkc + Env\u00edo a domicilio + Pago seguro + Garant\u00eda","og_url":"https:\/\/compuviper.mx\/tienda\/producto\/dell-se2725hm-monitor-led-27-pulgadas-fhd-1920-x-1080-100-hz-hdmi-vga-210-bqkc\/","og_site_name":"Compuviper","article_publisher":"https:\/\/www.facebook.com\/compuviper","article_modified_time":"2026-04-07T06:52:19+00:00","twitter_card":"summary_large_image","twitter_misc":{"Precio":"&#36;2,275 &#36;2,202 con IVA","Availability":"Out of stock"},"schema":{"@context":"https:\/\/schema.org","@graph":[{"@type":"WebPage","@id":"https:\/\/compuviper.mx\/tienda\/producto\/dell-se2725hm-monitor-led-27-pulgadas-fhd-1920-x-1080-100-hz-hdmi-vga-210-bqkc\/","url":"https:\/\/compuviper.mx\/tienda\/producto\/dell-se2725hm-monitor-led-27-pulgadas-fhd-1920-x-1080-100-hz-hdmi-vga-210-bqkc\/","name":"[ Dell ] &#129351; Se2725hm Monitor Led | 27 Pulgadas Fhd 1920 X 1080 | 100 Hz | Hdmi, Vga | 210-bqkc","isPartOf":{"@id":"https:\/\/compuviper.mx\/tienda\/#website"},"datePublished":"2026-04-07T06:52:18+00:00","dateModified":"2026-04-07T06:52:19+00:00","description":"Compra Se2725hm Monitor Led | 27 Pulgadas Fhd 1920 X 1080 | 100 Hz | Hdmi, Vga | 210-bqkc + Env\u00edo a domicilio + Pago seguro + Garant\u00eda","breadcrumb":{"@id":"https:\/\/compuviper.mx\/tienda\/producto\/dell-se2725hm-monitor-led-27-pulgadas-fhd-1920-x-1080-100-hz-hdmi-vga-210-bqkc\/#breadcrumb"},"inLanguage":"es-MX","potentialAction":[{"@type":"ReadAction","target":["https:\/\/compuviper.mx\/tienda\/producto\/dell-se2725hm-monitor-led-27-pulgadas-fhd-1920-x-1080-100-hz-hdmi-vga-210-bqkc\/"]}]},{"@type":"BreadcrumbList","@id":"https:\/\/compuviper.mx\/tienda\/producto\/dell-se2725hm-monitor-led-27-pulgadas-fhd-1920-x-1080-100-hz-hdmi-vga-210-bqkc\/#breadcrumb","itemListElement":[{"@type":"ListItem","position":1,"name":"Inicio","item":"https:\/\/compuviper.mx\/tienda\/"},{"@type":"ListItem","position":2,"name":"Productos","item":"https:\/\/compuviper.mx\/tienda\/productos\/"},{"@type":"ListItem","position":3,"name":"Monitores","item":"https:\/\/compuviper.mx\/tienda\/categoria-producto\/monitores\/"},{"@type":"ListItem","position":4,"name":"Led","item":"https:\/\/compuviper.mx\/tienda\/categoria-producto\/monitores\/led\/"},{"@type":"ListItem","position":5,"name":"Dell Se2725hm Monitor Led | 27 Pulgadas Fhd 1920 X 1080 | 100 Hz | Hdmi, Vga | 210-bqkc"}]},{"@type":"WebSite","@id":"https:\/\/compuviper.mx\/tienda\/#website","url":"https:\/\/compuviper.mx\/tienda\/","name":"Compuviper","description":"Proveedor de Computadoras, Laptops, Servidores, Monitores, Puntos de Venta, Teclados,   Impresoras, T\u00f3ner, C\u00e1maras de Seguridad y m\u00e1s en tu tienda en l\u00ednea","publisher":{"@id":"https:\/\/compuviper.mx\/tienda\/#organization"},"potentialAction":[{"@type":"SearchAction","target":{"@type":"EntryPoint","urlTemplate":"https:\/\/compuviper.mx\/tienda\/?s={search_term_string}"},"query-input":"required name=search_term_string"}],"inLanguage":"es-MX"},{"@type":"Organization","@id":"https:\/\/compuviper.mx\/tienda\/#organization","name":"Compuviper","url":"https:\/\/compuviper.mx\/tienda\/","logo":{"@type":"ImageObject","inLanguage":"es-MX","@id":"https:\/\/compuviper.mx\/tienda\/#\/schema\/logo\/image\/","url":"https:\/\/compuviper.mx\/tienda\/wp-content\/uploads\/2021\/08\/Logo-Compuviper-10.png","contentUrl":"https:\/\/compuviper.mx\/tienda\/wp-content\/uploads\/2021\/08\/Logo-Compuviper-10.png","width":1000,"height":500,"caption":"Compuviper"},"image":{"@id":"https:\/\/compuviper.mx\/tienda\/#\/schema\/logo\/image\/"},"sameAs":["https:\/\/www.facebook.com\/compuviper","https:\/\/www.youtube.com\/channel\/UCf73dERp9Y3cfOq7q8BhLjA?view_as=subscriber"]}]},"product_brand":"DELL","product_price_amount":"2202","product_price_currency":"MXN","og_availability":"out of stock","product_availability":"out of stock","product_retailer_item_id":"SE2725HM","product_condition":"new"},"_links":{"self":[{"href":"https:\/\/compuviper.mx\/tienda\/wp-json\/wp\/v2\/product\/261698"}],"collection":[{"href":"https:\/\/compuviper.mx\/tienda\/wp-json\/wp\/v2\/product"}],"about":[{"href":"https:\/\/compuviper.mx\/tienda\/wp-json\/wp\/v2\/types\/product"}],"replies":[{"embeddable":true,"href":"https:\/\/compuviper.mx\/tienda\/wp-json\/wp\/v2\/comments?post=261698"}],"wp:attachment":[{"href":"https:\/\/compuviper.mx\/tienda\/wp-json\/wp\/v2\/media?parent=261698"}],"wp:term":[{"taxonomy":"product_cat","embeddable":true,"href":"https:\/\/compuviper.mx\/tienda\/wp-json\/wp\/v2\/product_cat?post=261698"},{"taxonomy":"product_tag","embeddable":true,"href":"https:\/\/compuviper.mx\/tienda\/wp-json\/wp\/v2\/product_tag?post=261698"}],"curies":[{"name":"wp","href":"https:\/\/api.w.org\/{rel}","templated":true}]}}