{"id":261665,"date":"2026-04-02T02:23:35","date_gmt":"2026-04-02T08:23:35","guid":{"rendered":"https:\/\/compuviper.mx\/tienda\/producto\/samsung-hg55u800fnfxza-television-led-55-hotelera-serie-hu800f-4k-uhd-3840x2160-3-aos-de-garantia-google-cast-air-play-wifi-bluetooth-2-usb-3-hdmi\/"},"modified":"2026-04-02T02:23:35","modified_gmt":"2026-04-02T08:23:35","slug":"samsung-hg55u800fnfxza-television-led-55-hotelera-serie-hu800f-4k-uhd-3840x2160-3-aos-de-garantia-google-cast-air-play-wifi-bluetooth-2-usb-3-hdmi","status":"publish","type":"product","link":"https:\/\/compuviper.mx\/tienda\/producto\/samsung-hg55u800fnfxza-television-led-55-hotelera-serie-hu800f-4k-uhd-3840x2160-3-aos-de-garantia-google-cast-air-play-wifi-bluetooth-2-usb-3-hdmi\/","title":{"rendered":"Samsung Hg55u800fnfxza Television Led  55 Hotelera  Serie Hu800f, 4k Uhd 3840&#215;2160 , 3 A?os De Garantia, Google Cast, Air Play, Wifi, Bluetooth, 2 Usb, 3 Hdmi."},"content":{"rendered":"<table class=\"descripcion\">\n<tr>\n<td>Informaci\u00f3n general tipo de producto led<\/td>\n<\/tr>\n<tr>\n<td>55 pulgadas<\/td>\n<\/tr>\n<tr>\n<td>Resoluci\u00f3n 4k (3840 x 2160)<\/td>\n<\/tr>\n<tr>\n<td>Motor de imagen: procesador quantum lite<\/td>\n<\/tr>\n<tr>\n<td>Hdr (alto rango din\u00e1mico)<\/td>\n<\/tr>\n<tr>\n<td>Compatibilidad con hdr10+<\/td>\n<\/tr>\n<tr>\n<td>Hlg (gamma log h\u00edbrida) s\u00ed<\/td>\n<\/tr>\n<tr>\n<td>Contraste: mega contrast<\/td>\n<\/tr>\n<tr>\n<td>Color: dynamic crystal color<\/td>\n<\/tr>\n<tr>\n<td>Micro dimming: uhd dimming<\/td>\n<\/tr>\n<tr>\n<td>Potenciador de contraste: s\u00ed<\/td>\n<\/tr>\n<tr>\n<td>Modo pel\u00edcula: s\u00ed<\/td>\n<\/tr>\n<tr>\n<td>Tipo de altavoz: 2 canales<\/td>\n<\/tr>\n<tr>\n<td>Salida del altavoz principal (w): 10 w + 10 w<\/td>\n<\/tr>\n<tr>\n<td>Salida del altavoz de graves (w): n\/d<\/td>\n<\/tr>\n<tr>\n<td>Audio bluetooth: s\u00ed<\/td>\n<\/tr>\n<tr>\n<td>Sistema operativo de servicio inteligente tizen\u0099 smart tv<\/td>\n<\/tr>\n<tr>\n<td>Navegador web: s\u00ed<\/td>\n<\/tr>\n<tr>\n<td>Smartthings pro: s\u00ed<\/td>\n<\/tr>\n<tr>\n<td>Tama\u00f1o de tornillo est\u00e1ndar vesa m8<\/td>\n<\/tr>\n<tr>\n<td>Profundidad de tornillo 11-13<\/td>\n<\/tr>\n<tr>\n<td>Especificaciones vesa 200 x 200<\/td>\n<\/tr>\n<tr>\n<td>Funci\u00f3n inteligente multiview: s\u00ed<\/td>\n<\/tr>\n<tr>\n<td>Modo ambiente: s\u00ed<\/td>\n<\/tr>\n<tr>\n<td>Espacio de trabajo: s\u00ed<\/td>\n<\/tr>\n<tr>\n<td>Apple airplay: s\u00ed<\/td>\n<\/tr>\n<tr>\n<td>Google cast: s\u00ed<\/td>\n<\/tr>\n<tr>\n<td>Modo arte destacado n\/d<\/td>\n<\/tr>\n<tr>\n<td>Connectshare\u0099 s\u00ed<\/td>\n<\/tr>\n<tr>\n<td>Epg s\u00ed<\/td>\n<\/tr>\n<tr>\n<td>Control de ip s\u00ed<\/td>\n<\/tr>\n<tr>\n<td>Funci\u00f3n tep para hoteler\u00eda s\u00ed<\/td>\n<\/tr>\n<tr>\n<td>Samsung lynk cloud s\u00ed compatible<\/td>\n<\/tr>\n<tr>\n<td>Plug and play para hosteler\u00eda (configuraci\u00f3n sencilla) s\u00ed<\/td>\n<\/tr>\n<tr>\n<td>Modo de encendido s\u00ed<\/td>\n<\/tr>\n<tr>\n<td>Lista de canales de hotel s\u00ed<\/td>\n<\/tr>\n<tr>\n<td>Visualizaci\u00f3n del men\u00fa de canales s\u00ed<\/td>\n<\/tr>\n<tr>\n<td>Lista de canales combinados (atsc, dvb-t\/t2\/c\/s2, anal\u00f3gicos) s\u00ed<\/td>\n<\/tr>\n<tr>\n<td>Mi canal s\u00ed<\/td>\n<\/tr>\n<tr>\n<td>Modo de ahorro de energ\u00eda (control blu) s\u00ed<\/td>\n<\/tr>\n<tr>\n<td>Protocolo interactivo s\u00ed<\/td>\n<\/tr>\n<tr>\n<td>Control remoto multic\u00f3digo s\u00ed<\/td>\n<\/tr>\n<tr>\n<td>Clonaci\u00f3n usb s\u00ed<\/td>\n<\/tr>\n<tr>\n<td>Punto de acceso s\u00ed<\/td>\n<\/tr>\n<tr>\n<td>Alarma s\u00ed<\/td>\n<\/tr>\n<tr>\n<td>Samsung lynk\u0099 drm rf s\u00ed<\/td>\n<\/tr>\n<tr>\n<td>Samsung lynk\u0099 drm ip s\u00ed<\/td>\n<\/tr>\n<tr>\n<td>Blan n\/d<\/td>\n<\/tr>\n<tr>\n<td>Modo de seguridad s\u00ed<\/td>\n<\/tr>\n<tr>\n<td>Pro:idiom sw s\u00ed<\/td>\n<\/tr>\n<tr>\n<td>Conectividad wi-fi s\u00ed (wi-fi 5)<\/td>\n<\/tr>\n<tr>\n<td>Bluetooth s\u00ed (bt5.2)<\/td>\n<\/tr>\n<tr>\n<td>Hdmi 3<\/td>\n<\/tr>\n<tr>\n<td>Anynet+ (hdmi-cec) s\u00ed<\/td>\n<\/tr>\n<tr>\n<td>Usb 2 x usb-a<\/td>\n<\/tr>\n<tr>\n<td>Ethernet (lan) 1<\/td>\n<\/tr>\n<tr>\n<td>Salida de audio (mini jack \/ lr) n\/d<\/td>\n<\/tr>\n<tr>\n<td>Salida de audio digital (\u00f3ptica) 1<\/td>\n<\/tr>\n<tr>\n<td>Entrada rf (terrestre \/ entrada de cable \/ entrada de sat\u00e9lite) 1\/1<\/td>\n<\/tr>\n<tr>\n<td>(uso com\u00fan para terrestre)\/0<\/td>\n<\/tr>\n<tr>\n<td>Ex-link (rs-232c) 1<\/td>\n<\/tr>\n<tr>\n<td>Ranura ci n\/d (ue: s\u00ed)<\/td>\n<\/tr>\n<tr>\n<td>Conector para altavoz de almohada n\/d<\/td>\n<\/tr>\n<tr>\n<td>Salida de audio variable s\u00ed<\/td>\n<\/tr>\n<tr>\n<td>Control de volumen de salida de audio variable s\u00ed<\/td>\n<\/tr>\n<tr>\n<td>Salida de v\u00eddeo n\/d<\/td>\n<\/tr>\n<tr>\n<td>Datos s\u00ed<\/td>\n<\/tr>\n<tr>\n<td>Auriculares n\/d<\/td>\n<\/tr>\n<tr>\n<td>Identificador de auriculares n\/d<\/td>\n<\/tr>\n<tr>\n<td>Puente ethernet (salida lan) s\u00ed<\/td>\n<\/tr>\n<tr>\n<td>Dise\u00f1o airslim<\/td>\n<\/tr>\n<tr>\n<td>Tipo de soporte: elevador plano<\/td>\n<\/tr>\n<tr>\n<td>* alimentaci\u00f3n: ca 110-120 v, 50\/60 hz<\/td>\n<\/tr>\n<tr>\n<td>Consumo m\u00e1ximo: 155 w<\/td>\n<\/tr>\n<tr>\n<td>Consumo de energ\u00eda (modo de ahorro de energ\u00eda): n\/d<\/td>\n<\/tr>\n<tr>\n<td>Consumo de energ\u00eda (en espera): 0,5 w<\/td>\n<\/tr>\n<tr>\n<td>Consumo t\u00edpico: 94 w<\/td>\n<\/tr>\n<tr>\n<td>Dimensiones (an x al x pr) tama\u00f1o del equipo sin soporte (an x al x pr) (mm) 1232,1 x 708,8 x 25,7<\/td>\n<\/tr>\n<tr>\n<td>Tama\u00f1o del equipo con soporte (an x al x pr) (mm) 1232,1 x 768,1 x 238,6<\/td>\n<\/tr>\n<tr>\n<td>Tama\u00f1o del paquete (an x al x pr) (mm) 1369 x 819 x 142<\/td>\n<\/tr>\n<tr>\n<td>Peso peso del equipo sin soporte (kg) 13,9<\/td>\n<\/tr>\n<tr>\n<td>Peso del equipo con soporte (kg) 14,3<\/td>\n<\/tr>\n<tr>\n<td>Peso del paquete (kg) 19,1<\/td>\n<\/tr>\n<tr>\n<td>Mando a distancia accesorio modelo tm2240a<\/td>\n<\/tr>\n<tr>\n<td>Pilas (para el mando a distancia): s\u00ed (2 pilas aaa)<\/td>\n<\/tr>\n<tr>\n<td>Manual del usuario del componente: s\u00ed<\/td>\n<\/tr>\n<tr>\n<td>Cable de alimentaci\u00f3n: s\u00ed<\/td>\n<\/tr>\n<tr>\n<td>Gu\u00eda de instalaci\u00f3n r\u00e1pida de accesorios para hosteler\u00eda: s\u00ed<\/td>\n<\/tr>\n<tr>\n<td>Cable de datos: s\u00ed<\/td>\n<\/tr>\n<\/table>\n","protected":false},"excerpt":{"rendered":"<p>Informaci\u00f3n general tipo de producto led 55 pulgadas Resoluci\u00f3n 4k (3840 x 2160) Motor de imagen: procesador quantum lite Hdr (alto rango din\u00e1mico) Compatibilidad con hdr10+ Hlg (gamma log h\u00edbrida) s\u00ed Contraste: mega contrast Color: dynamic crystal color Micro dimming: uhd dimming Potenciador de contraste: s\u00ed Modo pel\u00edcula: s\u00ed Tipo de altavoz: 2 canales Salida [&hellip;]<\/p>\n","protected":false},"featured_media":0,"comment_status":"open","ping_status":"open","template":"","meta":[],"product_cat":[1838,1839],"product_tag":[1743],"acf":[],"yoast_head":"<!-- This site is optimized with the Yoast SEO plugin v21.7 - https:\/\/yoast.com\/wordpress\/plugins\/seo\/ -->\n<title>[ Samsung ] &#129351; Hg55u800fnfxza Television Led 55 Hotelera Serie Hu800f, 4k Uhd 3840x2160 , 3 A\u00f1os De Garantia, Google Cast, Air Play, Wifi, Bluetooth, 2 Usb, 3 Hdmi.<\/title>\n<meta name=\"description\" content=\"Compra Hg55u800fnfxza Television Led 55 Hotelera Serie Hu800f, 4k Uhd 3840x2160 , 3 A\u00f1os De Garantia, Google Cast, Air Play, Wifi, Bluetooth, 2 Usb, 3 Hdmi. + Env\u00edo a domicilio + Pago seguro + Garant\u00eda\" \/>\n<meta name=\"robots\" content=\"index, follow, max-snippet:-1, max-image-preview:large, max-video-preview:-1\" \/>\n<link rel=\"canonical\" href=\"https:\/\/compuviper.mx\/tienda\/producto\/samsung-hg55u800fnfxza-television-led-55-hotelera-serie-hu800f-4k-uhd-3840x2160-3-aos-de-garantia-google-cast-air-play-wifi-bluetooth-2-usb-3-hdmi\/\" \/>\n<meta property=\"og:locale\" content=\"es_MX\" \/>\n<meta property=\"og:type\" content=\"article\" \/>\n<meta property=\"og:title\" content=\"[ Samsung ] &#129351; Hg55u800fnfxza Television Led 55 Hotelera Serie Hu800f, 4k Uhd 3840x2160 , 3 A\u00f1os De Garantia, Google Cast, Air Play, Wifi, Bluetooth, 2 Usb, 3 Hdmi.\" \/>\n<meta property=\"og:description\" content=\"Compra Hg55u800fnfxza Television Led 55 Hotelera Serie Hu800f, 4k Uhd 3840x2160 , 3 A\u00f1os De Garantia, Google Cast, Air Play, Wifi, Bluetooth, 2 Usb, 3 Hdmi. + Env\u00edo a domicilio + Pago seguro + Garant\u00eda\" \/>\n<meta property=\"og:url\" content=\"https:\/\/compuviper.mx\/tienda\/producto\/samsung-hg55u800fnfxza-television-led-55-hotelera-serie-hu800f-4k-uhd-3840x2160-3-aos-de-garantia-google-cast-air-play-wifi-bluetooth-2-usb-3-hdmi\/\" \/>\n<meta property=\"og:site_name\" content=\"Compuviper\" \/>\n<meta property=\"article:publisher\" content=\"https:\/\/www.facebook.com\/compuviper\" \/>\n<meta name=\"twitter:card\" content=\"summary_large_image\" \/>\n<meta name=\"twitter:label1\" content=\"Precio\" \/>\n\t<meta name=\"twitter:data1\" content=\"&#36;9,815 con IVA\" \/>\n\t<meta name=\"twitter:label2\" content=\"Availability\" \/>\n\t<meta name=\"twitter:data2\" content=\"In stock\" \/>\n<script type=\"application\/ld+json\" class=\"yoast-schema-graph\">{\"@context\":\"https:\/\/schema.org\",\"@graph\":[{\"@type\":\"WebPage\",\"@id\":\"https:\/\/compuviper.mx\/tienda\/producto\/samsung-hg55u800fnfxza-television-led-55-hotelera-serie-hu800f-4k-uhd-3840x2160-3-aos-de-garantia-google-cast-air-play-wifi-bluetooth-2-usb-3-hdmi\/\",\"url\":\"https:\/\/compuviper.mx\/tienda\/producto\/samsung-hg55u800fnfxza-television-led-55-hotelera-serie-hu800f-4k-uhd-3840x2160-3-aos-de-garantia-google-cast-air-play-wifi-bluetooth-2-usb-3-hdmi\/\",\"name\":\"[ Samsung ] &#129351; Hg55u800fnfxza Television Led 55 Hotelera Serie Hu800f, 4k Uhd 3840x2160 , 3 A\u00f1os De Garantia, Google Cast, Air Play, Wifi, Bluetooth, 2 Usb, 3 Hdmi.\",\"isPartOf\":{\"@id\":\"https:\/\/compuviper.mx\/tienda\/#website\"},\"datePublished\":\"2026-04-02T08:23:35+00:00\",\"dateModified\":\"2026-04-02T08:23:35+00:00\",\"description\":\"Compra Hg55u800fnfxza Television Led 55 Hotelera Serie Hu800f, 4k Uhd 3840x2160 , 3 A\u00f1os De Garantia, Google Cast, Air Play, Wifi, Bluetooth, 2 Usb, 3 Hdmi. + Env\u00edo a domicilio + Pago seguro + Garant\u00eda\",\"breadcrumb\":{\"@id\":\"https:\/\/compuviper.mx\/tienda\/producto\/samsung-hg55u800fnfxza-television-led-55-hotelera-serie-hu800f-4k-uhd-3840x2160-3-aos-de-garantia-google-cast-air-play-wifi-bluetooth-2-usb-3-hdmi\/#breadcrumb\"},\"inLanguage\":\"es-MX\",\"potentialAction\":[{\"@type\":\"ReadAction\",\"target\":[\"https:\/\/compuviper.mx\/tienda\/producto\/samsung-hg55u800fnfxza-television-led-55-hotelera-serie-hu800f-4k-uhd-3840x2160-3-aos-de-garantia-google-cast-air-play-wifi-bluetooth-2-usb-3-hdmi\/\"]}]},{\"@type\":\"BreadcrumbList\",\"@id\":\"https:\/\/compuviper.mx\/tienda\/producto\/samsung-hg55u800fnfxza-television-led-55-hotelera-serie-hu800f-4k-uhd-3840x2160-3-aos-de-garantia-google-cast-air-play-wifi-bluetooth-2-usb-3-hdmi\/#breadcrumb\",\"itemListElement\":[{\"@type\":\"ListItem\",\"position\":1,\"name\":\"Inicio\",\"item\":\"https:\/\/compuviper.mx\/tienda\/\"},{\"@type\":\"ListItem\",\"position\":2,\"name\":\"Productos\",\"item\":\"https:\/\/compuviper.mx\/tienda\/productos\/\"},{\"@type\":\"ListItem\",\"position\":3,\"name\":\"Televisor\",\"item\":\"https:\/\/compuviper.mx\/tienda\/categoria-producto\/televisor\/\"},{\"@type\":\"ListItem\",\"position\":4,\"name\":\"Led\",\"item\":\"https:\/\/compuviper.mx\/tienda\/categoria-producto\/televisor\/led-televisor\/\"},{\"@type\":\"ListItem\",\"position\":5,\"name\":\"Samsung Hg55u800fnfxza Television Led 55 Hotelera Serie Hu800f, 4k Uhd 3840&#215;2160 , 3 A?os De Garantia, Google Cast, Air Play, Wifi, Bluetooth, 2 Usb, 3 Hdmi.\"}]},{\"@type\":\"WebSite\",\"@id\":\"https:\/\/compuviper.mx\/tienda\/#website\",\"url\":\"https:\/\/compuviper.mx\/tienda\/\",\"name\":\"Compuviper\",\"description\":\"Proveedor de Computadoras, Laptops, Servidores, Monitores, Puntos de Venta, Teclados,   Impresoras, T\u00f3ner, C\u00e1maras de Seguridad y m\u00e1s en tu tienda en l\u00ednea\",\"publisher\":{\"@id\":\"https:\/\/compuviper.mx\/tienda\/#organization\"},\"potentialAction\":[{\"@type\":\"SearchAction\",\"target\":{\"@type\":\"EntryPoint\",\"urlTemplate\":\"https:\/\/compuviper.mx\/tienda\/?s={search_term_string}\"},\"query-input\":\"required name=search_term_string\"}],\"inLanguage\":\"es-MX\"},{\"@type\":\"Organization\",\"@id\":\"https:\/\/compuviper.mx\/tienda\/#organization\",\"name\":\"Compuviper\",\"url\":\"https:\/\/compuviper.mx\/tienda\/\",\"logo\":{\"@type\":\"ImageObject\",\"inLanguage\":\"es-MX\",\"@id\":\"https:\/\/compuviper.mx\/tienda\/#\/schema\/logo\/image\/\",\"url\":\"https:\/\/compuviper.mx\/tienda\/wp-content\/uploads\/2021\/08\/Logo-Compuviper-10.png\",\"contentUrl\":\"https:\/\/compuviper.mx\/tienda\/wp-content\/uploads\/2021\/08\/Logo-Compuviper-10.png\",\"width\":1000,\"height\":500,\"caption\":\"Compuviper\"},\"image\":{\"@id\":\"https:\/\/compuviper.mx\/tienda\/#\/schema\/logo\/image\/\"},\"sameAs\":[\"https:\/\/www.facebook.com\/compuviper\",\"https:\/\/www.youtube.com\/channel\/UCf73dERp9Y3cfOq7q8BhLjA?view_as=subscriber\"]}]}<\/script>\n<meta property=\"product:brand\" content=\"SAMSUNG\" \/>\n<meta property=\"product:price:amount\" content=\"9815\" \/>\n<meta property=\"product:price:currency\" content=\"MXN\" \/>\n<meta property=\"og:availability\" content=\"instock\" \/>\n<meta property=\"product:availability\" content=\"instock\" \/>\n<meta property=\"product:retailer_item_id\" content=\"HG55U800FNFXZA\" \/>\n<meta property=\"product:condition\" content=\"new\" \/>\n<!-- \/ Yoast SEO plugin. -->","yoast_head_json":{"title":"[ Samsung ] &#129351; Hg55u800fnfxza Television Led 55 Hotelera Serie Hu800f, 4k Uhd 3840x2160 , 3 A\u00f1os De Garantia, Google Cast, Air Play, Wifi, Bluetooth, 2 Usb, 3 Hdmi.","description":"Compra Hg55u800fnfxza Television Led 55 Hotelera Serie Hu800f, 4k Uhd 3840x2160 , 3 A\u00f1os De Garantia, Google Cast, Air Play, Wifi, Bluetooth, 2 Usb, 3 Hdmi. + Env\u00edo a domicilio + Pago seguro + Garant\u00eda","robots":{"index":"index","follow":"follow","max-snippet":"max-snippet:-1","max-image-preview":"max-image-preview:large","max-video-preview":"max-video-preview:-1"},"canonical":"https:\/\/compuviper.mx\/tienda\/producto\/samsung-hg55u800fnfxza-television-led-55-hotelera-serie-hu800f-4k-uhd-3840x2160-3-aos-de-garantia-google-cast-air-play-wifi-bluetooth-2-usb-3-hdmi\/","og_locale":"es_MX","og_type":"article","og_title":"[ Samsung ] &#129351; Hg55u800fnfxza Television Led 55 Hotelera Serie Hu800f, 4k Uhd 3840x2160 , 3 A\u00f1os De Garantia, Google Cast, Air Play, Wifi, Bluetooth, 2 Usb, 3 Hdmi.","og_description":"Compra Hg55u800fnfxza Television Led 55 Hotelera Serie Hu800f, 4k Uhd 3840x2160 , 3 A\u00f1os De Garantia, Google Cast, Air Play, Wifi, Bluetooth, 2 Usb, 3 Hdmi. + Env\u00edo a domicilio + Pago seguro + Garant\u00eda","og_url":"https:\/\/compuviper.mx\/tienda\/producto\/samsung-hg55u800fnfxza-television-led-55-hotelera-serie-hu800f-4k-uhd-3840x2160-3-aos-de-garantia-google-cast-air-play-wifi-bluetooth-2-usb-3-hdmi\/","og_site_name":"Compuviper","article_publisher":"https:\/\/www.facebook.com\/compuviper","twitter_card":"summary_large_image","twitter_misc":{"Precio":"&#36;9,815 con IVA","Availability":"In stock"},"schema":{"@context":"https:\/\/schema.org","@graph":[{"@type":"WebPage","@id":"https:\/\/compuviper.mx\/tienda\/producto\/samsung-hg55u800fnfxza-television-led-55-hotelera-serie-hu800f-4k-uhd-3840x2160-3-aos-de-garantia-google-cast-air-play-wifi-bluetooth-2-usb-3-hdmi\/","url":"https:\/\/compuviper.mx\/tienda\/producto\/samsung-hg55u800fnfxza-television-led-55-hotelera-serie-hu800f-4k-uhd-3840x2160-3-aos-de-garantia-google-cast-air-play-wifi-bluetooth-2-usb-3-hdmi\/","name":"[ Samsung ] &#129351; Hg55u800fnfxza Television Led 55 Hotelera Serie Hu800f, 4k Uhd 3840x2160 , 3 A\u00f1os De Garantia, Google Cast, Air Play, Wifi, Bluetooth, 2 Usb, 3 Hdmi.","isPartOf":{"@id":"https:\/\/compuviper.mx\/tienda\/#website"},"datePublished":"2026-04-02T08:23:35+00:00","dateModified":"2026-04-02T08:23:35+00:00","description":"Compra Hg55u800fnfxza Television Led 55 Hotelera Serie Hu800f, 4k Uhd 3840x2160 , 3 A\u00f1os De Garantia, Google Cast, Air Play, Wifi, Bluetooth, 2 Usb, 3 Hdmi. + Env\u00edo a domicilio + Pago seguro + Garant\u00eda","breadcrumb":{"@id":"https:\/\/compuviper.mx\/tienda\/producto\/samsung-hg55u800fnfxza-television-led-55-hotelera-serie-hu800f-4k-uhd-3840x2160-3-aos-de-garantia-google-cast-air-play-wifi-bluetooth-2-usb-3-hdmi\/#breadcrumb"},"inLanguage":"es-MX","potentialAction":[{"@type":"ReadAction","target":["https:\/\/compuviper.mx\/tienda\/producto\/samsung-hg55u800fnfxza-television-led-55-hotelera-serie-hu800f-4k-uhd-3840x2160-3-aos-de-garantia-google-cast-air-play-wifi-bluetooth-2-usb-3-hdmi\/"]}]},{"@type":"BreadcrumbList","@id":"https:\/\/compuviper.mx\/tienda\/producto\/samsung-hg55u800fnfxza-television-led-55-hotelera-serie-hu800f-4k-uhd-3840x2160-3-aos-de-garantia-google-cast-air-play-wifi-bluetooth-2-usb-3-hdmi\/#breadcrumb","itemListElement":[{"@type":"ListItem","position":1,"name":"Inicio","item":"https:\/\/compuviper.mx\/tienda\/"},{"@type":"ListItem","position":2,"name":"Productos","item":"https:\/\/compuviper.mx\/tienda\/productos\/"},{"@type":"ListItem","position":3,"name":"Televisor","item":"https:\/\/compuviper.mx\/tienda\/categoria-producto\/televisor\/"},{"@type":"ListItem","position":4,"name":"Led","item":"https:\/\/compuviper.mx\/tienda\/categoria-producto\/televisor\/led-televisor\/"},{"@type":"ListItem","position":5,"name":"Samsung Hg55u800fnfxza Television Led 55 Hotelera Serie Hu800f, 4k Uhd 3840&#215;2160 , 3 A?os De Garantia, Google Cast, Air Play, Wifi, Bluetooth, 2 Usb, 3 Hdmi."}]},{"@type":"WebSite","@id":"https:\/\/compuviper.mx\/tienda\/#website","url":"https:\/\/compuviper.mx\/tienda\/","name":"Compuviper","description":"Proveedor de Computadoras, Laptops, Servidores, Monitores, Puntos de Venta, Teclados,   Impresoras, T\u00f3ner, C\u00e1maras de Seguridad y m\u00e1s en tu tienda en l\u00ednea","publisher":{"@id":"https:\/\/compuviper.mx\/tienda\/#organization"},"potentialAction":[{"@type":"SearchAction","target":{"@type":"EntryPoint","urlTemplate":"https:\/\/compuviper.mx\/tienda\/?s={search_term_string}"},"query-input":"required name=search_term_string"}],"inLanguage":"es-MX"},{"@type":"Organization","@id":"https:\/\/compuviper.mx\/tienda\/#organization","name":"Compuviper","url":"https:\/\/compuviper.mx\/tienda\/","logo":{"@type":"ImageObject","inLanguage":"es-MX","@id":"https:\/\/compuviper.mx\/tienda\/#\/schema\/logo\/image\/","url":"https:\/\/compuviper.mx\/tienda\/wp-content\/uploads\/2021\/08\/Logo-Compuviper-10.png","contentUrl":"https:\/\/compuviper.mx\/tienda\/wp-content\/uploads\/2021\/08\/Logo-Compuviper-10.png","width":1000,"height":500,"caption":"Compuviper"},"image":{"@id":"https:\/\/compuviper.mx\/tienda\/#\/schema\/logo\/image\/"},"sameAs":["https:\/\/www.facebook.com\/compuviper","https:\/\/www.youtube.com\/channel\/UCf73dERp9Y3cfOq7q8BhLjA?view_as=subscriber"]}]},"product_brand":"SAMSUNG","product_price_amount":"9815","product_price_currency":"MXN","og_availability":"instock","product_availability":"instock","product_retailer_item_id":"HG55U800FNFXZA","product_condition":"new"},"_links":{"self":[{"href":"https:\/\/compuviper.mx\/tienda\/wp-json\/wp\/v2\/product\/261665"}],"collection":[{"href":"https:\/\/compuviper.mx\/tienda\/wp-json\/wp\/v2\/product"}],"about":[{"href":"https:\/\/compuviper.mx\/tienda\/wp-json\/wp\/v2\/types\/product"}],"replies":[{"embeddable":true,"href":"https:\/\/compuviper.mx\/tienda\/wp-json\/wp\/v2\/comments?post=261665"}],"wp:attachment":[{"href":"https:\/\/compuviper.mx\/tienda\/wp-json\/wp\/v2\/media?parent=261665"}],"wp:term":[{"taxonomy":"product_cat","embeddable":true,"href":"https:\/\/compuviper.mx\/tienda\/wp-json\/wp\/v2\/product_cat?post=261665"},{"taxonomy":"product_tag","embeddable":true,"href":"https:\/\/compuviper.mx\/tienda\/wp-json\/wp\/v2\/product_tag?post=261665"}],"curies":[{"name":"wp","href":"https:\/\/api.w.org\/{rel}","templated":true}]}}