{"id":261664,"date":"2026-04-16T02:02:02","date_gmt":"2026-04-16T08:02:02","guid":{"rendered":"https:\/\/compuviper.mx\/tienda\/producto\/tp-link-tapo-l535e2-pack-foco-inteligente-tp-link-tapo-l535e2-pack-rgb-multicolor-compatible-con-matter-no-requiere-hub\/"},"modified":"2026-04-16T02:02:03","modified_gmt":"2026-04-16T08:02:03","slug":"tp-link-tapo-l535e2-pack-foco-inteligente-tp-link-tapo-l535e2-pack-rgb-multicolor-compatible-con-matter-no-requiere-hub","status":"publish","type":"product","link":"https:\/\/compuviper.mx\/tienda\/producto\/tp-link-tapo-l535e2-pack-foco-inteligente-tp-link-tapo-l535e2-pack-rgb-multicolor-compatible-con-matter-no-requiere-hub\/","title":{"rendered":"Tp Link Tapo L535e(2-pack) Foco Inteligente Tp-link Tapo L535e2-pack Rgb Multicolor Compatible Con Matter No Requiere Hub"},"content":{"rendered":"<table class=\"descripcion\">\n<tr>\n<td>Tapo l535e<\/td>\n<\/tr>\n<tr>\n<td>Bombilla led inteligente rgb multicolor<\/td>\n<\/tr>\n<tr>\n<td>\u0095intensidad regulable de 1055 lumenes. equivalente a una bombilla de 75w tradicional, ilumina cualquier estancia. con intensidad regulable a tu gusto del 1% al 100%.<\/td>\n<\/tr>\n<tr>\n<td>\u0095luz led multicolor. elige entre los 16 millones de colores para crear el ambiente ideal en cada momento.<\/td>\n<\/tr>\n<tr>\n<td>\u0095compatible con matter. gracias a la compatibilidad con matter, tapo l535e puede funcionar sin problemas con otros productos certificados de otras plataformas.<\/td>\n<\/tr>\n<tr>\n<td>\u0095horario y temporizador. puedes establecer diferentes horarios para encender, apagar o cambiar el color e intensidad de la luz automaticamente.<\/td>\n<\/tr>\n<tr>\n<td>\u0095 control por voz. controla la iluminacion inteligente con comandos de voz a traves de alexa, siri o google assistant.<\/td>\n<\/tr>\n<tr>\n<td>\u0095 control remoto y modo ausente. enciende y apaga al instante los dispositivos conectados estes donde estes a traves de la app tapo. activa el modo ausente para simular que hay alguien en casa.<\/td>\n<\/tr>\n<tr>\n<td>\u0095 control de consumo energetico. controla en tiempo real el consumo de energ\u00eda a traves de la app tapo.<\/td>\n<\/tr>\n<tr>\n<td>\u0095 no requiere hub. conecta directamente a la red wi-fi de casa, sin necesidad de hub ni equipos adicionales.<\/td>\n<\/tr>\n<\/table>\n","protected":false},"excerpt":{"rendered":"<p>Especificaciones tecnicas. Form factor a60, e27. Brillo 1055 lumens. Color temperature range 2500-6500 k. Color changing s\u00ed (s\u00f3lo a trav\u00e9s de la aplicacion y la nube. Regulable si (solo a traves de la aplicacion y la nube. Light beam angle 220 ?. Color rendering index  and #8805; 80. Warm-up time to 95%  and #8804;1 s. Sdcm  and #8804; 6. Switching cycles 15000. Lifetime 25.000 hrs. Input voltage 220 -240 v~, 50\/60 hz. Consumo de energ\u00eda ponderado 9 kwh\/1000 h. Power consumption 8,6 w. Standby power consumption 0,4 w. Equivalent incandescent lamp power 75 w. Energy class e. Physical. Package contents \u0095 bombilla inteligente tapo. \u0095 gu\u00eda de inicio rapido. Dimensions 115 \u00d7 60 mm. Otros. Certificaciones ce, erp, rohs, saa, rcm. Ambiente \u0095 temperatura de funcionamiento: -15 \u00bac~40 \u00bac. \u0095 humedad de funcionamiento: 10%~90% hr, sin condensaci\u00f3n. Works with google home s?. Works with amazon alexa s?. Compatible with matter s?. Wifi encryption wpa-psk\/wpa2-psk\/wpa3-sae. Wireless connectivity ieee 802.11b\/g\/n, 2,4 ghz wi-fi; bluetooth (solo para configuracion)<\/p>\n","protected":false},"featured_media":261718,"comment_status":"open","ping_status":"open","template":"","meta":[],"product_cat":[1813,1811],"product_tag":[1562],"acf":[],"yoast_head":"<!-- This site is optimized with the Yoast SEO plugin v21.7 - https:\/\/yoast.com\/wordpress\/plugins\/seo\/ -->\n<title>[ Tp Link ] &#129351; Tapo L535e(2-pack) Foco Inteligente Tp-link Tapo L535e2-pack Rgb Multicolor Compatible Con Matter No Requiere Hub<\/title>\n<meta name=\"description\" content=\"Compra Tapo L535e(2-pack) Foco Inteligente Tp-link Tapo L535e2-pack Rgb Multicolor Compatible Con Matter No Requiere Hub + Env\u00edo a domicilio + Pago seguro + Garant\u00eda\" \/>\n<meta name=\"robots\" content=\"index, follow, max-snippet:-1, max-image-preview:large, max-video-preview:-1\" \/>\n<link rel=\"canonical\" href=\"https:\/\/compuviper.mx\/tienda\/producto\/tp-link-tapo-l535e2-pack-foco-inteligente-tp-link-tapo-l535e2-pack-rgb-multicolor-compatible-con-matter-no-requiere-hub\/\" \/>\n<meta property=\"og:locale\" content=\"es_MX\" \/>\n<meta property=\"og:type\" content=\"article\" \/>\n<meta property=\"og:title\" content=\"[ Tp Link ] &#129351; Tapo L535e(2-pack) Foco Inteligente Tp-link Tapo L535e2-pack Rgb Multicolor Compatible Con Matter No Requiere Hub\" \/>\n<meta property=\"og:description\" content=\"Compra Tapo L535e(2-pack) Foco Inteligente Tp-link Tapo L535e2-pack Rgb Multicolor Compatible Con Matter No Requiere Hub + Env\u00edo a domicilio + Pago seguro + Garant\u00eda\" \/>\n<meta property=\"og:url\" content=\"https:\/\/compuviper.mx\/tienda\/producto\/tp-link-tapo-l535e2-pack-foco-inteligente-tp-link-tapo-l535e2-pack-rgb-multicolor-compatible-con-matter-no-requiere-hub\/\" \/>\n<meta property=\"og:site_name\" content=\"Compuviper\" \/>\n<meta property=\"article:publisher\" content=\"https:\/\/www.facebook.com\/compuviper\" \/>\n<meta property=\"article:modified_time\" content=\"2026-04-16T08:02:03+00:00\" \/>\n<meta property=\"og:image\" content=\"https:\/\/compuviper.mx\/tienda\/wp-content\/uploads\/2025\/10\/Foco-inteligente-tp-link-tapo-l535e2-pack-rgb-multicolor-compatible-con-matter-no-requiere-hub.jpg\" \/>\n\t<meta property=\"og:image:width\" content=\"200\" \/>\n\t<meta property=\"og:image:height\" content=\"200\" \/>\n\t<meta property=\"og:image:type\" content=\"image\/jpeg\" \/>\n<meta name=\"twitter:card\" content=\"summary_large_image\" \/>\n<meta name=\"twitter:label1\" content=\"Precio\" \/>\n\t<meta name=\"twitter:data1\" content=\"&#36;324 con IVA\" \/>\n\t<meta name=\"twitter:label2\" content=\"Availability\" \/>\n\t<meta name=\"twitter:data2\" content=\"Out of stock\" \/>\n<script type=\"application\/ld+json\" class=\"yoast-schema-graph\">{\"@context\":\"https:\/\/schema.org\",\"@graph\":[{\"@type\":\"WebPage\",\"@id\":\"https:\/\/compuviper.mx\/tienda\/producto\/tp-link-tapo-l535e2-pack-foco-inteligente-tp-link-tapo-l535e2-pack-rgb-multicolor-compatible-con-matter-no-requiere-hub\/\",\"url\":\"https:\/\/compuviper.mx\/tienda\/producto\/tp-link-tapo-l535e2-pack-foco-inteligente-tp-link-tapo-l535e2-pack-rgb-multicolor-compatible-con-matter-no-requiere-hub\/\",\"name\":\"[ Tp Link ] &#129351; Tapo L535e(2-pack) Foco Inteligente Tp-link Tapo L535e2-pack Rgb Multicolor Compatible Con Matter No Requiere Hub\",\"isPartOf\":{\"@id\":\"https:\/\/compuviper.mx\/tienda\/#website\"},\"datePublished\":\"2026-04-16T08:02:02+00:00\",\"dateModified\":\"2026-04-16T08:02:03+00:00\",\"description\":\"Compra Tapo L535e(2-pack) Foco Inteligente Tp-link Tapo L535e2-pack Rgb Multicolor Compatible Con Matter No Requiere Hub + Env\u00edo a domicilio + Pago seguro + Garant\u00eda\",\"breadcrumb\":{\"@id\":\"https:\/\/compuviper.mx\/tienda\/producto\/tp-link-tapo-l535e2-pack-foco-inteligente-tp-link-tapo-l535e2-pack-rgb-multicolor-compatible-con-matter-no-requiere-hub\/#breadcrumb\"},\"inLanguage\":\"es-MX\",\"potentialAction\":[{\"@type\":\"ReadAction\",\"target\":[\"https:\/\/compuviper.mx\/tienda\/producto\/tp-link-tapo-l535e2-pack-foco-inteligente-tp-link-tapo-l535e2-pack-rgb-multicolor-compatible-con-matter-no-requiere-hub\/\"]}]},{\"@type\":\"BreadcrumbList\",\"@id\":\"https:\/\/compuviper.mx\/tienda\/producto\/tp-link-tapo-l535e2-pack-foco-inteligente-tp-link-tapo-l535e2-pack-rgb-multicolor-compatible-con-matter-no-requiere-hub\/#breadcrumb\",\"itemListElement\":[{\"@type\":\"ListItem\",\"position\":1,\"name\":\"Inicio\",\"item\":\"https:\/\/compuviper.mx\/tienda\/\"},{\"@type\":\"ListItem\",\"position\":2,\"name\":\"Productos\",\"item\":\"https:\/\/compuviper.mx\/tienda\/productos\/\"},{\"@type\":\"ListItem\",\"position\":3,\"name\":\"Smart Home\",\"item\":\"https:\/\/compuviper.mx\/tienda\/categoria-producto\/smart-home\/\"},{\"@type\":\"ListItem\",\"position\":4,\"name\":\"Foco Inteligente\",\"item\":\"https:\/\/compuviper.mx\/tienda\/categoria-producto\/smart-home\/foco-inteligente\/\"},{\"@type\":\"ListItem\",\"position\":5,\"name\":\"Tp Link Tapo L535e(2-pack) Foco Inteligente Tp-link Tapo L535e2-pack Rgb Multicolor Compatible Con Matter No Requiere Hub\"}]},{\"@type\":\"WebSite\",\"@id\":\"https:\/\/compuviper.mx\/tienda\/#website\",\"url\":\"https:\/\/compuviper.mx\/tienda\/\",\"name\":\"Compuviper\",\"description\":\"Proveedor de Computadoras, Laptops, Servidores, Monitores, Puntos de Venta, Teclados,   Impresoras, T\u00f3ner, C\u00e1maras de Seguridad y m\u00e1s en tu tienda en l\u00ednea\",\"publisher\":{\"@id\":\"https:\/\/compuviper.mx\/tienda\/#organization\"},\"potentialAction\":[{\"@type\":\"SearchAction\",\"target\":{\"@type\":\"EntryPoint\",\"urlTemplate\":\"https:\/\/compuviper.mx\/tienda\/?s={search_term_string}\"},\"query-input\":\"required name=search_term_string\"}],\"inLanguage\":\"es-MX\"},{\"@type\":\"Organization\",\"@id\":\"https:\/\/compuviper.mx\/tienda\/#organization\",\"name\":\"Compuviper\",\"url\":\"https:\/\/compuviper.mx\/tienda\/\",\"logo\":{\"@type\":\"ImageObject\",\"inLanguage\":\"es-MX\",\"@id\":\"https:\/\/compuviper.mx\/tienda\/#\/schema\/logo\/image\/\",\"url\":\"https:\/\/compuviper.mx\/tienda\/wp-content\/uploads\/2021\/08\/Logo-Compuviper-10.png\",\"contentUrl\":\"https:\/\/compuviper.mx\/tienda\/wp-content\/uploads\/2021\/08\/Logo-Compuviper-10.png\",\"width\":1000,\"height\":500,\"caption\":\"Compuviper\"},\"image\":{\"@id\":\"https:\/\/compuviper.mx\/tienda\/#\/schema\/logo\/image\/\"},\"sameAs\":[\"https:\/\/www.facebook.com\/compuviper\",\"https:\/\/www.youtube.com\/channel\/UCf73dERp9Y3cfOq7q8BhLjA?view_as=subscriber\"]}]}<\/script>\n<meta property=\"product:brand\" content=\"TP LINK\" \/>\n<meta property=\"product:price:amount\" content=\"324\" \/>\n<meta property=\"product:price:currency\" content=\"MXN\" \/>\n<meta property=\"og:availability\" content=\"out of stock\" \/>\n<meta property=\"product:availability\" content=\"out of stock\" \/>\n<meta property=\"product:retailer_item_id\" content=\"TAPO L535E(2-PACK)\" \/>\n<meta property=\"product:condition\" content=\"new\" \/>\n<!-- \/ Yoast SEO plugin. -->","yoast_head_json":{"title":"[ Tp Link ] &#129351; Tapo L535e(2-pack) Foco Inteligente Tp-link Tapo L535e2-pack Rgb Multicolor Compatible Con Matter No Requiere Hub","description":"Compra Tapo L535e(2-pack) Foco Inteligente Tp-link Tapo L535e2-pack Rgb Multicolor Compatible Con Matter No Requiere Hub + Env\u00edo a domicilio + Pago seguro + Garant\u00eda","robots":{"index":"index","follow":"follow","max-snippet":"max-snippet:-1","max-image-preview":"max-image-preview:large","max-video-preview":"max-video-preview:-1"},"canonical":"https:\/\/compuviper.mx\/tienda\/producto\/tp-link-tapo-l535e2-pack-foco-inteligente-tp-link-tapo-l535e2-pack-rgb-multicolor-compatible-con-matter-no-requiere-hub\/","og_locale":"es_MX","og_type":"article","og_title":"[ Tp Link ] &#129351; Tapo L535e(2-pack) Foco Inteligente Tp-link Tapo L535e2-pack Rgb Multicolor Compatible Con Matter No Requiere Hub","og_description":"Compra Tapo L535e(2-pack) Foco Inteligente Tp-link Tapo L535e2-pack Rgb Multicolor Compatible Con Matter No Requiere Hub + Env\u00edo a domicilio + Pago seguro + Garant\u00eda","og_url":"https:\/\/compuviper.mx\/tienda\/producto\/tp-link-tapo-l535e2-pack-foco-inteligente-tp-link-tapo-l535e2-pack-rgb-multicolor-compatible-con-matter-no-requiere-hub\/","og_site_name":"Compuviper","article_publisher":"https:\/\/www.facebook.com\/compuviper","article_modified_time":"2026-04-16T08:02:03+00:00","og_image":[{"width":200,"height":200,"url":"https:\/\/compuviper.mx\/tienda\/wp-content\/uploads\/2025\/10\/Foco-inteligente-tp-link-tapo-l535e2-pack-rgb-multicolor-compatible-con-matter-no-requiere-hub.jpg","type":"image\/jpeg"}],"twitter_card":"summary_large_image","twitter_misc":{"Precio":"&#36;324 con IVA","Availability":"Out of stock"},"schema":{"@context":"https:\/\/schema.org","@graph":[{"@type":"WebPage","@id":"https:\/\/compuviper.mx\/tienda\/producto\/tp-link-tapo-l535e2-pack-foco-inteligente-tp-link-tapo-l535e2-pack-rgb-multicolor-compatible-con-matter-no-requiere-hub\/","url":"https:\/\/compuviper.mx\/tienda\/producto\/tp-link-tapo-l535e2-pack-foco-inteligente-tp-link-tapo-l535e2-pack-rgb-multicolor-compatible-con-matter-no-requiere-hub\/","name":"[ Tp Link ] &#129351; Tapo L535e(2-pack) Foco Inteligente Tp-link Tapo L535e2-pack Rgb Multicolor Compatible Con Matter No Requiere Hub","isPartOf":{"@id":"https:\/\/compuviper.mx\/tienda\/#website"},"datePublished":"2026-04-16T08:02:02+00:00","dateModified":"2026-04-16T08:02:03+00:00","description":"Compra Tapo L535e(2-pack) Foco Inteligente Tp-link Tapo L535e2-pack Rgb Multicolor Compatible Con Matter No Requiere Hub + Env\u00edo a domicilio + Pago seguro + Garant\u00eda","breadcrumb":{"@id":"https:\/\/compuviper.mx\/tienda\/producto\/tp-link-tapo-l535e2-pack-foco-inteligente-tp-link-tapo-l535e2-pack-rgb-multicolor-compatible-con-matter-no-requiere-hub\/#breadcrumb"},"inLanguage":"es-MX","potentialAction":[{"@type":"ReadAction","target":["https:\/\/compuviper.mx\/tienda\/producto\/tp-link-tapo-l535e2-pack-foco-inteligente-tp-link-tapo-l535e2-pack-rgb-multicolor-compatible-con-matter-no-requiere-hub\/"]}]},{"@type":"BreadcrumbList","@id":"https:\/\/compuviper.mx\/tienda\/producto\/tp-link-tapo-l535e2-pack-foco-inteligente-tp-link-tapo-l535e2-pack-rgb-multicolor-compatible-con-matter-no-requiere-hub\/#breadcrumb","itemListElement":[{"@type":"ListItem","position":1,"name":"Inicio","item":"https:\/\/compuviper.mx\/tienda\/"},{"@type":"ListItem","position":2,"name":"Productos","item":"https:\/\/compuviper.mx\/tienda\/productos\/"},{"@type":"ListItem","position":3,"name":"Smart Home","item":"https:\/\/compuviper.mx\/tienda\/categoria-producto\/smart-home\/"},{"@type":"ListItem","position":4,"name":"Foco Inteligente","item":"https:\/\/compuviper.mx\/tienda\/categoria-producto\/smart-home\/foco-inteligente\/"},{"@type":"ListItem","position":5,"name":"Tp Link Tapo L535e(2-pack) Foco Inteligente Tp-link Tapo L535e2-pack Rgb Multicolor Compatible Con Matter No Requiere Hub"}]},{"@type":"WebSite","@id":"https:\/\/compuviper.mx\/tienda\/#website","url":"https:\/\/compuviper.mx\/tienda\/","name":"Compuviper","description":"Proveedor de Computadoras, Laptops, Servidores, Monitores, Puntos de Venta, Teclados,   Impresoras, T\u00f3ner, C\u00e1maras de Seguridad y m\u00e1s en tu tienda en l\u00ednea","publisher":{"@id":"https:\/\/compuviper.mx\/tienda\/#organization"},"potentialAction":[{"@type":"SearchAction","target":{"@type":"EntryPoint","urlTemplate":"https:\/\/compuviper.mx\/tienda\/?s={search_term_string}"},"query-input":"required name=search_term_string"}],"inLanguage":"es-MX"},{"@type":"Organization","@id":"https:\/\/compuviper.mx\/tienda\/#organization","name":"Compuviper","url":"https:\/\/compuviper.mx\/tienda\/","logo":{"@type":"ImageObject","inLanguage":"es-MX","@id":"https:\/\/compuviper.mx\/tienda\/#\/schema\/logo\/image\/","url":"https:\/\/compuviper.mx\/tienda\/wp-content\/uploads\/2021\/08\/Logo-Compuviper-10.png","contentUrl":"https:\/\/compuviper.mx\/tienda\/wp-content\/uploads\/2021\/08\/Logo-Compuviper-10.png","width":1000,"height":500,"caption":"Compuviper"},"image":{"@id":"https:\/\/compuviper.mx\/tienda\/#\/schema\/logo\/image\/"},"sameAs":["https:\/\/www.facebook.com\/compuviper","https:\/\/www.youtube.com\/channel\/UCf73dERp9Y3cfOq7q8BhLjA?view_as=subscriber"]}]},"product_brand":"TP LINK","product_price_amount":"324","product_price_currency":"MXN","og_availability":"out of stock","product_availability":"out of stock","product_retailer_item_id":"TAPO L535E(2-PACK)","product_condition":"new"},"_links":{"self":[{"href":"https:\/\/compuviper.mx\/tienda\/wp-json\/wp\/v2\/product\/261664"}],"collection":[{"href":"https:\/\/compuviper.mx\/tienda\/wp-json\/wp\/v2\/product"}],"about":[{"href":"https:\/\/compuviper.mx\/tienda\/wp-json\/wp\/v2\/types\/product"}],"replies":[{"embeddable":true,"href":"https:\/\/compuviper.mx\/tienda\/wp-json\/wp\/v2\/comments?post=261664"}],"wp:featuredmedia":[{"embeddable":true,"href":"https:\/\/compuviper.mx\/tienda\/wp-json\/wp\/v2\/media\/261718"}],"wp:attachment":[{"href":"https:\/\/compuviper.mx\/tienda\/wp-json\/wp\/v2\/media?parent=261664"}],"wp:term":[{"taxonomy":"product_cat","embeddable":true,"href":"https:\/\/compuviper.mx\/tienda\/wp-json\/wp\/v2\/product_cat?post=261664"},{"taxonomy":"product_tag","embeddable":true,"href":"https:\/\/compuviper.mx\/tienda\/wp-json\/wp\/v2\/product_tag?post=261664"}],"curies":[{"name":"wp","href":"https:\/\/api.w.org\/{rel}","templated":true}]}}