{"id":261663,"date":"2026-04-22T01:49:13","date_gmt":"2026-04-22T07:49:13","guid":{"rendered":"https:\/\/compuviper.mx\/tienda\/producto\/tp-link-tapo-l535e-foco-inteligente-tp-link-rgb-multicolor-compatible-con-matter-no-requiere-hub\/"},"modified":"2026-04-22T01:49:13","modified_gmt":"2026-04-22T07:49:13","slug":"tp-link-tapo-l535e-foco-inteligente-tp-link-rgb-multicolor-compatible-con-matter-no-requiere-hub","status":"publish","type":"product","link":"https:\/\/compuviper.mx\/tienda\/producto\/tp-link-tapo-l535e-foco-inteligente-tp-link-rgb-multicolor-compatible-con-matter-no-requiere-hub\/","title":{"rendered":"Tp Link Tapo L535e Foco Inteligente Tp-link  Rgb Multicolor Compatible Con Matter No Requiere Hub"},"content":{"rendered":"<table class=\"descripcion\">\n<tr>\n<td>Especificaciones tecnicas<\/td>\n<\/tr>\n<tr>\n<td>Form factor a60, e27<\/td>\n<\/tr>\n<tr>\n<td>Brillo 1055 lumens<\/td>\n<\/tr>\n<tr>\n<td>Color temperature range 2500-6500 k<\/td>\n<\/tr>\n<tr>\n<td>Color changing s\u00ed (solo a trav\u00e9s de la aplicacion y la nube)<\/td>\n<\/tr>\n<tr>\n<td>Regulable si (solo a traves de la aplicacion y la nube)<\/td>\n<\/tr>\n<tr>\n<td>Light beam angle 220<\/td>\n<\/tr>\n<tr>\n<td>Color rendering index  and #8805; 80<\/td>\n<\/tr>\n<tr>\n<td>Warm-up time to 95%  and #8804;1 s<\/td>\n<\/tr>\n<tr>\n<td>Sdcm  and #8804; 6<\/td>\n<\/tr>\n<tr>\n<td>Switching cycles 15000<\/td>\n<\/tr>\n<tr>\n<td>Lifetime 25.000 hrs<\/td>\n<\/tr>\n<tr>\n<td>Input voltage 220 -240 v~, 50\/60 hz<\/td>\n<\/tr>\n<tr>\n<td>Consumo de energ\u00eda ponderado 9 kwh\/1000 h<\/td>\n<\/tr>\n<tr>\n<td>Power consumption 8,6 w<\/td>\n<\/tr>\n<tr>\n<td>Standby power consumption 0,4 w<\/td>\n<\/tr>\n<tr>\n<td>Equivalent incandescent lamp power 75 w<\/td>\n<\/tr>\n<tr>\n<td>Energy class e<\/td>\n<\/tr>\n<tr>\n<td>Physical<\/td>\n<\/tr>\n<tr>\n<td>Package contents \u0095 bombilla inteligente tapo<\/td>\n<\/tr>\n<tr>\n<td>\u0095 gu\u00eda de inicio rapido<\/td>\n<\/tr>\n<tr>\n<td>Dimensions 115 \u00d7 60 mm<\/td>\n<\/tr>\n<tr>\n<td>Otros<\/td>\n<\/tr>\n<tr>\n<td>Certificaciones ce, erp, rohs, saa, rcm<\/td>\n<\/tr>\n<tr>\n<td>Ambiente<\/td>\n<\/tr>\n<tr>\n<td>\u0095 temperatura de funcionamiento: -15 \u00bac~40 \u00bac<\/td>\n<\/tr>\n<tr>\n<td>\u0095 humedad de funcionamiento: 10%~90% hr, sin condensacion<\/td>\n<\/tr>\n<tr>\n<td>Works with google home s\u00ed<\/td>\n<\/tr>\n<tr>\n<td>Works with amazon alexa s\u00ed<\/td>\n<\/tr>\n<tr>\n<td>Compatible with matter s\u00ed<\/td>\n<\/tr>\n<tr>\n<td>Wifi encryption wpa-psk\/wpa2-psk\/wpa3-sae<\/td>\n<\/tr>\n<tr>\n<td>Wireless connectivity ieee 802.11b\/g\/n, 2,4 ghz wi-fi; bluetooth (solo para configuracion)<\/td>\n<\/tr>\n<\/table>\n","protected":false},"excerpt":{"rendered":"<p>Tapo l535e. Bombilla led inteligente rgb multicolor. \u0095intensidad regulable de 1055 lumenes. Equivalente a una bombilla de 75w tradicional, ilumina cualquier estancia. Con intensidad regulable a tu gusto del 1% al 100%. \u0095luz led multicolor. Elige entre los 16 millones de colores para crear el ambiente ideal en cada momento. \u0095 compatible con matter. Gracias a la compatibilidad con matter, tapo l535e puede funcionar sin problemas con otros productos certificados de otras plataformas. \u0095 horario y temporizador. Puedes establecer diferentes horarios para encender, apagar o cambiar el color e intensidad de la luz automaticamente. \u0095 control por voz. Controla la iluminacion inteligente con comandos de voz a traves de alexa, siri o google assistant. \u0095 control remoto y modo ausente. Enciende y apaga al instante los dispositivos conectados estes donde estes a trav\u00e9s de la app tapo. Activa el modo ausente para simular que hay alguien en casa. \u0095 control de consumo energetico. Controla en tiempo real el consumo de energia a traves de la app tapo. \u0095 no requiere hub. Conecta directamente a la red wi-fi de casa, sin necesidad de hub ni equipos adicionales.<\/p>\n","protected":false},"featured_media":261717,"comment_status":"open","ping_status":"open","template":"","meta":[],"product_cat":[1811,1813],"product_tag":[1562],"acf":[],"yoast_head":"<!-- This site is optimized with the Yoast SEO plugin v21.7 - https:\/\/yoast.com\/wordpress\/plugins\/seo\/ -->\n<title>[ Tp Link ] &#129351; Tapo L535e Foco Inteligente Tp-link Rgb Multicolor Compatible Con Matter No Requiere Hub<\/title>\n<meta name=\"description\" content=\"Compra Tapo L535e Foco Inteligente Tp-link Rgb Multicolor Compatible Con Matter No Requiere Hub + Env\u00edo a domicilio + Pago seguro + Garant\u00eda\" \/>\n<meta name=\"robots\" content=\"index, follow, max-snippet:-1, max-image-preview:large, max-video-preview:-1\" \/>\n<link rel=\"canonical\" href=\"https:\/\/compuviper.mx\/tienda\/producto\/tp-link-tapo-l535e-foco-inteligente-tp-link-rgb-multicolor-compatible-con-matter-no-requiere-hub\/\" \/>\n<meta property=\"og:locale\" content=\"es_MX\" \/>\n<meta property=\"og:type\" content=\"article\" \/>\n<meta property=\"og:title\" content=\"[ Tp Link ] &#129351; Tapo L535e Foco Inteligente Tp-link Rgb Multicolor Compatible Con Matter No Requiere Hub\" \/>\n<meta property=\"og:description\" content=\"Compra Tapo L535e Foco Inteligente Tp-link Rgb Multicolor Compatible Con Matter No Requiere Hub + Env\u00edo a domicilio + Pago seguro + Garant\u00eda\" \/>\n<meta property=\"og:url\" content=\"https:\/\/compuviper.mx\/tienda\/producto\/tp-link-tapo-l535e-foco-inteligente-tp-link-rgb-multicolor-compatible-con-matter-no-requiere-hub\/\" \/>\n<meta property=\"og:site_name\" content=\"Compuviper\" \/>\n<meta property=\"article:publisher\" content=\"https:\/\/www.facebook.com\/compuviper\" \/>\n<meta property=\"og:image\" content=\"https:\/\/compuviper.mx\/tienda\/wp-content\/uploads\/2025\/10\/Foco-inteligente-tp-link-tapo-l535e-rgb-multicolor-compatible-con-matter-no-requiere-hub.jpg\" \/>\n\t<meta property=\"og:image:width\" content=\"200\" \/>\n\t<meta property=\"og:image:height\" content=\"200\" \/>\n\t<meta property=\"og:image:type\" content=\"image\/jpeg\" \/>\n<meta name=\"twitter:card\" content=\"summary_large_image\" \/>\n<meta name=\"twitter:label1\" content=\"Precio\" \/>\n\t<meta name=\"twitter:data1\" content=\"&#36;163 con IVA\" \/>\n\t<meta name=\"twitter:label2\" content=\"Availability\" \/>\n\t<meta name=\"twitter:data2\" content=\"Out of stock\" \/>\n<script type=\"application\/ld+json\" class=\"yoast-schema-graph\">{\"@context\":\"https:\/\/schema.org\",\"@graph\":[{\"@type\":\"WebPage\",\"@id\":\"https:\/\/compuviper.mx\/tienda\/producto\/tp-link-tapo-l535e-foco-inteligente-tp-link-rgb-multicolor-compatible-con-matter-no-requiere-hub\/\",\"url\":\"https:\/\/compuviper.mx\/tienda\/producto\/tp-link-tapo-l535e-foco-inteligente-tp-link-rgb-multicolor-compatible-con-matter-no-requiere-hub\/\",\"name\":\"[ Tp Link ] &#129351; Tapo L535e Foco Inteligente Tp-link Rgb Multicolor Compatible Con Matter No Requiere Hub\",\"isPartOf\":{\"@id\":\"https:\/\/compuviper.mx\/tienda\/#website\"},\"datePublished\":\"2026-04-22T07:49:13+00:00\",\"dateModified\":\"2026-04-22T07:49:13+00:00\",\"description\":\"Compra Tapo L535e Foco Inteligente Tp-link Rgb Multicolor Compatible Con Matter No Requiere Hub + Env\u00edo a domicilio + Pago seguro + Garant\u00eda\",\"breadcrumb\":{\"@id\":\"https:\/\/compuviper.mx\/tienda\/producto\/tp-link-tapo-l535e-foco-inteligente-tp-link-rgb-multicolor-compatible-con-matter-no-requiere-hub\/#breadcrumb\"},\"inLanguage\":\"es-MX\",\"potentialAction\":[{\"@type\":\"ReadAction\",\"target\":[\"https:\/\/compuviper.mx\/tienda\/producto\/tp-link-tapo-l535e-foco-inteligente-tp-link-rgb-multicolor-compatible-con-matter-no-requiere-hub\/\"]}]},{\"@type\":\"BreadcrumbList\",\"@id\":\"https:\/\/compuviper.mx\/tienda\/producto\/tp-link-tapo-l535e-foco-inteligente-tp-link-rgb-multicolor-compatible-con-matter-no-requiere-hub\/#breadcrumb\",\"itemListElement\":[{\"@type\":\"ListItem\",\"position\":1,\"name\":\"Inicio\",\"item\":\"https:\/\/compuviper.mx\/tienda\/\"},{\"@type\":\"ListItem\",\"position\":2,\"name\":\"Productos\",\"item\":\"https:\/\/compuviper.mx\/tienda\/productos\/\"},{\"@type\":\"ListItem\",\"position\":3,\"name\":\"Smart Home\",\"item\":\"https:\/\/compuviper.mx\/tienda\/categoria-producto\/smart-home\/\"},{\"@type\":\"ListItem\",\"position\":4,\"name\":\"Foco Inteligente\",\"item\":\"https:\/\/compuviper.mx\/tienda\/categoria-producto\/smart-home\/foco-inteligente\/\"},{\"@type\":\"ListItem\",\"position\":5,\"name\":\"Tp Link Tapo L535e Foco Inteligente Tp-link Rgb Multicolor Compatible Con Matter No Requiere Hub\"}]},{\"@type\":\"WebSite\",\"@id\":\"https:\/\/compuviper.mx\/tienda\/#website\",\"url\":\"https:\/\/compuviper.mx\/tienda\/\",\"name\":\"Compuviper\",\"description\":\"Proveedor de Computadoras, Laptops, Servidores, Monitores, Puntos de Venta, Teclados,   Impresoras, T\u00f3ner, C\u00e1maras de Seguridad y m\u00e1s en tu tienda en l\u00ednea\",\"publisher\":{\"@id\":\"https:\/\/compuviper.mx\/tienda\/#organization\"},\"potentialAction\":[{\"@type\":\"SearchAction\",\"target\":{\"@type\":\"EntryPoint\",\"urlTemplate\":\"https:\/\/compuviper.mx\/tienda\/?s={search_term_string}\"},\"query-input\":\"required name=search_term_string\"}],\"inLanguage\":\"es-MX\"},{\"@type\":\"Organization\",\"@id\":\"https:\/\/compuviper.mx\/tienda\/#organization\",\"name\":\"Compuviper\",\"url\":\"https:\/\/compuviper.mx\/tienda\/\",\"logo\":{\"@type\":\"ImageObject\",\"inLanguage\":\"es-MX\",\"@id\":\"https:\/\/compuviper.mx\/tienda\/#\/schema\/logo\/image\/\",\"url\":\"https:\/\/compuviper.mx\/tienda\/wp-content\/uploads\/2021\/08\/Logo-Compuviper-10.png\",\"contentUrl\":\"https:\/\/compuviper.mx\/tienda\/wp-content\/uploads\/2021\/08\/Logo-Compuviper-10.png\",\"width\":1000,\"height\":500,\"caption\":\"Compuviper\"},\"image\":{\"@id\":\"https:\/\/compuviper.mx\/tienda\/#\/schema\/logo\/image\/\"},\"sameAs\":[\"https:\/\/www.facebook.com\/compuviper\",\"https:\/\/www.youtube.com\/channel\/UCf73dERp9Y3cfOq7q8BhLjA?view_as=subscriber\"]}]}<\/script>\n<meta property=\"product:brand\" content=\"TP LINK\" \/>\n<meta property=\"product:price:amount\" content=\"163\" \/>\n<meta property=\"product:price:currency\" content=\"MXN\" \/>\n<meta property=\"og:availability\" content=\"out of stock\" \/>\n<meta property=\"product:availability\" content=\"out of stock\" \/>\n<meta property=\"product:retailer_item_id\" content=\"TAPO L535E\" \/>\n<meta property=\"product:condition\" content=\"new\" \/>\n<!-- \/ Yoast SEO plugin. -->","yoast_head_json":{"title":"[ Tp Link ] &#129351; Tapo L535e Foco Inteligente Tp-link Rgb Multicolor Compatible Con Matter No Requiere Hub","description":"Compra Tapo L535e Foco Inteligente Tp-link Rgb Multicolor Compatible Con Matter No Requiere Hub + Env\u00edo a domicilio + Pago seguro + Garant\u00eda","robots":{"index":"index","follow":"follow","max-snippet":"max-snippet:-1","max-image-preview":"max-image-preview:large","max-video-preview":"max-video-preview:-1"},"canonical":"https:\/\/compuviper.mx\/tienda\/producto\/tp-link-tapo-l535e-foco-inteligente-tp-link-rgb-multicolor-compatible-con-matter-no-requiere-hub\/","og_locale":"es_MX","og_type":"article","og_title":"[ Tp Link ] &#129351; Tapo L535e Foco Inteligente Tp-link Rgb Multicolor Compatible Con Matter No Requiere Hub","og_description":"Compra Tapo L535e Foco Inteligente Tp-link Rgb Multicolor Compatible Con Matter No Requiere Hub + Env\u00edo a domicilio + Pago seguro + Garant\u00eda","og_url":"https:\/\/compuviper.mx\/tienda\/producto\/tp-link-tapo-l535e-foco-inteligente-tp-link-rgb-multicolor-compatible-con-matter-no-requiere-hub\/","og_site_name":"Compuviper","article_publisher":"https:\/\/www.facebook.com\/compuviper","og_image":[{"width":200,"height":200,"url":"https:\/\/compuviper.mx\/tienda\/wp-content\/uploads\/2025\/10\/Foco-inteligente-tp-link-tapo-l535e-rgb-multicolor-compatible-con-matter-no-requiere-hub.jpg","type":"image\/jpeg"}],"twitter_card":"summary_large_image","twitter_misc":{"Precio":"&#36;163 con IVA","Availability":"Out of stock"},"schema":{"@context":"https:\/\/schema.org","@graph":[{"@type":"WebPage","@id":"https:\/\/compuviper.mx\/tienda\/producto\/tp-link-tapo-l535e-foco-inteligente-tp-link-rgb-multicolor-compatible-con-matter-no-requiere-hub\/","url":"https:\/\/compuviper.mx\/tienda\/producto\/tp-link-tapo-l535e-foco-inteligente-tp-link-rgb-multicolor-compatible-con-matter-no-requiere-hub\/","name":"[ Tp Link ] &#129351; Tapo L535e Foco Inteligente Tp-link Rgb Multicolor Compatible Con Matter No Requiere Hub","isPartOf":{"@id":"https:\/\/compuviper.mx\/tienda\/#website"},"datePublished":"2026-04-22T07:49:13+00:00","dateModified":"2026-04-22T07:49:13+00:00","description":"Compra Tapo L535e Foco Inteligente Tp-link Rgb Multicolor Compatible Con Matter No Requiere Hub + Env\u00edo a domicilio + Pago seguro + Garant\u00eda","breadcrumb":{"@id":"https:\/\/compuviper.mx\/tienda\/producto\/tp-link-tapo-l535e-foco-inteligente-tp-link-rgb-multicolor-compatible-con-matter-no-requiere-hub\/#breadcrumb"},"inLanguage":"es-MX","potentialAction":[{"@type":"ReadAction","target":["https:\/\/compuviper.mx\/tienda\/producto\/tp-link-tapo-l535e-foco-inteligente-tp-link-rgb-multicolor-compatible-con-matter-no-requiere-hub\/"]}]},{"@type":"BreadcrumbList","@id":"https:\/\/compuviper.mx\/tienda\/producto\/tp-link-tapo-l535e-foco-inteligente-tp-link-rgb-multicolor-compatible-con-matter-no-requiere-hub\/#breadcrumb","itemListElement":[{"@type":"ListItem","position":1,"name":"Inicio","item":"https:\/\/compuviper.mx\/tienda\/"},{"@type":"ListItem","position":2,"name":"Productos","item":"https:\/\/compuviper.mx\/tienda\/productos\/"},{"@type":"ListItem","position":3,"name":"Smart Home","item":"https:\/\/compuviper.mx\/tienda\/categoria-producto\/smart-home\/"},{"@type":"ListItem","position":4,"name":"Foco Inteligente","item":"https:\/\/compuviper.mx\/tienda\/categoria-producto\/smart-home\/foco-inteligente\/"},{"@type":"ListItem","position":5,"name":"Tp Link Tapo L535e Foco Inteligente Tp-link Rgb Multicolor Compatible Con Matter No Requiere Hub"}]},{"@type":"WebSite","@id":"https:\/\/compuviper.mx\/tienda\/#website","url":"https:\/\/compuviper.mx\/tienda\/","name":"Compuviper","description":"Proveedor de Computadoras, Laptops, Servidores, Monitores, Puntos de Venta, Teclados,   Impresoras, T\u00f3ner, C\u00e1maras de Seguridad y m\u00e1s en tu tienda en l\u00ednea","publisher":{"@id":"https:\/\/compuviper.mx\/tienda\/#organization"},"potentialAction":[{"@type":"SearchAction","target":{"@type":"EntryPoint","urlTemplate":"https:\/\/compuviper.mx\/tienda\/?s={search_term_string}"},"query-input":"required name=search_term_string"}],"inLanguage":"es-MX"},{"@type":"Organization","@id":"https:\/\/compuviper.mx\/tienda\/#organization","name":"Compuviper","url":"https:\/\/compuviper.mx\/tienda\/","logo":{"@type":"ImageObject","inLanguage":"es-MX","@id":"https:\/\/compuviper.mx\/tienda\/#\/schema\/logo\/image\/","url":"https:\/\/compuviper.mx\/tienda\/wp-content\/uploads\/2021\/08\/Logo-Compuviper-10.png","contentUrl":"https:\/\/compuviper.mx\/tienda\/wp-content\/uploads\/2021\/08\/Logo-Compuviper-10.png","width":1000,"height":500,"caption":"Compuviper"},"image":{"@id":"https:\/\/compuviper.mx\/tienda\/#\/schema\/logo\/image\/"},"sameAs":["https:\/\/www.facebook.com\/compuviper","https:\/\/www.youtube.com\/channel\/UCf73dERp9Y3cfOq7q8BhLjA?view_as=subscriber"]}]},"product_brand":"TP LINK","product_price_amount":"163","product_price_currency":"MXN","og_availability":"out of stock","product_availability":"out of stock","product_retailer_item_id":"TAPO L535E","product_condition":"new"},"_links":{"self":[{"href":"https:\/\/compuviper.mx\/tienda\/wp-json\/wp\/v2\/product\/261663"}],"collection":[{"href":"https:\/\/compuviper.mx\/tienda\/wp-json\/wp\/v2\/product"}],"about":[{"href":"https:\/\/compuviper.mx\/tienda\/wp-json\/wp\/v2\/types\/product"}],"replies":[{"embeddable":true,"href":"https:\/\/compuviper.mx\/tienda\/wp-json\/wp\/v2\/comments?post=261663"}],"wp:featuredmedia":[{"embeddable":true,"href":"https:\/\/compuviper.mx\/tienda\/wp-json\/wp\/v2\/media\/261717"}],"wp:attachment":[{"href":"https:\/\/compuviper.mx\/tienda\/wp-json\/wp\/v2\/media?parent=261663"}],"wp:term":[{"taxonomy":"product_cat","embeddable":true,"href":"https:\/\/compuviper.mx\/tienda\/wp-json\/wp\/v2\/product_cat?post=261663"},{"taxonomy":"product_tag","embeddable":true,"href":"https:\/\/compuviper.mx\/tienda\/wp-json\/wp\/v2\/product_tag?post=261663"}],"curies":[{"name":"wp","href":"https:\/\/api.w.org\/{rel}","templated":true}]}}