{"id":261616,"date":"2026-04-29T01:15:46","date_gmt":"2026-04-29T07:15:46","guid":{"rendered":"https:\/\/compuviper.mx\/tienda\/producto\/vorago-csg503-rzn-8500g-tr-1-computadora-csg503-ryzen-5-8500g-16gb-512gb-m-2-nodvd-600w-win-trial\/"},"modified":"2026-04-29T01:15:47","modified_gmt":"2026-04-29T07:15:47","slug":"vorago-csg503-rzn-8500g-tr-1-computadora-csg503-ryzen-5-8500g-16gb-512gb-m-2-nodvd-600w-win-trial","status":"publish","type":"product","link":"https:\/\/compuviper.mx\/tienda\/producto\/vorago-csg503-rzn-8500g-tr-1-computadora-csg503-ryzen-5-8500g-16gb-512gb-m-2-nodvd-600w-win-trial\/","title":{"rendered":"Vorago Csg503 Rzn 8500g-tr-1 Computadora  Csg503 Ryzen 5 8500g 16gb 512gb M.2 Nodvd 600w Win Trial"},"content":{"rendered":"<table class=\"descripcion\">\n<tr>\n<td>Gabinete: csg503<\/td>\n<\/tr>\n<tr>\n<td>Articulo: computadora de escritorio<\/td>\n<\/tr>\n<tr>\n<td>Voltaje: 100 v &#8211; 240 v ca , 18a- 2.5a<\/td>\n<\/tr>\n<tr>\n<td>Frecuencia: 50 &#8211; 60 hz<\/td>\n<\/tr>\n<tr>\n<td>Potencia: 600w<\/td>\n<\/tr>\n<tr>\n<td>Procesador: ryzen 5 8500g<\/td>\n<\/tr>\n<tr>\n<td>Frecuencia base: 3.2 ghz &#8211; 5 ghz<\/td>\n<\/tr>\n<tr>\n<td>Nucleos: 6<\/td>\n<\/tr>\n<tr>\n<td>Cache: 6 mb<\/td>\n<\/tr>\n<tr>\n<td>Chipset: amd a620<\/td>\n<\/tr>\n<tr>\n<td>Graficos integrados: amd radeon\u0099 740m<\/td>\n<\/tr>\n<tr>\n<td>Ram incluida: 16gb ddr5 4800<\/td>\n<\/tr>\n<tr>\n<td>Ram maxima: 96gb en 2 dimm<\/td>\n<\/tr>\n<tr>\n<td>Almacenamiento: 512gb, m.2<\/td>\n<\/tr>\n<tr>\n<td>Red: 1 x realtek 1gb ethernet<\/td>\n<\/tr>\n<tr>\n<td>Usb: frontales usb 2.0 x 2, usb 3.0&#215;1, posteriores 4 x usb 3.2<\/td>\n<\/tr>\n<tr>\n<td>Gen 1, 2 x usb 2.0<\/td>\n<\/tr>\n<tr>\n<td>Audio: frontal salida de audio, microfono, posterior realtek 7.1<\/td>\n<\/tr>\n<tr>\n<td>Surround sound high definition audio codec*<\/td>\n<\/tr>\n<tr>\n<td>Salida de video: 1 x hdmi, 1 x vga<\/td>\n<\/tr>\n<tr>\n<td>Ranuras de expansion:1 x pci express x16, 1 x pci express x1<\/td>\n<\/tr>\n<tr>\n<td>Bahias: 5 \u00bc\u0094 x no aplica, 3 \u00bd\u0094 x 2 internas<\/td>\n<\/tr>\n<tr>\n<td>Puertos dd: 1 x m.2, 4 x sata<\/td>\n<\/tr>\n<tr>\n<td>Dimensiones: 38.0 x 20 x 45 cm, micro atx<\/td>\n<\/tr>\n<tr>\n<td>Perifericos: no incluidos<\/td>\n<\/tr>\n<tr>\n<td>Sistema operativo: windows trial<\/td>\n<\/tr>\n<tr>\n<td>Software adicional: no incluido<\/td>\n<\/tr>\n<tr>\n<td>Observaciones: garantia 3 a\u00f1os. algunos modelos y\/o caracteristicas<\/td>\n<\/tr>\n<tr>\n<td>De los componentes aqui mencionados podrian ser<\/td>\n<\/tr>\n<tr>\n<td>Susceptibles de variacion sin previo aviso. fotografias<\/td>\n<\/tr>\n<tr>\n<td>Con fines ilustrativos unicamente y sus contenidos<\/td>\n<\/tr>\n<tr>\n<td>Pueden variar. ensamblado en mexico<\/td>\n<\/tr>\n<\/table>\n","protected":false},"excerpt":{"rendered":"<p>Con el poder del ryzen 5 8500g, disfruta tus juegos favoritos en full hd sin necesidad de gr\u00e1fica dedicada. *desempe\u00f1o, estilo y velocidad en un solo equipo. *ideal para gamers, streamers y estudiantes tech. Perfecto para.  And #9989; valorant \u0095 gta v \u0095 league of legends \u0095 fortnite \u0095 cs 2. No esperes m\u00e1s, \u00a1entra al juego hoy!<\/p>\n","protected":false},"featured_media":0,"comment_status":"open","ping_status":"open","template":"","meta":[],"product_cat":[1971,1972],"product_tag":[2294],"acf":[],"yoast_head":"<!-- This site is optimized with the Yoast SEO plugin v21.7 - https:\/\/yoast.com\/wordpress\/plugins\/seo\/ -->\n<title>[ Vorago ] &#129351; Csg503 Rzn 8500g-tr-1 Computadora Csg503 Ryzen 5 8500g 16gb 512gb M.2 Nodvd 600w Win Trial<\/title>\n<meta name=\"description\" content=\"Compra Csg503 Rzn 8500g-tr-1 Computadora Csg503 Ryzen 5 8500g 16gb 512gb M.2 Nodvd 600w Win Trial + Env\u00edo a domicilio + Pago seguro + Garant\u00eda\" \/>\n<meta name=\"robots\" content=\"index, follow, max-snippet:-1, max-image-preview:large, max-video-preview:-1\" \/>\n<link rel=\"canonical\" href=\"https:\/\/compuviper.mx\/tienda\/producto\/vorago-csg503-rzn-8500g-tr-1-computadora-csg503-ryzen-5-8500g-16gb-512gb-m-2-nodvd-600w-win-trial\/\" \/>\n<meta property=\"og:locale\" content=\"es_MX\" \/>\n<meta property=\"og:type\" content=\"article\" \/>\n<meta property=\"og:title\" content=\"[ Vorago ] &#129351; Csg503 Rzn 8500g-tr-1 Computadora Csg503 Ryzen 5 8500g 16gb 512gb M.2 Nodvd 600w Win Trial\" \/>\n<meta property=\"og:description\" content=\"Compra Csg503 Rzn 8500g-tr-1 Computadora Csg503 Ryzen 5 8500g 16gb 512gb M.2 Nodvd 600w Win Trial + Env\u00edo a domicilio + Pago seguro + Garant\u00eda\" \/>\n<meta property=\"og:url\" content=\"https:\/\/compuviper.mx\/tienda\/producto\/vorago-csg503-rzn-8500g-tr-1-computadora-csg503-ryzen-5-8500g-16gb-512gb-m-2-nodvd-600w-win-trial\/\" \/>\n<meta property=\"og:site_name\" content=\"Compuviper\" \/>\n<meta property=\"article:publisher\" content=\"https:\/\/www.facebook.com\/compuviper\" \/>\n<meta property=\"article:modified_time\" content=\"2026-04-29T07:15:47+00:00\" \/>\n<meta name=\"twitter:card\" content=\"summary_large_image\" \/>\n<meta name=\"twitter:label1\" content=\"Precio\" \/>\n\t<meta name=\"twitter:data1\" content=\"&#36;10,660 con IVA\" \/>\n\t<meta name=\"twitter:label2\" content=\"Availability\" \/>\n\t<meta name=\"twitter:data2\" content=\"In stock\" \/>\n<script type=\"application\/ld+json\" class=\"yoast-schema-graph\">{\"@context\":\"https:\/\/schema.org\",\"@graph\":[{\"@type\":\"WebPage\",\"@id\":\"https:\/\/compuviper.mx\/tienda\/producto\/vorago-csg503-rzn-8500g-tr-1-computadora-csg503-ryzen-5-8500g-16gb-512gb-m-2-nodvd-600w-win-trial\/\",\"url\":\"https:\/\/compuviper.mx\/tienda\/producto\/vorago-csg503-rzn-8500g-tr-1-computadora-csg503-ryzen-5-8500g-16gb-512gb-m-2-nodvd-600w-win-trial\/\",\"name\":\"[ Vorago ] &#129351; Csg503 Rzn 8500g-tr-1 Computadora Csg503 Ryzen 5 8500g 16gb 512gb M.2 Nodvd 600w Win Trial\",\"isPartOf\":{\"@id\":\"https:\/\/compuviper.mx\/tienda\/#website\"},\"datePublished\":\"2026-04-29T07:15:46+00:00\",\"dateModified\":\"2026-04-29T07:15:47+00:00\",\"description\":\"Compra Csg503 Rzn 8500g-tr-1 Computadora Csg503 Ryzen 5 8500g 16gb 512gb M.2 Nodvd 600w Win Trial + Env\u00edo a domicilio + Pago seguro + Garant\u00eda\",\"breadcrumb\":{\"@id\":\"https:\/\/compuviper.mx\/tienda\/producto\/vorago-csg503-rzn-8500g-tr-1-computadora-csg503-ryzen-5-8500g-16gb-512gb-m-2-nodvd-600w-win-trial\/#breadcrumb\"},\"inLanguage\":\"es-MX\",\"potentialAction\":[{\"@type\":\"ReadAction\",\"target\":[\"https:\/\/compuviper.mx\/tienda\/producto\/vorago-csg503-rzn-8500g-tr-1-computadora-csg503-ryzen-5-8500g-16gb-512gb-m-2-nodvd-600w-win-trial\/\"]}]},{\"@type\":\"BreadcrumbList\",\"@id\":\"https:\/\/compuviper.mx\/tienda\/producto\/vorago-csg503-rzn-8500g-tr-1-computadora-csg503-ryzen-5-8500g-16gb-512gb-m-2-nodvd-600w-win-trial\/#breadcrumb\",\"itemListElement\":[{\"@type\":\"ListItem\",\"position\":1,\"name\":\"Inicio\",\"item\":\"https:\/\/compuviper.mx\/tienda\/\"},{\"@type\":\"ListItem\",\"position\":2,\"name\":\"Productos\",\"item\":\"https:\/\/compuviper.mx\/tienda\/productos\/\"},{\"@type\":\"ListItem\",\"position\":3,\"name\":\"Computadoras\",\"item\":\"https:\/\/compuviper.mx\/tienda\/categoria-producto\/computadoras\/\"},{\"@type\":\"ListItem\",\"position\":4,\"name\":\"Desktop\",\"item\":\"https:\/\/compuviper.mx\/tienda\/categoria-producto\/computadoras\/desktop-computadoras\/\"},{\"@type\":\"ListItem\",\"position\":5,\"name\":\"Vorago Csg503 Rzn 8500g-tr-1 Computadora Csg503 Ryzen 5 8500g 16gb 512gb M.2 Nodvd 600w Win Trial\"}]},{\"@type\":\"WebSite\",\"@id\":\"https:\/\/compuviper.mx\/tienda\/#website\",\"url\":\"https:\/\/compuviper.mx\/tienda\/\",\"name\":\"Compuviper\",\"description\":\"Proveedor de Computadoras, Laptops, Servidores, Monitores, Puntos de Venta, Teclados,   Impresoras, T\u00f3ner, C\u00e1maras de Seguridad y m\u00e1s en tu tienda en l\u00ednea\",\"publisher\":{\"@id\":\"https:\/\/compuviper.mx\/tienda\/#organization\"},\"potentialAction\":[{\"@type\":\"SearchAction\",\"target\":{\"@type\":\"EntryPoint\",\"urlTemplate\":\"https:\/\/compuviper.mx\/tienda\/?s={search_term_string}\"},\"query-input\":\"required name=search_term_string\"}],\"inLanguage\":\"es-MX\"},{\"@type\":\"Organization\",\"@id\":\"https:\/\/compuviper.mx\/tienda\/#organization\",\"name\":\"Compuviper\",\"url\":\"https:\/\/compuviper.mx\/tienda\/\",\"logo\":{\"@type\":\"ImageObject\",\"inLanguage\":\"es-MX\",\"@id\":\"https:\/\/compuviper.mx\/tienda\/#\/schema\/logo\/image\/\",\"url\":\"https:\/\/compuviper.mx\/tienda\/wp-content\/uploads\/2021\/08\/Logo-Compuviper-10.png\",\"contentUrl\":\"https:\/\/compuviper.mx\/tienda\/wp-content\/uploads\/2021\/08\/Logo-Compuviper-10.png\",\"width\":1000,\"height\":500,\"caption\":\"Compuviper\"},\"image\":{\"@id\":\"https:\/\/compuviper.mx\/tienda\/#\/schema\/logo\/image\/\"},\"sameAs\":[\"https:\/\/www.facebook.com\/compuviper\",\"https:\/\/www.youtube.com\/channel\/UCf73dERp9Y3cfOq7q8BhLjA?view_as=subscriber\"]}]}<\/script>\n<meta property=\"product:brand\" content=\"Vorago\" \/>\n<meta property=\"product:price:amount\" content=\"10660\" \/>\n<meta property=\"product:price:currency\" content=\"MXN\" \/>\n<meta property=\"og:availability\" content=\"instock\" \/>\n<meta property=\"product:availability\" content=\"instock\" \/>\n<meta property=\"product:retailer_item_id\" content=\"CSG503 RZN 8500G-TR-1\" \/>\n<meta property=\"product:condition\" content=\"new\" \/>\n<!-- \/ Yoast SEO plugin. -->","yoast_head_json":{"title":"[ Vorago ] &#129351; Csg503 Rzn 8500g-tr-1 Computadora Csg503 Ryzen 5 8500g 16gb 512gb M.2 Nodvd 600w Win Trial","description":"Compra Csg503 Rzn 8500g-tr-1 Computadora Csg503 Ryzen 5 8500g 16gb 512gb M.2 Nodvd 600w Win Trial + Env\u00edo a domicilio + Pago seguro + Garant\u00eda","robots":{"index":"index","follow":"follow","max-snippet":"max-snippet:-1","max-image-preview":"max-image-preview:large","max-video-preview":"max-video-preview:-1"},"canonical":"https:\/\/compuviper.mx\/tienda\/producto\/vorago-csg503-rzn-8500g-tr-1-computadora-csg503-ryzen-5-8500g-16gb-512gb-m-2-nodvd-600w-win-trial\/","og_locale":"es_MX","og_type":"article","og_title":"[ Vorago ] &#129351; Csg503 Rzn 8500g-tr-1 Computadora Csg503 Ryzen 5 8500g 16gb 512gb M.2 Nodvd 600w Win Trial","og_description":"Compra Csg503 Rzn 8500g-tr-1 Computadora Csg503 Ryzen 5 8500g 16gb 512gb M.2 Nodvd 600w Win Trial + Env\u00edo a domicilio + Pago seguro + Garant\u00eda","og_url":"https:\/\/compuviper.mx\/tienda\/producto\/vorago-csg503-rzn-8500g-tr-1-computadora-csg503-ryzen-5-8500g-16gb-512gb-m-2-nodvd-600w-win-trial\/","og_site_name":"Compuviper","article_publisher":"https:\/\/www.facebook.com\/compuviper","article_modified_time":"2026-04-29T07:15:47+00:00","twitter_card":"summary_large_image","twitter_misc":{"Precio":"&#36;10,660 con IVA","Availability":"In stock"},"schema":{"@context":"https:\/\/schema.org","@graph":[{"@type":"WebPage","@id":"https:\/\/compuviper.mx\/tienda\/producto\/vorago-csg503-rzn-8500g-tr-1-computadora-csg503-ryzen-5-8500g-16gb-512gb-m-2-nodvd-600w-win-trial\/","url":"https:\/\/compuviper.mx\/tienda\/producto\/vorago-csg503-rzn-8500g-tr-1-computadora-csg503-ryzen-5-8500g-16gb-512gb-m-2-nodvd-600w-win-trial\/","name":"[ Vorago ] &#129351; Csg503 Rzn 8500g-tr-1 Computadora Csg503 Ryzen 5 8500g 16gb 512gb M.2 Nodvd 600w Win Trial","isPartOf":{"@id":"https:\/\/compuviper.mx\/tienda\/#website"},"datePublished":"2026-04-29T07:15:46+00:00","dateModified":"2026-04-29T07:15:47+00:00","description":"Compra Csg503 Rzn 8500g-tr-1 Computadora Csg503 Ryzen 5 8500g 16gb 512gb M.2 Nodvd 600w Win Trial + Env\u00edo a domicilio + Pago seguro + Garant\u00eda","breadcrumb":{"@id":"https:\/\/compuviper.mx\/tienda\/producto\/vorago-csg503-rzn-8500g-tr-1-computadora-csg503-ryzen-5-8500g-16gb-512gb-m-2-nodvd-600w-win-trial\/#breadcrumb"},"inLanguage":"es-MX","potentialAction":[{"@type":"ReadAction","target":["https:\/\/compuviper.mx\/tienda\/producto\/vorago-csg503-rzn-8500g-tr-1-computadora-csg503-ryzen-5-8500g-16gb-512gb-m-2-nodvd-600w-win-trial\/"]}]},{"@type":"BreadcrumbList","@id":"https:\/\/compuviper.mx\/tienda\/producto\/vorago-csg503-rzn-8500g-tr-1-computadora-csg503-ryzen-5-8500g-16gb-512gb-m-2-nodvd-600w-win-trial\/#breadcrumb","itemListElement":[{"@type":"ListItem","position":1,"name":"Inicio","item":"https:\/\/compuviper.mx\/tienda\/"},{"@type":"ListItem","position":2,"name":"Productos","item":"https:\/\/compuviper.mx\/tienda\/productos\/"},{"@type":"ListItem","position":3,"name":"Computadoras","item":"https:\/\/compuviper.mx\/tienda\/categoria-producto\/computadoras\/"},{"@type":"ListItem","position":4,"name":"Desktop","item":"https:\/\/compuviper.mx\/tienda\/categoria-producto\/computadoras\/desktop-computadoras\/"},{"@type":"ListItem","position":5,"name":"Vorago Csg503 Rzn 8500g-tr-1 Computadora Csg503 Ryzen 5 8500g 16gb 512gb M.2 Nodvd 600w Win Trial"}]},{"@type":"WebSite","@id":"https:\/\/compuviper.mx\/tienda\/#website","url":"https:\/\/compuviper.mx\/tienda\/","name":"Compuviper","description":"Proveedor de Computadoras, Laptops, Servidores, Monitores, Puntos de Venta, Teclados,   Impresoras, T\u00f3ner, C\u00e1maras de Seguridad y m\u00e1s en tu tienda en l\u00ednea","publisher":{"@id":"https:\/\/compuviper.mx\/tienda\/#organization"},"potentialAction":[{"@type":"SearchAction","target":{"@type":"EntryPoint","urlTemplate":"https:\/\/compuviper.mx\/tienda\/?s={search_term_string}"},"query-input":"required name=search_term_string"}],"inLanguage":"es-MX"},{"@type":"Organization","@id":"https:\/\/compuviper.mx\/tienda\/#organization","name":"Compuviper","url":"https:\/\/compuviper.mx\/tienda\/","logo":{"@type":"ImageObject","inLanguage":"es-MX","@id":"https:\/\/compuviper.mx\/tienda\/#\/schema\/logo\/image\/","url":"https:\/\/compuviper.mx\/tienda\/wp-content\/uploads\/2021\/08\/Logo-Compuviper-10.png","contentUrl":"https:\/\/compuviper.mx\/tienda\/wp-content\/uploads\/2021\/08\/Logo-Compuviper-10.png","width":1000,"height":500,"caption":"Compuviper"},"image":{"@id":"https:\/\/compuviper.mx\/tienda\/#\/schema\/logo\/image\/"},"sameAs":["https:\/\/www.facebook.com\/compuviper","https:\/\/www.youtube.com\/channel\/UCf73dERp9Y3cfOq7q8BhLjA?view_as=subscriber"]}]},"product_brand":"Vorago","product_price_amount":"10660","product_price_currency":"MXN","og_availability":"instock","product_availability":"instock","product_retailer_item_id":"CSG503 RZN 8500G-TR-1","product_condition":"new"},"_links":{"self":[{"href":"https:\/\/compuviper.mx\/tienda\/wp-json\/wp\/v2\/product\/261616"}],"collection":[{"href":"https:\/\/compuviper.mx\/tienda\/wp-json\/wp\/v2\/product"}],"about":[{"href":"https:\/\/compuviper.mx\/tienda\/wp-json\/wp\/v2\/types\/product"}],"replies":[{"embeddable":true,"href":"https:\/\/compuviper.mx\/tienda\/wp-json\/wp\/v2\/comments?post=261616"}],"wp:attachment":[{"href":"https:\/\/compuviper.mx\/tienda\/wp-json\/wp\/v2\/media?parent=261616"}],"wp:term":[{"taxonomy":"product_cat","embeddable":true,"href":"https:\/\/compuviper.mx\/tienda\/wp-json\/wp\/v2\/product_cat?post=261616"},{"taxonomy":"product_tag","embeddable":true,"href":"https:\/\/compuviper.mx\/tienda\/wp-json\/wp\/v2\/product_tag?post=261616"}],"curies":[{"name":"wp","href":"https:\/\/api.w.org\/{rel}","templated":true}]}}