{"id":261599,"date":"2026-04-07T00:52:01","date_gmt":"2026-04-07T06:52:01","guid":{"rendered":"https:\/\/compuviper.mx\/tienda\/producto\/game-factor-mg620-monitor-27-fhd-180hz-rgb-1ms-freesync-ips\/"},"modified":"2026-04-07T00:52:02","modified_gmt":"2026-04-07T06:52:02","slug":"game-factor-mg620-monitor-27-fhd-180hz-rgb-1ms-freesync-ips","status":"publish","type":"product","link":"https:\/\/compuviper.mx\/tienda\/producto\/game-factor-mg620-monitor-27-fhd-180hz-rgb-1ms-freesync-ips\/","title":{"rendered":"Game Factor Mg620 Monitor   27 Fhd , 180hz, Rgb, 1ms, Freesync, Ips"},"content":{"rendered":"<table class=\"descripcion\">\n<tr>\n<td>Articulo:        monitor gamer<\/td>\n<\/tr>\n<tr>\n<td>Montura de pared:        vesa<\/td>\n<\/tr>\n<tr>\n<td>Relacion de aspecto:        16:09<\/td>\n<\/tr>\n<tr>\n<td>Angulo de v.(h\/v):        178o<\/td>\n<\/tr>\n<tr>\n<td>Tipo de iluminacion:        led<\/td>\n<\/tr>\n<tr>\n<td>Resolucion maxima:        fhd 1920&#215;1080<\/td>\n<\/tr>\n<tr>\n<td>Colores:        16.7 millones<\/td>\n<\/tr>\n<tr>\n<td>Frecuencia:        180 hz<\/td>\n<\/tr>\n<tr>\n<td>Color gamut:        99% srgb, 81%dci-p3, 78% adobe rgb<\/td>\n<\/tr>\n<tr>\n<td>Relacion de contraste:        1000:01:00<\/td>\n<\/tr>\n<tr>\n<td>Tipo de panel:        ips<\/td>\n<\/tr>\n<tr>\n<td>Dimensiones:        614.1 x 157.8 x 433.4 mm<\/td>\n<\/tr>\n<tr>\n<td>Consumo de energia:        .40 w max<\/td>\n<\/tr>\n<tr>\n<td>Modo de espera:        .1 w<\/td>\n<\/tr>\n<tr>\n<td>Brillo:        250 cd\/m2<\/td>\n<\/tr>\n<tr>\n<td>Tiempo de respuesta:        1ms<\/td>\n<\/tr>\n<tr>\n<td>Puertos de entrada:        1x hdmi 180hz + 1x dp 180hz + audio out + dc<\/td>\n<\/tr>\n<tr>\n<td>Angulos de inclinacion:        -5o a +15o<\/td>\n<\/tr>\n<tr>\n<td>Monitor<\/td>\n<\/tr>\n<tr>\n<td>Voltaje de entrada:        dc: 12v 4a<\/td>\n<\/tr>\n<tr>\n<td>Adaptador<\/td>\n<\/tr>\n<tr>\n<td>Voltaje de entrada:        100-240 v 50\/60 hz 1.2 a<\/td>\n<\/tr>\n<\/table>\n","protected":false},"excerpt":{"rendered":"<p>Vive cada partida con colores incre\u00edbles, movimientos s\u00faper fluidos y una pantalla que te envuelve. Por completo. El mg620 est\u00e1 hecho para gamers que quieren disfrutar al m\u00e1ximo sin cansarse la. Vista. Una vez que lo pruebas, no hay vuelta atr\u00e1s.<\/p>\n","protected":false},"featured_media":261600,"comment_status":"open","ping_status":"open","template":"","meta":[],"product_cat":[1740,1741],"product_tag":[2298],"acf":[],"yoast_head":"<!-- This site is optimized with the Yoast SEO plugin v21.7 - https:\/\/yoast.com\/wordpress\/plugins\/seo\/ -->\n<title>[ Game Factor ] &#129351; Mg620 Monitor 27 Fhd , 180hz, Rgb, 1ms, Freesync, Ips<\/title>\n<meta name=\"description\" content=\"Compra Mg620 Monitor 27 Fhd , 180hz, Rgb, 1ms, Freesync, Ips + Env\u00edo a domicilio + Pago seguro + Garant\u00eda\" \/>\n<meta name=\"robots\" content=\"index, follow, max-snippet:-1, max-image-preview:large, max-video-preview:-1\" \/>\n<link rel=\"canonical\" href=\"https:\/\/compuviper.mx\/tienda\/producto\/game-factor-mg620-monitor-27-fhd-180hz-rgb-1ms-freesync-ips\/\" \/>\n<meta property=\"og:locale\" content=\"es_MX\" \/>\n<meta property=\"og:type\" content=\"article\" \/>\n<meta property=\"og:title\" content=\"[ Game Factor ] &#129351; Mg620 Monitor 27 Fhd , 180hz, Rgb, 1ms, Freesync, Ips\" \/>\n<meta property=\"og:description\" content=\"Compra Mg620 Monitor 27 Fhd , 180hz, Rgb, 1ms, Freesync, Ips + Env\u00edo a domicilio + Pago seguro + Garant\u00eda\" \/>\n<meta property=\"og:url\" content=\"https:\/\/compuviper.mx\/tienda\/producto\/game-factor-mg620-monitor-27-fhd-180hz-rgb-1ms-freesync-ips\/\" \/>\n<meta property=\"og:site_name\" content=\"Compuviper\" \/>\n<meta property=\"article:publisher\" content=\"https:\/\/www.facebook.com\/compuviper\" \/>\n<meta property=\"article:modified_time\" content=\"2026-04-07T06:52:02+00:00\" \/>\n<meta property=\"og:image\" content=\"https:\/\/compuviper.mx\/tienda\/wp-content\/uploads\/2025\/10\/Monitor-game-factor-mg620-27-fhd-180hz-rgb-1ms-freesync-ips.jpg\" \/>\n\t<meta property=\"og:image:width\" content=\"200\" \/>\n\t<meta property=\"og:image:height\" content=\"200\" \/>\n\t<meta property=\"og:image:type\" content=\"image\/jpeg\" \/>\n<meta name=\"twitter:card\" content=\"summary_large_image\" \/>\n<meta name=\"twitter:label1\" content=\"Precio\" \/>\n\t<meta name=\"twitter:data1\" content=\"&#36;2,107 con IVA\" \/>\n\t<meta name=\"twitter:label2\" content=\"Availability\" \/>\n\t<meta name=\"twitter:data2\" content=\"Out of stock\" \/>\n<script type=\"application\/ld+json\" class=\"yoast-schema-graph\">{\"@context\":\"https:\/\/schema.org\",\"@graph\":[{\"@type\":\"WebPage\",\"@id\":\"https:\/\/compuviper.mx\/tienda\/producto\/game-factor-mg620-monitor-27-fhd-180hz-rgb-1ms-freesync-ips\/\",\"url\":\"https:\/\/compuviper.mx\/tienda\/producto\/game-factor-mg620-monitor-27-fhd-180hz-rgb-1ms-freesync-ips\/\",\"name\":\"[ Game Factor ] &#129351; Mg620 Monitor 27 Fhd , 180hz, Rgb, 1ms, Freesync, Ips\",\"isPartOf\":{\"@id\":\"https:\/\/compuviper.mx\/tienda\/#website\"},\"datePublished\":\"2026-04-07T06:52:01+00:00\",\"dateModified\":\"2026-04-07T06:52:02+00:00\",\"description\":\"Compra Mg620 Monitor 27 Fhd , 180hz, Rgb, 1ms, Freesync, Ips + Env\u00edo a domicilio + Pago seguro + Garant\u00eda\",\"breadcrumb\":{\"@id\":\"https:\/\/compuviper.mx\/tienda\/producto\/game-factor-mg620-monitor-27-fhd-180hz-rgb-1ms-freesync-ips\/#breadcrumb\"},\"inLanguage\":\"es-MX\",\"potentialAction\":[{\"@type\":\"ReadAction\",\"target\":[\"https:\/\/compuviper.mx\/tienda\/producto\/game-factor-mg620-monitor-27-fhd-180hz-rgb-1ms-freesync-ips\/\"]}]},{\"@type\":\"BreadcrumbList\",\"@id\":\"https:\/\/compuviper.mx\/tienda\/producto\/game-factor-mg620-monitor-27-fhd-180hz-rgb-1ms-freesync-ips\/#breadcrumb\",\"itemListElement\":[{\"@type\":\"ListItem\",\"position\":1,\"name\":\"Inicio\",\"item\":\"https:\/\/compuviper.mx\/tienda\/\"},{\"@type\":\"ListItem\",\"position\":2,\"name\":\"Productos\",\"item\":\"https:\/\/compuviper.mx\/tienda\/productos\/\"},{\"@type\":\"ListItem\",\"position\":3,\"name\":\"Monitores\",\"item\":\"https:\/\/compuviper.mx\/tienda\/categoria-producto\/monitores\/\"},{\"@type\":\"ListItem\",\"position\":4,\"name\":\"Led\",\"item\":\"https:\/\/compuviper.mx\/tienda\/categoria-producto\/monitores\/led\/\"},{\"@type\":\"ListItem\",\"position\":5,\"name\":\"Game Factor Mg620 Monitor 27 Fhd , 180hz, Rgb, 1ms, Freesync, Ips\"}]},{\"@type\":\"WebSite\",\"@id\":\"https:\/\/compuviper.mx\/tienda\/#website\",\"url\":\"https:\/\/compuviper.mx\/tienda\/\",\"name\":\"Compuviper\",\"description\":\"Proveedor de Computadoras, Laptops, Servidores, Monitores, Puntos de Venta, Teclados,   Impresoras, T\u00f3ner, C\u00e1maras de Seguridad y m\u00e1s en tu tienda en l\u00ednea\",\"publisher\":{\"@id\":\"https:\/\/compuviper.mx\/tienda\/#organization\"},\"potentialAction\":[{\"@type\":\"SearchAction\",\"target\":{\"@type\":\"EntryPoint\",\"urlTemplate\":\"https:\/\/compuviper.mx\/tienda\/?s={search_term_string}\"},\"query-input\":\"required name=search_term_string\"}],\"inLanguage\":\"es-MX\"},{\"@type\":\"Organization\",\"@id\":\"https:\/\/compuviper.mx\/tienda\/#organization\",\"name\":\"Compuviper\",\"url\":\"https:\/\/compuviper.mx\/tienda\/\",\"logo\":{\"@type\":\"ImageObject\",\"inLanguage\":\"es-MX\",\"@id\":\"https:\/\/compuviper.mx\/tienda\/#\/schema\/logo\/image\/\",\"url\":\"https:\/\/compuviper.mx\/tienda\/wp-content\/uploads\/2021\/08\/Logo-Compuviper-10.png\",\"contentUrl\":\"https:\/\/compuviper.mx\/tienda\/wp-content\/uploads\/2021\/08\/Logo-Compuviper-10.png\",\"width\":1000,\"height\":500,\"caption\":\"Compuviper\"},\"image\":{\"@id\":\"https:\/\/compuviper.mx\/tienda\/#\/schema\/logo\/image\/\"},\"sameAs\":[\"https:\/\/www.facebook.com\/compuviper\",\"https:\/\/www.youtube.com\/channel\/UCf73dERp9Y3cfOq7q8BhLjA?view_as=subscriber\"]}]}<\/script>\n<meta property=\"product:brand\" content=\"Game Factor\" \/>\n<meta property=\"product:price:amount\" content=\"2107\" \/>\n<meta property=\"product:price:currency\" content=\"MXN\" \/>\n<meta property=\"og:availability\" content=\"out of stock\" \/>\n<meta property=\"product:availability\" content=\"out of stock\" \/>\n<meta property=\"product:retailer_item_id\" content=\"MG620\" \/>\n<meta property=\"product:condition\" content=\"new\" \/>\n<!-- \/ Yoast SEO plugin. -->","yoast_head_json":{"title":"[ Game Factor ] &#129351; Mg620 Monitor 27 Fhd , 180hz, Rgb, 1ms, Freesync, Ips","description":"Compra Mg620 Monitor 27 Fhd , 180hz, Rgb, 1ms, Freesync, Ips + Env\u00edo a domicilio + Pago seguro + Garant\u00eda","robots":{"index":"index","follow":"follow","max-snippet":"max-snippet:-1","max-image-preview":"max-image-preview:large","max-video-preview":"max-video-preview:-1"},"canonical":"https:\/\/compuviper.mx\/tienda\/producto\/game-factor-mg620-monitor-27-fhd-180hz-rgb-1ms-freesync-ips\/","og_locale":"es_MX","og_type":"article","og_title":"[ Game Factor ] &#129351; Mg620 Monitor 27 Fhd , 180hz, Rgb, 1ms, Freesync, Ips","og_description":"Compra Mg620 Monitor 27 Fhd , 180hz, Rgb, 1ms, Freesync, Ips + Env\u00edo a domicilio + Pago seguro + Garant\u00eda","og_url":"https:\/\/compuviper.mx\/tienda\/producto\/game-factor-mg620-monitor-27-fhd-180hz-rgb-1ms-freesync-ips\/","og_site_name":"Compuviper","article_publisher":"https:\/\/www.facebook.com\/compuviper","article_modified_time":"2026-04-07T06:52:02+00:00","og_image":[{"width":200,"height":200,"url":"https:\/\/compuviper.mx\/tienda\/wp-content\/uploads\/2025\/10\/Monitor-game-factor-mg620-27-fhd-180hz-rgb-1ms-freesync-ips.jpg","type":"image\/jpeg"}],"twitter_card":"summary_large_image","twitter_misc":{"Precio":"&#36;2,107 con IVA","Availability":"Out of stock"},"schema":{"@context":"https:\/\/schema.org","@graph":[{"@type":"WebPage","@id":"https:\/\/compuviper.mx\/tienda\/producto\/game-factor-mg620-monitor-27-fhd-180hz-rgb-1ms-freesync-ips\/","url":"https:\/\/compuviper.mx\/tienda\/producto\/game-factor-mg620-monitor-27-fhd-180hz-rgb-1ms-freesync-ips\/","name":"[ Game Factor ] &#129351; Mg620 Monitor 27 Fhd , 180hz, Rgb, 1ms, Freesync, Ips","isPartOf":{"@id":"https:\/\/compuviper.mx\/tienda\/#website"},"datePublished":"2026-04-07T06:52:01+00:00","dateModified":"2026-04-07T06:52:02+00:00","description":"Compra Mg620 Monitor 27 Fhd , 180hz, Rgb, 1ms, Freesync, Ips + Env\u00edo a domicilio + Pago seguro + Garant\u00eda","breadcrumb":{"@id":"https:\/\/compuviper.mx\/tienda\/producto\/game-factor-mg620-monitor-27-fhd-180hz-rgb-1ms-freesync-ips\/#breadcrumb"},"inLanguage":"es-MX","potentialAction":[{"@type":"ReadAction","target":["https:\/\/compuviper.mx\/tienda\/producto\/game-factor-mg620-monitor-27-fhd-180hz-rgb-1ms-freesync-ips\/"]}]},{"@type":"BreadcrumbList","@id":"https:\/\/compuviper.mx\/tienda\/producto\/game-factor-mg620-monitor-27-fhd-180hz-rgb-1ms-freesync-ips\/#breadcrumb","itemListElement":[{"@type":"ListItem","position":1,"name":"Inicio","item":"https:\/\/compuviper.mx\/tienda\/"},{"@type":"ListItem","position":2,"name":"Productos","item":"https:\/\/compuviper.mx\/tienda\/productos\/"},{"@type":"ListItem","position":3,"name":"Monitores","item":"https:\/\/compuviper.mx\/tienda\/categoria-producto\/monitores\/"},{"@type":"ListItem","position":4,"name":"Led","item":"https:\/\/compuviper.mx\/tienda\/categoria-producto\/monitores\/led\/"},{"@type":"ListItem","position":5,"name":"Game Factor Mg620 Monitor 27 Fhd , 180hz, Rgb, 1ms, Freesync, Ips"}]},{"@type":"WebSite","@id":"https:\/\/compuviper.mx\/tienda\/#website","url":"https:\/\/compuviper.mx\/tienda\/","name":"Compuviper","description":"Proveedor de Computadoras, Laptops, Servidores, Monitores, Puntos de Venta, Teclados,   Impresoras, T\u00f3ner, C\u00e1maras de Seguridad y m\u00e1s en tu tienda en l\u00ednea","publisher":{"@id":"https:\/\/compuviper.mx\/tienda\/#organization"},"potentialAction":[{"@type":"SearchAction","target":{"@type":"EntryPoint","urlTemplate":"https:\/\/compuviper.mx\/tienda\/?s={search_term_string}"},"query-input":"required name=search_term_string"}],"inLanguage":"es-MX"},{"@type":"Organization","@id":"https:\/\/compuviper.mx\/tienda\/#organization","name":"Compuviper","url":"https:\/\/compuviper.mx\/tienda\/","logo":{"@type":"ImageObject","inLanguage":"es-MX","@id":"https:\/\/compuviper.mx\/tienda\/#\/schema\/logo\/image\/","url":"https:\/\/compuviper.mx\/tienda\/wp-content\/uploads\/2021\/08\/Logo-Compuviper-10.png","contentUrl":"https:\/\/compuviper.mx\/tienda\/wp-content\/uploads\/2021\/08\/Logo-Compuviper-10.png","width":1000,"height":500,"caption":"Compuviper"},"image":{"@id":"https:\/\/compuviper.mx\/tienda\/#\/schema\/logo\/image\/"},"sameAs":["https:\/\/www.facebook.com\/compuviper","https:\/\/www.youtube.com\/channel\/UCf73dERp9Y3cfOq7q8BhLjA?view_as=subscriber"]}]},"product_brand":"Game Factor","product_price_amount":"2107","product_price_currency":"MXN","og_availability":"out of stock","product_availability":"out of stock","product_retailer_item_id":"MG620","product_condition":"new"},"_links":{"self":[{"href":"https:\/\/compuviper.mx\/tienda\/wp-json\/wp\/v2\/product\/261599"}],"collection":[{"href":"https:\/\/compuviper.mx\/tienda\/wp-json\/wp\/v2\/product"}],"about":[{"href":"https:\/\/compuviper.mx\/tienda\/wp-json\/wp\/v2\/types\/product"}],"replies":[{"embeddable":true,"href":"https:\/\/compuviper.mx\/tienda\/wp-json\/wp\/v2\/comments?post=261599"}],"wp:featuredmedia":[{"embeddable":true,"href":"https:\/\/compuviper.mx\/tienda\/wp-json\/wp\/v2\/media\/261600"}],"wp:attachment":[{"href":"https:\/\/compuviper.mx\/tienda\/wp-json\/wp\/v2\/media?parent=261599"}],"wp:term":[{"taxonomy":"product_cat","embeddable":true,"href":"https:\/\/compuviper.mx\/tienda\/wp-json\/wp\/v2\/product_cat?post=261599"},{"taxonomy":"product_tag","embeddable":true,"href":"https:\/\/compuviper.mx\/tienda\/wp-json\/wp\/v2\/product_tag?post=261599"}],"curies":[{"name":"wp","href":"https:\/\/api.w.org\/{rel}","templated":true}]}}