{"id":261595,"date":"2026-04-02T00:51:42","date_gmt":"2026-04-02T06:51:42","guid":{"rendered":"https:\/\/compuviper.mx\/tienda\/producto\/game-factor-mg802-monitor-34-ultra-wide-quad-hd-curvo-1500r-180hz-1ms-2xdp-2xhdmi-negro\/"},"modified":"2026-04-02T00:51:43","modified_gmt":"2026-04-02T06:51:43","slug":"game-factor-mg802-monitor-34-ultra-wide-quad-hd-curvo-1500r-180hz-1ms-2xdp-2xhdmi-negro","status":"publish","type":"product","link":"https:\/\/compuviper.mx\/tienda\/producto\/game-factor-mg802-monitor-34-ultra-wide-quad-hd-curvo-1500r-180hz-1ms-2xdp-2xhdmi-negro\/","title":{"rendered":"Game Factor Mg802 Monitor   34 Ultra Wide Quad Hd, Curvo 1500r, 180hz, 1ms, 2xdp, 2xhdmi Negro"},"content":{"rendered":"<table class=\"descripcion\">\n<tr>\n<td>Articulo: monitor gamer led<\/td>\n<\/tr>\n<tr>\n<td>Voltaje: 12 v cc 5.0 a<\/td>\n<\/tr>\n<tr>\n<td>5 a 50-60 hz<\/td>\n<\/tr>\n<tr>\n<td>Consumo en espera: 1 w<\/td>\n<\/tr>\n<tr>\n<td>Consumo: 45 w<\/td>\n<\/tr>\n<tr>\n<td>Dimensiones monitor: 807.79 x 55 x 361.81 mm<\/td>\n<\/tr>\n<tr>\n<td>Visibilidad diagonal: 34<\/td>\n<\/tr>\n<tr>\n<td>Tama\u00f1o de pantalla: 34<\/td>\n<\/tr>\n<tr>\n<td>Relacion de aspecto: 21:9<\/td>\n<\/tr>\n<tr>\n<td>Angulo de visualizacion:178\u00ba, 178\u00ba<\/td>\n<\/tr>\n<tr>\n<td>Tipo de iluminacon: led<\/td>\n<\/tr>\n<tr>\n<td>Resolucion maxima: 3440&#215;1440<\/td>\n<\/tr>\n<tr>\n<td>Colores: 16.7 millones de colores<\/td>\n<\/tr>\n<tr>\n<td>Tasa de refresco: 180 hz<\/td>\n<\/tr>\n<tr>\n<td>Relacion de contraste: 3000:1<\/td>\n<\/tr>\n<tr>\n<td>Tiempo de respuesta: 1 ms<\/td>\n<\/tr>\n<tr>\n<td>Puertos de entrada: 2x hdmi, 2x displayport<\/td>\n<\/tr>\n<tr>\n<td>Angulos de inclinacion: -5\u00ba a +15\u00ba<\/td>\n<\/tr>\n<tr>\n<td>Montura de pared: montaje vesa de 4 puntos<\/td>\n<\/tr>\n<\/table>\n","protected":false},"excerpt":{"rendered":"<p>El monitor ultrawide curvo mg802, no solo te permitira adentrarte en el juego como nunca antes lo has hecho gracias a su amplio tama\u00f1o, sino que te brindara una experiencia unica al disfrutar de partidas rapidas y fluidas con la mejor calidad de imagen.<\/p>\n","protected":false},"featured_media":261596,"comment_status":"open","ping_status":"open","template":"","meta":[],"product_cat":[1740,1741],"product_tag":[2298],"acf":[],"yoast_head":"<!-- This site is optimized with the Yoast SEO plugin v21.7 - https:\/\/yoast.com\/wordpress\/plugins\/seo\/ -->\n<title>[ Game Factor ] &#129351; Mg802 Monitor 34 Ultra Wide Quad Hd, Curvo 1500r, 180hz, 1ms, 2xdp, 2xhdmi Negro<\/title>\n<meta name=\"description\" content=\"Compra Mg802 Monitor 34 Ultra Wide Quad Hd, Curvo 1500r, 180hz, 1ms, 2xdp, 2xhdmi Negro + Env\u00edo a domicilio + Pago seguro + Garant\u00eda\" \/>\n<meta name=\"robots\" content=\"index, follow, max-snippet:-1, max-image-preview:large, max-video-preview:-1\" \/>\n<link rel=\"canonical\" href=\"https:\/\/compuviper.mx\/tienda\/producto\/game-factor-mg802-monitor-34-ultra-wide-quad-hd-curvo-1500r-180hz-1ms-2xdp-2xhdmi-negro\/\" \/>\n<meta property=\"og:locale\" content=\"es_MX\" \/>\n<meta property=\"og:type\" content=\"article\" \/>\n<meta property=\"og:title\" content=\"[ Game Factor ] &#129351; Mg802 Monitor 34 Ultra Wide Quad Hd, Curvo 1500r, 180hz, 1ms, 2xdp, 2xhdmi Negro\" \/>\n<meta property=\"og:description\" content=\"Compra Mg802 Monitor 34 Ultra Wide Quad Hd, Curvo 1500r, 180hz, 1ms, 2xdp, 2xhdmi Negro + Env\u00edo a domicilio + Pago seguro + Garant\u00eda\" \/>\n<meta property=\"og:url\" content=\"https:\/\/compuviper.mx\/tienda\/producto\/game-factor-mg802-monitor-34-ultra-wide-quad-hd-curvo-1500r-180hz-1ms-2xdp-2xhdmi-negro\/\" \/>\n<meta property=\"og:site_name\" content=\"Compuviper\" \/>\n<meta property=\"article:publisher\" content=\"https:\/\/www.facebook.com\/compuviper\" \/>\n<meta property=\"article:modified_time\" content=\"2026-04-02T06:51:43+00:00\" \/>\n<meta property=\"og:image\" content=\"https:\/\/compuviper.mx\/tienda\/wp-content\/uploads\/2025\/10\/Monitor-game-factor-mg802-34-ultra-wide-quad-hd-curvo-1500r-180hz-1ms-2xdp-2xhdmi-negro.jpg\" \/>\n\t<meta property=\"og:image:width\" content=\"200\" \/>\n\t<meta property=\"og:image:height\" content=\"200\" \/>\n\t<meta property=\"og:image:type\" content=\"image\/jpeg\" \/>\n<meta name=\"twitter:card\" content=\"summary_large_image\" \/>\n<meta name=\"twitter:label1\" content=\"Precio\" \/>\n\t<meta name=\"twitter:data1\" content=\"&#36;4,036 con IVA\" \/>\n\t<meta name=\"twitter:label2\" content=\"Availability\" \/>\n\t<meta name=\"twitter:data2\" content=\"Out of stock\" \/>\n<script type=\"application\/ld+json\" class=\"yoast-schema-graph\">{\"@context\":\"https:\/\/schema.org\",\"@graph\":[{\"@type\":\"WebPage\",\"@id\":\"https:\/\/compuviper.mx\/tienda\/producto\/game-factor-mg802-monitor-34-ultra-wide-quad-hd-curvo-1500r-180hz-1ms-2xdp-2xhdmi-negro\/\",\"url\":\"https:\/\/compuviper.mx\/tienda\/producto\/game-factor-mg802-monitor-34-ultra-wide-quad-hd-curvo-1500r-180hz-1ms-2xdp-2xhdmi-negro\/\",\"name\":\"[ Game Factor ] &#129351; Mg802 Monitor 34 Ultra Wide Quad Hd, Curvo 1500r, 180hz, 1ms, 2xdp, 2xhdmi Negro\",\"isPartOf\":{\"@id\":\"https:\/\/compuviper.mx\/tienda\/#website\"},\"datePublished\":\"2026-04-02T06:51:42+00:00\",\"dateModified\":\"2026-04-02T06:51:43+00:00\",\"description\":\"Compra Mg802 Monitor 34 Ultra Wide Quad Hd, Curvo 1500r, 180hz, 1ms, 2xdp, 2xhdmi Negro + Env\u00edo a domicilio + Pago seguro + Garant\u00eda\",\"breadcrumb\":{\"@id\":\"https:\/\/compuviper.mx\/tienda\/producto\/game-factor-mg802-monitor-34-ultra-wide-quad-hd-curvo-1500r-180hz-1ms-2xdp-2xhdmi-negro\/#breadcrumb\"},\"inLanguage\":\"es-MX\",\"potentialAction\":[{\"@type\":\"ReadAction\",\"target\":[\"https:\/\/compuviper.mx\/tienda\/producto\/game-factor-mg802-monitor-34-ultra-wide-quad-hd-curvo-1500r-180hz-1ms-2xdp-2xhdmi-negro\/\"]}]},{\"@type\":\"BreadcrumbList\",\"@id\":\"https:\/\/compuviper.mx\/tienda\/producto\/game-factor-mg802-monitor-34-ultra-wide-quad-hd-curvo-1500r-180hz-1ms-2xdp-2xhdmi-negro\/#breadcrumb\",\"itemListElement\":[{\"@type\":\"ListItem\",\"position\":1,\"name\":\"Inicio\",\"item\":\"https:\/\/compuviper.mx\/tienda\/\"},{\"@type\":\"ListItem\",\"position\":2,\"name\":\"Productos\",\"item\":\"https:\/\/compuviper.mx\/tienda\/productos\/\"},{\"@type\":\"ListItem\",\"position\":3,\"name\":\"Monitores\",\"item\":\"https:\/\/compuviper.mx\/tienda\/categoria-producto\/monitores\/\"},{\"@type\":\"ListItem\",\"position\":4,\"name\":\"Led\",\"item\":\"https:\/\/compuviper.mx\/tienda\/categoria-producto\/monitores\/led\/\"},{\"@type\":\"ListItem\",\"position\":5,\"name\":\"Game Factor Mg802 Monitor 34 Ultra Wide Quad Hd, Curvo 1500r, 180hz, 1ms, 2xdp, 2xhdmi Negro\"}]},{\"@type\":\"WebSite\",\"@id\":\"https:\/\/compuviper.mx\/tienda\/#website\",\"url\":\"https:\/\/compuviper.mx\/tienda\/\",\"name\":\"Compuviper\",\"description\":\"Proveedor de Computadoras, Laptops, Servidores, Monitores, Puntos de Venta, Teclados,   Impresoras, T\u00f3ner, C\u00e1maras de Seguridad y m\u00e1s en tu tienda en l\u00ednea\",\"publisher\":{\"@id\":\"https:\/\/compuviper.mx\/tienda\/#organization\"},\"potentialAction\":[{\"@type\":\"SearchAction\",\"target\":{\"@type\":\"EntryPoint\",\"urlTemplate\":\"https:\/\/compuviper.mx\/tienda\/?s={search_term_string}\"},\"query-input\":\"required name=search_term_string\"}],\"inLanguage\":\"es-MX\"},{\"@type\":\"Organization\",\"@id\":\"https:\/\/compuviper.mx\/tienda\/#organization\",\"name\":\"Compuviper\",\"url\":\"https:\/\/compuviper.mx\/tienda\/\",\"logo\":{\"@type\":\"ImageObject\",\"inLanguage\":\"es-MX\",\"@id\":\"https:\/\/compuviper.mx\/tienda\/#\/schema\/logo\/image\/\",\"url\":\"https:\/\/compuviper.mx\/tienda\/wp-content\/uploads\/2021\/08\/Logo-Compuviper-10.png\",\"contentUrl\":\"https:\/\/compuviper.mx\/tienda\/wp-content\/uploads\/2021\/08\/Logo-Compuviper-10.png\",\"width\":1000,\"height\":500,\"caption\":\"Compuviper\"},\"image\":{\"@id\":\"https:\/\/compuviper.mx\/tienda\/#\/schema\/logo\/image\/\"},\"sameAs\":[\"https:\/\/www.facebook.com\/compuviper\",\"https:\/\/www.youtube.com\/channel\/UCf73dERp9Y3cfOq7q8BhLjA?view_as=subscriber\"]}]}<\/script>\n<meta property=\"product:brand\" content=\"Game Factor\" \/>\n<meta property=\"product:price:amount\" content=\"4036\" \/>\n<meta property=\"product:price:currency\" content=\"MXN\" \/>\n<meta property=\"og:availability\" content=\"out of stock\" \/>\n<meta property=\"product:availability\" content=\"out of stock\" \/>\n<meta property=\"product:retailer_item_id\" content=\"MG802\" \/>\n<meta property=\"product:condition\" content=\"new\" \/>\n<!-- \/ Yoast SEO plugin. -->","yoast_head_json":{"title":"[ Game Factor ] &#129351; Mg802 Monitor 34 Ultra Wide Quad Hd, Curvo 1500r, 180hz, 1ms, 2xdp, 2xhdmi Negro","description":"Compra Mg802 Monitor 34 Ultra Wide Quad Hd, Curvo 1500r, 180hz, 1ms, 2xdp, 2xhdmi Negro + Env\u00edo a domicilio + Pago seguro + Garant\u00eda","robots":{"index":"index","follow":"follow","max-snippet":"max-snippet:-1","max-image-preview":"max-image-preview:large","max-video-preview":"max-video-preview:-1"},"canonical":"https:\/\/compuviper.mx\/tienda\/producto\/game-factor-mg802-monitor-34-ultra-wide-quad-hd-curvo-1500r-180hz-1ms-2xdp-2xhdmi-negro\/","og_locale":"es_MX","og_type":"article","og_title":"[ Game Factor ] &#129351; Mg802 Monitor 34 Ultra Wide Quad Hd, Curvo 1500r, 180hz, 1ms, 2xdp, 2xhdmi Negro","og_description":"Compra Mg802 Monitor 34 Ultra Wide Quad Hd, Curvo 1500r, 180hz, 1ms, 2xdp, 2xhdmi Negro + Env\u00edo a domicilio + Pago seguro + Garant\u00eda","og_url":"https:\/\/compuviper.mx\/tienda\/producto\/game-factor-mg802-monitor-34-ultra-wide-quad-hd-curvo-1500r-180hz-1ms-2xdp-2xhdmi-negro\/","og_site_name":"Compuviper","article_publisher":"https:\/\/www.facebook.com\/compuviper","article_modified_time":"2026-04-02T06:51:43+00:00","og_image":[{"width":200,"height":200,"url":"https:\/\/compuviper.mx\/tienda\/wp-content\/uploads\/2025\/10\/Monitor-game-factor-mg802-34-ultra-wide-quad-hd-curvo-1500r-180hz-1ms-2xdp-2xhdmi-negro.jpg","type":"image\/jpeg"}],"twitter_card":"summary_large_image","twitter_misc":{"Precio":"&#36;4,036 con IVA","Availability":"Out of stock"},"schema":{"@context":"https:\/\/schema.org","@graph":[{"@type":"WebPage","@id":"https:\/\/compuviper.mx\/tienda\/producto\/game-factor-mg802-monitor-34-ultra-wide-quad-hd-curvo-1500r-180hz-1ms-2xdp-2xhdmi-negro\/","url":"https:\/\/compuviper.mx\/tienda\/producto\/game-factor-mg802-monitor-34-ultra-wide-quad-hd-curvo-1500r-180hz-1ms-2xdp-2xhdmi-negro\/","name":"[ Game Factor ] &#129351; Mg802 Monitor 34 Ultra Wide Quad Hd, Curvo 1500r, 180hz, 1ms, 2xdp, 2xhdmi Negro","isPartOf":{"@id":"https:\/\/compuviper.mx\/tienda\/#website"},"datePublished":"2026-04-02T06:51:42+00:00","dateModified":"2026-04-02T06:51:43+00:00","description":"Compra Mg802 Monitor 34 Ultra Wide Quad Hd, Curvo 1500r, 180hz, 1ms, 2xdp, 2xhdmi Negro + Env\u00edo a domicilio + Pago seguro + Garant\u00eda","breadcrumb":{"@id":"https:\/\/compuviper.mx\/tienda\/producto\/game-factor-mg802-monitor-34-ultra-wide-quad-hd-curvo-1500r-180hz-1ms-2xdp-2xhdmi-negro\/#breadcrumb"},"inLanguage":"es-MX","potentialAction":[{"@type":"ReadAction","target":["https:\/\/compuviper.mx\/tienda\/producto\/game-factor-mg802-monitor-34-ultra-wide-quad-hd-curvo-1500r-180hz-1ms-2xdp-2xhdmi-negro\/"]}]},{"@type":"BreadcrumbList","@id":"https:\/\/compuviper.mx\/tienda\/producto\/game-factor-mg802-monitor-34-ultra-wide-quad-hd-curvo-1500r-180hz-1ms-2xdp-2xhdmi-negro\/#breadcrumb","itemListElement":[{"@type":"ListItem","position":1,"name":"Inicio","item":"https:\/\/compuviper.mx\/tienda\/"},{"@type":"ListItem","position":2,"name":"Productos","item":"https:\/\/compuviper.mx\/tienda\/productos\/"},{"@type":"ListItem","position":3,"name":"Monitores","item":"https:\/\/compuviper.mx\/tienda\/categoria-producto\/monitores\/"},{"@type":"ListItem","position":4,"name":"Led","item":"https:\/\/compuviper.mx\/tienda\/categoria-producto\/monitores\/led\/"},{"@type":"ListItem","position":5,"name":"Game Factor Mg802 Monitor 34 Ultra Wide Quad Hd, Curvo 1500r, 180hz, 1ms, 2xdp, 2xhdmi Negro"}]},{"@type":"WebSite","@id":"https:\/\/compuviper.mx\/tienda\/#website","url":"https:\/\/compuviper.mx\/tienda\/","name":"Compuviper","description":"Proveedor de Computadoras, Laptops, Servidores, Monitores, Puntos de Venta, Teclados,   Impresoras, T\u00f3ner, C\u00e1maras de Seguridad y m\u00e1s en tu tienda en l\u00ednea","publisher":{"@id":"https:\/\/compuviper.mx\/tienda\/#organization"},"potentialAction":[{"@type":"SearchAction","target":{"@type":"EntryPoint","urlTemplate":"https:\/\/compuviper.mx\/tienda\/?s={search_term_string}"},"query-input":"required name=search_term_string"}],"inLanguage":"es-MX"},{"@type":"Organization","@id":"https:\/\/compuviper.mx\/tienda\/#organization","name":"Compuviper","url":"https:\/\/compuviper.mx\/tienda\/","logo":{"@type":"ImageObject","inLanguage":"es-MX","@id":"https:\/\/compuviper.mx\/tienda\/#\/schema\/logo\/image\/","url":"https:\/\/compuviper.mx\/tienda\/wp-content\/uploads\/2021\/08\/Logo-Compuviper-10.png","contentUrl":"https:\/\/compuviper.mx\/tienda\/wp-content\/uploads\/2021\/08\/Logo-Compuviper-10.png","width":1000,"height":500,"caption":"Compuviper"},"image":{"@id":"https:\/\/compuviper.mx\/tienda\/#\/schema\/logo\/image\/"},"sameAs":["https:\/\/www.facebook.com\/compuviper","https:\/\/www.youtube.com\/channel\/UCf73dERp9Y3cfOq7q8BhLjA?view_as=subscriber"]}]},"product_brand":"Game Factor","product_price_amount":"4036","product_price_currency":"MXN","og_availability":"out of stock","product_availability":"out of stock","product_retailer_item_id":"MG802","product_condition":"new"},"_links":{"self":[{"href":"https:\/\/compuviper.mx\/tienda\/wp-json\/wp\/v2\/product\/261595"}],"collection":[{"href":"https:\/\/compuviper.mx\/tienda\/wp-json\/wp\/v2\/product"}],"about":[{"href":"https:\/\/compuviper.mx\/tienda\/wp-json\/wp\/v2\/types\/product"}],"replies":[{"embeddable":true,"href":"https:\/\/compuviper.mx\/tienda\/wp-json\/wp\/v2\/comments?post=261595"}],"wp:featuredmedia":[{"embeddable":true,"href":"https:\/\/compuviper.mx\/tienda\/wp-json\/wp\/v2\/media\/261596"}],"wp:attachment":[{"href":"https:\/\/compuviper.mx\/tienda\/wp-json\/wp\/v2\/media?parent=261595"}],"wp:term":[{"taxonomy":"product_cat","embeddable":true,"href":"https:\/\/compuviper.mx\/tienda\/wp-json\/wp\/v2\/product_cat?post=261595"},{"taxonomy":"product_tag","embeddable":true,"href":"https:\/\/compuviper.mx\/tienda\/wp-json\/wp\/v2\/product_tag?post=261595"}],"curies":[{"name":"wp","href":"https:\/\/api.w.org\/{rel}","templated":true}]}}