{"id":261509,"date":"2026-04-07T00:29:41","date_gmt":"2026-04-07T06:29:41","guid":{"rendered":"https:\/\/compuviper.mx\/tienda\/producto\/apc-be650g1-lm-no-break-back-ups-es-be650g-650va-120v-8-cont\/"},"modified":"2026-04-07T00:29:41","modified_gmt":"2026-04-07T06:29:41","slug":"apc-be650g1-lm-no-break-back-ups-es-be650g-650va-120v-8-cont","status":"publish","type":"product","link":"https:\/\/compuviper.mx\/tienda\/producto\/apc-be650g1-lm-no-break-back-ups-es-be650g-650va-120v-8-cont\/","title":{"rendered":"Apc Be650g1-lm No Break  Back-ups Es Be650g 650va\/120v 8 Cont."},"content":{"rendered":"<table class=\"descripcion\">\n<tr>\n<td>Main input voltage<\/td>\n<\/tr>\n<tr>\n<td>120 v<\/td>\n<\/tr>\n<tr>\n<td>Main output voltage<\/td>\n<\/tr>\n<tr>\n<td>120 v<\/td>\n<\/tr>\n<tr>\n<td>Potencia nominal en w<\/td>\n<\/tr>\n<tr>\n<td>390 w<\/td>\n<\/tr>\n<tr>\n<td>Potencia nominal en va<\/td>\n<\/tr>\n<tr>\n<td>650 va<\/td>\n<\/tr>\n<tr>\n<td>Tipo de producto o componente<\/td>\n<\/tr>\n<tr>\n<td>Uninterruptible power supply (ups) ((*))<\/td>\n<\/tr>\n<tr>\n<td>Input connection type<\/td>\n<\/tr>\n<tr>\n<td>Nema 5-15p<\/td>\n<\/tr>\n<tr>\n<td>Output connection type<\/td>\n<\/tr>\n<tr>\n<td>4 nema 5-15r<\/td>\n<\/tr>\n<tr>\n<td>4 nema 5-15r pararrayos<\/td>\n<\/tr>\n<tr>\n<td>Longitud de cable<\/td>\n<\/tr>\n<tr>\n<td>1.5 m<\/td>\n<\/tr>\n<tr>\n<td>N\u00famero de cables<\/td>\n<\/tr>\n<tr>\n<td>1<\/td>\n<\/tr>\n<tr>\n<td>Tipo de bater\u00eda<\/td>\n<\/tr>\n<tr>\n<td>Bater\u00eda sellada de plomo<\/td>\n<\/tr>\n<tr>\n<td>Equipo suministrado<\/td>\n<\/tr>\n<tr>\n<td>Manual de usuario<\/td>\n<\/tr>\n<tr>\n<td>Cable usb<\/td>\n<\/tr>\n<tr>\n<td>Gama de producto<\/td>\n<\/tr>\n<tr>\n<td>Back-ups<\/td>\n<\/tr>\n<tr>\n<td>Bater\u00edas y autonom\u00eda<\/td>\n<\/tr>\n<tr>\n<td>Tiempo de ejecuci\u00f3n<\/td>\n<\/tr>\n<tr>\n<td>Eficiencia<\/td>\n<\/tr>\n<tr>\n<td>View efficiency graph<\/td>\n<\/tr>\n<tr>\n<td>Ranuras libres para bater\u00edas<\/td>\n<\/tr>\n<tr>\n<td>0<\/td>\n<\/tr>\n<tr>\n<td>Tiempo t\u00edpico de recarga<\/td>\n<\/tr>\n<tr>\n<td>24 h<\/td>\n<\/tr>\n<tr>\n<td>Cantidad de cartuchos de bater\u00eda de recambio<\/td>\n<\/tr>\n<tr>\n<td>1<\/td>\n<\/tr>\n<tr>\n<td>Potencia de carga de la bater\u00eda (vatios)<\/td>\n<\/tr>\n<tr>\n<td>3 w nominal<\/td>\n<\/tr>\n<tr>\n<td>Battery power in vah<\/td>\n<\/tr>\n<tr>\n<td>79 vah modo de ejecuci\u00f3n (inactivo)<\/td>\n<\/tr>\n<tr>\n<td>Vida de la bater\u00eda<\/td>\n<\/tr>\n<tr>\n<td>2\u00855 a\u00f1o(s)<\/td>\n<\/tr>\n<\/table>\n","protected":false},"excerpt":{"rendered":"<p>Este back-ups de apc ofrece protecci\u00f3n contra sobretensiones y energ\u00eda para redes inal\u00e1mbricas, computadoras, consolas de juegos y otros dispositivos electr\u00f3nicos en su hogar o negocio. El ups de 650 va para montaje en piso\/pared tiene 8 salidas en total, 4 de las cuales son respaldo de bater\u00eda y protecci\u00f3n contra sobretensiones, y 4 son solo protecci\u00f3n contra sobretensiones. Tiene una clasificaci\u00f3n de energ\u00eda de sobretensi\u00f3n de 340 julios. Este ups tiene una garant\u00eda de 3 a\u00f1os y certificaci\u00f3n de producto ce. Es compatible con una bater\u00eda dedicada reemplazable por el usuario, y el cartucho de bater\u00eda de reemplazo de apc ayuda a restaurar el rendimiento del ups a las especificaciones originales.<\/p>\n","protected":false},"featured_media":0,"comment_status":"open","ping_status":"open","template":"","meta":[],"product_cat":[1508,1691],"product_tag":[1694],"acf":[],"yoast_head":"<!-- This site is optimized with the Yoast SEO plugin v21.7 - https:\/\/yoast.com\/wordpress\/plugins\/seo\/ -->\n<title>[ Apc ] &#129351; Be650g1-lm No Break Back-ups Es Be650g 650va\/120v 8 Cont.<\/title>\n<meta name=\"description\" content=\"Compra Be650g1-lm No Break Back-ups Es Be650g 650va\/120v 8 Cont. + Env\u00edo a domicilio + Pago seguro + Garant\u00eda\" \/>\n<meta name=\"robots\" content=\"index, follow, max-snippet:-1, max-image-preview:large, max-video-preview:-1\" \/>\n<link rel=\"canonical\" href=\"https:\/\/compuviper.mx\/tienda\/producto\/apc-be650g1-lm-no-break-back-ups-es-be650g-650va-120v-8-cont\/\" \/>\n<meta property=\"og:locale\" content=\"es_MX\" \/>\n<meta property=\"og:type\" content=\"article\" \/>\n<meta property=\"og:title\" content=\"[ Apc ] &#129351; Be650g1-lm No Break Back-ups Es Be650g 650va\/120v 8 Cont.\" \/>\n<meta property=\"og:description\" content=\"Compra Be650g1-lm No Break Back-ups Es Be650g 650va\/120v 8 Cont. + Env\u00edo a domicilio + Pago seguro + Garant\u00eda\" \/>\n<meta property=\"og:url\" content=\"https:\/\/compuviper.mx\/tienda\/producto\/apc-be650g1-lm-no-break-back-ups-es-be650g-650va-120v-8-cont\/\" \/>\n<meta property=\"og:site_name\" content=\"Compuviper\" \/>\n<meta property=\"article:publisher\" content=\"https:\/\/www.facebook.com\/compuviper\" \/>\n<meta name=\"twitter:card\" content=\"summary_large_image\" \/>\n<meta name=\"twitter:label1\" content=\"Precio\" \/>\n\t<meta name=\"twitter:data1\" content=\"&#36;2,161 &#36;2,096 con IVA\" \/>\n\t<meta name=\"twitter:label2\" content=\"Availability\" \/>\n\t<meta name=\"twitter:data2\" content=\"Out of stock\" \/>\n<script type=\"application\/ld+json\" class=\"yoast-schema-graph\">{\"@context\":\"https:\/\/schema.org\",\"@graph\":[{\"@type\":\"WebPage\",\"@id\":\"https:\/\/compuviper.mx\/tienda\/producto\/apc-be650g1-lm-no-break-back-ups-es-be650g-650va-120v-8-cont\/\",\"url\":\"https:\/\/compuviper.mx\/tienda\/producto\/apc-be650g1-lm-no-break-back-ups-es-be650g-650va-120v-8-cont\/\",\"name\":\"[ Apc ] &#129351; Be650g1-lm No Break Back-ups Es Be650g 650va\/120v 8 Cont.\",\"isPartOf\":{\"@id\":\"https:\/\/compuviper.mx\/tienda\/#website\"},\"datePublished\":\"2026-04-07T06:29:41+00:00\",\"dateModified\":\"2026-04-07T06:29:41+00:00\",\"description\":\"Compra Be650g1-lm No Break Back-ups Es Be650g 650va\/120v 8 Cont. + Env\u00edo a domicilio + Pago seguro + Garant\u00eda\",\"breadcrumb\":{\"@id\":\"https:\/\/compuviper.mx\/tienda\/producto\/apc-be650g1-lm-no-break-back-ups-es-be650g-650va-120v-8-cont\/#breadcrumb\"},\"inLanguage\":\"es-MX\",\"potentialAction\":[{\"@type\":\"ReadAction\",\"target\":[\"https:\/\/compuviper.mx\/tienda\/producto\/apc-be650g1-lm-no-break-back-ups-es-be650g-650va-120v-8-cont\/\"]}]},{\"@type\":\"BreadcrumbList\",\"@id\":\"https:\/\/compuviper.mx\/tienda\/producto\/apc-be650g1-lm-no-break-back-ups-es-be650g-650va-120v-8-cont\/#breadcrumb\",\"itemListElement\":[{\"@type\":\"ListItem\",\"position\":1,\"name\":\"Inicio\",\"item\":\"https:\/\/compuviper.mx\/tienda\/\"},{\"@type\":\"ListItem\",\"position\":2,\"name\":\"Productos\",\"item\":\"https:\/\/compuviper.mx\/tienda\/productos\/\"},{\"@type\":\"ListItem\",\"position\":3,\"name\":\"Energia\",\"item\":\"https:\/\/compuviper.mx\/tienda\/categoria-producto\/energia\/\"},{\"@type\":\"ListItem\",\"position\":4,\"name\":\"No Break\",\"item\":\"https:\/\/compuviper.mx\/tienda\/categoria-producto\/energia\/no-break\/\"},{\"@type\":\"ListItem\",\"position\":5,\"name\":\"Apc Be650g1-lm No Break Back-ups Es Be650g 650va\/120v 8 Cont.\"}]},{\"@type\":\"WebSite\",\"@id\":\"https:\/\/compuviper.mx\/tienda\/#website\",\"url\":\"https:\/\/compuviper.mx\/tienda\/\",\"name\":\"Compuviper\",\"description\":\"Proveedor de Computadoras, Laptops, Servidores, Monitores, Puntos de Venta, Teclados,   Impresoras, T\u00f3ner, C\u00e1maras de Seguridad y m\u00e1s en tu tienda en l\u00ednea\",\"publisher\":{\"@id\":\"https:\/\/compuviper.mx\/tienda\/#organization\"},\"potentialAction\":[{\"@type\":\"SearchAction\",\"target\":{\"@type\":\"EntryPoint\",\"urlTemplate\":\"https:\/\/compuviper.mx\/tienda\/?s={search_term_string}\"},\"query-input\":\"required name=search_term_string\"}],\"inLanguage\":\"es-MX\"},{\"@type\":\"Organization\",\"@id\":\"https:\/\/compuviper.mx\/tienda\/#organization\",\"name\":\"Compuviper\",\"url\":\"https:\/\/compuviper.mx\/tienda\/\",\"logo\":{\"@type\":\"ImageObject\",\"inLanguage\":\"es-MX\",\"@id\":\"https:\/\/compuviper.mx\/tienda\/#\/schema\/logo\/image\/\",\"url\":\"https:\/\/compuviper.mx\/tienda\/wp-content\/uploads\/2021\/08\/Logo-Compuviper-10.png\",\"contentUrl\":\"https:\/\/compuviper.mx\/tienda\/wp-content\/uploads\/2021\/08\/Logo-Compuviper-10.png\",\"width\":1000,\"height\":500,\"caption\":\"Compuviper\"},\"image\":{\"@id\":\"https:\/\/compuviper.mx\/tienda\/#\/schema\/logo\/image\/\"},\"sameAs\":[\"https:\/\/www.facebook.com\/compuviper\",\"https:\/\/www.youtube.com\/channel\/UCf73dERp9Y3cfOq7q8BhLjA?view_as=subscriber\"]}]}<\/script>\n<meta property=\"product:brand\" content=\"APC\" \/>\n<meta property=\"product:price:amount\" content=\"2096\" \/>\n<meta property=\"product:price:currency\" content=\"MXN\" \/>\n<meta property=\"og:availability\" content=\"out of stock\" \/>\n<meta property=\"product:availability\" content=\"out of stock\" \/>\n<meta property=\"product:retailer_item_id\" content=\"BE650G1-LM\" \/>\n<meta property=\"product:condition\" content=\"new\" \/>\n<!-- \/ Yoast SEO plugin. -->","yoast_head_json":{"title":"[ Apc ] &#129351; Be650g1-lm No Break Back-ups Es Be650g 650va\/120v 8 Cont.","description":"Compra Be650g1-lm No Break Back-ups Es Be650g 650va\/120v 8 Cont. + Env\u00edo a domicilio + Pago seguro + Garant\u00eda","robots":{"index":"index","follow":"follow","max-snippet":"max-snippet:-1","max-image-preview":"max-image-preview:large","max-video-preview":"max-video-preview:-1"},"canonical":"https:\/\/compuviper.mx\/tienda\/producto\/apc-be650g1-lm-no-break-back-ups-es-be650g-650va-120v-8-cont\/","og_locale":"es_MX","og_type":"article","og_title":"[ Apc ] &#129351; Be650g1-lm No Break Back-ups Es Be650g 650va\/120v 8 Cont.","og_description":"Compra Be650g1-lm No Break Back-ups Es Be650g 650va\/120v 8 Cont. + Env\u00edo a domicilio + Pago seguro + Garant\u00eda","og_url":"https:\/\/compuviper.mx\/tienda\/producto\/apc-be650g1-lm-no-break-back-ups-es-be650g-650va-120v-8-cont\/","og_site_name":"Compuviper","article_publisher":"https:\/\/www.facebook.com\/compuviper","twitter_card":"summary_large_image","twitter_misc":{"Precio":"&#36;2,161 &#36;2,096 con IVA","Availability":"Out of stock"},"schema":{"@context":"https:\/\/schema.org","@graph":[{"@type":"WebPage","@id":"https:\/\/compuviper.mx\/tienda\/producto\/apc-be650g1-lm-no-break-back-ups-es-be650g-650va-120v-8-cont\/","url":"https:\/\/compuviper.mx\/tienda\/producto\/apc-be650g1-lm-no-break-back-ups-es-be650g-650va-120v-8-cont\/","name":"[ Apc ] &#129351; Be650g1-lm No Break Back-ups Es Be650g 650va\/120v 8 Cont.","isPartOf":{"@id":"https:\/\/compuviper.mx\/tienda\/#website"},"datePublished":"2026-04-07T06:29:41+00:00","dateModified":"2026-04-07T06:29:41+00:00","description":"Compra Be650g1-lm No Break Back-ups Es Be650g 650va\/120v 8 Cont. + Env\u00edo a domicilio + Pago seguro + Garant\u00eda","breadcrumb":{"@id":"https:\/\/compuviper.mx\/tienda\/producto\/apc-be650g1-lm-no-break-back-ups-es-be650g-650va-120v-8-cont\/#breadcrumb"},"inLanguage":"es-MX","potentialAction":[{"@type":"ReadAction","target":["https:\/\/compuviper.mx\/tienda\/producto\/apc-be650g1-lm-no-break-back-ups-es-be650g-650va-120v-8-cont\/"]}]},{"@type":"BreadcrumbList","@id":"https:\/\/compuviper.mx\/tienda\/producto\/apc-be650g1-lm-no-break-back-ups-es-be650g-650va-120v-8-cont\/#breadcrumb","itemListElement":[{"@type":"ListItem","position":1,"name":"Inicio","item":"https:\/\/compuviper.mx\/tienda\/"},{"@type":"ListItem","position":2,"name":"Productos","item":"https:\/\/compuviper.mx\/tienda\/productos\/"},{"@type":"ListItem","position":3,"name":"Energia","item":"https:\/\/compuviper.mx\/tienda\/categoria-producto\/energia\/"},{"@type":"ListItem","position":4,"name":"No Break","item":"https:\/\/compuviper.mx\/tienda\/categoria-producto\/energia\/no-break\/"},{"@type":"ListItem","position":5,"name":"Apc Be650g1-lm No Break Back-ups Es Be650g 650va\/120v 8 Cont."}]},{"@type":"WebSite","@id":"https:\/\/compuviper.mx\/tienda\/#website","url":"https:\/\/compuviper.mx\/tienda\/","name":"Compuviper","description":"Proveedor de Computadoras, Laptops, Servidores, Monitores, Puntos de Venta, Teclados,   Impresoras, T\u00f3ner, C\u00e1maras de Seguridad y m\u00e1s en tu tienda en l\u00ednea","publisher":{"@id":"https:\/\/compuviper.mx\/tienda\/#organization"},"potentialAction":[{"@type":"SearchAction","target":{"@type":"EntryPoint","urlTemplate":"https:\/\/compuviper.mx\/tienda\/?s={search_term_string}"},"query-input":"required name=search_term_string"}],"inLanguage":"es-MX"},{"@type":"Organization","@id":"https:\/\/compuviper.mx\/tienda\/#organization","name":"Compuviper","url":"https:\/\/compuviper.mx\/tienda\/","logo":{"@type":"ImageObject","inLanguage":"es-MX","@id":"https:\/\/compuviper.mx\/tienda\/#\/schema\/logo\/image\/","url":"https:\/\/compuviper.mx\/tienda\/wp-content\/uploads\/2021\/08\/Logo-Compuviper-10.png","contentUrl":"https:\/\/compuviper.mx\/tienda\/wp-content\/uploads\/2021\/08\/Logo-Compuviper-10.png","width":1000,"height":500,"caption":"Compuviper"},"image":{"@id":"https:\/\/compuviper.mx\/tienda\/#\/schema\/logo\/image\/"},"sameAs":["https:\/\/www.facebook.com\/compuviper","https:\/\/www.youtube.com\/channel\/UCf73dERp9Y3cfOq7q8BhLjA?view_as=subscriber"]}]},"product_brand":"APC","product_price_amount":"2096","product_price_currency":"MXN","og_availability":"out of stock","product_availability":"out of stock","product_retailer_item_id":"BE650G1-LM","product_condition":"new"},"_links":{"self":[{"href":"https:\/\/compuviper.mx\/tienda\/wp-json\/wp\/v2\/product\/261509"}],"collection":[{"href":"https:\/\/compuviper.mx\/tienda\/wp-json\/wp\/v2\/product"}],"about":[{"href":"https:\/\/compuviper.mx\/tienda\/wp-json\/wp\/v2\/types\/product"}],"replies":[{"embeddable":true,"href":"https:\/\/compuviper.mx\/tienda\/wp-json\/wp\/v2\/comments?post=261509"}],"wp:attachment":[{"href":"https:\/\/compuviper.mx\/tienda\/wp-json\/wp\/v2\/media?parent=261509"}],"wp:term":[{"taxonomy":"product_cat","embeddable":true,"href":"https:\/\/compuviper.mx\/tienda\/wp-json\/wp\/v2\/product_cat?post=261509"},{"taxonomy":"product_tag","embeddable":true,"href":"https:\/\/compuviper.mx\/tienda\/wp-json\/wp\/v2\/product_tag?post=261509"}],"curies":[{"name":"wp","href":"https:\/\/api.w.org\/{rel}","templated":true}]}}