{"id":261343,"date":"2026-04-23T00:18:24","date_gmt":"2026-04-23T06:18:24","guid":{"rendered":"https:\/\/compuviper.mx\/tienda\/producto\/dahua-dh-ipc-hfw3549t1-zas-pv-camara-ip-bullet-de-5-mp-wizsense-lente-varifocal-tioc-2-01-disuasion-activa-iluminador-dual-inteligente-ir-50-m-luz-calida-40-m-smd-4-0-audio-bidirecciona\/"},"modified":"2026-04-23T00:18:25","modified_gmt":"2026-04-23T06:18:25","slug":"dahua-dh-ipc-hfw3549t1-zas-pv-camara-ip-bullet-de-5-mp-wizsense-lente-varifocal-tioc-2-01-disuasion-activa-iluminador-dual-inteligente-ir-50-m-luz-calida-40-m-smd-4-0-audio-bidirecciona","status":"publish","type":"product","link":"https:\/\/compuviper.mx\/tienda\/producto\/dahua-dh-ipc-hfw3549t1-zas-pv-camara-ip-bullet-de-5-mp-wizsense-lente-varifocal-tioc-2-01-disuasion-activa-iluminador-dual-inteligente-ir-50-m-luz-calida-40-m-smd-4-0-audio-bidirecciona\/","title":{"rendered":"Dahua Dh-ipc-hfw3549t1-zas-pv Camara Ip\/ \/ \/ Bullet De 5 Mp \/wizsense\/ Lente Varifocal\/ Tioc 2.01\/ Disuasion Activa\/ Iluminador Dual Inteligente\/ Ir 50 M\/ Luz Calida 40 M \/ Smd 4.0 \/audio Bidirecciona"},"content":{"rendered":"<table class=\"descripcion\">\n<tr>\n<td>Caracteristicas principales<\/td>\n<\/tr>\n<tr>\n<td>\u0095 sensor de imagen cmos de 1\/3 de 4 mp, excelente rendimiento de baja luminancia y alta definicion de imagenes.<\/td>\n<\/tr>\n<tr>\n<td>\u0095 salidas max. 4 mp (2688 \u00d7 1520) a 25\/30 fps.<\/td>\n<\/tr>\n<tr>\n<td>\u0095 codec h.265, alta tasa de compresion, tasa de bits ultrabaja.<\/td>\n<\/tr>\n<tr>\n<td>\u0095 led ir integrado, max. distancia ir: 40 m.<\/td>\n<\/tr>\n<tr>\n<td>\u0095 roi, smart h.264 +\/h.265+, ai h.264\/h.265, codificacion flexible, aplicable a varios entornos de almacenamiento y ancho de banda.<\/td>\n<\/tr>\n<tr>\n<td>\u0095 modo de rotacion, wdr, 3d nr, hlc, blc, marca de agua digital, aplicable a varias escenas de monitoreo.<\/td>\n<\/tr>\n<tr>\n<td>\u0095 deteccion inteligente: intrusion, cable trampa (admite la clasificacion y deteccion precisa de vehiculos y humanos).<\/td>\n<\/tr>\n<\/table>\n","protected":false},"excerpt":{"rendered":"<p>Informacion general. La camara de red dahua wizsense serie 3 ahorra mucho ancho de banda y espacio de almacenamiento a traves de su tecnologia de codificacion ai. Impulsada por sus algoritmos avanzados de aprendizaje profundo, la camara admite funciones inteligentes como proteccion perimetral, deteccion de movimiento inteligente (smd), seleccion rapida y ai ssa (autoadaptacion de escena ai), lo que la hace facil y conveniente de usar. La tecnologia starlight y su lente de gran apertura tambien permiten que la camara produzca imagenes claras y vividas incluso en condiciones de poca luz. Proteccion perimetral. Con un algoritmo de aprendizaje profundo, la tecnologia de proteccion perimetral de dahua puede reconocer a humanos y vehiculos con precision. En areas restringidas (como areas para peatones y vehiculos), las falsas alarmas de deteccion inteligente basadas en el tipo de objetivo (como cable trampa, intrusion) se reducen en gran medida. Smd mas. La camara de red dahua wizsense serie 3 ahorra mucho ancho de banda y espacio de almacenamiento a traves de su tecnologia de codificacion ai. Impulsada por sus algoritmos avanzados de aprendizaje profundo, la camara admite funciones inteligentes como proteccion perimetral, deteccion de movimiento inteligente (smd), seleccion rapida y ai ssa (autoadaptacion de escena ai), lo que la hace facil y conveniente de usar. La tecnologia starlight y su lente de gran apertura tambien permiten que la camara produzca imagenes claras y vividas incluso en condiciones de poca luz. Proteccion (ip67, amplio voltaje. Ip67: la camara pasa una serie de pruebas estrictas sobre polvo y remojo. Tiene una funcion a prueba de polvo y la carcasa puede funcionar normalmente despues de sumergirse en agua a 1 m de profundidad durante 30 minutos. Ik10: el recinto puede soportar mas de 5 golpes de un martillo de 5 kg que cae desde una altura de 40 cm (la energia del impacto es de 20j). Amplio voltaje: la camara permite una tolerancia de voltaje de entrada de \u00b130 % (para algunas fuentes de alimentacion) (amplio rango de voltaje) y se aplica ampliamente en ambientes exteriores con voltaje inestable.<\/p>\n","protected":false},"featured_media":0,"comment_status":"open","ping_status":"open","template":"","meta":[],"product_cat":[1681,1608],"product_tag":[1555],"acf":[],"yoast_head":"<!-- This site is optimized with the Yoast SEO plugin v21.7 - https:\/\/yoast.com\/wordpress\/plugins\/seo\/ -->\n<title>[ Dahua ] &#129351; Dh-ipc-hfw3549t1-zas-pv Camara Ip\/ \/ \/ Bullet De 5 Mp \/wizsense\/ Lente Varifocal\/ Tioc 2.01\/ Disuasion Activa\/ Iluminador Dual Inteligente\/ Ir 50 M\/ Luz Calida 40 M \/ Smd 4.0 \/audio Bidirecciona<\/title>\n<meta name=\"description\" content=\"Compra Dh-ipc-hfw3549t1-zas-pv Camara Ip\/ \/ \/ Bullet De 5 Mp \/wizsense\/ Lente Varifocal\/ Tioc 2.01\/ Disuasion Activa\/ Iluminador Dual Inteligente\/ Ir 50 M\/ Luz Calida 40 M \/ Smd 4.0 \/audio Bidirecciona + Env\u00edo a domicilio + Pago seguro + Garant\u00eda\" \/>\n<meta name=\"robots\" content=\"index, follow, max-snippet:-1, max-image-preview:large, max-video-preview:-1\" \/>\n<link rel=\"canonical\" href=\"https:\/\/compuviper.mx\/tienda\/producto\/dahua-dh-ipc-hfw3549t1-zas-pv-camara-ip-bullet-de-5-mp-wizsense-lente-varifocal-tioc-2-01-disuasion-activa-iluminador-dual-inteligente-ir-50-m-luz-calida-40-m-smd-4-0-audio-bidirecciona\/\" \/>\n<meta property=\"og:locale\" content=\"es_MX\" \/>\n<meta property=\"og:type\" content=\"article\" \/>\n<meta property=\"og:title\" content=\"[ Dahua ] &#129351; Dh-ipc-hfw3549t1-zas-pv Camara Ip\/ \/ \/ Bullet De 5 Mp \/wizsense\/ Lente Varifocal\/ Tioc 2.01\/ Disuasion Activa\/ Iluminador Dual Inteligente\/ Ir 50 M\/ Luz Calida 40 M \/ Smd 4.0 \/audio Bidirecciona\" \/>\n<meta property=\"og:description\" content=\"Compra Dh-ipc-hfw3549t1-zas-pv Camara Ip\/ \/ \/ Bullet De 5 Mp \/wizsense\/ Lente Varifocal\/ Tioc 2.01\/ Disuasion Activa\/ Iluminador Dual Inteligente\/ Ir 50 M\/ Luz Calida 40 M \/ Smd 4.0 \/audio Bidirecciona + Env\u00edo a domicilio + Pago seguro + Garant\u00eda\" \/>\n<meta property=\"og:url\" content=\"https:\/\/compuviper.mx\/tienda\/producto\/dahua-dh-ipc-hfw3549t1-zas-pv-camara-ip-bullet-de-5-mp-wizsense-lente-varifocal-tioc-2-01-disuasion-activa-iluminador-dual-inteligente-ir-50-m-luz-calida-40-m-smd-4-0-audio-bidirecciona\/\" \/>\n<meta property=\"og:site_name\" content=\"Compuviper\" \/>\n<meta property=\"article:publisher\" content=\"https:\/\/www.facebook.com\/compuviper\" \/>\n<meta property=\"article:modified_time\" content=\"2026-04-23T06:18:25+00:00\" \/>\n<meta name=\"twitter:card\" content=\"summary_large_image\" \/>\n<meta name=\"twitter:label1\" content=\"Precio\" \/>\n\t<meta name=\"twitter:data1\" content=\"&#36;5,465 con IVA\" \/>\n\t<meta name=\"twitter:label2\" content=\"Availability\" \/>\n\t<meta name=\"twitter:data2\" content=\"On backorder\" \/>\n<script type=\"application\/ld+json\" class=\"yoast-schema-graph\">{\"@context\":\"https:\/\/schema.org\",\"@graph\":[{\"@type\":\"WebPage\",\"@id\":\"https:\/\/compuviper.mx\/tienda\/producto\/dahua-dh-ipc-hfw3549t1-zas-pv-camara-ip-bullet-de-5-mp-wizsense-lente-varifocal-tioc-2-01-disuasion-activa-iluminador-dual-inteligente-ir-50-m-luz-calida-40-m-smd-4-0-audio-bidirecciona\/\",\"url\":\"https:\/\/compuviper.mx\/tienda\/producto\/dahua-dh-ipc-hfw3549t1-zas-pv-camara-ip-bullet-de-5-mp-wizsense-lente-varifocal-tioc-2-01-disuasion-activa-iluminador-dual-inteligente-ir-50-m-luz-calida-40-m-smd-4-0-audio-bidirecciona\/\",\"name\":\"[ Dahua ] &#129351; Dh-ipc-hfw3549t1-zas-pv Camara Ip\/ \/ \/ Bullet De 5 Mp \/wizsense\/ Lente Varifocal\/ Tioc 2.01\/ Disuasion Activa\/ Iluminador Dual Inteligente\/ Ir 50 M\/ Luz Calida 40 M \/ Smd 4.0 \/audio Bidirecciona\",\"isPartOf\":{\"@id\":\"https:\/\/compuviper.mx\/tienda\/#website\"},\"datePublished\":\"2026-04-23T06:18:24+00:00\",\"dateModified\":\"2026-04-23T06:18:25+00:00\",\"description\":\"Compra Dh-ipc-hfw3549t1-zas-pv Camara Ip\/ \/ \/ Bullet De 5 Mp \/wizsense\/ Lente Varifocal\/ Tioc 2.01\/ Disuasion Activa\/ Iluminador Dual Inteligente\/ Ir 50 M\/ Luz Calida 40 M \/ Smd 4.0 \/audio Bidirecciona + Env\u00edo a domicilio + Pago seguro + Garant\u00eda\",\"breadcrumb\":{\"@id\":\"https:\/\/compuviper.mx\/tienda\/producto\/dahua-dh-ipc-hfw3549t1-zas-pv-camara-ip-bullet-de-5-mp-wizsense-lente-varifocal-tioc-2-01-disuasion-activa-iluminador-dual-inteligente-ir-50-m-luz-calida-40-m-smd-4-0-audio-bidirecciona\/#breadcrumb\"},\"inLanguage\":\"es-MX\",\"potentialAction\":[{\"@type\":\"ReadAction\",\"target\":[\"https:\/\/compuviper.mx\/tienda\/producto\/dahua-dh-ipc-hfw3549t1-zas-pv-camara-ip-bullet-de-5-mp-wizsense-lente-varifocal-tioc-2-01-disuasion-activa-iluminador-dual-inteligente-ir-50-m-luz-calida-40-m-smd-4-0-audio-bidirecciona\/\"]}]},{\"@type\":\"BreadcrumbList\",\"@id\":\"https:\/\/compuviper.mx\/tienda\/producto\/dahua-dh-ipc-hfw3549t1-zas-pv-camara-ip-bullet-de-5-mp-wizsense-lente-varifocal-tioc-2-01-disuasion-activa-iluminador-dual-inteligente-ir-50-m-luz-calida-40-m-smd-4-0-audio-bidirecciona\/#breadcrumb\",\"itemListElement\":[{\"@type\":\"ListItem\",\"position\":1,\"name\":\"Inicio\",\"item\":\"https:\/\/compuviper.mx\/tienda\/\"},{\"@type\":\"ListItem\",\"position\":2,\"name\":\"Productos\",\"item\":\"https:\/\/compuviper.mx\/tienda\/productos\/\"},{\"@type\":\"ListItem\",\"position\":3,\"name\":\"Camaras\",\"item\":\"https:\/\/compuviper.mx\/tienda\/categoria-producto\/camaras-2\/\"},{\"@type\":\"ListItem\",\"position\":4,\"name\":\"Camara De Videovigilancia\",\"item\":\"https:\/\/compuviper.mx\/tienda\/categoria-producto\/camaras-2\/camara-de-videovigilancia\/\"},{\"@type\":\"ListItem\",\"position\":5,\"name\":\"Dahua Dh-ipc-hfw3549t1-zas-pv Camara Ip\/ \/ \/ Bullet De 5 Mp \/wizsense\/ Lente Varifocal\/ Tioc 2.01\/ Disuasion Activa\/ Iluminador Dual Inteligente\/ Ir 50 M\/ Luz Calida 40 M \/ Smd 4.0 \/audio Bidirecciona\"}]},{\"@type\":\"WebSite\",\"@id\":\"https:\/\/compuviper.mx\/tienda\/#website\",\"url\":\"https:\/\/compuviper.mx\/tienda\/\",\"name\":\"Compuviper\",\"description\":\"Proveedor de Computadoras, Laptops, Servidores, Monitores, Puntos de Venta, Teclados,   Impresoras, T\u00f3ner, C\u00e1maras de Seguridad y m\u00e1s en tu tienda en l\u00ednea\",\"publisher\":{\"@id\":\"https:\/\/compuviper.mx\/tienda\/#organization\"},\"potentialAction\":[{\"@type\":\"SearchAction\",\"target\":{\"@type\":\"EntryPoint\",\"urlTemplate\":\"https:\/\/compuviper.mx\/tienda\/?s={search_term_string}\"},\"query-input\":\"required name=search_term_string\"}],\"inLanguage\":\"es-MX\"},{\"@type\":\"Organization\",\"@id\":\"https:\/\/compuviper.mx\/tienda\/#organization\",\"name\":\"Compuviper\",\"url\":\"https:\/\/compuviper.mx\/tienda\/\",\"logo\":{\"@type\":\"ImageObject\",\"inLanguage\":\"es-MX\",\"@id\":\"https:\/\/compuviper.mx\/tienda\/#\/schema\/logo\/image\/\",\"url\":\"https:\/\/compuviper.mx\/tienda\/wp-content\/uploads\/2021\/08\/Logo-Compuviper-10.png\",\"contentUrl\":\"https:\/\/compuviper.mx\/tienda\/wp-content\/uploads\/2021\/08\/Logo-Compuviper-10.png\",\"width\":1000,\"height\":500,\"caption\":\"Compuviper\"},\"image\":{\"@id\":\"https:\/\/compuviper.mx\/tienda\/#\/schema\/logo\/image\/\"},\"sameAs\":[\"https:\/\/www.facebook.com\/compuviper\",\"https:\/\/www.youtube.com\/channel\/UCf73dERp9Y3cfOq7q8BhLjA?view_as=subscriber\"]}]}<\/script>\n<meta property=\"product:brand\" content=\"DAHUA\" \/>\n<meta property=\"product:price:amount\" content=\"5465\" \/>\n<meta property=\"product:price:currency\" content=\"MXN\" \/>\n<meta property=\"og:availability\" content=\"backorder\" \/>\n<meta property=\"product:availability\" content=\"available for order\" \/>\n<meta property=\"product:retailer_item_id\" content=\"DH-IPC-HFW3549T1-ZAS-PV\" \/>\n<meta property=\"product:condition\" content=\"new\" \/>\n<!-- \/ Yoast SEO plugin. -->","yoast_head_json":{"title":"[ Dahua ] &#129351; Dh-ipc-hfw3549t1-zas-pv Camara Ip\/ \/ \/ Bullet De 5 Mp \/wizsense\/ Lente Varifocal\/ Tioc 2.01\/ Disuasion Activa\/ Iluminador Dual Inteligente\/ Ir 50 M\/ Luz Calida 40 M \/ Smd 4.0 \/audio Bidirecciona","description":"Compra Dh-ipc-hfw3549t1-zas-pv Camara Ip\/ \/ \/ Bullet De 5 Mp \/wizsense\/ Lente Varifocal\/ Tioc 2.01\/ Disuasion Activa\/ Iluminador Dual Inteligente\/ Ir 50 M\/ Luz Calida 40 M \/ Smd 4.0 \/audio Bidirecciona + Env\u00edo a domicilio + Pago seguro + Garant\u00eda","robots":{"index":"index","follow":"follow","max-snippet":"max-snippet:-1","max-image-preview":"max-image-preview:large","max-video-preview":"max-video-preview:-1"},"canonical":"https:\/\/compuviper.mx\/tienda\/producto\/dahua-dh-ipc-hfw3549t1-zas-pv-camara-ip-bullet-de-5-mp-wizsense-lente-varifocal-tioc-2-01-disuasion-activa-iluminador-dual-inteligente-ir-50-m-luz-calida-40-m-smd-4-0-audio-bidirecciona\/","og_locale":"es_MX","og_type":"article","og_title":"[ Dahua ] &#129351; Dh-ipc-hfw3549t1-zas-pv Camara Ip\/ \/ \/ Bullet De 5 Mp \/wizsense\/ Lente Varifocal\/ Tioc 2.01\/ Disuasion Activa\/ Iluminador Dual Inteligente\/ Ir 50 M\/ Luz Calida 40 M \/ Smd 4.0 \/audio Bidirecciona","og_description":"Compra Dh-ipc-hfw3549t1-zas-pv Camara Ip\/ \/ \/ Bullet De 5 Mp \/wizsense\/ Lente Varifocal\/ Tioc 2.01\/ Disuasion Activa\/ Iluminador Dual Inteligente\/ Ir 50 M\/ Luz Calida 40 M \/ Smd 4.0 \/audio Bidirecciona + Env\u00edo a domicilio + Pago seguro + Garant\u00eda","og_url":"https:\/\/compuviper.mx\/tienda\/producto\/dahua-dh-ipc-hfw3549t1-zas-pv-camara-ip-bullet-de-5-mp-wizsense-lente-varifocal-tioc-2-01-disuasion-activa-iluminador-dual-inteligente-ir-50-m-luz-calida-40-m-smd-4-0-audio-bidirecciona\/","og_site_name":"Compuviper","article_publisher":"https:\/\/www.facebook.com\/compuviper","article_modified_time":"2026-04-23T06:18:25+00:00","twitter_card":"summary_large_image","twitter_misc":{"Precio":"&#36;5,465 con IVA","Availability":"On backorder"},"schema":{"@context":"https:\/\/schema.org","@graph":[{"@type":"WebPage","@id":"https:\/\/compuviper.mx\/tienda\/producto\/dahua-dh-ipc-hfw3549t1-zas-pv-camara-ip-bullet-de-5-mp-wizsense-lente-varifocal-tioc-2-01-disuasion-activa-iluminador-dual-inteligente-ir-50-m-luz-calida-40-m-smd-4-0-audio-bidirecciona\/","url":"https:\/\/compuviper.mx\/tienda\/producto\/dahua-dh-ipc-hfw3549t1-zas-pv-camara-ip-bullet-de-5-mp-wizsense-lente-varifocal-tioc-2-01-disuasion-activa-iluminador-dual-inteligente-ir-50-m-luz-calida-40-m-smd-4-0-audio-bidirecciona\/","name":"[ Dahua ] &#129351; Dh-ipc-hfw3549t1-zas-pv Camara Ip\/ \/ \/ Bullet De 5 Mp \/wizsense\/ Lente Varifocal\/ Tioc 2.01\/ Disuasion Activa\/ Iluminador Dual Inteligente\/ Ir 50 M\/ Luz Calida 40 M \/ Smd 4.0 \/audio Bidirecciona","isPartOf":{"@id":"https:\/\/compuviper.mx\/tienda\/#website"},"datePublished":"2026-04-23T06:18:24+00:00","dateModified":"2026-04-23T06:18:25+00:00","description":"Compra Dh-ipc-hfw3549t1-zas-pv Camara Ip\/ \/ \/ Bullet De 5 Mp \/wizsense\/ Lente Varifocal\/ Tioc 2.01\/ Disuasion Activa\/ Iluminador Dual Inteligente\/ Ir 50 M\/ Luz Calida 40 M \/ Smd 4.0 \/audio Bidirecciona + Env\u00edo a domicilio + Pago seguro + Garant\u00eda","breadcrumb":{"@id":"https:\/\/compuviper.mx\/tienda\/producto\/dahua-dh-ipc-hfw3549t1-zas-pv-camara-ip-bullet-de-5-mp-wizsense-lente-varifocal-tioc-2-01-disuasion-activa-iluminador-dual-inteligente-ir-50-m-luz-calida-40-m-smd-4-0-audio-bidirecciona\/#breadcrumb"},"inLanguage":"es-MX","potentialAction":[{"@type":"ReadAction","target":["https:\/\/compuviper.mx\/tienda\/producto\/dahua-dh-ipc-hfw3549t1-zas-pv-camara-ip-bullet-de-5-mp-wizsense-lente-varifocal-tioc-2-01-disuasion-activa-iluminador-dual-inteligente-ir-50-m-luz-calida-40-m-smd-4-0-audio-bidirecciona\/"]}]},{"@type":"BreadcrumbList","@id":"https:\/\/compuviper.mx\/tienda\/producto\/dahua-dh-ipc-hfw3549t1-zas-pv-camara-ip-bullet-de-5-mp-wizsense-lente-varifocal-tioc-2-01-disuasion-activa-iluminador-dual-inteligente-ir-50-m-luz-calida-40-m-smd-4-0-audio-bidirecciona\/#breadcrumb","itemListElement":[{"@type":"ListItem","position":1,"name":"Inicio","item":"https:\/\/compuviper.mx\/tienda\/"},{"@type":"ListItem","position":2,"name":"Productos","item":"https:\/\/compuviper.mx\/tienda\/productos\/"},{"@type":"ListItem","position":3,"name":"Camaras","item":"https:\/\/compuviper.mx\/tienda\/categoria-producto\/camaras-2\/"},{"@type":"ListItem","position":4,"name":"Camara De Videovigilancia","item":"https:\/\/compuviper.mx\/tienda\/categoria-producto\/camaras-2\/camara-de-videovigilancia\/"},{"@type":"ListItem","position":5,"name":"Dahua Dh-ipc-hfw3549t1-zas-pv Camara Ip\/ \/ \/ Bullet De 5 Mp \/wizsense\/ Lente Varifocal\/ Tioc 2.01\/ Disuasion Activa\/ Iluminador Dual Inteligente\/ Ir 50 M\/ Luz Calida 40 M \/ Smd 4.0 \/audio Bidirecciona"}]},{"@type":"WebSite","@id":"https:\/\/compuviper.mx\/tienda\/#website","url":"https:\/\/compuviper.mx\/tienda\/","name":"Compuviper","description":"Proveedor de Computadoras, Laptops, Servidores, Monitores, Puntos de Venta, Teclados,   Impresoras, T\u00f3ner, C\u00e1maras de Seguridad y m\u00e1s en tu tienda en l\u00ednea","publisher":{"@id":"https:\/\/compuviper.mx\/tienda\/#organization"},"potentialAction":[{"@type":"SearchAction","target":{"@type":"EntryPoint","urlTemplate":"https:\/\/compuviper.mx\/tienda\/?s={search_term_string}"},"query-input":"required name=search_term_string"}],"inLanguage":"es-MX"},{"@type":"Organization","@id":"https:\/\/compuviper.mx\/tienda\/#organization","name":"Compuviper","url":"https:\/\/compuviper.mx\/tienda\/","logo":{"@type":"ImageObject","inLanguage":"es-MX","@id":"https:\/\/compuviper.mx\/tienda\/#\/schema\/logo\/image\/","url":"https:\/\/compuviper.mx\/tienda\/wp-content\/uploads\/2021\/08\/Logo-Compuviper-10.png","contentUrl":"https:\/\/compuviper.mx\/tienda\/wp-content\/uploads\/2021\/08\/Logo-Compuviper-10.png","width":1000,"height":500,"caption":"Compuviper"},"image":{"@id":"https:\/\/compuviper.mx\/tienda\/#\/schema\/logo\/image\/"},"sameAs":["https:\/\/www.facebook.com\/compuviper","https:\/\/www.youtube.com\/channel\/UCf73dERp9Y3cfOq7q8BhLjA?view_as=subscriber"]}]},"product_brand":"DAHUA","product_price_amount":"5465","product_price_currency":"MXN","og_availability":"backorder","product_availability":"available for order","product_retailer_item_id":"DH-IPC-HFW3549T1-ZAS-PV","product_condition":"new"},"_links":{"self":[{"href":"https:\/\/compuviper.mx\/tienda\/wp-json\/wp\/v2\/product\/261343"}],"collection":[{"href":"https:\/\/compuviper.mx\/tienda\/wp-json\/wp\/v2\/product"}],"about":[{"href":"https:\/\/compuviper.mx\/tienda\/wp-json\/wp\/v2\/types\/product"}],"replies":[{"embeddable":true,"href":"https:\/\/compuviper.mx\/tienda\/wp-json\/wp\/v2\/comments?post=261343"}],"wp:attachment":[{"href":"https:\/\/compuviper.mx\/tienda\/wp-json\/wp\/v2\/media?parent=261343"}],"wp:term":[{"taxonomy":"product_cat","embeddable":true,"href":"https:\/\/compuviper.mx\/tienda\/wp-json\/wp\/v2\/product_cat?post=261343"},{"taxonomy":"product_tag","embeddable":true,"href":"https:\/\/compuviper.mx\/tienda\/wp-json\/wp\/v2\/product_tag?post=261343"}],"curies":[{"name":"wp","href":"https:\/\/api.w.org\/{rel}","templated":true}]}}