{"id":261338,"date":"2026-04-07T23:18:59","date_gmt":"2026-04-08T05:18:59","guid":{"rendered":"https:\/\/compuviper.mx\/tienda\/producto\/manhattan-130752-estaciondeacoplamiento-estacin-de-acoplamiento-y-clonacin-de-ssd-m-2-nvme\/"},"modified":"2026-04-07T23:18:59","modified_gmt":"2026-04-08T05:18:59","slug":"manhattan-130752-estaciondeacoplamiento-estacin-de-acoplamiento-y-clonacin-de-ssd-m-2-nvme","status":"publish","type":"product","link":"https:\/\/compuviper.mx\/tienda\/producto\/manhattan-130752-estaciondeacoplamiento-estacin-de-acoplamiento-y-clonacin-de-ssd-m-2-nvme\/","title":{"rendered":"Manhattan 130752 Estaciondeacoplamiento\/\/\/estaci?n De Acoplamiento Y Clonaci?n De Ssd M.2 Nvme"},"content":{"rendered":"<table class=\"descripcion\">\n<tr>\n<td>Estacin de acoplamiento y clonacin de ssd m.2 nvme<\/td>\n<\/tr>\n<tr>\n<td>Est\u00e1ndares y certificaciones<\/td>\n<\/tr>\n<tr>\n<td>Ce<\/td>\n<\/tr>\n<tr>\n<td>Fcc<\/td>\n<\/tr>\n<tr>\n<td>Rohs<\/td>\n<\/tr>\n<tr>\n<td>Reach<\/td>\n<\/tr>\n<tr>\n<td>Ukca<\/td>\n<\/tr>\n<tr>\n<td>General<\/td>\n<\/tr>\n<tr>\n<td>Tipo: m.2 pcie, nvme, m-key, ngff<\/td>\n<\/tr>\n<tr>\n<td>Formatos m.2 admitidos: 22 mm de ancho; 30, 42, 60, 80 o 110 mm de largo<\/td>\n<\/tr>\n<tr>\n<td>Chipset: jms586u<\/td>\n<\/tr>\n<tr>\n<td>Conexiones<\/td>\n<\/tr>\n<tr>\n<td>Dos ranuras m.2 conector de unidad<\/td>\n<\/tr>\n<tr>\n<td>Un usb-c de 24 pines, macho conector de host<\/td>\n<\/tr>\n<tr>\n<td>Un usb-c de 24 pines, hembra conexin de alimentacin, 5.0 v, 3.0 a<\/td>\n<\/tr>\n<tr>\n<td>Velocidades de transferencia<\/td>\n<\/tr>\n<tr>\n<td>Clonacin interna: 95 gbpm<\/td>\n<\/tr>\n<tr>\n<td>Usb 3.2 gen 2: 10 gbps<\/td>\n<\/tr>\n<tr>\n<td>Usb 3.2 gen 1: 5 gbps<\/td>\n<\/tr>\n<tr>\n<td>Datos fsicos<\/td>\n<\/tr>\n<tr>\n<td>Dimensions l x an x a: 76 x 76 x 16 mm 2.99 x 2.99 x 0.63 in.<\/td>\n<\/tr>\n<tr>\n<td>Peso neto: 200 g 0.44 lbs.<\/td>\n<\/tr>\n<tr>\n<td>Peso bruto: 250 g 0.55 lbs.<\/td>\n<\/tr>\n<tr>\n<td>Longitud del cable de conexin integrado: 0.2 m 8 pulg.<\/td>\n<\/tr>\n<tr>\n<td>Longitud del cable de alimentacin incluido: 0.5 m 1.6 pies<\/td>\n<\/tr>\n<tr>\n<td>Cubierta: pl\u00e1stico abs<\/td>\n<\/tr>\n<tr>\n<td>Entorno de funcionamiento<\/td>\n<\/tr>\n<tr>\n<td>Temperatura de funcionamiento: 0 &#8211; 50\u00b0c 32 &#8211; 122\u00b0f<\/td>\n<\/tr>\n<tr>\n<td>Temperatura de almacenamiento: -10 &#8211; 60\u00b0c 14 &#8211; 140\u00b0f<\/td>\n<\/tr>\n<tr>\n<td>Humedad sin condensacin 0 &#8211; 85 hr<\/td>\n<\/tr>\n<tr>\n<td>Requisitos del sistema<\/td>\n<\/tr>\n<tr>\n<td>Windows 7\/8.1\/10\/11, linux, chrome os, macos, ipados o android<\/td>\n<\/tr>\n<tr>\n<td>Contenido del paquete<\/td>\n<\/tr>\n<tr>\n<td>Estacin de acoplamiento y clonacin de ssd m.2 nvme<\/td>\n<\/tr>\n<tr>\n<td>Adaptador de alimentacin usb tipo-c, 1 m<\/td>\n<\/tr>\n<tr>\n<td>Instrucciones<\/td>\n<\/tr>\n<\/table>\n","protected":false},"excerpt":{"rendered":"<p>Estacin de acoplamiento con 2 bahas para clonacin de ssd &#8211; ideal para duplicar unidades sin esfuerzo con o sin pc y un f\u00e1cil acceso a los datos de la unidad a una sper velocidad. Simplifica la gestin de tu ssd con la estacin de acoplamiento y clonacin de ssd nvme m.2 manhattan, una herramienta superior tanto para profesionales de ti como para entusiastas de la tecnologa. Este dispositivo vers\u00e1til te permite clonar tus ssd con solo presionar un botn, sin necesidad de pc, o acceder a ellos a travs de usb-c para transferencias r\u00e1pidas de datos. Compatibilidad vers\u00e1til con mltiples tamaos de ssd. Diseada para adaptarse a una variedad de tamaos de ssd 2230, 2242, 2260, 2280 y 22110, esta estacin de acoplamiento admite unidades basadas en clave m pcie nvme y clave bm nvme. Ya sea que necesites duplicar una unidad a velocidades superr\u00e1pidas de hasta 95 gb por minuto o simplemente ampliar su almacenamiento para laptops, consolas de juegos o dispositivos nas, esta estacin de acoplamiento ofrece un rendimiento excelente. Transferencias superspeed y diseo compacto. Equipada con un cable integrado usb 3.2 gen 2 tipo-c de 20 cm, disfruta de transferencias de datos superspeed de hasta 10 gbps. El diseo compacto requiere un espacio mnimo, lo que lo hace perfecto para estaciones de trabajo ordenadas. Con compatibilidad con uasp y trim, experimente velocidades de lectura\/escritura m\u00e1s r\u00e1pidas y una vida til prolongada del ssd. Ideal para profesionales de ti y simplicidad plug-and-play. Ideal para administradores de ti que manejan copias de seguridad de datos, actualizaciones de hardware y tareas de soporte, esta estacin de acoplamiento cuenta con instalacin plug-and-play, intercambio en caliente y un diseo sin herramientas para un funcionamiento sin complicaciones. Adem\u00e1s, los indicadores led en tiempo real te mantienen informado del progreso de la clonacin. Amplia compatibilidad con todos los sistemas operativos. Compatible con windows, macos, linux, chrome os, ipados y android, esta duplicadora est\u00e1 lista para funcionar desde el primer momento, sin necesidad de controladores ni software.<\/p>\n","protected":false},"featured_media":0,"comment_status":"open","ping_status":"open","template":"","meta":[],"product_cat":[1485,1519],"product_tag":[1487],"acf":[],"yoast_head":"<!-- This site is optimized with the Yoast SEO plugin v21.7 - https:\/\/yoast.com\/wordpress\/plugins\/seo\/ -->\n<title>[ Manhattan ] &#129351; 130752 Estaciondeacoplamiento\/\/\/estaci\u00f3n De Acoplamiento Y Clonaci\u00f3n De Ssd M.2 Nvme<\/title>\n<meta name=\"description\" content=\"Compra 130752 Estaciondeacoplamiento\/\/\/estaci\u00f3n De Acoplamiento Y Clonaci\u00f3n De Ssd M.2 Nvme + Env\u00edo a domicilio + Pago seguro + Garant\u00eda\" \/>\n<meta name=\"robots\" content=\"index, follow, max-snippet:-1, max-image-preview:large, max-video-preview:-1\" \/>\n<link rel=\"canonical\" href=\"https:\/\/compuviper.mx\/tienda\/producto\/manhattan-130752-estaciondeacoplamiento-estacin-de-acoplamiento-y-clonacin-de-ssd-m-2-nvme\/\" \/>\n<meta property=\"og:locale\" content=\"es_MX\" \/>\n<meta property=\"og:type\" content=\"article\" \/>\n<meta property=\"og:title\" content=\"[ Manhattan ] &#129351; 130752 Estaciondeacoplamiento\/\/\/estaci\u00f3n De Acoplamiento Y Clonaci\u00f3n De Ssd M.2 Nvme\" \/>\n<meta property=\"og:description\" content=\"Compra 130752 Estaciondeacoplamiento\/\/\/estaci\u00f3n De Acoplamiento Y Clonaci\u00f3n De Ssd M.2 Nvme + Env\u00edo a domicilio + Pago seguro + Garant\u00eda\" \/>\n<meta property=\"og:url\" content=\"https:\/\/compuviper.mx\/tienda\/producto\/manhattan-130752-estaciondeacoplamiento-estacin-de-acoplamiento-y-clonacin-de-ssd-m-2-nvme\/\" \/>\n<meta property=\"og:site_name\" content=\"Compuviper\" \/>\n<meta property=\"article:publisher\" content=\"https:\/\/www.facebook.com\/compuviper\" \/>\n<meta name=\"twitter:card\" content=\"summary_large_image\" \/>\n<meta name=\"twitter:label1\" content=\"Precio\" \/>\n\t<meta name=\"twitter:data1\" content=\"&#36;1,704 con IVA\" \/>\n\t<meta name=\"twitter:label2\" content=\"Availability\" \/>\n\t<meta name=\"twitter:data2\" content=\"Out of stock\" \/>\n<script type=\"application\/ld+json\" class=\"yoast-schema-graph\">{\"@context\":\"https:\/\/schema.org\",\"@graph\":[{\"@type\":\"WebPage\",\"@id\":\"https:\/\/compuviper.mx\/tienda\/producto\/manhattan-130752-estaciondeacoplamiento-estacin-de-acoplamiento-y-clonacin-de-ssd-m-2-nvme\/\",\"url\":\"https:\/\/compuviper.mx\/tienda\/producto\/manhattan-130752-estaciondeacoplamiento-estacin-de-acoplamiento-y-clonacin-de-ssd-m-2-nvme\/\",\"name\":\"[ Manhattan ] &#129351; 130752 Estaciondeacoplamiento\/\/\/estaci\u00f3n De Acoplamiento Y Clonaci\u00f3n De Ssd M.2 Nvme\",\"isPartOf\":{\"@id\":\"https:\/\/compuviper.mx\/tienda\/#website\"},\"datePublished\":\"2026-04-08T05:18:59+00:00\",\"dateModified\":\"2026-04-08T05:18:59+00:00\",\"description\":\"Compra 130752 Estaciondeacoplamiento\/\/\/estaci\u00f3n De Acoplamiento Y Clonaci\u00f3n De Ssd M.2 Nvme + Env\u00edo a domicilio + Pago seguro + Garant\u00eda\",\"breadcrumb\":{\"@id\":\"https:\/\/compuviper.mx\/tienda\/producto\/manhattan-130752-estaciondeacoplamiento-estacin-de-acoplamiento-y-clonacin-de-ssd-m-2-nvme\/#breadcrumb\"},\"inLanguage\":\"es-MX\",\"potentialAction\":[{\"@type\":\"ReadAction\",\"target\":[\"https:\/\/compuviper.mx\/tienda\/producto\/manhattan-130752-estaciondeacoplamiento-estacin-de-acoplamiento-y-clonacin-de-ssd-m-2-nvme\/\"]}]},{\"@type\":\"BreadcrumbList\",\"@id\":\"https:\/\/compuviper.mx\/tienda\/producto\/manhattan-130752-estaciondeacoplamiento-estacin-de-acoplamiento-y-clonacin-de-ssd-m-2-nvme\/#breadcrumb\",\"itemListElement\":[{\"@type\":\"ListItem\",\"position\":1,\"name\":\"Inicio\",\"item\":\"https:\/\/compuviper.mx\/tienda\/\"},{\"@type\":\"ListItem\",\"position\":2,\"name\":\"Productos\",\"item\":\"https:\/\/compuviper.mx\/tienda\/productos\/\"},{\"@type\":\"ListItem\",\"position\":3,\"name\":\"Accesorios\",\"item\":\"https:\/\/compuviper.mx\/tienda\/categoria-producto\/accesorios\/\"},{\"@type\":\"ListItem\",\"position\":4,\"name\":\"Gabinete De Discos Duros\",\"item\":\"https:\/\/compuviper.mx\/tienda\/categoria-producto\/accesorios\/gabinete-de-discos-duros\/\"},{\"@type\":\"ListItem\",\"position\":5,\"name\":\"Manhattan 130752 Estaciondeacoplamiento\/\/\/estaci?n De Acoplamiento Y Clonaci?n De Ssd M.2 Nvme\"}]},{\"@type\":\"WebSite\",\"@id\":\"https:\/\/compuviper.mx\/tienda\/#website\",\"url\":\"https:\/\/compuviper.mx\/tienda\/\",\"name\":\"Compuviper\",\"description\":\"Proveedor de Computadoras, Laptops, Servidores, Monitores, Puntos de Venta, Teclados,   Impresoras, T\u00f3ner, C\u00e1maras de Seguridad y m\u00e1s en tu tienda en l\u00ednea\",\"publisher\":{\"@id\":\"https:\/\/compuviper.mx\/tienda\/#organization\"},\"potentialAction\":[{\"@type\":\"SearchAction\",\"target\":{\"@type\":\"EntryPoint\",\"urlTemplate\":\"https:\/\/compuviper.mx\/tienda\/?s={search_term_string}\"},\"query-input\":\"required name=search_term_string\"}],\"inLanguage\":\"es-MX\"},{\"@type\":\"Organization\",\"@id\":\"https:\/\/compuviper.mx\/tienda\/#organization\",\"name\":\"Compuviper\",\"url\":\"https:\/\/compuviper.mx\/tienda\/\",\"logo\":{\"@type\":\"ImageObject\",\"inLanguage\":\"es-MX\",\"@id\":\"https:\/\/compuviper.mx\/tienda\/#\/schema\/logo\/image\/\",\"url\":\"https:\/\/compuviper.mx\/tienda\/wp-content\/uploads\/2021\/08\/Logo-Compuviper-10.png\",\"contentUrl\":\"https:\/\/compuviper.mx\/tienda\/wp-content\/uploads\/2021\/08\/Logo-Compuviper-10.png\",\"width\":1000,\"height\":500,\"caption\":\"Compuviper\"},\"image\":{\"@id\":\"https:\/\/compuviper.mx\/tienda\/#\/schema\/logo\/image\/\"},\"sameAs\":[\"https:\/\/www.facebook.com\/compuviper\",\"https:\/\/www.youtube.com\/channel\/UCf73dERp9Y3cfOq7q8BhLjA?view_as=subscriber\"]}]}<\/script>\n<meta property=\"product:brand\" content=\"MANHATTAN\" \/>\n<meta property=\"product:price:amount\" content=\"1704\" \/>\n<meta property=\"product:price:currency\" content=\"MXN\" \/>\n<meta property=\"og:availability\" content=\"out of stock\" \/>\n<meta property=\"product:availability\" content=\"out of stock\" \/>\n<meta property=\"product:retailer_item_id\" content=\"130752\" \/>\n<meta property=\"product:condition\" content=\"new\" \/>\n<!-- \/ Yoast SEO plugin. -->","yoast_head_json":{"title":"[ Manhattan ] &#129351; 130752 Estaciondeacoplamiento\/\/\/estaci\u00f3n De Acoplamiento Y Clonaci\u00f3n De Ssd M.2 Nvme","description":"Compra 130752 Estaciondeacoplamiento\/\/\/estaci\u00f3n De Acoplamiento Y Clonaci\u00f3n De Ssd M.2 Nvme + Env\u00edo a domicilio + Pago seguro + Garant\u00eda","robots":{"index":"index","follow":"follow","max-snippet":"max-snippet:-1","max-image-preview":"max-image-preview:large","max-video-preview":"max-video-preview:-1"},"canonical":"https:\/\/compuviper.mx\/tienda\/producto\/manhattan-130752-estaciondeacoplamiento-estacin-de-acoplamiento-y-clonacin-de-ssd-m-2-nvme\/","og_locale":"es_MX","og_type":"article","og_title":"[ Manhattan ] &#129351; 130752 Estaciondeacoplamiento\/\/\/estaci\u00f3n De Acoplamiento Y Clonaci\u00f3n De Ssd M.2 Nvme","og_description":"Compra 130752 Estaciondeacoplamiento\/\/\/estaci\u00f3n De Acoplamiento Y Clonaci\u00f3n De Ssd M.2 Nvme + Env\u00edo a domicilio + Pago seguro + Garant\u00eda","og_url":"https:\/\/compuviper.mx\/tienda\/producto\/manhattan-130752-estaciondeacoplamiento-estacin-de-acoplamiento-y-clonacin-de-ssd-m-2-nvme\/","og_site_name":"Compuviper","article_publisher":"https:\/\/www.facebook.com\/compuviper","twitter_card":"summary_large_image","twitter_misc":{"Precio":"&#36;1,704 con IVA","Availability":"Out of stock"},"schema":{"@context":"https:\/\/schema.org","@graph":[{"@type":"WebPage","@id":"https:\/\/compuviper.mx\/tienda\/producto\/manhattan-130752-estaciondeacoplamiento-estacin-de-acoplamiento-y-clonacin-de-ssd-m-2-nvme\/","url":"https:\/\/compuviper.mx\/tienda\/producto\/manhattan-130752-estaciondeacoplamiento-estacin-de-acoplamiento-y-clonacin-de-ssd-m-2-nvme\/","name":"[ Manhattan ] &#129351; 130752 Estaciondeacoplamiento\/\/\/estaci\u00f3n De Acoplamiento Y Clonaci\u00f3n De Ssd M.2 Nvme","isPartOf":{"@id":"https:\/\/compuviper.mx\/tienda\/#website"},"datePublished":"2026-04-08T05:18:59+00:00","dateModified":"2026-04-08T05:18:59+00:00","description":"Compra 130752 Estaciondeacoplamiento\/\/\/estaci\u00f3n De Acoplamiento Y Clonaci\u00f3n De Ssd M.2 Nvme + Env\u00edo a domicilio + Pago seguro + Garant\u00eda","breadcrumb":{"@id":"https:\/\/compuviper.mx\/tienda\/producto\/manhattan-130752-estaciondeacoplamiento-estacin-de-acoplamiento-y-clonacin-de-ssd-m-2-nvme\/#breadcrumb"},"inLanguage":"es-MX","potentialAction":[{"@type":"ReadAction","target":["https:\/\/compuviper.mx\/tienda\/producto\/manhattan-130752-estaciondeacoplamiento-estacin-de-acoplamiento-y-clonacin-de-ssd-m-2-nvme\/"]}]},{"@type":"BreadcrumbList","@id":"https:\/\/compuviper.mx\/tienda\/producto\/manhattan-130752-estaciondeacoplamiento-estacin-de-acoplamiento-y-clonacin-de-ssd-m-2-nvme\/#breadcrumb","itemListElement":[{"@type":"ListItem","position":1,"name":"Inicio","item":"https:\/\/compuviper.mx\/tienda\/"},{"@type":"ListItem","position":2,"name":"Productos","item":"https:\/\/compuviper.mx\/tienda\/productos\/"},{"@type":"ListItem","position":3,"name":"Accesorios","item":"https:\/\/compuviper.mx\/tienda\/categoria-producto\/accesorios\/"},{"@type":"ListItem","position":4,"name":"Gabinete De Discos Duros","item":"https:\/\/compuviper.mx\/tienda\/categoria-producto\/accesorios\/gabinete-de-discos-duros\/"},{"@type":"ListItem","position":5,"name":"Manhattan 130752 Estaciondeacoplamiento\/\/\/estaci?n De Acoplamiento Y Clonaci?n De Ssd M.2 Nvme"}]},{"@type":"WebSite","@id":"https:\/\/compuviper.mx\/tienda\/#website","url":"https:\/\/compuviper.mx\/tienda\/","name":"Compuviper","description":"Proveedor de Computadoras, Laptops, Servidores, Monitores, Puntos de Venta, Teclados,   Impresoras, T\u00f3ner, C\u00e1maras de Seguridad y m\u00e1s en tu tienda en l\u00ednea","publisher":{"@id":"https:\/\/compuviper.mx\/tienda\/#organization"},"potentialAction":[{"@type":"SearchAction","target":{"@type":"EntryPoint","urlTemplate":"https:\/\/compuviper.mx\/tienda\/?s={search_term_string}"},"query-input":"required name=search_term_string"}],"inLanguage":"es-MX"},{"@type":"Organization","@id":"https:\/\/compuviper.mx\/tienda\/#organization","name":"Compuviper","url":"https:\/\/compuviper.mx\/tienda\/","logo":{"@type":"ImageObject","inLanguage":"es-MX","@id":"https:\/\/compuviper.mx\/tienda\/#\/schema\/logo\/image\/","url":"https:\/\/compuviper.mx\/tienda\/wp-content\/uploads\/2021\/08\/Logo-Compuviper-10.png","contentUrl":"https:\/\/compuviper.mx\/tienda\/wp-content\/uploads\/2021\/08\/Logo-Compuviper-10.png","width":1000,"height":500,"caption":"Compuviper"},"image":{"@id":"https:\/\/compuviper.mx\/tienda\/#\/schema\/logo\/image\/"},"sameAs":["https:\/\/www.facebook.com\/compuviper","https:\/\/www.youtube.com\/channel\/UCf73dERp9Y3cfOq7q8BhLjA?view_as=subscriber"]}]},"product_brand":"MANHATTAN","product_price_amount":"1704","product_price_currency":"MXN","og_availability":"out of stock","product_availability":"out of stock","product_retailer_item_id":"130752","product_condition":"new"},"_links":{"self":[{"href":"https:\/\/compuviper.mx\/tienda\/wp-json\/wp\/v2\/product\/261338"}],"collection":[{"href":"https:\/\/compuviper.mx\/tienda\/wp-json\/wp\/v2\/product"}],"about":[{"href":"https:\/\/compuviper.mx\/tienda\/wp-json\/wp\/v2\/types\/product"}],"replies":[{"embeddable":true,"href":"https:\/\/compuviper.mx\/tienda\/wp-json\/wp\/v2\/comments?post=261338"}],"wp:attachment":[{"href":"https:\/\/compuviper.mx\/tienda\/wp-json\/wp\/v2\/media?parent=261338"}],"wp:term":[{"taxonomy":"product_cat","embeddable":true,"href":"https:\/\/compuviper.mx\/tienda\/wp-json\/wp\/v2\/product_cat?post=261338"},{"taxonomy":"product_tag","embeddable":true,"href":"https:\/\/compuviper.mx\/tienda\/wp-json\/wp\/v2\/product_tag?post=261338"}],"curies":[{"name":"wp","href":"https:\/\/api.w.org\/{rel}","templated":true}]}}