{"id":261323,"date":"2026-04-11T02:18:25","date_gmt":"2026-04-11T08:18:25","guid":{"rendered":"https:\/\/compuviper.mx\/tienda\/producto\/microsoft-dg7gmgf0ssgz0004commercial-csp-windows-10-esu-year-1-2025-2026-com-perpetuo\/"},"modified":"2026-04-11T02:18:26","modified_gmt":"2026-04-11T08:18:26","slug":"microsoft-dg7gmgf0ssgz0004commercial-csp-windows-10-esu-year-1-2025-2026-com-perpetuo","status":"publish","type":"product","link":"https:\/\/compuviper.mx\/tienda\/producto\/microsoft-dg7gmgf0ssgz0004commercial-csp-windows-10-esu-year-1-2025-2026-com-perpetuo\/","title":{"rendered":"Microsoft Dg7gmgf0ssgz:0004:commercial  Csp Windows 10 Esu Year 1 (2025 &#8211; 2026) &#8211; Com Perpetuo"},"content":{"rendered":"<table class=\"descripcion\">\n<tr>\n<td>Requisitos previos de windows 10 esu<\/td>\n<\/tr>\n<tr>\n<td>Para inscribirte en el programa esu de windows 10 para consumidores, aseg\u00farate de que tu dispositivo cumple los requisitos siguientes:<\/td>\n<\/tr>\n<tr>\n<td>\u0095 los dispositivos deben ejecutar windows 10, versi\u00f3n 22h2 en las ediciones home, professional, pro education o workstations.<\/td>\n<\/tr>\n<tr>\n<td>\u0095 los dispositivos deben tener instalada la actualizaci\u00f3n m\u00e1s reciente de windows. m\u00e1s informaci\u00f3n sobre c\u00f3mo instalar las actualizaciones de windows.<\/td>\n<\/tr>\n<tr>\n<td>\u0095 la cuenta utilizada para iniciar sesi\u00f3n en el dispositivo debe ser una cuenta de administrador.<\/td>\n<\/tr>\n<tr>\n<td>O la licencia de esu estar\u00e1 asociada con la cuenta de microsoft utilizada para la inscripci\u00f3n. para inscribirte, se te pedir\u00e1 que inicies sesi\u00f3n con una cuenta de microsoft si normalmente inicias sesi\u00f3n en windows con una cuenta local.<\/td>\n<\/tr>\n<tr>\n<td>\u0095 la cuenta de microsoft no puede ser una cuenta de un menor.<\/td>\n<\/tr>\n<tr>\n<td>El programa esu para consumidores no puede ser utilizado por dispositivos comerciales. la inscripci\u00f3n de esu para consumidores no se ofrecer\u00e1 a los dispositivos en los siguientes escenarios:<\/td>\n<\/tr>\n<tr>\n<td>\u0095 dispositivos en pantalla completa.<\/td>\n<\/tr>\n<tr>\n<td>\u0095 dispositivos unidos a un dominio de active directory o unidos a microsoft entra.<\/td>\n<\/tr>\n<tr>\n<td>O sin embargo, los dispositivos registrados en microsoft entra pueden utilizar el programa esu para consumidores.<\/td>\n<\/tr>\n<tr>\n<td>\u0095 dispositivos inscritos en una soluci\u00f3n de administraci\u00f3n de dispositivos m\u00f3viles (mdm).<\/td>\n<\/tr>\n<tr>\n<td>\u0095 dispositivos que ya tienen una licencia de esu.<\/td>\n<\/tr>\n<tr>\n<td>Si un dispositivo est\u00e1 inscrito en el programa esu para consumidores y luego participa en uno de los escenarios de esu comercial indicados anteriormente, la inscripci\u00f3n en esu para consumidores en el dispositivo se suspender\u00e1 hasta que deje de utilizarse como dispositivo comercial.<\/td>\n<\/tr>\n<tr>\n<td>Si eres un profesional de ti y necesitas habilitar esu para tu organizaci\u00f3n, consulta habilitar actualizaciones de seguridad extendidas (esu).<\/td>\n<\/tr>\n<\/table>\n","protected":false},"excerpt":{"rendered":"<p>El programa actualizaciones de seguridad extendidas (esu) para windows 10 ofrece a los clientes una opci\u00f3n m\u00e1s segura para seguir utilizando sus pc windows 10 despu\u00e9s del 14 de octubre de 2025, mientras realizan la transici\u00f3n a windows 11. El programa esu ayuda a reducir el riesgo de malware y ataques de ciberseguridad al brindar acceso a actualizaciones de seguridad cr\u00edticas e importantes actualizaciones de seguridad seg\u00fan lo definido en el centro de respuestas de seguridad de microsoft (msrc) para dispositivos que ejecutan windows 10, versi\u00f3n 22h2. La inscripci\u00f3n de esu no ofrece otros tipos de correcciones, mejoras de caracter\u00edsticas o mejoras de productos. Tampoco incluye soporte t\u00e9cnico. Fin del soporte de windows 10. Puede inscribirte en esu en cualquier momento hasta que finalice el programa el 13 de octubre de 2026.<\/p>\n","protected":false},"featured_media":0,"comment_status":"open","ping_status":"open","template":"","meta":[],"product_cat":[2108,1827],"product_tag":[1831],"acf":[],"yoast_head":"<!-- This site is optimized with the Yoast SEO plugin v21.7 - https:\/\/yoast.com\/wordpress\/plugins\/seo\/ -->\n<title>[ Microsoft ] &#129351; Dg7gmgf0ssgz:0004:commercial Csp Windows 10 Esu Year 1 (2025 - 2026) - Com Perpetuo<\/title>\n<meta name=\"description\" content=\"Compra Dg7gmgf0ssgz:0004:commercial Csp Windows 10 Esu Year 1 (2025 - 2026) - Com Perpetuo + Env\u00edo a domicilio + Pago seguro + Garant\u00eda\" \/>\n<meta name=\"robots\" content=\"index, follow, max-snippet:-1, max-image-preview:large, max-video-preview:-1\" \/>\n<link rel=\"canonical\" href=\"https:\/\/compuviper.mx\/tienda\/producto\/microsoft-dg7gmgf0ssgz0004commercial-csp-windows-10-esu-year-1-2025-2026-com-perpetuo\/\" \/>\n<meta property=\"og:locale\" content=\"es_MX\" \/>\n<meta property=\"og:type\" content=\"article\" \/>\n<meta property=\"og:title\" content=\"[ Microsoft ] &#129351; Dg7gmgf0ssgz:0004:commercial Csp Windows 10 Esu Year 1 (2025 - 2026) - Com Perpetuo\" \/>\n<meta property=\"og:description\" content=\"Compra Dg7gmgf0ssgz:0004:commercial Csp Windows 10 Esu Year 1 (2025 - 2026) - Com Perpetuo + Env\u00edo a domicilio + Pago seguro + Garant\u00eda\" \/>\n<meta property=\"og:url\" content=\"https:\/\/compuviper.mx\/tienda\/producto\/microsoft-dg7gmgf0ssgz0004commercial-csp-windows-10-esu-year-1-2025-2026-com-perpetuo\/\" \/>\n<meta property=\"og:site_name\" content=\"Compuviper\" \/>\n<meta property=\"article:publisher\" content=\"https:\/\/www.facebook.com\/compuviper\" \/>\n<meta property=\"article:modified_time\" content=\"2026-04-11T08:18:26+00:00\" \/>\n<meta name=\"twitter:card\" content=\"summary_large_image\" \/>\n<meta name=\"twitter:label1\" content=\"Precio\" \/>\n\t<meta name=\"twitter:data1\" content=\"&#36;1,315 con IVA\" \/>\n\t<meta name=\"twitter:label2\" content=\"Availability\" \/>\n\t<meta name=\"twitter:data2\" content=\"On backorder\" \/>\n<script type=\"application\/ld+json\" class=\"yoast-schema-graph\">{\"@context\":\"https:\/\/schema.org\",\"@graph\":[{\"@type\":\"WebPage\",\"@id\":\"https:\/\/compuviper.mx\/tienda\/producto\/microsoft-dg7gmgf0ssgz0004commercial-csp-windows-10-esu-year-1-2025-2026-com-perpetuo\/\",\"url\":\"https:\/\/compuviper.mx\/tienda\/producto\/microsoft-dg7gmgf0ssgz0004commercial-csp-windows-10-esu-year-1-2025-2026-com-perpetuo\/\",\"name\":\"[ Microsoft ] &#129351; Dg7gmgf0ssgz:0004:commercial Csp Windows 10 Esu Year 1 (2025 - 2026) - Com Perpetuo\",\"isPartOf\":{\"@id\":\"https:\/\/compuviper.mx\/tienda\/#website\"},\"datePublished\":\"2026-04-11T08:18:25+00:00\",\"dateModified\":\"2026-04-11T08:18:26+00:00\",\"description\":\"Compra Dg7gmgf0ssgz:0004:commercial Csp Windows 10 Esu Year 1 (2025 - 2026) - Com Perpetuo + Env\u00edo a domicilio + Pago seguro + Garant\u00eda\",\"breadcrumb\":{\"@id\":\"https:\/\/compuviper.mx\/tienda\/producto\/microsoft-dg7gmgf0ssgz0004commercial-csp-windows-10-esu-year-1-2025-2026-com-perpetuo\/#breadcrumb\"},\"inLanguage\":\"es-MX\",\"potentialAction\":[{\"@type\":\"ReadAction\",\"target\":[\"https:\/\/compuviper.mx\/tienda\/producto\/microsoft-dg7gmgf0ssgz0004commercial-csp-windows-10-esu-year-1-2025-2026-com-perpetuo\/\"]}]},{\"@type\":\"BreadcrumbList\",\"@id\":\"https:\/\/compuviper.mx\/tienda\/producto\/microsoft-dg7gmgf0ssgz0004commercial-csp-windows-10-esu-year-1-2025-2026-com-perpetuo\/#breadcrumb\",\"itemListElement\":[{\"@type\":\"ListItem\",\"position\":1,\"name\":\"Inicio\",\"item\":\"https:\/\/compuviper.mx\/tienda\/\"},{\"@type\":\"ListItem\",\"position\":2,\"name\":\"Productos\",\"item\":\"https:\/\/compuviper.mx\/tienda\/productos\/\"},{\"@type\":\"ListItem\",\"position\":3,\"name\":\"Software\",\"item\":\"https:\/\/compuviper.mx\/tienda\/categoria-producto\/software\/\"},{\"@type\":\"ListItem\",\"position\":4,\"name\":\"Licenciamiento Microsoft Csp\",\"item\":\"https:\/\/compuviper.mx\/tienda\/categoria-producto\/software\/licenciamiento-microsoft-csp\/\"},{\"@type\":\"ListItem\",\"position\":5,\"name\":\"Microsoft Dg7gmgf0ssgz:0004:commercial Csp Windows 10 Esu Year 1 (2025 &#8211; 2026) &#8211; Com Perpetuo\"}]},{\"@type\":\"WebSite\",\"@id\":\"https:\/\/compuviper.mx\/tienda\/#website\",\"url\":\"https:\/\/compuviper.mx\/tienda\/\",\"name\":\"Compuviper\",\"description\":\"Proveedor de Computadoras, Laptops, Servidores, Monitores, Puntos de Venta, Teclados,   Impresoras, T\u00f3ner, C\u00e1maras de Seguridad y m\u00e1s en tu tienda en l\u00ednea\",\"publisher\":{\"@id\":\"https:\/\/compuviper.mx\/tienda\/#organization\"},\"potentialAction\":[{\"@type\":\"SearchAction\",\"target\":{\"@type\":\"EntryPoint\",\"urlTemplate\":\"https:\/\/compuviper.mx\/tienda\/?s={search_term_string}\"},\"query-input\":\"required name=search_term_string\"}],\"inLanguage\":\"es-MX\"},{\"@type\":\"Organization\",\"@id\":\"https:\/\/compuviper.mx\/tienda\/#organization\",\"name\":\"Compuviper\",\"url\":\"https:\/\/compuviper.mx\/tienda\/\",\"logo\":{\"@type\":\"ImageObject\",\"inLanguage\":\"es-MX\",\"@id\":\"https:\/\/compuviper.mx\/tienda\/#\/schema\/logo\/image\/\",\"url\":\"https:\/\/compuviper.mx\/tienda\/wp-content\/uploads\/2021\/08\/Logo-Compuviper-10.png\",\"contentUrl\":\"https:\/\/compuviper.mx\/tienda\/wp-content\/uploads\/2021\/08\/Logo-Compuviper-10.png\",\"width\":1000,\"height\":500,\"caption\":\"Compuviper\"},\"image\":{\"@id\":\"https:\/\/compuviper.mx\/tienda\/#\/schema\/logo\/image\/\"},\"sameAs\":[\"https:\/\/www.facebook.com\/compuviper\",\"https:\/\/www.youtube.com\/channel\/UCf73dERp9Y3cfOq7q8BhLjA?view_as=subscriber\"]}]}<\/script>\n<meta property=\"product:brand\" content=\"MICROSOFT\" \/>\n<meta property=\"product:price:amount\" content=\"1315\" \/>\n<meta property=\"product:price:currency\" content=\"MXN\" \/>\n<meta property=\"og:availability\" content=\"backorder\" \/>\n<meta property=\"product:availability\" content=\"available for order\" \/>\n<meta property=\"product:retailer_item_id\" content=\"DG7GMGF0SSGZ:0004:COMMERCIAL\" \/>\n<meta property=\"product:condition\" content=\"new\" \/>\n<!-- \/ Yoast SEO plugin. -->","yoast_head_json":{"title":"[ Microsoft ] &#129351; Dg7gmgf0ssgz:0004:commercial Csp Windows 10 Esu Year 1 (2025 - 2026) - Com Perpetuo","description":"Compra Dg7gmgf0ssgz:0004:commercial Csp Windows 10 Esu Year 1 (2025 - 2026) - Com Perpetuo + Env\u00edo a domicilio + Pago seguro + Garant\u00eda","robots":{"index":"index","follow":"follow","max-snippet":"max-snippet:-1","max-image-preview":"max-image-preview:large","max-video-preview":"max-video-preview:-1"},"canonical":"https:\/\/compuviper.mx\/tienda\/producto\/microsoft-dg7gmgf0ssgz0004commercial-csp-windows-10-esu-year-1-2025-2026-com-perpetuo\/","og_locale":"es_MX","og_type":"article","og_title":"[ Microsoft ] &#129351; Dg7gmgf0ssgz:0004:commercial Csp Windows 10 Esu Year 1 (2025 - 2026) - Com Perpetuo","og_description":"Compra Dg7gmgf0ssgz:0004:commercial Csp Windows 10 Esu Year 1 (2025 - 2026) - Com Perpetuo + Env\u00edo a domicilio + Pago seguro + Garant\u00eda","og_url":"https:\/\/compuviper.mx\/tienda\/producto\/microsoft-dg7gmgf0ssgz0004commercial-csp-windows-10-esu-year-1-2025-2026-com-perpetuo\/","og_site_name":"Compuviper","article_publisher":"https:\/\/www.facebook.com\/compuviper","article_modified_time":"2026-04-11T08:18:26+00:00","twitter_card":"summary_large_image","twitter_misc":{"Precio":"&#36;1,315 con IVA","Availability":"On backorder"},"schema":{"@context":"https:\/\/schema.org","@graph":[{"@type":"WebPage","@id":"https:\/\/compuviper.mx\/tienda\/producto\/microsoft-dg7gmgf0ssgz0004commercial-csp-windows-10-esu-year-1-2025-2026-com-perpetuo\/","url":"https:\/\/compuviper.mx\/tienda\/producto\/microsoft-dg7gmgf0ssgz0004commercial-csp-windows-10-esu-year-1-2025-2026-com-perpetuo\/","name":"[ Microsoft ] &#129351; Dg7gmgf0ssgz:0004:commercial Csp Windows 10 Esu Year 1 (2025 - 2026) - Com Perpetuo","isPartOf":{"@id":"https:\/\/compuviper.mx\/tienda\/#website"},"datePublished":"2026-04-11T08:18:25+00:00","dateModified":"2026-04-11T08:18:26+00:00","description":"Compra Dg7gmgf0ssgz:0004:commercial Csp Windows 10 Esu Year 1 (2025 - 2026) - Com Perpetuo + Env\u00edo a domicilio + Pago seguro + Garant\u00eda","breadcrumb":{"@id":"https:\/\/compuviper.mx\/tienda\/producto\/microsoft-dg7gmgf0ssgz0004commercial-csp-windows-10-esu-year-1-2025-2026-com-perpetuo\/#breadcrumb"},"inLanguage":"es-MX","potentialAction":[{"@type":"ReadAction","target":["https:\/\/compuviper.mx\/tienda\/producto\/microsoft-dg7gmgf0ssgz0004commercial-csp-windows-10-esu-year-1-2025-2026-com-perpetuo\/"]}]},{"@type":"BreadcrumbList","@id":"https:\/\/compuviper.mx\/tienda\/producto\/microsoft-dg7gmgf0ssgz0004commercial-csp-windows-10-esu-year-1-2025-2026-com-perpetuo\/#breadcrumb","itemListElement":[{"@type":"ListItem","position":1,"name":"Inicio","item":"https:\/\/compuviper.mx\/tienda\/"},{"@type":"ListItem","position":2,"name":"Productos","item":"https:\/\/compuviper.mx\/tienda\/productos\/"},{"@type":"ListItem","position":3,"name":"Software","item":"https:\/\/compuviper.mx\/tienda\/categoria-producto\/software\/"},{"@type":"ListItem","position":4,"name":"Licenciamiento Microsoft Csp","item":"https:\/\/compuviper.mx\/tienda\/categoria-producto\/software\/licenciamiento-microsoft-csp\/"},{"@type":"ListItem","position":5,"name":"Microsoft Dg7gmgf0ssgz:0004:commercial Csp Windows 10 Esu Year 1 (2025 &#8211; 2026) &#8211; Com Perpetuo"}]},{"@type":"WebSite","@id":"https:\/\/compuviper.mx\/tienda\/#website","url":"https:\/\/compuviper.mx\/tienda\/","name":"Compuviper","description":"Proveedor de Computadoras, Laptops, Servidores, Monitores, Puntos de Venta, Teclados,   Impresoras, T\u00f3ner, C\u00e1maras de Seguridad y m\u00e1s en tu tienda en l\u00ednea","publisher":{"@id":"https:\/\/compuviper.mx\/tienda\/#organization"},"potentialAction":[{"@type":"SearchAction","target":{"@type":"EntryPoint","urlTemplate":"https:\/\/compuviper.mx\/tienda\/?s={search_term_string}"},"query-input":"required name=search_term_string"}],"inLanguage":"es-MX"},{"@type":"Organization","@id":"https:\/\/compuviper.mx\/tienda\/#organization","name":"Compuviper","url":"https:\/\/compuviper.mx\/tienda\/","logo":{"@type":"ImageObject","inLanguage":"es-MX","@id":"https:\/\/compuviper.mx\/tienda\/#\/schema\/logo\/image\/","url":"https:\/\/compuviper.mx\/tienda\/wp-content\/uploads\/2021\/08\/Logo-Compuviper-10.png","contentUrl":"https:\/\/compuviper.mx\/tienda\/wp-content\/uploads\/2021\/08\/Logo-Compuviper-10.png","width":1000,"height":500,"caption":"Compuviper"},"image":{"@id":"https:\/\/compuviper.mx\/tienda\/#\/schema\/logo\/image\/"},"sameAs":["https:\/\/www.facebook.com\/compuviper","https:\/\/www.youtube.com\/channel\/UCf73dERp9Y3cfOq7q8BhLjA?view_as=subscriber"]}]},"product_brand":"MICROSOFT","product_price_amount":"1315","product_price_currency":"MXN","og_availability":"backorder","product_availability":"available for order","product_retailer_item_id":"DG7GMGF0SSGZ:0004:COMMERCIAL","product_condition":"new"},"_links":{"self":[{"href":"https:\/\/compuviper.mx\/tienda\/wp-json\/wp\/v2\/product\/261323"}],"collection":[{"href":"https:\/\/compuviper.mx\/tienda\/wp-json\/wp\/v2\/product"}],"about":[{"href":"https:\/\/compuviper.mx\/tienda\/wp-json\/wp\/v2\/types\/product"}],"replies":[{"embeddable":true,"href":"https:\/\/compuviper.mx\/tienda\/wp-json\/wp\/v2\/comments?post=261323"}],"wp:attachment":[{"href":"https:\/\/compuviper.mx\/tienda\/wp-json\/wp\/v2\/media?parent=261323"}],"wp:term":[{"taxonomy":"product_cat","embeddable":true,"href":"https:\/\/compuviper.mx\/tienda\/wp-json\/wp\/v2\/product_cat?post=261323"},{"taxonomy":"product_tag","embeddable":true,"href":"https:\/\/compuviper.mx\/tienda\/wp-json\/wp\/v2\/product_tag?post=261323"}],"curies":[{"name":"wp","href":"https:\/\/api.w.org\/{rel}","templated":true}]}}