{"id":261322,"date":"2026-04-07T01:58:47","date_gmt":"2026-04-07T07:58:47","guid":{"rendered":"https:\/\/compuviper.mx\/tienda\/producto\/logitech-981-001549-audifonos-gaming-g522-lightspeed-rgb-inalambrico-recargable-blanco\/"},"modified":"2026-04-07T01:58:47","modified_gmt":"2026-04-07T07:58:47","slug":"logitech-981-001549-audifonos-gaming-g522-lightspeed-rgb-inalambrico-recargable-blanco","status":"publish","type":"product","link":"https:\/\/compuviper.mx\/tienda\/producto\/logitech-981-001549-audifonos-gaming-g522-lightspeed-rgb-inalambrico-recargable-blanco\/","title":{"rendered":"Logitech 981-001549 Audifonos Gaming  G522 Lightspeed Rgb Inalambrico Recargable Blanco"},"content":{"rendered":"<table class=\"descripcion\">\n<tr>\n<td>Dimensiones<\/td>\n<\/tr>\n<tr>\n<td>Altura: 201.1 mm<\/td>\n<\/tr>\n<tr>\n<td>Anchura: 184.4 mm<\/td>\n<\/tr>\n<tr>\n<td>Profundidad: 81 mm<\/td>\n<\/tr>\n<tr>\n<td>Peso: 290 g<\/td>\n<\/tr>\n<tr>\n<td>Especificaciones tecnicas<\/td>\n<\/tr>\n<tr>\n<td>Auricular<\/td>\n<\/tr>\n<tr>\n<td>Piloto: 40 mm transductores pro-g<\/td>\n<\/tr>\n<tr>\n<td>Respuesta de frecuencia de audifonos: 20hz-20khz<\/td>\n<\/tr>\n<tr>\n<td>Sensibilidad de audifonos: 97db at 1000hz with input 0.62v(10mw)\/1cm<\/td>\n<\/tr>\n<tr>\n<td>Microfono<\/td>\n<\/tr>\n<tr>\n<td>Patron de captacion: omnidireccional<\/td>\n<\/tr>\n<tr>\n<td>Respuesta de frecuencia de microfono: 70hz-20khz<\/td>\n<\/tr>\n<tr>\n<td>Conectividad<\/td>\n<\/tr>\n<tr>\n<td>Conectividad tipo de conexion: tres modos lightspeed inalambrico a trav\u00e9s de usb-a cable usb-c a usb-a<\/td>\n<\/tr>\n<tr>\n<td>Version de bluetooth: 5.3<\/td>\n<\/tr>\n<tr>\n<td>Conectividad alcance inalambrico: hasta 30 metros<\/td>\n<\/tr>\n<tr>\n<td>Informacion de garantia<\/td>\n<\/tr>\n<tr>\n<td>Dos a\u00f1os de garantia limitada del hardware<\/td>\n<\/tr>\n<tr>\n<td>Numero de referencia<\/td>\n<\/tr>\n<tr>\n<td>Negro : 981-001543<\/td>\n<\/tr>\n<tr>\n<td>Blanco : 981-001549<\/td>\n<\/tr>\n<\/table>\n","protected":false},"excerpt":{"rendered":"<p>G522 lightspeed se dise\u00f1o para un uso intensivo y un rendimiento sin igual, como parte de la legendaria g5 series. Con la iluminacion dinamica lightsync rgb, un sonido envolvente y el mejor microfono para gaming, g522 hace que cada jugada, cada logro y cada avance en tu juego sean verdaderamente legendarios. Controladores pro-g audio sincronizados. Precisi\u00f3n espacial. Capas de audio. Mejores graves. El mejor micr\u00f3fono de su clase. Micr\u00f3fono con calidad de transmisi\u00f3n. Personalizaci\u00f3n de blue vo!ce. Micr\u00f3fono extra\u00edble con led de silencio. Conectividad trimodal lightspeed. Para mas informacion. Https:\/\/www.Logitechg.Com\/es-mx\/products\/gaming-audio\/g522-lightspeed.981-001543.Html<\/p>\n","protected":false},"featured_media":0,"comment_status":"open","ping_status":"open","template":"","meta":[],"product_cat":[1552,1822],"product_tag":[1500],"acf":[],"yoast_head":"<!-- This site is optimized with the Yoast SEO plugin v21.7 - https:\/\/yoast.com\/wordpress\/plugins\/seo\/ -->\n<title>[ Logitech ] &#129351; 981-001549 Audifonos Gaming G522 Lightspeed Rgb Inalambrico Recargable Blanco<\/title>\n<meta name=\"description\" content=\"Compra 981-001549 Audifonos Gaming G522 Lightspeed Rgb Inalambrico Recargable Blanco + Env\u00edo a domicilio + Pago seguro + Garant\u00eda\" \/>\n<meta name=\"robots\" content=\"index, follow, max-snippet:-1, max-image-preview:large, max-video-preview:-1\" \/>\n<link rel=\"canonical\" href=\"https:\/\/compuviper.mx\/tienda\/producto\/logitech-981-001549-audifonos-gaming-g522-lightspeed-rgb-inalambrico-recargable-blanco\/\" \/>\n<meta property=\"og:locale\" content=\"es_MX\" \/>\n<meta property=\"og:type\" content=\"article\" \/>\n<meta property=\"og:title\" content=\"[ Logitech ] &#129351; 981-001549 Audifonos Gaming G522 Lightspeed Rgb Inalambrico Recargable Blanco\" \/>\n<meta property=\"og:description\" content=\"Compra 981-001549 Audifonos Gaming G522 Lightspeed Rgb Inalambrico Recargable Blanco + Env\u00edo a domicilio + Pago seguro + Garant\u00eda\" \/>\n<meta property=\"og:url\" content=\"https:\/\/compuviper.mx\/tienda\/producto\/logitech-981-001549-audifonos-gaming-g522-lightspeed-rgb-inalambrico-recargable-blanco\/\" \/>\n<meta property=\"og:site_name\" content=\"Compuviper\" \/>\n<meta property=\"article:publisher\" content=\"https:\/\/www.facebook.com\/compuviper\" \/>\n<meta name=\"twitter:card\" content=\"summary_large_image\" \/>\n<meta name=\"twitter:label1\" content=\"Precio\" \/>\n\t<meta name=\"twitter:data1\" content=\"&#36;2,462 con IVA\" \/>\n\t<meta name=\"twitter:label2\" content=\"Availability\" \/>\n\t<meta name=\"twitter:data2\" content=\"Out of stock\" \/>\n<script type=\"application\/ld+json\" class=\"yoast-schema-graph\">{\"@context\":\"https:\/\/schema.org\",\"@graph\":[{\"@type\":\"WebPage\",\"@id\":\"https:\/\/compuviper.mx\/tienda\/producto\/logitech-981-001549-audifonos-gaming-g522-lightspeed-rgb-inalambrico-recargable-blanco\/\",\"url\":\"https:\/\/compuviper.mx\/tienda\/producto\/logitech-981-001549-audifonos-gaming-g522-lightspeed-rgb-inalambrico-recargable-blanco\/\",\"name\":\"[ Logitech ] &#129351; 981-001549 Audifonos Gaming G522 Lightspeed Rgb Inalambrico Recargable Blanco\",\"isPartOf\":{\"@id\":\"https:\/\/compuviper.mx\/tienda\/#website\"},\"datePublished\":\"2026-04-07T07:58:47+00:00\",\"dateModified\":\"2026-04-07T07:58:47+00:00\",\"description\":\"Compra 981-001549 Audifonos Gaming G522 Lightspeed Rgb Inalambrico Recargable Blanco + Env\u00edo a domicilio + Pago seguro + Garant\u00eda\",\"breadcrumb\":{\"@id\":\"https:\/\/compuviper.mx\/tienda\/producto\/logitech-981-001549-audifonos-gaming-g522-lightspeed-rgb-inalambrico-recargable-blanco\/#breadcrumb\"},\"inLanguage\":\"es-MX\",\"potentialAction\":[{\"@type\":\"ReadAction\",\"target\":[\"https:\/\/compuviper.mx\/tienda\/producto\/logitech-981-001549-audifonos-gaming-g522-lightspeed-rgb-inalambrico-recargable-blanco\/\"]}]},{\"@type\":\"BreadcrumbList\",\"@id\":\"https:\/\/compuviper.mx\/tienda\/producto\/logitech-981-001549-audifonos-gaming-g522-lightspeed-rgb-inalambrico-recargable-blanco\/#breadcrumb\",\"itemListElement\":[{\"@type\":\"ListItem\",\"position\":1,\"name\":\"Inicio\",\"item\":\"https:\/\/compuviper.mx\/tienda\/\"},{\"@type\":\"ListItem\",\"position\":2,\"name\":\"Productos\",\"item\":\"https:\/\/compuviper.mx\/tienda\/productos\/\"},{\"@type\":\"ListItem\",\"position\":3,\"name\":\"Audifonos Y Micro\",\"item\":\"https:\/\/compuviper.mx\/tienda\/categoria-producto\/audifonos-y-micro\/\"},{\"@type\":\"ListItem\",\"position\":4,\"name\":\"Gamers\",\"item\":\"https:\/\/compuviper.mx\/tienda\/categoria-producto\/audifonos-y-micro\/gamers-audifonos-y-micro\/\"},{\"@type\":\"ListItem\",\"position\":5,\"name\":\"Logitech 981-001549 Audifonos Gaming G522 Lightspeed Rgb Inalambrico Recargable Blanco\"}]},{\"@type\":\"WebSite\",\"@id\":\"https:\/\/compuviper.mx\/tienda\/#website\",\"url\":\"https:\/\/compuviper.mx\/tienda\/\",\"name\":\"Compuviper\",\"description\":\"Proveedor de Computadoras, Laptops, Servidores, Monitores, Puntos de Venta, Teclados,   Impresoras, T\u00f3ner, C\u00e1maras de Seguridad y m\u00e1s en tu tienda en l\u00ednea\",\"publisher\":{\"@id\":\"https:\/\/compuviper.mx\/tienda\/#organization\"},\"potentialAction\":[{\"@type\":\"SearchAction\",\"target\":{\"@type\":\"EntryPoint\",\"urlTemplate\":\"https:\/\/compuviper.mx\/tienda\/?s={search_term_string}\"},\"query-input\":\"required name=search_term_string\"}],\"inLanguage\":\"es-MX\"},{\"@type\":\"Organization\",\"@id\":\"https:\/\/compuviper.mx\/tienda\/#organization\",\"name\":\"Compuviper\",\"url\":\"https:\/\/compuviper.mx\/tienda\/\",\"logo\":{\"@type\":\"ImageObject\",\"inLanguage\":\"es-MX\",\"@id\":\"https:\/\/compuviper.mx\/tienda\/#\/schema\/logo\/image\/\",\"url\":\"https:\/\/compuviper.mx\/tienda\/wp-content\/uploads\/2021\/08\/Logo-Compuviper-10.png\",\"contentUrl\":\"https:\/\/compuviper.mx\/tienda\/wp-content\/uploads\/2021\/08\/Logo-Compuviper-10.png\",\"width\":1000,\"height\":500,\"caption\":\"Compuviper\"},\"image\":{\"@id\":\"https:\/\/compuviper.mx\/tienda\/#\/schema\/logo\/image\/\"},\"sameAs\":[\"https:\/\/www.facebook.com\/compuviper\",\"https:\/\/www.youtube.com\/channel\/UCf73dERp9Y3cfOq7q8BhLjA?view_as=subscriber\"]}]}<\/script>\n<meta property=\"product:brand\" content=\"LOGITECH\" \/>\n<meta property=\"product:price:amount\" content=\"2462\" \/>\n<meta property=\"product:price:currency\" content=\"MXN\" \/>\n<meta property=\"og:availability\" content=\"out of stock\" \/>\n<meta property=\"product:availability\" content=\"out of stock\" \/>\n<meta property=\"product:retailer_item_id\" content=\"981-001549\" \/>\n<meta property=\"product:condition\" content=\"new\" \/>\n<!-- \/ Yoast SEO plugin. -->","yoast_head_json":{"title":"[ Logitech ] &#129351; 981-001549 Audifonos Gaming G522 Lightspeed Rgb Inalambrico Recargable Blanco","description":"Compra 981-001549 Audifonos Gaming G522 Lightspeed Rgb Inalambrico Recargable Blanco + Env\u00edo a domicilio + Pago seguro + Garant\u00eda","robots":{"index":"index","follow":"follow","max-snippet":"max-snippet:-1","max-image-preview":"max-image-preview:large","max-video-preview":"max-video-preview:-1"},"canonical":"https:\/\/compuviper.mx\/tienda\/producto\/logitech-981-001549-audifonos-gaming-g522-lightspeed-rgb-inalambrico-recargable-blanco\/","og_locale":"es_MX","og_type":"article","og_title":"[ Logitech ] &#129351; 981-001549 Audifonos Gaming G522 Lightspeed Rgb Inalambrico Recargable Blanco","og_description":"Compra 981-001549 Audifonos Gaming G522 Lightspeed Rgb Inalambrico Recargable Blanco + Env\u00edo a domicilio + Pago seguro + Garant\u00eda","og_url":"https:\/\/compuviper.mx\/tienda\/producto\/logitech-981-001549-audifonos-gaming-g522-lightspeed-rgb-inalambrico-recargable-blanco\/","og_site_name":"Compuviper","article_publisher":"https:\/\/www.facebook.com\/compuviper","twitter_card":"summary_large_image","twitter_misc":{"Precio":"&#36;2,462 con IVA","Availability":"Out of stock"},"schema":{"@context":"https:\/\/schema.org","@graph":[{"@type":"WebPage","@id":"https:\/\/compuviper.mx\/tienda\/producto\/logitech-981-001549-audifonos-gaming-g522-lightspeed-rgb-inalambrico-recargable-blanco\/","url":"https:\/\/compuviper.mx\/tienda\/producto\/logitech-981-001549-audifonos-gaming-g522-lightspeed-rgb-inalambrico-recargable-blanco\/","name":"[ Logitech ] &#129351; 981-001549 Audifonos Gaming G522 Lightspeed Rgb Inalambrico Recargable Blanco","isPartOf":{"@id":"https:\/\/compuviper.mx\/tienda\/#website"},"datePublished":"2026-04-07T07:58:47+00:00","dateModified":"2026-04-07T07:58:47+00:00","description":"Compra 981-001549 Audifonos Gaming G522 Lightspeed Rgb Inalambrico Recargable Blanco + Env\u00edo a domicilio + Pago seguro + Garant\u00eda","breadcrumb":{"@id":"https:\/\/compuviper.mx\/tienda\/producto\/logitech-981-001549-audifonos-gaming-g522-lightspeed-rgb-inalambrico-recargable-blanco\/#breadcrumb"},"inLanguage":"es-MX","potentialAction":[{"@type":"ReadAction","target":["https:\/\/compuviper.mx\/tienda\/producto\/logitech-981-001549-audifonos-gaming-g522-lightspeed-rgb-inalambrico-recargable-blanco\/"]}]},{"@type":"BreadcrumbList","@id":"https:\/\/compuviper.mx\/tienda\/producto\/logitech-981-001549-audifonos-gaming-g522-lightspeed-rgb-inalambrico-recargable-blanco\/#breadcrumb","itemListElement":[{"@type":"ListItem","position":1,"name":"Inicio","item":"https:\/\/compuviper.mx\/tienda\/"},{"@type":"ListItem","position":2,"name":"Productos","item":"https:\/\/compuviper.mx\/tienda\/productos\/"},{"@type":"ListItem","position":3,"name":"Audifonos Y Micro","item":"https:\/\/compuviper.mx\/tienda\/categoria-producto\/audifonos-y-micro\/"},{"@type":"ListItem","position":4,"name":"Gamers","item":"https:\/\/compuviper.mx\/tienda\/categoria-producto\/audifonos-y-micro\/gamers-audifonos-y-micro\/"},{"@type":"ListItem","position":5,"name":"Logitech 981-001549 Audifonos Gaming G522 Lightspeed Rgb Inalambrico Recargable Blanco"}]},{"@type":"WebSite","@id":"https:\/\/compuviper.mx\/tienda\/#website","url":"https:\/\/compuviper.mx\/tienda\/","name":"Compuviper","description":"Proveedor de Computadoras, Laptops, Servidores, Monitores, Puntos de Venta, Teclados,   Impresoras, T\u00f3ner, C\u00e1maras de Seguridad y m\u00e1s en tu tienda en l\u00ednea","publisher":{"@id":"https:\/\/compuviper.mx\/tienda\/#organization"},"potentialAction":[{"@type":"SearchAction","target":{"@type":"EntryPoint","urlTemplate":"https:\/\/compuviper.mx\/tienda\/?s={search_term_string}"},"query-input":"required name=search_term_string"}],"inLanguage":"es-MX"},{"@type":"Organization","@id":"https:\/\/compuviper.mx\/tienda\/#organization","name":"Compuviper","url":"https:\/\/compuviper.mx\/tienda\/","logo":{"@type":"ImageObject","inLanguage":"es-MX","@id":"https:\/\/compuviper.mx\/tienda\/#\/schema\/logo\/image\/","url":"https:\/\/compuviper.mx\/tienda\/wp-content\/uploads\/2021\/08\/Logo-Compuviper-10.png","contentUrl":"https:\/\/compuviper.mx\/tienda\/wp-content\/uploads\/2021\/08\/Logo-Compuviper-10.png","width":1000,"height":500,"caption":"Compuviper"},"image":{"@id":"https:\/\/compuviper.mx\/tienda\/#\/schema\/logo\/image\/"},"sameAs":["https:\/\/www.facebook.com\/compuviper","https:\/\/www.youtube.com\/channel\/UCf73dERp9Y3cfOq7q8BhLjA?view_as=subscriber"]}]},"product_brand":"LOGITECH","product_price_amount":"2462","product_price_currency":"MXN","og_availability":"out of stock","product_availability":"out of stock","product_retailer_item_id":"981-001549","product_condition":"new"},"_links":{"self":[{"href":"https:\/\/compuviper.mx\/tienda\/wp-json\/wp\/v2\/product\/261322"}],"collection":[{"href":"https:\/\/compuviper.mx\/tienda\/wp-json\/wp\/v2\/product"}],"about":[{"href":"https:\/\/compuviper.mx\/tienda\/wp-json\/wp\/v2\/types\/product"}],"replies":[{"embeddable":true,"href":"https:\/\/compuviper.mx\/tienda\/wp-json\/wp\/v2\/comments?post=261322"}],"wp:attachment":[{"href":"https:\/\/compuviper.mx\/tienda\/wp-json\/wp\/v2\/media?parent=261322"}],"wp:term":[{"taxonomy":"product_cat","embeddable":true,"href":"https:\/\/compuviper.mx\/tienda\/wp-json\/wp\/v2\/product_cat?post=261322"},{"taxonomy":"product_tag","embeddable":true,"href":"https:\/\/compuviper.mx\/tienda\/wp-json\/wp\/v2\/product_tag?post=261322"}],"curies":[{"name":"wp","href":"https:\/\/api.w.org\/{rel}","templated":true}]}}