{"id":261320,"date":"2026-04-02T02:07:37","date_gmt":"2026-04-02T08:07:37","guid":{"rendered":"https:\/\/compuviper.mx\/tienda\/producto\/logitech-981-001575-audifonos-diadema-h390-supresion-de-ruido-control-de-volumen-usb-c-negro\/"},"modified":"2026-04-02T02:07:37","modified_gmt":"2026-04-02T08:07:37","slug":"logitech-981-001575-audifonos-diadema-h390-supresion-de-ruido-control-de-volumen-usb-c-negro","status":"publish","type":"product","link":"https:\/\/compuviper.mx\/tienda\/producto\/logitech-981-001575-audifonos-diadema-h390-supresion-de-ruido-control-de-volumen-usb-c-negro\/","title":{"rendered":"Logitech 981-001575 Audifonos Diadema  H390 Supresion De Ruido Control De Volumen Usb-c Negro"},"content":{"rendered":"<table class=\"descripcion\">\n<tr>\n<td>Dimensiones<\/td>\n<\/tr>\n<tr>\n<td>Audfonos<\/td>\n<\/tr>\n<tr>\n<td>Altura: 171 mm<\/td>\n<\/tr>\n<tr>\n<td>Anchura: 151 mm<\/td>\n<\/tr>\n<tr>\n<td>Profundidad: 68 mm<\/td>\n<\/tr>\n<tr>\n<td>Peso: 197 g<\/td>\n<\/tr>\n<tr>\n<td>Especificaciones tecnicas<\/td>\n<\/tr>\n<tr>\n<td>Microfono<\/td>\n<\/tr>\n<tr>\n<td>Escritura: bidireccional<\/td>\n<\/tr>\n<tr>\n<td>Respuesta de frecuencia del microfono: 100~10 khz<\/td>\n<\/tr>\n<tr>\n<td>Sensibilidad: -17 dbv\/pa \u00b14 db<\/td>\n<\/tr>\n<tr>\n<td>Conectividad<\/td>\n<\/tr>\n<tr>\n<td>Longitud del cable: 1,9 m<\/td>\n<\/tr>\n<tr>\n<td>Materiales<\/td>\n<\/tr>\n<tr>\n<td>Materiales del producto: plastico, silicona, metal<\/td>\n<\/tr>\n<tr>\n<td>Requisitos del sistema<\/td>\n<\/tr>\n<tr>\n<td>Requisitos: funciona con computadoras windows, mac o chromeos a travs del puerto usb disponible puerto usb-a o usb-c , segun el modelo que compres. compatible con aplicaciones comunes de llamadas y reuniones por video.<\/td>\n<\/tr>\n<tr>\n<td>Compatibilidad: las principales aplicaciones de llamadas de reunion por video en casi todos los sistemas operativos y las plataformas.<\/td>\n<\/tr>\n<tr>\n<td>Sostenibilidad<\/td>\n<\/tr>\n<tr>\n<td>Embalaje responsable: con certificacin fsc\u0099<\/td>\n<\/tr>\n<tr>\n<td>Plastico reciclado: 54 de material reciclado posconsumo en negro, 53 en grafito, 42 en blanco crudo y rosado. excluye plastico en componentes electronicos ee, cables, conjunto de cableado impreso pwa y empaque.<\/td>\n<\/tr>\n<tr>\n<td>Huella de carbono del producto: 4,78 kg co2e<\/td>\n<\/tr>\n<tr>\n<td>Speakers<\/td>\n<\/tr>\n<tr>\n<td>Respuesta de frecuencia: 20~20 khz<\/td>\n<\/tr>\n<tr>\n<td>Sensitivity: 94 db \u00b13 db<\/td>\n<\/tr>\n<tr>\n<td>Driver size: 30 mm<\/td>\n<\/tr>\n<tr>\n<td>Driver impedance: 32  and 937; ohm<\/td>\n<\/tr>\n<tr>\n<td>Informacion de garantia<\/td>\n<\/tr>\n<tr>\n<td>Dos aos de garanta limitada del hardware<\/td>\n<\/tr>\n<\/table>\n","protected":false},"excerpt":{"rendered":"<p>Escucha mejor. Los transductores de audio de 30 mm optimizados ofrecen audio digital mejorado para reuniones, musica, etc. Mejor ajuste. La diadema ajustable tiene almohadillas giratorias de cuero sintetico para brindar comodidad durante horas. Mejor sonido. Los h390 minimizan el ruido de fondo no deseado para permitir conversaciones claras. El micrfono rigido del lado izquierdo se puede colocar para una mejor captura de voz. La varilla de microfono se puede girar para apartarla cuando no se vaya a utilizar. Mejor conexion. Tan pronto como se conecta a la computadora el conector usb-a, se puede empezar a hablar o escuchar. El cable de 1,9 m te da la libertad de ponerte de pie y estirarte durante largas conversaciones. Mejores reuniones. Los practicos controles integrados en el cable permiten ajustar el volumen o silenciar las llamadas sin interrupciones. Negro usb-c : 981-001575. Para mas referncia. Https:\/\/www.Logitech.Com\/es-mx\/shop\/p\/h390-usb-headset<\/p>\n","protected":false},"featured_media":0,"comment_status":"open","ping_status":"open","template":"","meta":[],"product_cat":[1552,1816],"product_tag":[1500],"acf":[],"yoast_head":"<!-- This site is optimized with the Yoast SEO plugin v21.7 - https:\/\/yoast.com\/wordpress\/plugins\/seo\/ -->\n<title>[ Logitech ] &#129351; 981-001575 Audifonos Diadema H390 Supresion De Ruido Control De Volumen Usb-c Negro<\/title>\n<meta name=\"description\" content=\"Compra 981-001575 Audifonos Diadema H390 Supresion De Ruido Control De Volumen Usb-c Negro + Env\u00edo a domicilio + Pago seguro + Garant\u00eda\" \/>\n<meta name=\"robots\" content=\"index, follow, max-snippet:-1, max-image-preview:large, max-video-preview:-1\" \/>\n<link rel=\"canonical\" href=\"https:\/\/compuviper.mx\/tienda\/producto\/logitech-981-001575-audifonos-diadema-h390-supresion-de-ruido-control-de-volumen-usb-c-negro\/\" \/>\n<meta property=\"og:locale\" content=\"es_MX\" \/>\n<meta property=\"og:type\" content=\"article\" \/>\n<meta property=\"og:title\" content=\"[ Logitech ] &#129351; 981-001575 Audifonos Diadema H390 Supresion De Ruido Control De Volumen Usb-c Negro\" \/>\n<meta property=\"og:description\" content=\"Compra 981-001575 Audifonos Diadema H390 Supresion De Ruido Control De Volumen Usb-c Negro + Env\u00edo a domicilio + Pago seguro + Garant\u00eda\" \/>\n<meta property=\"og:url\" content=\"https:\/\/compuviper.mx\/tienda\/producto\/logitech-981-001575-audifonos-diadema-h390-supresion-de-ruido-control-de-volumen-usb-c-negro\/\" \/>\n<meta property=\"og:site_name\" content=\"Compuviper\" \/>\n<meta property=\"article:publisher\" content=\"https:\/\/www.facebook.com\/compuviper\" \/>\n<meta name=\"twitter:card\" content=\"summary_large_image\" \/>\n<meta name=\"twitter:label1\" content=\"Precio\" \/>\n\t<meta name=\"twitter:data1\" content=\"&#36;601 con IVA\" \/>\n\t<meta name=\"twitter:label2\" content=\"Availability\" \/>\n\t<meta name=\"twitter:data2\" content=\"Out of stock\" \/>\n<script type=\"application\/ld+json\" class=\"yoast-schema-graph\">{\"@context\":\"https:\/\/schema.org\",\"@graph\":[{\"@type\":\"WebPage\",\"@id\":\"https:\/\/compuviper.mx\/tienda\/producto\/logitech-981-001575-audifonos-diadema-h390-supresion-de-ruido-control-de-volumen-usb-c-negro\/\",\"url\":\"https:\/\/compuviper.mx\/tienda\/producto\/logitech-981-001575-audifonos-diadema-h390-supresion-de-ruido-control-de-volumen-usb-c-negro\/\",\"name\":\"[ Logitech ] &#129351; 981-001575 Audifonos Diadema H390 Supresion De Ruido Control De Volumen Usb-c Negro\",\"isPartOf\":{\"@id\":\"https:\/\/compuviper.mx\/tienda\/#website\"},\"datePublished\":\"2026-04-02T08:07:37+00:00\",\"dateModified\":\"2026-04-02T08:07:37+00:00\",\"description\":\"Compra 981-001575 Audifonos Diadema H390 Supresion De Ruido Control De Volumen Usb-c Negro + Env\u00edo a domicilio + Pago seguro + Garant\u00eda\",\"breadcrumb\":{\"@id\":\"https:\/\/compuviper.mx\/tienda\/producto\/logitech-981-001575-audifonos-diadema-h390-supresion-de-ruido-control-de-volumen-usb-c-negro\/#breadcrumb\"},\"inLanguage\":\"es-MX\",\"potentialAction\":[{\"@type\":\"ReadAction\",\"target\":[\"https:\/\/compuviper.mx\/tienda\/producto\/logitech-981-001575-audifonos-diadema-h390-supresion-de-ruido-control-de-volumen-usb-c-negro\/\"]}]},{\"@type\":\"BreadcrumbList\",\"@id\":\"https:\/\/compuviper.mx\/tienda\/producto\/logitech-981-001575-audifonos-diadema-h390-supresion-de-ruido-control-de-volumen-usb-c-negro\/#breadcrumb\",\"itemListElement\":[{\"@type\":\"ListItem\",\"position\":1,\"name\":\"Inicio\",\"item\":\"https:\/\/compuviper.mx\/tienda\/\"},{\"@type\":\"ListItem\",\"position\":2,\"name\":\"Productos\",\"item\":\"https:\/\/compuviper.mx\/tienda\/productos\/\"},{\"@type\":\"ListItem\",\"position\":3,\"name\":\"Audifonos Y Micro\",\"item\":\"https:\/\/compuviper.mx\/tienda\/categoria-producto\/audifonos-y-micro\/\"},{\"@type\":\"ListItem\",\"position\":4,\"name\":\"Audifono Con Microfono\",\"item\":\"https:\/\/compuviper.mx\/tienda\/categoria-producto\/audifonos-y-micro\/audifono-con-microfono\/\"},{\"@type\":\"ListItem\",\"position\":5,\"name\":\"Logitech 981-001575 Audifonos Diadema H390 Supresion De Ruido Control De Volumen Usb-c Negro\"}]},{\"@type\":\"WebSite\",\"@id\":\"https:\/\/compuviper.mx\/tienda\/#website\",\"url\":\"https:\/\/compuviper.mx\/tienda\/\",\"name\":\"Compuviper\",\"description\":\"Proveedor de Computadoras, Laptops, Servidores, Monitores, Puntos de Venta, Teclados,   Impresoras, T\u00f3ner, C\u00e1maras de Seguridad y m\u00e1s en tu tienda en l\u00ednea\",\"publisher\":{\"@id\":\"https:\/\/compuviper.mx\/tienda\/#organization\"},\"potentialAction\":[{\"@type\":\"SearchAction\",\"target\":{\"@type\":\"EntryPoint\",\"urlTemplate\":\"https:\/\/compuviper.mx\/tienda\/?s={search_term_string}\"},\"query-input\":\"required name=search_term_string\"}],\"inLanguage\":\"es-MX\"},{\"@type\":\"Organization\",\"@id\":\"https:\/\/compuviper.mx\/tienda\/#organization\",\"name\":\"Compuviper\",\"url\":\"https:\/\/compuviper.mx\/tienda\/\",\"logo\":{\"@type\":\"ImageObject\",\"inLanguage\":\"es-MX\",\"@id\":\"https:\/\/compuviper.mx\/tienda\/#\/schema\/logo\/image\/\",\"url\":\"https:\/\/compuviper.mx\/tienda\/wp-content\/uploads\/2021\/08\/Logo-Compuviper-10.png\",\"contentUrl\":\"https:\/\/compuviper.mx\/tienda\/wp-content\/uploads\/2021\/08\/Logo-Compuviper-10.png\",\"width\":1000,\"height\":500,\"caption\":\"Compuviper\"},\"image\":{\"@id\":\"https:\/\/compuviper.mx\/tienda\/#\/schema\/logo\/image\/\"},\"sameAs\":[\"https:\/\/www.facebook.com\/compuviper\",\"https:\/\/www.youtube.com\/channel\/UCf73dERp9Y3cfOq7q8BhLjA?view_as=subscriber\"]}]}<\/script>\n<meta property=\"product:brand\" content=\"LOGITECH\" \/>\n<meta property=\"product:price:amount\" content=\"601\" \/>\n<meta property=\"product:price:currency\" content=\"MXN\" \/>\n<meta property=\"og:availability\" content=\"out of stock\" \/>\n<meta property=\"product:availability\" content=\"out of stock\" \/>\n<meta property=\"product:retailer_item_id\" content=\"981-001575\" \/>\n<meta property=\"product:condition\" content=\"new\" \/>\n<!-- \/ Yoast SEO plugin. -->","yoast_head_json":{"title":"[ Logitech ] &#129351; 981-001575 Audifonos Diadema H390 Supresion De Ruido Control De Volumen Usb-c Negro","description":"Compra 981-001575 Audifonos Diadema H390 Supresion De Ruido Control De Volumen Usb-c Negro + Env\u00edo a domicilio + Pago seguro + Garant\u00eda","robots":{"index":"index","follow":"follow","max-snippet":"max-snippet:-1","max-image-preview":"max-image-preview:large","max-video-preview":"max-video-preview:-1"},"canonical":"https:\/\/compuviper.mx\/tienda\/producto\/logitech-981-001575-audifonos-diadema-h390-supresion-de-ruido-control-de-volumen-usb-c-negro\/","og_locale":"es_MX","og_type":"article","og_title":"[ Logitech ] &#129351; 981-001575 Audifonos Diadema H390 Supresion De Ruido Control De Volumen Usb-c Negro","og_description":"Compra 981-001575 Audifonos Diadema H390 Supresion De Ruido Control De Volumen Usb-c Negro + Env\u00edo a domicilio + Pago seguro + Garant\u00eda","og_url":"https:\/\/compuviper.mx\/tienda\/producto\/logitech-981-001575-audifonos-diadema-h390-supresion-de-ruido-control-de-volumen-usb-c-negro\/","og_site_name":"Compuviper","article_publisher":"https:\/\/www.facebook.com\/compuviper","twitter_card":"summary_large_image","twitter_misc":{"Precio":"&#36;601 con IVA","Availability":"Out of stock"},"schema":{"@context":"https:\/\/schema.org","@graph":[{"@type":"WebPage","@id":"https:\/\/compuviper.mx\/tienda\/producto\/logitech-981-001575-audifonos-diadema-h390-supresion-de-ruido-control-de-volumen-usb-c-negro\/","url":"https:\/\/compuviper.mx\/tienda\/producto\/logitech-981-001575-audifonos-diadema-h390-supresion-de-ruido-control-de-volumen-usb-c-negro\/","name":"[ Logitech ] &#129351; 981-001575 Audifonos Diadema H390 Supresion De Ruido Control De Volumen Usb-c Negro","isPartOf":{"@id":"https:\/\/compuviper.mx\/tienda\/#website"},"datePublished":"2026-04-02T08:07:37+00:00","dateModified":"2026-04-02T08:07:37+00:00","description":"Compra 981-001575 Audifonos Diadema H390 Supresion De Ruido Control De Volumen Usb-c Negro + Env\u00edo a domicilio + Pago seguro + Garant\u00eda","breadcrumb":{"@id":"https:\/\/compuviper.mx\/tienda\/producto\/logitech-981-001575-audifonos-diadema-h390-supresion-de-ruido-control-de-volumen-usb-c-negro\/#breadcrumb"},"inLanguage":"es-MX","potentialAction":[{"@type":"ReadAction","target":["https:\/\/compuviper.mx\/tienda\/producto\/logitech-981-001575-audifonos-diadema-h390-supresion-de-ruido-control-de-volumen-usb-c-negro\/"]}]},{"@type":"BreadcrumbList","@id":"https:\/\/compuviper.mx\/tienda\/producto\/logitech-981-001575-audifonos-diadema-h390-supresion-de-ruido-control-de-volumen-usb-c-negro\/#breadcrumb","itemListElement":[{"@type":"ListItem","position":1,"name":"Inicio","item":"https:\/\/compuviper.mx\/tienda\/"},{"@type":"ListItem","position":2,"name":"Productos","item":"https:\/\/compuviper.mx\/tienda\/productos\/"},{"@type":"ListItem","position":3,"name":"Audifonos Y Micro","item":"https:\/\/compuviper.mx\/tienda\/categoria-producto\/audifonos-y-micro\/"},{"@type":"ListItem","position":4,"name":"Audifono Con Microfono","item":"https:\/\/compuviper.mx\/tienda\/categoria-producto\/audifonos-y-micro\/audifono-con-microfono\/"},{"@type":"ListItem","position":5,"name":"Logitech 981-001575 Audifonos Diadema H390 Supresion De Ruido Control De Volumen Usb-c Negro"}]},{"@type":"WebSite","@id":"https:\/\/compuviper.mx\/tienda\/#website","url":"https:\/\/compuviper.mx\/tienda\/","name":"Compuviper","description":"Proveedor de Computadoras, Laptops, Servidores, Monitores, Puntos de Venta, Teclados,   Impresoras, T\u00f3ner, C\u00e1maras de Seguridad y m\u00e1s en tu tienda en l\u00ednea","publisher":{"@id":"https:\/\/compuviper.mx\/tienda\/#organization"},"potentialAction":[{"@type":"SearchAction","target":{"@type":"EntryPoint","urlTemplate":"https:\/\/compuviper.mx\/tienda\/?s={search_term_string}"},"query-input":"required name=search_term_string"}],"inLanguage":"es-MX"},{"@type":"Organization","@id":"https:\/\/compuviper.mx\/tienda\/#organization","name":"Compuviper","url":"https:\/\/compuviper.mx\/tienda\/","logo":{"@type":"ImageObject","inLanguage":"es-MX","@id":"https:\/\/compuviper.mx\/tienda\/#\/schema\/logo\/image\/","url":"https:\/\/compuviper.mx\/tienda\/wp-content\/uploads\/2021\/08\/Logo-Compuviper-10.png","contentUrl":"https:\/\/compuviper.mx\/tienda\/wp-content\/uploads\/2021\/08\/Logo-Compuviper-10.png","width":1000,"height":500,"caption":"Compuviper"},"image":{"@id":"https:\/\/compuviper.mx\/tienda\/#\/schema\/logo\/image\/"},"sameAs":["https:\/\/www.facebook.com\/compuviper","https:\/\/www.youtube.com\/channel\/UCf73dERp9Y3cfOq7q8BhLjA?view_as=subscriber"]}]},"product_brand":"LOGITECH","product_price_amount":"601","product_price_currency":"MXN","og_availability":"out of stock","product_availability":"out of stock","product_retailer_item_id":"981-001575","product_condition":"new"},"_links":{"self":[{"href":"https:\/\/compuviper.mx\/tienda\/wp-json\/wp\/v2\/product\/261320"}],"collection":[{"href":"https:\/\/compuviper.mx\/tienda\/wp-json\/wp\/v2\/product"}],"about":[{"href":"https:\/\/compuviper.mx\/tienda\/wp-json\/wp\/v2\/types\/product"}],"replies":[{"embeddable":true,"href":"https:\/\/compuviper.mx\/tienda\/wp-json\/wp\/v2\/comments?post=261320"}],"wp:attachment":[{"href":"https:\/\/compuviper.mx\/tienda\/wp-json\/wp\/v2\/media?parent=261320"}],"wp:term":[{"taxonomy":"product_cat","embeddable":true,"href":"https:\/\/compuviper.mx\/tienda\/wp-json\/wp\/v2\/product_cat?post=261320"},{"taxonomy":"product_tag","embeddable":true,"href":"https:\/\/compuviper.mx\/tienda\/wp-json\/wp\/v2\/product_tag?post=261320"}],"curies":[{"name":"wp","href":"https:\/\/api.w.org\/{rel}","templated":true}]}}