{"id":261319,"date":"2026-04-17T02:01:48","date_gmt":"2026-04-17T08:01:48","guid":{"rendered":"https:\/\/compuviper.mx\/tienda\/producto\/qnap-ts-464-8g-us-ts-464-4-bay-high-performance-desktop-nas-intel-4c-4t-processor-burst-up-to-2-9ghz-with-8gb-ddr4-ram-2-x-2-5gbe-2-x-m-2-2280-pcie-gen-3-x1-1-x-pcie-gen3-x2-slot-for-network-sto\/"},"modified":"2026-04-17T02:01:48","modified_gmt":"2026-04-17T08:01:48","slug":"qnap-ts-464-8g-us-ts-464-4-bay-high-performance-desktop-nas-intel-4c-4t-processor-burst-up-to-2-9ghz-with-8gb-ddr4-ram-2-x-2-5gbe-2-x-m-2-2280-pcie-gen-3-x1-1-x-pcie-gen3-x2-slot-for-network-sto","status":"publish","type":"product","link":"https:\/\/compuviper.mx\/tienda\/producto\/qnap-ts-464-8g-us-ts-464-4-bay-high-performance-desktop-nas-intel-4c-4t-processor-burst-up-to-2-9ghz-with-8gb-ddr4-ram-2-x-2-5gbe-2-x-m-2-2280-pcie-gen-3-x1-1-x-pcie-gen3-x2-slot-for-network-sto\/","title":{"rendered":"Qnap Ts-464-8g-us  Ts-464 4-bay High-performance Desktop Nas. Intel 4c\/4t Processor, Burst Up To 2.9ghz With 8gb Ddr4 Ram, 2 X 2.5gbe, 2 X M.2 2280 Pcie Gen 3 X1, 1 X Pcie Gen3 X2 Slot For Network\/storage Expansio"},"content":{"rendered":"<table class=\"descripcion\">\n<tr>\n<td>Cpu procesador intel\u00ae celeron\u00ae n5095 de cuatro n\u00facleos y cuatro hilos, con potencia de hasta 2,9 ghz<\/td>\n<\/tr>\n<tr>\n<td>Arquitectura de cpu x86 de 64 bits<\/td>\n<\/tr>\n<tr>\n<td>Procesadores gr\u00e1ficos intel\u00ae uhd graphics<\/td>\n<\/tr>\n<tr>\n<td>Unidad de coma flotante<\/td>\n<\/tr>\n<tr>\n<td>Motor de cifrado  (aes-ni)<\/td>\n<\/tr>\n<tr>\n<td>Transcodificaci\u00f3n acelerada de hardware<\/td>\n<\/tr>\n<tr>\n<td>Memoria del sistema 8 gb de memoria ddr4 sodimm (1 m\u00f3dulo de 8 gb)<\/td>\n<\/tr>\n<tr>\n<td>Desde 2024\/01<\/td>\n<\/tr>\n<tr>\n<td>Memoria m\u00e1xima 16 gb (2 m\u00f3dulos de 8 gb)<\/td>\n<\/tr>\n<tr>\n<td>Ranura para memoria 2 m\u00f3dulos de memoria ddr4 sodimm<\/td>\n<\/tr>\n<tr>\n<td>Memoria flash 4 gb (protecci\u00f3n del sistema operativo de doble arranque)<\/td>\n<\/tr>\n<tr>\n<td>Bah\u00eda de unidades 4 unidades sata de 3,5 a 6gb\/s<\/td>\n<\/tr>\n<tr>\n<td>El sistema se env\u00eda sin unidad de disco duro.<\/td>\n<\/tr>\n<tr>\n<td>Para ver la lista de compatibilidad de discos duros, visite https:\/\/www.qnap.com\/compatibility\/<\/td>\n<\/tr>\n<tr>\n<td>Compatibilidad de unidades 3.5 pulgadas sata discos duros 2.5 pulgadas sata estado s\u00f3lido discos duros<\/td>\n<\/tr>\n<tr>\n<td>Intercambiable en caliente  (no compatible con ssd m.2)<\/td>\n<\/tr>\n<tr>\n<td>Ranura m.2 2 ranuras pcie m.2 2280 gen 3 x1<\/td>\n<\/tr>\n<tr>\n<td>Si se va a instalar un disipador, se recomienda que las dimensiones superiores del disipador sean inferiores a 68 x 20 x 10 mm (l x a x h)<\/td>\n<\/tr>\n<tr>\n<td>Compatibilidad con aceleraci\u00f3n de cach\u00e9 ssd<\/td>\n<\/tr>\n<tr>\n<td>Puerto 2,5 gbe (2,5g\/1g\/100m) 2 (2,5g\/1g\/100m\/10m)<\/td>\n<\/tr>\n<tr>\n<td>Puerto 5 gbe (5g\/2,5g\/1g\/100m) opcional a trav\u00e9s de la tarjeta de expansi\u00f3n pcie<\/td>\n<\/tr>\n<tr>\n<td>Puerto 10 gbe opcional a trav\u00e9s de la tarjeta de expansi\u00f3n pcie<\/td>\n<\/tr>\n<tr>\n<td>Wake-on-lan (wol)<\/td>\n<\/tr>\n<tr>\n<td>Jumbo frame<\/td>\n<\/tr>\n<tr>\n<td>Ranura pcie 1<\/td>\n<\/tr>\n<tr>\n<td>Ranura 1: pcie gen 3 x2<\/td>\n<\/tr>\n<tr>\n<td>Dimensiones de la tarjeta para la ranura pcie: 190 x 68,9 x 18,76 mm \/ 7,48 x 2,71 x 0,74 pulgadas.<\/td>\n<\/tr>\n<tr>\n<td>Puerto usb 2.0 2<\/td>\n<\/tr>\n<tr>\n<td>Puerto usb 3.2 gen 2 (10 gbps) 2 puertos tipo-a<\/td>\n<\/tr>\n<tr>\n<td>Sensor de ir  (mando a distancia rm-ir004 de qnap)<\/td>\n<\/tr>\n<tr>\n<td>Salida hdmi\u0099 1, hdmi\u0099 2.1 (up to 4096 x 2160 @ 60hz)<\/td>\n<\/tr>\n<tr>\n<td>Factor de forma torre<\/td>\n<\/tr>\n<tr>\n<td>Indicadores led alimentaci\u00f3n\/estado, lan, usb, unidad de disco duro 1-4<\/td>\n<\/tr>\n<tr>\n<td>Botones encendido, copia usb, restablecimiento<\/td>\n<\/tr>\n<tr>\n<td>Dimensiones (altura x anchura x profundidad) 165 \u00d7 170 \u00d7 226.5 mm<\/td>\n<\/tr>\n<tr>\n<td>Las dimensiones no incluyen la almohadilla del pie (la almohadilla del pie puede tener hasta 30mm \/ 1.18 pulgadas de altura dependiendo del modelo)<\/td>\n<\/tr>\n<tr>\n<td>Peso (neto) 2.26 kg<\/td>\n<\/tr>\n<tr>\n<td>Peso (bruto) 3.59 kg<\/td>\n<\/tr>\n<tr>\n<td>Temperatura operativa 0 &#8211; 40 \u00b0c (32 \u00b0f &#8211; 104 \u00b0f)<\/td>\n<\/tr>\n<tr>\n<td>Temperatura de almacenamiento -20 &#8211; 70\u00b0c (-4\u00b0f &#8211; 158\u00b0f)<\/td>\n<\/tr>\n<tr>\n<td>Humedad relativa 5 ~ 95 % de humedad relativa sin condensaci\u00f3n, bulbo h\u00famedo: 27  and #730;c (80,6  and #730;f)<\/td>\n<\/tr>\n<tr>\n<td>Unidad de alimentaci\u00f3n el\u00e9ctrica adaptador de 90 w, 100-240 v<\/td>\n<\/tr>\n<tr>\n<td>Power consumption: disk standby mode 21.618 w<\/td>\n<\/tr>\n<tr>\n<td>Consumo de energ\u00eda: modo de funcionamiento, t\u00edpico 40.536 w<\/td>\n<\/tr>\n<tr>\n<td>Probado con unidades totalmente llenas.<\/td>\n<\/tr>\n<tr>\n<td>Ventilador 1 de 120 mm, 12 v de cc<\/td>\n<\/tr>\n<tr>\n<td>Advertencia del sistema timreb<\/td>\n<\/tr>\n<\/table>\n","protected":false},"excerpt":{"rendered":"<p>El ts-464 es un compacto nas de 4 bah\u00edas con un rendimiento superior. Con capacidad para un m\u00e1ximo de 72 tb de almacenamiento y 4 tb de cach\u00e9 ssd m.2* a un precio asequible, el ts-464 responde a sus desaf\u00edos multitarea para la administraci\u00f3n de archivos, la copia de seguridad, la colaboraci\u00f3n y la conversi\u00f3n de v\u00eddeo.<\/p>\n","protected":false},"featured_media":0,"comment_status":"open","ping_status":"open","template":"","meta":[],"product_cat":[1803,2010],"product_tag":[2110],"acf":[],"yoast_head":"<!-- This site is optimized with the Yoast SEO plugin v21.7 - https:\/\/yoast.com\/wordpress\/plugins\/seo\/ -->\n<title>[ Qnap ] &#129351; Ts-464-8g-us Ts-464 4-bay High-performance Desktop Nas. Intel 4c\/4t Processor, Burst Up To 2.9ghz With 8gb Ddr4 Ram, 2 X 2.5gbe, 2 X M.2 2280 Pcie Gen 3 X1, 1 X Pcie Gen3 X2 Slot For Network\/storage Expansio<\/title>\n<meta name=\"description\" content=\"Compra Ts-464-8g-us Ts-464 4-bay High-performance Desktop Nas. Intel 4c\/4t Processor, Burst Up To 2.9ghz With 8gb Ddr4 Ram, 2 X 2.5gbe, 2 X M.2 2280 Pcie Gen 3 X1, 1 X Pcie Gen3 X2 Slot For Network\/storage Expansio + Env\u00edo a domicilio + Pago seguro + Garant\u00eda\" \/>\n<meta name=\"robots\" content=\"index, follow, max-snippet:-1, max-image-preview:large, max-video-preview:-1\" \/>\n<link rel=\"canonical\" href=\"https:\/\/compuviper.mx\/tienda\/producto\/qnap-ts-464-8g-us-ts-464-4-bay-high-performance-desktop-nas-intel-4c-4t-processor-burst-up-to-2-9ghz-with-8gb-ddr4-ram-2-x-2-5gbe-2-x-m-2-2280-pcie-gen-3-x1-1-x-pcie-gen3-x2-slot-for-network-sto\/\" \/>\n<meta property=\"og:locale\" content=\"es_MX\" \/>\n<meta property=\"og:type\" content=\"article\" \/>\n<meta property=\"og:title\" content=\"[ Qnap ] &#129351; Ts-464-8g-us Ts-464 4-bay High-performance Desktop Nas. Intel 4c\/4t Processor, Burst Up To 2.9ghz With 8gb Ddr4 Ram, 2 X 2.5gbe, 2 X M.2 2280 Pcie Gen 3 X1, 1 X Pcie Gen3 X2 Slot For Network\/storage Expansio\" \/>\n<meta property=\"og:description\" content=\"Compra Ts-464-8g-us Ts-464 4-bay High-performance Desktop Nas. Intel 4c\/4t Processor, Burst Up To 2.9ghz With 8gb Ddr4 Ram, 2 X 2.5gbe, 2 X M.2 2280 Pcie Gen 3 X1, 1 X Pcie Gen3 X2 Slot For Network\/storage Expansio + Env\u00edo a domicilio + Pago seguro + Garant\u00eda\" \/>\n<meta property=\"og:url\" content=\"https:\/\/compuviper.mx\/tienda\/producto\/qnap-ts-464-8g-us-ts-464-4-bay-high-performance-desktop-nas-intel-4c-4t-processor-burst-up-to-2-9ghz-with-8gb-ddr4-ram-2-x-2-5gbe-2-x-m-2-2280-pcie-gen-3-x1-1-x-pcie-gen3-x2-slot-for-network-sto\/\" \/>\n<meta property=\"og:site_name\" content=\"Compuviper\" \/>\n<meta property=\"article:publisher\" content=\"https:\/\/www.facebook.com\/compuviper\" \/>\n<meta name=\"twitter:card\" content=\"summary_large_image\" \/>\n<meta name=\"twitter:label1\" content=\"Precio\" \/>\n\t<meta name=\"twitter:data1\" content=\"&#36;12,842 &#36;11,805 con IVA\" \/>\n\t<meta name=\"twitter:label2\" content=\"Availability\" \/>\n\t<meta name=\"twitter:data2\" content=\"Out of stock\" \/>\n<script type=\"application\/ld+json\" class=\"yoast-schema-graph\">{\"@context\":\"https:\/\/schema.org\",\"@graph\":[{\"@type\":\"WebPage\",\"@id\":\"https:\/\/compuviper.mx\/tienda\/producto\/qnap-ts-464-8g-us-ts-464-4-bay-high-performance-desktop-nas-intel-4c-4t-processor-burst-up-to-2-9ghz-with-8gb-ddr4-ram-2-x-2-5gbe-2-x-m-2-2280-pcie-gen-3-x1-1-x-pcie-gen3-x2-slot-for-network-sto\/\",\"url\":\"https:\/\/compuviper.mx\/tienda\/producto\/qnap-ts-464-8g-us-ts-464-4-bay-high-performance-desktop-nas-intel-4c-4t-processor-burst-up-to-2-9ghz-with-8gb-ddr4-ram-2-x-2-5gbe-2-x-m-2-2280-pcie-gen-3-x1-1-x-pcie-gen3-x2-slot-for-network-sto\/\",\"name\":\"[ Qnap ] &#129351; Ts-464-8g-us Ts-464 4-bay High-performance Desktop Nas. Intel 4c\/4t Processor, Burst Up To 2.9ghz With 8gb Ddr4 Ram, 2 X 2.5gbe, 2 X M.2 2280 Pcie Gen 3 X1, 1 X Pcie Gen3 X2 Slot For Network\/storage Expansio\",\"isPartOf\":{\"@id\":\"https:\/\/compuviper.mx\/tienda\/#website\"},\"datePublished\":\"2026-04-17T08:01:48+00:00\",\"dateModified\":\"2026-04-17T08:01:48+00:00\",\"description\":\"Compra Ts-464-8g-us Ts-464 4-bay High-performance Desktop Nas. Intel 4c\/4t Processor, Burst Up To 2.9ghz With 8gb Ddr4 Ram, 2 X 2.5gbe, 2 X M.2 2280 Pcie Gen 3 X1, 1 X Pcie Gen3 X2 Slot For Network\/storage Expansio + Env\u00edo a domicilio + Pago seguro + Garant\u00eda\",\"breadcrumb\":{\"@id\":\"https:\/\/compuviper.mx\/tienda\/producto\/qnap-ts-464-8g-us-ts-464-4-bay-high-performance-desktop-nas-intel-4c-4t-processor-burst-up-to-2-9ghz-with-8gb-ddr4-ram-2-x-2-5gbe-2-x-m-2-2280-pcie-gen-3-x1-1-x-pcie-gen3-x2-slot-for-network-sto\/#breadcrumb\"},\"inLanguage\":\"es-MX\",\"potentialAction\":[{\"@type\":\"ReadAction\",\"target\":[\"https:\/\/compuviper.mx\/tienda\/producto\/qnap-ts-464-8g-us-ts-464-4-bay-high-performance-desktop-nas-intel-4c-4t-processor-burst-up-to-2-9ghz-with-8gb-ddr4-ram-2-x-2-5gbe-2-x-m-2-2280-pcie-gen-3-x1-1-x-pcie-gen3-x2-slot-for-network-sto\/\"]}]},{\"@type\":\"BreadcrumbList\",\"@id\":\"https:\/\/compuviper.mx\/tienda\/producto\/qnap-ts-464-8g-us-ts-464-4-bay-high-performance-desktop-nas-intel-4c-4t-processor-burst-up-to-2-9ghz-with-8gb-ddr4-ram-2-x-2-5gbe-2-x-m-2-2280-pcie-gen-3-x1-1-x-pcie-gen3-x2-slot-for-network-sto\/#breadcrumb\",\"itemListElement\":[{\"@type\":\"ListItem\",\"position\":1,\"name\":\"Inicio\",\"item\":\"https:\/\/compuviper.mx\/tienda\/\"},{\"@type\":\"ListItem\",\"position\":2,\"name\":\"Productos\",\"item\":\"https:\/\/compuviper.mx\/tienda\/productos\/\"},{\"@type\":\"ListItem\",\"position\":3,\"name\":\"Almacenamiento\",\"item\":\"https:\/\/compuviper.mx\/tienda\/categoria-producto\/almacenamiento\/\"},{\"@type\":\"ListItem\",\"position\":4,\"name\":\"Unidad De Respaldo\",\"item\":\"https:\/\/compuviper.mx\/tienda\/categoria-producto\/almacenamiento\/unidad-de-respaldo\/\"},{\"@type\":\"ListItem\",\"position\":5,\"name\":\"Qnap Ts-464-8g-us Ts-464 4-bay High-performance Desktop Nas. Intel 4c\/4t Processor, Burst Up To 2.9ghz With 8gb Ddr4 Ram, 2 X 2.5gbe, 2 X M.2 2280 Pcie Gen 3 X1, 1 X Pcie Gen3 X2 Slot For Network\/storage Expansio\"}]},{\"@type\":\"WebSite\",\"@id\":\"https:\/\/compuviper.mx\/tienda\/#website\",\"url\":\"https:\/\/compuviper.mx\/tienda\/\",\"name\":\"Compuviper\",\"description\":\"Proveedor de Computadoras, Laptops, Servidores, Monitores, Puntos de Venta, Teclados,   Impresoras, T\u00f3ner, C\u00e1maras de Seguridad y m\u00e1s en tu tienda en l\u00ednea\",\"publisher\":{\"@id\":\"https:\/\/compuviper.mx\/tienda\/#organization\"},\"potentialAction\":[{\"@type\":\"SearchAction\",\"target\":{\"@type\":\"EntryPoint\",\"urlTemplate\":\"https:\/\/compuviper.mx\/tienda\/?s={search_term_string}\"},\"query-input\":\"required name=search_term_string\"}],\"inLanguage\":\"es-MX\"},{\"@type\":\"Organization\",\"@id\":\"https:\/\/compuviper.mx\/tienda\/#organization\",\"name\":\"Compuviper\",\"url\":\"https:\/\/compuviper.mx\/tienda\/\",\"logo\":{\"@type\":\"ImageObject\",\"inLanguage\":\"es-MX\",\"@id\":\"https:\/\/compuviper.mx\/tienda\/#\/schema\/logo\/image\/\",\"url\":\"https:\/\/compuviper.mx\/tienda\/wp-content\/uploads\/2021\/08\/Logo-Compuviper-10.png\",\"contentUrl\":\"https:\/\/compuviper.mx\/tienda\/wp-content\/uploads\/2021\/08\/Logo-Compuviper-10.png\",\"width\":1000,\"height\":500,\"caption\":\"Compuviper\"},\"image\":{\"@id\":\"https:\/\/compuviper.mx\/tienda\/#\/schema\/logo\/image\/\"},\"sameAs\":[\"https:\/\/www.facebook.com\/compuviper\",\"https:\/\/www.youtube.com\/channel\/UCf73dERp9Y3cfOq7q8BhLjA?view_as=subscriber\"]}]}<\/script>\n<meta property=\"product:brand\" content=\"Qnap\" \/>\n<meta property=\"product:price:amount\" content=\"11805\" \/>\n<meta property=\"product:price:currency\" content=\"MXN\" \/>\n<meta property=\"og:availability\" content=\"out of stock\" \/>\n<meta property=\"product:availability\" content=\"out of stock\" \/>\n<meta property=\"product:retailer_item_id\" content=\"TS-464-8G-US\" \/>\n<meta property=\"product:condition\" content=\"new\" \/>\n<!-- \/ Yoast SEO plugin. -->","yoast_head_json":{"title":"[ Qnap ] &#129351; Ts-464-8g-us Ts-464 4-bay High-performance Desktop Nas. Intel 4c\/4t Processor, Burst Up To 2.9ghz With 8gb Ddr4 Ram, 2 X 2.5gbe, 2 X M.2 2280 Pcie Gen 3 X1, 1 X Pcie Gen3 X2 Slot For Network\/storage Expansio","description":"Compra Ts-464-8g-us Ts-464 4-bay High-performance Desktop Nas. Intel 4c\/4t Processor, Burst Up To 2.9ghz With 8gb Ddr4 Ram, 2 X 2.5gbe, 2 X M.2 2280 Pcie Gen 3 X1, 1 X Pcie Gen3 X2 Slot For Network\/storage Expansio + Env\u00edo a domicilio + Pago seguro + Garant\u00eda","robots":{"index":"index","follow":"follow","max-snippet":"max-snippet:-1","max-image-preview":"max-image-preview:large","max-video-preview":"max-video-preview:-1"},"canonical":"https:\/\/compuviper.mx\/tienda\/producto\/qnap-ts-464-8g-us-ts-464-4-bay-high-performance-desktop-nas-intel-4c-4t-processor-burst-up-to-2-9ghz-with-8gb-ddr4-ram-2-x-2-5gbe-2-x-m-2-2280-pcie-gen-3-x1-1-x-pcie-gen3-x2-slot-for-network-sto\/","og_locale":"es_MX","og_type":"article","og_title":"[ Qnap ] &#129351; Ts-464-8g-us Ts-464 4-bay High-performance Desktop Nas. Intel 4c\/4t Processor, Burst Up To 2.9ghz With 8gb Ddr4 Ram, 2 X 2.5gbe, 2 X M.2 2280 Pcie Gen 3 X1, 1 X Pcie Gen3 X2 Slot For Network\/storage Expansio","og_description":"Compra Ts-464-8g-us Ts-464 4-bay High-performance Desktop Nas. Intel 4c\/4t Processor, Burst Up To 2.9ghz With 8gb Ddr4 Ram, 2 X 2.5gbe, 2 X M.2 2280 Pcie Gen 3 X1, 1 X Pcie Gen3 X2 Slot For Network\/storage Expansio + Env\u00edo a domicilio + Pago seguro + Garant\u00eda","og_url":"https:\/\/compuviper.mx\/tienda\/producto\/qnap-ts-464-8g-us-ts-464-4-bay-high-performance-desktop-nas-intel-4c-4t-processor-burst-up-to-2-9ghz-with-8gb-ddr4-ram-2-x-2-5gbe-2-x-m-2-2280-pcie-gen-3-x1-1-x-pcie-gen3-x2-slot-for-network-sto\/","og_site_name":"Compuviper","article_publisher":"https:\/\/www.facebook.com\/compuviper","twitter_card":"summary_large_image","twitter_misc":{"Precio":"&#36;12,842 &#36;11,805 con IVA","Availability":"Out of stock"},"schema":{"@context":"https:\/\/schema.org","@graph":[{"@type":"WebPage","@id":"https:\/\/compuviper.mx\/tienda\/producto\/qnap-ts-464-8g-us-ts-464-4-bay-high-performance-desktop-nas-intel-4c-4t-processor-burst-up-to-2-9ghz-with-8gb-ddr4-ram-2-x-2-5gbe-2-x-m-2-2280-pcie-gen-3-x1-1-x-pcie-gen3-x2-slot-for-network-sto\/","url":"https:\/\/compuviper.mx\/tienda\/producto\/qnap-ts-464-8g-us-ts-464-4-bay-high-performance-desktop-nas-intel-4c-4t-processor-burst-up-to-2-9ghz-with-8gb-ddr4-ram-2-x-2-5gbe-2-x-m-2-2280-pcie-gen-3-x1-1-x-pcie-gen3-x2-slot-for-network-sto\/","name":"[ Qnap ] &#129351; Ts-464-8g-us Ts-464 4-bay High-performance Desktop Nas. Intel 4c\/4t Processor, Burst Up To 2.9ghz With 8gb Ddr4 Ram, 2 X 2.5gbe, 2 X M.2 2280 Pcie Gen 3 X1, 1 X Pcie Gen3 X2 Slot For Network\/storage Expansio","isPartOf":{"@id":"https:\/\/compuviper.mx\/tienda\/#website"},"datePublished":"2026-04-17T08:01:48+00:00","dateModified":"2026-04-17T08:01:48+00:00","description":"Compra Ts-464-8g-us Ts-464 4-bay High-performance Desktop Nas. Intel 4c\/4t Processor, Burst Up To 2.9ghz With 8gb Ddr4 Ram, 2 X 2.5gbe, 2 X M.2 2280 Pcie Gen 3 X1, 1 X Pcie Gen3 X2 Slot For Network\/storage Expansio + Env\u00edo a domicilio + Pago seguro + Garant\u00eda","breadcrumb":{"@id":"https:\/\/compuviper.mx\/tienda\/producto\/qnap-ts-464-8g-us-ts-464-4-bay-high-performance-desktop-nas-intel-4c-4t-processor-burst-up-to-2-9ghz-with-8gb-ddr4-ram-2-x-2-5gbe-2-x-m-2-2280-pcie-gen-3-x1-1-x-pcie-gen3-x2-slot-for-network-sto\/#breadcrumb"},"inLanguage":"es-MX","potentialAction":[{"@type":"ReadAction","target":["https:\/\/compuviper.mx\/tienda\/producto\/qnap-ts-464-8g-us-ts-464-4-bay-high-performance-desktop-nas-intel-4c-4t-processor-burst-up-to-2-9ghz-with-8gb-ddr4-ram-2-x-2-5gbe-2-x-m-2-2280-pcie-gen-3-x1-1-x-pcie-gen3-x2-slot-for-network-sto\/"]}]},{"@type":"BreadcrumbList","@id":"https:\/\/compuviper.mx\/tienda\/producto\/qnap-ts-464-8g-us-ts-464-4-bay-high-performance-desktop-nas-intel-4c-4t-processor-burst-up-to-2-9ghz-with-8gb-ddr4-ram-2-x-2-5gbe-2-x-m-2-2280-pcie-gen-3-x1-1-x-pcie-gen3-x2-slot-for-network-sto\/#breadcrumb","itemListElement":[{"@type":"ListItem","position":1,"name":"Inicio","item":"https:\/\/compuviper.mx\/tienda\/"},{"@type":"ListItem","position":2,"name":"Productos","item":"https:\/\/compuviper.mx\/tienda\/productos\/"},{"@type":"ListItem","position":3,"name":"Almacenamiento","item":"https:\/\/compuviper.mx\/tienda\/categoria-producto\/almacenamiento\/"},{"@type":"ListItem","position":4,"name":"Unidad De Respaldo","item":"https:\/\/compuviper.mx\/tienda\/categoria-producto\/almacenamiento\/unidad-de-respaldo\/"},{"@type":"ListItem","position":5,"name":"Qnap Ts-464-8g-us Ts-464 4-bay High-performance Desktop Nas. Intel 4c\/4t Processor, Burst Up To 2.9ghz With 8gb Ddr4 Ram, 2 X 2.5gbe, 2 X M.2 2280 Pcie Gen 3 X1, 1 X Pcie Gen3 X2 Slot For Network\/storage Expansio"}]},{"@type":"WebSite","@id":"https:\/\/compuviper.mx\/tienda\/#website","url":"https:\/\/compuviper.mx\/tienda\/","name":"Compuviper","description":"Proveedor de Computadoras, Laptops, Servidores, Monitores, Puntos de Venta, Teclados,   Impresoras, T\u00f3ner, C\u00e1maras de Seguridad y m\u00e1s en tu tienda en l\u00ednea","publisher":{"@id":"https:\/\/compuviper.mx\/tienda\/#organization"},"potentialAction":[{"@type":"SearchAction","target":{"@type":"EntryPoint","urlTemplate":"https:\/\/compuviper.mx\/tienda\/?s={search_term_string}"},"query-input":"required name=search_term_string"}],"inLanguage":"es-MX"},{"@type":"Organization","@id":"https:\/\/compuviper.mx\/tienda\/#organization","name":"Compuviper","url":"https:\/\/compuviper.mx\/tienda\/","logo":{"@type":"ImageObject","inLanguage":"es-MX","@id":"https:\/\/compuviper.mx\/tienda\/#\/schema\/logo\/image\/","url":"https:\/\/compuviper.mx\/tienda\/wp-content\/uploads\/2021\/08\/Logo-Compuviper-10.png","contentUrl":"https:\/\/compuviper.mx\/tienda\/wp-content\/uploads\/2021\/08\/Logo-Compuviper-10.png","width":1000,"height":500,"caption":"Compuviper"},"image":{"@id":"https:\/\/compuviper.mx\/tienda\/#\/schema\/logo\/image\/"},"sameAs":["https:\/\/www.facebook.com\/compuviper","https:\/\/www.youtube.com\/channel\/UCf73dERp9Y3cfOq7q8BhLjA?view_as=subscriber"]}]},"product_brand":"Qnap","product_price_amount":"11805","product_price_currency":"MXN","og_availability":"out of stock","product_availability":"out of stock","product_retailer_item_id":"TS-464-8G-US","product_condition":"new"},"_links":{"self":[{"href":"https:\/\/compuviper.mx\/tienda\/wp-json\/wp\/v2\/product\/261319"}],"collection":[{"href":"https:\/\/compuviper.mx\/tienda\/wp-json\/wp\/v2\/product"}],"about":[{"href":"https:\/\/compuviper.mx\/tienda\/wp-json\/wp\/v2\/types\/product"}],"replies":[{"embeddable":true,"href":"https:\/\/compuviper.mx\/tienda\/wp-json\/wp\/v2\/comments?post=261319"}],"wp:attachment":[{"href":"https:\/\/compuviper.mx\/tienda\/wp-json\/wp\/v2\/media?parent=261319"}],"wp:term":[{"taxonomy":"product_cat","embeddable":true,"href":"https:\/\/compuviper.mx\/tienda\/wp-json\/wp\/v2\/product_cat?post=261319"},{"taxonomy":"product_tag","embeddable":true,"href":"https:\/\/compuviper.mx\/tienda\/wp-json\/wp\/v2\/product_tag?post=261319"}],"curies":[{"name":"wp","href":"https:\/\/api.w.org\/{rel}","templated":true}]}}