{"id":261297,"date":"2026-04-10T00:47:25","date_gmt":"2026-04-10T06:47:25","guid":{"rendered":"https:\/\/compuviper.mx\/tienda\/producto\/samsung-ls32fm500elxzx-monitor-led-32-pulgadas-fhd-1920-x-1080-plano-smart-monitor-m5-va-60-hz-hdmi-negro\/"},"modified":"2026-04-10T00:47:25","modified_gmt":"2026-04-10T06:47:25","slug":"samsung-ls32fm500elxzx-monitor-led-32-pulgadas-smart-monitor-m5-fhd-1920-x-1080-va-plano-hdmi-bt-wifi-60-hz-negro","status":"publish","type":"product","link":"https:\/\/compuviper.mx\/tienda\/producto\/samsung-ls32fm500elxzx-monitor-led-32-pulgadas-smart-monitor-m5-fhd-1920-x-1080-va-plano-hdmi-bt-wifi-60-hz-negro\/","title":{"rendered":"Samsung Ls32fm500elxzx Monitor Led  32 Pulgadas \/smart Monitor M5\/ Fhd (1920 X 1080)\/ Va\/ Plano\/ Hdmi \/bt\/ Wifi\/ 60 Hz\/ Negro"},"content":{"rendered":"<table class=\"descripcion\">\n<tr>\n<td>Screen size (class):  32<\/td>\n<\/tr>\n<tr>\n<td>Flat \/ curved: flat<\/td>\n<\/tr>\n<tr>\n<td>Active display size (hxv) (mm): 698.4 x 392.85 mm<\/td>\n<\/tr>\n<tr>\n<td>Aspect ratio: 16:9<\/td>\n<\/tr>\n<tr>\n<td>Panel type:  va<\/td>\n<\/tr>\n<tr>\n<td>Brightness (typical):  250cd\/ and #13217;<\/td>\n<\/tr>\n<tr>\n<td>Brightness (min):  200cd\/ and #13217;<\/td>\n<\/tr>\n<tr>\n<td>Contrast ratio (static):  3,000:1(typ.)<\/td>\n<\/tr>\n<tr>\n<td>Hdr(high dynamic range):  hdr10<\/td>\n<\/tr>\n<tr>\n<td>Resolution:  fhd (1,920 x 1,080)<\/td>\n<\/tr>\n<tr>\n<td>Response time (ms):  4ms(gtg)<\/td>\n<\/tr>\n<tr>\n<td>Viewing angle (h\/v):  178\/178<\/td>\n<\/tr>\n<tr>\n<td>Color support:  max 16.7m<\/td>\n<\/tr>\n<tr>\n<td>Color gamut (ntsc):  72%<\/td>\n<\/tr>\n<tr>\n<td>Frame rate:  max 60hz<\/td>\n<\/tr>\n<tr>\n<td>Eye saver mode:  yes<\/td>\n<\/tr>\n<tr>\n<td>Flicker free:  yes<\/td>\n<\/tr>\n<tr>\n<td>Image size:  yes<\/td>\n<\/tr>\n<tr>\n<td>Windows certification:  windows11<\/td>\n<\/tr>\n<tr>\n<td>Gaming hub:  yes (kr, us, ca, br, gb, fr, de, it, es, mx, au)<\/td>\n<\/tr>\n<tr>\n<td>Hdmi-cec:  yes<\/td>\n<\/tr>\n<tr>\n<td>Smart type:  smart<\/td>\n<\/tr>\n<tr>\n<td>Operating system:  tizen\u0099<\/td>\n<\/tr>\n<tr>\n<td>Tv plus:  yes (mx, br only)<\/td>\n<\/tr>\n<tr>\n<td>Multi device experience:  mobile to screen, sound mirroring, wireless on<\/td>\n<\/tr>\n<tr>\n<td>Hdmi:  2ea<\/td>\n<\/tr>\n<tr>\n<td>Hdmi version:  1.4<\/td>\n<\/tr>\n<tr>\n<td>Hdcp version (hdmi):  2.2<\/td>\n<\/tr>\n<tr>\n<td>Usb ports:  2<\/td>\n<\/tr>\n<tr>\n<td>Usb-c:  noea<\/td>\n<\/tr>\n<tr>\n<td>Usb type-a downstream port:  2<\/td>\n<\/tr>\n<tr>\n<td>Usb type-a downstream version:  2.0<\/td>\n<\/tr>\n<tr>\n<td>Wifi:  yes (wi-fi 5)<\/td>\n<\/tr>\n<tr>\n<td>Bluetooth:  yes(5.2)<\/td>\n<\/tr>\n<tr>\n<td>Speaker:  yes<\/td>\n<\/tr>\n<tr>\n<td>Speaker output:  10w<\/td>\n<\/tr>\n<tr>\n<td>Adaptive sound:  adaptive sound<\/td>\n<\/tr>\n<tr>\n<td>Temperature:  10 &#8211; 40  and #8451; and #8451;<\/td>\n<\/tr>\n<tr>\n<td>Humidity:  10 &#8211; 80 (non-condensing)%<\/td>\n<\/tr>\n<tr>\n<td>Front color:  black<\/td>\n<\/tr>\n<tr>\n<td>Rear color:  black<\/td>\n<\/tr>\n<tr>\n<td>Stand color:  black<\/td>\n<\/tr>\n<tr>\n<td>Stand type:  simple<\/td>\n<\/tr>\n<tr>\n<td>Tilt:  -2.0 (\u00b12.0) &#8211; 15.0 and #730; (\u00b12.0 and #730;)<\/td>\n<\/tr>\n<tr>\n<td>Wall mount:  100 x 100<\/td>\n<\/tr>\n<tr>\n<td>Power supply:  ac 100 &#8211; 240 v<\/td>\n<\/tr>\n<tr>\n<td>Power consumption (max):  59w<\/td>\n<\/tr>\n<tr>\n<td>Power consumption (off mode):  -w<\/td>\n<\/tr>\n<tr>\n<td>Type:  external adaptor<\/td>\n<\/tr>\n<tr>\n<td>Set dimension with stand (wxhxd):  715.5 x 525.9 x 200.1mm<\/td>\n<\/tr>\n<tr>\n<td>Set dimension without stand (wxhxd):  715.5 x 427.3 x 41.8mm<\/td>\n<\/tr>\n<tr>\n<td>Package dimension (wxhxd):  835 x 109 x 484mm<\/td>\n<\/tr>\n<tr>\n<td>Set weight with stand:  4.7kg<\/td>\n<\/tr>\n<tr>\n<td>Set weight without stand:  3.9kg<\/td>\n<\/tr>\n<tr>\n<td>Package weight:  6.6kg<\/td>\n<\/tr>\n<tr>\n<td>Power cable length:  1.5 m<\/td>\n<\/tr>\n<tr>\n<td>Hdmi cable:  yes<\/td>\n<\/tr>\n<tr>\n<td>Remote controller:  yes<\/td>\n<\/tr>\n<\/table>\n","protected":false},"excerpt":{"rendered":"<p>Screen size (class): 32 Flat \/ curved: flat Active display size (hxv) (mm): 698.4 x 392.85 mm Aspect ratio: 16:9 Panel type: va Brightness (typical): 250cd\/ and #13217; Brightness (min): 200cd\/ and #13217; Contrast ratio (static): 3,000:1(typ.) Hdr(high dynamic range): hdr10 Resolution: fhd (1,920 x 1,080) Response time (ms): 4ms(gtg) Viewing angle (h\/v): 178\/178 Color [&hellip;]<\/p>\n","protected":false},"featured_media":0,"comment_status":"open","ping_status":"open","template":"","meta":[],"product_cat":[1740,1741],"product_tag":[1743],"acf":[],"yoast_head":"<!-- This site is optimized with the Yoast SEO plugin v21.7 - https:\/\/yoast.com\/wordpress\/plugins\/seo\/ -->\n<title>[ Samsung ] &#129351; Ls32fm500elxzx Monitor Led 32 Pulgadas \/smart Monitor M5\/ Fhd (1920 X 1080)\/ Va\/ Plano\/ Hdmi \/bt\/ Wifi\/ 60 Hz\/ Negro<\/title>\n<meta name=\"description\" content=\"Compra Ls32fm500elxzx Monitor Led 32 Pulgadas \/smart Monitor M5\/ Fhd (1920 X 1080)\/ Va\/ Plano\/ Hdmi \/bt\/ Wifi\/ 60 Hz\/ Negro + Env\u00edo a domicilio + Pago seguro + Garant\u00eda\" \/>\n<meta name=\"robots\" content=\"index, follow, max-snippet:-1, max-image-preview:large, max-video-preview:-1\" \/>\n<link rel=\"canonical\" href=\"https:\/\/compuviper.mx\/tienda\/producto\/samsung-ls32fm500elxzx-monitor-led-32-pulgadas-smart-monitor-m5-fhd-1920-x-1080-va-plano-hdmi-bt-wifi-60-hz-negro\/\" \/>\n<meta property=\"og:locale\" content=\"es_MX\" \/>\n<meta property=\"og:type\" content=\"article\" \/>\n<meta property=\"og:title\" content=\"[ Samsung ] &#129351; Ls32fm500elxzx Monitor Led 32 Pulgadas \/smart Monitor M5\/ Fhd (1920 X 1080)\/ Va\/ Plano\/ Hdmi \/bt\/ Wifi\/ 60 Hz\/ Negro\" \/>\n<meta property=\"og:description\" content=\"Compra Ls32fm500elxzx Monitor Led 32 Pulgadas \/smart Monitor M5\/ Fhd (1920 X 1080)\/ Va\/ Plano\/ Hdmi \/bt\/ Wifi\/ 60 Hz\/ Negro + Env\u00edo a domicilio + Pago seguro + Garant\u00eda\" \/>\n<meta property=\"og:url\" content=\"https:\/\/compuviper.mx\/tienda\/producto\/samsung-ls32fm500elxzx-monitor-led-32-pulgadas-smart-monitor-m5-fhd-1920-x-1080-va-plano-hdmi-bt-wifi-60-hz-negro\/\" \/>\n<meta property=\"og:site_name\" content=\"Compuviper\" \/>\n<meta property=\"article:publisher\" content=\"https:\/\/www.facebook.com\/compuviper\" \/>\n<meta name=\"twitter:card\" content=\"summary_large_image\" \/>\n<meta name=\"twitter:label1\" content=\"Precio\" \/>\n\t<meta name=\"twitter:data1\" content=\"&#36;3,880 &#36;3,292 con IVA\" \/>\n\t<meta name=\"twitter:label2\" content=\"Availability\" \/>\n\t<meta name=\"twitter:data2\" content=\"In stock\" \/>\n<script type=\"application\/ld+json\" class=\"yoast-schema-graph\">{\"@context\":\"https:\/\/schema.org\",\"@graph\":[{\"@type\":\"WebPage\",\"@id\":\"https:\/\/compuviper.mx\/tienda\/producto\/samsung-ls32fm500elxzx-monitor-led-32-pulgadas-smart-monitor-m5-fhd-1920-x-1080-va-plano-hdmi-bt-wifi-60-hz-negro\/\",\"url\":\"https:\/\/compuviper.mx\/tienda\/producto\/samsung-ls32fm500elxzx-monitor-led-32-pulgadas-smart-monitor-m5-fhd-1920-x-1080-va-plano-hdmi-bt-wifi-60-hz-negro\/\",\"name\":\"[ Samsung ] &#129351; Ls32fm500elxzx Monitor Led 32 Pulgadas \/smart Monitor M5\/ Fhd (1920 X 1080)\/ Va\/ Plano\/ Hdmi \/bt\/ Wifi\/ 60 Hz\/ Negro\",\"isPartOf\":{\"@id\":\"https:\/\/compuviper.mx\/tienda\/#website\"},\"datePublished\":\"2026-04-10T06:47:25+00:00\",\"dateModified\":\"2026-04-10T06:47:25+00:00\",\"description\":\"Compra Ls32fm500elxzx Monitor Led 32 Pulgadas \/smart Monitor M5\/ Fhd (1920 X 1080)\/ Va\/ Plano\/ Hdmi \/bt\/ Wifi\/ 60 Hz\/ Negro + Env\u00edo a domicilio + Pago seguro + Garant\u00eda\",\"breadcrumb\":{\"@id\":\"https:\/\/compuviper.mx\/tienda\/producto\/samsung-ls32fm500elxzx-monitor-led-32-pulgadas-smart-monitor-m5-fhd-1920-x-1080-va-plano-hdmi-bt-wifi-60-hz-negro\/#breadcrumb\"},\"inLanguage\":\"es-MX\",\"potentialAction\":[{\"@type\":\"ReadAction\",\"target\":[\"https:\/\/compuviper.mx\/tienda\/producto\/samsung-ls32fm500elxzx-monitor-led-32-pulgadas-smart-monitor-m5-fhd-1920-x-1080-va-plano-hdmi-bt-wifi-60-hz-negro\/\"]}]},{\"@type\":\"BreadcrumbList\",\"@id\":\"https:\/\/compuviper.mx\/tienda\/producto\/samsung-ls32fm500elxzx-monitor-led-32-pulgadas-smart-monitor-m5-fhd-1920-x-1080-va-plano-hdmi-bt-wifi-60-hz-negro\/#breadcrumb\",\"itemListElement\":[{\"@type\":\"ListItem\",\"position\":1,\"name\":\"Inicio\",\"item\":\"https:\/\/compuviper.mx\/tienda\/\"},{\"@type\":\"ListItem\",\"position\":2,\"name\":\"Productos\",\"item\":\"https:\/\/compuviper.mx\/tienda\/productos\/\"},{\"@type\":\"ListItem\",\"position\":3,\"name\":\"Monitores\",\"item\":\"https:\/\/compuviper.mx\/tienda\/categoria-producto\/monitores\/\"},{\"@type\":\"ListItem\",\"position\":4,\"name\":\"Led\",\"item\":\"https:\/\/compuviper.mx\/tienda\/categoria-producto\/monitores\/led\/\"},{\"@type\":\"ListItem\",\"position\":5,\"name\":\"Samsung Ls32fm500elxzx Monitor Led 32 Pulgadas \/smart Monitor M5\/ Fhd (1920 X 1080)\/ Va\/ Plano\/ Hdmi \/bt\/ Wifi\/ 60 Hz\/ Negro\"}]},{\"@type\":\"WebSite\",\"@id\":\"https:\/\/compuviper.mx\/tienda\/#website\",\"url\":\"https:\/\/compuviper.mx\/tienda\/\",\"name\":\"Compuviper\",\"description\":\"Proveedor de Computadoras, Laptops, Servidores, Monitores, Puntos de Venta, Teclados,   Impresoras, T\u00f3ner, C\u00e1maras de Seguridad y m\u00e1s en tu tienda en l\u00ednea\",\"publisher\":{\"@id\":\"https:\/\/compuviper.mx\/tienda\/#organization\"},\"potentialAction\":[{\"@type\":\"SearchAction\",\"target\":{\"@type\":\"EntryPoint\",\"urlTemplate\":\"https:\/\/compuviper.mx\/tienda\/?s={search_term_string}\"},\"query-input\":\"required name=search_term_string\"}],\"inLanguage\":\"es-MX\"},{\"@type\":\"Organization\",\"@id\":\"https:\/\/compuviper.mx\/tienda\/#organization\",\"name\":\"Compuviper\",\"url\":\"https:\/\/compuviper.mx\/tienda\/\",\"logo\":{\"@type\":\"ImageObject\",\"inLanguage\":\"es-MX\",\"@id\":\"https:\/\/compuviper.mx\/tienda\/#\/schema\/logo\/image\/\",\"url\":\"https:\/\/compuviper.mx\/tienda\/wp-content\/uploads\/2021\/08\/Logo-Compuviper-10.png\",\"contentUrl\":\"https:\/\/compuviper.mx\/tienda\/wp-content\/uploads\/2021\/08\/Logo-Compuviper-10.png\",\"width\":1000,\"height\":500,\"caption\":\"Compuviper\"},\"image\":{\"@id\":\"https:\/\/compuviper.mx\/tienda\/#\/schema\/logo\/image\/\"},\"sameAs\":[\"https:\/\/www.facebook.com\/compuviper\",\"https:\/\/www.youtube.com\/channel\/UCf73dERp9Y3cfOq7q8BhLjA?view_as=subscriber\"]}]}<\/script>\n<meta property=\"product:brand\" content=\"SAMSUNG\" \/>\n<meta property=\"product:price:amount\" content=\"3292\" \/>\n<meta property=\"product:price:currency\" content=\"MXN\" \/>\n<meta property=\"og:availability\" content=\"instock\" \/>\n<meta property=\"product:availability\" content=\"instock\" \/>\n<meta property=\"product:retailer_item_id\" content=\"LS32FM500ELXZX\" \/>\n<meta property=\"product:condition\" content=\"new\" \/>\n<!-- \/ Yoast SEO plugin. -->","yoast_head_json":{"title":"[ Samsung ] &#129351; Ls32fm500elxzx Monitor Led 32 Pulgadas \/smart Monitor M5\/ Fhd (1920 X 1080)\/ Va\/ Plano\/ Hdmi \/bt\/ Wifi\/ 60 Hz\/ Negro","description":"Compra Ls32fm500elxzx Monitor Led 32 Pulgadas \/smart Monitor M5\/ Fhd (1920 X 1080)\/ Va\/ Plano\/ Hdmi \/bt\/ Wifi\/ 60 Hz\/ Negro + Env\u00edo a domicilio + Pago seguro + Garant\u00eda","robots":{"index":"index","follow":"follow","max-snippet":"max-snippet:-1","max-image-preview":"max-image-preview:large","max-video-preview":"max-video-preview:-1"},"canonical":"https:\/\/compuviper.mx\/tienda\/producto\/samsung-ls32fm500elxzx-monitor-led-32-pulgadas-smart-monitor-m5-fhd-1920-x-1080-va-plano-hdmi-bt-wifi-60-hz-negro\/","og_locale":"es_MX","og_type":"article","og_title":"[ Samsung ] &#129351; Ls32fm500elxzx Monitor Led 32 Pulgadas \/smart Monitor M5\/ Fhd (1920 X 1080)\/ Va\/ Plano\/ Hdmi \/bt\/ Wifi\/ 60 Hz\/ Negro","og_description":"Compra Ls32fm500elxzx Monitor Led 32 Pulgadas \/smart Monitor M5\/ Fhd (1920 X 1080)\/ Va\/ Plano\/ Hdmi \/bt\/ Wifi\/ 60 Hz\/ Negro + Env\u00edo a domicilio + Pago seguro + Garant\u00eda","og_url":"https:\/\/compuviper.mx\/tienda\/producto\/samsung-ls32fm500elxzx-monitor-led-32-pulgadas-smart-monitor-m5-fhd-1920-x-1080-va-plano-hdmi-bt-wifi-60-hz-negro\/","og_site_name":"Compuviper","article_publisher":"https:\/\/www.facebook.com\/compuviper","twitter_card":"summary_large_image","twitter_misc":{"Precio":"&#36;3,880 &#36;3,292 con IVA","Availability":"In stock"},"schema":{"@context":"https:\/\/schema.org","@graph":[{"@type":"WebPage","@id":"https:\/\/compuviper.mx\/tienda\/producto\/samsung-ls32fm500elxzx-monitor-led-32-pulgadas-smart-monitor-m5-fhd-1920-x-1080-va-plano-hdmi-bt-wifi-60-hz-negro\/","url":"https:\/\/compuviper.mx\/tienda\/producto\/samsung-ls32fm500elxzx-monitor-led-32-pulgadas-smart-monitor-m5-fhd-1920-x-1080-va-plano-hdmi-bt-wifi-60-hz-negro\/","name":"[ Samsung ] &#129351; Ls32fm500elxzx Monitor Led 32 Pulgadas \/smart Monitor M5\/ Fhd (1920 X 1080)\/ Va\/ Plano\/ Hdmi \/bt\/ Wifi\/ 60 Hz\/ Negro","isPartOf":{"@id":"https:\/\/compuviper.mx\/tienda\/#website"},"datePublished":"2026-04-10T06:47:25+00:00","dateModified":"2026-04-10T06:47:25+00:00","description":"Compra Ls32fm500elxzx Monitor Led 32 Pulgadas \/smart Monitor M5\/ Fhd (1920 X 1080)\/ Va\/ Plano\/ Hdmi \/bt\/ Wifi\/ 60 Hz\/ Negro + Env\u00edo a domicilio + Pago seguro + Garant\u00eda","breadcrumb":{"@id":"https:\/\/compuviper.mx\/tienda\/producto\/samsung-ls32fm500elxzx-monitor-led-32-pulgadas-smart-monitor-m5-fhd-1920-x-1080-va-plano-hdmi-bt-wifi-60-hz-negro\/#breadcrumb"},"inLanguage":"es-MX","potentialAction":[{"@type":"ReadAction","target":["https:\/\/compuviper.mx\/tienda\/producto\/samsung-ls32fm500elxzx-monitor-led-32-pulgadas-smart-monitor-m5-fhd-1920-x-1080-va-plano-hdmi-bt-wifi-60-hz-negro\/"]}]},{"@type":"BreadcrumbList","@id":"https:\/\/compuviper.mx\/tienda\/producto\/samsung-ls32fm500elxzx-monitor-led-32-pulgadas-smart-monitor-m5-fhd-1920-x-1080-va-plano-hdmi-bt-wifi-60-hz-negro\/#breadcrumb","itemListElement":[{"@type":"ListItem","position":1,"name":"Inicio","item":"https:\/\/compuviper.mx\/tienda\/"},{"@type":"ListItem","position":2,"name":"Productos","item":"https:\/\/compuviper.mx\/tienda\/productos\/"},{"@type":"ListItem","position":3,"name":"Monitores","item":"https:\/\/compuviper.mx\/tienda\/categoria-producto\/monitores\/"},{"@type":"ListItem","position":4,"name":"Led","item":"https:\/\/compuviper.mx\/tienda\/categoria-producto\/monitores\/led\/"},{"@type":"ListItem","position":5,"name":"Samsung Ls32fm500elxzx Monitor Led 32 Pulgadas \/smart Monitor M5\/ Fhd (1920 X 1080)\/ Va\/ Plano\/ Hdmi \/bt\/ Wifi\/ 60 Hz\/ Negro"}]},{"@type":"WebSite","@id":"https:\/\/compuviper.mx\/tienda\/#website","url":"https:\/\/compuviper.mx\/tienda\/","name":"Compuviper","description":"Proveedor de Computadoras, Laptops, Servidores, Monitores, Puntos de Venta, Teclados,   Impresoras, T\u00f3ner, C\u00e1maras de Seguridad y m\u00e1s en tu tienda en l\u00ednea","publisher":{"@id":"https:\/\/compuviper.mx\/tienda\/#organization"},"potentialAction":[{"@type":"SearchAction","target":{"@type":"EntryPoint","urlTemplate":"https:\/\/compuviper.mx\/tienda\/?s={search_term_string}"},"query-input":"required name=search_term_string"}],"inLanguage":"es-MX"},{"@type":"Organization","@id":"https:\/\/compuviper.mx\/tienda\/#organization","name":"Compuviper","url":"https:\/\/compuviper.mx\/tienda\/","logo":{"@type":"ImageObject","inLanguage":"es-MX","@id":"https:\/\/compuviper.mx\/tienda\/#\/schema\/logo\/image\/","url":"https:\/\/compuviper.mx\/tienda\/wp-content\/uploads\/2021\/08\/Logo-Compuviper-10.png","contentUrl":"https:\/\/compuviper.mx\/tienda\/wp-content\/uploads\/2021\/08\/Logo-Compuviper-10.png","width":1000,"height":500,"caption":"Compuviper"},"image":{"@id":"https:\/\/compuviper.mx\/tienda\/#\/schema\/logo\/image\/"},"sameAs":["https:\/\/www.facebook.com\/compuviper","https:\/\/www.youtube.com\/channel\/UCf73dERp9Y3cfOq7q8BhLjA?view_as=subscriber"]}]},"product_brand":"SAMSUNG","product_price_amount":"3292","product_price_currency":"MXN","og_availability":"instock","product_availability":"instock","product_retailer_item_id":"LS32FM500ELXZX","product_condition":"new"},"_links":{"self":[{"href":"https:\/\/compuviper.mx\/tienda\/wp-json\/wp\/v2\/product\/261297"}],"collection":[{"href":"https:\/\/compuviper.mx\/tienda\/wp-json\/wp\/v2\/product"}],"about":[{"href":"https:\/\/compuviper.mx\/tienda\/wp-json\/wp\/v2\/types\/product"}],"replies":[{"embeddable":true,"href":"https:\/\/compuviper.mx\/tienda\/wp-json\/wp\/v2\/comments?post=261297"}],"wp:attachment":[{"href":"https:\/\/compuviper.mx\/tienda\/wp-json\/wp\/v2\/media?parent=261297"}],"wp:term":[{"taxonomy":"product_cat","embeddable":true,"href":"https:\/\/compuviper.mx\/tienda\/wp-json\/wp\/v2\/product_cat?post=261297"},{"taxonomy":"product_tag","embeddable":true,"href":"https:\/\/compuviper.mx\/tienda\/wp-json\/wp\/v2\/product_tag?post=261297"}],"curies":[{"name":"wp","href":"https:\/\/api.w.org\/{rel}","templated":true}]}}