{"id":261277,"date":"2026-04-07T00:28:03","date_gmt":"2026-04-07T06:28:03","guid":{"rendered":"https:\/\/compuviper.mx\/tienda\/producto\/apc-bv500-nobeak-easy-ups-bv-de-500-va-avr-120-v\/"},"modified":"2026-04-07T00:28:03","modified_gmt":"2026-04-07T06:28:03","slug":"apc-bv500-nobeak-easy-ups-bv-de-500-va-avr-120-v","status":"publish","type":"product","link":"https:\/\/compuviper.mx\/tienda\/producto\/apc-bv500-nobeak-easy-ups-bv-de-500-va-avr-120-v\/","title":{"rendered":"Apc Bv500 Nobeak Easy Ups Bv De , 500 Va, Avr, 120 V"},"content":{"rendered":"<table class=\"descripcion\">\n<tr>\n<td>Principal<\/td>\n<\/tr>\n<tr>\n<td>Main input voltage 120 v<\/td>\n<\/tr>\n<tr>\n<td>Main output voltage 120 v<\/td>\n<\/tr>\n<tr>\n<td>Potencia nominal en w 300 w<\/td>\n<\/tr>\n<tr>\n<td>Potencia nominal en va 500 va<\/td>\n<\/tr>\n<tr>\n<td>Input connection type nema 5-15p<\/td>\n<\/tr>\n<tr>\n<td>Output connection type 6 nema 5-15r<\/td>\n<\/tr>\n<tr>\n<td>Longitud de cable 1.50 m<\/td>\n<\/tr>\n<tr>\n<td>N\u00famero de cables 1<\/td>\n<\/tr>\n<tr>\n<td>Tipo de bater\u00eda bater\u00eda sellada de plomo<\/td>\n<\/tr>\n<\/table>\n","protected":false},"excerpt":{"rendered":"<p>Dise\u00f1o flexible para dispositivos de alta y baja potencia. Capaz de alimentar dispositivos de baja potencia como su equipo de red dom\u00e9stico, m\u00f3dem, router o voip. Tambi\u00e9n es capaz de alimentar dispositivos de alta potencia como pc. Corrige ca\u00eddas y subidas de tensi\u00f3n hasta niveles seguros, importante en regiones con escasez energ\u00e9tica. Ahorro en vida de la bater\u00eda mediante correcci\u00f3n de fluctuaciones de tensi\u00f3n sostenida sin perder energ\u00eda de la bater\u00eda.<\/p>\n","protected":false},"featured_media":261278,"comment_status":"open","ping_status":"open","template":"","meta":[],"product_cat":[1508,1691],"product_tag":[1694],"acf":[],"yoast_head":"<!-- This site is optimized with the Yoast SEO plugin v21.7 - https:\/\/yoast.com\/wordpress\/plugins\/seo\/ -->\n<title>[ Apc ] &#129351; Bv500 Nobeak Easy Ups Bv De , 500 Va, Avr, 120 V<\/title>\n<meta name=\"description\" content=\"Compra Bv500 Nobeak Easy Ups Bv De , 500 Va, Avr, 120 V + Env\u00edo a domicilio + Pago seguro + Garant\u00eda\" \/>\n<meta name=\"robots\" content=\"index, follow, max-snippet:-1, max-image-preview:large, max-video-preview:-1\" \/>\n<link rel=\"canonical\" href=\"https:\/\/compuviper.mx\/tienda\/producto\/apc-bv500-nobeak-easy-ups-bv-de-500-va-avr-120-v\/\" \/>\n<meta property=\"og:locale\" content=\"es_MX\" \/>\n<meta property=\"og:type\" content=\"article\" \/>\n<meta property=\"og:title\" content=\"[ Apc ] &#129351; Bv500 Nobeak Easy Ups Bv De , 500 Va, Avr, 120 V\" \/>\n<meta property=\"og:description\" content=\"Compra Bv500 Nobeak Easy Ups Bv De , 500 Va, Avr, 120 V + Env\u00edo a domicilio + Pago seguro + Garant\u00eda\" \/>\n<meta property=\"og:url\" content=\"https:\/\/compuviper.mx\/tienda\/producto\/apc-bv500-nobeak-easy-ups-bv-de-500-va-avr-120-v\/\" \/>\n<meta property=\"og:site_name\" content=\"Compuviper\" \/>\n<meta property=\"article:publisher\" content=\"https:\/\/www.facebook.com\/compuviper\" \/>\n<meta property=\"og:image\" content=\"https:\/\/compuviper.mx\/tienda\/wp-content\/uploads\/2025\/10\/Nobeak-easy-ups-bv-de-apc-500-va-avr-120-v.jpg\" \/>\n\t<meta property=\"og:image:width\" content=\"200\" \/>\n\t<meta property=\"og:image:height\" content=\"200\" \/>\n\t<meta property=\"og:image:type\" content=\"image\/jpeg\" \/>\n<meta name=\"twitter:card\" content=\"summary_large_image\" \/>\n<meta name=\"twitter:label1\" content=\"Precio\" \/>\n\t<meta name=\"twitter:data1\" content=\"&#36;1,100 &#36;1,067 con IVA\" \/>\n\t<meta name=\"twitter:label2\" content=\"Availability\" \/>\n\t<meta name=\"twitter:data2\" content=\"Out of stock\" \/>\n<script type=\"application\/ld+json\" class=\"yoast-schema-graph\">{\"@context\":\"https:\/\/schema.org\",\"@graph\":[{\"@type\":\"WebPage\",\"@id\":\"https:\/\/compuviper.mx\/tienda\/producto\/apc-bv500-nobeak-easy-ups-bv-de-500-va-avr-120-v\/\",\"url\":\"https:\/\/compuviper.mx\/tienda\/producto\/apc-bv500-nobeak-easy-ups-bv-de-500-va-avr-120-v\/\",\"name\":\"[ Apc ] &#129351; Bv500 Nobeak Easy Ups Bv De , 500 Va, Avr, 120 V\",\"isPartOf\":{\"@id\":\"https:\/\/compuviper.mx\/tienda\/#website\"},\"datePublished\":\"2026-04-07T06:28:03+00:00\",\"dateModified\":\"2026-04-07T06:28:03+00:00\",\"description\":\"Compra Bv500 Nobeak Easy Ups Bv De , 500 Va, Avr, 120 V + Env\u00edo a domicilio + Pago seguro + Garant\u00eda\",\"breadcrumb\":{\"@id\":\"https:\/\/compuviper.mx\/tienda\/producto\/apc-bv500-nobeak-easy-ups-bv-de-500-va-avr-120-v\/#breadcrumb\"},\"inLanguage\":\"es-MX\",\"potentialAction\":[{\"@type\":\"ReadAction\",\"target\":[\"https:\/\/compuviper.mx\/tienda\/producto\/apc-bv500-nobeak-easy-ups-bv-de-500-va-avr-120-v\/\"]}]},{\"@type\":\"BreadcrumbList\",\"@id\":\"https:\/\/compuviper.mx\/tienda\/producto\/apc-bv500-nobeak-easy-ups-bv-de-500-va-avr-120-v\/#breadcrumb\",\"itemListElement\":[{\"@type\":\"ListItem\",\"position\":1,\"name\":\"Inicio\",\"item\":\"https:\/\/compuviper.mx\/tienda\/\"},{\"@type\":\"ListItem\",\"position\":2,\"name\":\"Productos\",\"item\":\"https:\/\/compuviper.mx\/tienda\/productos\/\"},{\"@type\":\"ListItem\",\"position\":3,\"name\":\"Energia\",\"item\":\"https:\/\/compuviper.mx\/tienda\/categoria-producto\/energia\/\"},{\"@type\":\"ListItem\",\"position\":4,\"name\":\"No Break\",\"item\":\"https:\/\/compuviper.mx\/tienda\/categoria-producto\/energia\/no-break\/\"},{\"@type\":\"ListItem\",\"position\":5,\"name\":\"Apc Bv500 Nobeak Easy Ups Bv De , 500 Va, Avr, 120 V\"}]},{\"@type\":\"WebSite\",\"@id\":\"https:\/\/compuviper.mx\/tienda\/#website\",\"url\":\"https:\/\/compuviper.mx\/tienda\/\",\"name\":\"Compuviper\",\"description\":\"Proveedor de Computadoras, Laptops, Servidores, Monitores, Puntos de Venta, Teclados,   Impresoras, T\u00f3ner, C\u00e1maras de Seguridad y m\u00e1s en tu tienda en l\u00ednea\",\"publisher\":{\"@id\":\"https:\/\/compuviper.mx\/tienda\/#organization\"},\"potentialAction\":[{\"@type\":\"SearchAction\",\"target\":{\"@type\":\"EntryPoint\",\"urlTemplate\":\"https:\/\/compuviper.mx\/tienda\/?s={search_term_string}\"},\"query-input\":\"required name=search_term_string\"}],\"inLanguage\":\"es-MX\"},{\"@type\":\"Organization\",\"@id\":\"https:\/\/compuviper.mx\/tienda\/#organization\",\"name\":\"Compuviper\",\"url\":\"https:\/\/compuviper.mx\/tienda\/\",\"logo\":{\"@type\":\"ImageObject\",\"inLanguage\":\"es-MX\",\"@id\":\"https:\/\/compuviper.mx\/tienda\/#\/schema\/logo\/image\/\",\"url\":\"https:\/\/compuviper.mx\/tienda\/wp-content\/uploads\/2021\/08\/Logo-Compuviper-10.png\",\"contentUrl\":\"https:\/\/compuviper.mx\/tienda\/wp-content\/uploads\/2021\/08\/Logo-Compuviper-10.png\",\"width\":1000,\"height\":500,\"caption\":\"Compuviper\"},\"image\":{\"@id\":\"https:\/\/compuviper.mx\/tienda\/#\/schema\/logo\/image\/\"},\"sameAs\":[\"https:\/\/www.facebook.com\/compuviper\",\"https:\/\/www.youtube.com\/channel\/UCf73dERp9Y3cfOq7q8BhLjA?view_as=subscriber\"]}]}<\/script>\n<meta property=\"product:brand\" content=\"APC\" \/>\n<meta property=\"product:price:amount\" content=\"1067\" \/>\n<meta property=\"product:price:currency\" content=\"MXN\" \/>\n<meta property=\"og:availability\" content=\"out of stock\" \/>\n<meta property=\"product:availability\" content=\"out of stock\" \/>\n<meta property=\"product:retailer_item_id\" content=\"BV500\" \/>\n<meta property=\"product:condition\" content=\"new\" \/>\n<!-- \/ Yoast SEO plugin. -->","yoast_head_json":{"title":"[ Apc ] &#129351; Bv500 Nobeak Easy Ups Bv De , 500 Va, Avr, 120 V","description":"Compra Bv500 Nobeak Easy Ups Bv De , 500 Va, Avr, 120 V + Env\u00edo a domicilio + Pago seguro + Garant\u00eda","robots":{"index":"index","follow":"follow","max-snippet":"max-snippet:-1","max-image-preview":"max-image-preview:large","max-video-preview":"max-video-preview:-1"},"canonical":"https:\/\/compuviper.mx\/tienda\/producto\/apc-bv500-nobeak-easy-ups-bv-de-500-va-avr-120-v\/","og_locale":"es_MX","og_type":"article","og_title":"[ Apc ] &#129351; Bv500 Nobeak Easy Ups Bv De , 500 Va, Avr, 120 V","og_description":"Compra Bv500 Nobeak Easy Ups Bv De , 500 Va, Avr, 120 V + Env\u00edo a domicilio + Pago seguro + Garant\u00eda","og_url":"https:\/\/compuviper.mx\/tienda\/producto\/apc-bv500-nobeak-easy-ups-bv-de-500-va-avr-120-v\/","og_site_name":"Compuviper","article_publisher":"https:\/\/www.facebook.com\/compuviper","og_image":[{"width":200,"height":200,"url":"https:\/\/compuviper.mx\/tienda\/wp-content\/uploads\/2025\/10\/Nobeak-easy-ups-bv-de-apc-500-va-avr-120-v.jpg","type":"image\/jpeg"}],"twitter_card":"summary_large_image","twitter_misc":{"Precio":"&#36;1,100 &#36;1,067 con IVA","Availability":"Out of stock"},"schema":{"@context":"https:\/\/schema.org","@graph":[{"@type":"WebPage","@id":"https:\/\/compuviper.mx\/tienda\/producto\/apc-bv500-nobeak-easy-ups-bv-de-500-va-avr-120-v\/","url":"https:\/\/compuviper.mx\/tienda\/producto\/apc-bv500-nobeak-easy-ups-bv-de-500-va-avr-120-v\/","name":"[ Apc ] &#129351; Bv500 Nobeak Easy Ups Bv De , 500 Va, Avr, 120 V","isPartOf":{"@id":"https:\/\/compuviper.mx\/tienda\/#website"},"datePublished":"2026-04-07T06:28:03+00:00","dateModified":"2026-04-07T06:28:03+00:00","description":"Compra Bv500 Nobeak Easy Ups Bv De , 500 Va, Avr, 120 V + Env\u00edo a domicilio + Pago seguro + Garant\u00eda","breadcrumb":{"@id":"https:\/\/compuviper.mx\/tienda\/producto\/apc-bv500-nobeak-easy-ups-bv-de-500-va-avr-120-v\/#breadcrumb"},"inLanguage":"es-MX","potentialAction":[{"@type":"ReadAction","target":["https:\/\/compuviper.mx\/tienda\/producto\/apc-bv500-nobeak-easy-ups-bv-de-500-va-avr-120-v\/"]}]},{"@type":"BreadcrumbList","@id":"https:\/\/compuviper.mx\/tienda\/producto\/apc-bv500-nobeak-easy-ups-bv-de-500-va-avr-120-v\/#breadcrumb","itemListElement":[{"@type":"ListItem","position":1,"name":"Inicio","item":"https:\/\/compuviper.mx\/tienda\/"},{"@type":"ListItem","position":2,"name":"Productos","item":"https:\/\/compuviper.mx\/tienda\/productos\/"},{"@type":"ListItem","position":3,"name":"Energia","item":"https:\/\/compuviper.mx\/tienda\/categoria-producto\/energia\/"},{"@type":"ListItem","position":4,"name":"No Break","item":"https:\/\/compuviper.mx\/tienda\/categoria-producto\/energia\/no-break\/"},{"@type":"ListItem","position":5,"name":"Apc Bv500 Nobeak Easy Ups Bv De , 500 Va, Avr, 120 V"}]},{"@type":"WebSite","@id":"https:\/\/compuviper.mx\/tienda\/#website","url":"https:\/\/compuviper.mx\/tienda\/","name":"Compuviper","description":"Proveedor de Computadoras, Laptops, Servidores, Monitores, Puntos de Venta, Teclados,   Impresoras, T\u00f3ner, C\u00e1maras de Seguridad y m\u00e1s en tu tienda en l\u00ednea","publisher":{"@id":"https:\/\/compuviper.mx\/tienda\/#organization"},"potentialAction":[{"@type":"SearchAction","target":{"@type":"EntryPoint","urlTemplate":"https:\/\/compuviper.mx\/tienda\/?s={search_term_string}"},"query-input":"required name=search_term_string"}],"inLanguage":"es-MX"},{"@type":"Organization","@id":"https:\/\/compuviper.mx\/tienda\/#organization","name":"Compuviper","url":"https:\/\/compuviper.mx\/tienda\/","logo":{"@type":"ImageObject","inLanguage":"es-MX","@id":"https:\/\/compuviper.mx\/tienda\/#\/schema\/logo\/image\/","url":"https:\/\/compuviper.mx\/tienda\/wp-content\/uploads\/2021\/08\/Logo-Compuviper-10.png","contentUrl":"https:\/\/compuviper.mx\/tienda\/wp-content\/uploads\/2021\/08\/Logo-Compuviper-10.png","width":1000,"height":500,"caption":"Compuviper"},"image":{"@id":"https:\/\/compuviper.mx\/tienda\/#\/schema\/logo\/image\/"},"sameAs":["https:\/\/www.facebook.com\/compuviper","https:\/\/www.youtube.com\/channel\/UCf73dERp9Y3cfOq7q8BhLjA?view_as=subscriber"]}]},"product_brand":"APC","product_price_amount":"1067","product_price_currency":"MXN","og_availability":"out of stock","product_availability":"out of stock","product_retailer_item_id":"BV500","product_condition":"new"},"_links":{"self":[{"href":"https:\/\/compuviper.mx\/tienda\/wp-json\/wp\/v2\/product\/261277"}],"collection":[{"href":"https:\/\/compuviper.mx\/tienda\/wp-json\/wp\/v2\/product"}],"about":[{"href":"https:\/\/compuviper.mx\/tienda\/wp-json\/wp\/v2\/types\/product"}],"replies":[{"embeddable":true,"href":"https:\/\/compuviper.mx\/tienda\/wp-json\/wp\/v2\/comments?post=261277"}],"wp:featuredmedia":[{"embeddable":true,"href":"https:\/\/compuviper.mx\/tienda\/wp-json\/wp\/v2\/media\/261278"}],"wp:attachment":[{"href":"https:\/\/compuviper.mx\/tienda\/wp-json\/wp\/v2\/media?parent=261277"}],"wp:term":[{"taxonomy":"product_cat","embeddable":true,"href":"https:\/\/compuviper.mx\/tienda\/wp-json\/wp\/v2\/product_cat?post=261277"},{"taxonomy":"product_tag","embeddable":true,"href":"https:\/\/compuviper.mx\/tienda\/wp-json\/wp\/v2\/product_tag?post=261277"}],"curies":[{"name":"wp","href":"https:\/\/api.w.org\/{rel}","templated":true}]}}