{"id":261270,"date":"2026-04-01T23:14:29","date_gmt":"2026-04-02T05:14:29","guid":{"rendered":"https:\/\/compuviper.mx\/tienda\/producto\/benq-5a-fae10-001-soporte-de-ruedas-it1002-para-pantallas-de-43-a-86-pulgadas-compatible-con-modelos-il-st-re-rm-rp\/"},"modified":"2026-04-01T23:14:29","modified_gmt":"2026-04-02T05:14:29","slug":"benq-5a-fae10-001-soporte-de-ruedas-it1002-para-pantallas-de-43-a-86-pulgadas-compatible-con-modelos-il-st-re-rm-rp","status":"publish","type":"product","link":"https:\/\/compuviper.mx\/tienda\/producto\/benq-5a-fae10-001-soporte-de-ruedas-it1002-para-pantallas-de-43-a-86-pulgadas-compatible-con-modelos-il-st-re-rm-rp\/","title":{"rendered":"Benq 5a.fae10.001 Soporte De Ruedas  It1002 Para Pantallas De 43 A 86 Pulgadas Compatible Con Modelos Il St Re Rm Rp"},"content":{"rendered":"<table class=\"descripcion\">\n<tr>\n<td>It1002 soporte movil<\/td>\n<\/tr>\n<tr>\n<td>Caracteristicas<\/td>\n<\/tr>\n<tr>\n<td>Especificaciones principales<\/td>\n<\/tr>\n<tr>\n<td>Tamanos de pantalla admitidos hasta 98<\/td>\n<\/tr>\n<tr>\n<td>Carga maxima 150 kg<\/td>\n<\/tr>\n<tr>\n<td>Max vesa 900 x 616 mm<\/td>\n<\/tr>\n<tr>\n<td>Color negro<\/td>\n<\/tr>\n<tr>\n<td>Dimensiones del producto an x al x pr 1300 x 1610 x 650 mm<\/td>\n<\/tr>\n<tr>\n<td>Dimensiones de la caja 1611 x 137 x 722 mm<\/td>\n<\/tr>\n<tr>\n<td>Peso neto 36.0 kg 80.4 lbs<\/td>\n<\/tr>\n<tr>\n<td>Peso bruto 45.0 kg 99.2 lbs<\/td>\n<\/tr>\n<tr>\n<td>Material nylon<\/td>\n<\/tr>\n<tr>\n<td>Contenidos de la caja incluidos soporte movil juego de tornillos manual de usuario<\/td>\n<\/tr>\n<tr>\n<td>Comatibilidad pantallas re6504 re7504 re8604 rm6504 rm7504 rm8604 rp6504 rp7504 rp8604 st4302s st5502 st8602 il5501 il4301 il5504 il4304<\/td>\n<\/tr>\n<tr>\n<td>Compatible con vesa hasta 900 x 616 mm<\/td>\n<\/tr>\n<tr>\n<td>Disenado para una facil transportacion y bloqueo de ruedas<\/td>\n<\/tr>\n<tr>\n<td>Viene con dos estantes incorporados para perifericos<\/td>\n<\/tr>\n<\/table>\n","protected":false},"excerpt":{"rendered":"<p>Soporte rodante con soporte vesa. Con el it1002 puede ense\u00f1ar desde cualquier lugar moviendo sin esfuerzo su pantalla de un aula a otra. Muevete libremente bloquea de forma segura. Tu pantalla va a donde tu vayas. Con el it1002 puede mover facilmente supantalla de un ligar a otro y bloquearla en su lugar cuando desee usarla.<\/p>\n","protected":false},"featured_media":0,"comment_status":"open","ping_status":"open","template":"","meta":[],"product_cat":[2321,2265],"product_tag":[1744],"acf":[],"yoast_head":"<!-- This site is optimized with the Yoast SEO plugin v21.7 - https:\/\/yoast.com\/wordpress\/plugins\/seo\/ -->\n<title>[ Benq ] &#129351; 5a.fae10.001 Soporte De Ruedas It1002 Para Pantallas De 43 A 86 Pulgadas Compatible Con Modelos Il St Re Rm Rp<\/title>\n<meta name=\"description\" content=\"Compra 5a.fae10.001 Soporte De Ruedas It1002 Para Pantallas De 43 A 86 Pulgadas Compatible Con Modelos Il St Re Rm Rp + Env\u00edo a domicilio + Pago seguro + Garant\u00eda\" \/>\n<meta name=\"robots\" content=\"index, follow, max-snippet:-1, max-image-preview:large, max-video-preview:-1\" \/>\n<link rel=\"canonical\" href=\"https:\/\/compuviper.mx\/tienda\/producto\/benq-5a-fae10-001-soporte-de-ruedas-it1002-para-pantallas-de-43-a-86-pulgadas-compatible-con-modelos-il-st-re-rm-rp\/\" \/>\n<meta property=\"og:locale\" content=\"es_MX\" \/>\n<meta property=\"og:type\" content=\"article\" \/>\n<meta property=\"og:title\" content=\"[ Benq ] &#129351; 5a.fae10.001 Soporte De Ruedas It1002 Para Pantallas De 43 A 86 Pulgadas Compatible Con Modelos Il St Re Rm Rp\" \/>\n<meta property=\"og:description\" content=\"Compra 5a.fae10.001 Soporte De Ruedas It1002 Para Pantallas De 43 A 86 Pulgadas Compatible Con Modelos Il St Re Rm Rp + Env\u00edo a domicilio + Pago seguro + Garant\u00eda\" \/>\n<meta property=\"og:url\" content=\"https:\/\/compuviper.mx\/tienda\/producto\/benq-5a-fae10-001-soporte-de-ruedas-it1002-para-pantallas-de-43-a-86-pulgadas-compatible-con-modelos-il-st-re-rm-rp\/\" \/>\n<meta property=\"og:site_name\" content=\"Compuviper\" \/>\n<meta property=\"article:publisher\" content=\"https:\/\/www.facebook.com\/compuviper\" \/>\n<meta name=\"twitter:card\" content=\"summary_large_image\" \/>\n<meta name=\"twitter:label1\" content=\"Precio\" \/>\n\t<meta name=\"twitter:data1\" content=\"&#36;7,825 con IVA\" \/>\n\t<meta name=\"twitter:label2\" content=\"Availability\" \/>\n\t<meta name=\"twitter:data2\" content=\"Out of stock\" \/>\n<script type=\"application\/ld+json\" class=\"yoast-schema-graph\">{\"@context\":\"https:\/\/schema.org\",\"@graph\":[{\"@type\":\"WebPage\",\"@id\":\"https:\/\/compuviper.mx\/tienda\/producto\/benq-5a-fae10-001-soporte-de-ruedas-it1002-para-pantallas-de-43-a-86-pulgadas-compatible-con-modelos-il-st-re-rm-rp\/\",\"url\":\"https:\/\/compuviper.mx\/tienda\/producto\/benq-5a-fae10-001-soporte-de-ruedas-it1002-para-pantallas-de-43-a-86-pulgadas-compatible-con-modelos-il-st-re-rm-rp\/\",\"name\":\"[ Benq ] &#129351; 5a.fae10.001 Soporte De Ruedas It1002 Para Pantallas De 43 A 86 Pulgadas Compatible Con Modelos Il St Re Rm Rp\",\"isPartOf\":{\"@id\":\"https:\/\/compuviper.mx\/tienda\/#website\"},\"datePublished\":\"2026-04-02T05:14:29+00:00\",\"dateModified\":\"2026-04-02T05:14:29+00:00\",\"description\":\"Compra 5a.fae10.001 Soporte De Ruedas It1002 Para Pantallas De 43 A 86 Pulgadas Compatible Con Modelos Il St Re Rm Rp + Env\u00edo a domicilio + Pago seguro + Garant\u00eda\",\"breadcrumb\":{\"@id\":\"https:\/\/compuviper.mx\/tienda\/producto\/benq-5a-fae10-001-soporte-de-ruedas-it1002-para-pantallas-de-43-a-86-pulgadas-compatible-con-modelos-il-st-re-rm-rp\/#breadcrumb\"},\"inLanguage\":\"es-MX\",\"potentialAction\":[{\"@type\":\"ReadAction\",\"target\":[\"https:\/\/compuviper.mx\/tienda\/producto\/benq-5a-fae10-001-soporte-de-ruedas-it1002-para-pantallas-de-43-a-86-pulgadas-compatible-con-modelos-il-st-re-rm-rp\/\"]}]},{\"@type\":\"BreadcrumbList\",\"@id\":\"https:\/\/compuviper.mx\/tienda\/producto\/benq-5a-fae10-001-soporte-de-ruedas-it1002-para-pantallas-de-43-a-86-pulgadas-compatible-con-modelos-il-st-re-rm-rp\/#breadcrumb\",\"itemListElement\":[{\"@type\":\"ListItem\",\"position\":1,\"name\":\"Inicio\",\"item\":\"https:\/\/compuviper.mx\/tienda\/\"},{\"@type\":\"ListItem\",\"position\":2,\"name\":\"Productos\",\"item\":\"https:\/\/compuviper.mx\/tienda\/productos\/\"},{\"@type\":\"ListItem\",\"position\":3,\"name\":\"Soportes Y Bases P\/tv\/ Proyectores\/dvd\/consolas\/bocinas\/pantallas\/monotores\",\"item\":\"https:\/\/compuviper.mx\/tienda\/categoria-producto\/soportes-y-bases-p-tv-proyectores-dvd-consolas-bocinas-pantallas-monotores\/\"},{\"@type\":\"ListItem\",\"position\":4,\"name\":\"Soporte Y Base Para Tv\/pantallas\/monitores\/kiosko\",\"item\":\"https:\/\/compuviper.mx\/tienda\/categoria-producto\/soportes-y-bases-p-tv-proyectores-dvd-consolas-bocinas-pantallas-monotores\/soporte-y-base-para-tv-pantallas-monitores-kiosko\/\"},{\"@type\":\"ListItem\",\"position\":5,\"name\":\"Benq 5a.fae10.001 Soporte De Ruedas It1002 Para Pantallas De 43 A 86 Pulgadas Compatible Con Modelos Il St Re Rm Rp\"}]},{\"@type\":\"WebSite\",\"@id\":\"https:\/\/compuviper.mx\/tienda\/#website\",\"url\":\"https:\/\/compuviper.mx\/tienda\/\",\"name\":\"Compuviper\",\"description\":\"Proveedor de Computadoras, Laptops, Servidores, Monitores, Puntos de Venta, Teclados,   Impresoras, T\u00f3ner, C\u00e1maras de Seguridad y m\u00e1s en tu tienda en l\u00ednea\",\"publisher\":{\"@id\":\"https:\/\/compuviper.mx\/tienda\/#organization\"},\"potentialAction\":[{\"@type\":\"SearchAction\",\"target\":{\"@type\":\"EntryPoint\",\"urlTemplate\":\"https:\/\/compuviper.mx\/tienda\/?s={search_term_string}\"},\"query-input\":\"required name=search_term_string\"}],\"inLanguage\":\"es-MX\"},{\"@type\":\"Organization\",\"@id\":\"https:\/\/compuviper.mx\/tienda\/#organization\",\"name\":\"Compuviper\",\"url\":\"https:\/\/compuviper.mx\/tienda\/\",\"logo\":{\"@type\":\"ImageObject\",\"inLanguage\":\"es-MX\",\"@id\":\"https:\/\/compuviper.mx\/tienda\/#\/schema\/logo\/image\/\",\"url\":\"https:\/\/compuviper.mx\/tienda\/wp-content\/uploads\/2021\/08\/Logo-Compuviper-10.png\",\"contentUrl\":\"https:\/\/compuviper.mx\/tienda\/wp-content\/uploads\/2021\/08\/Logo-Compuviper-10.png\",\"width\":1000,\"height\":500,\"caption\":\"Compuviper\"},\"image\":{\"@id\":\"https:\/\/compuviper.mx\/tienda\/#\/schema\/logo\/image\/\"},\"sameAs\":[\"https:\/\/www.facebook.com\/compuviper\",\"https:\/\/www.youtube.com\/channel\/UCf73dERp9Y3cfOq7q8BhLjA?view_as=subscriber\"]}]}<\/script>\n<meta property=\"product:brand\" content=\"BENQ\" \/>\n<meta property=\"product:price:amount\" content=\"7825\" \/>\n<meta property=\"product:price:currency\" content=\"MXN\" \/>\n<meta property=\"og:availability\" content=\"out of stock\" \/>\n<meta property=\"product:availability\" content=\"out of stock\" \/>\n<meta property=\"product:retailer_item_id\" content=\"5A.FAE10.001\" \/>\n<meta property=\"product:condition\" content=\"new\" \/>\n<!-- \/ Yoast SEO plugin. -->","yoast_head_json":{"title":"[ Benq ] &#129351; 5a.fae10.001 Soporte De Ruedas It1002 Para Pantallas De 43 A 86 Pulgadas Compatible Con Modelos Il St Re Rm Rp","description":"Compra 5a.fae10.001 Soporte De Ruedas It1002 Para Pantallas De 43 A 86 Pulgadas Compatible Con Modelos Il St Re Rm Rp + Env\u00edo a domicilio + Pago seguro + Garant\u00eda","robots":{"index":"index","follow":"follow","max-snippet":"max-snippet:-1","max-image-preview":"max-image-preview:large","max-video-preview":"max-video-preview:-1"},"canonical":"https:\/\/compuviper.mx\/tienda\/producto\/benq-5a-fae10-001-soporte-de-ruedas-it1002-para-pantallas-de-43-a-86-pulgadas-compatible-con-modelos-il-st-re-rm-rp\/","og_locale":"es_MX","og_type":"article","og_title":"[ Benq ] &#129351; 5a.fae10.001 Soporte De Ruedas It1002 Para Pantallas De 43 A 86 Pulgadas Compatible Con Modelos Il St Re Rm Rp","og_description":"Compra 5a.fae10.001 Soporte De Ruedas It1002 Para Pantallas De 43 A 86 Pulgadas Compatible Con Modelos Il St Re Rm Rp + Env\u00edo a domicilio + Pago seguro + Garant\u00eda","og_url":"https:\/\/compuviper.mx\/tienda\/producto\/benq-5a-fae10-001-soporte-de-ruedas-it1002-para-pantallas-de-43-a-86-pulgadas-compatible-con-modelos-il-st-re-rm-rp\/","og_site_name":"Compuviper","article_publisher":"https:\/\/www.facebook.com\/compuviper","twitter_card":"summary_large_image","twitter_misc":{"Precio":"&#36;7,825 con IVA","Availability":"Out of stock"},"schema":{"@context":"https:\/\/schema.org","@graph":[{"@type":"WebPage","@id":"https:\/\/compuviper.mx\/tienda\/producto\/benq-5a-fae10-001-soporte-de-ruedas-it1002-para-pantallas-de-43-a-86-pulgadas-compatible-con-modelos-il-st-re-rm-rp\/","url":"https:\/\/compuviper.mx\/tienda\/producto\/benq-5a-fae10-001-soporte-de-ruedas-it1002-para-pantallas-de-43-a-86-pulgadas-compatible-con-modelos-il-st-re-rm-rp\/","name":"[ Benq ] &#129351; 5a.fae10.001 Soporte De Ruedas It1002 Para Pantallas De 43 A 86 Pulgadas Compatible Con Modelos Il St Re Rm Rp","isPartOf":{"@id":"https:\/\/compuviper.mx\/tienda\/#website"},"datePublished":"2026-04-02T05:14:29+00:00","dateModified":"2026-04-02T05:14:29+00:00","description":"Compra 5a.fae10.001 Soporte De Ruedas It1002 Para Pantallas De 43 A 86 Pulgadas Compatible Con Modelos Il St Re Rm Rp + Env\u00edo a domicilio + Pago seguro + Garant\u00eda","breadcrumb":{"@id":"https:\/\/compuviper.mx\/tienda\/producto\/benq-5a-fae10-001-soporte-de-ruedas-it1002-para-pantallas-de-43-a-86-pulgadas-compatible-con-modelos-il-st-re-rm-rp\/#breadcrumb"},"inLanguage":"es-MX","potentialAction":[{"@type":"ReadAction","target":["https:\/\/compuviper.mx\/tienda\/producto\/benq-5a-fae10-001-soporte-de-ruedas-it1002-para-pantallas-de-43-a-86-pulgadas-compatible-con-modelos-il-st-re-rm-rp\/"]}]},{"@type":"BreadcrumbList","@id":"https:\/\/compuviper.mx\/tienda\/producto\/benq-5a-fae10-001-soporte-de-ruedas-it1002-para-pantallas-de-43-a-86-pulgadas-compatible-con-modelos-il-st-re-rm-rp\/#breadcrumb","itemListElement":[{"@type":"ListItem","position":1,"name":"Inicio","item":"https:\/\/compuviper.mx\/tienda\/"},{"@type":"ListItem","position":2,"name":"Productos","item":"https:\/\/compuviper.mx\/tienda\/productos\/"},{"@type":"ListItem","position":3,"name":"Soportes Y Bases P\/tv\/ Proyectores\/dvd\/consolas\/bocinas\/pantallas\/monotores","item":"https:\/\/compuviper.mx\/tienda\/categoria-producto\/soportes-y-bases-p-tv-proyectores-dvd-consolas-bocinas-pantallas-monotores\/"},{"@type":"ListItem","position":4,"name":"Soporte Y Base Para Tv\/pantallas\/monitores\/kiosko","item":"https:\/\/compuviper.mx\/tienda\/categoria-producto\/soportes-y-bases-p-tv-proyectores-dvd-consolas-bocinas-pantallas-monotores\/soporte-y-base-para-tv-pantallas-monitores-kiosko\/"},{"@type":"ListItem","position":5,"name":"Benq 5a.fae10.001 Soporte De Ruedas It1002 Para Pantallas De 43 A 86 Pulgadas Compatible Con Modelos Il St Re Rm Rp"}]},{"@type":"WebSite","@id":"https:\/\/compuviper.mx\/tienda\/#website","url":"https:\/\/compuviper.mx\/tienda\/","name":"Compuviper","description":"Proveedor de Computadoras, Laptops, Servidores, Monitores, Puntos de Venta, Teclados,   Impresoras, T\u00f3ner, C\u00e1maras de Seguridad y m\u00e1s en tu tienda en l\u00ednea","publisher":{"@id":"https:\/\/compuviper.mx\/tienda\/#organization"},"potentialAction":[{"@type":"SearchAction","target":{"@type":"EntryPoint","urlTemplate":"https:\/\/compuviper.mx\/tienda\/?s={search_term_string}"},"query-input":"required name=search_term_string"}],"inLanguage":"es-MX"},{"@type":"Organization","@id":"https:\/\/compuviper.mx\/tienda\/#organization","name":"Compuviper","url":"https:\/\/compuviper.mx\/tienda\/","logo":{"@type":"ImageObject","inLanguage":"es-MX","@id":"https:\/\/compuviper.mx\/tienda\/#\/schema\/logo\/image\/","url":"https:\/\/compuviper.mx\/tienda\/wp-content\/uploads\/2021\/08\/Logo-Compuviper-10.png","contentUrl":"https:\/\/compuviper.mx\/tienda\/wp-content\/uploads\/2021\/08\/Logo-Compuviper-10.png","width":1000,"height":500,"caption":"Compuviper"},"image":{"@id":"https:\/\/compuviper.mx\/tienda\/#\/schema\/logo\/image\/"},"sameAs":["https:\/\/www.facebook.com\/compuviper","https:\/\/www.youtube.com\/channel\/UCf73dERp9Y3cfOq7q8BhLjA?view_as=subscriber"]}]},"product_brand":"BENQ","product_price_amount":"7825","product_price_currency":"MXN","og_availability":"out of stock","product_availability":"out of stock","product_retailer_item_id":"5A.FAE10.001","product_condition":"new"},"_links":{"self":[{"href":"https:\/\/compuviper.mx\/tienda\/wp-json\/wp\/v2\/product\/261270"}],"collection":[{"href":"https:\/\/compuviper.mx\/tienda\/wp-json\/wp\/v2\/product"}],"about":[{"href":"https:\/\/compuviper.mx\/tienda\/wp-json\/wp\/v2\/types\/product"}],"replies":[{"embeddable":true,"href":"https:\/\/compuviper.mx\/tienda\/wp-json\/wp\/v2\/comments?post=261270"}],"wp:attachment":[{"href":"https:\/\/compuviper.mx\/tienda\/wp-json\/wp\/v2\/media?parent=261270"}],"wp:term":[{"taxonomy":"product_cat","embeddable":true,"href":"https:\/\/compuviper.mx\/tienda\/wp-json\/wp\/v2\/product_cat?post=261270"},{"taxonomy":"product_tag","embeddable":true,"href":"https:\/\/compuviper.mx\/tienda\/wp-json\/wp\/v2\/product_tag?post=261270"}],"curies":[{"name":"wp","href":"https:\/\/api.w.org\/{rel}","templated":true}]}}