{"id":261266,"date":"2026-04-02T02:07:34","date_gmt":"2026-04-02T08:07:34","guid":{"rendered":"https:\/\/compuviper.mx\/tienda\/producto\/dell-520-bbll-audifonos-wh1022-alambricos-negro-usb-a\/"},"modified":"2026-04-02T02:07:34","modified_gmt":"2026-04-02T08:07:34","slug":"dell-520-bbll-audifonos-wh125-alambricos-negro-usb-a","status":"publish","type":"product","link":"https:\/\/compuviper.mx\/tienda\/producto\/dell-520-bbll-audifonos-wh125-alambricos-negro-usb-a\/","title":{"rendered":"Dell 520-bbll Audifonos  Wh125 Alambricos Negro | Usb-a |"},"content":{"rendered":"<table class=\"descripcion\">\n<tr>\n<td>Tecnolog\u00eda de conectividad<\/td>\n<\/tr>\n<tr>\n<td>Cableado<\/td>\n<\/tr>\n<tr>\n<td>Longitud del cable<\/td>\n<\/tr>\n<tr>\n<td>2.1 meter<\/td>\n<\/tr>\n<tr>\n<td>Respuesta de frecuencia m\u00edn.<\/td>\n<\/tr>\n<tr>\n<td>20 hz<\/td>\n<\/tr>\n<tr>\n<td>Respuesta de frecuencia m\u00e1xima<\/td>\n<\/tr>\n<tr>\n<td>20 khz<\/td>\n<\/tr>\n<tr>\n<td>Caracter\u00edsticas<\/td>\n<\/tr>\n<tr>\n<td>Mudo<\/td>\n<\/tr>\n<tr>\n<td>Activar sonido<\/td>\n<\/tr>\n<tr>\n<td>Volumen<\/td>\n<\/tr>\n<tr>\n<td>Activaci\u00f3n\/desactivaci\u00f3n de audio<\/td>\n<\/tr>\n<tr>\n<td>Tecnolog\u00eda del micr\u00f3fono<\/td>\n<\/tr>\n<tr>\n<td>Dise\u00f1o del micr\u00f3fono: giratorio de 270\u00b0 (se adapta a los usuarios de izquierda a derecha)<\/td>\n<\/tr>\n<tr>\n<td>Respuesta de frecuencia del micr\u00f3fono: 100hz &#8211; 10khz<\/td>\n<\/tr>\n<tr>\n<td>Sensibilidad del micr\u00f3fono: -46dbv\/pa<\/td>\n<\/tr>\n<tr>\n<td>Controles de auricular<\/td>\n<\/tr>\n<tr>\n<td>Mudo<\/td>\n<\/tr>\n<tr>\n<td>Activar sonido<\/td>\n<\/tr>\n<tr>\n<td>Volumen<\/td>\n<\/tr>\n<tr>\n<td>Activaci\u00f3n\/desactivaci\u00f3n de audio<\/td>\n<\/tr>\n<tr>\n<td>Aplicaci\u00f3n\/uso<\/td>\n<\/tr>\n<tr>\n<td>M\u00fasica<\/td>\n<\/tr>\n<tr>\n<td>Llamada de voz<\/td>\n<\/tr>\n<tr>\n<td>Reuni\u00f3n<\/td>\n<\/tr>\n<tr>\n<td>Plataforma del sistema operativo<\/td>\n<\/tr>\n<tr>\n<td>Macos<\/td>\n<\/tr>\n<tr>\n<td>Chromeos<\/td>\n<\/tr>\n<tr>\n<td>Windows<\/td>\n<\/tr>\n<tr>\n<td>Linux<\/td>\n<\/tr>\n<tr>\n<td>Plataforma compatible<\/td>\n<\/tr>\n<tr>\n<td>Pc<\/td>\n<\/tr>\n<tr>\n<td>Mac<\/td>\n<\/tr>\n<tr>\n<td>Compatibilidad<\/td>\n<\/tr>\n<tr>\n<td>Zoom<\/td>\n<\/tr>\n<tr>\n<td>Microsoft teams<\/td>\n<\/tr>\n<tr>\n<td>Google meet<\/td>\n<\/tr>\n<tr>\n<td>Cisco webex<\/td>\n<\/tr>\n<tr>\n<td>Slack<\/td>\n<\/tr>\n<tr>\n<td>Cisco jabber<\/td>\n<\/tr>\n<tr>\n<td>Rainbow<\/td>\n<\/tr>\n<tr>\n<td>Amazon chime<\/td>\n<\/tr>\n<\/table>\n","protected":false},"excerpt":{"rendered":"<p>Disfruta de unos auriculares sin complicaciones dise\u00f1ados para ofrecer un rendimiento fiable y una sencilla configuraci\u00f3n plug-and-play. Upc: 884116640004<\/p>\n","protected":false},"featured_media":0,"comment_status":"open","ping_status":"open","template":"","meta":[],"product_cat":[1552,1816],"product_tag":[1537],"acf":[],"yoast_head":"<!-- This site is optimized with the Yoast SEO plugin v21.7 - https:\/\/yoast.com\/wordpress\/plugins\/seo\/ -->\n<title>[ Dell ] &#129351; 520-bbll Audifonos Wh125 Alambricos Negro | Usb-a |<\/title>\n<meta name=\"description\" content=\"Compra 520-bbll Audifonos Wh125 Alambricos Negro | Usb-a | + Env\u00edo a domicilio + Pago seguro + Garant\u00eda\" \/>\n<meta name=\"robots\" content=\"index, follow, max-snippet:-1, max-image-preview:large, max-video-preview:-1\" \/>\n<link rel=\"canonical\" href=\"https:\/\/compuviper.mx\/tienda\/producto\/dell-520-bbll-audifonos-wh125-alambricos-negro-usb-a\/\" \/>\n<meta property=\"og:locale\" content=\"es_MX\" \/>\n<meta property=\"og:type\" content=\"article\" \/>\n<meta property=\"og:title\" content=\"[ Dell ] &#129351; 520-bbll Audifonos Wh125 Alambricos Negro | Usb-a |\" \/>\n<meta property=\"og:description\" content=\"Compra 520-bbll Audifonos Wh125 Alambricos Negro | Usb-a | + Env\u00edo a domicilio + Pago seguro + Garant\u00eda\" \/>\n<meta property=\"og:url\" content=\"https:\/\/compuviper.mx\/tienda\/producto\/dell-520-bbll-audifonos-wh125-alambricos-negro-usb-a\/\" \/>\n<meta property=\"og:site_name\" content=\"Compuviper\" \/>\n<meta property=\"article:publisher\" content=\"https:\/\/www.facebook.com\/compuviper\" \/>\n<meta name=\"twitter:card\" content=\"summary_large_image\" \/>\n<meta name=\"twitter:label1\" content=\"Precio\" \/>\n\t<meta name=\"twitter:data1\" content=\"&#36;430 &#36;410 con IVA\" \/>\n\t<meta name=\"twitter:label2\" content=\"Availability\" \/>\n\t<meta name=\"twitter:data2\" content=\"In stock\" \/>\n<script type=\"application\/ld+json\" class=\"yoast-schema-graph\">{\"@context\":\"https:\/\/schema.org\",\"@graph\":[{\"@type\":\"WebPage\",\"@id\":\"https:\/\/compuviper.mx\/tienda\/producto\/dell-520-bbll-audifonos-wh125-alambricos-negro-usb-a\/\",\"url\":\"https:\/\/compuviper.mx\/tienda\/producto\/dell-520-bbll-audifonos-wh125-alambricos-negro-usb-a\/\",\"name\":\"[ Dell ] &#129351; 520-bbll Audifonos Wh125 Alambricos Negro | Usb-a |\",\"isPartOf\":{\"@id\":\"https:\/\/compuviper.mx\/tienda\/#website\"},\"datePublished\":\"2026-04-02T08:07:34+00:00\",\"dateModified\":\"2026-04-02T08:07:34+00:00\",\"description\":\"Compra 520-bbll Audifonos Wh125 Alambricos Negro | Usb-a | + Env\u00edo a domicilio + Pago seguro + Garant\u00eda\",\"breadcrumb\":{\"@id\":\"https:\/\/compuviper.mx\/tienda\/producto\/dell-520-bbll-audifonos-wh125-alambricos-negro-usb-a\/#breadcrumb\"},\"inLanguage\":\"es-MX\",\"potentialAction\":[{\"@type\":\"ReadAction\",\"target\":[\"https:\/\/compuviper.mx\/tienda\/producto\/dell-520-bbll-audifonos-wh125-alambricos-negro-usb-a\/\"]}]},{\"@type\":\"BreadcrumbList\",\"@id\":\"https:\/\/compuviper.mx\/tienda\/producto\/dell-520-bbll-audifonos-wh125-alambricos-negro-usb-a\/#breadcrumb\",\"itemListElement\":[{\"@type\":\"ListItem\",\"position\":1,\"name\":\"Inicio\",\"item\":\"https:\/\/compuviper.mx\/tienda\/\"},{\"@type\":\"ListItem\",\"position\":2,\"name\":\"Productos\",\"item\":\"https:\/\/compuviper.mx\/tienda\/productos\/\"},{\"@type\":\"ListItem\",\"position\":3,\"name\":\"Audifonos Y Micro\",\"item\":\"https:\/\/compuviper.mx\/tienda\/categoria-producto\/audifonos-y-micro\/\"},{\"@type\":\"ListItem\",\"position\":4,\"name\":\"Audifono Con Microfono\",\"item\":\"https:\/\/compuviper.mx\/tienda\/categoria-producto\/audifonos-y-micro\/audifono-con-microfono\/\"},{\"@type\":\"ListItem\",\"position\":5,\"name\":\"Dell 520-bbll Audifonos Wh125 Alambricos Negro | Usb-a |\"}]},{\"@type\":\"WebSite\",\"@id\":\"https:\/\/compuviper.mx\/tienda\/#website\",\"url\":\"https:\/\/compuviper.mx\/tienda\/\",\"name\":\"Compuviper\",\"description\":\"Proveedor de Computadoras, Laptops, Servidores, Monitores, Puntos de Venta, Teclados,   Impresoras, T\u00f3ner, C\u00e1maras de Seguridad y m\u00e1s en tu tienda en l\u00ednea\",\"publisher\":{\"@id\":\"https:\/\/compuviper.mx\/tienda\/#organization\"},\"potentialAction\":[{\"@type\":\"SearchAction\",\"target\":{\"@type\":\"EntryPoint\",\"urlTemplate\":\"https:\/\/compuviper.mx\/tienda\/?s={search_term_string}\"},\"query-input\":\"required name=search_term_string\"}],\"inLanguage\":\"es-MX\"},{\"@type\":\"Organization\",\"@id\":\"https:\/\/compuviper.mx\/tienda\/#organization\",\"name\":\"Compuviper\",\"url\":\"https:\/\/compuviper.mx\/tienda\/\",\"logo\":{\"@type\":\"ImageObject\",\"inLanguage\":\"es-MX\",\"@id\":\"https:\/\/compuviper.mx\/tienda\/#\/schema\/logo\/image\/\",\"url\":\"https:\/\/compuviper.mx\/tienda\/wp-content\/uploads\/2021\/08\/Logo-Compuviper-10.png\",\"contentUrl\":\"https:\/\/compuviper.mx\/tienda\/wp-content\/uploads\/2021\/08\/Logo-Compuviper-10.png\",\"width\":1000,\"height\":500,\"caption\":\"Compuviper\"},\"image\":{\"@id\":\"https:\/\/compuviper.mx\/tienda\/#\/schema\/logo\/image\/\"},\"sameAs\":[\"https:\/\/www.facebook.com\/compuviper\",\"https:\/\/www.youtube.com\/channel\/UCf73dERp9Y3cfOq7q8BhLjA?view_as=subscriber\"]}]}<\/script>\n<meta property=\"product:brand\" content=\"DELL\" \/>\n<meta property=\"product:price:amount\" content=\"410\" \/>\n<meta property=\"product:price:currency\" content=\"MXN\" \/>\n<meta property=\"og:availability\" content=\"instock\" \/>\n<meta property=\"product:availability\" content=\"instock\" \/>\n<meta property=\"product:retailer_item_id\" content=\"520-BBLL\" \/>\n<meta property=\"product:condition\" content=\"new\" \/>\n<!-- \/ Yoast SEO plugin. -->","yoast_head_json":{"title":"[ Dell ] &#129351; 520-bbll Audifonos Wh125 Alambricos Negro | Usb-a |","description":"Compra 520-bbll Audifonos Wh125 Alambricos Negro | Usb-a | + Env\u00edo a domicilio + Pago seguro + Garant\u00eda","robots":{"index":"index","follow":"follow","max-snippet":"max-snippet:-1","max-image-preview":"max-image-preview:large","max-video-preview":"max-video-preview:-1"},"canonical":"https:\/\/compuviper.mx\/tienda\/producto\/dell-520-bbll-audifonos-wh125-alambricos-negro-usb-a\/","og_locale":"es_MX","og_type":"article","og_title":"[ Dell ] &#129351; 520-bbll Audifonos Wh125 Alambricos Negro | Usb-a |","og_description":"Compra 520-bbll Audifonos Wh125 Alambricos Negro | Usb-a | + Env\u00edo a domicilio + Pago seguro + Garant\u00eda","og_url":"https:\/\/compuviper.mx\/tienda\/producto\/dell-520-bbll-audifonos-wh125-alambricos-negro-usb-a\/","og_site_name":"Compuviper","article_publisher":"https:\/\/www.facebook.com\/compuviper","twitter_card":"summary_large_image","twitter_misc":{"Precio":"&#36;430 &#36;410 con IVA","Availability":"In stock"},"schema":{"@context":"https:\/\/schema.org","@graph":[{"@type":"WebPage","@id":"https:\/\/compuviper.mx\/tienda\/producto\/dell-520-bbll-audifonos-wh125-alambricos-negro-usb-a\/","url":"https:\/\/compuviper.mx\/tienda\/producto\/dell-520-bbll-audifonos-wh125-alambricos-negro-usb-a\/","name":"[ Dell ] &#129351; 520-bbll Audifonos Wh125 Alambricos Negro | Usb-a |","isPartOf":{"@id":"https:\/\/compuviper.mx\/tienda\/#website"},"datePublished":"2026-04-02T08:07:34+00:00","dateModified":"2026-04-02T08:07:34+00:00","description":"Compra 520-bbll Audifonos Wh125 Alambricos Negro | Usb-a | + Env\u00edo a domicilio + Pago seguro + Garant\u00eda","breadcrumb":{"@id":"https:\/\/compuviper.mx\/tienda\/producto\/dell-520-bbll-audifonos-wh125-alambricos-negro-usb-a\/#breadcrumb"},"inLanguage":"es-MX","potentialAction":[{"@type":"ReadAction","target":["https:\/\/compuviper.mx\/tienda\/producto\/dell-520-bbll-audifonos-wh125-alambricos-negro-usb-a\/"]}]},{"@type":"BreadcrumbList","@id":"https:\/\/compuviper.mx\/tienda\/producto\/dell-520-bbll-audifonos-wh125-alambricos-negro-usb-a\/#breadcrumb","itemListElement":[{"@type":"ListItem","position":1,"name":"Inicio","item":"https:\/\/compuviper.mx\/tienda\/"},{"@type":"ListItem","position":2,"name":"Productos","item":"https:\/\/compuviper.mx\/tienda\/productos\/"},{"@type":"ListItem","position":3,"name":"Audifonos Y Micro","item":"https:\/\/compuviper.mx\/tienda\/categoria-producto\/audifonos-y-micro\/"},{"@type":"ListItem","position":4,"name":"Audifono Con Microfono","item":"https:\/\/compuviper.mx\/tienda\/categoria-producto\/audifonos-y-micro\/audifono-con-microfono\/"},{"@type":"ListItem","position":5,"name":"Dell 520-bbll Audifonos Wh125 Alambricos Negro | Usb-a |"}]},{"@type":"WebSite","@id":"https:\/\/compuviper.mx\/tienda\/#website","url":"https:\/\/compuviper.mx\/tienda\/","name":"Compuviper","description":"Proveedor de Computadoras, Laptops, Servidores, Monitores, Puntos de Venta, Teclados,   Impresoras, T\u00f3ner, C\u00e1maras de Seguridad y m\u00e1s en tu tienda en l\u00ednea","publisher":{"@id":"https:\/\/compuviper.mx\/tienda\/#organization"},"potentialAction":[{"@type":"SearchAction","target":{"@type":"EntryPoint","urlTemplate":"https:\/\/compuviper.mx\/tienda\/?s={search_term_string}"},"query-input":"required name=search_term_string"}],"inLanguage":"es-MX"},{"@type":"Organization","@id":"https:\/\/compuviper.mx\/tienda\/#organization","name":"Compuviper","url":"https:\/\/compuviper.mx\/tienda\/","logo":{"@type":"ImageObject","inLanguage":"es-MX","@id":"https:\/\/compuviper.mx\/tienda\/#\/schema\/logo\/image\/","url":"https:\/\/compuviper.mx\/tienda\/wp-content\/uploads\/2021\/08\/Logo-Compuviper-10.png","contentUrl":"https:\/\/compuviper.mx\/tienda\/wp-content\/uploads\/2021\/08\/Logo-Compuviper-10.png","width":1000,"height":500,"caption":"Compuviper"},"image":{"@id":"https:\/\/compuviper.mx\/tienda\/#\/schema\/logo\/image\/"},"sameAs":["https:\/\/www.facebook.com\/compuviper","https:\/\/www.youtube.com\/channel\/UCf73dERp9Y3cfOq7q8BhLjA?view_as=subscriber"]}]},"product_brand":"DELL","product_price_amount":"410","product_price_currency":"MXN","og_availability":"instock","product_availability":"instock","product_retailer_item_id":"520-BBLL","product_condition":"new"},"_links":{"self":[{"href":"https:\/\/compuviper.mx\/tienda\/wp-json\/wp\/v2\/product\/261266"}],"collection":[{"href":"https:\/\/compuviper.mx\/tienda\/wp-json\/wp\/v2\/product"}],"about":[{"href":"https:\/\/compuviper.mx\/tienda\/wp-json\/wp\/v2\/types\/product"}],"replies":[{"embeddable":true,"href":"https:\/\/compuviper.mx\/tienda\/wp-json\/wp\/v2\/comments?post=261266"}],"wp:attachment":[{"href":"https:\/\/compuviper.mx\/tienda\/wp-json\/wp\/v2\/media?parent=261266"}],"wp:term":[{"taxonomy":"product_cat","embeddable":true,"href":"https:\/\/compuviper.mx\/tienda\/wp-json\/wp\/v2\/product_cat?post=261266"},{"taxonomy":"product_tag","embeddable":true,"href":"https:\/\/compuviper.mx\/tienda\/wp-json\/wp\/v2\/product_tag?post=261266"}],"curies":[{"name":"wp","href":"https:\/\/api.w.org\/{rel}","templated":true}]}}