{"id":261255,"date":"2026-04-02T01:28:00","date_gmt":"2026-04-02T07:28:00","guid":{"rendered":"https:\/\/compuviper.mx\/tienda\/producto\/lenovo-30h1s52100-workstation-pc-thinkstation-p3-tiny-core-i9-14900-5-8ghz-32gb-2x-16gb-1tb-ssd-m-2-2280-nvidia-t1000-8gb-wind-11-pro-3y-on-site\/"},"modified":"2026-04-02T01:28:00","modified_gmt":"2026-04-02T07:28:00","slug":"lenovo-30h1s52100-workstation-pc-thinkstation-p3-tiny-core-i9-14900-5-8ghz-32gb-2x-16gb-1tb-ssd-m-2-2280-nvidia-t1000-8gb-wind-11-pro-3y-on-site","status":"publish","type":"product","link":"https:\/\/compuviper.mx\/tienda\/producto\/lenovo-30h1s52100-workstation-pc-thinkstation-p3-tiny-core-i9-14900-5-8ghz-32gb-2x-16gb-1tb-ssd-m-2-2280-nvidia-t1000-8gb-wind-11-pro-3y-on-site\/","title":{"rendered":"Lenovo 30h1s52100 Workstation Pc  Thinkstation P3 Tiny \/ Core I9-14900 5.8ghz\/ 32gb (2x 16gb) \/ 1tb Ssd M.2 2280 \/ Nvidia T1000 8gb \/ Wind 11 Pro \/ 3y On Site"},"content":{"rendered":"<table class=\"descripcion\">\n<tr>\n<td>Procesador: intel core i9-14900 (24 n\u00facleos: 8p + 16e), frecuencia m\u00e1xima de 5.8 ghz<\/td>\n<\/tr>\n<tr>\n<td>\u0095  memoria ram: 32 gb ddr5 5600mhz udimm<\/td>\n<\/tr>\n<tr>\n<td>\u0095  almacenamiento: ssd m.2 de 1 tb pcie gen 4 nvme<\/td>\n<\/tr>\n<tr>\n<td>\u0095  gr\u00e1ficos: nvidia t1000 de 8 gb gddr6 + intel uhd graphics 770 integrados<\/td>\n<\/tr>\n<tr>\n<td>\u0095  sistema operativo: windows 11 pro 64 bits<\/td>\n<\/tr>\n<tr>\n<td>\u0095  conectividad: wi-fi 6e, bluetooth 5.3<\/td>\n<\/tr>\n<tr>\n<td>\u0095  puertos: usb 3.2 gen 2, usb-c, hdmi, displayport, rj-45<\/td>\n<\/tr>\n<tr>\n<td>\u0095  factor de forma: ultra compacto (tiny form factor)<\/td>\n<\/tr>\n<tr>\n<td>\u0095  garant\u00eda: 3 a\u00f1os on-site (servicio en sitio)<\/td>\n<\/tr>\n<tr>\n<td>\u0095  certificaciones: isv certified para software profesional.<\/td>\n<\/tr>\n<tr>\n<td>\u0095  uso recomendado: dise\u00f1o gr\u00e1fico, ingenier\u00eda, arquitectura, an\u00e1lisis de datos, entornos corporativos<\/td>\n<\/tr>\n<\/table>\n","protected":false},"excerpt":{"rendered":"<p>La thinkstation p3 tiny combina rendimiento de alto nivel con un formato reducido, ideal para espacios de trabajo modernos. Equipada con un procesador intel core i9 de 14\u00aa generaci\u00f3n y gr\u00e1ficos nvidia t1000 de 8 gb, esta estaci\u00f3n de trabajo es perfecta para dise\u00f1adores, ingenieros y profesionales que necesitan velocidad, confiabilidad y eficiencia.<\/p>\n","protected":false},"featured_media":0,"comment_status":"open","ping_status":"open","template":"","meta":[],"product_cat":[1971,1976],"product_tag":[1578],"acf":[],"yoast_head":"<!-- This site is optimized with the Yoast SEO plugin v21.7 - https:\/\/yoast.com\/wordpress\/plugins\/seo\/ -->\n<title>[ Lenovo ] &#129351; 30h1s52100 Workstation Pc Thinkstation P3 Tiny \/ Core I9-14900 5.8ghz\/ 32gb (2x 16gb) \/ 1tb Ssd M.2 2280 \/ Nvidia T1000 8gb \/ Wind 11 Pro \/ 3y On Site<\/title>\n<meta name=\"description\" content=\"Compra 30h1s52100 Workstation Pc Thinkstation P3 Tiny \/ Core I9-14900 5.8ghz\/ 32gb (2x 16gb) \/ 1tb Ssd M.2 2280 \/ Nvidia T1000 8gb \/ Wind 11 Pro \/ 3y On Site + Env\u00edo a domicilio + Pago seguro + Garant\u00eda\" \/>\n<meta name=\"robots\" content=\"index, follow, max-snippet:-1, max-image-preview:large, max-video-preview:-1\" \/>\n<link rel=\"canonical\" href=\"https:\/\/compuviper.mx\/tienda\/producto\/lenovo-30h1s52100-workstation-pc-thinkstation-p3-tiny-core-i9-14900-5-8ghz-32gb-2x-16gb-1tb-ssd-m-2-2280-nvidia-t1000-8gb-wind-11-pro-3y-on-site\/\" \/>\n<meta property=\"og:locale\" content=\"es_MX\" \/>\n<meta property=\"og:type\" content=\"article\" \/>\n<meta property=\"og:title\" content=\"[ Lenovo ] &#129351; 30h1s52100 Workstation Pc Thinkstation P3 Tiny \/ Core I9-14900 5.8ghz\/ 32gb (2x 16gb) \/ 1tb Ssd M.2 2280 \/ Nvidia T1000 8gb \/ Wind 11 Pro \/ 3y On Site\" \/>\n<meta property=\"og:description\" content=\"Compra 30h1s52100 Workstation Pc Thinkstation P3 Tiny \/ Core I9-14900 5.8ghz\/ 32gb (2x 16gb) \/ 1tb Ssd M.2 2280 \/ Nvidia T1000 8gb \/ Wind 11 Pro \/ 3y On Site + Env\u00edo a domicilio + Pago seguro + Garant\u00eda\" \/>\n<meta property=\"og:url\" content=\"https:\/\/compuviper.mx\/tienda\/producto\/lenovo-30h1s52100-workstation-pc-thinkstation-p3-tiny-core-i9-14900-5-8ghz-32gb-2x-16gb-1tb-ssd-m-2-2280-nvidia-t1000-8gb-wind-11-pro-3y-on-site\/\" \/>\n<meta property=\"og:site_name\" content=\"Compuviper\" \/>\n<meta property=\"article:publisher\" content=\"https:\/\/www.facebook.com\/compuviper\" \/>\n<meta name=\"twitter:card\" content=\"summary_large_image\" \/>\n<meta name=\"twitter:label1\" content=\"Precio\" \/>\n\t<meta name=\"twitter:data1\" content=\"&#36;40,859 con IVA\" \/>\n\t<meta name=\"twitter:label2\" content=\"Availability\" \/>\n\t<meta name=\"twitter:data2\" content=\"Out of stock\" \/>\n<script type=\"application\/ld+json\" class=\"yoast-schema-graph\">{\"@context\":\"https:\/\/schema.org\",\"@graph\":[{\"@type\":\"WebPage\",\"@id\":\"https:\/\/compuviper.mx\/tienda\/producto\/lenovo-30h1s52100-workstation-pc-thinkstation-p3-tiny-core-i9-14900-5-8ghz-32gb-2x-16gb-1tb-ssd-m-2-2280-nvidia-t1000-8gb-wind-11-pro-3y-on-site\/\",\"url\":\"https:\/\/compuviper.mx\/tienda\/producto\/lenovo-30h1s52100-workstation-pc-thinkstation-p3-tiny-core-i9-14900-5-8ghz-32gb-2x-16gb-1tb-ssd-m-2-2280-nvidia-t1000-8gb-wind-11-pro-3y-on-site\/\",\"name\":\"[ Lenovo ] &#129351; 30h1s52100 Workstation Pc Thinkstation P3 Tiny \/ Core I9-14900 5.8ghz\/ 32gb (2x 16gb) \/ 1tb Ssd M.2 2280 \/ Nvidia T1000 8gb \/ Wind 11 Pro \/ 3y On Site\",\"isPartOf\":{\"@id\":\"https:\/\/compuviper.mx\/tienda\/#website\"},\"datePublished\":\"2026-04-02T07:28:00+00:00\",\"dateModified\":\"2026-04-02T07:28:00+00:00\",\"description\":\"Compra 30h1s52100 Workstation Pc Thinkstation P3 Tiny \/ Core I9-14900 5.8ghz\/ 32gb (2x 16gb) \/ 1tb Ssd M.2 2280 \/ Nvidia T1000 8gb \/ Wind 11 Pro \/ 3y On Site + Env\u00edo a domicilio + Pago seguro + Garant\u00eda\",\"breadcrumb\":{\"@id\":\"https:\/\/compuviper.mx\/tienda\/producto\/lenovo-30h1s52100-workstation-pc-thinkstation-p3-tiny-core-i9-14900-5-8ghz-32gb-2x-16gb-1tb-ssd-m-2-2280-nvidia-t1000-8gb-wind-11-pro-3y-on-site\/#breadcrumb\"},\"inLanguage\":\"es-MX\",\"potentialAction\":[{\"@type\":\"ReadAction\",\"target\":[\"https:\/\/compuviper.mx\/tienda\/producto\/lenovo-30h1s52100-workstation-pc-thinkstation-p3-tiny-core-i9-14900-5-8ghz-32gb-2x-16gb-1tb-ssd-m-2-2280-nvidia-t1000-8gb-wind-11-pro-3y-on-site\/\"]}]},{\"@type\":\"BreadcrumbList\",\"@id\":\"https:\/\/compuviper.mx\/tienda\/producto\/lenovo-30h1s52100-workstation-pc-thinkstation-p3-tiny-core-i9-14900-5-8ghz-32gb-2x-16gb-1tb-ssd-m-2-2280-nvidia-t1000-8gb-wind-11-pro-3y-on-site\/#breadcrumb\",\"itemListElement\":[{\"@type\":\"ListItem\",\"position\":1,\"name\":\"Inicio\",\"item\":\"https:\/\/compuviper.mx\/tienda\/\"},{\"@type\":\"ListItem\",\"position\":2,\"name\":\"Productos\",\"item\":\"https:\/\/compuviper.mx\/tienda\/productos\/\"},{\"@type\":\"ListItem\",\"position\":3,\"name\":\"Computadoras\",\"item\":\"https:\/\/compuviper.mx\/tienda\/categoria-producto\/computadoras\/\"},{\"@type\":\"ListItem\",\"position\":4,\"name\":\"Pc Workstation\",\"item\":\"https:\/\/compuviper.mx\/tienda\/categoria-producto\/computadoras\/pc-workstation-computadoras\/\"},{\"@type\":\"ListItem\",\"position\":5,\"name\":\"Lenovo 30h1s52100 Workstation Pc Thinkstation P3 Tiny \/ Core I9-14900 5.8ghz\/ 32gb (2x 16gb) \/ 1tb Ssd M.2 2280 \/ Nvidia T1000 8gb \/ Wind 11 Pro \/ 3y On Site\"}]},{\"@type\":\"WebSite\",\"@id\":\"https:\/\/compuviper.mx\/tienda\/#website\",\"url\":\"https:\/\/compuviper.mx\/tienda\/\",\"name\":\"Compuviper\",\"description\":\"Proveedor de Computadoras, Laptops, Servidores, Monitores, Puntos de Venta, Teclados,   Impresoras, T\u00f3ner, C\u00e1maras de Seguridad y m\u00e1s en tu tienda en l\u00ednea\",\"publisher\":{\"@id\":\"https:\/\/compuviper.mx\/tienda\/#organization\"},\"potentialAction\":[{\"@type\":\"SearchAction\",\"target\":{\"@type\":\"EntryPoint\",\"urlTemplate\":\"https:\/\/compuviper.mx\/tienda\/?s={search_term_string}\"},\"query-input\":\"required name=search_term_string\"}],\"inLanguage\":\"es-MX\"},{\"@type\":\"Organization\",\"@id\":\"https:\/\/compuviper.mx\/tienda\/#organization\",\"name\":\"Compuviper\",\"url\":\"https:\/\/compuviper.mx\/tienda\/\",\"logo\":{\"@type\":\"ImageObject\",\"inLanguage\":\"es-MX\",\"@id\":\"https:\/\/compuviper.mx\/tienda\/#\/schema\/logo\/image\/\",\"url\":\"https:\/\/compuviper.mx\/tienda\/wp-content\/uploads\/2021\/08\/Logo-Compuviper-10.png\",\"contentUrl\":\"https:\/\/compuviper.mx\/tienda\/wp-content\/uploads\/2021\/08\/Logo-Compuviper-10.png\",\"width\":1000,\"height\":500,\"caption\":\"Compuviper\"},\"image\":{\"@id\":\"https:\/\/compuviper.mx\/tienda\/#\/schema\/logo\/image\/\"},\"sameAs\":[\"https:\/\/www.facebook.com\/compuviper\",\"https:\/\/www.youtube.com\/channel\/UCf73dERp9Y3cfOq7q8BhLjA?view_as=subscriber\"]}]}<\/script>\n<meta property=\"product:brand\" content=\"LENOVO\" \/>\n<meta property=\"product:price:amount\" content=\"40859\" \/>\n<meta property=\"product:price:currency\" content=\"MXN\" \/>\n<meta property=\"og:availability\" content=\"out of stock\" \/>\n<meta property=\"product:availability\" content=\"out of stock\" \/>\n<meta property=\"product:retailer_item_id\" content=\"30H1S52100\" \/>\n<meta property=\"product:condition\" content=\"new\" \/>\n<!-- \/ Yoast SEO plugin. -->","yoast_head_json":{"title":"[ Lenovo ] &#129351; 30h1s52100 Workstation Pc Thinkstation P3 Tiny \/ Core I9-14900 5.8ghz\/ 32gb (2x 16gb) \/ 1tb Ssd M.2 2280 \/ Nvidia T1000 8gb \/ Wind 11 Pro \/ 3y On Site","description":"Compra 30h1s52100 Workstation Pc Thinkstation P3 Tiny \/ Core I9-14900 5.8ghz\/ 32gb (2x 16gb) \/ 1tb Ssd M.2 2280 \/ Nvidia T1000 8gb \/ Wind 11 Pro \/ 3y On Site + Env\u00edo a domicilio + Pago seguro + Garant\u00eda","robots":{"index":"index","follow":"follow","max-snippet":"max-snippet:-1","max-image-preview":"max-image-preview:large","max-video-preview":"max-video-preview:-1"},"canonical":"https:\/\/compuviper.mx\/tienda\/producto\/lenovo-30h1s52100-workstation-pc-thinkstation-p3-tiny-core-i9-14900-5-8ghz-32gb-2x-16gb-1tb-ssd-m-2-2280-nvidia-t1000-8gb-wind-11-pro-3y-on-site\/","og_locale":"es_MX","og_type":"article","og_title":"[ Lenovo ] &#129351; 30h1s52100 Workstation Pc Thinkstation P3 Tiny \/ Core I9-14900 5.8ghz\/ 32gb (2x 16gb) \/ 1tb Ssd M.2 2280 \/ Nvidia T1000 8gb \/ Wind 11 Pro \/ 3y On Site","og_description":"Compra 30h1s52100 Workstation Pc Thinkstation P3 Tiny \/ Core I9-14900 5.8ghz\/ 32gb (2x 16gb) \/ 1tb Ssd M.2 2280 \/ Nvidia T1000 8gb \/ Wind 11 Pro \/ 3y On Site + Env\u00edo a domicilio + Pago seguro + Garant\u00eda","og_url":"https:\/\/compuviper.mx\/tienda\/producto\/lenovo-30h1s52100-workstation-pc-thinkstation-p3-tiny-core-i9-14900-5-8ghz-32gb-2x-16gb-1tb-ssd-m-2-2280-nvidia-t1000-8gb-wind-11-pro-3y-on-site\/","og_site_name":"Compuviper","article_publisher":"https:\/\/www.facebook.com\/compuviper","twitter_card":"summary_large_image","twitter_misc":{"Precio":"&#36;40,859 con IVA","Availability":"Out of stock"},"schema":{"@context":"https:\/\/schema.org","@graph":[{"@type":"WebPage","@id":"https:\/\/compuviper.mx\/tienda\/producto\/lenovo-30h1s52100-workstation-pc-thinkstation-p3-tiny-core-i9-14900-5-8ghz-32gb-2x-16gb-1tb-ssd-m-2-2280-nvidia-t1000-8gb-wind-11-pro-3y-on-site\/","url":"https:\/\/compuviper.mx\/tienda\/producto\/lenovo-30h1s52100-workstation-pc-thinkstation-p3-tiny-core-i9-14900-5-8ghz-32gb-2x-16gb-1tb-ssd-m-2-2280-nvidia-t1000-8gb-wind-11-pro-3y-on-site\/","name":"[ Lenovo ] &#129351; 30h1s52100 Workstation Pc Thinkstation P3 Tiny \/ Core I9-14900 5.8ghz\/ 32gb (2x 16gb) \/ 1tb Ssd M.2 2280 \/ Nvidia T1000 8gb \/ Wind 11 Pro \/ 3y On Site","isPartOf":{"@id":"https:\/\/compuviper.mx\/tienda\/#website"},"datePublished":"2026-04-02T07:28:00+00:00","dateModified":"2026-04-02T07:28:00+00:00","description":"Compra 30h1s52100 Workstation Pc Thinkstation P3 Tiny \/ Core I9-14900 5.8ghz\/ 32gb (2x 16gb) \/ 1tb Ssd M.2 2280 \/ Nvidia T1000 8gb \/ Wind 11 Pro \/ 3y On Site + Env\u00edo a domicilio + Pago seguro + Garant\u00eda","breadcrumb":{"@id":"https:\/\/compuviper.mx\/tienda\/producto\/lenovo-30h1s52100-workstation-pc-thinkstation-p3-tiny-core-i9-14900-5-8ghz-32gb-2x-16gb-1tb-ssd-m-2-2280-nvidia-t1000-8gb-wind-11-pro-3y-on-site\/#breadcrumb"},"inLanguage":"es-MX","potentialAction":[{"@type":"ReadAction","target":["https:\/\/compuviper.mx\/tienda\/producto\/lenovo-30h1s52100-workstation-pc-thinkstation-p3-tiny-core-i9-14900-5-8ghz-32gb-2x-16gb-1tb-ssd-m-2-2280-nvidia-t1000-8gb-wind-11-pro-3y-on-site\/"]}]},{"@type":"BreadcrumbList","@id":"https:\/\/compuviper.mx\/tienda\/producto\/lenovo-30h1s52100-workstation-pc-thinkstation-p3-tiny-core-i9-14900-5-8ghz-32gb-2x-16gb-1tb-ssd-m-2-2280-nvidia-t1000-8gb-wind-11-pro-3y-on-site\/#breadcrumb","itemListElement":[{"@type":"ListItem","position":1,"name":"Inicio","item":"https:\/\/compuviper.mx\/tienda\/"},{"@type":"ListItem","position":2,"name":"Productos","item":"https:\/\/compuviper.mx\/tienda\/productos\/"},{"@type":"ListItem","position":3,"name":"Computadoras","item":"https:\/\/compuviper.mx\/tienda\/categoria-producto\/computadoras\/"},{"@type":"ListItem","position":4,"name":"Pc Workstation","item":"https:\/\/compuviper.mx\/tienda\/categoria-producto\/computadoras\/pc-workstation-computadoras\/"},{"@type":"ListItem","position":5,"name":"Lenovo 30h1s52100 Workstation Pc Thinkstation P3 Tiny \/ Core I9-14900 5.8ghz\/ 32gb (2x 16gb) \/ 1tb Ssd M.2 2280 \/ Nvidia T1000 8gb \/ Wind 11 Pro \/ 3y On Site"}]},{"@type":"WebSite","@id":"https:\/\/compuviper.mx\/tienda\/#website","url":"https:\/\/compuviper.mx\/tienda\/","name":"Compuviper","description":"Proveedor de Computadoras, Laptops, Servidores, Monitores, Puntos de Venta, Teclados,   Impresoras, T\u00f3ner, C\u00e1maras de Seguridad y m\u00e1s en tu tienda en l\u00ednea","publisher":{"@id":"https:\/\/compuviper.mx\/tienda\/#organization"},"potentialAction":[{"@type":"SearchAction","target":{"@type":"EntryPoint","urlTemplate":"https:\/\/compuviper.mx\/tienda\/?s={search_term_string}"},"query-input":"required name=search_term_string"}],"inLanguage":"es-MX"},{"@type":"Organization","@id":"https:\/\/compuviper.mx\/tienda\/#organization","name":"Compuviper","url":"https:\/\/compuviper.mx\/tienda\/","logo":{"@type":"ImageObject","inLanguage":"es-MX","@id":"https:\/\/compuviper.mx\/tienda\/#\/schema\/logo\/image\/","url":"https:\/\/compuviper.mx\/tienda\/wp-content\/uploads\/2021\/08\/Logo-Compuviper-10.png","contentUrl":"https:\/\/compuviper.mx\/tienda\/wp-content\/uploads\/2021\/08\/Logo-Compuviper-10.png","width":1000,"height":500,"caption":"Compuviper"},"image":{"@id":"https:\/\/compuviper.mx\/tienda\/#\/schema\/logo\/image\/"},"sameAs":["https:\/\/www.facebook.com\/compuviper","https:\/\/www.youtube.com\/channel\/UCf73dERp9Y3cfOq7q8BhLjA?view_as=subscriber"]}]},"product_brand":"LENOVO","product_price_amount":"40859","product_price_currency":"MXN","og_availability":"out of stock","product_availability":"out of stock","product_retailer_item_id":"30H1S52100","product_condition":"new"},"_links":{"self":[{"href":"https:\/\/compuviper.mx\/tienda\/wp-json\/wp\/v2\/product\/261255"}],"collection":[{"href":"https:\/\/compuviper.mx\/tienda\/wp-json\/wp\/v2\/product"}],"about":[{"href":"https:\/\/compuviper.mx\/tienda\/wp-json\/wp\/v2\/types\/product"}],"replies":[{"embeddable":true,"href":"https:\/\/compuviper.mx\/tienda\/wp-json\/wp\/v2\/comments?post=261255"}],"wp:attachment":[{"href":"https:\/\/compuviper.mx\/tienda\/wp-json\/wp\/v2\/media?parent=261255"}],"wp:term":[{"taxonomy":"product_cat","embeddable":true,"href":"https:\/\/compuviper.mx\/tienda\/wp-json\/wp\/v2\/product_cat?post=261255"},{"taxonomy":"product_tag","embeddable":true,"href":"https:\/\/compuviper.mx\/tienda\/wp-json\/wp\/v2\/product_tag?post=261255"}],"curies":[{"name":"wp","href":"https:\/\/api.w.org\/{rel}","templated":true}]}}