{"id":261249,"date":"2026-04-02T01:15:53","date_gmt":"2026-04-02T07:15:53","guid":{"rendered":"https:\/\/compuviper.mx\/tienda\/producto\/lenovo-83gu003elm-laptop-v14-g5-irl-core-5-210h-2-2ghz-16gb-ddr4-512ssd-14-fhd-1920x1080-luna-grey-win-11-pro-1yr-en-centro-de-servicio\/"},"modified":"2026-04-02T01:15:53","modified_gmt":"2026-04-02T07:15:53","slug":"lenovo-83gu003elm-laptop-v14-g5-irl-core-5-210h-2-2ghz-16gb-ddr5-512gb-ssd-14-fhd-1920x1080-luna-grey-win-11-pro-1yr-en-centro-de-servicio","status":"publish","type":"product","link":"https:\/\/compuviper.mx\/tienda\/producto\/lenovo-83gu003elm-laptop-v14-g5-irl-core-5-210h-2-2ghz-16gb-ddr5-512gb-ssd-14-fhd-1920x1080-luna-grey-win-11-pro-1yr-en-centro-de-servicio\/","title":{"rendered":"Lenovo 83gu003elm Laptop  V14 G5 Irl \/ Core 5 210h 2.2ghz \/ 16gb Ddr5 \/ 512gb Ssd \/ 14 Fhd (1920&#215;1080) \/ Luna Grey \/ Win 11 Pro \/ 1yr En Centro De Servicio"},"content":{"rendered":"<table class=\"descripcion\">\n<tr>\n<td>Lenovo v14 g5 irl 83gu003elm<\/td>\n<\/tr>\n<tr>\n<td>Performance<\/td>\n<\/tr>\n<tr>\n<td>Processor<\/td>\n<\/tr>\n<tr>\n<td>Intel core 5 210h, 8c (4p + 4e) \/ 12t, p-core 2.2 \/ 4.8ghz,<\/td>\n<\/tr>\n<tr>\n<td>E-core 1.6 \/ 3.6ghz, 12mb<\/td>\n<\/tr>\n<tr>\n<td>Graphics<\/td>\n<\/tr>\n<tr>\n<td>Integrated intel graphics<\/td>\n<\/tr>\n<tr>\n<td>Chipset<\/td>\n<\/tr>\n<tr>\n<td>Intel soc platform<\/td>\n<\/tr>\n<tr>\n<td>Memory<\/td>\n<\/tr>\n<tr>\n<td>1x 16gb so-dimm ddr5-5200<\/td>\n<\/tr>\n<tr>\n<td>Memory slots<\/td>\n<\/tr>\n<tr>\n<td>Two ddr5 so-dimm slots, dual-channel capable<\/td>\n<\/tr>\n<tr>\n<td>Max memory[1]<\/td>\n<\/tr>\n<tr>\n<td>Up to 32gb ddr5-5200 offering<\/td>\n<\/tr>\n<tr>\n<td>Storage<\/td>\n<\/tr>\n<tr>\n<td>512gb ssd m.2 2242 pcie 4.0&#215;4 nvme<\/td>\n<\/tr>\n<tr>\n<td>Storage slot<\/td>\n<\/tr>\n<tr>\n<td>One m.2 2242 pcie 4.0 x4 slot<\/td>\n<\/tr>\n<tr>\n<td>Max storage support[2]<\/td>\n<\/tr>\n<tr>\n<td>One drive, up to 1tb m.2 2242 ssd<\/td>\n<\/tr>\n<tr>\n<td>Optical<\/td>\n<\/tr>\n<tr>\n<td>None<\/td>\n<\/tr>\n<tr>\n<td>Card reader<\/td>\n<\/tr>\n<tr>\n<td>None<\/td>\n<\/tr>\n<tr>\n<td>Audio chip<\/td>\n<\/tr>\n<tr>\n<td>High definition (hd) audio, senary sn6147 codec<\/td>\n<\/tr>\n<tr>\n<td>Speakers<\/td>\n<\/tr>\n<tr>\n<td>Stereo speakers, 1.5w x2<\/td>\n<\/tr>\n<tr>\n<td>Microphone<\/td>\n<\/tr>\n<tr>\n<td>2x, array<\/td>\n<\/tr>\n<tr>\n<td>Camera<\/td>\n<\/tr>\n<tr>\n<td>Hd 720p with privacy shutter<\/td>\n<\/tr>\n<tr>\n<td>Battery<\/td>\n<\/tr>\n<tr>\n<td>47wh<\/td>\n<\/tr>\n<tr>\n<td>Power adapter<\/td>\n<\/tr>\n<tr>\n<td>65w round tip (3-pin)<\/td>\n<\/tr>\n<tr>\n<td>Special features<\/td>\n<\/tr>\n<tr>\n<td>Modern standby<\/td>\n<\/tr>\n<tr>\n<td>Design<\/td>\n<\/tr>\n<tr>\n<td>Display<\/td>\n<\/tr>\n<tr>\n<td>14 fhd (1920&#215;1080) tn 250nits anti-glare, 45% ntsc<\/td>\n<\/tr>\n<tr>\n<td>Touchscreen<\/td>\n<\/tr>\n<tr>\n<td>None<\/td>\n<\/tr>\n<tr>\n<td>Screen-to-body ratio<\/td>\n<\/tr>\n<tr>\n<td>87%<\/td>\n<\/tr>\n<tr>\n<td>Pen<\/td>\n<\/tr>\n<tr>\n<td>Pen not supported<\/td>\n<\/tr>\n<tr>\n<td>Keyboard<\/td>\n<\/tr>\n<tr>\n<td>Non-backlit, spanish (la)<\/td>\n<\/tr>\n<tr>\n<td>Touchpad<\/td>\n<\/tr>\n<tr>\n<td>Buttonless mylar surface multi-touch touchpad, supports<\/td>\n<\/tr>\n<tr>\n<td>Precision touchpad (ptp), 62 x 104 mm (2.44 x 4.09 inches)<\/td>\n<\/tr>\n<tr>\n<td>Dimensions (wxdxh)[3]<\/td>\n<\/tr>\n<tr>\n<td>324.2 x 215.2 x 17.9 mm (12.76 x 8.47 x 0.70 inches)<\/td>\n<\/tr>\n<tr>\n<td>Weight[4]<\/td>\n<\/tr>\n<tr>\n<td>Starting at 1.37 kg (3.02 lbs)<\/td>\n<\/tr>\n<tr>\n<td>Case color<\/td>\n<\/tr>\n<tr>\n<td>Luna grey<\/td>\n<\/tr>\n<tr>\n<td>Case material<\/td>\n<\/tr>\n<tr>\n<td>Pc-abs (top), pc-abs (bottom)<\/td>\n<\/tr>\n<tr>\n<td>Surface treatment<\/td>\n<\/tr>\n<tr>\n<td>Imr (in-mold decoration by roller)<\/td>\n<\/tr>\n<tr>\n<td>Software<\/td>\n<\/tr>\n<tr>\n<td>Operating system<\/td>\n<\/tr>\n<tr>\n<td>Windows 11 pro, spanish \/ mexican spanish \/ english<\/td>\n<\/tr>\n<tr>\n<td>Bundled software<\/td>\n<\/tr>\n<tr>\n<td>Office trial<\/td>\n<\/tr>\n<tr>\n<td>Connectivity<\/td>\n<\/tr>\n<tr>\n<td>Wlan + bluetooth[5]<\/td>\n<\/tr>\n<tr>\n<td>Wi-fi 6, 802.11ax 2&#215;2 + bt5.2<\/td>\n<\/tr>\n<tr>\n<td>Wwan<\/td>\n<\/tr>\n<tr>\n<td>Non-wwan<\/td>\n<\/tr>\n<tr>\n<td>Ethernet<\/td>\n<\/tr>\n<tr>\n<td>100\/1000m (rj-45)<\/td>\n<\/tr>\n<tr>\n<td>Standard ports<\/td>\n<\/tr>\n<tr>\n<td>\u0095 2x usb-a (usb 5gbps \/ usb 3.2 gen 1)<\/td>\n<\/tr>\n<tr>\n<td>1x usb-c (usb 5gbps \/ usb 3.2 gen 1), with usb power<\/td>\n<\/tr>\n<tr>\n<td>Delivery (20v only) and displayport 1.2<\/td>\n<\/tr>\n<tr>\n<td>\u0095<\/td>\n<\/tr>\n<tr>\n<td>\u0095 1x hdmi 1.4b<\/td>\n<\/tr>\n<tr>\n<td>\u0095 1x headphone \/ microphone combo jack (3.5mm)<\/td>\n<\/tr>\n<tr>\n<td>\u0095 1x ethernet (rj-45)<\/td>\n<\/tr>\n<tr>\n<td>\u0095 1x power connector<\/td>\n<\/tr>\n<tr>\n<td>Docking<\/td>\n<\/tr>\n<tr>\n<td>Various docking solutions supported via usb-c<\/td>\n<\/tr>\n<tr>\n<td>For more compatible docking solutions, please visit docking<\/td>\n<\/tr>\n<tr>\n<td>For lenovo v14 g5 irl<\/td>\n<\/tr>\n<tr>\n<td>Security  and  privacy<\/td>\n<\/tr>\n<tr>\n<td>Security chip<\/td>\n<\/tr>\n<tr>\n<td>Discrete tpm 2.0 enabled<\/td>\n<\/tr>\n<tr>\n<td>Physical locks<\/td>\n<\/tr>\n<tr>\n<td>Kensington nano security slot, 2.5 x 6 mm<\/td>\n<\/tr>\n<tr>\n<td>Fingerprint reader<\/td>\n<\/tr>\n<tr>\n<td>None<\/td>\n<\/tr>\n<tr>\n<td>Other security<\/td>\n<\/tr>\n<tr>\n<td>Camera privacy shutter<\/td>\n<\/tr>\n<tr>\n<td>Service<\/td>\n<\/tr>\n<tr>\n<td>Base warranty<\/td>\n<\/tr>\n<tr>\n<td>1-year, courier or carry-in<\/td>\n<\/tr>\n<tr>\n<td>Included upgrade<\/td>\n<\/tr>\n<tr>\n<td>None<\/td>\n<\/tr>\n<tr>\n<td>Accessories<\/td>\n<\/tr>\n<tr>\n<td>Bundled accessories<\/td>\n<\/tr>\n<tr>\n<td>None<\/td>\n<\/tr>\n<tr>\n<td>Certifications<\/td>\n<\/tr>\n<tr>\n<td>Green certifications<\/td>\n<\/tr>\n<tr>\n<td>\u0095 energy star 8.0<\/td>\n<\/tr>\n<tr>\n<td>\u0095 erp lot 6\/26<\/td>\n<\/tr>\n<tr>\n<td>\u0095 rohs compliant<\/td>\n<\/tr>\n<tr>\n<td>Mil-spec test<\/td>\n<\/tr>\n<tr>\n<td>Mil-std-810h military test passed<\/td>\n<\/tr>\n<tr>\n<td>Other certifications<\/td>\n<\/tr>\n<tr>\n<td>T\u00fcv rheinland low blue light (software solution)<\/td>\n<\/tr>\n<\/table>\n","protected":false},"excerpt":{"rendered":"<p>Mejora tu experiencia laboral. Lenovo v14 gen 5 (14 intel)<\/p>\n","protected":false},"featured_media":0,"comment_status":"open","ping_status":"open","template":"","meta":[],"product_cat":[1886,1887],"product_tag":[1578],"acf":[],"yoast_head":"<!-- This site is optimized with the Yoast SEO plugin v21.7 - https:\/\/yoast.com\/wordpress\/plugins\/seo\/ -->\n<title>[ Lenovo ] &#129351; 83gu003elm Laptop V14 G5 Irl \/ Core 5 210h 2.2ghz \/ 16gb Ddr5 \/ 512gb Ssd \/ 14 Fhd (1920x1080) \/ Luna Grey \/ Win 11 Pro \/ 1yr En Centro De Servicio<\/title>\n<meta name=\"description\" content=\"Compra 83gu003elm Laptop V14 G5 Irl \/ Core 5 210h 2.2ghz \/ 16gb Ddr5 \/ 512gb Ssd \/ 14 Fhd (1920x1080) \/ Luna Grey \/ Win 11 Pro \/ 1yr En Centro De Servicio + Env\u00edo a domicilio + Pago seguro + Garant\u00eda\" \/>\n<meta name=\"robots\" content=\"index, follow, max-snippet:-1, max-image-preview:large, max-video-preview:-1\" \/>\n<link rel=\"canonical\" href=\"https:\/\/compuviper.mx\/tienda\/producto\/lenovo-83gu003elm-laptop-v14-g5-irl-core-5-210h-2-2ghz-16gb-ddr5-512gb-ssd-14-fhd-1920x1080-luna-grey-win-11-pro-1yr-en-centro-de-servicio\/\" \/>\n<meta property=\"og:locale\" content=\"es_MX\" \/>\n<meta property=\"og:type\" content=\"article\" \/>\n<meta property=\"og:title\" content=\"[ Lenovo ] &#129351; 83gu003elm Laptop V14 G5 Irl \/ Core 5 210h 2.2ghz \/ 16gb Ddr5 \/ 512gb Ssd \/ 14 Fhd (1920x1080) \/ Luna Grey \/ Win 11 Pro \/ 1yr En Centro De Servicio\" \/>\n<meta property=\"og:description\" content=\"Compra 83gu003elm Laptop V14 G5 Irl \/ Core 5 210h 2.2ghz \/ 16gb Ddr5 \/ 512gb Ssd \/ 14 Fhd (1920x1080) \/ Luna Grey \/ Win 11 Pro \/ 1yr En Centro De Servicio + Env\u00edo a domicilio + Pago seguro + Garant\u00eda\" \/>\n<meta property=\"og:url\" content=\"https:\/\/compuviper.mx\/tienda\/producto\/lenovo-83gu003elm-laptop-v14-g5-irl-core-5-210h-2-2ghz-16gb-ddr5-512gb-ssd-14-fhd-1920x1080-luna-grey-win-11-pro-1yr-en-centro-de-servicio\/\" \/>\n<meta property=\"og:site_name\" content=\"Compuviper\" \/>\n<meta property=\"article:publisher\" content=\"https:\/\/www.facebook.com\/compuviper\" \/>\n<meta name=\"twitter:card\" content=\"summary_large_image\" \/>\n<meta name=\"twitter:label1\" content=\"Precio\" \/>\n\t<meta name=\"twitter:data1\" content=\"&#36;15,490 con IVA\" \/>\n\t<meta name=\"twitter:label2\" content=\"Availability\" \/>\n\t<meta name=\"twitter:data2\" content=\"Out of stock\" \/>\n<script type=\"application\/ld+json\" class=\"yoast-schema-graph\">{\"@context\":\"https:\/\/schema.org\",\"@graph\":[{\"@type\":\"WebPage\",\"@id\":\"https:\/\/compuviper.mx\/tienda\/producto\/lenovo-83gu003elm-laptop-v14-g5-irl-core-5-210h-2-2ghz-16gb-ddr5-512gb-ssd-14-fhd-1920x1080-luna-grey-win-11-pro-1yr-en-centro-de-servicio\/\",\"url\":\"https:\/\/compuviper.mx\/tienda\/producto\/lenovo-83gu003elm-laptop-v14-g5-irl-core-5-210h-2-2ghz-16gb-ddr5-512gb-ssd-14-fhd-1920x1080-luna-grey-win-11-pro-1yr-en-centro-de-servicio\/\",\"name\":\"[ Lenovo ] &#129351; 83gu003elm Laptop V14 G5 Irl \/ Core 5 210h 2.2ghz \/ 16gb Ddr5 \/ 512gb Ssd \/ 14 Fhd (1920x1080) \/ Luna Grey \/ Win 11 Pro \/ 1yr En Centro De Servicio\",\"isPartOf\":{\"@id\":\"https:\/\/compuviper.mx\/tienda\/#website\"},\"datePublished\":\"2026-04-02T07:15:53+00:00\",\"dateModified\":\"2026-04-02T07:15:53+00:00\",\"description\":\"Compra 83gu003elm Laptop V14 G5 Irl \/ Core 5 210h 2.2ghz \/ 16gb Ddr5 \/ 512gb Ssd \/ 14 Fhd (1920x1080) \/ Luna Grey \/ Win 11 Pro \/ 1yr En Centro De Servicio + Env\u00edo a domicilio + Pago seguro + Garant\u00eda\",\"breadcrumb\":{\"@id\":\"https:\/\/compuviper.mx\/tienda\/producto\/lenovo-83gu003elm-laptop-v14-g5-irl-core-5-210h-2-2ghz-16gb-ddr5-512gb-ssd-14-fhd-1920x1080-luna-grey-win-11-pro-1yr-en-centro-de-servicio\/#breadcrumb\"},\"inLanguage\":\"es-MX\",\"potentialAction\":[{\"@type\":\"ReadAction\",\"target\":[\"https:\/\/compuviper.mx\/tienda\/producto\/lenovo-83gu003elm-laptop-v14-g5-irl-core-5-210h-2-2ghz-16gb-ddr5-512gb-ssd-14-fhd-1920x1080-luna-grey-win-11-pro-1yr-en-centro-de-servicio\/\"]}]},{\"@type\":\"BreadcrumbList\",\"@id\":\"https:\/\/compuviper.mx\/tienda\/producto\/lenovo-83gu003elm-laptop-v14-g5-irl-core-5-210h-2-2ghz-16gb-ddr5-512gb-ssd-14-fhd-1920x1080-luna-grey-win-11-pro-1yr-en-centro-de-servicio\/#breadcrumb\",\"itemListElement\":[{\"@type\":\"ListItem\",\"position\":1,\"name\":\"Inicio\",\"item\":\"https:\/\/compuviper.mx\/tienda\/\"},{\"@type\":\"ListItem\",\"position\":2,\"name\":\"Productos\",\"item\":\"https:\/\/compuviper.mx\/tienda\/productos\/\"},{\"@type\":\"ListItem\",\"position\":3,\"name\":\"Laptops\",\"item\":\"https:\/\/compuviper.mx\/tienda\/categoria-producto\/laptops\/\"},{\"@type\":\"ListItem\",\"position\":4,\"name\":\"Notebook\",\"item\":\"https:\/\/compuviper.mx\/tienda\/categoria-producto\/laptops\/notebook-laptops\/\"},{\"@type\":\"ListItem\",\"position\":5,\"name\":\"Lenovo 83gu003elm Laptop V14 G5 Irl \/ Core 5 210h 2.2ghz \/ 16gb Ddr5 \/ 512gb Ssd \/ 14 Fhd (1920&#215;1080) \/ Luna Grey \/ Win 11 Pro \/ 1yr En Centro De Servicio\"}]},{\"@type\":\"WebSite\",\"@id\":\"https:\/\/compuviper.mx\/tienda\/#website\",\"url\":\"https:\/\/compuviper.mx\/tienda\/\",\"name\":\"Compuviper\",\"description\":\"Proveedor de Computadoras, Laptops, Servidores, Monitores, Puntos de Venta, Teclados,   Impresoras, T\u00f3ner, C\u00e1maras de Seguridad y m\u00e1s en tu tienda en l\u00ednea\",\"publisher\":{\"@id\":\"https:\/\/compuviper.mx\/tienda\/#organization\"},\"potentialAction\":[{\"@type\":\"SearchAction\",\"target\":{\"@type\":\"EntryPoint\",\"urlTemplate\":\"https:\/\/compuviper.mx\/tienda\/?s={search_term_string}\"},\"query-input\":\"required name=search_term_string\"}],\"inLanguage\":\"es-MX\"},{\"@type\":\"Organization\",\"@id\":\"https:\/\/compuviper.mx\/tienda\/#organization\",\"name\":\"Compuviper\",\"url\":\"https:\/\/compuviper.mx\/tienda\/\",\"logo\":{\"@type\":\"ImageObject\",\"inLanguage\":\"es-MX\",\"@id\":\"https:\/\/compuviper.mx\/tienda\/#\/schema\/logo\/image\/\",\"url\":\"https:\/\/compuviper.mx\/tienda\/wp-content\/uploads\/2021\/08\/Logo-Compuviper-10.png\",\"contentUrl\":\"https:\/\/compuviper.mx\/tienda\/wp-content\/uploads\/2021\/08\/Logo-Compuviper-10.png\",\"width\":1000,\"height\":500,\"caption\":\"Compuviper\"},\"image\":{\"@id\":\"https:\/\/compuviper.mx\/tienda\/#\/schema\/logo\/image\/\"},\"sameAs\":[\"https:\/\/www.facebook.com\/compuviper\",\"https:\/\/www.youtube.com\/channel\/UCf73dERp9Y3cfOq7q8BhLjA?view_as=subscriber\"]}]}<\/script>\n<meta property=\"product:brand\" content=\"LENOVO\" \/>\n<meta property=\"product:price:amount\" content=\"15490\" \/>\n<meta property=\"product:price:currency\" content=\"MXN\" \/>\n<meta property=\"og:availability\" content=\"out of stock\" \/>\n<meta property=\"product:availability\" content=\"out of stock\" \/>\n<meta property=\"product:retailer_item_id\" content=\"83GU003ELM\" \/>\n<meta property=\"product:condition\" content=\"new\" \/>\n<!-- \/ Yoast SEO plugin. -->","yoast_head_json":{"title":"[ Lenovo ] &#129351; 83gu003elm Laptop V14 G5 Irl \/ Core 5 210h 2.2ghz \/ 16gb Ddr5 \/ 512gb Ssd \/ 14 Fhd (1920x1080) \/ Luna Grey \/ Win 11 Pro \/ 1yr En Centro De Servicio","description":"Compra 83gu003elm Laptop V14 G5 Irl \/ Core 5 210h 2.2ghz \/ 16gb Ddr5 \/ 512gb Ssd \/ 14 Fhd (1920x1080) \/ Luna Grey \/ Win 11 Pro \/ 1yr En Centro De Servicio + Env\u00edo a domicilio + Pago seguro + Garant\u00eda","robots":{"index":"index","follow":"follow","max-snippet":"max-snippet:-1","max-image-preview":"max-image-preview:large","max-video-preview":"max-video-preview:-1"},"canonical":"https:\/\/compuviper.mx\/tienda\/producto\/lenovo-83gu003elm-laptop-v14-g5-irl-core-5-210h-2-2ghz-16gb-ddr5-512gb-ssd-14-fhd-1920x1080-luna-grey-win-11-pro-1yr-en-centro-de-servicio\/","og_locale":"es_MX","og_type":"article","og_title":"[ Lenovo ] &#129351; 83gu003elm Laptop V14 G5 Irl \/ Core 5 210h 2.2ghz \/ 16gb Ddr5 \/ 512gb Ssd \/ 14 Fhd (1920x1080) \/ Luna Grey \/ Win 11 Pro \/ 1yr En Centro De Servicio","og_description":"Compra 83gu003elm Laptop V14 G5 Irl \/ Core 5 210h 2.2ghz \/ 16gb Ddr5 \/ 512gb Ssd \/ 14 Fhd (1920x1080) \/ Luna Grey \/ Win 11 Pro \/ 1yr En Centro De Servicio + Env\u00edo a domicilio + Pago seguro + Garant\u00eda","og_url":"https:\/\/compuviper.mx\/tienda\/producto\/lenovo-83gu003elm-laptop-v14-g5-irl-core-5-210h-2-2ghz-16gb-ddr5-512gb-ssd-14-fhd-1920x1080-luna-grey-win-11-pro-1yr-en-centro-de-servicio\/","og_site_name":"Compuviper","article_publisher":"https:\/\/www.facebook.com\/compuviper","twitter_card":"summary_large_image","twitter_misc":{"Precio":"&#36;15,490 con IVA","Availability":"Out of stock"},"schema":{"@context":"https:\/\/schema.org","@graph":[{"@type":"WebPage","@id":"https:\/\/compuviper.mx\/tienda\/producto\/lenovo-83gu003elm-laptop-v14-g5-irl-core-5-210h-2-2ghz-16gb-ddr5-512gb-ssd-14-fhd-1920x1080-luna-grey-win-11-pro-1yr-en-centro-de-servicio\/","url":"https:\/\/compuviper.mx\/tienda\/producto\/lenovo-83gu003elm-laptop-v14-g5-irl-core-5-210h-2-2ghz-16gb-ddr5-512gb-ssd-14-fhd-1920x1080-luna-grey-win-11-pro-1yr-en-centro-de-servicio\/","name":"[ Lenovo ] &#129351; 83gu003elm Laptop V14 G5 Irl \/ Core 5 210h 2.2ghz \/ 16gb Ddr5 \/ 512gb Ssd \/ 14 Fhd (1920x1080) \/ Luna Grey \/ Win 11 Pro \/ 1yr En Centro De Servicio","isPartOf":{"@id":"https:\/\/compuviper.mx\/tienda\/#website"},"datePublished":"2026-04-02T07:15:53+00:00","dateModified":"2026-04-02T07:15:53+00:00","description":"Compra 83gu003elm Laptop V14 G5 Irl \/ Core 5 210h 2.2ghz \/ 16gb Ddr5 \/ 512gb Ssd \/ 14 Fhd (1920x1080) \/ Luna Grey \/ Win 11 Pro \/ 1yr En Centro De Servicio + Env\u00edo a domicilio + Pago seguro + Garant\u00eda","breadcrumb":{"@id":"https:\/\/compuviper.mx\/tienda\/producto\/lenovo-83gu003elm-laptop-v14-g5-irl-core-5-210h-2-2ghz-16gb-ddr5-512gb-ssd-14-fhd-1920x1080-luna-grey-win-11-pro-1yr-en-centro-de-servicio\/#breadcrumb"},"inLanguage":"es-MX","potentialAction":[{"@type":"ReadAction","target":["https:\/\/compuviper.mx\/tienda\/producto\/lenovo-83gu003elm-laptop-v14-g5-irl-core-5-210h-2-2ghz-16gb-ddr5-512gb-ssd-14-fhd-1920x1080-luna-grey-win-11-pro-1yr-en-centro-de-servicio\/"]}]},{"@type":"BreadcrumbList","@id":"https:\/\/compuviper.mx\/tienda\/producto\/lenovo-83gu003elm-laptop-v14-g5-irl-core-5-210h-2-2ghz-16gb-ddr5-512gb-ssd-14-fhd-1920x1080-luna-grey-win-11-pro-1yr-en-centro-de-servicio\/#breadcrumb","itemListElement":[{"@type":"ListItem","position":1,"name":"Inicio","item":"https:\/\/compuviper.mx\/tienda\/"},{"@type":"ListItem","position":2,"name":"Productos","item":"https:\/\/compuviper.mx\/tienda\/productos\/"},{"@type":"ListItem","position":3,"name":"Laptops","item":"https:\/\/compuviper.mx\/tienda\/categoria-producto\/laptops\/"},{"@type":"ListItem","position":4,"name":"Notebook","item":"https:\/\/compuviper.mx\/tienda\/categoria-producto\/laptops\/notebook-laptops\/"},{"@type":"ListItem","position":5,"name":"Lenovo 83gu003elm Laptop V14 G5 Irl \/ Core 5 210h 2.2ghz \/ 16gb Ddr5 \/ 512gb Ssd \/ 14 Fhd (1920&#215;1080) \/ Luna Grey \/ Win 11 Pro \/ 1yr En Centro De Servicio"}]},{"@type":"WebSite","@id":"https:\/\/compuviper.mx\/tienda\/#website","url":"https:\/\/compuviper.mx\/tienda\/","name":"Compuviper","description":"Proveedor de Computadoras, Laptops, Servidores, Monitores, Puntos de Venta, Teclados,   Impresoras, T\u00f3ner, C\u00e1maras de Seguridad y m\u00e1s en tu tienda en l\u00ednea","publisher":{"@id":"https:\/\/compuviper.mx\/tienda\/#organization"},"potentialAction":[{"@type":"SearchAction","target":{"@type":"EntryPoint","urlTemplate":"https:\/\/compuviper.mx\/tienda\/?s={search_term_string}"},"query-input":"required name=search_term_string"}],"inLanguage":"es-MX"},{"@type":"Organization","@id":"https:\/\/compuviper.mx\/tienda\/#organization","name":"Compuviper","url":"https:\/\/compuviper.mx\/tienda\/","logo":{"@type":"ImageObject","inLanguage":"es-MX","@id":"https:\/\/compuviper.mx\/tienda\/#\/schema\/logo\/image\/","url":"https:\/\/compuviper.mx\/tienda\/wp-content\/uploads\/2021\/08\/Logo-Compuviper-10.png","contentUrl":"https:\/\/compuviper.mx\/tienda\/wp-content\/uploads\/2021\/08\/Logo-Compuviper-10.png","width":1000,"height":500,"caption":"Compuviper"},"image":{"@id":"https:\/\/compuviper.mx\/tienda\/#\/schema\/logo\/image\/"},"sameAs":["https:\/\/www.facebook.com\/compuviper","https:\/\/www.youtube.com\/channel\/UCf73dERp9Y3cfOq7q8BhLjA?view_as=subscriber"]}]},"product_brand":"LENOVO","product_price_amount":"15490","product_price_currency":"MXN","og_availability":"out of stock","product_availability":"out of stock","product_retailer_item_id":"83GU003ELM","product_condition":"new"},"_links":{"self":[{"href":"https:\/\/compuviper.mx\/tienda\/wp-json\/wp\/v2\/product\/261249"}],"collection":[{"href":"https:\/\/compuviper.mx\/tienda\/wp-json\/wp\/v2\/product"}],"about":[{"href":"https:\/\/compuviper.mx\/tienda\/wp-json\/wp\/v2\/types\/product"}],"replies":[{"embeddable":true,"href":"https:\/\/compuviper.mx\/tienda\/wp-json\/wp\/v2\/comments?post=261249"}],"wp:attachment":[{"href":"https:\/\/compuviper.mx\/tienda\/wp-json\/wp\/v2\/media?parent=261249"}],"wp:term":[{"taxonomy":"product_cat","embeddable":true,"href":"https:\/\/compuviper.mx\/tienda\/wp-json\/wp\/v2\/product_cat?post=261249"},{"taxonomy":"product_tag","embeddable":true,"href":"https:\/\/compuviper.mx\/tienda\/wp-json\/wp\/v2\/product_tag?post=261249"}],"curies":[{"name":"wp","href":"https:\/\/api.w.org\/{rel}","templated":true}]}}