{"id":261245,"date":"2026-04-02T00:51:55","date_gmt":"2026-04-02T06:51:55","guid":{"rendered":"https:\/\/compuviper.mx\/tienda\/producto\/dell-210-bqjz-monitor-led-se2425hm-23-8-pulgadas-fhd-1920-x-1080-100-hz-hdmi-vga\/"},"modified":"2026-04-02T00:51:56","modified_gmt":"2026-04-02T06:51:56","slug":"dell-210-bqjz-monitor-led-se2425hm-23-8-pulgadas-fhd-1920-x-1080-100-hz-hdmi-vga","status":"publish","type":"product","link":"https:\/\/compuviper.mx\/tienda\/producto\/dell-210-bqjz-monitor-led-se2425hm-23-8-pulgadas-fhd-1920-x-1080-100-hz-hdmi-vga\/","title":{"rendered":"Dell 210-bqjz Monitor  Led Se2425hm | 23.8 Pulgadas | Fhd 1920 X 1080 | 100 Hz | Hdmi, Vga  |"},"content":{"rendered":"<table class=\"descripcion\">\n<tr>\n<td>Tama\u00f1o de pantalla visible<\/td>\n<\/tr>\n<tr>\n<td>23.8 (60.45 cm)<\/td>\n<\/tr>\n<tr>\n<td>Detalles de tiempo de respuesta<\/td>\n<\/tr>\n<tr>\n<td>5ms gtg (r\u00e1pido)<\/td>\n<\/tr>\n<tr>\n<td>8ms gtg<\/td>\n<\/tr>\n<tr>\n<td>Relaci\u00f3n de aspecto<\/td>\n<\/tr>\n<tr>\n<td>16:9<\/td>\n<\/tr>\n<tr>\n<td>Tama\u00f1o de pixel<\/td>\n<\/tr>\n<tr>\n<td>0,2745 mm x 0,2745 mm<\/td>\n<\/tr>\n<tr>\n<td>Angulo de visi\u00f3n horizontal<\/td>\n<\/tr>\n<tr>\n<td>178\u00b0<\/td>\n<\/tr>\n<tr>\n<td>\u00e1ngulo de visi\u00f3n vertical<\/td>\n<\/tr>\n<tr>\n<td>178\u00b0<\/td>\n<\/tr>\n<tr>\n<td>Tecnolog\u00eda de iluminaci\u00f3n de fondo<\/td>\n<\/tr>\n<tr>\n<td>Sistema led edgelight<\/td>\n<\/tr>\n<tr>\n<td>Compatibilidad con hdcp<\/td>\n<\/tr>\n<tr>\n<td>S\u00ed<\/td>\n<\/tr>\n<tr>\n<td>\u00e1ngulo de inclinaci\u00f3n<\/td>\n<\/tr>\n<tr>\n<td>-5\u00b0 a 21\u00b0<\/td>\n<\/tr>\n<tr>\n<td>Caracter\u00edsticas<\/td>\n<\/tr>\n<tr>\n<td>Sin pvc<\/td>\n<\/tr>\n<tr>\n<td>Sin bfr<\/td>\n<\/tr>\n<tr>\n<td>Ranura de candado<\/td>\n<\/tr>\n<tr>\n<td>Bloqueo de seguridad<\/td>\n<\/tr>\n<tr>\n<td>Antirreflejos<\/td>\n<\/tr>\n<tr>\n<td>Tecnolog\u00eda eye comfort<\/td>\n<\/tr>\n<tr>\n<td>Sklo bez obsahu arz\u00e9nu<\/td>\n<\/tr>\n<tr>\n<td>Sin mercurio<\/td>\n<\/tr>\n<tr>\n<td>Sin bisel en tres de sus lados<\/td>\n<\/tr>\n<tr>\n<td>Frecuencia horizontal<\/td>\n<\/tr>\n<tr>\n<td>30 khz a 82 khz<\/td>\n<\/tr>\n<tr>\n<td>Frecuencia vertical<\/td>\n<\/tr>\n<tr>\n<td>50 hz a 76 hz<\/td>\n<\/tr>\n<tr>\n<td>50 hz a 100 hz &#8211; hdmi 1.4<\/td>\n<\/tr>\n<tr>\n<td>Resoluci\u00f3n m\u00e1xima preestablecida<\/td>\n<\/tr>\n<tr>\n<td>Vga: 1920 x 1080 a 60 hz<\/td>\n<\/tr>\n<tr>\n<td>Hdmi: 1920 x 1080 a 100 hz<\/td>\n<\/tr>\n<tr>\n<td>Contenido de la caja<\/td>\n<\/tr>\n<tr>\n<td>Monitor<\/td>\n<\/tr>\n<tr>\n<td>Soporte<\/td>\n<\/tr>\n<tr>\n<td>Tarjeta qr<\/td>\n<\/tr>\n<tr>\n<td>Informaci\u00f3n de seguridad<\/td>\n<\/tr>\n<tr>\n<td>Tipo de cable incluido<\/td>\n<\/tr>\n<tr>\n<td>Cable de alimentaci\u00f3n<\/td>\n<\/tr>\n<tr>\n<td>1 x cable hdmi &#8211; 1,80 m<\/td>\n<\/tr>\n<\/table>\n","protected":false},"excerpt":{"rendered":"<p>Disfruta de las tareas cotidianas con este monitor de 23,8 pulgadas, con una frecuencia de actualizaci\u00f3n fluida de 100 hz y certificado por t\u00fcv rheinland(r), que ofrece una comodidad ocular de 3 estrellas. Upc: 884116492610<\/p>\n","protected":false},"featured_media":0,"comment_status":"open","ping_status":"open","template":"","meta":[],"product_cat":[1741,1740],"product_tag":[1537],"acf":[],"yoast_head":"<!-- This site is optimized with the Yoast SEO plugin v21.7 - https:\/\/yoast.com\/wordpress\/plugins\/seo\/ -->\n<title>[ Dell ] &#129351; 210-bqjz Monitor Led Se2425hm | 23.8 Pulgadas | Fhd 1920 X 1080 | 100 Hz | Hdmi, Vga |<\/title>\n<meta name=\"description\" content=\"Compra 210-bqjz Monitor Led Se2425hm | 23.8 Pulgadas | Fhd 1920 X 1080 | 100 Hz | Hdmi, Vga | + Env\u00edo a domicilio + Pago seguro + Garant\u00eda\" \/>\n<meta name=\"robots\" content=\"index, follow, max-snippet:-1, max-image-preview:large, max-video-preview:-1\" \/>\n<link rel=\"canonical\" href=\"https:\/\/compuviper.mx\/tienda\/producto\/dell-210-bqjz-monitor-led-se2425hm-23-8-pulgadas-fhd-1920-x-1080-100-hz-hdmi-vga\/\" \/>\n<meta property=\"og:locale\" content=\"es_MX\" \/>\n<meta property=\"og:type\" content=\"article\" \/>\n<meta property=\"og:title\" content=\"[ Dell ] &#129351; 210-bqjz Monitor Led Se2425hm | 23.8 Pulgadas | Fhd 1920 X 1080 | 100 Hz | Hdmi, Vga |\" \/>\n<meta property=\"og:description\" content=\"Compra 210-bqjz Monitor Led Se2425hm | 23.8 Pulgadas | Fhd 1920 X 1080 | 100 Hz | Hdmi, Vga | + Env\u00edo a domicilio + Pago seguro + Garant\u00eda\" \/>\n<meta property=\"og:url\" content=\"https:\/\/compuviper.mx\/tienda\/producto\/dell-210-bqjz-monitor-led-se2425hm-23-8-pulgadas-fhd-1920-x-1080-100-hz-hdmi-vga\/\" \/>\n<meta property=\"og:site_name\" content=\"Compuviper\" \/>\n<meta property=\"article:publisher\" content=\"https:\/\/www.facebook.com\/compuviper\" \/>\n<meta property=\"article:modified_time\" content=\"2026-04-02T06:51:56+00:00\" \/>\n<meta name=\"twitter:card\" content=\"summary_large_image\" \/>\n<meta name=\"twitter:label1\" content=\"Precio\" \/>\n\t<meta name=\"twitter:data1\" content=\"&#36;1,723 con IVA\" \/>\n\t<meta name=\"twitter:label2\" content=\"Availability\" \/>\n\t<meta name=\"twitter:data2\" content=\"In stock\" \/>\n<script type=\"application\/ld+json\" class=\"yoast-schema-graph\">{\"@context\":\"https:\/\/schema.org\",\"@graph\":[{\"@type\":\"WebPage\",\"@id\":\"https:\/\/compuviper.mx\/tienda\/producto\/dell-210-bqjz-monitor-led-se2425hm-23-8-pulgadas-fhd-1920-x-1080-100-hz-hdmi-vga\/\",\"url\":\"https:\/\/compuviper.mx\/tienda\/producto\/dell-210-bqjz-monitor-led-se2425hm-23-8-pulgadas-fhd-1920-x-1080-100-hz-hdmi-vga\/\",\"name\":\"[ Dell ] &#129351; 210-bqjz Monitor Led Se2425hm | 23.8 Pulgadas | Fhd 1920 X 1080 | 100 Hz | Hdmi, Vga |\",\"isPartOf\":{\"@id\":\"https:\/\/compuviper.mx\/tienda\/#website\"},\"datePublished\":\"2026-04-02T06:51:55+00:00\",\"dateModified\":\"2026-04-02T06:51:56+00:00\",\"description\":\"Compra 210-bqjz Monitor Led Se2425hm | 23.8 Pulgadas | Fhd 1920 X 1080 | 100 Hz | Hdmi, Vga | + Env\u00edo a domicilio + Pago seguro + Garant\u00eda\",\"breadcrumb\":{\"@id\":\"https:\/\/compuviper.mx\/tienda\/producto\/dell-210-bqjz-monitor-led-se2425hm-23-8-pulgadas-fhd-1920-x-1080-100-hz-hdmi-vga\/#breadcrumb\"},\"inLanguage\":\"es-MX\",\"potentialAction\":[{\"@type\":\"ReadAction\",\"target\":[\"https:\/\/compuviper.mx\/tienda\/producto\/dell-210-bqjz-monitor-led-se2425hm-23-8-pulgadas-fhd-1920-x-1080-100-hz-hdmi-vga\/\"]}]},{\"@type\":\"BreadcrumbList\",\"@id\":\"https:\/\/compuviper.mx\/tienda\/producto\/dell-210-bqjz-monitor-led-se2425hm-23-8-pulgadas-fhd-1920-x-1080-100-hz-hdmi-vga\/#breadcrumb\",\"itemListElement\":[{\"@type\":\"ListItem\",\"position\":1,\"name\":\"Inicio\",\"item\":\"https:\/\/compuviper.mx\/tienda\/\"},{\"@type\":\"ListItem\",\"position\":2,\"name\":\"Productos\",\"item\":\"https:\/\/compuviper.mx\/tienda\/productos\/\"},{\"@type\":\"ListItem\",\"position\":3,\"name\":\"Monitores\",\"item\":\"https:\/\/compuviper.mx\/tienda\/categoria-producto\/monitores\/\"},{\"@type\":\"ListItem\",\"position\":4,\"name\":\"Led\",\"item\":\"https:\/\/compuviper.mx\/tienda\/categoria-producto\/monitores\/led\/\"},{\"@type\":\"ListItem\",\"position\":5,\"name\":\"Dell 210-bqjz Monitor Led Se2425hm | 23.8 Pulgadas | Fhd 1920 X 1080 | 100 Hz | Hdmi, Vga |\"}]},{\"@type\":\"WebSite\",\"@id\":\"https:\/\/compuviper.mx\/tienda\/#website\",\"url\":\"https:\/\/compuviper.mx\/tienda\/\",\"name\":\"Compuviper\",\"description\":\"Proveedor de Computadoras, Laptops, Servidores, Monitores, Puntos de Venta, Teclados,   Impresoras, T\u00f3ner, C\u00e1maras de Seguridad y m\u00e1s en tu tienda en l\u00ednea\",\"publisher\":{\"@id\":\"https:\/\/compuviper.mx\/tienda\/#organization\"},\"potentialAction\":[{\"@type\":\"SearchAction\",\"target\":{\"@type\":\"EntryPoint\",\"urlTemplate\":\"https:\/\/compuviper.mx\/tienda\/?s={search_term_string}\"},\"query-input\":\"required name=search_term_string\"}],\"inLanguage\":\"es-MX\"},{\"@type\":\"Organization\",\"@id\":\"https:\/\/compuviper.mx\/tienda\/#organization\",\"name\":\"Compuviper\",\"url\":\"https:\/\/compuviper.mx\/tienda\/\",\"logo\":{\"@type\":\"ImageObject\",\"inLanguage\":\"es-MX\",\"@id\":\"https:\/\/compuviper.mx\/tienda\/#\/schema\/logo\/image\/\",\"url\":\"https:\/\/compuviper.mx\/tienda\/wp-content\/uploads\/2021\/08\/Logo-Compuviper-10.png\",\"contentUrl\":\"https:\/\/compuviper.mx\/tienda\/wp-content\/uploads\/2021\/08\/Logo-Compuviper-10.png\",\"width\":1000,\"height\":500,\"caption\":\"Compuviper\"},\"image\":{\"@id\":\"https:\/\/compuviper.mx\/tienda\/#\/schema\/logo\/image\/\"},\"sameAs\":[\"https:\/\/www.facebook.com\/compuviper\",\"https:\/\/www.youtube.com\/channel\/UCf73dERp9Y3cfOq7q8BhLjA?view_as=subscriber\"]}]}<\/script>\n<meta property=\"product:brand\" content=\"DELL\" \/>\n<meta property=\"product:price:amount\" content=\"1723\" \/>\n<meta property=\"product:price:currency\" content=\"MXN\" \/>\n<meta property=\"og:availability\" content=\"instock\" \/>\n<meta property=\"product:availability\" content=\"instock\" \/>\n<meta property=\"product:retailer_item_id\" content=\"210-BQJZ\" \/>\n<meta property=\"product:condition\" content=\"new\" \/>\n<!-- \/ Yoast SEO plugin. -->","yoast_head_json":{"title":"[ Dell ] &#129351; 210-bqjz Monitor Led Se2425hm | 23.8 Pulgadas | Fhd 1920 X 1080 | 100 Hz | Hdmi, Vga |","description":"Compra 210-bqjz Monitor Led Se2425hm | 23.8 Pulgadas | Fhd 1920 X 1080 | 100 Hz | Hdmi, Vga | + Env\u00edo a domicilio + Pago seguro + Garant\u00eda","robots":{"index":"index","follow":"follow","max-snippet":"max-snippet:-1","max-image-preview":"max-image-preview:large","max-video-preview":"max-video-preview:-1"},"canonical":"https:\/\/compuviper.mx\/tienda\/producto\/dell-210-bqjz-monitor-led-se2425hm-23-8-pulgadas-fhd-1920-x-1080-100-hz-hdmi-vga\/","og_locale":"es_MX","og_type":"article","og_title":"[ Dell ] &#129351; 210-bqjz Monitor Led Se2425hm | 23.8 Pulgadas | Fhd 1920 X 1080 | 100 Hz | Hdmi, Vga |","og_description":"Compra 210-bqjz Monitor Led Se2425hm | 23.8 Pulgadas | Fhd 1920 X 1080 | 100 Hz | Hdmi, Vga | + Env\u00edo a domicilio + Pago seguro + Garant\u00eda","og_url":"https:\/\/compuviper.mx\/tienda\/producto\/dell-210-bqjz-monitor-led-se2425hm-23-8-pulgadas-fhd-1920-x-1080-100-hz-hdmi-vga\/","og_site_name":"Compuviper","article_publisher":"https:\/\/www.facebook.com\/compuviper","article_modified_time":"2026-04-02T06:51:56+00:00","twitter_card":"summary_large_image","twitter_misc":{"Precio":"&#36;1,723 con IVA","Availability":"In stock"},"schema":{"@context":"https:\/\/schema.org","@graph":[{"@type":"WebPage","@id":"https:\/\/compuviper.mx\/tienda\/producto\/dell-210-bqjz-monitor-led-se2425hm-23-8-pulgadas-fhd-1920-x-1080-100-hz-hdmi-vga\/","url":"https:\/\/compuviper.mx\/tienda\/producto\/dell-210-bqjz-monitor-led-se2425hm-23-8-pulgadas-fhd-1920-x-1080-100-hz-hdmi-vga\/","name":"[ Dell ] &#129351; 210-bqjz Monitor Led Se2425hm | 23.8 Pulgadas | Fhd 1920 X 1080 | 100 Hz | Hdmi, Vga |","isPartOf":{"@id":"https:\/\/compuviper.mx\/tienda\/#website"},"datePublished":"2026-04-02T06:51:55+00:00","dateModified":"2026-04-02T06:51:56+00:00","description":"Compra 210-bqjz Monitor Led Se2425hm | 23.8 Pulgadas | Fhd 1920 X 1080 | 100 Hz | Hdmi, Vga | + Env\u00edo a domicilio + Pago seguro + Garant\u00eda","breadcrumb":{"@id":"https:\/\/compuviper.mx\/tienda\/producto\/dell-210-bqjz-monitor-led-se2425hm-23-8-pulgadas-fhd-1920-x-1080-100-hz-hdmi-vga\/#breadcrumb"},"inLanguage":"es-MX","potentialAction":[{"@type":"ReadAction","target":["https:\/\/compuviper.mx\/tienda\/producto\/dell-210-bqjz-monitor-led-se2425hm-23-8-pulgadas-fhd-1920-x-1080-100-hz-hdmi-vga\/"]}]},{"@type":"BreadcrumbList","@id":"https:\/\/compuviper.mx\/tienda\/producto\/dell-210-bqjz-monitor-led-se2425hm-23-8-pulgadas-fhd-1920-x-1080-100-hz-hdmi-vga\/#breadcrumb","itemListElement":[{"@type":"ListItem","position":1,"name":"Inicio","item":"https:\/\/compuviper.mx\/tienda\/"},{"@type":"ListItem","position":2,"name":"Productos","item":"https:\/\/compuviper.mx\/tienda\/productos\/"},{"@type":"ListItem","position":3,"name":"Monitores","item":"https:\/\/compuviper.mx\/tienda\/categoria-producto\/monitores\/"},{"@type":"ListItem","position":4,"name":"Led","item":"https:\/\/compuviper.mx\/tienda\/categoria-producto\/monitores\/led\/"},{"@type":"ListItem","position":5,"name":"Dell 210-bqjz Monitor Led Se2425hm | 23.8 Pulgadas | Fhd 1920 X 1080 | 100 Hz | Hdmi, Vga |"}]},{"@type":"WebSite","@id":"https:\/\/compuviper.mx\/tienda\/#website","url":"https:\/\/compuviper.mx\/tienda\/","name":"Compuviper","description":"Proveedor de Computadoras, Laptops, Servidores, Monitores, Puntos de Venta, Teclados,   Impresoras, T\u00f3ner, C\u00e1maras de Seguridad y m\u00e1s en tu tienda en l\u00ednea","publisher":{"@id":"https:\/\/compuviper.mx\/tienda\/#organization"},"potentialAction":[{"@type":"SearchAction","target":{"@type":"EntryPoint","urlTemplate":"https:\/\/compuviper.mx\/tienda\/?s={search_term_string}"},"query-input":"required name=search_term_string"}],"inLanguage":"es-MX"},{"@type":"Organization","@id":"https:\/\/compuviper.mx\/tienda\/#organization","name":"Compuviper","url":"https:\/\/compuviper.mx\/tienda\/","logo":{"@type":"ImageObject","inLanguage":"es-MX","@id":"https:\/\/compuviper.mx\/tienda\/#\/schema\/logo\/image\/","url":"https:\/\/compuviper.mx\/tienda\/wp-content\/uploads\/2021\/08\/Logo-Compuviper-10.png","contentUrl":"https:\/\/compuviper.mx\/tienda\/wp-content\/uploads\/2021\/08\/Logo-Compuviper-10.png","width":1000,"height":500,"caption":"Compuviper"},"image":{"@id":"https:\/\/compuviper.mx\/tienda\/#\/schema\/logo\/image\/"},"sameAs":["https:\/\/www.facebook.com\/compuviper","https:\/\/www.youtube.com\/channel\/UCf73dERp9Y3cfOq7q8BhLjA?view_as=subscriber"]}]},"product_brand":"DELL","product_price_amount":"1723","product_price_currency":"MXN","og_availability":"instock","product_availability":"instock","product_retailer_item_id":"210-BQJZ","product_condition":"new"},"_links":{"self":[{"href":"https:\/\/compuviper.mx\/tienda\/wp-json\/wp\/v2\/product\/261245"}],"collection":[{"href":"https:\/\/compuviper.mx\/tienda\/wp-json\/wp\/v2\/product"}],"about":[{"href":"https:\/\/compuviper.mx\/tienda\/wp-json\/wp\/v2\/types\/product"}],"replies":[{"embeddable":true,"href":"https:\/\/compuviper.mx\/tienda\/wp-json\/wp\/v2\/comments?post=261245"}],"wp:attachment":[{"href":"https:\/\/compuviper.mx\/tienda\/wp-json\/wp\/v2\/media?parent=261245"}],"wp:term":[{"taxonomy":"product_cat","embeddable":true,"href":"https:\/\/compuviper.mx\/tienda\/wp-json\/wp\/v2\/product_cat?post=261245"},{"taxonomy":"product_tag","embeddable":true,"href":"https:\/\/compuviper.mx\/tienda\/wp-json\/wp\/v2\/product_tag?post=261245"}],"curies":[{"name":"wp","href":"https:\/\/api.w.org\/{rel}","templated":true}]}}