{"id":261224,"date":"2026-04-18T01:15:16","date_gmt":"2026-04-18T07:15:16","guid":{"rendered":"https:\/\/compuviper.mx\/tienda\/producto\/qnap-qm2-2p-244a-dual-m-2-22110-2280-pcie-ssd-expansion-card-pcie-gen2-x4-low-profile-bracket-pre-loaded-low-profile-flat-and-full-height-are-bundled-shorter-version-to-support-tvs-x82-ts-x77-pci\/"},"modified":"2026-04-18T01:15:17","modified_gmt":"2026-04-18T07:15:17","slug":"qnap-qm2-2p-244a-dual-m-2-22110-2280-pcie-ssd-expansion-card-pcie-gen2-x4-low-profile-bracket-pre-loaded-low-profile-flat-and-full-height-are-bundled-shorter-version-to-support-tvs-x82-ts-x77-pci","status":"publish","type":"product","link":"https:\/\/compuviper.mx\/tienda\/producto\/qnap-qm2-2p-244a-dual-m-2-22110-2280-pcie-ssd-expansion-card-pcie-gen2-x4-low-profile-bracket-pre-loaded-low-profile-flat-and-full-height-are-bundled-shorter-version-to-support-tvs-x82-ts-x77-pci\/","title":{"rendered":"Qnap Qm2-2p-244a Dual M.2 22110\/2280 Pcie Ssd Expansion Card (pcie Gen2 X4), Low-profile Bracket Pre-loaded, Low-profile Flat And Full-height Are Bundled *shorter Version To Support Tvs-x82\/ts-x77 Pcie Slot 2  And  Slot"},"content":{"rendered":"<table class=\"descripcion\">\n<tr>\n<td>Tarjeta de expansion qnap qm2-2p-244a dual m.2 22110\/2280 pcie nvme ssd<\/td>\n<\/tr>\n<tr>\n<td>Conector: 2 ranuras para ssd pcie (gen2 x 4) nvme m.2 22110 o 2280<\/td>\n<\/tr>\n<tr>\n<td>Pcie y carriles: pcie gen 3 x 8<\/td>\n<\/tr>\n<tr>\n<td>Soporte: perfil bajo (predeterminado). tambi\u00e9n se incluyen soportes planos de perfil bajo y de altura completa.<\/td>\n<\/tr>\n<tr>\n<td>Dimensiones: (longitud x anchura x altura): 170.5 \u00d7 19.3 \u00d7 68.9 mm<\/td>\n<\/tr>\n<tr>\n<td>Nota [nas]:<\/td>\n<\/tr>\n<tr>\n<td>Modelos recomendados https:\/\/www.qnap.com\/la\/compatibility\/?device_category=expansion%20card and brand=qnap<\/td>\n<\/tr>\n<tr>\n<td>Por favor, consulte la lista de compatibilidad de ssd m.2:<\/td>\n<\/tr>\n<tr>\n<td>Https:\/\/www.qnap.com\/la\/compatibility\/?model=742 and category=ssd and filter[type]=23<\/td>\n<\/tr>\n<tr>\n<td>Y la gu\u00eda de instalaci\u00f3n de qm2:<\/td>\n<\/tr>\n<tr>\n<td>Https:\/\/www.qnap.com\/la\/support\/con_show.php?cid=115<\/td>\n<\/tr>\n<tr>\n<td>Nota [pc]<\/td>\n<\/tr>\n<tr>\n<td>El bios del sistema y el sistema operativo (so) deben ser capaces de soportar un ssd pcie nvme. por favor, consulte el manual t\u00e9cnico de su sistema o consulte con el proveedor.<\/td>\n<\/tr>\n<tr>\n<td>Garantia estandar: 1 a\u00f1o<\/td>\n<\/tr>\n<\/table>\n","protected":false},"excerpt":{"rendered":"<p>Volumen y cach\u00e9 ssd. Configure el almacenamiento en cach\u00e9 ssd, un volumen ssd o qtier (tecnolog\u00eda de organizaci\u00f3n autom\u00e1tica por niveles de qnap) para mejorar el rendimiento general del nas. M\u00f3dulo de refrigeraci\u00f3n eficiente. Garantiza la refrigeraci\u00f3n de las ssd y mantiene un alto rendimiento. Dise\u00f1o sin herramientas. Instale f\u00e1cilmente ssd m.2 en su nas con un m\u00e9todo de fijaci\u00f3n f\u00e1cil de usar y sin tornillos. Indicadores led y sensores t\u00e9rmicos. Controle el estado y las temperaturas en tiempo real de los ssd m.2.<\/p>\n","protected":false},"featured_media":0,"comment_status":"open","ping_status":"open","template":"","meta":[],"product_cat":[1563,1572],"product_tag":[2110],"acf":[],"yoast_head":"<!-- This site is optimized with the Yoast SEO plugin v21.7 - https:\/\/yoast.com\/wordpress\/plugins\/seo\/ -->\n<title>[ Qnap ] &#129351; Qm2-2p-244a Dual M.2 22110\/2280 Pcie Ssd Expansion Card (pcie Gen2 X4), Low-profile Bracket Pre-loaded, Low-profile Flat And Full-height Are Bundled *shorter Version To Support Tvs-x82\/ts-x77 Pcie Slot 2 And Slot<\/title>\n<meta name=\"description\" content=\"Compra Qm2-2p-244a Dual M.2 22110\/2280 Pcie Ssd Expansion Card (pcie Gen2 X4), Low-profile Bracket Pre-loaded, Low-profile Flat And Full-height Are Bundled *shorter Version To Support Tvs-x82\/ts-x77 Pcie Slot 2 And Slot + Env\u00edo a domicilio + Pago seguro + Garant\u00eda\" \/>\n<meta name=\"robots\" content=\"index, follow, max-snippet:-1, max-image-preview:large, max-video-preview:-1\" \/>\n<link rel=\"canonical\" href=\"https:\/\/compuviper.mx\/tienda\/producto\/qnap-qm2-2p-244a-dual-m-2-22110-2280-pcie-ssd-expansion-card-pcie-gen2-x4-low-profile-bracket-pre-loaded-low-profile-flat-and-full-height-are-bundled-shorter-version-to-support-tvs-x82-ts-x77-pci\/\" \/>\n<meta property=\"og:locale\" content=\"es_MX\" \/>\n<meta property=\"og:type\" content=\"article\" \/>\n<meta property=\"og:title\" content=\"[ Qnap ] &#129351; Qm2-2p-244a Dual M.2 22110\/2280 Pcie Ssd Expansion Card (pcie Gen2 X4), Low-profile Bracket Pre-loaded, Low-profile Flat And Full-height Are Bundled *shorter Version To Support Tvs-x82\/ts-x77 Pcie Slot 2 And Slot\" \/>\n<meta property=\"og:description\" content=\"Compra Qm2-2p-244a Dual M.2 22110\/2280 Pcie Ssd Expansion Card (pcie Gen2 X4), Low-profile Bracket Pre-loaded, Low-profile Flat And Full-height Are Bundled *shorter Version To Support Tvs-x82\/ts-x77 Pcie Slot 2 And Slot + Env\u00edo a domicilio + Pago seguro + Garant\u00eda\" \/>\n<meta property=\"og:url\" content=\"https:\/\/compuviper.mx\/tienda\/producto\/qnap-qm2-2p-244a-dual-m-2-22110-2280-pcie-ssd-expansion-card-pcie-gen2-x4-low-profile-bracket-pre-loaded-low-profile-flat-and-full-height-are-bundled-shorter-version-to-support-tvs-x82-ts-x77-pci\/\" \/>\n<meta property=\"og:site_name\" content=\"Compuviper\" \/>\n<meta property=\"article:publisher\" content=\"https:\/\/www.facebook.com\/compuviper\" \/>\n<meta property=\"article:modified_time\" content=\"2026-04-18T07:15:17+00:00\" \/>\n<meta name=\"twitter:card\" content=\"summary_large_image\" \/>\n<meta name=\"twitter:label1\" content=\"Precio\" \/>\n\t<meta name=\"twitter:data1\" content=\"&#36;2,882 con IVA\" \/>\n\t<meta name=\"twitter:label2\" content=\"Availability\" \/>\n\t<meta name=\"twitter:data2\" content=\"On backorder\" \/>\n<script type=\"application\/ld+json\" class=\"yoast-schema-graph\">{\"@context\":\"https:\/\/schema.org\",\"@graph\":[{\"@type\":\"WebPage\",\"@id\":\"https:\/\/compuviper.mx\/tienda\/producto\/qnap-qm2-2p-244a-dual-m-2-22110-2280-pcie-ssd-expansion-card-pcie-gen2-x4-low-profile-bracket-pre-loaded-low-profile-flat-and-full-height-are-bundled-shorter-version-to-support-tvs-x82-ts-x77-pci\/\",\"url\":\"https:\/\/compuviper.mx\/tienda\/producto\/qnap-qm2-2p-244a-dual-m-2-22110-2280-pcie-ssd-expansion-card-pcie-gen2-x4-low-profile-bracket-pre-loaded-low-profile-flat-and-full-height-are-bundled-shorter-version-to-support-tvs-x82-ts-x77-pci\/\",\"name\":\"[ Qnap ] &#129351; Qm2-2p-244a Dual M.2 22110\/2280 Pcie Ssd Expansion Card (pcie Gen2 X4), Low-profile Bracket Pre-loaded, Low-profile Flat And Full-height Are Bundled *shorter Version To Support Tvs-x82\/ts-x77 Pcie Slot 2 And Slot\",\"isPartOf\":{\"@id\":\"https:\/\/compuviper.mx\/tienda\/#website\"},\"datePublished\":\"2026-04-18T07:15:16+00:00\",\"dateModified\":\"2026-04-18T07:15:17+00:00\",\"description\":\"Compra Qm2-2p-244a Dual M.2 22110\/2280 Pcie Ssd Expansion Card (pcie Gen2 X4), Low-profile Bracket Pre-loaded, Low-profile Flat And Full-height Are Bundled *shorter Version To Support Tvs-x82\/ts-x77 Pcie Slot 2 And Slot + Env\u00edo a domicilio + Pago seguro + Garant\u00eda\",\"breadcrumb\":{\"@id\":\"https:\/\/compuviper.mx\/tienda\/producto\/qnap-qm2-2p-244a-dual-m-2-22110-2280-pcie-ssd-expansion-card-pcie-gen2-x4-low-profile-bracket-pre-loaded-low-profile-flat-and-full-height-are-bundled-shorter-version-to-support-tvs-x82-ts-x77-pci\/#breadcrumb\"},\"inLanguage\":\"es-MX\",\"potentialAction\":[{\"@type\":\"ReadAction\",\"target\":[\"https:\/\/compuviper.mx\/tienda\/producto\/qnap-qm2-2p-244a-dual-m-2-22110-2280-pcie-ssd-expansion-card-pcie-gen2-x4-low-profile-bracket-pre-loaded-low-profile-flat-and-full-height-are-bundled-shorter-version-to-support-tvs-x82-ts-x77-pci\/\"]}]},{\"@type\":\"BreadcrumbList\",\"@id\":\"https:\/\/compuviper.mx\/tienda\/producto\/qnap-qm2-2p-244a-dual-m-2-22110-2280-pcie-ssd-expansion-card-pcie-gen2-x4-low-profile-bracket-pre-loaded-low-profile-flat-and-full-height-are-bundled-shorter-version-to-support-tvs-x82-ts-x77-pci\/#breadcrumb\",\"itemListElement\":[{\"@type\":\"ListItem\",\"position\":1,\"name\":\"Inicio\",\"item\":\"https:\/\/compuviper.mx\/tienda\/\"},{\"@type\":\"ListItem\",\"position\":2,\"name\":\"Productos\",\"item\":\"https:\/\/compuviper.mx\/tienda\/productos\/\"},{\"@type\":\"ListItem\",\"position\":3,\"name\":\"Redes\",\"item\":\"https:\/\/compuviper.mx\/tienda\/categoria-producto\/redes\/\"},{\"@type\":\"ListItem\",\"position\":4,\"name\":\"Tarjetas De Red\",\"item\":\"https:\/\/compuviper.mx\/tienda\/categoria-producto\/redes\/tarjetas-de-red\/\"},{\"@type\":\"ListItem\",\"position\":5,\"name\":\"Qnap Qm2-2p-244a Dual M.2 22110\/2280 Pcie Ssd Expansion Card (pcie Gen2 X4), Low-profile Bracket Pre-loaded, Low-profile Flat And Full-height Are Bundled *shorter Version To Support Tvs-x82\/ts-x77 Pcie Slot 2 And Slot\"}]},{\"@type\":\"WebSite\",\"@id\":\"https:\/\/compuviper.mx\/tienda\/#website\",\"url\":\"https:\/\/compuviper.mx\/tienda\/\",\"name\":\"Compuviper\",\"description\":\"Proveedor de Computadoras, Laptops, Servidores, Monitores, Puntos de Venta, Teclados,   Impresoras, T\u00f3ner, C\u00e1maras de Seguridad y m\u00e1s en tu tienda en l\u00ednea\",\"publisher\":{\"@id\":\"https:\/\/compuviper.mx\/tienda\/#organization\"},\"potentialAction\":[{\"@type\":\"SearchAction\",\"target\":{\"@type\":\"EntryPoint\",\"urlTemplate\":\"https:\/\/compuviper.mx\/tienda\/?s={search_term_string}\"},\"query-input\":\"required name=search_term_string\"}],\"inLanguage\":\"es-MX\"},{\"@type\":\"Organization\",\"@id\":\"https:\/\/compuviper.mx\/tienda\/#organization\",\"name\":\"Compuviper\",\"url\":\"https:\/\/compuviper.mx\/tienda\/\",\"logo\":{\"@type\":\"ImageObject\",\"inLanguage\":\"es-MX\",\"@id\":\"https:\/\/compuviper.mx\/tienda\/#\/schema\/logo\/image\/\",\"url\":\"https:\/\/compuviper.mx\/tienda\/wp-content\/uploads\/2021\/08\/Logo-Compuviper-10.png\",\"contentUrl\":\"https:\/\/compuviper.mx\/tienda\/wp-content\/uploads\/2021\/08\/Logo-Compuviper-10.png\",\"width\":1000,\"height\":500,\"caption\":\"Compuviper\"},\"image\":{\"@id\":\"https:\/\/compuviper.mx\/tienda\/#\/schema\/logo\/image\/\"},\"sameAs\":[\"https:\/\/www.facebook.com\/compuviper\",\"https:\/\/www.youtube.com\/channel\/UCf73dERp9Y3cfOq7q8BhLjA?view_as=subscriber\"]}]}<\/script>\n<meta property=\"product:brand\" content=\"Qnap\" \/>\n<meta property=\"product:price:amount\" content=\"2882\" \/>\n<meta property=\"product:price:currency\" content=\"MXN\" \/>\n<meta property=\"og:availability\" content=\"backorder\" \/>\n<meta property=\"product:availability\" content=\"available for order\" \/>\n<meta property=\"product:retailer_item_id\" content=\"QM2-2P-244A\" \/>\n<meta property=\"product:condition\" content=\"new\" \/>\n<!-- \/ Yoast SEO plugin. -->","yoast_head_json":{"title":"[ Qnap ] &#129351; Qm2-2p-244a Dual M.2 22110\/2280 Pcie Ssd Expansion Card (pcie Gen2 X4), Low-profile Bracket Pre-loaded, Low-profile Flat And Full-height Are Bundled *shorter Version To Support Tvs-x82\/ts-x77 Pcie Slot 2 And Slot","description":"Compra Qm2-2p-244a Dual M.2 22110\/2280 Pcie Ssd Expansion Card (pcie Gen2 X4), Low-profile Bracket Pre-loaded, Low-profile Flat And Full-height Are Bundled *shorter Version To Support Tvs-x82\/ts-x77 Pcie Slot 2 And Slot + Env\u00edo a domicilio + Pago seguro + Garant\u00eda","robots":{"index":"index","follow":"follow","max-snippet":"max-snippet:-1","max-image-preview":"max-image-preview:large","max-video-preview":"max-video-preview:-1"},"canonical":"https:\/\/compuviper.mx\/tienda\/producto\/qnap-qm2-2p-244a-dual-m-2-22110-2280-pcie-ssd-expansion-card-pcie-gen2-x4-low-profile-bracket-pre-loaded-low-profile-flat-and-full-height-are-bundled-shorter-version-to-support-tvs-x82-ts-x77-pci\/","og_locale":"es_MX","og_type":"article","og_title":"[ Qnap ] &#129351; Qm2-2p-244a Dual M.2 22110\/2280 Pcie Ssd Expansion Card (pcie Gen2 X4), Low-profile Bracket Pre-loaded, Low-profile Flat And Full-height Are Bundled *shorter Version To Support Tvs-x82\/ts-x77 Pcie Slot 2 And Slot","og_description":"Compra Qm2-2p-244a Dual M.2 22110\/2280 Pcie Ssd Expansion Card (pcie Gen2 X4), Low-profile Bracket Pre-loaded, Low-profile Flat And Full-height Are Bundled *shorter Version To Support Tvs-x82\/ts-x77 Pcie Slot 2 And Slot + Env\u00edo a domicilio + Pago seguro + Garant\u00eda","og_url":"https:\/\/compuviper.mx\/tienda\/producto\/qnap-qm2-2p-244a-dual-m-2-22110-2280-pcie-ssd-expansion-card-pcie-gen2-x4-low-profile-bracket-pre-loaded-low-profile-flat-and-full-height-are-bundled-shorter-version-to-support-tvs-x82-ts-x77-pci\/","og_site_name":"Compuviper","article_publisher":"https:\/\/www.facebook.com\/compuviper","article_modified_time":"2026-04-18T07:15:17+00:00","twitter_card":"summary_large_image","twitter_misc":{"Precio":"&#36;2,882 con IVA","Availability":"On backorder"},"schema":{"@context":"https:\/\/schema.org","@graph":[{"@type":"WebPage","@id":"https:\/\/compuviper.mx\/tienda\/producto\/qnap-qm2-2p-244a-dual-m-2-22110-2280-pcie-ssd-expansion-card-pcie-gen2-x4-low-profile-bracket-pre-loaded-low-profile-flat-and-full-height-are-bundled-shorter-version-to-support-tvs-x82-ts-x77-pci\/","url":"https:\/\/compuviper.mx\/tienda\/producto\/qnap-qm2-2p-244a-dual-m-2-22110-2280-pcie-ssd-expansion-card-pcie-gen2-x4-low-profile-bracket-pre-loaded-low-profile-flat-and-full-height-are-bundled-shorter-version-to-support-tvs-x82-ts-x77-pci\/","name":"[ Qnap ] &#129351; Qm2-2p-244a Dual M.2 22110\/2280 Pcie Ssd Expansion Card (pcie Gen2 X4), Low-profile Bracket Pre-loaded, Low-profile Flat And Full-height Are Bundled *shorter Version To Support Tvs-x82\/ts-x77 Pcie Slot 2 And Slot","isPartOf":{"@id":"https:\/\/compuviper.mx\/tienda\/#website"},"datePublished":"2026-04-18T07:15:16+00:00","dateModified":"2026-04-18T07:15:17+00:00","description":"Compra Qm2-2p-244a Dual M.2 22110\/2280 Pcie Ssd Expansion Card (pcie Gen2 X4), Low-profile Bracket Pre-loaded, Low-profile Flat And Full-height Are Bundled *shorter Version To Support Tvs-x82\/ts-x77 Pcie Slot 2 And Slot + Env\u00edo a domicilio + Pago seguro + Garant\u00eda","breadcrumb":{"@id":"https:\/\/compuviper.mx\/tienda\/producto\/qnap-qm2-2p-244a-dual-m-2-22110-2280-pcie-ssd-expansion-card-pcie-gen2-x4-low-profile-bracket-pre-loaded-low-profile-flat-and-full-height-are-bundled-shorter-version-to-support-tvs-x82-ts-x77-pci\/#breadcrumb"},"inLanguage":"es-MX","potentialAction":[{"@type":"ReadAction","target":["https:\/\/compuviper.mx\/tienda\/producto\/qnap-qm2-2p-244a-dual-m-2-22110-2280-pcie-ssd-expansion-card-pcie-gen2-x4-low-profile-bracket-pre-loaded-low-profile-flat-and-full-height-are-bundled-shorter-version-to-support-tvs-x82-ts-x77-pci\/"]}]},{"@type":"BreadcrumbList","@id":"https:\/\/compuviper.mx\/tienda\/producto\/qnap-qm2-2p-244a-dual-m-2-22110-2280-pcie-ssd-expansion-card-pcie-gen2-x4-low-profile-bracket-pre-loaded-low-profile-flat-and-full-height-are-bundled-shorter-version-to-support-tvs-x82-ts-x77-pci\/#breadcrumb","itemListElement":[{"@type":"ListItem","position":1,"name":"Inicio","item":"https:\/\/compuviper.mx\/tienda\/"},{"@type":"ListItem","position":2,"name":"Productos","item":"https:\/\/compuviper.mx\/tienda\/productos\/"},{"@type":"ListItem","position":3,"name":"Redes","item":"https:\/\/compuviper.mx\/tienda\/categoria-producto\/redes\/"},{"@type":"ListItem","position":4,"name":"Tarjetas De Red","item":"https:\/\/compuviper.mx\/tienda\/categoria-producto\/redes\/tarjetas-de-red\/"},{"@type":"ListItem","position":5,"name":"Qnap Qm2-2p-244a Dual M.2 22110\/2280 Pcie Ssd Expansion Card (pcie Gen2 X4), Low-profile Bracket Pre-loaded, Low-profile Flat And Full-height Are Bundled *shorter Version To Support Tvs-x82\/ts-x77 Pcie Slot 2 And Slot"}]},{"@type":"WebSite","@id":"https:\/\/compuviper.mx\/tienda\/#website","url":"https:\/\/compuviper.mx\/tienda\/","name":"Compuviper","description":"Proveedor de Computadoras, Laptops, Servidores, Monitores, Puntos de Venta, Teclados,   Impresoras, T\u00f3ner, C\u00e1maras de Seguridad y m\u00e1s en tu tienda en l\u00ednea","publisher":{"@id":"https:\/\/compuviper.mx\/tienda\/#organization"},"potentialAction":[{"@type":"SearchAction","target":{"@type":"EntryPoint","urlTemplate":"https:\/\/compuviper.mx\/tienda\/?s={search_term_string}"},"query-input":"required name=search_term_string"}],"inLanguage":"es-MX"},{"@type":"Organization","@id":"https:\/\/compuviper.mx\/tienda\/#organization","name":"Compuviper","url":"https:\/\/compuviper.mx\/tienda\/","logo":{"@type":"ImageObject","inLanguage":"es-MX","@id":"https:\/\/compuviper.mx\/tienda\/#\/schema\/logo\/image\/","url":"https:\/\/compuviper.mx\/tienda\/wp-content\/uploads\/2021\/08\/Logo-Compuviper-10.png","contentUrl":"https:\/\/compuviper.mx\/tienda\/wp-content\/uploads\/2021\/08\/Logo-Compuviper-10.png","width":1000,"height":500,"caption":"Compuviper"},"image":{"@id":"https:\/\/compuviper.mx\/tienda\/#\/schema\/logo\/image\/"},"sameAs":["https:\/\/www.facebook.com\/compuviper","https:\/\/www.youtube.com\/channel\/UCf73dERp9Y3cfOq7q8BhLjA?view_as=subscriber"]}]},"product_brand":"Qnap","product_price_amount":"2882","product_price_currency":"MXN","og_availability":"backorder","product_availability":"available for order","product_retailer_item_id":"QM2-2P-244A","product_condition":"new"},"_links":{"self":[{"href":"https:\/\/compuviper.mx\/tienda\/wp-json\/wp\/v2\/product\/261224"}],"collection":[{"href":"https:\/\/compuviper.mx\/tienda\/wp-json\/wp\/v2\/product"}],"about":[{"href":"https:\/\/compuviper.mx\/tienda\/wp-json\/wp\/v2\/types\/product"}],"replies":[{"embeddable":true,"href":"https:\/\/compuviper.mx\/tienda\/wp-json\/wp\/v2\/comments?post=261224"}],"wp:attachment":[{"href":"https:\/\/compuviper.mx\/tienda\/wp-json\/wp\/v2\/media?parent=261224"}],"wp:term":[{"taxonomy":"product_cat","embeddable":true,"href":"https:\/\/compuviper.mx\/tienda\/wp-json\/wp\/v2\/product_cat?post=261224"},{"taxonomy":"product_tag","embeddable":true,"href":"https:\/\/compuviper.mx\/tienda\/wp-json\/wp\/v2\/product_tag?post=261224"}],"curies":[{"name":"wp","href":"https:\/\/api.w.org\/{rel}","templated":true}]}}