{"id":261211,"date":"2026-04-15T00:26:08","date_gmt":"2026-04-15T06:26:08","guid":{"rendered":"https:\/\/compuviper.mx\/tienda\/producto\/dahua-dh-xvr5104hs-4kl-i3-dvr-xvr5104hs-4kl-i3-4k-de-4-canales-y-4-ip-o-hasta-8-ip-equipado-con-wizsense-codificacion-h-265-un-canal-para-reconocimiento-facial-proteccion-perimetral-y-sdm-plus\/"},"modified":"2026-04-15T00:26:09","modified_gmt":"2026-04-15T06:26:09","slug":"dahua-dh-xvr5104hs-4kl-i3-dvr-xvr5104hs-4kl-i3-4k-de-4-canales-y-4-ip-o-hasta-8-ip-equipado-con-wizsense-codificacion-h-265-un-canal-para-reconocimiento-facial-proteccion-perimetral-y-sdm-plus","status":"publish","type":"product","link":"https:\/\/compuviper.mx\/tienda\/producto\/dahua-dh-xvr5104hs-4kl-i3-dvr-xvr5104hs-4kl-i3-4k-de-4-canales-y-4-ip-o-hasta-8-ip-equipado-con-wizsense-codificacion-h-265-un-canal-para-reconocimiento-facial-proteccion-perimetral-y-sdm-plus\/","title":{"rendered":"Dahua Dh-xvr5104hs-4kl-i3 Dvr\/ \/ Xvr5104hs-4kl-i3\/4k De 4 Canales Y 4 Ip O Hasta 8 Ip. Equipado Con Wizsense, Codificacion H.265+, Un Canal Para Reconocimiento Facial, Proteccion Perimetral Y Sdm Plus. Bahia Sata Para Hd"},"content":{"rendered":"<table class=\"descripcion\">\n<tr>\n<td>Principales caracteristicas<\/td>\n<\/tr>\n<tr>\n<td>\u0095 compresion de video de flujo dual h.265+\/h.265<\/td>\n<\/tr>\n<tr>\n<td>\u0095 admite codificacion ai de canal completo<\/td>\n<\/tr>\n<tr>\n<td>\u0095 admite entradas de video hdcvi\/ahd\/tvi\/cvbs\/ip<\/td>\n<\/tr>\n<tr>\n<td>\u0095 entradas maximas de camara ip de 8 canales, cada canal hasta 8mp; ancho de banda entrante maximo de 64 mbps<\/td>\n<\/tr>\n<tr>\n<td>\u0095 transmision de video de hasta 1 canal (canal analogico) proteccion perimetral<\/td>\n<\/tr>\n<tr>\n<td>\u0095 transmision de video de hasta 4 canales (canal analogico) smd plus<\/td>\n<\/tr>\n<tr>\n<td>\u0095 transmision de video de hasta 1 canal (canal analogico) reconocimiento de rostro humano<\/td>\n<\/tr>\n<tr>\n<td>\u0095 funcionalidades iot y pos<\/td>\n<\/tr>\n<\/table>\n","protected":false},"excerpt":{"rendered":"<p>Informacion general. La nueva serie de grabadores, xvr5104hs-4kl-i3 con smd plus de canal completo para beneficiar a los clientes con la actualizacion de ia. La serie esta disenada para reducir las tasas de falsas alarmas y los costos de vigilancia humana, lo que brinda un gran valor a los clientes que buscan productos con alarmas precisas para humanos\/vehiculos para elevar el nivel de seguridad de varias instalaciones interiores y exteriores. Proteccion perimetral. Filtrado automatico de falsas alarmas causadas por animales, hojas susurrantes, luces brillantes, etc. Permite que el sistema actue como reconocimiento secundario de los objetivos. Mejora de la precision de las alarmas. Reconocimiento facial. Reconocimiento facial en tiempo real de transmision de video. Funciones de analisis de atributos faciales que incluyen genero, edad, expresion, anteojos, bigote, mascara bucal. Identificar personas y tambien capturar, grabar rostros con metadatos. Filtrado de caracteristicas faciales mientras se muestra en tiempo real, solo muestra caras con caracteristicas objetivo. * el reconocimiento facial esta en conflicto con smd plus y proteccion perimetral. Smd plus. Smd plus, conocido como smart motion detection plus, que es una version mejorada de smd que mejora en gran medida la precision de la alarma al cargar un algoritmo de aprendizaje profundo. Analiza las formas de personas y vehiculos en funcion de la deteccion de movimiento y envia alarmas solo cuando la persona y el vehiculo se entrometen. Tabla de compatibilidad hdd. El almacenamiento es parte fundamental de un sistema de videovigilancia por tal motivo te recomendamos revisar nuestra lista de compatibilidad antes de seleccionar un disco duro (hdd).<\/p>\n","protected":false},"featured_media":0,"comment_status":"open","ping_status":"open","template":"","meta":[],"product_cat":[1690,1689],"product_tag":[1555],"acf":[],"yoast_head":"<!-- This site is optimized with the Yoast SEO plugin v21.7 - https:\/\/yoast.com\/wordpress\/plugins\/seo\/ -->\n<title>[ Dahua ] &#129351; Dh-xvr5104hs-4kl-i3 Dvr\/ \/ Xvr5104hs-4kl-i3\/4k De 4 Canales Y 4 Ip O Hasta 8 Ip. Equipado Con Wizsense, Codificacion H.265+, Un Canal Para Reconocimiento Facial, Proteccion Perimetral Y Sdm Plus. Bahia Sata Para Hd<\/title>\n<meta name=\"description\" content=\"Compra Dh-xvr5104hs-4kl-i3 Dvr\/ \/ Xvr5104hs-4kl-i3\/4k De 4 Canales Y 4 Ip O Hasta 8 Ip. Equipado Con Wizsense, Codificacion H.265+, Un Canal Para Reconocimiento Facial, Proteccion Perimetral Y Sdm Plus. Bahia Sata Para Hd + Env\u00edo a domicilio + Pago seguro + Garant\u00eda\" \/>\n<meta name=\"robots\" content=\"index, follow, max-snippet:-1, max-image-preview:large, max-video-preview:-1\" \/>\n<link rel=\"canonical\" href=\"https:\/\/compuviper.mx\/tienda\/producto\/dahua-dh-xvr5104hs-4kl-i3-dvr-xvr5104hs-4kl-i3-4k-de-4-canales-y-4-ip-o-hasta-8-ip-equipado-con-wizsense-codificacion-h-265-un-canal-para-reconocimiento-facial-proteccion-perimetral-y-sdm-plus\/\" \/>\n<meta property=\"og:locale\" content=\"es_MX\" \/>\n<meta property=\"og:type\" content=\"article\" \/>\n<meta property=\"og:title\" content=\"[ Dahua ] &#129351; Dh-xvr5104hs-4kl-i3 Dvr\/ \/ Xvr5104hs-4kl-i3\/4k De 4 Canales Y 4 Ip O Hasta 8 Ip. Equipado Con Wizsense, Codificacion H.265+, Un Canal Para Reconocimiento Facial, Proteccion Perimetral Y Sdm Plus. Bahia Sata Para Hd\" \/>\n<meta property=\"og:description\" content=\"Compra Dh-xvr5104hs-4kl-i3 Dvr\/ \/ Xvr5104hs-4kl-i3\/4k De 4 Canales Y 4 Ip O Hasta 8 Ip. Equipado Con Wizsense, Codificacion H.265+, Un Canal Para Reconocimiento Facial, Proteccion Perimetral Y Sdm Plus. Bahia Sata Para Hd + Env\u00edo a domicilio + Pago seguro + Garant\u00eda\" \/>\n<meta property=\"og:url\" content=\"https:\/\/compuviper.mx\/tienda\/producto\/dahua-dh-xvr5104hs-4kl-i3-dvr-xvr5104hs-4kl-i3-4k-de-4-canales-y-4-ip-o-hasta-8-ip-equipado-con-wizsense-codificacion-h-265-un-canal-para-reconocimiento-facial-proteccion-perimetral-y-sdm-plus\/\" \/>\n<meta property=\"og:site_name\" content=\"Compuviper\" \/>\n<meta property=\"article:publisher\" content=\"https:\/\/www.facebook.com\/compuviper\" \/>\n<meta property=\"article:modified_time\" content=\"2026-04-15T06:26:09+00:00\" \/>\n<meta name=\"twitter:card\" content=\"summary_large_image\" \/>\n<meta name=\"twitter:label1\" content=\"Precio\" \/>\n\t<meta name=\"twitter:data1\" content=\"&#36;1,528 con IVA\" \/>\n\t<meta name=\"twitter:label2\" content=\"Availability\" \/>\n\t<meta name=\"twitter:data2\" content=\"Out of stock\" \/>\n<script type=\"application\/ld+json\" class=\"yoast-schema-graph\">{\"@context\":\"https:\/\/schema.org\",\"@graph\":[{\"@type\":\"WebPage\",\"@id\":\"https:\/\/compuviper.mx\/tienda\/producto\/dahua-dh-xvr5104hs-4kl-i3-dvr-xvr5104hs-4kl-i3-4k-de-4-canales-y-4-ip-o-hasta-8-ip-equipado-con-wizsense-codificacion-h-265-un-canal-para-reconocimiento-facial-proteccion-perimetral-y-sdm-plus\/\",\"url\":\"https:\/\/compuviper.mx\/tienda\/producto\/dahua-dh-xvr5104hs-4kl-i3-dvr-xvr5104hs-4kl-i3-4k-de-4-canales-y-4-ip-o-hasta-8-ip-equipado-con-wizsense-codificacion-h-265-un-canal-para-reconocimiento-facial-proteccion-perimetral-y-sdm-plus\/\",\"name\":\"[ Dahua ] &#129351; Dh-xvr5104hs-4kl-i3 Dvr\/ \/ Xvr5104hs-4kl-i3\/4k De 4 Canales Y 4 Ip O Hasta 8 Ip. Equipado Con Wizsense, Codificacion H.265+, Un Canal Para Reconocimiento Facial, Proteccion Perimetral Y Sdm Plus. Bahia Sata Para Hd\",\"isPartOf\":{\"@id\":\"https:\/\/compuviper.mx\/tienda\/#website\"},\"datePublished\":\"2026-04-15T06:26:08+00:00\",\"dateModified\":\"2026-04-15T06:26:09+00:00\",\"description\":\"Compra Dh-xvr5104hs-4kl-i3 Dvr\/ \/ Xvr5104hs-4kl-i3\/4k De 4 Canales Y 4 Ip O Hasta 8 Ip. Equipado Con Wizsense, Codificacion H.265+, Un Canal Para Reconocimiento Facial, Proteccion Perimetral Y Sdm Plus. Bahia Sata Para Hd + Env\u00edo a domicilio + Pago seguro + Garant\u00eda\",\"breadcrumb\":{\"@id\":\"https:\/\/compuviper.mx\/tienda\/producto\/dahua-dh-xvr5104hs-4kl-i3-dvr-xvr5104hs-4kl-i3-4k-de-4-canales-y-4-ip-o-hasta-8-ip-equipado-con-wizsense-codificacion-h-265-un-canal-para-reconocimiento-facial-proteccion-perimetral-y-sdm-plus\/#breadcrumb\"},\"inLanguage\":\"es-MX\",\"potentialAction\":[{\"@type\":\"ReadAction\",\"target\":[\"https:\/\/compuviper.mx\/tienda\/producto\/dahua-dh-xvr5104hs-4kl-i3-dvr-xvr5104hs-4kl-i3-4k-de-4-canales-y-4-ip-o-hasta-8-ip-equipado-con-wizsense-codificacion-h-265-un-canal-para-reconocimiento-facial-proteccion-perimetral-y-sdm-plus\/\"]}]},{\"@type\":\"BreadcrumbList\",\"@id\":\"https:\/\/compuviper.mx\/tienda\/producto\/dahua-dh-xvr5104hs-4kl-i3-dvr-xvr5104hs-4kl-i3-4k-de-4-canales-y-4-ip-o-hasta-8-ip-equipado-con-wizsense-codificacion-h-265-un-canal-para-reconocimiento-facial-proteccion-perimetral-y-sdm-plus\/#breadcrumb\",\"itemListElement\":[{\"@type\":\"ListItem\",\"position\":1,\"name\":\"Inicio\",\"item\":\"https:\/\/compuviper.mx\/tienda\/\"},{\"@type\":\"ListItem\",\"position\":2,\"name\":\"Productos\",\"item\":\"https:\/\/compuviper.mx\/tienda\/productos\/\"},{\"@type\":\"ListItem\",\"position\":3,\"name\":\"Videograbadores\",\"item\":\"https:\/\/compuviper.mx\/tienda\/categoria-producto\/videograbadores\/\"},{\"@type\":\"ListItem\",\"position\":4,\"name\":\"Dvr\",\"item\":\"https:\/\/compuviper.mx\/tienda\/categoria-producto\/videograbadores\/dvr\/\"},{\"@type\":\"ListItem\",\"position\":5,\"name\":\"Dahua Dh-xvr5104hs-4kl-i3 Dvr\/ \/ Xvr5104hs-4kl-i3\/4k De 4 Canales Y 4 Ip O Hasta 8 Ip. Equipado Con Wizsense, Codificacion H.265+, Un Canal Para Reconocimiento Facial, Proteccion Perimetral Y Sdm Plus. Bahia Sata Para Hd\"}]},{\"@type\":\"WebSite\",\"@id\":\"https:\/\/compuviper.mx\/tienda\/#website\",\"url\":\"https:\/\/compuviper.mx\/tienda\/\",\"name\":\"Compuviper\",\"description\":\"Proveedor de Computadoras, Laptops, Servidores, Monitores, Puntos de Venta, Teclados,   Impresoras, T\u00f3ner, C\u00e1maras de Seguridad y m\u00e1s en tu tienda en l\u00ednea\",\"publisher\":{\"@id\":\"https:\/\/compuviper.mx\/tienda\/#organization\"},\"potentialAction\":[{\"@type\":\"SearchAction\",\"target\":{\"@type\":\"EntryPoint\",\"urlTemplate\":\"https:\/\/compuviper.mx\/tienda\/?s={search_term_string}\"},\"query-input\":\"required name=search_term_string\"}],\"inLanguage\":\"es-MX\"},{\"@type\":\"Organization\",\"@id\":\"https:\/\/compuviper.mx\/tienda\/#organization\",\"name\":\"Compuviper\",\"url\":\"https:\/\/compuviper.mx\/tienda\/\",\"logo\":{\"@type\":\"ImageObject\",\"inLanguage\":\"es-MX\",\"@id\":\"https:\/\/compuviper.mx\/tienda\/#\/schema\/logo\/image\/\",\"url\":\"https:\/\/compuviper.mx\/tienda\/wp-content\/uploads\/2021\/08\/Logo-Compuviper-10.png\",\"contentUrl\":\"https:\/\/compuviper.mx\/tienda\/wp-content\/uploads\/2021\/08\/Logo-Compuviper-10.png\",\"width\":1000,\"height\":500,\"caption\":\"Compuviper\"},\"image\":{\"@id\":\"https:\/\/compuviper.mx\/tienda\/#\/schema\/logo\/image\/\"},\"sameAs\":[\"https:\/\/www.facebook.com\/compuviper\",\"https:\/\/www.youtube.com\/channel\/UCf73dERp9Y3cfOq7q8BhLjA?view_as=subscriber\"]}]}<\/script>\n<meta property=\"product:brand\" content=\"DAHUA\" \/>\n<meta property=\"product:price:amount\" content=\"1528\" \/>\n<meta property=\"product:price:currency\" content=\"MXN\" \/>\n<meta property=\"og:availability\" content=\"out of stock\" \/>\n<meta property=\"product:availability\" content=\"out of stock\" \/>\n<meta property=\"product:retailer_item_id\" content=\"DH-XVR5104HS-4KL-I3\" \/>\n<meta property=\"product:condition\" content=\"new\" \/>\n<!-- \/ Yoast SEO plugin. -->","yoast_head_json":{"title":"[ Dahua ] &#129351; Dh-xvr5104hs-4kl-i3 Dvr\/ \/ Xvr5104hs-4kl-i3\/4k De 4 Canales Y 4 Ip O Hasta 8 Ip. Equipado Con Wizsense, Codificacion H.265+, Un Canal Para Reconocimiento Facial, Proteccion Perimetral Y Sdm Plus. Bahia Sata Para Hd","description":"Compra Dh-xvr5104hs-4kl-i3 Dvr\/ \/ Xvr5104hs-4kl-i3\/4k De 4 Canales Y 4 Ip O Hasta 8 Ip. Equipado Con Wizsense, Codificacion H.265+, Un Canal Para Reconocimiento Facial, Proteccion Perimetral Y Sdm Plus. Bahia Sata Para Hd + Env\u00edo a domicilio + Pago seguro + Garant\u00eda","robots":{"index":"index","follow":"follow","max-snippet":"max-snippet:-1","max-image-preview":"max-image-preview:large","max-video-preview":"max-video-preview:-1"},"canonical":"https:\/\/compuviper.mx\/tienda\/producto\/dahua-dh-xvr5104hs-4kl-i3-dvr-xvr5104hs-4kl-i3-4k-de-4-canales-y-4-ip-o-hasta-8-ip-equipado-con-wizsense-codificacion-h-265-un-canal-para-reconocimiento-facial-proteccion-perimetral-y-sdm-plus\/","og_locale":"es_MX","og_type":"article","og_title":"[ Dahua ] &#129351; Dh-xvr5104hs-4kl-i3 Dvr\/ \/ Xvr5104hs-4kl-i3\/4k De 4 Canales Y 4 Ip O Hasta 8 Ip. Equipado Con Wizsense, Codificacion H.265+, Un Canal Para Reconocimiento Facial, Proteccion Perimetral Y Sdm Plus. Bahia Sata Para Hd","og_description":"Compra Dh-xvr5104hs-4kl-i3 Dvr\/ \/ Xvr5104hs-4kl-i3\/4k De 4 Canales Y 4 Ip O Hasta 8 Ip. Equipado Con Wizsense, Codificacion H.265+, Un Canal Para Reconocimiento Facial, Proteccion Perimetral Y Sdm Plus. Bahia Sata Para Hd + Env\u00edo a domicilio + Pago seguro + Garant\u00eda","og_url":"https:\/\/compuviper.mx\/tienda\/producto\/dahua-dh-xvr5104hs-4kl-i3-dvr-xvr5104hs-4kl-i3-4k-de-4-canales-y-4-ip-o-hasta-8-ip-equipado-con-wizsense-codificacion-h-265-un-canal-para-reconocimiento-facial-proteccion-perimetral-y-sdm-plus\/","og_site_name":"Compuviper","article_publisher":"https:\/\/www.facebook.com\/compuviper","article_modified_time":"2026-04-15T06:26:09+00:00","twitter_card":"summary_large_image","twitter_misc":{"Precio":"&#36;1,528 con IVA","Availability":"Out of stock"},"schema":{"@context":"https:\/\/schema.org","@graph":[{"@type":"WebPage","@id":"https:\/\/compuviper.mx\/tienda\/producto\/dahua-dh-xvr5104hs-4kl-i3-dvr-xvr5104hs-4kl-i3-4k-de-4-canales-y-4-ip-o-hasta-8-ip-equipado-con-wizsense-codificacion-h-265-un-canal-para-reconocimiento-facial-proteccion-perimetral-y-sdm-plus\/","url":"https:\/\/compuviper.mx\/tienda\/producto\/dahua-dh-xvr5104hs-4kl-i3-dvr-xvr5104hs-4kl-i3-4k-de-4-canales-y-4-ip-o-hasta-8-ip-equipado-con-wizsense-codificacion-h-265-un-canal-para-reconocimiento-facial-proteccion-perimetral-y-sdm-plus\/","name":"[ Dahua ] &#129351; Dh-xvr5104hs-4kl-i3 Dvr\/ \/ Xvr5104hs-4kl-i3\/4k De 4 Canales Y 4 Ip O Hasta 8 Ip. Equipado Con Wizsense, Codificacion H.265+, Un Canal Para Reconocimiento Facial, Proteccion Perimetral Y Sdm Plus. Bahia Sata Para Hd","isPartOf":{"@id":"https:\/\/compuviper.mx\/tienda\/#website"},"datePublished":"2026-04-15T06:26:08+00:00","dateModified":"2026-04-15T06:26:09+00:00","description":"Compra Dh-xvr5104hs-4kl-i3 Dvr\/ \/ Xvr5104hs-4kl-i3\/4k De 4 Canales Y 4 Ip O Hasta 8 Ip. Equipado Con Wizsense, Codificacion H.265+, Un Canal Para Reconocimiento Facial, Proteccion Perimetral Y Sdm Plus. Bahia Sata Para Hd + Env\u00edo a domicilio + Pago seguro + Garant\u00eda","breadcrumb":{"@id":"https:\/\/compuviper.mx\/tienda\/producto\/dahua-dh-xvr5104hs-4kl-i3-dvr-xvr5104hs-4kl-i3-4k-de-4-canales-y-4-ip-o-hasta-8-ip-equipado-con-wizsense-codificacion-h-265-un-canal-para-reconocimiento-facial-proteccion-perimetral-y-sdm-plus\/#breadcrumb"},"inLanguage":"es-MX","potentialAction":[{"@type":"ReadAction","target":["https:\/\/compuviper.mx\/tienda\/producto\/dahua-dh-xvr5104hs-4kl-i3-dvr-xvr5104hs-4kl-i3-4k-de-4-canales-y-4-ip-o-hasta-8-ip-equipado-con-wizsense-codificacion-h-265-un-canal-para-reconocimiento-facial-proteccion-perimetral-y-sdm-plus\/"]}]},{"@type":"BreadcrumbList","@id":"https:\/\/compuviper.mx\/tienda\/producto\/dahua-dh-xvr5104hs-4kl-i3-dvr-xvr5104hs-4kl-i3-4k-de-4-canales-y-4-ip-o-hasta-8-ip-equipado-con-wizsense-codificacion-h-265-un-canal-para-reconocimiento-facial-proteccion-perimetral-y-sdm-plus\/#breadcrumb","itemListElement":[{"@type":"ListItem","position":1,"name":"Inicio","item":"https:\/\/compuviper.mx\/tienda\/"},{"@type":"ListItem","position":2,"name":"Productos","item":"https:\/\/compuviper.mx\/tienda\/productos\/"},{"@type":"ListItem","position":3,"name":"Videograbadores","item":"https:\/\/compuviper.mx\/tienda\/categoria-producto\/videograbadores\/"},{"@type":"ListItem","position":4,"name":"Dvr","item":"https:\/\/compuviper.mx\/tienda\/categoria-producto\/videograbadores\/dvr\/"},{"@type":"ListItem","position":5,"name":"Dahua Dh-xvr5104hs-4kl-i3 Dvr\/ \/ Xvr5104hs-4kl-i3\/4k De 4 Canales Y 4 Ip O Hasta 8 Ip. Equipado Con Wizsense, Codificacion H.265+, Un Canal Para Reconocimiento Facial, Proteccion Perimetral Y Sdm Plus. Bahia Sata Para Hd"}]},{"@type":"WebSite","@id":"https:\/\/compuviper.mx\/tienda\/#website","url":"https:\/\/compuviper.mx\/tienda\/","name":"Compuviper","description":"Proveedor de Computadoras, Laptops, Servidores, Monitores, Puntos de Venta, Teclados,   Impresoras, T\u00f3ner, C\u00e1maras de Seguridad y m\u00e1s en tu tienda en l\u00ednea","publisher":{"@id":"https:\/\/compuviper.mx\/tienda\/#organization"},"potentialAction":[{"@type":"SearchAction","target":{"@type":"EntryPoint","urlTemplate":"https:\/\/compuviper.mx\/tienda\/?s={search_term_string}"},"query-input":"required name=search_term_string"}],"inLanguage":"es-MX"},{"@type":"Organization","@id":"https:\/\/compuviper.mx\/tienda\/#organization","name":"Compuviper","url":"https:\/\/compuviper.mx\/tienda\/","logo":{"@type":"ImageObject","inLanguage":"es-MX","@id":"https:\/\/compuviper.mx\/tienda\/#\/schema\/logo\/image\/","url":"https:\/\/compuviper.mx\/tienda\/wp-content\/uploads\/2021\/08\/Logo-Compuviper-10.png","contentUrl":"https:\/\/compuviper.mx\/tienda\/wp-content\/uploads\/2021\/08\/Logo-Compuviper-10.png","width":1000,"height":500,"caption":"Compuviper"},"image":{"@id":"https:\/\/compuviper.mx\/tienda\/#\/schema\/logo\/image\/"},"sameAs":["https:\/\/www.facebook.com\/compuviper","https:\/\/www.youtube.com\/channel\/UCf73dERp9Y3cfOq7q8BhLjA?view_as=subscriber"]}]},"product_brand":"DAHUA","product_price_amount":"1528","product_price_currency":"MXN","og_availability":"out of stock","product_availability":"out of stock","product_retailer_item_id":"DH-XVR5104HS-4KL-I3","product_condition":"new"},"_links":{"self":[{"href":"https:\/\/compuviper.mx\/tienda\/wp-json\/wp\/v2\/product\/261211"}],"collection":[{"href":"https:\/\/compuviper.mx\/tienda\/wp-json\/wp\/v2\/product"}],"about":[{"href":"https:\/\/compuviper.mx\/tienda\/wp-json\/wp\/v2\/types\/product"}],"replies":[{"embeddable":true,"href":"https:\/\/compuviper.mx\/tienda\/wp-json\/wp\/v2\/comments?post=261211"}],"wp:attachment":[{"href":"https:\/\/compuviper.mx\/tienda\/wp-json\/wp\/v2\/media?parent=261211"}],"wp:term":[{"taxonomy":"product_cat","embeddable":true,"href":"https:\/\/compuviper.mx\/tienda\/wp-json\/wp\/v2\/product_cat?post=261211"},{"taxonomy":"product_tag","embeddable":true,"href":"https:\/\/compuviper.mx\/tienda\/wp-json\/wp\/v2\/product_tag?post=261211"}],"curies":[{"name":"wp","href":"https:\/\/api.w.org\/{rel}","templated":true}]}}