{"id":261204,"date":"2026-04-28T01:56:58","date_gmt":"2026-04-28T07:56:58","guid":{"rendered":"https:\/\/compuviper.mx\/tienda\/producto\/fujitsu-cg01000-310326-escaner-ricoh-scansnap-ix2500-45-ppm-90-ipmadf-600-dpi-adf-cis-a3-b4-279-x432-mm-100-hojas-hojas-a4-80-g-m2wifi-bluetooth\/"},"modified":"2026-04-28T01:56:58","modified_gmt":"2026-04-28T07:56:58","slug":"ricoh-pa03860-b105-escaner-ix2500-45-ppm-90-ipm-capacidad-del-adf-100-hojas-600-dpi-ciclo-recomedado-7000-hojas-adf-usb-wifi-cis","status":"publish","type":"product","link":"https:\/\/compuviper.mx\/tienda\/producto\/ricoh-pa03860-b105-escaner-ix2500-45-ppm-90-ipm-capacidad-del-adf-100-hojas-600-dpi-ciclo-recomedado-7000-hojas-adf-usb-wifi-cis\/","title":{"rendered":"Ricoh Pa03860-b105 Escaner  Ix2500, 45 Ppm\/ 90 Ipm, Capacidad Del Adf 100 Hojas, 600 Dpi, Ciclo Recomedado 7,000 Hojas, Adf, Usb, Wifi, Cis"},"content":{"rendered":"<table class=\"descripcion\">\n<tr>\n<td>Informacion tecnica<\/td>\n<\/tr>\n<tr>\n<td>Tipo de escaner<\/td>\n<\/tr>\n<tr>\n<td>\u0095alimentador automatico de documentos adf<\/td>\n<\/tr>\n<tr>\n<td>Sensores de imagen<\/td>\n<\/tr>\n<tr>\n<td>\u0095sensores de contacto dual cis x2 frontal x 1, trasero x1<\/td>\n<\/tr>\n<tr>\n<td>Fuente de luz<\/td>\n<\/tr>\n<tr>\n<td>\u0095led de 3 colores rojo \/ verde \/azul<\/td>\n<\/tr>\n<tr>\n<td>Resolusion optica<\/td>\n<\/tr>\n<tr>\n<td>\u0095600 dpi<\/td>\n<\/tr>\n<tr>\n<td>Velocidad de escaneo a4 vertical, color \/b and n<\/td>\n<\/tr>\n<tr>\n<td>\u009545 ppm \/ 90 ipm simplex duplex<\/td>\n<\/tr>\n<tr>\n<td>Tamanos de papel estandar<\/td>\n<\/tr>\n<tr>\n<td>\u0095a4,a5,a6,b6,b4,a3 plegado,tarjeta de visita,postal,letter,legal,doble letter plegado<\/td>\n<\/tr>\n<tr>\n<td>Tamano s de papel personalizados<\/td>\n<\/tr>\n<tr>\n<td>\u0095minimo: 50,8 x50x8 mm 2&#215;2 pulgadas, maximo: 216 x360 mm 8,5 x14,17 pulgadas<\/td>\n<\/tr>\n<tr>\n<td>Tamanos de papel para alimentador manual<\/td>\n<\/tr>\n<tr>\n<td>\u0095a3,b4,279 x 432 mm 11 x 17 pulgadas<\/td>\n<\/tr>\n<tr>\n<td>Grosor del papel<\/td>\n<\/tr>\n<tr>\n<td>\u009540-209  g\/m2 11-56 ib., tamano a8 o menor 128-209  g\/m2<\/td>\n<\/tr>\n<tr>\n<td>Escaneo de tarjetas<\/td>\n<\/tr>\n<tr>\n<td>\u0095tarjeta no grabadas: 0,76 mm, tarjeta grabada: 0,76 mm  0,48 mm orientacion horizontal, conforme a iso 7810 id-1<\/td>\n<\/tr>\n<tr>\n<td>Capacidad del alimentador<\/td>\n<\/tr>\n<tr>\n<td>\u0095100 hojas a4,  80 g\/m2, varia segn el grosor del papel<\/td>\n<\/tr>\n<tr>\n<td>Deteccion de alimentacion multiple<\/td>\n<\/tr>\n<tr>\n<td>\u0095deteccion de solapamiento sensor ultrasonico, deteccion de logitud<\/td>\n<\/tr>\n<tr>\n<td>Funciones de procesamiento de imagen<\/td>\n<\/tr>\n<tr>\n<td>\u0095autom\u00e1tico: deteccin del tipo de documento, deteccin de tamano, deteccin de color, recorte, correccin de inclinacin, rotacin, deteccin \/ eliminacin de p\u00e1ginas en blanco, brillo solo byn, correccin de inclinacin por texto del documento, extraccin del ttulo del documento, compresin jpeg.<\/td>\n<\/tr>\n<tr>\n<td>Mejoras de imagen: suavizado de imagen, nfasis de imagen, difusin de errores, reduccin de traspaso de tinta, srgb, aumento del contraste del texto, reduccin de rayas verticales.<\/td>\n<\/tr>\n<tr>\n<td>Funciones de procesamiento de imagen<\/td>\n<\/tr>\n<tr>\n<td>\u0095mejora autom\u00e1tica, correccin de desvanecimiento, reduccin de ojos rojos, rotacin de imagen fotogr\u00e1fica<\/td>\n<\/tr>\n<tr>\n<td>Formato dearchivo de salida<\/td>\n<\/tr>\n<tr>\n<td>\u0095tipos de archivos de salida: jpeg, pdf, pdf con bsqueda, pdf protegido con contrasena, pdf\/a solo windows<\/td>\n<\/tr>\n<tr>\n<td>Pantalla lcd<\/td>\n<\/tr>\n<tr>\n<td>\u0095pantalla t\u00e1ctil ips a color de 5 pulgadas<\/td>\n<\/tr>\n<tr>\n<td>Interfaz usb<\/td>\n<\/tr>\n<tr>\n<td>\u0095usb 3.2 gen 1  1 \/ usb 3.1 \/ usb 3.0 \/ usb 2.0 \/ usb 1.1 tipo-c<\/td>\n<\/tr>\n<tr>\n<td>Interfaz wi-fi<\/td>\n<\/tr>\n<tr>\n<td>\u0095wi-fi 6: ieee 802.11 a\/b\/g\/n\/ac\/ax, bandas de frecuencia: 2,4 ghz \/ 5 ghz, modos wi-fi: modo punto de acceso infraestructura, modo conexin directa ad-hoc<\/td>\n<\/tr>\n<tr>\n<td>Seguridad y cifrado wi-fi<\/td>\n<\/tr>\n<tr>\n<td>\u0095seguridad personal de wi-fi: wpa\/wpa2-psk, wpa3-personal<\/td>\n<\/tr>\n<tr>\n<td>Seguridad empresarial de wi-fi: wpa\/wpa2\/wpa3-eap<\/td>\n<\/tr>\n<tr>\n<td>Mtodos de cifrado de wi-fi: wpa-psk tkip \/ aes, wpa2-psk aes<\/td>\n<\/tr>\n<tr>\n<td>Est\u00e1ndar de cifrado: tls 1.3<\/td>\n<\/tr>\n<tr>\n<td>Wi-fi protected setup wps<\/td>\n<\/tr>\n<tr>\n<td>\u0095wps 2.0 estandar de wi-fi alliance<\/td>\n<\/tr>\n<tr>\n<td>Bluetooth<\/td>\n<\/tr>\n<tr>\n<td>\u0095bluetooth 5.2, configuracin sencilla mediante dispositivo mvil<\/td>\n<\/tr>\n<tr>\n<td>Peso del dispositivo<\/td>\n<\/tr>\n<tr>\n<td>\u00953.5 kg 7,b ib.<\/td>\n<\/tr>\n<tr>\n<td>Dimensiones del dispositivo an x pr ai<\/td>\n<\/tr>\n<tr>\n<td>\u0095292 mm  161 mm  159 mm 11,50 in.  6,34 in.  6,26 in.<\/td>\n<\/tr>\n<tr>\n<td>Alimentacion electrica<\/td>\n<\/tr>\n<tr>\n<td>\u0095ac 100\u0096240 v, 50\/60 hz<\/td>\n<\/tr>\n<tr>\n<td>Consumo energetico<\/td>\n<\/tr>\n<tr>\n<td>\u0095potencia de funcionamiento: 17 w, modo suspensin conexin usb: 1,0 w, modo suspensin conexin wi-fi: 1,4 w, modo espera: 0,2 w, modo espera  modo eco:  0,1 w<\/td>\n<\/tr>\n<\/table>\n","protected":false},"excerpt":{"rendered":"<p>Ideal para: oficinas modernas y home office, instituciones que requieren digitilizacion rapida y segura.<\/p>\n","protected":false},"featured_media":0,"comment_status":"open","ping_status":"open","template":"","meta":[],"product_cat":[1805,1996],"product_tag":[2306],"acf":[],"yoast_head":"<!-- This site is optimized with the Yoast SEO plugin v21.7 - https:\/\/yoast.com\/wordpress\/plugins\/seo\/ -->\n<title>[ Ricoh ] &#129351; Pa03860-b105 Escaner Ix2500, 45 Ppm\/ 90 Ipm, Capacidad Del Adf 100 Hojas, 600 Dpi, Ciclo Recomedado 7,000 Hojas, Adf, Usb, Wifi, Cis<\/title>\n<meta name=\"description\" content=\"Compra Pa03860-b105 Escaner Ix2500, 45 Ppm\/ 90 Ipm, Capacidad Del Adf 100 Hojas, 600 Dpi, Ciclo Recomedado 7,000 Hojas, Adf, Usb, Wifi, Cis + Env\u00edo a domicilio + Pago seguro + Garant\u00eda\" \/>\n<meta name=\"robots\" content=\"index, follow, max-snippet:-1, max-image-preview:large, max-video-preview:-1\" \/>\n<link rel=\"canonical\" href=\"https:\/\/compuviper.mx\/tienda\/producto\/ricoh-pa03860-b105-escaner-ix2500-45-ppm-90-ipm-capacidad-del-adf-100-hojas-600-dpi-ciclo-recomedado-7000-hojas-adf-usb-wifi-cis\/\" \/>\n<meta property=\"og:locale\" content=\"es_MX\" \/>\n<meta property=\"og:type\" content=\"article\" \/>\n<meta property=\"og:title\" content=\"[ Ricoh ] &#129351; Pa03860-b105 Escaner Ix2500, 45 Ppm\/ 90 Ipm, Capacidad Del Adf 100 Hojas, 600 Dpi, Ciclo Recomedado 7,000 Hojas, Adf, Usb, Wifi, Cis\" \/>\n<meta property=\"og:description\" content=\"Compra Pa03860-b105 Escaner Ix2500, 45 Ppm\/ 90 Ipm, Capacidad Del Adf 100 Hojas, 600 Dpi, Ciclo Recomedado 7,000 Hojas, Adf, Usb, Wifi, Cis + Env\u00edo a domicilio + Pago seguro + Garant\u00eda\" \/>\n<meta property=\"og:url\" content=\"https:\/\/compuviper.mx\/tienda\/producto\/ricoh-pa03860-b105-escaner-ix2500-45-ppm-90-ipm-capacidad-del-adf-100-hojas-600-dpi-ciclo-recomedado-7000-hojas-adf-usb-wifi-cis\/\" \/>\n<meta property=\"og:site_name\" content=\"Compuviper\" \/>\n<meta property=\"article:publisher\" content=\"https:\/\/www.facebook.com\/compuviper\" \/>\n<meta name=\"twitter:card\" content=\"summary_large_image\" \/>\n<meta name=\"twitter:label1\" content=\"Precio\" \/>\n\t<meta name=\"twitter:data1\" content=\"&#36;10,950 con IVA\" \/>\n\t<meta name=\"twitter:label2\" content=\"Availability\" \/>\n\t<meta name=\"twitter:data2\" content=\"Out of stock\" \/>\n<script type=\"application\/ld+json\" class=\"yoast-schema-graph\">{\"@context\":\"https:\/\/schema.org\",\"@graph\":[{\"@type\":\"WebPage\",\"@id\":\"https:\/\/compuviper.mx\/tienda\/producto\/ricoh-pa03860-b105-escaner-ix2500-45-ppm-90-ipm-capacidad-del-adf-100-hojas-600-dpi-ciclo-recomedado-7000-hojas-adf-usb-wifi-cis\/\",\"url\":\"https:\/\/compuviper.mx\/tienda\/producto\/ricoh-pa03860-b105-escaner-ix2500-45-ppm-90-ipm-capacidad-del-adf-100-hojas-600-dpi-ciclo-recomedado-7000-hojas-adf-usb-wifi-cis\/\",\"name\":\"[ Ricoh ] &#129351; Pa03860-b105 Escaner Ix2500, 45 Ppm\/ 90 Ipm, Capacidad Del Adf 100 Hojas, 600 Dpi, Ciclo Recomedado 7,000 Hojas, Adf, Usb, Wifi, Cis\",\"isPartOf\":{\"@id\":\"https:\/\/compuviper.mx\/tienda\/#website\"},\"datePublished\":\"2026-04-28T07:56:58+00:00\",\"dateModified\":\"2026-04-28T07:56:58+00:00\",\"description\":\"Compra Pa03860-b105 Escaner Ix2500, 45 Ppm\/ 90 Ipm, Capacidad Del Adf 100 Hojas, 600 Dpi, Ciclo Recomedado 7,000 Hojas, Adf, Usb, Wifi, Cis + Env\u00edo a domicilio + Pago seguro + Garant\u00eda\",\"breadcrumb\":{\"@id\":\"https:\/\/compuviper.mx\/tienda\/producto\/ricoh-pa03860-b105-escaner-ix2500-45-ppm-90-ipm-capacidad-del-adf-100-hojas-600-dpi-ciclo-recomedado-7000-hojas-adf-usb-wifi-cis\/#breadcrumb\"},\"inLanguage\":\"es-MX\",\"potentialAction\":[{\"@type\":\"ReadAction\",\"target\":[\"https:\/\/compuviper.mx\/tienda\/producto\/ricoh-pa03860-b105-escaner-ix2500-45-ppm-90-ipm-capacidad-del-adf-100-hojas-600-dpi-ciclo-recomedado-7000-hojas-adf-usb-wifi-cis\/\"]}]},{\"@type\":\"BreadcrumbList\",\"@id\":\"https:\/\/compuviper.mx\/tienda\/producto\/ricoh-pa03860-b105-escaner-ix2500-45-ppm-90-ipm-capacidad-del-adf-100-hojas-600-dpi-ciclo-recomedado-7000-hojas-adf-usb-wifi-cis\/#breadcrumb\",\"itemListElement\":[{\"@type\":\"ListItem\",\"position\":1,\"name\":\"Inicio\",\"item\":\"https:\/\/compuviper.mx\/tienda\/\"},{\"@type\":\"ListItem\",\"position\":2,\"name\":\"Productos\",\"item\":\"https:\/\/compuviper.mx\/tienda\/productos\/\"},{\"@type\":\"ListItem\",\"position\":3,\"name\":\"Scanner\",\"item\":\"https:\/\/compuviper.mx\/tienda\/categoria-producto\/scanner\/\"},{\"@type\":\"ListItem\",\"position\":4,\"name\":\"Sin Categor\u00eda\",\"item\":\"https:\/\/compuviper.mx\/tienda\/categoria-producto\/scanner\/sin-categoria-scanner\/\"},{\"@type\":\"ListItem\",\"position\":5,\"name\":\"Ricoh Pa03860-b105 Escaner Ix2500, 45 Ppm\/ 90 Ipm, Capacidad Del Adf 100 Hojas, 600 Dpi, Ciclo Recomedado 7,000 Hojas, Adf, Usb, Wifi, Cis\"}]},{\"@type\":\"WebSite\",\"@id\":\"https:\/\/compuviper.mx\/tienda\/#website\",\"url\":\"https:\/\/compuviper.mx\/tienda\/\",\"name\":\"Compuviper\",\"description\":\"Proveedor de Computadoras, Laptops, Servidores, Monitores, Puntos de Venta, Teclados,   Impresoras, T\u00f3ner, C\u00e1maras de Seguridad y m\u00e1s en tu tienda en l\u00ednea\",\"publisher\":{\"@id\":\"https:\/\/compuviper.mx\/tienda\/#organization\"},\"potentialAction\":[{\"@type\":\"SearchAction\",\"target\":{\"@type\":\"EntryPoint\",\"urlTemplate\":\"https:\/\/compuviper.mx\/tienda\/?s={search_term_string}\"},\"query-input\":\"required name=search_term_string\"}],\"inLanguage\":\"es-MX\"},{\"@type\":\"Organization\",\"@id\":\"https:\/\/compuviper.mx\/tienda\/#organization\",\"name\":\"Compuviper\",\"url\":\"https:\/\/compuviper.mx\/tienda\/\",\"logo\":{\"@type\":\"ImageObject\",\"inLanguage\":\"es-MX\",\"@id\":\"https:\/\/compuviper.mx\/tienda\/#\/schema\/logo\/image\/\",\"url\":\"https:\/\/compuviper.mx\/tienda\/wp-content\/uploads\/2021\/08\/Logo-Compuviper-10.png\",\"contentUrl\":\"https:\/\/compuviper.mx\/tienda\/wp-content\/uploads\/2021\/08\/Logo-Compuviper-10.png\",\"width\":1000,\"height\":500,\"caption\":\"Compuviper\"},\"image\":{\"@id\":\"https:\/\/compuviper.mx\/tienda\/#\/schema\/logo\/image\/\"},\"sameAs\":[\"https:\/\/www.facebook.com\/compuviper\",\"https:\/\/www.youtube.com\/channel\/UCf73dERp9Y3cfOq7q8BhLjA?view_as=subscriber\"]}]}<\/script>\n<meta property=\"product:brand\" content=\"Ricoh\" \/>\n<meta property=\"product:price:amount\" content=\"10950\" \/>\n<meta property=\"product:price:currency\" content=\"MXN\" \/>\n<meta property=\"og:availability\" content=\"out of stock\" \/>\n<meta property=\"product:availability\" content=\"out of stock\" \/>\n<meta property=\"product:retailer_item_id\" content=\"PA03860-B105\" \/>\n<meta property=\"product:condition\" content=\"new\" \/>\n<!-- \/ Yoast SEO plugin. -->","yoast_head_json":{"title":"[ Ricoh ] &#129351; Pa03860-b105 Escaner Ix2500, 45 Ppm\/ 90 Ipm, Capacidad Del Adf 100 Hojas, 600 Dpi, Ciclo Recomedado 7,000 Hojas, Adf, Usb, Wifi, Cis","description":"Compra Pa03860-b105 Escaner Ix2500, 45 Ppm\/ 90 Ipm, Capacidad Del Adf 100 Hojas, 600 Dpi, Ciclo Recomedado 7,000 Hojas, Adf, Usb, Wifi, Cis + Env\u00edo a domicilio + Pago seguro + Garant\u00eda","robots":{"index":"index","follow":"follow","max-snippet":"max-snippet:-1","max-image-preview":"max-image-preview:large","max-video-preview":"max-video-preview:-1"},"canonical":"https:\/\/compuviper.mx\/tienda\/producto\/ricoh-pa03860-b105-escaner-ix2500-45-ppm-90-ipm-capacidad-del-adf-100-hojas-600-dpi-ciclo-recomedado-7000-hojas-adf-usb-wifi-cis\/","og_locale":"es_MX","og_type":"article","og_title":"[ Ricoh ] &#129351; Pa03860-b105 Escaner Ix2500, 45 Ppm\/ 90 Ipm, Capacidad Del Adf 100 Hojas, 600 Dpi, Ciclo Recomedado 7,000 Hojas, Adf, Usb, Wifi, Cis","og_description":"Compra Pa03860-b105 Escaner Ix2500, 45 Ppm\/ 90 Ipm, Capacidad Del Adf 100 Hojas, 600 Dpi, Ciclo Recomedado 7,000 Hojas, Adf, Usb, Wifi, Cis + Env\u00edo a domicilio + Pago seguro + Garant\u00eda","og_url":"https:\/\/compuviper.mx\/tienda\/producto\/ricoh-pa03860-b105-escaner-ix2500-45-ppm-90-ipm-capacidad-del-adf-100-hojas-600-dpi-ciclo-recomedado-7000-hojas-adf-usb-wifi-cis\/","og_site_name":"Compuviper","article_publisher":"https:\/\/www.facebook.com\/compuviper","twitter_card":"summary_large_image","twitter_misc":{"Precio":"&#36;10,950 con IVA","Availability":"Out of stock"},"schema":{"@context":"https:\/\/schema.org","@graph":[{"@type":"WebPage","@id":"https:\/\/compuviper.mx\/tienda\/producto\/ricoh-pa03860-b105-escaner-ix2500-45-ppm-90-ipm-capacidad-del-adf-100-hojas-600-dpi-ciclo-recomedado-7000-hojas-adf-usb-wifi-cis\/","url":"https:\/\/compuviper.mx\/tienda\/producto\/ricoh-pa03860-b105-escaner-ix2500-45-ppm-90-ipm-capacidad-del-adf-100-hojas-600-dpi-ciclo-recomedado-7000-hojas-adf-usb-wifi-cis\/","name":"[ Ricoh ] &#129351; Pa03860-b105 Escaner Ix2500, 45 Ppm\/ 90 Ipm, Capacidad Del Adf 100 Hojas, 600 Dpi, Ciclo Recomedado 7,000 Hojas, Adf, Usb, Wifi, Cis","isPartOf":{"@id":"https:\/\/compuviper.mx\/tienda\/#website"},"datePublished":"2026-04-28T07:56:58+00:00","dateModified":"2026-04-28T07:56:58+00:00","description":"Compra Pa03860-b105 Escaner Ix2500, 45 Ppm\/ 90 Ipm, Capacidad Del Adf 100 Hojas, 600 Dpi, Ciclo Recomedado 7,000 Hojas, Adf, Usb, Wifi, Cis + Env\u00edo a domicilio + Pago seguro + Garant\u00eda","breadcrumb":{"@id":"https:\/\/compuviper.mx\/tienda\/producto\/ricoh-pa03860-b105-escaner-ix2500-45-ppm-90-ipm-capacidad-del-adf-100-hojas-600-dpi-ciclo-recomedado-7000-hojas-adf-usb-wifi-cis\/#breadcrumb"},"inLanguage":"es-MX","potentialAction":[{"@type":"ReadAction","target":["https:\/\/compuviper.mx\/tienda\/producto\/ricoh-pa03860-b105-escaner-ix2500-45-ppm-90-ipm-capacidad-del-adf-100-hojas-600-dpi-ciclo-recomedado-7000-hojas-adf-usb-wifi-cis\/"]}]},{"@type":"BreadcrumbList","@id":"https:\/\/compuviper.mx\/tienda\/producto\/ricoh-pa03860-b105-escaner-ix2500-45-ppm-90-ipm-capacidad-del-adf-100-hojas-600-dpi-ciclo-recomedado-7000-hojas-adf-usb-wifi-cis\/#breadcrumb","itemListElement":[{"@type":"ListItem","position":1,"name":"Inicio","item":"https:\/\/compuviper.mx\/tienda\/"},{"@type":"ListItem","position":2,"name":"Productos","item":"https:\/\/compuviper.mx\/tienda\/productos\/"},{"@type":"ListItem","position":3,"name":"Scanner","item":"https:\/\/compuviper.mx\/tienda\/categoria-producto\/scanner\/"},{"@type":"ListItem","position":4,"name":"Sin Categor\u00eda","item":"https:\/\/compuviper.mx\/tienda\/categoria-producto\/scanner\/sin-categoria-scanner\/"},{"@type":"ListItem","position":5,"name":"Ricoh Pa03860-b105 Escaner Ix2500, 45 Ppm\/ 90 Ipm, Capacidad Del Adf 100 Hojas, 600 Dpi, Ciclo Recomedado 7,000 Hojas, Adf, Usb, Wifi, Cis"}]},{"@type":"WebSite","@id":"https:\/\/compuviper.mx\/tienda\/#website","url":"https:\/\/compuviper.mx\/tienda\/","name":"Compuviper","description":"Proveedor de Computadoras, Laptops, Servidores, Monitores, Puntos de Venta, Teclados,   Impresoras, T\u00f3ner, C\u00e1maras de Seguridad y m\u00e1s en tu tienda en l\u00ednea","publisher":{"@id":"https:\/\/compuviper.mx\/tienda\/#organization"},"potentialAction":[{"@type":"SearchAction","target":{"@type":"EntryPoint","urlTemplate":"https:\/\/compuviper.mx\/tienda\/?s={search_term_string}"},"query-input":"required name=search_term_string"}],"inLanguage":"es-MX"},{"@type":"Organization","@id":"https:\/\/compuviper.mx\/tienda\/#organization","name":"Compuviper","url":"https:\/\/compuviper.mx\/tienda\/","logo":{"@type":"ImageObject","inLanguage":"es-MX","@id":"https:\/\/compuviper.mx\/tienda\/#\/schema\/logo\/image\/","url":"https:\/\/compuviper.mx\/tienda\/wp-content\/uploads\/2021\/08\/Logo-Compuviper-10.png","contentUrl":"https:\/\/compuviper.mx\/tienda\/wp-content\/uploads\/2021\/08\/Logo-Compuviper-10.png","width":1000,"height":500,"caption":"Compuviper"},"image":{"@id":"https:\/\/compuviper.mx\/tienda\/#\/schema\/logo\/image\/"},"sameAs":["https:\/\/www.facebook.com\/compuviper","https:\/\/www.youtube.com\/channel\/UCf73dERp9Y3cfOq7q8BhLjA?view_as=subscriber"]}]},"product_brand":"Ricoh","product_price_amount":"10950","product_price_currency":"MXN","og_availability":"out of stock","product_availability":"out of stock","product_retailer_item_id":"PA03860-B105","product_condition":"new"},"_links":{"self":[{"href":"https:\/\/compuviper.mx\/tienda\/wp-json\/wp\/v2\/product\/261204"}],"collection":[{"href":"https:\/\/compuviper.mx\/tienda\/wp-json\/wp\/v2\/product"}],"about":[{"href":"https:\/\/compuviper.mx\/tienda\/wp-json\/wp\/v2\/types\/product"}],"replies":[{"embeddable":true,"href":"https:\/\/compuviper.mx\/tienda\/wp-json\/wp\/v2\/comments?post=261204"}],"wp:attachment":[{"href":"https:\/\/compuviper.mx\/tienda\/wp-json\/wp\/v2\/media?parent=261204"}],"wp:term":[{"taxonomy":"product_cat","embeddable":true,"href":"https:\/\/compuviper.mx\/tienda\/wp-json\/wp\/v2\/product_cat?post=261204"},{"taxonomy":"product_tag","embeddable":true,"href":"https:\/\/compuviper.mx\/tienda\/wp-json\/wp\/v2\/product_tag?post=261204"}],"curies":[{"name":"wp","href":"https:\/\/api.w.org\/{rel}","templated":true}]}}