{"id":261198,"date":"2026-04-25T01:09:38","date_gmt":"2026-04-25T07:09:38","guid":{"rendered":"https:\/\/compuviper.mx\/tienda\/producto\/lenovo-83lk001klm-laptop-idea-gaming-loq-15iax9e-core-i5-12450hx-4-4ghz-8gb-dddr5-512gb-ssd-rtx-3050-6gb-15-6-fhd-1920x1080-luna-grey-win-11-home-1yr-cs\/"},"modified":"2026-04-25T01:09:38","modified_gmt":"2026-04-25T07:09:38","slug":"lenovo-83lk001klm-laptop-idea-gaming-loq-15iax9e-core-i5-12450hx-4-4ghz-8gb-dddr5-512gb-ssd-rtx-3050-6gb-15-6-fhd-1920x1080-luna-grey-win-11-home-1yr-cs","status":"publish","type":"product","link":"https:\/\/compuviper.mx\/tienda\/producto\/lenovo-83lk001klm-laptop-idea-gaming-loq-15iax9e-core-i5-12450hx-4-4ghz-8gb-dddr5-512gb-ssd-rtx-3050-6gb-15-6-fhd-1920x1080-luna-grey-win-11-home-1yr-cs\/","title":{"rendered":"Lenovo 83lk001klm Laptop  Idea Gaming Loq 15iax9e \/ Core I5 12450hx 4.4ghz \/ 8gb Dddr5 \/ 512gb Ssd \/ Rtx 3050 6gb \/ 15.6 Fhd 1920&#215;1080 \/ Luna Grey \/ Win 11 Home \/ 1yr Cs"},"content":{"rendered":"<table class=\"descripcion\">\n<tr>\n<td>83lk001klm<\/td>\n<\/tr>\n<tr>\n<td>Performance<\/td>\n<\/tr>\n<tr>\n<td>Processor: intel core i5-12450hx, 8c (4p + 4e) \/ 12t, p-core up to 4.4ghz, e-core up to 3.1ghz, 12mb<\/td>\n<\/tr>\n<tr>\n<td>Ai pc category:ai-powered gaming pc<\/td>\n<\/tr>\n<tr>\n<td>Graphics: nvidia\u00ae geforce rtx\u0099 3050 6gb gddr6, boost clock 1432mhz, tgp 65w, 142 ai tops<\/td>\n<\/tr>\n<tr>\n<td>Chipset: intel hm670 chipset<\/td>\n<\/tr>\n<tr>\n<td>Memory: 1x 8gb so-dimm ddr5-4800<\/td>\n<\/tr>\n<tr>\n<td>Memory slots: one ddr5 so-dimm slot<\/td>\n<\/tr>\n<tr>\n<td>Max memory: up to 32gb ddr5-4800<\/td>\n<\/tr>\n<tr>\n<td>Storage: 512gb ssd m.2 2242 pcie\u00ae 4.0&#215;4 nvme\u00ae<\/td>\n<\/tr>\n<tr>\n<td>Storage slot: two m.2 2242 pcie\u00ae 4.0 x4 slots<\/td>\n<\/tr>\n<tr>\n<td>Max storage support: up to two drives, 2x m.2 ssd<\/td>\n<\/tr>\n<tr>\n<td>\u0095 m.2 2242 ssd up to 1tb each<\/td>\n<\/tr>\n<tr>\n<td>Optical: none<\/td>\n<\/tr>\n<tr>\n<td>Card reader: 3-in-1 card reader<\/td>\n<\/tr>\n<tr>\n<td>Audio chip: high definition (hd) audio, realtek\u00ae alc3287 codec<\/td>\n<\/tr>\n<tr>\n<td>Speakers: stereo speakers, 2w x2, optimized with nahimic audio<\/td>\n<\/tr>\n<tr>\n<td>Microphone: 2x, array<\/td>\n<\/tr>\n<tr>\n<td>Camera: hd 720p with privacy shutter<\/td>\n<\/tr>\n<tr>\n<td>Battery: 57wh<\/td>\n<\/tr>\n<tr>\n<td>Power adapter: 135w slim tip (3-pin)<\/td>\n<\/tr>\n<tr>\n<td>Design<\/td>\n<\/tr>\n<tr>\n<td>Display: 15.6 fhd (1920&#215;1080) ips 300nits anti-glare, 100% srgb, 144hz<\/td>\n<\/tr>\n<tr>\n<td>Touchscreen: none<\/td>\n<\/tr>\n<tr>\n<td>Screen-to-body ratio: 88% aar (active area ratio)<\/td>\n<\/tr>\n<tr>\n<td>Color calibration: none<\/td>\n<\/tr>\n<tr>\n<td>Pen: pen not supported<\/td>\n<\/tr>\n<tr>\n<td>Keyboard: non-backlit, spanish (la)<\/td>\n<\/tr>\n<tr>\n<td>Touchpad: buttonless mylar\u00ae surface multi-touch touchpad, supports precision touchpad (ptp), 69 x 104 mm (2.72 x 4.09 inches)<\/td>\n<\/tr>\n<tr>\n<td>Dimensions (wxdxh): 359.3 x 236 x 19.9-22.95 mm (14.15 x 9.29 x 0.78-0.90 inches)<\/td>\n<\/tr>\n<tr>\n<td>Weight: starting at 1.77 kg (3.9 lbs)<\/td>\n<\/tr>\n<tr>\n<td>Case color: luna grey<\/td>\n<\/tr>\n<tr>\n<td>Case material: pc-abs (top), pc-abs (bottom)<\/td>\n<\/tr>\n<tr>\n<td>Surface treatment: imr (in-mold decoration by roller)<\/td>\n<\/tr>\n<tr>\n<td>Software<\/td>\n<\/tr>\n<tr>\n<td>Operating system: windows\u00ae 11 home single language, spanish<\/td>\n<\/tr>\n<tr>\n<td>Bundled software: office trial<\/td>\n<\/tr>\n<tr>\n<td>Connectivity<\/td>\n<\/tr>\n<tr>\n<td>Wlan + bluetooth: wi-fi\u00ae 6, 802.11ax 2&#215;2 + bt5.2<\/td>\n<\/tr>\n<tr>\n<td>Wwan: non-wwan<\/td>\n<\/tr>\n<tr>\n<td>Ethernet: 100\/1000m (rj-45)<\/td>\n<\/tr>\n<tr>\n<td>Standard ports:<\/td>\n<\/tr>\n<tr>\n<td>2x usb-a (usb 5gbps \/ usb 3.2 gen 1)<\/td>\n<\/tr>\n<tr>\n<td>1x usb-c\u00ae (usb 5gbps \/ usb 3.2 gen 1), data transfer only<\/td>\n<\/tr>\n<tr>\n<td>1x hdmi\u00ae 2.1, up to 8k\/60hz<\/td>\n<\/tr>\n<tr>\n<td>1x headphone \/ microphone combo jack (3.5mm)<\/td>\n<\/tr>\n<tr>\n<td>1x ethernet (rj-45)<\/td>\n<\/tr>\n<tr>\n<td>1x card reader<\/td>\n<\/tr>\n<tr>\n<td>1x power connector<\/td>\n<\/tr>\n<tr>\n<td>Security  and  privacy<\/td>\n<\/tr>\n<tr>\n<td>Security chip: firmware tpm 2.0 enabled<\/td>\n<\/tr>\n<tr>\n<td>Fingerprint reader: none<\/td>\n<\/tr>\n<tr>\n<td>Other security: camera privacy shutter<\/td>\n<\/tr>\n<tr>\n<td>Service<\/td>\n<\/tr>\n<tr>\n<td>Base warranty: 1-year, courier or carry-in<\/td>\n<\/tr>\n<tr>\n<td>Included upgrade: none<\/td>\n<\/tr>\n<tr>\n<td>Accessories<\/td>\n<\/tr>\n<tr>\n<td>Bundled accessories: none<\/td>\n<\/tr>\n<tr>\n<td>Certifications<\/td>\n<\/tr>\n<tr>\n<td>Green certifications:<\/td>\n<\/tr>\n<tr>\n<td>Erp lot 6\/26<\/td>\n<\/tr>\n<tr>\n<td>Rohs compliant<\/td>\n<\/tr>\n<tr>\n<td>Model information<\/td>\n<\/tr>\n<tr>\n<td>Model: 83lk001klm<\/td>\n<\/tr>\n<tr>\n<td>Ean \/ upc \/ jan: 198155100901<\/td>\n<\/tr>\n<\/table>\n","protected":false},"excerpt":{"rendered":"<p>Los juegos port\u00e1tiles se hacen realidad con intel. Da un salto revolucionario al rendimiento h\u00edbrido del mundo real con procesadores intel core de 12.\u00aa generaci\u00f3n, un dise\u00f1o innovador que distribuye la potencia de procesamiento donde m\u00e1s la necesitas. Sum\u00e9rgete en la acci\u00f3n. Juegos con una claridad impresionante. Disfruta de tus juegos favoritos con una claridad impresionante en una pantalla fhd de 39,62 cm (15,6\u0094) con relaci\u00f3n de aspecto 16:9 para un amplio espacio de pantalla utilizable. Con una frecuencia de actualizaci\u00f3n de 144 hz, brillo de 300 nits y 100 % srgb para colores vibrantes, disfrutar\u00e1s de im\u00e1genes envolventes con biseles estrechos para una experiencia sin contratiempos.<\/p>\n","protected":false},"featured_media":0,"comment_status":"open","ping_status":"open","template":"","meta":[],"product_cat":[1891,1886],"product_tag":[1578],"acf":[],"yoast_head":"<!-- This site is optimized with the Yoast SEO plugin v21.7 - https:\/\/yoast.com\/wordpress\/plugins\/seo\/ -->\n<title>[ Lenovo ] &#129351; 83lk001klm Laptop Idea Gaming Loq 15iax9e \/ Core I5 12450hx 4.4ghz \/ 8gb Dddr5 \/ 512gb Ssd \/ Rtx 3050 6gb \/ 15.6 Fhd 1920x1080 \/ Luna Grey \/ Win 11 Home \/ 1yr Cs<\/title>\n<meta name=\"description\" content=\"Compra 83lk001klm Laptop Idea Gaming Loq 15iax9e \/ Core I5 12450hx 4.4ghz \/ 8gb Dddr5 \/ 512gb Ssd \/ Rtx 3050 6gb \/ 15.6 Fhd 1920x1080 \/ Luna Grey \/ Win 11 Home \/ 1yr Cs + Env\u00edo a domicilio + Pago seguro + Garant\u00eda\" \/>\n<meta name=\"robots\" content=\"index, follow, max-snippet:-1, max-image-preview:large, max-video-preview:-1\" \/>\n<link rel=\"canonical\" href=\"https:\/\/compuviper.mx\/tienda\/producto\/lenovo-83lk001klm-laptop-idea-gaming-loq-15iax9e-core-i5-12450hx-4-4ghz-8gb-dddr5-512gb-ssd-rtx-3050-6gb-15-6-fhd-1920x1080-luna-grey-win-11-home-1yr-cs\/\" \/>\n<meta property=\"og:locale\" content=\"es_MX\" \/>\n<meta property=\"og:type\" content=\"article\" \/>\n<meta property=\"og:title\" content=\"[ Lenovo ] &#129351; 83lk001klm Laptop Idea Gaming Loq 15iax9e \/ Core I5 12450hx 4.4ghz \/ 8gb Dddr5 \/ 512gb Ssd \/ Rtx 3050 6gb \/ 15.6 Fhd 1920x1080 \/ Luna Grey \/ Win 11 Home \/ 1yr Cs\" \/>\n<meta property=\"og:description\" content=\"Compra 83lk001klm Laptop Idea Gaming Loq 15iax9e \/ Core I5 12450hx 4.4ghz \/ 8gb Dddr5 \/ 512gb Ssd \/ Rtx 3050 6gb \/ 15.6 Fhd 1920x1080 \/ Luna Grey \/ Win 11 Home \/ 1yr Cs + Env\u00edo a domicilio + Pago seguro + Garant\u00eda\" \/>\n<meta property=\"og:url\" content=\"https:\/\/compuviper.mx\/tienda\/producto\/lenovo-83lk001klm-laptop-idea-gaming-loq-15iax9e-core-i5-12450hx-4-4ghz-8gb-dddr5-512gb-ssd-rtx-3050-6gb-15-6-fhd-1920x1080-luna-grey-win-11-home-1yr-cs\/\" \/>\n<meta property=\"og:site_name\" content=\"Compuviper\" \/>\n<meta property=\"article:publisher\" content=\"https:\/\/www.facebook.com\/compuviper\" \/>\n<meta name=\"twitter:card\" content=\"summary_large_image\" \/>\n<meta name=\"twitter:label1\" content=\"Precio\" \/>\n\t<meta name=\"twitter:data1\" content=\"&#36;14,216 &#36;11,939 con IVA\" \/>\n\t<meta name=\"twitter:label2\" content=\"Availability\" \/>\n\t<meta name=\"twitter:data2\" content=\"In stock\" \/>\n<script type=\"application\/ld+json\" class=\"yoast-schema-graph\">{\"@context\":\"https:\/\/schema.org\",\"@graph\":[{\"@type\":\"WebPage\",\"@id\":\"https:\/\/compuviper.mx\/tienda\/producto\/lenovo-83lk001klm-laptop-idea-gaming-loq-15iax9e-core-i5-12450hx-4-4ghz-8gb-dddr5-512gb-ssd-rtx-3050-6gb-15-6-fhd-1920x1080-luna-grey-win-11-home-1yr-cs\/\",\"url\":\"https:\/\/compuviper.mx\/tienda\/producto\/lenovo-83lk001klm-laptop-idea-gaming-loq-15iax9e-core-i5-12450hx-4-4ghz-8gb-dddr5-512gb-ssd-rtx-3050-6gb-15-6-fhd-1920x1080-luna-grey-win-11-home-1yr-cs\/\",\"name\":\"[ Lenovo ] &#129351; 83lk001klm Laptop Idea Gaming Loq 15iax9e \/ Core I5 12450hx 4.4ghz \/ 8gb Dddr5 \/ 512gb Ssd \/ Rtx 3050 6gb \/ 15.6 Fhd 1920x1080 \/ Luna Grey \/ Win 11 Home \/ 1yr Cs\",\"isPartOf\":{\"@id\":\"https:\/\/compuviper.mx\/tienda\/#website\"},\"datePublished\":\"2026-04-25T07:09:38+00:00\",\"dateModified\":\"2026-04-25T07:09:38+00:00\",\"description\":\"Compra 83lk001klm Laptop Idea Gaming Loq 15iax9e \/ Core I5 12450hx 4.4ghz \/ 8gb Dddr5 \/ 512gb Ssd \/ Rtx 3050 6gb \/ 15.6 Fhd 1920x1080 \/ Luna Grey \/ Win 11 Home \/ 1yr Cs + Env\u00edo a domicilio + Pago seguro + Garant\u00eda\",\"breadcrumb\":{\"@id\":\"https:\/\/compuviper.mx\/tienda\/producto\/lenovo-83lk001klm-laptop-idea-gaming-loq-15iax9e-core-i5-12450hx-4-4ghz-8gb-dddr5-512gb-ssd-rtx-3050-6gb-15-6-fhd-1920x1080-luna-grey-win-11-home-1yr-cs\/#breadcrumb\"},\"inLanguage\":\"es-MX\",\"potentialAction\":[{\"@type\":\"ReadAction\",\"target\":[\"https:\/\/compuviper.mx\/tienda\/producto\/lenovo-83lk001klm-laptop-idea-gaming-loq-15iax9e-core-i5-12450hx-4-4ghz-8gb-dddr5-512gb-ssd-rtx-3050-6gb-15-6-fhd-1920x1080-luna-grey-win-11-home-1yr-cs\/\"]}]},{\"@type\":\"BreadcrumbList\",\"@id\":\"https:\/\/compuviper.mx\/tienda\/producto\/lenovo-83lk001klm-laptop-idea-gaming-loq-15iax9e-core-i5-12450hx-4-4ghz-8gb-dddr5-512gb-ssd-rtx-3050-6gb-15-6-fhd-1920x1080-luna-grey-win-11-home-1yr-cs\/#breadcrumb\",\"itemListElement\":[{\"@type\":\"ListItem\",\"position\":1,\"name\":\"Inicio\",\"item\":\"https:\/\/compuviper.mx\/tienda\/\"},{\"@type\":\"ListItem\",\"position\":2,\"name\":\"Productos\",\"item\":\"https:\/\/compuviper.mx\/tienda\/productos\/\"},{\"@type\":\"ListItem\",\"position\":3,\"name\":\"Laptops\",\"item\":\"https:\/\/compuviper.mx\/tienda\/categoria-producto\/laptops\/\"},{\"@type\":\"ListItem\",\"position\":4,\"name\":\"Gaming\",\"item\":\"https:\/\/compuviper.mx\/tienda\/categoria-producto\/laptops\/gaming-laptops\/\"},{\"@type\":\"ListItem\",\"position\":5,\"name\":\"Lenovo 83lk001klm Laptop Idea Gaming Loq 15iax9e \/ Core I5 12450hx 4.4ghz \/ 8gb Dddr5 \/ 512gb Ssd \/ Rtx 3050 6gb \/ 15.6 Fhd 1920&#215;1080 \/ Luna Grey \/ Win 11 Home \/ 1yr Cs\"}]},{\"@type\":\"WebSite\",\"@id\":\"https:\/\/compuviper.mx\/tienda\/#website\",\"url\":\"https:\/\/compuviper.mx\/tienda\/\",\"name\":\"Compuviper\",\"description\":\"Proveedor de Computadoras, Laptops, Servidores, Monitores, Puntos de Venta, Teclados,   Impresoras, T\u00f3ner, C\u00e1maras de Seguridad y m\u00e1s en tu tienda en l\u00ednea\",\"publisher\":{\"@id\":\"https:\/\/compuviper.mx\/tienda\/#organization\"},\"potentialAction\":[{\"@type\":\"SearchAction\",\"target\":{\"@type\":\"EntryPoint\",\"urlTemplate\":\"https:\/\/compuviper.mx\/tienda\/?s={search_term_string}\"},\"query-input\":\"required name=search_term_string\"}],\"inLanguage\":\"es-MX\"},{\"@type\":\"Organization\",\"@id\":\"https:\/\/compuviper.mx\/tienda\/#organization\",\"name\":\"Compuviper\",\"url\":\"https:\/\/compuviper.mx\/tienda\/\",\"logo\":{\"@type\":\"ImageObject\",\"inLanguage\":\"es-MX\",\"@id\":\"https:\/\/compuviper.mx\/tienda\/#\/schema\/logo\/image\/\",\"url\":\"https:\/\/compuviper.mx\/tienda\/wp-content\/uploads\/2021\/08\/Logo-Compuviper-10.png\",\"contentUrl\":\"https:\/\/compuviper.mx\/tienda\/wp-content\/uploads\/2021\/08\/Logo-Compuviper-10.png\",\"width\":1000,\"height\":500,\"caption\":\"Compuviper\"},\"image\":{\"@id\":\"https:\/\/compuviper.mx\/tienda\/#\/schema\/logo\/image\/\"},\"sameAs\":[\"https:\/\/www.facebook.com\/compuviper\",\"https:\/\/www.youtube.com\/channel\/UCf73dERp9Y3cfOq7q8BhLjA?view_as=subscriber\"]}]}<\/script>\n<meta property=\"product:brand\" content=\"LENOVO\" \/>\n<meta property=\"product:price:amount\" content=\"11939\" \/>\n<meta property=\"product:price:currency\" content=\"MXN\" \/>\n<meta property=\"og:availability\" content=\"instock\" \/>\n<meta property=\"product:availability\" content=\"instock\" \/>\n<meta property=\"product:retailer_item_id\" content=\"83LK001KLM\" \/>\n<meta property=\"product:condition\" content=\"new\" \/>\n<!-- \/ Yoast SEO plugin. -->","yoast_head_json":{"title":"[ Lenovo ] &#129351; 83lk001klm Laptop Idea Gaming Loq 15iax9e \/ Core I5 12450hx 4.4ghz \/ 8gb Dddr5 \/ 512gb Ssd \/ Rtx 3050 6gb \/ 15.6 Fhd 1920x1080 \/ Luna Grey \/ Win 11 Home \/ 1yr Cs","description":"Compra 83lk001klm Laptop Idea Gaming Loq 15iax9e \/ Core I5 12450hx 4.4ghz \/ 8gb Dddr5 \/ 512gb Ssd \/ Rtx 3050 6gb \/ 15.6 Fhd 1920x1080 \/ Luna Grey \/ Win 11 Home \/ 1yr Cs + Env\u00edo a domicilio + Pago seguro + Garant\u00eda","robots":{"index":"index","follow":"follow","max-snippet":"max-snippet:-1","max-image-preview":"max-image-preview:large","max-video-preview":"max-video-preview:-1"},"canonical":"https:\/\/compuviper.mx\/tienda\/producto\/lenovo-83lk001klm-laptop-idea-gaming-loq-15iax9e-core-i5-12450hx-4-4ghz-8gb-dddr5-512gb-ssd-rtx-3050-6gb-15-6-fhd-1920x1080-luna-grey-win-11-home-1yr-cs\/","og_locale":"es_MX","og_type":"article","og_title":"[ Lenovo ] &#129351; 83lk001klm Laptop Idea Gaming Loq 15iax9e \/ Core I5 12450hx 4.4ghz \/ 8gb Dddr5 \/ 512gb Ssd \/ Rtx 3050 6gb \/ 15.6 Fhd 1920x1080 \/ Luna Grey \/ Win 11 Home \/ 1yr Cs","og_description":"Compra 83lk001klm Laptop Idea Gaming Loq 15iax9e \/ Core I5 12450hx 4.4ghz \/ 8gb Dddr5 \/ 512gb Ssd \/ Rtx 3050 6gb \/ 15.6 Fhd 1920x1080 \/ Luna Grey \/ Win 11 Home \/ 1yr Cs + Env\u00edo a domicilio + Pago seguro + Garant\u00eda","og_url":"https:\/\/compuviper.mx\/tienda\/producto\/lenovo-83lk001klm-laptop-idea-gaming-loq-15iax9e-core-i5-12450hx-4-4ghz-8gb-dddr5-512gb-ssd-rtx-3050-6gb-15-6-fhd-1920x1080-luna-grey-win-11-home-1yr-cs\/","og_site_name":"Compuviper","article_publisher":"https:\/\/www.facebook.com\/compuviper","twitter_card":"summary_large_image","twitter_misc":{"Precio":"&#36;14,216 &#36;11,939 con IVA","Availability":"In stock"},"schema":{"@context":"https:\/\/schema.org","@graph":[{"@type":"WebPage","@id":"https:\/\/compuviper.mx\/tienda\/producto\/lenovo-83lk001klm-laptop-idea-gaming-loq-15iax9e-core-i5-12450hx-4-4ghz-8gb-dddr5-512gb-ssd-rtx-3050-6gb-15-6-fhd-1920x1080-luna-grey-win-11-home-1yr-cs\/","url":"https:\/\/compuviper.mx\/tienda\/producto\/lenovo-83lk001klm-laptop-idea-gaming-loq-15iax9e-core-i5-12450hx-4-4ghz-8gb-dddr5-512gb-ssd-rtx-3050-6gb-15-6-fhd-1920x1080-luna-grey-win-11-home-1yr-cs\/","name":"[ Lenovo ] &#129351; 83lk001klm Laptop Idea Gaming Loq 15iax9e \/ Core I5 12450hx 4.4ghz \/ 8gb Dddr5 \/ 512gb Ssd \/ Rtx 3050 6gb \/ 15.6 Fhd 1920x1080 \/ Luna Grey \/ Win 11 Home \/ 1yr Cs","isPartOf":{"@id":"https:\/\/compuviper.mx\/tienda\/#website"},"datePublished":"2026-04-25T07:09:38+00:00","dateModified":"2026-04-25T07:09:38+00:00","description":"Compra 83lk001klm Laptop Idea Gaming Loq 15iax9e \/ Core I5 12450hx 4.4ghz \/ 8gb Dddr5 \/ 512gb Ssd \/ Rtx 3050 6gb \/ 15.6 Fhd 1920x1080 \/ Luna Grey \/ Win 11 Home \/ 1yr Cs + Env\u00edo a domicilio + Pago seguro + Garant\u00eda","breadcrumb":{"@id":"https:\/\/compuviper.mx\/tienda\/producto\/lenovo-83lk001klm-laptop-idea-gaming-loq-15iax9e-core-i5-12450hx-4-4ghz-8gb-dddr5-512gb-ssd-rtx-3050-6gb-15-6-fhd-1920x1080-luna-grey-win-11-home-1yr-cs\/#breadcrumb"},"inLanguage":"es-MX","potentialAction":[{"@type":"ReadAction","target":["https:\/\/compuviper.mx\/tienda\/producto\/lenovo-83lk001klm-laptop-idea-gaming-loq-15iax9e-core-i5-12450hx-4-4ghz-8gb-dddr5-512gb-ssd-rtx-3050-6gb-15-6-fhd-1920x1080-luna-grey-win-11-home-1yr-cs\/"]}]},{"@type":"BreadcrumbList","@id":"https:\/\/compuviper.mx\/tienda\/producto\/lenovo-83lk001klm-laptop-idea-gaming-loq-15iax9e-core-i5-12450hx-4-4ghz-8gb-dddr5-512gb-ssd-rtx-3050-6gb-15-6-fhd-1920x1080-luna-grey-win-11-home-1yr-cs\/#breadcrumb","itemListElement":[{"@type":"ListItem","position":1,"name":"Inicio","item":"https:\/\/compuviper.mx\/tienda\/"},{"@type":"ListItem","position":2,"name":"Productos","item":"https:\/\/compuviper.mx\/tienda\/productos\/"},{"@type":"ListItem","position":3,"name":"Laptops","item":"https:\/\/compuviper.mx\/tienda\/categoria-producto\/laptops\/"},{"@type":"ListItem","position":4,"name":"Gaming","item":"https:\/\/compuviper.mx\/tienda\/categoria-producto\/laptops\/gaming-laptops\/"},{"@type":"ListItem","position":5,"name":"Lenovo 83lk001klm Laptop Idea Gaming Loq 15iax9e \/ Core I5 12450hx 4.4ghz \/ 8gb Dddr5 \/ 512gb Ssd \/ Rtx 3050 6gb \/ 15.6 Fhd 1920&#215;1080 \/ Luna Grey \/ Win 11 Home \/ 1yr Cs"}]},{"@type":"WebSite","@id":"https:\/\/compuviper.mx\/tienda\/#website","url":"https:\/\/compuviper.mx\/tienda\/","name":"Compuviper","description":"Proveedor de Computadoras, Laptops, Servidores, Monitores, Puntos de Venta, Teclados,   Impresoras, T\u00f3ner, C\u00e1maras de Seguridad y m\u00e1s en tu tienda en l\u00ednea","publisher":{"@id":"https:\/\/compuviper.mx\/tienda\/#organization"},"potentialAction":[{"@type":"SearchAction","target":{"@type":"EntryPoint","urlTemplate":"https:\/\/compuviper.mx\/tienda\/?s={search_term_string}"},"query-input":"required name=search_term_string"}],"inLanguage":"es-MX"},{"@type":"Organization","@id":"https:\/\/compuviper.mx\/tienda\/#organization","name":"Compuviper","url":"https:\/\/compuviper.mx\/tienda\/","logo":{"@type":"ImageObject","inLanguage":"es-MX","@id":"https:\/\/compuviper.mx\/tienda\/#\/schema\/logo\/image\/","url":"https:\/\/compuviper.mx\/tienda\/wp-content\/uploads\/2021\/08\/Logo-Compuviper-10.png","contentUrl":"https:\/\/compuviper.mx\/tienda\/wp-content\/uploads\/2021\/08\/Logo-Compuviper-10.png","width":1000,"height":500,"caption":"Compuviper"},"image":{"@id":"https:\/\/compuviper.mx\/tienda\/#\/schema\/logo\/image\/"},"sameAs":["https:\/\/www.facebook.com\/compuviper","https:\/\/www.youtube.com\/channel\/UCf73dERp9Y3cfOq7q8BhLjA?view_as=subscriber"]}]},"product_brand":"LENOVO","product_price_amount":"11939","product_price_currency":"MXN","og_availability":"instock","product_availability":"instock","product_retailer_item_id":"83LK001KLM","product_condition":"new"},"_links":{"self":[{"href":"https:\/\/compuviper.mx\/tienda\/wp-json\/wp\/v2\/product\/261198"}],"collection":[{"href":"https:\/\/compuviper.mx\/tienda\/wp-json\/wp\/v2\/product"}],"about":[{"href":"https:\/\/compuviper.mx\/tienda\/wp-json\/wp\/v2\/types\/product"}],"replies":[{"embeddable":true,"href":"https:\/\/compuviper.mx\/tienda\/wp-json\/wp\/v2\/comments?post=261198"}],"wp:attachment":[{"href":"https:\/\/compuviper.mx\/tienda\/wp-json\/wp\/v2\/media?parent=261198"}],"wp:term":[{"taxonomy":"product_cat","embeddable":true,"href":"https:\/\/compuviper.mx\/tienda\/wp-json\/wp\/v2\/product_cat?post=261198"},{"taxonomy":"product_tag","embeddable":true,"href":"https:\/\/compuviper.mx\/tienda\/wp-json\/wp\/v2\/product_tag?post=261198"}],"curies":[{"name":"wp","href":"https:\/\/api.w.org\/{rel}","templated":true}]}}