{"id":261151,"date":"2026-04-17T01:16:45","date_gmt":"2026-04-17T07:16:45","guid":{"rendered":"https:\/\/compuviper.mx\/tienda\/producto\/dell-3000195191407-1-laptop-xps-13-9350-copilot-pc-intel-core-ultra-7-256-v-16-gb-512-gb-13-4-tactil-3k-oled-win-11-home\/"},"modified":"2026-04-17T01:16:45","modified_gmt":"2026-04-17T07:16:45","slug":"dell-3000195191407-1-laptop-xps-13-9350-copilot-pc-intel-core-ultra-7-256-v-16-gb-512-gb-13-4-tactil-3k-oled-win-11-home","status":"publish","type":"product","link":"https:\/\/compuviper.mx\/tienda\/producto\/dell-3000195191407-1-laptop-xps-13-9350-copilot-pc-intel-core-ultra-7-256-v-16-gb-512-gb-13-4-tactil-3k-oled-win-11-home\/","title":{"rendered":"Dell 3000195191407.1 Laptop  Xps  13 9350 Copilot + Pc | Intel Core Ultra 7 256 V | 16 Gb, 512 Gb | 13.4  Tactil, 3k, Oled | Win 11 Home |"},"content":{"rendered":"<table class=\"descripcion\">\n<tr>\n<td>Procesador<\/td>\n<\/tr>\n<tr>\n<td>Procesador intel core ultra7 256 v serie 2 (cach\u00e9 de 12 mb, 8 n\u00facleos, hasta 4.8 ghz)<\/td>\n<\/tr>\n<tr>\n<td>Sistema operativo<\/td>\n<\/tr>\n<tr>\n<td>Windows 11 home, copilot+ pc<\/td>\n<\/tr>\n<tr>\n<td>Tarjeta gr\u00e1fica<\/td>\n<\/tr>\n<tr>\n<td>Gr\u00e1ficos intel  arc<\/td>\n<\/tr>\n<tr>\n<td>Memoria<\/td>\n<\/tr>\n<tr>\n<td>16 gb, lpddr5x, 8533mt\/s, integrado<\/td>\n<\/tr>\n<tr>\n<td>Disco duro<\/td>\n<\/tr>\n<tr>\n<td>Ssd nvme pcie m.2 de 512 gb<\/td>\n<\/tr>\n<tr>\n<td>Pantalla lcd<\/td>\n<\/tr>\n<tr>\n<td>13,4 in, funci\u00f3n t\u00e1ctil, 3k, oled, 400 nits, infinityedge<\/td>\n<\/tr>\n<tr>\n<td>Fuente de poder<\/td>\n<\/tr>\n<tr>\n<td>Adaptador de ca usb type-c de 60 w<\/td>\n<\/tr>\n<tr>\n<td>Wireless<\/td>\n<\/tr>\n<tr>\n<td>Tarjeta inal\u00e1mbrica intel killer\u0099 wi-fi 7 1750i (be201), 2&#215;2 + bluetooth 5.4<\/td>\n<\/tr>\n<tr>\n<td>Bater\u00eda primaria<\/td>\n<\/tr>\n<tr>\n<td>3 celdas, 55 wh, integrado<\/td>\n<\/tr>\n<tr>\n<td>Microsoft office<\/td>\n<\/tr>\n<tr>\n<td>Active microsoft 365 para una prueba de 30 d\u00edas<\/td>\n<\/tr>\n<tr>\n<td>Paquete de lengua de sistema operativo<\/td>\n<\/tr>\n<tr>\n<td>Ingl\u00e9s, franc\u00e9s, espa\u00f1ol, portugu\u00e9s brasile\u00f1o<\/td>\n<\/tr>\n<tr>\n<td>Ervicio y soporte<\/td>\n<\/tr>\n<tr>\n<td>1 a\u00f1o de premium support con servicio de hardware y software en el sitio uno o dos d\u00edas laborales despu\u00e9s del diagn\u00f3stico remoto<\/td>\n<\/tr>\n<tr>\n<td>Da\u00f1os accidentales<\/td>\n<\/tr>\n<tr>\n<td>1 a\u00f1o de servicio accidental damage<\/td>\n<\/tr>\n<tr>\n<td>Soporte a operaciones de parcero<\/td>\n<\/tr>\n<tr>\n<td>Soporte para operaciones de partners, latinoam\u00e9rica<\/td>\n<\/tr>\n<\/table>\n","protected":false},"excerpt":{"rendered":"<p>Procesador Procesador intel core ultra7 256 v serie 2 (cach\u00e9 de 12 mb, 8 n\u00facleos, hasta 4.8 ghz) Sistema operativo Windows 11 home, copilot+ pc Tarjeta gr\u00e1fica Gr\u00e1ficos intel arc Memoria 16 gb, lpddr5x, 8533mt\/s, integrado Disco duro Ssd nvme pcie m.2 de 512 gb Pantalla lcd 13,4 in, funci\u00f3n t\u00e1ctil, 3k, oled, 400 nits, [&hellip;]<\/p>\n","protected":false},"featured_media":0,"comment_status":"open","ping_status":"open","template":"","meta":[],"product_cat":[1886,1887],"product_tag":[1537],"acf":[],"yoast_head":"<!-- This site is optimized with the Yoast SEO plugin v21.7 - https:\/\/yoast.com\/wordpress\/plugins\/seo\/ -->\n<title>[ Dell ] &#129351; 3000195191407.1 Laptop Xps 13 9350 Copilot + Pc | Intel Core Ultra 7 256 V | 16 Gb, 512 Gb | 13.4 Tactil, 3k, Oled | Win 11 Home |<\/title>\n<meta name=\"description\" content=\"Compra 3000195191407.1 Laptop Xps 13 9350 Copilot + Pc | Intel Core Ultra 7 256 V | 16 Gb, 512 Gb | 13.4 Tactil, 3k, Oled | Win 11 Home | + Env\u00edo a domicilio + Pago seguro + Garant\u00eda\" \/>\n<meta name=\"robots\" content=\"index, follow, max-snippet:-1, max-image-preview:large, max-video-preview:-1\" \/>\n<link rel=\"canonical\" href=\"https:\/\/compuviper.mx\/tienda\/producto\/dell-3000195191407-1-laptop-xps-13-9350-copilot-pc-intel-core-ultra-7-256-v-16-gb-512-gb-13-4-tactil-3k-oled-win-11-home\/\" \/>\n<meta property=\"og:locale\" content=\"es_MX\" \/>\n<meta property=\"og:type\" content=\"article\" \/>\n<meta property=\"og:title\" content=\"[ Dell ] &#129351; 3000195191407.1 Laptop Xps 13 9350 Copilot + Pc | Intel Core Ultra 7 256 V | 16 Gb, 512 Gb | 13.4 Tactil, 3k, Oled | Win 11 Home |\" \/>\n<meta property=\"og:description\" content=\"Compra 3000195191407.1 Laptop Xps 13 9350 Copilot + Pc | Intel Core Ultra 7 256 V | 16 Gb, 512 Gb | 13.4 Tactil, 3k, Oled | Win 11 Home | + Env\u00edo a domicilio + Pago seguro + Garant\u00eda\" \/>\n<meta property=\"og:url\" content=\"https:\/\/compuviper.mx\/tienda\/producto\/dell-3000195191407-1-laptop-xps-13-9350-copilot-pc-intel-core-ultra-7-256-v-16-gb-512-gb-13-4-tactil-3k-oled-win-11-home\/\" \/>\n<meta property=\"og:site_name\" content=\"Compuviper\" \/>\n<meta property=\"article:publisher\" content=\"https:\/\/www.facebook.com\/compuviper\" \/>\n<meta name=\"twitter:card\" content=\"summary_large_image\" \/>\n<meta name=\"twitter:label1\" content=\"Precio\" \/>\n\t<meta name=\"twitter:data1\" content=\"&#36;35,948 con IVA\" \/>\n\t<meta name=\"twitter:label2\" content=\"Availability\" \/>\n\t<meta name=\"twitter:data2\" content=\"In stock\" \/>\n<script type=\"application\/ld+json\" class=\"yoast-schema-graph\">{\"@context\":\"https:\/\/schema.org\",\"@graph\":[{\"@type\":\"WebPage\",\"@id\":\"https:\/\/compuviper.mx\/tienda\/producto\/dell-3000195191407-1-laptop-xps-13-9350-copilot-pc-intel-core-ultra-7-256-v-16-gb-512-gb-13-4-tactil-3k-oled-win-11-home\/\",\"url\":\"https:\/\/compuviper.mx\/tienda\/producto\/dell-3000195191407-1-laptop-xps-13-9350-copilot-pc-intel-core-ultra-7-256-v-16-gb-512-gb-13-4-tactil-3k-oled-win-11-home\/\",\"name\":\"[ Dell ] &#129351; 3000195191407.1 Laptop Xps 13 9350 Copilot + Pc | Intel Core Ultra 7 256 V | 16 Gb, 512 Gb | 13.4 Tactil, 3k, Oled | Win 11 Home |\",\"isPartOf\":{\"@id\":\"https:\/\/compuviper.mx\/tienda\/#website\"},\"datePublished\":\"2026-04-17T07:16:45+00:00\",\"dateModified\":\"2026-04-17T07:16:45+00:00\",\"description\":\"Compra 3000195191407.1 Laptop Xps 13 9350 Copilot + Pc | Intel Core Ultra 7 256 V | 16 Gb, 512 Gb | 13.4 Tactil, 3k, Oled | Win 11 Home | + Env\u00edo a domicilio + Pago seguro + Garant\u00eda\",\"breadcrumb\":{\"@id\":\"https:\/\/compuviper.mx\/tienda\/producto\/dell-3000195191407-1-laptop-xps-13-9350-copilot-pc-intel-core-ultra-7-256-v-16-gb-512-gb-13-4-tactil-3k-oled-win-11-home\/#breadcrumb\"},\"inLanguage\":\"es-MX\",\"potentialAction\":[{\"@type\":\"ReadAction\",\"target\":[\"https:\/\/compuviper.mx\/tienda\/producto\/dell-3000195191407-1-laptop-xps-13-9350-copilot-pc-intel-core-ultra-7-256-v-16-gb-512-gb-13-4-tactil-3k-oled-win-11-home\/\"]}]},{\"@type\":\"BreadcrumbList\",\"@id\":\"https:\/\/compuviper.mx\/tienda\/producto\/dell-3000195191407-1-laptop-xps-13-9350-copilot-pc-intel-core-ultra-7-256-v-16-gb-512-gb-13-4-tactil-3k-oled-win-11-home\/#breadcrumb\",\"itemListElement\":[{\"@type\":\"ListItem\",\"position\":1,\"name\":\"Inicio\",\"item\":\"https:\/\/compuviper.mx\/tienda\/\"},{\"@type\":\"ListItem\",\"position\":2,\"name\":\"Productos\",\"item\":\"https:\/\/compuviper.mx\/tienda\/productos\/\"},{\"@type\":\"ListItem\",\"position\":3,\"name\":\"Laptops\",\"item\":\"https:\/\/compuviper.mx\/tienda\/categoria-producto\/laptops\/\"},{\"@type\":\"ListItem\",\"position\":4,\"name\":\"Notebook\",\"item\":\"https:\/\/compuviper.mx\/tienda\/categoria-producto\/laptops\/notebook-laptops\/\"},{\"@type\":\"ListItem\",\"position\":5,\"name\":\"Dell 3000195191407.1 Laptop Xps 13 9350 Copilot + Pc | Intel Core Ultra 7 256 V | 16 Gb, 512 Gb | 13.4 Tactil, 3k, Oled | Win 11 Home |\"}]},{\"@type\":\"WebSite\",\"@id\":\"https:\/\/compuviper.mx\/tienda\/#website\",\"url\":\"https:\/\/compuviper.mx\/tienda\/\",\"name\":\"Compuviper\",\"description\":\"Proveedor de Computadoras, Laptops, Servidores, Monitores, Puntos de Venta, Teclados,   Impresoras, T\u00f3ner, C\u00e1maras de Seguridad y m\u00e1s en tu tienda en l\u00ednea\",\"publisher\":{\"@id\":\"https:\/\/compuviper.mx\/tienda\/#organization\"},\"potentialAction\":[{\"@type\":\"SearchAction\",\"target\":{\"@type\":\"EntryPoint\",\"urlTemplate\":\"https:\/\/compuviper.mx\/tienda\/?s={search_term_string}\"},\"query-input\":\"required name=search_term_string\"}],\"inLanguage\":\"es-MX\"},{\"@type\":\"Organization\",\"@id\":\"https:\/\/compuviper.mx\/tienda\/#organization\",\"name\":\"Compuviper\",\"url\":\"https:\/\/compuviper.mx\/tienda\/\",\"logo\":{\"@type\":\"ImageObject\",\"inLanguage\":\"es-MX\",\"@id\":\"https:\/\/compuviper.mx\/tienda\/#\/schema\/logo\/image\/\",\"url\":\"https:\/\/compuviper.mx\/tienda\/wp-content\/uploads\/2021\/08\/Logo-Compuviper-10.png\",\"contentUrl\":\"https:\/\/compuviper.mx\/tienda\/wp-content\/uploads\/2021\/08\/Logo-Compuviper-10.png\",\"width\":1000,\"height\":500,\"caption\":\"Compuviper\"},\"image\":{\"@id\":\"https:\/\/compuviper.mx\/tienda\/#\/schema\/logo\/image\/\"},\"sameAs\":[\"https:\/\/www.facebook.com\/compuviper\",\"https:\/\/www.youtube.com\/channel\/UCf73dERp9Y3cfOq7q8BhLjA?view_as=subscriber\"]}]}<\/script>\n<meta property=\"product:brand\" content=\"DELL\" \/>\n<meta property=\"product:price:amount\" content=\"35948\" \/>\n<meta property=\"product:price:currency\" content=\"MXN\" \/>\n<meta property=\"og:availability\" content=\"instock\" \/>\n<meta property=\"product:availability\" content=\"instock\" \/>\n<meta property=\"product:retailer_item_id\" content=\"3000195191407.1\" \/>\n<meta property=\"product:condition\" content=\"new\" \/>\n<!-- \/ Yoast SEO plugin. -->","yoast_head_json":{"title":"[ Dell ] &#129351; 3000195191407.1 Laptop Xps 13 9350 Copilot + Pc | Intel Core Ultra 7 256 V | 16 Gb, 512 Gb | 13.4 Tactil, 3k, Oled | Win 11 Home |","description":"Compra 3000195191407.1 Laptop Xps 13 9350 Copilot + Pc | Intel Core Ultra 7 256 V | 16 Gb, 512 Gb | 13.4 Tactil, 3k, Oled | Win 11 Home | + Env\u00edo a domicilio + Pago seguro + Garant\u00eda","robots":{"index":"index","follow":"follow","max-snippet":"max-snippet:-1","max-image-preview":"max-image-preview:large","max-video-preview":"max-video-preview:-1"},"canonical":"https:\/\/compuviper.mx\/tienda\/producto\/dell-3000195191407-1-laptop-xps-13-9350-copilot-pc-intel-core-ultra-7-256-v-16-gb-512-gb-13-4-tactil-3k-oled-win-11-home\/","og_locale":"es_MX","og_type":"article","og_title":"[ Dell ] &#129351; 3000195191407.1 Laptop Xps 13 9350 Copilot + Pc | Intel Core Ultra 7 256 V | 16 Gb, 512 Gb | 13.4 Tactil, 3k, Oled | Win 11 Home |","og_description":"Compra 3000195191407.1 Laptop Xps 13 9350 Copilot + Pc | Intel Core Ultra 7 256 V | 16 Gb, 512 Gb | 13.4 Tactil, 3k, Oled | Win 11 Home | + Env\u00edo a domicilio + Pago seguro + Garant\u00eda","og_url":"https:\/\/compuviper.mx\/tienda\/producto\/dell-3000195191407-1-laptop-xps-13-9350-copilot-pc-intel-core-ultra-7-256-v-16-gb-512-gb-13-4-tactil-3k-oled-win-11-home\/","og_site_name":"Compuviper","article_publisher":"https:\/\/www.facebook.com\/compuviper","twitter_card":"summary_large_image","twitter_misc":{"Precio":"&#36;35,948 con IVA","Availability":"In stock"},"schema":{"@context":"https:\/\/schema.org","@graph":[{"@type":"WebPage","@id":"https:\/\/compuviper.mx\/tienda\/producto\/dell-3000195191407-1-laptop-xps-13-9350-copilot-pc-intel-core-ultra-7-256-v-16-gb-512-gb-13-4-tactil-3k-oled-win-11-home\/","url":"https:\/\/compuviper.mx\/tienda\/producto\/dell-3000195191407-1-laptop-xps-13-9350-copilot-pc-intel-core-ultra-7-256-v-16-gb-512-gb-13-4-tactil-3k-oled-win-11-home\/","name":"[ Dell ] &#129351; 3000195191407.1 Laptop Xps 13 9350 Copilot + Pc | Intel Core Ultra 7 256 V | 16 Gb, 512 Gb | 13.4 Tactil, 3k, Oled | Win 11 Home |","isPartOf":{"@id":"https:\/\/compuviper.mx\/tienda\/#website"},"datePublished":"2026-04-17T07:16:45+00:00","dateModified":"2026-04-17T07:16:45+00:00","description":"Compra 3000195191407.1 Laptop Xps 13 9350 Copilot + Pc | Intel Core Ultra 7 256 V | 16 Gb, 512 Gb | 13.4 Tactil, 3k, Oled | Win 11 Home | + Env\u00edo a domicilio + Pago seguro + Garant\u00eda","breadcrumb":{"@id":"https:\/\/compuviper.mx\/tienda\/producto\/dell-3000195191407-1-laptop-xps-13-9350-copilot-pc-intel-core-ultra-7-256-v-16-gb-512-gb-13-4-tactil-3k-oled-win-11-home\/#breadcrumb"},"inLanguage":"es-MX","potentialAction":[{"@type":"ReadAction","target":["https:\/\/compuviper.mx\/tienda\/producto\/dell-3000195191407-1-laptop-xps-13-9350-copilot-pc-intel-core-ultra-7-256-v-16-gb-512-gb-13-4-tactil-3k-oled-win-11-home\/"]}]},{"@type":"BreadcrumbList","@id":"https:\/\/compuviper.mx\/tienda\/producto\/dell-3000195191407-1-laptop-xps-13-9350-copilot-pc-intel-core-ultra-7-256-v-16-gb-512-gb-13-4-tactil-3k-oled-win-11-home\/#breadcrumb","itemListElement":[{"@type":"ListItem","position":1,"name":"Inicio","item":"https:\/\/compuviper.mx\/tienda\/"},{"@type":"ListItem","position":2,"name":"Productos","item":"https:\/\/compuviper.mx\/tienda\/productos\/"},{"@type":"ListItem","position":3,"name":"Laptops","item":"https:\/\/compuviper.mx\/tienda\/categoria-producto\/laptops\/"},{"@type":"ListItem","position":4,"name":"Notebook","item":"https:\/\/compuviper.mx\/tienda\/categoria-producto\/laptops\/notebook-laptops\/"},{"@type":"ListItem","position":5,"name":"Dell 3000195191407.1 Laptop Xps 13 9350 Copilot + Pc | Intel Core Ultra 7 256 V | 16 Gb, 512 Gb | 13.4 Tactil, 3k, Oled | Win 11 Home |"}]},{"@type":"WebSite","@id":"https:\/\/compuviper.mx\/tienda\/#website","url":"https:\/\/compuviper.mx\/tienda\/","name":"Compuviper","description":"Proveedor de Computadoras, Laptops, Servidores, Monitores, Puntos de Venta, Teclados,   Impresoras, T\u00f3ner, C\u00e1maras de Seguridad y m\u00e1s en tu tienda en l\u00ednea","publisher":{"@id":"https:\/\/compuviper.mx\/tienda\/#organization"},"potentialAction":[{"@type":"SearchAction","target":{"@type":"EntryPoint","urlTemplate":"https:\/\/compuviper.mx\/tienda\/?s={search_term_string}"},"query-input":"required name=search_term_string"}],"inLanguage":"es-MX"},{"@type":"Organization","@id":"https:\/\/compuviper.mx\/tienda\/#organization","name":"Compuviper","url":"https:\/\/compuviper.mx\/tienda\/","logo":{"@type":"ImageObject","inLanguage":"es-MX","@id":"https:\/\/compuviper.mx\/tienda\/#\/schema\/logo\/image\/","url":"https:\/\/compuviper.mx\/tienda\/wp-content\/uploads\/2021\/08\/Logo-Compuviper-10.png","contentUrl":"https:\/\/compuviper.mx\/tienda\/wp-content\/uploads\/2021\/08\/Logo-Compuviper-10.png","width":1000,"height":500,"caption":"Compuviper"},"image":{"@id":"https:\/\/compuviper.mx\/tienda\/#\/schema\/logo\/image\/"},"sameAs":["https:\/\/www.facebook.com\/compuviper","https:\/\/www.youtube.com\/channel\/UCf73dERp9Y3cfOq7q8BhLjA?view_as=subscriber"]}]},"product_brand":"DELL","product_price_amount":"35948","product_price_currency":"MXN","og_availability":"instock","product_availability":"instock","product_retailer_item_id":"3000195191407.1","product_condition":"new"},"_links":{"self":[{"href":"https:\/\/compuviper.mx\/tienda\/wp-json\/wp\/v2\/product\/261151"}],"collection":[{"href":"https:\/\/compuviper.mx\/tienda\/wp-json\/wp\/v2\/product"}],"about":[{"href":"https:\/\/compuviper.mx\/tienda\/wp-json\/wp\/v2\/types\/product"}],"replies":[{"embeddable":true,"href":"https:\/\/compuviper.mx\/tienda\/wp-json\/wp\/v2\/comments?post=261151"}],"wp:attachment":[{"href":"https:\/\/compuviper.mx\/tienda\/wp-json\/wp\/v2\/media?parent=261151"}],"wp:term":[{"taxonomy":"product_cat","embeddable":true,"href":"https:\/\/compuviper.mx\/tienda\/wp-json\/wp\/v2\/product_cat?post=261151"},{"taxonomy":"product_tag","embeddable":true,"href":"https:\/\/compuviper.mx\/tienda\/wp-json\/wp\/v2\/product_tag?post=261151"}],"curies":[{"name":"wp","href":"https:\/\/api.w.org\/{rel}","templated":true}]}}