{"id":261105,"date":"2026-04-10T00:47:18","date_gmt":"2026-04-10T06:47:18","guid":{"rendered":"https:\/\/compuviper.mx\/tienda\/producto\/lg-43uh5q-monitor-de-sealizacion-digital-de-43-p-uso-24-7-brillo-500-nits-bisel-uniforme-11-4-mm-webos-8-0-interfaz-hdmi-3-hdmi-out-1-dp-usb-2-0-rs232c-rj45-audio-ir\/"},"modified":"2026-04-10T00:47:18","modified_gmt":"2026-04-10T06:47:18","slug":"lg-43uh5q-monitor-de-sealizacion-digital-de-43-p-uso-24-7-brillo-500-nits-bisel-uniforme-11-4-mm-webos-8-0-interfaz-hdmi-3-hdmi-out-1-dp-usb-2-0-rs232c-rj45-audio-ir","status":"publish","type":"product","link":"https:\/\/compuviper.mx\/tienda\/producto\/lg-43uh5q-monitor-de-sealizacion-digital-de-43-p-uso-24-7-brillo-500-nits-bisel-uniforme-11-4-mm-webos-8-0-interfaz-hdmi-3-hdmi-out-1-dp-usb-2-0-rs232c-rj45-audio-ir\/","title":{"rendered":"Lg 43uh5q Monitor De Se?alizacion Digital  De 43 P Uso 24\/7 Brillo 500 Nits, Bisel Uniforme 11.4 Mm  Webos 8.0, Interfaz Hdmi 3 \/ Hdmi Out (1) \/ Dp \/ Usb 2.0 \/ Rs232c \/ Rj45 \/ Audio \/ Ir"},"content":{"rendered":"<table class=\"descripcion\">\n<tr>\n<td>Panel<\/td>\n<\/tr>\n<tr>\n<td>Tama\u00f1o de pantalla (pulgadas) 43<\/td>\n<\/tr>\n<tr>\n<td>Tecnolog\u00eda de paneles anuncios<\/td>\n<\/tr>\n<tr>\n<td>Tipo de luz de fondo borde<\/td>\n<\/tr>\n<tr>\n<td>Relaci\u00f3n de aspecto 16:9<\/td>\n<\/tr>\n<tr>\n<td>Resoluci\u00f3n nativa 3840 x 2160 (uhd)<\/td>\n<\/tr>\n<tr>\n<td>Frecuencia de actualizaci\u00f3n 60 hz<\/td>\n<\/tr>\n<tr>\n<td>Brillo 500 nits (t\u00edpico)<\/td>\n<\/tr>\n<tr>\n<td>Relaci\u00f3n de contraste 1.200:1 (t\u00edpico)<\/td>\n<\/tr>\n<tr>\n<td>Cr din\u00e1mico 1.000.000:1<\/td>\n<\/tr>\n<tr>\n<td>Gama de colores bt709 95%<\/td>\n<\/tr>\n<tr>\n<td>\u00e1ngulo de visi\u00f3n (h x v) 178 x 178<\/td>\n<\/tr>\n<tr>\n<td>Profundidad de color (n\u00famero de colores) 10 bits (d), 1.070 millones de colores<\/td>\n<\/tr>\n<tr>\n<td>Tiempo de respuesta 8m (g a g) (t\u00edp.)<\/td>\n<\/tr>\n<tr>\n<td>Tratamiento de superficies (neblina) 25% (t\u00edpico)<\/td>\n<\/tr>\n<tr>\n<td>Tiempo de vida 50.000 horas (m\u00edn.)<\/td>\n<\/tr>\n<tr>\n<td>Horas de operaci\u00f3n (horas\/d\u00eda) 24\/7<\/td>\n<\/tr>\n<tr>\n<td>Retrato \/ paisaje s\u00ed \/ s\u00ed<\/td>\n<\/tr>\n<tr>\n<td>Conectividad (interfaz jack)<\/td>\n<\/tr>\n<tr>\n<td>Entrada hdmi s\u00ed (3), 3840&#215;2160 a 60 hz, hdcp 2.2\/1.4<\/td>\n<\/tr>\n<tr>\n<td>Dp en s\u00ed (1), 3840&#215;2160 a 60 hz, hdcp2.2\/1.3<\/td>\n<\/tr>\n<tr>\n<td>Entrada rs232c s\u00ed (1), conector telef\u00f3nico de 4 pines<\/td>\n<\/tr>\n<tr>\n<td>Entrada rj45 (lan) s\u00ed (1)<\/td>\n<\/tr>\n<tr>\n<td>Ir en s\u00ed (1)<\/td>\n<\/tr>\n<tr>\n<td>Entrada usb usb 2.0 tipo a (2)<\/td>\n<\/tr>\n<tr>\n<td>Salida de audio s\u00ed (1)<\/td>\n<\/tr>\n<tr>\n<td>Salida rs232c s\u00ed (1), conector telef\u00f3nico de 4 pines<\/td>\n<\/tr>\n<tr>\n<td>Salida de infrarrojos no (compatible con conexi\u00f3n en cadena por infrarrojos mediante entrada\/salida rs232c)<\/td>\n<\/tr>\n<tr>\n<td>Mec\u00e1nico<\/td>\n<\/tr>\n<tr>\n<td>Color del bisel negro<\/td>\n<\/tr>\n<tr>\n<td>Ancho del bisel bisel uniforme: 11,4 mm<\/td>\n<\/tr>\n<tr>\n<td>Peso (cabeza) 9,4 kilogramos<\/td>\n<\/tr>\n<tr>\n<td>Peso empaquetado 11,3 kilogramos<\/td>\n<\/tr>\n<tr>\n<td>Dimensiones del monitor (an. x al. x pr.) 971,7 x 561,0 x 29,7 mm<\/td>\n<\/tr>\n<tr>\n<td>Dimensiones de la caja (an. x al. x pr.) 1055,0 x 660,0 x 140,0 mm<\/td>\n<\/tr>\n<tr>\n<td>Interfaz de montaje est\u00e1ndar vesa tm 200 x 200<\/td>\n<\/tr>\n<tr>\n<td>Caracter\u00edstica de hardware<\/td>\n<\/tr>\n<tr>\n<td>Memoria interna (emmc) 16 gb<\/td>\n<\/tr>\n<tr>\n<td>Wi-fi\/bt (integrado) s\u00ed<\/td>\n<\/tr>\n<tr>\n<td>Sensor de temperatura s\u00ed<\/td>\n<\/tr>\n<tr>\n<td>Sensor de brillo autom\u00e1tico s\u00ed (integrado solo para europa, se vende por separado en otras regiones)<\/td>\n<\/tr>\n<tr>\n<td>Sensor de aceleraci\u00f3n (giroscopio) s\u00ed<\/td>\n<\/tr>\n<tr>\n<td>Operaci\u00f3n de tecla local s\u00ed<\/td>\n<\/tr>\n<tr>\n<td>Funci\u00f3n sw<\/td>\n<\/tr>\n<tr>\n<td>Versi\u00f3n del sistema operativo (webos) webos8.0<\/td>\n<\/tr>\n<tr>\n<td>Programaci\u00f3n de contenidos locales s\u00ed<\/td>\n<\/tr>\n<tr>\n<td>Gerente de grupo s\u00ed<\/td>\n<\/tr>\n<tr>\n<td>Usb plug  and  play s\u00ed<\/td>\n<\/tr>\n<tr>\n<td>Conmutaci\u00f3n por error s\u00ed<\/td>\n<\/tr>\n<tr>\n<td>Imagen del logotipo de arranque s\u00ed<\/td>\n<\/tr>\n<tr>\n<td>Sin imagen de se\u00f1al s\u00ed<\/td>\n<\/tr>\n<tr>\n<td>Sincronizaci\u00f3n rs232c s\u00ed<\/td>\n<\/tr>\n<tr>\n<td>Sincronizaci\u00f3n de red local s\u00ed<\/td>\n<\/tr>\n<tr>\n<td>Pepita s\u00ed<\/td>\n<\/tr>\n<tr>\n<td>Pbp s\u00ed (4)<\/td>\n<\/tr>\n<tr>\n<td>Compartir pantalla s\u00ed<\/td>\n<\/tr>\n<tr>\n<td>Etiqueta de v\u00eddeo s\u00ed (4)<\/td>\n<\/tr>\n<tr>\n<td>Jugar a trav\u00e9s de url s\u00ed<\/td>\n<\/tr>\n<tr>\n<td>Rotaci\u00f3n de pantalla s\u00ed<\/td>\n<\/tr>\n<tr>\n<td>Rotaci\u00f3n de entrada externa s\u00ed<\/td>\n<\/tr>\n<tr>\n<td>Reproducci\u00f3n sin interrupciones s\u00ed<\/td>\n<\/tr>\n<tr>\n<td>Configuraci\u00f3n del modo mosaico s\u00ed (m\u00e1x. 15&#215;15)<\/td>\n<\/tr>\n<tr>\n<td>Configuraci\u00f3n de clonaci\u00f3n de datos s\u00ed<\/td>\n<\/tr>\n<tr>\n<td>Snmp s\u00ed<\/td>\n<\/tr>\n<tr>\n<td>M\u00e9todo ism s\u00ed<\/td>\n<\/tr>\n<tr>\n<td>Id de configuraci\u00f3n autom\u00e1tica s\u00ed<\/td>\n<\/tr>\n<tr>\n<td>Estado del correo s\u00ed<\/td>\n<\/tr>\n<tr>\n<td>Gerente de control s\u00ed<\/td>\n<\/tr>\n<tr>\n<td>Certificaci\u00f3n cisco s\u00ed (por determinar)<\/td>\n<\/tr>\n<tr>\n<td>Crestron conectado s\u00ed<\/td>\n<\/tr>\n<tr>\n<td>Ahorro de energ\u00eda inteligente s\u00ed<\/td>\n<\/tr>\n<tr>\n<td>Modo pm s\u00ed<\/td>\n<\/tr>\n<tr>\n<td>Activaci\u00f3n en lan s\u00ed<\/td>\n<\/tr>\n<tr>\n<td>Listo para la red s\u00ed<\/td>\n<\/tr>\n<tr>\n<td>Faro s\u00ed<\/td>\n<\/tr>\n<tr>\n<td>Hdmi-cec s\u00ed<\/td>\n<\/tr>\n<tr>\n<td>Configuraci\u00f3n del servidor si s\u00ed<\/td>\n<\/tr>\n<tr>\n<td>Webrtc s\u00ed<\/td>\n<\/tr>\n<tr>\n<td>Pro: idioma s\u00ed<\/td>\n<\/tr>\n<tr>\n<td>Condiciones ambientales<\/td>\n<\/tr>\n<tr>\n<td>Temperatura de funcionamiento 0\u00b0c a 40\u00b0c<\/td>\n<\/tr>\n<tr>\n<td>Humedad de funcionamiento 10 % a 80 %<\/td>\n<\/tr>\n<tr>\n<td>Fuerza<\/td>\n<\/tr>\n<tr>\n<td>Fuente de alimentaci\u00f3n ca 100-240 v~, 50\/60 hz<\/td>\n<\/tr>\n<tr>\n<td>Tipo de energ\u00eda energ\u00eda incorporada<\/td>\n<\/tr>\n<tr>\n<td>Consumo de energ\u00eda<\/td>\n<\/tr>\n<tr>\n<td>T\u00edpico 65 w<\/td>\n<\/tr>\n<tr>\n<td>M\u00e1x. 124 w (por determinar)<\/td>\n<\/tr>\n<tr>\n<td>Btu (unidad t\u00e9rmica brit\u00e1nica) 222 btu\/h (t\u00edpico), 423 btu\/h (m\u00e1ximo)<\/td>\n<\/tr>\n<tr>\n<td>Ahorro de energ\u00eda inteligente (70%) 46 w (por determinar)<\/td>\n<\/tr>\n<tr>\n<td>Director de proyectos 0,5 w<\/td>\n<\/tr>\n<tr>\n<td>Apagado 0,5 w<\/td>\n<\/tr>\n<tr>\n<td>Sonido<\/td>\n<\/tr>\n<tr>\n<td>Altavoz (integrado) s\u00ed (10w x 2)<\/td>\n<\/tr>\n<tr>\n<td>Proceso de dar un t\u00edtulo<\/td>\n<\/tr>\n<tr>\n<td>Seguridad cb \/ nrtl<\/td>\n<\/tr>\n<tr>\n<td>Compatibilidad electromagn\u00e9tica clase b de la fcc \/ ce \/ kc<\/td>\n<\/tr>\n<tr>\n<td>Erp \/ energy star s\u00ed \/ s\u00ed<\/td>\n<\/tr>\n<tr>\n<td>Epeat (solo ee. uu.) s\u00ed \/ carbono reducci\u00f3n de co2 (tbd)<\/td>\n<\/tr>\n<tr>\n<td>Compatibilidad de software<\/td>\n<\/tr>\n<tr>\n<td>Sistema de gesti\u00f3n de contenidos supersign s\u00ed<\/td>\n<\/tr>\n<tr>\n<td>Supersign control+ s\u00ed<\/td>\n<\/tr>\n<tr>\n<td>Supersign wb s\u00ed<\/td>\n<\/tr>\n<tr>\n<td>Nube supersign s\u00ed<\/td>\n<\/tr>\n<tr>\n<td>Cms m\u00f3vil s\u00ed<\/td>\n<\/tr>\n<tr>\n<td>Atenci\u00f3n conectada s\u00ed<\/td>\n<\/tr>\n<tr>\n<td>Idioma<\/td>\n<\/tr>\n<tr>\n<td>Osd ingl\u00e9s, franc\u00e9s, alem\u00e1n, espa\u00f1ol, italiano, coreano, chino (simplificado), chino (original), portugu\u00e9s (brasil), sueco, finland\u00e9s, noruego, dan\u00e9s, ruso, japon\u00e9s, portugu\u00e9s (europa), holand\u00e9s, checo, griego, turco, \u00e1rabe, polaco<\/td>\n<\/tr>\n<tr>\n<td>Accesorio<\/td>\n<\/tr>\n<tr>\n<td>B\u00e1sico control remoto (incluye 2 pilas), cable de alimentaci\u00f3n, gu\u00eda de inicio r\u00e1pido, libro de normas, conector de tel\u00e9fono a rs232c, soporte para cable (para cable de alimentaci\u00f3n), receptor de sensor de luz\/ir (solo ue\/ek), l\u00e1mina magn\u00e9tica (2 unidades, solo ue\/ek)<\/td>\n<\/tr>\n<tr>\n<td>Opcional soporte de pared delgado (wb21lma\/b), soporte de pared normal (lsw240a\/b), receptor de sensor de luz\/ir (acc-l)<\/td>\n<\/tr>\n<tr>\n<td>Caracter\u00edstica especial<\/td>\n<\/tr>\n<tr>\n<td>Inclinaci\u00f3n (boca abajo) s\u00ed (temperatura m\u00e1xima de 15 \u00b0c y 40 \u00b0c) (por determinar)<\/td>\n<\/tr>\n<tr>\n<td>Clasificaci\u00f3n ip ip5x<\/td>\n<\/tr>\n<tr>\n<td>Recubrimiento conformado (placa de alimentaci\u00f3n) s\u00ed (recubrimiento espacial parcial)<\/td>\n<\/tr>\n<\/table>\n","protected":false},"excerpt":{"rendered":"<p>Pantalla de se\u00f1alizaci\u00f3n uhd con plataforma lg webos y seguridad avanzada. Excelente calidad de imagen con resoluci\u00f3n ultra hd. Gracias a la resoluci\u00f3n uhd, los colores y detalles del contenido son v\u00edvidos y realistas. Adem\u00e1s, el amplio \u00e1ngulo de visi\u00f3n ofrece un contenido n\u00edtido. Dise\u00f1o de bisel uniforme y delgado. La serie uh5q presenta biseles delgados horizontales y verticales perfectamente equilibrados, creando una soluci\u00f3n de visualizaci\u00f3n visualmente armoniosa. Su dise\u00f1o especializado simplifica la instalaci\u00f3n en entornos comerciales y ofrece una experiencia visual verdaderamente inmersiva. Dise\u00f1o para la utilizaci\u00f3n del espacio. Dise\u00f1ado con biseles delgados y una gesti\u00f3n de cables sencilla, el uh5q ahorra espacio. Gracias a sus entradas de alimentaci\u00f3n ocultas, se puede instalar cerca de la pared, dejando solo unos 13,5 mm de espacio con el soporte delgado. Durabilidad que proporciona confiabilidad. Optimizado para entornos empresariales, el uh5q est\u00e1 protegido contra la sal, el polvo, el polvo de hierro y la humedad gracias a un revestimiento parcial conformado en la placa de alimentaci\u00f3n, lo que garantiza un funcionamiento estable. Adem\u00e1s, sus caracter\u00edsticas orientadas al cliente, como la certificaci\u00f3n ip5x y la monitorizaci\u00f3n de impactos*, garantizan fiabilidad y satisfacci\u00f3n. Seguridad integral. La se\u00f1alizaci\u00f3n webos va m\u00e1s all\u00e1 de las medidas de seguridad a nivel del sistema operativo (so). Lg shield emplea un sistema de defensa de cinco niveles que abarca el servidor, la aplicaci\u00f3n, el sistema operativo, el sistema y el hardware. Cada capa funciona de forma independiente, ofreciendo una protecci\u00f3n integral contra diversas amenazas. Adem\u00e1s, la plataforma webos es compatible con la norma etsi en 303 645. Soluciones supersign. Supersign es una soluci\u00f3n integrada e intuitiva de gesti\u00f3n de contenido para una se\u00f1alizaci\u00f3n digital creativa y organizada en su espacio, conectando a los clientes con una gama de servicios con experiencias de usuario pr\u00e1cticas. Existen diversas versiones, como supersign cloud, as\u00ed que descubra y disfrute la que mejor se adapte a sus necesidades.<\/p>\n","protected":false},"featured_media":0,"comment_status":"open","ping_status":"open","template":"","meta":[],"product_cat":[1740,1746],"product_tag":[1687],"acf":[],"yoast_head":"<!-- This site is optimized with the Yoast SEO plugin v21.7 - https:\/\/yoast.com\/wordpress\/plugins\/seo\/ -->\n<title>[ Lg ] &#129351; 43uh5q Monitor De Se\u00f1alizacion Digital De 43 P Uso 24\/7 Brillo 500 Nits, Bisel Uniforme 11.4 Mm Webos 8.0, Interfaz Hdmi 3 \/ Hdmi Out (1) \/ Dp \/ Usb 2.0 \/ Rs232c \/ Rj45 \/ Audio \/ Ir<\/title>\n<meta name=\"description\" content=\"Compra 43uh5q Monitor De Se\u00f1alizacion Digital De 43 P Uso 24\/7 Brillo 500 Nits, Bisel Uniforme 11.4 Mm Webos 8.0, Interfaz Hdmi 3 \/ Hdmi Out (1) \/ Dp \/ Usb 2.0 \/ Rs232c \/ Rj45 \/ Audio \/ Ir + Env\u00edo a domicilio + Pago seguro + Garant\u00eda\" \/>\n<meta name=\"robots\" content=\"index, follow, max-snippet:-1, max-image-preview:large, max-video-preview:-1\" \/>\n<link rel=\"canonical\" href=\"https:\/\/compuviper.mx\/tienda\/producto\/lg-43uh5q-monitor-de-sealizacion-digital-de-43-p-uso-24-7-brillo-500-nits-bisel-uniforme-11-4-mm-webos-8-0-interfaz-hdmi-3-hdmi-out-1-dp-usb-2-0-rs232c-rj45-audio-ir\/\" \/>\n<meta property=\"og:locale\" content=\"es_MX\" \/>\n<meta property=\"og:type\" content=\"article\" \/>\n<meta property=\"og:title\" content=\"[ Lg ] &#129351; 43uh5q Monitor De Se\u00f1alizacion Digital De 43 P Uso 24\/7 Brillo 500 Nits, Bisel Uniforme 11.4 Mm Webos 8.0, Interfaz Hdmi 3 \/ Hdmi Out (1) \/ Dp \/ Usb 2.0 \/ Rs232c \/ Rj45 \/ Audio \/ Ir\" \/>\n<meta property=\"og:description\" content=\"Compra 43uh5q Monitor De Se\u00f1alizacion Digital De 43 P Uso 24\/7 Brillo 500 Nits, Bisel Uniforme 11.4 Mm Webos 8.0, Interfaz Hdmi 3 \/ Hdmi Out (1) \/ Dp \/ Usb 2.0 \/ Rs232c \/ Rj45 \/ Audio \/ Ir + Env\u00edo a domicilio + Pago seguro + Garant\u00eda\" \/>\n<meta property=\"og:url\" content=\"https:\/\/compuviper.mx\/tienda\/producto\/lg-43uh5q-monitor-de-sealizacion-digital-de-43-p-uso-24-7-brillo-500-nits-bisel-uniforme-11-4-mm-webos-8-0-interfaz-hdmi-3-hdmi-out-1-dp-usb-2-0-rs232c-rj45-audio-ir\/\" \/>\n<meta property=\"og:site_name\" content=\"Compuviper\" \/>\n<meta property=\"article:publisher\" content=\"https:\/\/www.facebook.com\/compuviper\" \/>\n<meta name=\"twitter:card\" content=\"summary_large_image\" \/>\n<meta name=\"twitter:label1\" content=\"Precio\" \/>\n\t<meta name=\"twitter:data1\" content=\"&#36;9,454 &#36;8,838 con IVA\" \/>\n\t<meta name=\"twitter:label2\" content=\"Availability\" \/>\n\t<meta name=\"twitter:data2\" content=\"In stock\" \/>\n<script type=\"application\/ld+json\" class=\"yoast-schema-graph\">{\"@context\":\"https:\/\/schema.org\",\"@graph\":[{\"@type\":\"WebPage\",\"@id\":\"https:\/\/compuviper.mx\/tienda\/producto\/lg-43uh5q-monitor-de-sealizacion-digital-de-43-p-uso-24-7-brillo-500-nits-bisel-uniforme-11-4-mm-webos-8-0-interfaz-hdmi-3-hdmi-out-1-dp-usb-2-0-rs232c-rj45-audio-ir\/\",\"url\":\"https:\/\/compuviper.mx\/tienda\/producto\/lg-43uh5q-monitor-de-sealizacion-digital-de-43-p-uso-24-7-brillo-500-nits-bisel-uniforme-11-4-mm-webos-8-0-interfaz-hdmi-3-hdmi-out-1-dp-usb-2-0-rs232c-rj45-audio-ir\/\",\"name\":\"[ Lg ] &#129351; 43uh5q Monitor De Se\u00f1alizacion Digital De 43 P Uso 24\/7 Brillo 500 Nits, Bisel Uniforme 11.4 Mm Webos 8.0, Interfaz Hdmi 3 \/ Hdmi Out (1) \/ Dp \/ Usb 2.0 \/ Rs232c \/ Rj45 \/ Audio \/ Ir\",\"isPartOf\":{\"@id\":\"https:\/\/compuviper.mx\/tienda\/#website\"},\"datePublished\":\"2026-04-10T06:47:18+00:00\",\"dateModified\":\"2026-04-10T06:47:18+00:00\",\"description\":\"Compra 43uh5q Monitor De Se\u00f1alizacion Digital De 43 P Uso 24\/7 Brillo 500 Nits, Bisel Uniforme 11.4 Mm Webos 8.0, Interfaz Hdmi 3 \/ Hdmi Out (1) \/ Dp \/ Usb 2.0 \/ Rs232c \/ Rj45 \/ Audio \/ Ir + Env\u00edo a domicilio + Pago seguro + Garant\u00eda\",\"breadcrumb\":{\"@id\":\"https:\/\/compuviper.mx\/tienda\/producto\/lg-43uh5q-monitor-de-sealizacion-digital-de-43-p-uso-24-7-brillo-500-nits-bisel-uniforme-11-4-mm-webos-8-0-interfaz-hdmi-3-hdmi-out-1-dp-usb-2-0-rs232c-rj45-audio-ir\/#breadcrumb\"},\"inLanguage\":\"es-MX\",\"potentialAction\":[{\"@type\":\"ReadAction\",\"target\":[\"https:\/\/compuviper.mx\/tienda\/producto\/lg-43uh5q-monitor-de-sealizacion-digital-de-43-p-uso-24-7-brillo-500-nits-bisel-uniforme-11-4-mm-webos-8-0-interfaz-hdmi-3-hdmi-out-1-dp-usb-2-0-rs232c-rj45-audio-ir\/\"]}]},{\"@type\":\"BreadcrumbList\",\"@id\":\"https:\/\/compuviper.mx\/tienda\/producto\/lg-43uh5q-monitor-de-sealizacion-digital-de-43-p-uso-24-7-brillo-500-nits-bisel-uniforme-11-4-mm-webos-8-0-interfaz-hdmi-3-hdmi-out-1-dp-usb-2-0-rs232c-rj45-audio-ir\/#breadcrumb\",\"itemListElement\":[{\"@type\":\"ListItem\",\"position\":1,\"name\":\"Inicio\",\"item\":\"https:\/\/compuviper.mx\/tienda\/\"},{\"@type\":\"ListItem\",\"position\":2,\"name\":\"Productos\",\"item\":\"https:\/\/compuviper.mx\/tienda\/productos\/\"},{\"@type\":\"ListItem\",\"position\":3,\"name\":\"Monitores\",\"item\":\"https:\/\/compuviper.mx\/tienda\/categoria-producto\/monitores\/\"},{\"@type\":\"ListItem\",\"position\":4,\"name\":\"Lcd\",\"item\":\"https:\/\/compuviper.mx\/tienda\/categoria-producto\/monitores\/lcd\/\"},{\"@type\":\"ListItem\",\"position\":5,\"name\":\"Lg 43uh5q Monitor De Se?alizacion Digital De 43 P Uso 24\/7 Brillo 500 Nits, Bisel Uniforme 11.4 Mm Webos 8.0, Interfaz Hdmi 3 \/ Hdmi Out (1) \/ Dp \/ Usb 2.0 \/ Rs232c \/ Rj45 \/ Audio \/ Ir\"}]},{\"@type\":\"WebSite\",\"@id\":\"https:\/\/compuviper.mx\/tienda\/#website\",\"url\":\"https:\/\/compuviper.mx\/tienda\/\",\"name\":\"Compuviper\",\"description\":\"Proveedor de Computadoras, Laptops, Servidores, Monitores, Puntos de Venta, Teclados,   Impresoras, T\u00f3ner, C\u00e1maras de Seguridad y m\u00e1s en tu tienda en l\u00ednea\",\"publisher\":{\"@id\":\"https:\/\/compuviper.mx\/tienda\/#organization\"},\"potentialAction\":[{\"@type\":\"SearchAction\",\"target\":{\"@type\":\"EntryPoint\",\"urlTemplate\":\"https:\/\/compuviper.mx\/tienda\/?s={search_term_string}\"},\"query-input\":\"required name=search_term_string\"}],\"inLanguage\":\"es-MX\"},{\"@type\":\"Organization\",\"@id\":\"https:\/\/compuviper.mx\/tienda\/#organization\",\"name\":\"Compuviper\",\"url\":\"https:\/\/compuviper.mx\/tienda\/\",\"logo\":{\"@type\":\"ImageObject\",\"inLanguage\":\"es-MX\",\"@id\":\"https:\/\/compuviper.mx\/tienda\/#\/schema\/logo\/image\/\",\"url\":\"https:\/\/compuviper.mx\/tienda\/wp-content\/uploads\/2021\/08\/Logo-Compuviper-10.png\",\"contentUrl\":\"https:\/\/compuviper.mx\/tienda\/wp-content\/uploads\/2021\/08\/Logo-Compuviper-10.png\",\"width\":1000,\"height\":500,\"caption\":\"Compuviper\"},\"image\":{\"@id\":\"https:\/\/compuviper.mx\/tienda\/#\/schema\/logo\/image\/\"},\"sameAs\":[\"https:\/\/www.facebook.com\/compuviper\",\"https:\/\/www.youtube.com\/channel\/UCf73dERp9Y3cfOq7q8BhLjA?view_as=subscriber\"]}]}<\/script>\n<meta property=\"product:brand\" content=\"LG\" \/>\n<meta property=\"product:price:amount\" content=\"8838\" \/>\n<meta property=\"product:price:currency\" content=\"MXN\" \/>\n<meta property=\"og:availability\" content=\"instock\" \/>\n<meta property=\"product:availability\" content=\"instock\" \/>\n<meta property=\"product:retailer_item_id\" content=\"43UH5Q\" \/>\n<meta property=\"product:condition\" content=\"new\" \/>\n<!-- \/ Yoast SEO plugin. -->","yoast_head_json":{"title":"[ Lg ] &#129351; 43uh5q Monitor De Se\u00f1alizacion Digital De 43 P Uso 24\/7 Brillo 500 Nits, Bisel Uniforme 11.4 Mm Webos 8.0, Interfaz Hdmi 3 \/ Hdmi Out (1) \/ Dp \/ Usb 2.0 \/ Rs232c \/ Rj45 \/ Audio \/ Ir","description":"Compra 43uh5q Monitor De Se\u00f1alizacion Digital De 43 P Uso 24\/7 Brillo 500 Nits, Bisel Uniforme 11.4 Mm Webos 8.0, Interfaz Hdmi 3 \/ Hdmi Out (1) \/ Dp \/ Usb 2.0 \/ Rs232c \/ Rj45 \/ Audio \/ Ir + Env\u00edo a domicilio + Pago seguro + Garant\u00eda","robots":{"index":"index","follow":"follow","max-snippet":"max-snippet:-1","max-image-preview":"max-image-preview:large","max-video-preview":"max-video-preview:-1"},"canonical":"https:\/\/compuviper.mx\/tienda\/producto\/lg-43uh5q-monitor-de-sealizacion-digital-de-43-p-uso-24-7-brillo-500-nits-bisel-uniforme-11-4-mm-webos-8-0-interfaz-hdmi-3-hdmi-out-1-dp-usb-2-0-rs232c-rj45-audio-ir\/","og_locale":"es_MX","og_type":"article","og_title":"[ Lg ] &#129351; 43uh5q Monitor De Se\u00f1alizacion Digital De 43 P Uso 24\/7 Brillo 500 Nits, Bisel Uniforme 11.4 Mm Webos 8.0, Interfaz Hdmi 3 \/ Hdmi Out (1) \/ Dp \/ Usb 2.0 \/ Rs232c \/ Rj45 \/ Audio \/ Ir","og_description":"Compra 43uh5q Monitor De Se\u00f1alizacion Digital De 43 P Uso 24\/7 Brillo 500 Nits, Bisel Uniforme 11.4 Mm Webos 8.0, Interfaz Hdmi 3 \/ Hdmi Out (1) \/ Dp \/ Usb 2.0 \/ Rs232c \/ Rj45 \/ Audio \/ Ir + Env\u00edo a domicilio + Pago seguro + Garant\u00eda","og_url":"https:\/\/compuviper.mx\/tienda\/producto\/lg-43uh5q-monitor-de-sealizacion-digital-de-43-p-uso-24-7-brillo-500-nits-bisel-uniforme-11-4-mm-webos-8-0-interfaz-hdmi-3-hdmi-out-1-dp-usb-2-0-rs232c-rj45-audio-ir\/","og_site_name":"Compuviper","article_publisher":"https:\/\/www.facebook.com\/compuviper","twitter_card":"summary_large_image","twitter_misc":{"Precio":"&#36;9,454 &#36;8,838 con IVA","Availability":"In stock"},"schema":{"@context":"https:\/\/schema.org","@graph":[{"@type":"WebPage","@id":"https:\/\/compuviper.mx\/tienda\/producto\/lg-43uh5q-monitor-de-sealizacion-digital-de-43-p-uso-24-7-brillo-500-nits-bisel-uniforme-11-4-mm-webos-8-0-interfaz-hdmi-3-hdmi-out-1-dp-usb-2-0-rs232c-rj45-audio-ir\/","url":"https:\/\/compuviper.mx\/tienda\/producto\/lg-43uh5q-monitor-de-sealizacion-digital-de-43-p-uso-24-7-brillo-500-nits-bisel-uniforme-11-4-mm-webos-8-0-interfaz-hdmi-3-hdmi-out-1-dp-usb-2-0-rs232c-rj45-audio-ir\/","name":"[ Lg ] &#129351; 43uh5q Monitor De Se\u00f1alizacion Digital De 43 P Uso 24\/7 Brillo 500 Nits, Bisel Uniforme 11.4 Mm Webos 8.0, Interfaz Hdmi 3 \/ Hdmi Out (1) \/ Dp \/ Usb 2.0 \/ Rs232c \/ Rj45 \/ Audio \/ Ir","isPartOf":{"@id":"https:\/\/compuviper.mx\/tienda\/#website"},"datePublished":"2026-04-10T06:47:18+00:00","dateModified":"2026-04-10T06:47:18+00:00","description":"Compra 43uh5q Monitor De Se\u00f1alizacion Digital De 43 P Uso 24\/7 Brillo 500 Nits, Bisel Uniforme 11.4 Mm Webos 8.0, Interfaz Hdmi 3 \/ Hdmi Out (1) \/ Dp \/ Usb 2.0 \/ Rs232c \/ Rj45 \/ Audio \/ Ir + Env\u00edo a domicilio + Pago seguro + Garant\u00eda","breadcrumb":{"@id":"https:\/\/compuviper.mx\/tienda\/producto\/lg-43uh5q-monitor-de-sealizacion-digital-de-43-p-uso-24-7-brillo-500-nits-bisel-uniforme-11-4-mm-webos-8-0-interfaz-hdmi-3-hdmi-out-1-dp-usb-2-0-rs232c-rj45-audio-ir\/#breadcrumb"},"inLanguage":"es-MX","potentialAction":[{"@type":"ReadAction","target":["https:\/\/compuviper.mx\/tienda\/producto\/lg-43uh5q-monitor-de-sealizacion-digital-de-43-p-uso-24-7-brillo-500-nits-bisel-uniforme-11-4-mm-webos-8-0-interfaz-hdmi-3-hdmi-out-1-dp-usb-2-0-rs232c-rj45-audio-ir\/"]}]},{"@type":"BreadcrumbList","@id":"https:\/\/compuviper.mx\/tienda\/producto\/lg-43uh5q-monitor-de-sealizacion-digital-de-43-p-uso-24-7-brillo-500-nits-bisel-uniforme-11-4-mm-webos-8-0-interfaz-hdmi-3-hdmi-out-1-dp-usb-2-0-rs232c-rj45-audio-ir\/#breadcrumb","itemListElement":[{"@type":"ListItem","position":1,"name":"Inicio","item":"https:\/\/compuviper.mx\/tienda\/"},{"@type":"ListItem","position":2,"name":"Productos","item":"https:\/\/compuviper.mx\/tienda\/productos\/"},{"@type":"ListItem","position":3,"name":"Monitores","item":"https:\/\/compuviper.mx\/tienda\/categoria-producto\/monitores\/"},{"@type":"ListItem","position":4,"name":"Lcd","item":"https:\/\/compuviper.mx\/tienda\/categoria-producto\/monitores\/lcd\/"},{"@type":"ListItem","position":5,"name":"Lg 43uh5q Monitor De Se?alizacion Digital De 43 P Uso 24\/7 Brillo 500 Nits, Bisel Uniforme 11.4 Mm Webos 8.0, Interfaz Hdmi 3 \/ Hdmi Out (1) \/ Dp \/ Usb 2.0 \/ Rs232c \/ Rj45 \/ Audio \/ Ir"}]},{"@type":"WebSite","@id":"https:\/\/compuviper.mx\/tienda\/#website","url":"https:\/\/compuviper.mx\/tienda\/","name":"Compuviper","description":"Proveedor de Computadoras, Laptops, Servidores, Monitores, Puntos de Venta, Teclados,   Impresoras, T\u00f3ner, C\u00e1maras de Seguridad y m\u00e1s en tu tienda en l\u00ednea","publisher":{"@id":"https:\/\/compuviper.mx\/tienda\/#organization"},"potentialAction":[{"@type":"SearchAction","target":{"@type":"EntryPoint","urlTemplate":"https:\/\/compuviper.mx\/tienda\/?s={search_term_string}"},"query-input":"required name=search_term_string"}],"inLanguage":"es-MX"},{"@type":"Organization","@id":"https:\/\/compuviper.mx\/tienda\/#organization","name":"Compuviper","url":"https:\/\/compuviper.mx\/tienda\/","logo":{"@type":"ImageObject","inLanguage":"es-MX","@id":"https:\/\/compuviper.mx\/tienda\/#\/schema\/logo\/image\/","url":"https:\/\/compuviper.mx\/tienda\/wp-content\/uploads\/2021\/08\/Logo-Compuviper-10.png","contentUrl":"https:\/\/compuviper.mx\/tienda\/wp-content\/uploads\/2021\/08\/Logo-Compuviper-10.png","width":1000,"height":500,"caption":"Compuviper"},"image":{"@id":"https:\/\/compuviper.mx\/tienda\/#\/schema\/logo\/image\/"},"sameAs":["https:\/\/www.facebook.com\/compuviper","https:\/\/www.youtube.com\/channel\/UCf73dERp9Y3cfOq7q8BhLjA?view_as=subscriber"]}]},"product_brand":"LG","product_price_amount":"8838","product_price_currency":"MXN","og_availability":"instock","product_availability":"instock","product_retailer_item_id":"43UH5Q","product_condition":"new"},"_links":{"self":[{"href":"https:\/\/compuviper.mx\/tienda\/wp-json\/wp\/v2\/product\/261105"}],"collection":[{"href":"https:\/\/compuviper.mx\/tienda\/wp-json\/wp\/v2\/product"}],"about":[{"href":"https:\/\/compuviper.mx\/tienda\/wp-json\/wp\/v2\/types\/product"}],"replies":[{"embeddable":true,"href":"https:\/\/compuviper.mx\/tienda\/wp-json\/wp\/v2\/comments?post=261105"}],"wp:attachment":[{"href":"https:\/\/compuviper.mx\/tienda\/wp-json\/wp\/v2\/media?parent=261105"}],"wp:term":[{"taxonomy":"product_cat","embeddable":true,"href":"https:\/\/compuviper.mx\/tienda\/wp-json\/wp\/v2\/product_cat?post=261105"},{"taxonomy":"product_tag","embeddable":true,"href":"https:\/\/compuviper.mx\/tienda\/wp-json\/wp\/v2\/product_tag?post=261105"}],"curies":[{"name":"wp","href":"https:\/\/api.w.org\/{rel}","templated":true}]}}