{"id":261087,"date":"2026-04-11T01:59:33","date_gmt":"2026-04-11T07:59:33","guid":{"rendered":"https:\/\/compuviper.mx\/tienda\/producto\/hewlett-packard-enterprise-p84099-dm5-servidor-hpe-proliant-dl360-gen11-4510-2-4ghz-12c-1p-2x32gb-r-8sff-mr408i-o-2x960gb-ssd-2x800w-ps-la-server\/"},"modified":"2026-04-11T01:59:33","modified_gmt":"2026-04-11T07:59:33","slug":"hewlett-packard-enterprise-p84099-dm5-servidor-hpe-proliant-dl360-gen11-4510-2-4ghz-12c-1p-2x32gb-r-8sff-mr408i-o-2x960gb-ssd-2x800w-ps-la-server","status":"publish","type":"product","link":"https:\/\/compuviper.mx\/tienda\/producto\/hewlett-packard-enterprise-p84099-dm5-servidor-hpe-proliant-dl360-gen11-4510-2-4ghz-12c-1p-2x32gb-r-8sff-mr408i-o-2x960gb-ssd-2x800w-ps-la-server\/","title":{"rendered":"Hewlett Packard Enterprise P84099-dm5 Servidor Hpe Proliant Dl360 Gen11 4510 2.4ghz 12c 1p 2x32gb-r 8sff Mr408i-o 2x960gb Ssd 2x800w Ps La Server"},"content":{"rendered":"<table class=\"descripcion\">\n<tr>\n<td>N\u00facleo de procesador disponible<\/td>\n<\/tr>\n<tr>\n<td>12 n\u00facleos<\/td>\n<\/tr>\n<tr>\n<td>Cach\u00e9 de procesador<\/td>\n<\/tr>\n<tr>\n<td>30 mb l3<\/td>\n<\/tr>\n<tr>\n<td>Nombre del procesador<\/td>\n<\/tr>\n<tr>\n<td>Intel xeon silver 4510 (12 n\u00facleos, 2,40 ghz, 30 mb l3, 150 w)<\/td>\n<\/tr>\n<tr>\n<td>N\u00famero del procesador<\/td>\n<\/tr>\n<tr>\n<td>1 procesador incluido<\/td>\n<\/tr>\n<tr>\n<td>Velocidad del procesador<\/td>\n<\/tr>\n<tr>\n<td>2,40 ghz<\/td>\n<\/tr>\n<tr>\n<td>Tipo de memoria<\/td>\n<\/tr>\n<tr>\n<td>Hpe smart memory ddr5<\/td>\n<\/tr>\n<tr>\n<td>Unidades incluidas<\/td>\n<\/tr>\n<tr>\n<td>2 ssd hpe 960 gb sata 6g lectura intensiva sff bc m\u00faltiples proveedores<\/td>\n<\/tr>\n<tr>\n<td>Tipo de unidad \u00f3ptica<\/td>\n<\/tr>\n<tr>\n<td>Opcional: unidad \u00f3ptica hpe sata dvd-rw de 9,5 mm, unidad usb hpe mobile dvd-rw.<\/td>\n<\/tr>\n<tr>\n<td>Seguridad f\u00edsica<\/td>\n<\/tr>\n<tr>\n<td>Compatibilidad con arranque seguro uefi e inicio seguro. compatibilidad con intel software guard extensions (sgx). inmutable ra\u00edz de confianza de silicio. opcional: cadena de suministro de confianza, modos de seguridad ilo, tpm, kits de detecci\u00f3n de intrusi\u00f3n en el chasis y bloqueo de bisel.<\/td>\n<\/tr>\n<tr>\n<td>Gesti\u00f3n de infraestructura<\/td>\n<\/tr>\n<tr>\n<td>Incluido: hpe ilo standard con aprovisionamiento inteligente (integrado), hpe oneview standard (requiere descarga). opcional: hpe ilo advanced, hpe oneview advanced y hpe compute ops management (suscripci\u00f3n opcional disponible)<\/td>\n<\/tr>\n<tr>\n<td>Tipo de fuente de alimentaci\u00f3n<\/td>\n<\/tr>\n<tr>\n<td>2 kits de fuente de alimentaci\u00f3n hpe platinum hot-plug con ranura flexible y bajo contenido en hal\u00f3genos de 800 w<\/td>\n<\/tr>\n<tr>\n<td>Ranuras de expansi\u00f3n<\/td>\n<\/tr>\n<tr>\n<td>M\u00e1ximo 3 ranuras pcie gen5 y m\u00e1ximo 2 ranuras ocp 3.0 pcie5. consulta las especificaciones r\u00e1pidas para obtener una descripci\u00f3n detallada.<\/td>\n<\/tr>\n<tr>\n<td>Controlador de red<\/td>\n<\/tr>\n<tr>\n<td>Adaptador broadcom bcm5719 ethernet 1 gb 4 puertos base-t ocp3 para hpe<\/td>\n<\/tr>\n<tr>\n<td>Controlador de almacenamiento<\/td>\n<\/tr>\n<tr>\n<td>Controlador de almacenamiento hpe mr408i-o gen11 x8 canales 4 gb cach\u00e9 ocp spdm<\/td>\n<\/tr>\n<tr>\n<td>Caracter\u00edsticas de los ventiladores del sistema<\/td>\n<\/tr>\n<tr>\n<td>5 ventiladores est\u00e1ndares<\/td>\n<\/tr>\n<tr>\n<td>Formato<\/td>\n<\/tr>\n<tr>\n<td>Rack 1u<\/td>\n<\/tr>\n<tr>\n<td>Garant\u00eda<\/td>\n<\/tr>\n<tr>\n<td>3\/3\/3: la garant\u00eda del servidor incluye tres a\u00f1os de cobertura en piezas, tres a\u00f1os de mano de obra y tres a\u00f1os de cobertura de soporte a domicilio. encontrar\u00e1 informaci\u00f3n adicional sobre la garant\u00eda limitada en todo el mundo y el soporte t\u00e9cnico disponible en: https:\/\/support.hpe.com\/hpesc\/public\/docdisplay?docid=sd00004309en_us. se ofrece cobertura de servicio y soporte de hpe adicionales para complementar la garant\u00eda del producto. para obtener m\u00e1s informaci\u00f3n, visite http:\/\/www.hpe.com\/support.<\/td>\n<\/tr>\n<tr>\n<td>Medidas del producto (m\u00e9trico)<\/td>\n<\/tr>\n<tr>\n<td>\u0095 60 x 99 x 24,1 cm<\/td>\n<\/tr>\n<tr>\n<td>\u0095 23.62 x 38.98 x 9.49 in<\/td>\n<\/tr>\n<tr>\n<td>Peso<\/td>\n<\/tr>\n<tr>\n<td>\u0095 31,38 kg<\/td>\n<\/tr>\n<tr>\n<td>\u0095 69.181 lb<\/td>\n<\/tr>\n<\/table>\n","protected":false},"excerpt":{"rendered":"<p>El servidor hpe proliant dl360 gen11 es una soluci\u00f3n 1u 2p optimizada para rack que ofrece un excepcional rendimiento de computaci\u00f3n, una velocidad de transferencia de datos de alta velocidad mejorada y profundidad de memoria con capacidad de computaci\u00f3n 2p.<\/p>\n","protected":false},"featured_media":0,"comment_status":"open","ping_status":"open","template":"","meta":[],"product_cat":[1809,1808],"product_tag":[1568],"acf":[],"yoast_head":"<!-- This site is optimized with the Yoast SEO plugin v21.7 - https:\/\/yoast.com\/wordpress\/plugins\/seo\/ -->\n<title>[ Hewlett Packard Enterprise ] &#129351; P84099-dm5 Servidor Hpe Proliant Dl360 Gen11 4510 2.4ghz 12c 1p 2x32gb-r 8sff Mr408i-o 2x960gb Ssd 2x800w Ps La Server<\/title>\n<meta name=\"description\" content=\"Compra P84099-dm5 Servidor Hpe Proliant Dl360 Gen11 4510 2.4ghz 12c 1p 2x32gb-r 8sff Mr408i-o 2x960gb Ssd 2x800w Ps La Server + Env\u00edo a domicilio + Pago seguro + Garant\u00eda\" \/>\n<meta name=\"robots\" content=\"index, follow, max-snippet:-1, max-image-preview:large, max-video-preview:-1\" \/>\n<link rel=\"canonical\" href=\"https:\/\/compuviper.mx\/tienda\/producto\/hewlett-packard-enterprise-p84099-dm5-servidor-hpe-proliant-dl360-gen11-4510-2-4ghz-12c-1p-2x32gb-r-8sff-mr408i-o-2x960gb-ssd-2x800w-ps-la-server\/\" \/>\n<meta property=\"og:locale\" content=\"es_MX\" \/>\n<meta property=\"og:type\" content=\"article\" \/>\n<meta property=\"og:title\" content=\"[ Hewlett Packard Enterprise ] &#129351; P84099-dm5 Servidor Hpe Proliant Dl360 Gen11 4510 2.4ghz 12c 1p 2x32gb-r 8sff Mr408i-o 2x960gb Ssd 2x800w Ps La Server\" \/>\n<meta property=\"og:description\" content=\"Compra P84099-dm5 Servidor Hpe Proliant Dl360 Gen11 4510 2.4ghz 12c 1p 2x32gb-r 8sff Mr408i-o 2x960gb Ssd 2x800w Ps La Server + Env\u00edo a domicilio + Pago seguro + Garant\u00eda\" \/>\n<meta property=\"og:url\" content=\"https:\/\/compuviper.mx\/tienda\/producto\/hewlett-packard-enterprise-p84099-dm5-servidor-hpe-proliant-dl360-gen11-4510-2-4ghz-12c-1p-2x32gb-r-8sff-mr408i-o-2x960gb-ssd-2x800w-ps-la-server\/\" \/>\n<meta property=\"og:site_name\" content=\"Compuviper\" \/>\n<meta property=\"article:publisher\" content=\"https:\/\/www.facebook.com\/compuviper\" \/>\n<meta name=\"twitter:card\" content=\"summary_large_image\" \/>\n<meta name=\"twitter:label1\" content=\"Precio\" \/>\n\t<meta name=\"twitter:data1\" content=\"&#36;196,678 con IVA\" \/>\n\t<meta name=\"twitter:label2\" content=\"Availability\" \/>\n\t<meta name=\"twitter:data2\" content=\"Out of stock\" \/>\n<script type=\"application\/ld+json\" class=\"yoast-schema-graph\">{\"@context\":\"https:\/\/schema.org\",\"@graph\":[{\"@type\":\"WebPage\",\"@id\":\"https:\/\/compuviper.mx\/tienda\/producto\/hewlett-packard-enterprise-p84099-dm5-servidor-hpe-proliant-dl360-gen11-4510-2-4ghz-12c-1p-2x32gb-r-8sff-mr408i-o-2x960gb-ssd-2x800w-ps-la-server\/\",\"url\":\"https:\/\/compuviper.mx\/tienda\/producto\/hewlett-packard-enterprise-p84099-dm5-servidor-hpe-proliant-dl360-gen11-4510-2-4ghz-12c-1p-2x32gb-r-8sff-mr408i-o-2x960gb-ssd-2x800w-ps-la-server\/\",\"name\":\"[ Hewlett Packard Enterprise ] &#129351; P84099-dm5 Servidor Hpe Proliant Dl360 Gen11 4510 2.4ghz 12c 1p 2x32gb-r 8sff Mr408i-o 2x960gb Ssd 2x800w Ps La Server\",\"isPartOf\":{\"@id\":\"https:\/\/compuviper.mx\/tienda\/#website\"},\"datePublished\":\"2026-04-11T07:59:33+00:00\",\"dateModified\":\"2026-04-11T07:59:33+00:00\",\"description\":\"Compra P84099-dm5 Servidor Hpe Proliant Dl360 Gen11 4510 2.4ghz 12c 1p 2x32gb-r 8sff Mr408i-o 2x960gb Ssd 2x800w Ps La Server + Env\u00edo a domicilio + Pago seguro + Garant\u00eda\",\"breadcrumb\":{\"@id\":\"https:\/\/compuviper.mx\/tienda\/producto\/hewlett-packard-enterprise-p84099-dm5-servidor-hpe-proliant-dl360-gen11-4510-2-4ghz-12c-1p-2x32gb-r-8sff-mr408i-o-2x960gb-ssd-2x800w-ps-la-server\/#breadcrumb\"},\"inLanguage\":\"es-MX\",\"potentialAction\":[{\"@type\":\"ReadAction\",\"target\":[\"https:\/\/compuviper.mx\/tienda\/producto\/hewlett-packard-enterprise-p84099-dm5-servidor-hpe-proliant-dl360-gen11-4510-2-4ghz-12c-1p-2x32gb-r-8sff-mr408i-o-2x960gb-ssd-2x800w-ps-la-server\/\"]}]},{\"@type\":\"BreadcrumbList\",\"@id\":\"https:\/\/compuviper.mx\/tienda\/producto\/hewlett-packard-enterprise-p84099-dm5-servidor-hpe-proliant-dl360-gen11-4510-2-4ghz-12c-1p-2x32gb-r-8sff-mr408i-o-2x960gb-ssd-2x800w-ps-la-server\/#breadcrumb\",\"itemListElement\":[{\"@type\":\"ListItem\",\"position\":1,\"name\":\"Inicio\",\"item\":\"https:\/\/compuviper.mx\/tienda\/\"},{\"@type\":\"ListItem\",\"position\":2,\"name\":\"Productos\",\"item\":\"https:\/\/compuviper.mx\/tienda\/productos\/\"},{\"@type\":\"ListItem\",\"position\":3,\"name\":\"Servidores\",\"item\":\"https:\/\/compuviper.mx\/tienda\/categoria-producto\/servidores-2\/\"},{\"@type\":\"ListItem\",\"position\":4,\"name\":\"Rack (dl)\",\"item\":\"https:\/\/compuviper.mx\/tienda\/categoria-producto\/servidores-2\/rack-dl\/\"},{\"@type\":\"ListItem\",\"position\":5,\"name\":\"Hewlett Packard Enterprise P84099-dm5 Servidor Hpe Proliant Dl360 Gen11 4510 2.4ghz 12c 1p 2x32gb-r 8sff Mr408i-o 2x960gb Ssd 2x800w Ps La Server\"}]},{\"@type\":\"WebSite\",\"@id\":\"https:\/\/compuviper.mx\/tienda\/#website\",\"url\":\"https:\/\/compuviper.mx\/tienda\/\",\"name\":\"Compuviper\",\"description\":\"Proveedor de Computadoras, Laptops, Servidores, Monitores, Puntos de Venta, Teclados,   Impresoras, T\u00f3ner, C\u00e1maras de Seguridad y m\u00e1s en tu tienda en l\u00ednea\",\"publisher\":{\"@id\":\"https:\/\/compuviper.mx\/tienda\/#organization\"},\"potentialAction\":[{\"@type\":\"SearchAction\",\"target\":{\"@type\":\"EntryPoint\",\"urlTemplate\":\"https:\/\/compuviper.mx\/tienda\/?s={search_term_string}\"},\"query-input\":\"required name=search_term_string\"}],\"inLanguage\":\"es-MX\"},{\"@type\":\"Organization\",\"@id\":\"https:\/\/compuviper.mx\/tienda\/#organization\",\"name\":\"Compuviper\",\"url\":\"https:\/\/compuviper.mx\/tienda\/\",\"logo\":{\"@type\":\"ImageObject\",\"inLanguage\":\"es-MX\",\"@id\":\"https:\/\/compuviper.mx\/tienda\/#\/schema\/logo\/image\/\",\"url\":\"https:\/\/compuviper.mx\/tienda\/wp-content\/uploads\/2021\/08\/Logo-Compuviper-10.png\",\"contentUrl\":\"https:\/\/compuviper.mx\/tienda\/wp-content\/uploads\/2021\/08\/Logo-Compuviper-10.png\",\"width\":1000,\"height\":500,\"caption\":\"Compuviper\"},\"image\":{\"@id\":\"https:\/\/compuviper.mx\/tienda\/#\/schema\/logo\/image\/\"},\"sameAs\":[\"https:\/\/www.facebook.com\/compuviper\",\"https:\/\/www.youtube.com\/channel\/UCf73dERp9Y3cfOq7q8BhLjA?view_as=subscriber\"]}]}<\/script>\n<meta property=\"product:brand\" content=\"HEWLETT PACKARD ENTERPRISE\" \/>\n<meta property=\"product:price:amount\" content=\"196678\" \/>\n<meta property=\"product:price:currency\" content=\"MXN\" \/>\n<meta property=\"og:availability\" content=\"out of stock\" \/>\n<meta property=\"product:availability\" content=\"out of stock\" \/>\n<meta property=\"product:retailer_item_id\" content=\"P84099-DM5\" \/>\n<meta property=\"product:condition\" content=\"new\" \/>\n<!-- \/ Yoast SEO plugin. -->","yoast_head_json":{"title":"[ Hewlett Packard Enterprise ] &#129351; P84099-dm5 Servidor Hpe Proliant Dl360 Gen11 4510 2.4ghz 12c 1p 2x32gb-r 8sff Mr408i-o 2x960gb Ssd 2x800w Ps La Server","description":"Compra P84099-dm5 Servidor Hpe Proliant Dl360 Gen11 4510 2.4ghz 12c 1p 2x32gb-r 8sff Mr408i-o 2x960gb Ssd 2x800w Ps La Server + Env\u00edo a domicilio + Pago seguro + Garant\u00eda","robots":{"index":"index","follow":"follow","max-snippet":"max-snippet:-1","max-image-preview":"max-image-preview:large","max-video-preview":"max-video-preview:-1"},"canonical":"https:\/\/compuviper.mx\/tienda\/producto\/hewlett-packard-enterprise-p84099-dm5-servidor-hpe-proliant-dl360-gen11-4510-2-4ghz-12c-1p-2x32gb-r-8sff-mr408i-o-2x960gb-ssd-2x800w-ps-la-server\/","og_locale":"es_MX","og_type":"article","og_title":"[ Hewlett Packard Enterprise ] &#129351; P84099-dm5 Servidor Hpe Proliant Dl360 Gen11 4510 2.4ghz 12c 1p 2x32gb-r 8sff Mr408i-o 2x960gb Ssd 2x800w Ps La Server","og_description":"Compra P84099-dm5 Servidor Hpe Proliant Dl360 Gen11 4510 2.4ghz 12c 1p 2x32gb-r 8sff Mr408i-o 2x960gb Ssd 2x800w Ps La Server + Env\u00edo a domicilio + Pago seguro + Garant\u00eda","og_url":"https:\/\/compuviper.mx\/tienda\/producto\/hewlett-packard-enterprise-p84099-dm5-servidor-hpe-proliant-dl360-gen11-4510-2-4ghz-12c-1p-2x32gb-r-8sff-mr408i-o-2x960gb-ssd-2x800w-ps-la-server\/","og_site_name":"Compuviper","article_publisher":"https:\/\/www.facebook.com\/compuviper","twitter_card":"summary_large_image","twitter_misc":{"Precio":"&#36;196,678 con IVA","Availability":"Out of stock"},"schema":{"@context":"https:\/\/schema.org","@graph":[{"@type":"WebPage","@id":"https:\/\/compuviper.mx\/tienda\/producto\/hewlett-packard-enterprise-p84099-dm5-servidor-hpe-proliant-dl360-gen11-4510-2-4ghz-12c-1p-2x32gb-r-8sff-mr408i-o-2x960gb-ssd-2x800w-ps-la-server\/","url":"https:\/\/compuviper.mx\/tienda\/producto\/hewlett-packard-enterprise-p84099-dm5-servidor-hpe-proliant-dl360-gen11-4510-2-4ghz-12c-1p-2x32gb-r-8sff-mr408i-o-2x960gb-ssd-2x800w-ps-la-server\/","name":"[ Hewlett Packard Enterprise ] &#129351; P84099-dm5 Servidor Hpe Proliant Dl360 Gen11 4510 2.4ghz 12c 1p 2x32gb-r 8sff Mr408i-o 2x960gb Ssd 2x800w Ps La Server","isPartOf":{"@id":"https:\/\/compuviper.mx\/tienda\/#website"},"datePublished":"2026-04-11T07:59:33+00:00","dateModified":"2026-04-11T07:59:33+00:00","description":"Compra P84099-dm5 Servidor Hpe Proliant Dl360 Gen11 4510 2.4ghz 12c 1p 2x32gb-r 8sff Mr408i-o 2x960gb Ssd 2x800w Ps La Server + Env\u00edo a domicilio + Pago seguro + Garant\u00eda","breadcrumb":{"@id":"https:\/\/compuviper.mx\/tienda\/producto\/hewlett-packard-enterprise-p84099-dm5-servidor-hpe-proliant-dl360-gen11-4510-2-4ghz-12c-1p-2x32gb-r-8sff-mr408i-o-2x960gb-ssd-2x800w-ps-la-server\/#breadcrumb"},"inLanguage":"es-MX","potentialAction":[{"@type":"ReadAction","target":["https:\/\/compuviper.mx\/tienda\/producto\/hewlett-packard-enterprise-p84099-dm5-servidor-hpe-proliant-dl360-gen11-4510-2-4ghz-12c-1p-2x32gb-r-8sff-mr408i-o-2x960gb-ssd-2x800w-ps-la-server\/"]}]},{"@type":"BreadcrumbList","@id":"https:\/\/compuviper.mx\/tienda\/producto\/hewlett-packard-enterprise-p84099-dm5-servidor-hpe-proliant-dl360-gen11-4510-2-4ghz-12c-1p-2x32gb-r-8sff-mr408i-o-2x960gb-ssd-2x800w-ps-la-server\/#breadcrumb","itemListElement":[{"@type":"ListItem","position":1,"name":"Inicio","item":"https:\/\/compuviper.mx\/tienda\/"},{"@type":"ListItem","position":2,"name":"Productos","item":"https:\/\/compuviper.mx\/tienda\/productos\/"},{"@type":"ListItem","position":3,"name":"Servidores","item":"https:\/\/compuviper.mx\/tienda\/categoria-producto\/servidores-2\/"},{"@type":"ListItem","position":4,"name":"Rack (dl)","item":"https:\/\/compuviper.mx\/tienda\/categoria-producto\/servidores-2\/rack-dl\/"},{"@type":"ListItem","position":5,"name":"Hewlett Packard Enterprise P84099-dm5 Servidor Hpe Proliant Dl360 Gen11 4510 2.4ghz 12c 1p 2x32gb-r 8sff Mr408i-o 2x960gb Ssd 2x800w Ps La Server"}]},{"@type":"WebSite","@id":"https:\/\/compuviper.mx\/tienda\/#website","url":"https:\/\/compuviper.mx\/tienda\/","name":"Compuviper","description":"Proveedor de Computadoras, Laptops, Servidores, Monitores, Puntos de Venta, Teclados,   Impresoras, T\u00f3ner, C\u00e1maras de Seguridad y m\u00e1s en tu tienda en l\u00ednea","publisher":{"@id":"https:\/\/compuviper.mx\/tienda\/#organization"},"potentialAction":[{"@type":"SearchAction","target":{"@type":"EntryPoint","urlTemplate":"https:\/\/compuviper.mx\/tienda\/?s={search_term_string}"},"query-input":"required name=search_term_string"}],"inLanguage":"es-MX"},{"@type":"Organization","@id":"https:\/\/compuviper.mx\/tienda\/#organization","name":"Compuviper","url":"https:\/\/compuviper.mx\/tienda\/","logo":{"@type":"ImageObject","inLanguage":"es-MX","@id":"https:\/\/compuviper.mx\/tienda\/#\/schema\/logo\/image\/","url":"https:\/\/compuviper.mx\/tienda\/wp-content\/uploads\/2021\/08\/Logo-Compuviper-10.png","contentUrl":"https:\/\/compuviper.mx\/tienda\/wp-content\/uploads\/2021\/08\/Logo-Compuviper-10.png","width":1000,"height":500,"caption":"Compuviper"},"image":{"@id":"https:\/\/compuviper.mx\/tienda\/#\/schema\/logo\/image\/"},"sameAs":["https:\/\/www.facebook.com\/compuviper","https:\/\/www.youtube.com\/channel\/UCf73dERp9Y3cfOq7q8BhLjA?view_as=subscriber"]}]},"product_brand":"HEWLETT PACKARD ENTERPRISE","product_price_amount":"196678","product_price_currency":"MXN","og_availability":"out of stock","product_availability":"out of stock","product_retailer_item_id":"P84099-DM5","product_condition":"new"},"_links":{"self":[{"href":"https:\/\/compuviper.mx\/tienda\/wp-json\/wp\/v2\/product\/261087"}],"collection":[{"href":"https:\/\/compuviper.mx\/tienda\/wp-json\/wp\/v2\/product"}],"about":[{"href":"https:\/\/compuviper.mx\/tienda\/wp-json\/wp\/v2\/types\/product"}],"replies":[{"embeddable":true,"href":"https:\/\/compuviper.mx\/tienda\/wp-json\/wp\/v2\/comments?post=261087"}],"wp:attachment":[{"href":"https:\/\/compuviper.mx\/tienda\/wp-json\/wp\/v2\/media?parent=261087"}],"wp:term":[{"taxonomy":"product_cat","embeddable":true,"href":"https:\/\/compuviper.mx\/tienda\/wp-json\/wp\/v2\/product_cat?post=261087"},{"taxonomy":"product_tag","embeddable":true,"href":"https:\/\/compuviper.mx\/tienda\/wp-json\/wp\/v2\/product_tag?post=261087"}],"curies":[{"name":"wp","href":"https:\/\/api.w.org\/{rel}","templated":true}]}}