{"id":261085,"date":"2026-04-02T02:02:33","date_gmt":"2026-04-02T08:02:33","guid":{"rendered":"https:\/\/compuviper.mx\/tienda\/producto\/hewlett-packard-enterprise-p86723-dm5-servidor-hpe-proliant-ml30-gen11-6325p-3-5ghz-4c-1p-1x32gb-u-4lff-nhp-2x1tb-sata-hdd-1x350w-ps-la-server\/"},"modified":"2026-04-02T02:02:33","modified_gmt":"2026-04-02T08:02:33","slug":"hewlett-packard-enterprise-p86723-dm5-servidor-hpe-proliant-ml30-gen11-6325p-3-5ghz-4c-1p-1x32gb-u-4lff-nhp-2x1tb-sata-hdd-1x350w-ps-la-server","status":"publish","type":"product","link":"https:\/\/compuviper.mx\/tienda\/producto\/hewlett-packard-enterprise-p86723-dm5-servidor-hpe-proliant-ml30-gen11-6325p-3-5ghz-4c-1p-1x32gb-u-4lff-nhp-2x1tb-sata-hdd-1x350w-ps-la-server\/","title":{"rendered":"Hewlett Packard Enterprise P86723-dm5 Servidor Hpe Proliant Ml30 Gen11 6325p 3.5ghz 4c 1p 1x32gb-u 4lff-nhp 2x1tb Sata Hdd 1x350w Ps La Server"},"content":{"rendered":"<table class=\"descripcion\">\n<tr>\n<td>N\u00facleo de procesador disponible<\/td>\n<\/tr>\n<tr>\n<td>4 n\u00facleos<\/td>\n<\/tr>\n<tr>\n<td>Cach\u00e9 de procesador<\/td>\n<\/tr>\n<tr>\n<td>12 mb l3<\/td>\n<\/tr>\n<tr>\n<td>Nombre del procesador<\/td>\n<\/tr>\n<tr>\n<td>Intel xeon 6325p (4 n\u00facleos, 3,50 ghz, 12 mb l3, 55 w)<\/td>\n<\/tr>\n<tr>\n<td>N\u00famero del procesador<\/td>\n<\/tr>\n<tr>\n<td>1 procesador incluido<\/td>\n<\/tr>\n<tr>\n<td>Velocidad del procesador<\/td>\n<\/tr>\n<tr>\n<td>3,50 ghz<\/td>\n<\/tr>\n<tr>\n<td>Tipo de memoria<\/td>\n<\/tr>\n<tr>\n<td>Memoria est\u00e1ndar hpe ddr5<\/td>\n<\/tr>\n<tr>\n<td>Unidades incluidas<\/td>\n<\/tr>\n<tr>\n<td>2 hdd hpe fundamental para el negocio 1 tb sata 6g 7200 rpm lff rw 1 a. de garant\u00eda m\u00faltiples proveedores<\/td>\n<\/tr>\n<tr>\n<td>Tipo de unidad \u00f3ptica<\/td>\n<\/tr>\n<tr>\n<td>Ning\u00fan env\u00edo es est\u00e1ndar. opcional: unidad \u00f3ptica dvd-rw\/dvd-rom sata de 9,5 mm<\/td>\n<\/tr>\n<tr>\n<td>Seguridad f\u00edsica<\/td>\n<\/tr>\n<tr>\n<td>El m\u00f3dulo de plataforma segura (tpm) 2.0 integrado se encuentra habilitado por defecto. para los servidores que se env\u00edan a china, el tpm se encuentra deshabilitado.<\/td>\n<\/tr>\n<tr>\n<td>Gesti\u00f3n de infraestructura<\/td>\n<\/tr>\n<tr>\n<td>Hpe ilo standard con aprovisionamiento inteligente (integrado), hpe oneview standard (requiere descarga) (est\u00e1ndar) hpe ilo advanced, hpe oneview advanced (opcional, requiere licencia) y hpe compute ops management.<\/td>\n<\/tr>\n<tr>\n<td>Tipo de fuente de alimentaci\u00f3n<\/td>\n<\/tr>\n<tr>\n<td>1 fuente hpe proliant ml30 gen10 plus platinum 350 w atx fio<\/td>\n<\/tr>\n<tr>\n<td>Ranuras de expansi\u00f3n<\/td>\n<\/tr>\n<tr>\n<td>4<\/td>\n<\/tr>\n<tr>\n<td>Para obtener una descripci\u00f3n detallada, consulta las espec. r\u00e1pidas<\/td>\n<\/tr>\n<tr>\n<td>Controlador de red<\/td>\n<\/tr>\n<tr>\n<td>Adaptador ethernet integrado de 1 gb y 4 puertos<\/td>\n<\/tr>\n<tr>\n<td>Controlador de almacenamiento<\/td>\n<\/tr>\n<tr>\n<td>Intel vroc sata integrado (anteriormente conocido como intel\u00ae rste)<\/td>\n<\/tr>\n<tr>\n<td>Caracter\u00edsticas de los ventiladores del sistema<\/td>\n<\/tr>\n<tr>\n<td>1 ventilador est\u00e1ndar<\/td>\n<\/tr>\n<tr>\n<td>Formato<\/td>\n<\/tr>\n<tr>\n<td>Torre 4u<\/td>\n<\/tr>\n<\/table>\n","protected":false},"excerpt":{"rendered":"<p>El hpe proliant ml30 gen11 plus es un servidor de torre asequible, aunque potente, que ha sido dise\u00f1ado para ejecutar soluciones de nube h\u00edbrida y locales en oficinas peque\u00f1as, oficinas remotas y sucursales.<\/p>\n","protected":false},"featured_media":0,"comment_status":"open","ping_status":"open","template":"","meta":[],"product_cat":[1808,2224],"product_tag":[1568],"acf":[],"yoast_head":"<!-- This site is optimized with the Yoast SEO plugin v21.7 - https:\/\/yoast.com\/wordpress\/plugins\/seo\/ -->\n<title>[ Hewlett Packard Enterprise ] &#129351; P86723-dm5 Servidor Hpe Proliant Ml30 Gen11 6325p 3.5ghz 4c 1p 1x32gb-u 4lff-nhp 2x1tb Sata Hdd 1x350w Ps La Server<\/title>\n<meta name=\"description\" content=\"Compra P86723-dm5 Servidor Hpe Proliant Ml30 Gen11 6325p 3.5ghz 4c 1p 1x32gb-u 4lff-nhp 2x1tb Sata Hdd 1x350w Ps La Server + Env\u00edo a domicilio + Pago seguro + Garant\u00eda\" \/>\n<meta name=\"robots\" content=\"index, follow, max-snippet:-1, max-image-preview:large, max-video-preview:-1\" \/>\n<link rel=\"canonical\" href=\"https:\/\/compuviper.mx\/tienda\/producto\/hewlett-packard-enterprise-p86723-dm5-servidor-hpe-proliant-ml30-gen11-6325p-3-5ghz-4c-1p-1x32gb-u-4lff-nhp-2x1tb-sata-hdd-1x350w-ps-la-server\/\" \/>\n<meta property=\"og:locale\" content=\"es_MX\" \/>\n<meta property=\"og:type\" content=\"article\" \/>\n<meta property=\"og:title\" content=\"[ Hewlett Packard Enterprise ] &#129351; P86723-dm5 Servidor Hpe Proliant Ml30 Gen11 6325p 3.5ghz 4c 1p 1x32gb-u 4lff-nhp 2x1tb Sata Hdd 1x350w Ps La Server\" \/>\n<meta property=\"og:description\" content=\"Compra P86723-dm5 Servidor Hpe Proliant Ml30 Gen11 6325p 3.5ghz 4c 1p 1x32gb-u 4lff-nhp 2x1tb Sata Hdd 1x350w Ps La Server + Env\u00edo a domicilio + Pago seguro + Garant\u00eda\" \/>\n<meta property=\"og:url\" content=\"https:\/\/compuviper.mx\/tienda\/producto\/hewlett-packard-enterprise-p86723-dm5-servidor-hpe-proliant-ml30-gen11-6325p-3-5ghz-4c-1p-1x32gb-u-4lff-nhp-2x1tb-sata-hdd-1x350w-ps-la-server\/\" \/>\n<meta property=\"og:site_name\" content=\"Compuviper\" \/>\n<meta property=\"article:publisher\" content=\"https:\/\/www.facebook.com\/compuviper\" \/>\n<meta name=\"twitter:card\" content=\"summary_large_image\" \/>\n<meta name=\"twitter:label1\" content=\"Precio\" \/>\n\t<meta name=\"twitter:data1\" content=\"&#36;30,549 con IVA\" \/>\n\t<meta name=\"twitter:label2\" content=\"Availability\" \/>\n\t<meta name=\"twitter:data2\" content=\"Out of stock\" \/>\n<script type=\"application\/ld+json\" class=\"yoast-schema-graph\">{\"@context\":\"https:\/\/schema.org\",\"@graph\":[{\"@type\":\"WebPage\",\"@id\":\"https:\/\/compuviper.mx\/tienda\/producto\/hewlett-packard-enterprise-p86723-dm5-servidor-hpe-proliant-ml30-gen11-6325p-3-5ghz-4c-1p-1x32gb-u-4lff-nhp-2x1tb-sata-hdd-1x350w-ps-la-server\/\",\"url\":\"https:\/\/compuviper.mx\/tienda\/producto\/hewlett-packard-enterprise-p86723-dm5-servidor-hpe-proliant-ml30-gen11-6325p-3-5ghz-4c-1p-1x32gb-u-4lff-nhp-2x1tb-sata-hdd-1x350w-ps-la-server\/\",\"name\":\"[ Hewlett Packard Enterprise ] &#129351; P86723-dm5 Servidor Hpe Proliant Ml30 Gen11 6325p 3.5ghz 4c 1p 1x32gb-u 4lff-nhp 2x1tb Sata Hdd 1x350w Ps La Server\",\"isPartOf\":{\"@id\":\"https:\/\/compuviper.mx\/tienda\/#website\"},\"datePublished\":\"2026-04-02T08:02:33+00:00\",\"dateModified\":\"2026-04-02T08:02:33+00:00\",\"description\":\"Compra P86723-dm5 Servidor Hpe Proliant Ml30 Gen11 6325p 3.5ghz 4c 1p 1x32gb-u 4lff-nhp 2x1tb Sata Hdd 1x350w Ps La Server + Env\u00edo a domicilio + Pago seguro + Garant\u00eda\",\"breadcrumb\":{\"@id\":\"https:\/\/compuviper.mx\/tienda\/producto\/hewlett-packard-enterprise-p86723-dm5-servidor-hpe-proliant-ml30-gen11-6325p-3-5ghz-4c-1p-1x32gb-u-4lff-nhp-2x1tb-sata-hdd-1x350w-ps-la-server\/#breadcrumb\"},\"inLanguage\":\"es-MX\",\"potentialAction\":[{\"@type\":\"ReadAction\",\"target\":[\"https:\/\/compuviper.mx\/tienda\/producto\/hewlett-packard-enterprise-p86723-dm5-servidor-hpe-proliant-ml30-gen11-6325p-3-5ghz-4c-1p-1x32gb-u-4lff-nhp-2x1tb-sata-hdd-1x350w-ps-la-server\/\"]}]},{\"@type\":\"BreadcrumbList\",\"@id\":\"https:\/\/compuviper.mx\/tienda\/producto\/hewlett-packard-enterprise-p86723-dm5-servidor-hpe-proliant-ml30-gen11-6325p-3-5ghz-4c-1p-1x32gb-u-4lff-nhp-2x1tb-sata-hdd-1x350w-ps-la-server\/#breadcrumb\",\"itemListElement\":[{\"@type\":\"ListItem\",\"position\":1,\"name\":\"Inicio\",\"item\":\"https:\/\/compuviper.mx\/tienda\/\"},{\"@type\":\"ListItem\",\"position\":2,\"name\":\"Productos\",\"item\":\"https:\/\/compuviper.mx\/tienda\/productos\/\"},{\"@type\":\"ListItem\",\"position\":3,\"name\":\"Servidores\",\"item\":\"https:\/\/compuviper.mx\/tienda\/categoria-producto\/servidores-2\/\"},{\"@type\":\"ListItem\",\"position\":4,\"name\":\"Sin Categor\u00eda\",\"item\":\"https:\/\/compuviper.mx\/tienda\/categoria-producto\/servidores-2\/sin-categoria-servidores-2\/\"},{\"@type\":\"ListItem\",\"position\":5,\"name\":\"Hewlett Packard Enterprise P86723-dm5 Servidor Hpe Proliant Ml30 Gen11 6325p 3.5ghz 4c 1p 1x32gb-u 4lff-nhp 2x1tb Sata Hdd 1x350w Ps La Server\"}]},{\"@type\":\"WebSite\",\"@id\":\"https:\/\/compuviper.mx\/tienda\/#website\",\"url\":\"https:\/\/compuviper.mx\/tienda\/\",\"name\":\"Compuviper\",\"description\":\"Proveedor de Computadoras, Laptops, Servidores, Monitores, Puntos de Venta, Teclados,   Impresoras, T\u00f3ner, C\u00e1maras de Seguridad y m\u00e1s en tu tienda en l\u00ednea\",\"publisher\":{\"@id\":\"https:\/\/compuviper.mx\/tienda\/#organization\"},\"potentialAction\":[{\"@type\":\"SearchAction\",\"target\":{\"@type\":\"EntryPoint\",\"urlTemplate\":\"https:\/\/compuviper.mx\/tienda\/?s={search_term_string}\"},\"query-input\":\"required name=search_term_string\"}],\"inLanguage\":\"es-MX\"},{\"@type\":\"Organization\",\"@id\":\"https:\/\/compuviper.mx\/tienda\/#organization\",\"name\":\"Compuviper\",\"url\":\"https:\/\/compuviper.mx\/tienda\/\",\"logo\":{\"@type\":\"ImageObject\",\"inLanguage\":\"es-MX\",\"@id\":\"https:\/\/compuviper.mx\/tienda\/#\/schema\/logo\/image\/\",\"url\":\"https:\/\/compuviper.mx\/tienda\/wp-content\/uploads\/2021\/08\/Logo-Compuviper-10.png\",\"contentUrl\":\"https:\/\/compuviper.mx\/tienda\/wp-content\/uploads\/2021\/08\/Logo-Compuviper-10.png\",\"width\":1000,\"height\":500,\"caption\":\"Compuviper\"},\"image\":{\"@id\":\"https:\/\/compuviper.mx\/tienda\/#\/schema\/logo\/image\/\"},\"sameAs\":[\"https:\/\/www.facebook.com\/compuviper\",\"https:\/\/www.youtube.com\/channel\/UCf73dERp9Y3cfOq7q8BhLjA?view_as=subscriber\"]}]}<\/script>\n<meta property=\"product:brand\" content=\"HEWLETT PACKARD ENTERPRISE\" \/>\n<meta property=\"product:price:amount\" content=\"30549\" \/>\n<meta property=\"product:price:currency\" content=\"MXN\" \/>\n<meta property=\"og:availability\" content=\"out of stock\" \/>\n<meta property=\"product:availability\" content=\"out of stock\" \/>\n<meta property=\"product:retailer_item_id\" content=\"P86723-DM5\" \/>\n<meta property=\"product:condition\" content=\"new\" \/>\n<!-- \/ Yoast SEO plugin. -->","yoast_head_json":{"title":"[ Hewlett Packard Enterprise ] &#129351; P86723-dm5 Servidor Hpe Proliant Ml30 Gen11 6325p 3.5ghz 4c 1p 1x32gb-u 4lff-nhp 2x1tb Sata Hdd 1x350w Ps La Server","description":"Compra P86723-dm5 Servidor Hpe Proliant Ml30 Gen11 6325p 3.5ghz 4c 1p 1x32gb-u 4lff-nhp 2x1tb Sata Hdd 1x350w Ps La Server + Env\u00edo a domicilio + Pago seguro + Garant\u00eda","robots":{"index":"index","follow":"follow","max-snippet":"max-snippet:-1","max-image-preview":"max-image-preview:large","max-video-preview":"max-video-preview:-1"},"canonical":"https:\/\/compuviper.mx\/tienda\/producto\/hewlett-packard-enterprise-p86723-dm5-servidor-hpe-proliant-ml30-gen11-6325p-3-5ghz-4c-1p-1x32gb-u-4lff-nhp-2x1tb-sata-hdd-1x350w-ps-la-server\/","og_locale":"es_MX","og_type":"article","og_title":"[ Hewlett Packard Enterprise ] &#129351; P86723-dm5 Servidor Hpe Proliant Ml30 Gen11 6325p 3.5ghz 4c 1p 1x32gb-u 4lff-nhp 2x1tb Sata Hdd 1x350w Ps La Server","og_description":"Compra P86723-dm5 Servidor Hpe Proliant Ml30 Gen11 6325p 3.5ghz 4c 1p 1x32gb-u 4lff-nhp 2x1tb Sata Hdd 1x350w Ps La Server + Env\u00edo a domicilio + Pago seguro + Garant\u00eda","og_url":"https:\/\/compuviper.mx\/tienda\/producto\/hewlett-packard-enterprise-p86723-dm5-servidor-hpe-proliant-ml30-gen11-6325p-3-5ghz-4c-1p-1x32gb-u-4lff-nhp-2x1tb-sata-hdd-1x350w-ps-la-server\/","og_site_name":"Compuviper","article_publisher":"https:\/\/www.facebook.com\/compuviper","twitter_card":"summary_large_image","twitter_misc":{"Precio":"&#36;30,549 con IVA","Availability":"Out of stock"},"schema":{"@context":"https:\/\/schema.org","@graph":[{"@type":"WebPage","@id":"https:\/\/compuviper.mx\/tienda\/producto\/hewlett-packard-enterprise-p86723-dm5-servidor-hpe-proliant-ml30-gen11-6325p-3-5ghz-4c-1p-1x32gb-u-4lff-nhp-2x1tb-sata-hdd-1x350w-ps-la-server\/","url":"https:\/\/compuviper.mx\/tienda\/producto\/hewlett-packard-enterprise-p86723-dm5-servidor-hpe-proliant-ml30-gen11-6325p-3-5ghz-4c-1p-1x32gb-u-4lff-nhp-2x1tb-sata-hdd-1x350w-ps-la-server\/","name":"[ Hewlett Packard Enterprise ] &#129351; P86723-dm5 Servidor Hpe Proliant Ml30 Gen11 6325p 3.5ghz 4c 1p 1x32gb-u 4lff-nhp 2x1tb Sata Hdd 1x350w Ps La Server","isPartOf":{"@id":"https:\/\/compuviper.mx\/tienda\/#website"},"datePublished":"2026-04-02T08:02:33+00:00","dateModified":"2026-04-02T08:02:33+00:00","description":"Compra P86723-dm5 Servidor Hpe Proliant Ml30 Gen11 6325p 3.5ghz 4c 1p 1x32gb-u 4lff-nhp 2x1tb Sata Hdd 1x350w Ps La Server + Env\u00edo a domicilio + Pago seguro + Garant\u00eda","breadcrumb":{"@id":"https:\/\/compuviper.mx\/tienda\/producto\/hewlett-packard-enterprise-p86723-dm5-servidor-hpe-proliant-ml30-gen11-6325p-3-5ghz-4c-1p-1x32gb-u-4lff-nhp-2x1tb-sata-hdd-1x350w-ps-la-server\/#breadcrumb"},"inLanguage":"es-MX","potentialAction":[{"@type":"ReadAction","target":["https:\/\/compuviper.mx\/tienda\/producto\/hewlett-packard-enterprise-p86723-dm5-servidor-hpe-proliant-ml30-gen11-6325p-3-5ghz-4c-1p-1x32gb-u-4lff-nhp-2x1tb-sata-hdd-1x350w-ps-la-server\/"]}]},{"@type":"BreadcrumbList","@id":"https:\/\/compuviper.mx\/tienda\/producto\/hewlett-packard-enterprise-p86723-dm5-servidor-hpe-proliant-ml30-gen11-6325p-3-5ghz-4c-1p-1x32gb-u-4lff-nhp-2x1tb-sata-hdd-1x350w-ps-la-server\/#breadcrumb","itemListElement":[{"@type":"ListItem","position":1,"name":"Inicio","item":"https:\/\/compuviper.mx\/tienda\/"},{"@type":"ListItem","position":2,"name":"Productos","item":"https:\/\/compuviper.mx\/tienda\/productos\/"},{"@type":"ListItem","position":3,"name":"Servidores","item":"https:\/\/compuviper.mx\/tienda\/categoria-producto\/servidores-2\/"},{"@type":"ListItem","position":4,"name":"Sin Categor\u00eda","item":"https:\/\/compuviper.mx\/tienda\/categoria-producto\/servidores-2\/sin-categoria-servidores-2\/"},{"@type":"ListItem","position":5,"name":"Hewlett Packard Enterprise P86723-dm5 Servidor Hpe Proliant Ml30 Gen11 6325p 3.5ghz 4c 1p 1x32gb-u 4lff-nhp 2x1tb Sata Hdd 1x350w Ps La Server"}]},{"@type":"WebSite","@id":"https:\/\/compuviper.mx\/tienda\/#website","url":"https:\/\/compuviper.mx\/tienda\/","name":"Compuviper","description":"Proveedor de Computadoras, Laptops, Servidores, Monitores, Puntos de Venta, Teclados,   Impresoras, T\u00f3ner, C\u00e1maras de Seguridad y m\u00e1s en tu tienda en l\u00ednea","publisher":{"@id":"https:\/\/compuviper.mx\/tienda\/#organization"},"potentialAction":[{"@type":"SearchAction","target":{"@type":"EntryPoint","urlTemplate":"https:\/\/compuviper.mx\/tienda\/?s={search_term_string}"},"query-input":"required name=search_term_string"}],"inLanguage":"es-MX"},{"@type":"Organization","@id":"https:\/\/compuviper.mx\/tienda\/#organization","name":"Compuviper","url":"https:\/\/compuviper.mx\/tienda\/","logo":{"@type":"ImageObject","inLanguage":"es-MX","@id":"https:\/\/compuviper.mx\/tienda\/#\/schema\/logo\/image\/","url":"https:\/\/compuviper.mx\/tienda\/wp-content\/uploads\/2021\/08\/Logo-Compuviper-10.png","contentUrl":"https:\/\/compuviper.mx\/tienda\/wp-content\/uploads\/2021\/08\/Logo-Compuviper-10.png","width":1000,"height":500,"caption":"Compuviper"},"image":{"@id":"https:\/\/compuviper.mx\/tienda\/#\/schema\/logo\/image\/"},"sameAs":["https:\/\/www.facebook.com\/compuviper","https:\/\/www.youtube.com\/channel\/UCf73dERp9Y3cfOq7q8BhLjA?view_as=subscriber"]}]},"product_brand":"HEWLETT PACKARD ENTERPRISE","product_price_amount":"30549","product_price_currency":"MXN","og_availability":"out of stock","product_availability":"out of stock","product_retailer_item_id":"P86723-DM5","product_condition":"new"},"_links":{"self":[{"href":"https:\/\/compuviper.mx\/tienda\/wp-json\/wp\/v2\/product\/261085"}],"collection":[{"href":"https:\/\/compuviper.mx\/tienda\/wp-json\/wp\/v2\/product"}],"about":[{"href":"https:\/\/compuviper.mx\/tienda\/wp-json\/wp\/v2\/types\/product"}],"replies":[{"embeddable":true,"href":"https:\/\/compuviper.mx\/tienda\/wp-json\/wp\/v2\/comments?post=261085"}],"wp:attachment":[{"href":"https:\/\/compuviper.mx\/tienda\/wp-json\/wp\/v2\/media?parent=261085"}],"wp:term":[{"taxonomy":"product_cat","embeddable":true,"href":"https:\/\/compuviper.mx\/tienda\/wp-json\/wp\/v2\/product_cat?post=261085"},{"taxonomy":"product_tag","embeddable":true,"href":"https:\/\/compuviper.mx\/tienda\/wp-json\/wp\/v2\/product_tag?post=261085"}],"curies":[{"name":"wp","href":"https:\/\/api.w.org\/{rel}","templated":true}]}}