{"id":260235,"date":"2026-04-02T01:11:11","date_gmt":"2026-04-02T07:11:11","guid":{"rendered":"https:\/\/compuviper.mx\/tienda\/producto\/grandstream-gwn7700-switch-gigabit-no-administrable-5-puertos-100-1000-10000mbps-gabinete-plstico\/"},"modified":"2026-04-02T01:11:11","modified_gmt":"2026-04-02T07:11:11","slug":"grandstream-gwn7700-switch-gigabit-no-administrable-5-puertos-100-1000-10000mbps-gabinete-plstico","status":"publish","type":"product","link":"https:\/\/compuviper.mx\/tienda\/producto\/grandstream-gwn7700-switch-gigabit-no-administrable-5-puertos-100-1000-10000mbps-gabinete-plstico\/","title":{"rendered":"Grandstream Gwn7700 Switch   Gigabit No Administrable 5 Puertos 100\/1000\/10000mbps Gabinete Plstico"},"content":{"rendered":"<table class=\"descripcion\">\n<tr>\n<td>-caracter\u00edsticas principales:<\/td>\n<\/tr>\n<tr>\n<td>5 puertos rj45 de 10\/100\/1000 mbps.<\/td>\n<\/tr>\n<tr>\n<td>Tabla de direcciones mac 2k<\/td>\n<\/tr>\n<tr>\n<td>Capacidad de conmutaci\u00f3n 10 gbps.<\/td>\n<\/tr>\n<tr>\n<td>Marco jumbo 9kb<\/td>\n<\/tr>\n<tr>\n<td>Mdi\/mdix autom\u00e1tico<\/td>\n<\/tr>\n<tr>\n<td>-caracter\u00edsticas f\u00edsicas y el\u00e9ctricas:<\/td>\n<\/tr>\n<tr>\n<td>Peso unidad: 0.1kg paquete completo: 0.25kg<\/td>\n<\/tr>\n<tr>\n<td>Dimensiones unidad:120 x 65 x 24.5mm paquete: 223 x 90.5 x 54mm<\/td>\n<\/tr>\n<tr>\n<td>Temperatura de funcionamiento: 0\u009640 \u00e2\u0084 and #401;.<\/td>\n<\/tr>\n<tr>\n<td>Temperatura de almacenamiento: -10\u009670 \u00e2\u0084 and #401;.<\/td>\n<\/tr>\n<tr>\n<td>Fuente de alimentaci\u00f3n externo 5v\/0.6a (fuente incluida).<\/td>\n<\/tr>\n<tr>\n<td>-contenido:<\/td>\n<\/tr>\n<tr>\n<td>Switch gwn7700<\/td>\n<\/tr>\n<tr>\n<td>Adaptador de corriente<\/td>\n<\/tr>\n<tr>\n<td>Gu\u00eda de instalaci\u00f3n.<\/td>\n<\/tr>\n<\/table>\n","protected":false},"excerpt":{"rendered":"<p>La serie gwn7700 son switches de red no administrables que brindan una forma r\u00e1pida y rentable de agregar conectividad gigabit de alta velocidad a oficinas en casa, as\u00ed como peque\u00f1as y medianas empresas. No requiere configuraci\u00f3n ni instalaci\u00f3n, ofrece montaje para escritorio y montaje en pared. Proporciona mdi\/mdix autom\u00e1tico para eliminar la necesidad de cables cruzados. Cada puerto posibilita la negociaci\u00f3n autom\u00e1tica para permitir que la serie gwn7700 reconozca la velocidad de enlace de cualquier dispositivo de red de 10\/100\/1000 mbps y ajuste de forma inteligente la compatibilidad y \u00f3ptimo rendimiento.. La serie gwn7700 son switches de red no administrables ideales para oficinas en casa, as\u00ed como peque\u00f1as y medianas empresas.<\/p>\n","protected":false},"featured_media":0,"comment_status":"open","ping_status":"open","template":"","meta":[],"product_cat":[1563,1564],"product_tag":[1576],"acf":[],"yoast_head":"<!-- This site is optimized with the Yoast SEO plugin v21.7 - https:\/\/yoast.com\/wordpress\/plugins\/seo\/ -->\n<title>[ Grandstream ] &#129351; Gwn7700 Switch Gigabit No Administrable 5 Puertos 100\/1000\/10000mbps Gabinete Plstico<\/title>\n<meta name=\"description\" content=\"Compra Gwn7700 Switch Gigabit No Administrable 5 Puertos 100\/1000\/10000mbps Gabinete Plstico + Env\u00edo a domicilio + Pago seguro + Garant\u00eda\" \/>\n<meta name=\"robots\" content=\"index, follow, max-snippet:-1, max-image-preview:large, max-video-preview:-1\" \/>\n<link rel=\"canonical\" href=\"https:\/\/compuviper.mx\/tienda\/producto\/grandstream-gwn7700-switch-gigabit-no-administrable-5-puertos-100-1000-10000mbps-gabinete-plstico\/\" \/>\n<meta property=\"og:locale\" content=\"es_MX\" \/>\n<meta property=\"og:type\" content=\"article\" \/>\n<meta property=\"og:title\" content=\"[ Grandstream ] &#129351; Gwn7700 Switch Gigabit No Administrable 5 Puertos 100\/1000\/10000mbps Gabinete Plstico\" \/>\n<meta property=\"og:description\" content=\"Compra Gwn7700 Switch Gigabit No Administrable 5 Puertos 100\/1000\/10000mbps Gabinete Plstico + Env\u00edo a domicilio + Pago seguro + Garant\u00eda\" \/>\n<meta property=\"og:url\" content=\"https:\/\/compuviper.mx\/tienda\/producto\/grandstream-gwn7700-switch-gigabit-no-administrable-5-puertos-100-1000-10000mbps-gabinete-plstico\/\" \/>\n<meta property=\"og:site_name\" content=\"Compuviper\" \/>\n<meta property=\"article:publisher\" content=\"https:\/\/www.facebook.com\/compuviper\" \/>\n<meta name=\"twitter:card\" content=\"summary_large_image\" \/>\n<meta name=\"twitter:label1\" content=\"Precio\" \/>\n\t<meta name=\"twitter:data1\" content=\"&#36;213 &#36;182 con IVA\" \/>\n\t<meta name=\"twitter:label2\" content=\"Availability\" \/>\n\t<meta name=\"twitter:data2\" content=\"Out of stock\" \/>\n<script type=\"application\/ld+json\" class=\"yoast-schema-graph\">{\"@context\":\"https:\/\/schema.org\",\"@graph\":[{\"@type\":\"WebPage\",\"@id\":\"https:\/\/compuviper.mx\/tienda\/producto\/grandstream-gwn7700-switch-gigabit-no-administrable-5-puertos-100-1000-10000mbps-gabinete-plstico\/\",\"url\":\"https:\/\/compuviper.mx\/tienda\/producto\/grandstream-gwn7700-switch-gigabit-no-administrable-5-puertos-100-1000-10000mbps-gabinete-plstico\/\",\"name\":\"[ Grandstream ] &#129351; Gwn7700 Switch Gigabit No Administrable 5 Puertos 100\/1000\/10000mbps Gabinete Plstico\",\"isPartOf\":{\"@id\":\"https:\/\/compuviper.mx\/tienda\/#website\"},\"datePublished\":\"2026-04-02T07:11:11+00:00\",\"dateModified\":\"2026-04-02T07:11:11+00:00\",\"description\":\"Compra Gwn7700 Switch Gigabit No Administrable 5 Puertos 100\/1000\/10000mbps Gabinete Plstico + Env\u00edo a domicilio + Pago seguro + Garant\u00eda\",\"breadcrumb\":{\"@id\":\"https:\/\/compuviper.mx\/tienda\/producto\/grandstream-gwn7700-switch-gigabit-no-administrable-5-puertos-100-1000-10000mbps-gabinete-plstico\/#breadcrumb\"},\"inLanguage\":\"es-MX\",\"potentialAction\":[{\"@type\":\"ReadAction\",\"target\":[\"https:\/\/compuviper.mx\/tienda\/producto\/grandstream-gwn7700-switch-gigabit-no-administrable-5-puertos-100-1000-10000mbps-gabinete-plstico\/\"]}]},{\"@type\":\"BreadcrumbList\",\"@id\":\"https:\/\/compuviper.mx\/tienda\/producto\/grandstream-gwn7700-switch-gigabit-no-administrable-5-puertos-100-1000-10000mbps-gabinete-plstico\/#breadcrumb\",\"itemListElement\":[{\"@type\":\"ListItem\",\"position\":1,\"name\":\"Inicio\",\"item\":\"https:\/\/compuviper.mx\/tienda\/\"},{\"@type\":\"ListItem\",\"position\":2,\"name\":\"Productos\",\"item\":\"https:\/\/compuviper.mx\/tienda\/productos\/\"},{\"@type\":\"ListItem\",\"position\":3,\"name\":\"Redes\",\"item\":\"https:\/\/compuviper.mx\/tienda\/categoria-producto\/redes\/\"},{\"@type\":\"ListItem\",\"position\":4,\"name\":\"Switch\",\"item\":\"https:\/\/compuviper.mx\/tienda\/categoria-producto\/redes\/switch\/\"},{\"@type\":\"ListItem\",\"position\":5,\"name\":\"Grandstream Gwn7700 Switch Gigabit No Administrable 5 Puertos 100\/1000\/10000mbps Gabinete Plstico\"}]},{\"@type\":\"WebSite\",\"@id\":\"https:\/\/compuviper.mx\/tienda\/#website\",\"url\":\"https:\/\/compuviper.mx\/tienda\/\",\"name\":\"Compuviper\",\"description\":\"Proveedor de Computadoras, Laptops, Servidores, Monitores, Puntos de Venta, Teclados,   Impresoras, T\u00f3ner, C\u00e1maras de Seguridad y m\u00e1s en tu tienda en l\u00ednea\",\"publisher\":{\"@id\":\"https:\/\/compuviper.mx\/tienda\/#organization\"},\"potentialAction\":[{\"@type\":\"SearchAction\",\"target\":{\"@type\":\"EntryPoint\",\"urlTemplate\":\"https:\/\/compuviper.mx\/tienda\/?s={search_term_string}\"},\"query-input\":\"required name=search_term_string\"}],\"inLanguage\":\"es-MX\"},{\"@type\":\"Organization\",\"@id\":\"https:\/\/compuviper.mx\/tienda\/#organization\",\"name\":\"Compuviper\",\"url\":\"https:\/\/compuviper.mx\/tienda\/\",\"logo\":{\"@type\":\"ImageObject\",\"inLanguage\":\"es-MX\",\"@id\":\"https:\/\/compuviper.mx\/tienda\/#\/schema\/logo\/image\/\",\"url\":\"https:\/\/compuviper.mx\/tienda\/wp-content\/uploads\/2021\/08\/Logo-Compuviper-10.png\",\"contentUrl\":\"https:\/\/compuviper.mx\/tienda\/wp-content\/uploads\/2021\/08\/Logo-Compuviper-10.png\",\"width\":1000,\"height\":500,\"caption\":\"Compuviper\"},\"image\":{\"@id\":\"https:\/\/compuviper.mx\/tienda\/#\/schema\/logo\/image\/\"},\"sameAs\":[\"https:\/\/www.facebook.com\/compuviper\",\"https:\/\/www.youtube.com\/channel\/UCf73dERp9Y3cfOq7q8BhLjA?view_as=subscriber\"]}]}<\/script>\n<meta property=\"product:brand\" content=\"GRANDSTREAM\" \/>\n<meta property=\"product:price:amount\" content=\"182\" \/>\n<meta property=\"product:price:currency\" content=\"MXN\" \/>\n<meta property=\"og:availability\" content=\"out of stock\" \/>\n<meta property=\"product:availability\" content=\"out of stock\" \/>\n<meta property=\"product:retailer_item_id\" content=\"GWN7700\" \/>\n<meta property=\"product:condition\" content=\"new\" \/>\n<!-- \/ Yoast SEO plugin. -->","yoast_head_json":{"title":"[ Grandstream ] &#129351; Gwn7700 Switch Gigabit No Administrable 5 Puertos 100\/1000\/10000mbps Gabinete Plstico","description":"Compra Gwn7700 Switch Gigabit No Administrable 5 Puertos 100\/1000\/10000mbps Gabinete Plstico + Env\u00edo a domicilio + Pago seguro + Garant\u00eda","robots":{"index":"index","follow":"follow","max-snippet":"max-snippet:-1","max-image-preview":"max-image-preview:large","max-video-preview":"max-video-preview:-1"},"canonical":"https:\/\/compuviper.mx\/tienda\/producto\/grandstream-gwn7700-switch-gigabit-no-administrable-5-puertos-100-1000-10000mbps-gabinete-plstico\/","og_locale":"es_MX","og_type":"article","og_title":"[ Grandstream ] &#129351; Gwn7700 Switch Gigabit No Administrable 5 Puertos 100\/1000\/10000mbps Gabinete Plstico","og_description":"Compra Gwn7700 Switch Gigabit No Administrable 5 Puertos 100\/1000\/10000mbps Gabinete Plstico + Env\u00edo a domicilio + Pago seguro + Garant\u00eda","og_url":"https:\/\/compuviper.mx\/tienda\/producto\/grandstream-gwn7700-switch-gigabit-no-administrable-5-puertos-100-1000-10000mbps-gabinete-plstico\/","og_site_name":"Compuviper","article_publisher":"https:\/\/www.facebook.com\/compuviper","twitter_card":"summary_large_image","twitter_misc":{"Precio":"&#36;213 &#36;182 con IVA","Availability":"Out of stock"},"schema":{"@context":"https:\/\/schema.org","@graph":[{"@type":"WebPage","@id":"https:\/\/compuviper.mx\/tienda\/producto\/grandstream-gwn7700-switch-gigabit-no-administrable-5-puertos-100-1000-10000mbps-gabinete-plstico\/","url":"https:\/\/compuviper.mx\/tienda\/producto\/grandstream-gwn7700-switch-gigabit-no-administrable-5-puertos-100-1000-10000mbps-gabinete-plstico\/","name":"[ Grandstream ] &#129351; Gwn7700 Switch Gigabit No Administrable 5 Puertos 100\/1000\/10000mbps Gabinete Plstico","isPartOf":{"@id":"https:\/\/compuviper.mx\/tienda\/#website"},"datePublished":"2026-04-02T07:11:11+00:00","dateModified":"2026-04-02T07:11:11+00:00","description":"Compra Gwn7700 Switch Gigabit No Administrable 5 Puertos 100\/1000\/10000mbps Gabinete Plstico + Env\u00edo a domicilio + Pago seguro + Garant\u00eda","breadcrumb":{"@id":"https:\/\/compuviper.mx\/tienda\/producto\/grandstream-gwn7700-switch-gigabit-no-administrable-5-puertos-100-1000-10000mbps-gabinete-plstico\/#breadcrumb"},"inLanguage":"es-MX","potentialAction":[{"@type":"ReadAction","target":["https:\/\/compuviper.mx\/tienda\/producto\/grandstream-gwn7700-switch-gigabit-no-administrable-5-puertos-100-1000-10000mbps-gabinete-plstico\/"]}]},{"@type":"BreadcrumbList","@id":"https:\/\/compuviper.mx\/tienda\/producto\/grandstream-gwn7700-switch-gigabit-no-administrable-5-puertos-100-1000-10000mbps-gabinete-plstico\/#breadcrumb","itemListElement":[{"@type":"ListItem","position":1,"name":"Inicio","item":"https:\/\/compuviper.mx\/tienda\/"},{"@type":"ListItem","position":2,"name":"Productos","item":"https:\/\/compuviper.mx\/tienda\/productos\/"},{"@type":"ListItem","position":3,"name":"Redes","item":"https:\/\/compuviper.mx\/tienda\/categoria-producto\/redes\/"},{"@type":"ListItem","position":4,"name":"Switch","item":"https:\/\/compuviper.mx\/tienda\/categoria-producto\/redes\/switch\/"},{"@type":"ListItem","position":5,"name":"Grandstream Gwn7700 Switch Gigabit No Administrable 5 Puertos 100\/1000\/10000mbps Gabinete Plstico"}]},{"@type":"WebSite","@id":"https:\/\/compuviper.mx\/tienda\/#website","url":"https:\/\/compuviper.mx\/tienda\/","name":"Compuviper","description":"Proveedor de Computadoras, Laptops, Servidores, Monitores, Puntos de Venta, Teclados,   Impresoras, T\u00f3ner, C\u00e1maras de Seguridad y m\u00e1s en tu tienda en l\u00ednea","publisher":{"@id":"https:\/\/compuviper.mx\/tienda\/#organization"},"potentialAction":[{"@type":"SearchAction","target":{"@type":"EntryPoint","urlTemplate":"https:\/\/compuviper.mx\/tienda\/?s={search_term_string}"},"query-input":"required name=search_term_string"}],"inLanguage":"es-MX"},{"@type":"Organization","@id":"https:\/\/compuviper.mx\/tienda\/#organization","name":"Compuviper","url":"https:\/\/compuviper.mx\/tienda\/","logo":{"@type":"ImageObject","inLanguage":"es-MX","@id":"https:\/\/compuviper.mx\/tienda\/#\/schema\/logo\/image\/","url":"https:\/\/compuviper.mx\/tienda\/wp-content\/uploads\/2021\/08\/Logo-Compuviper-10.png","contentUrl":"https:\/\/compuviper.mx\/tienda\/wp-content\/uploads\/2021\/08\/Logo-Compuviper-10.png","width":1000,"height":500,"caption":"Compuviper"},"image":{"@id":"https:\/\/compuviper.mx\/tienda\/#\/schema\/logo\/image\/"},"sameAs":["https:\/\/www.facebook.com\/compuviper","https:\/\/www.youtube.com\/channel\/UCf73dERp9Y3cfOq7q8BhLjA?view_as=subscriber"]}]},"product_brand":"GRANDSTREAM","product_price_amount":"182","product_price_currency":"MXN","og_availability":"out of stock","product_availability":"out of stock","product_retailer_item_id":"GWN7700","product_condition":"new"},"_links":{"self":[{"href":"https:\/\/compuviper.mx\/tienda\/wp-json\/wp\/v2\/product\/260235"}],"collection":[{"href":"https:\/\/compuviper.mx\/tienda\/wp-json\/wp\/v2\/product"}],"about":[{"href":"https:\/\/compuviper.mx\/tienda\/wp-json\/wp\/v2\/types\/product"}],"replies":[{"embeddable":true,"href":"https:\/\/compuviper.mx\/tienda\/wp-json\/wp\/v2\/comments?post=260235"}],"wp:attachment":[{"href":"https:\/\/compuviper.mx\/tienda\/wp-json\/wp\/v2\/media?parent=260235"}],"wp:term":[{"taxonomy":"product_cat","embeddable":true,"href":"https:\/\/compuviper.mx\/tienda\/wp-json\/wp\/v2\/product_cat?post=260235"},{"taxonomy":"product_tag","embeddable":true,"href":"https:\/\/compuviper.mx\/tienda\/wp-json\/wp\/v2\/product_tag?post=260235"}],"curies":[{"name":"wp","href":"https:\/\/api.w.org\/{rel}","templated":true}]}}