{"id":258325,"date":"2026-04-23T00:18:21","date_gmt":"2026-04-23T06:18:21","guid":{"rendered":"https:\/\/compuviper.mx\/tienda\/producto\/ezviz-cs-h90-cmara-doble-lente-pt-rotacin-en-ambos-lentes-wi-fi-4mp-y-4mp-resolucin-8-megapixel-auto-seguimiento-inteligente-visin-color-nocturna\/"},"modified":"2026-04-23T00:18:22","modified_gmt":"2026-04-23T06:18:22","slug":"ezviz-cs-h90-cmara-doble-lente-pt-rotacin-en-ambos-lentes-wi-fi-4mp-y-4mp-resolucin-8-megapixel-auto-seguimiento-inteligente-visin-color-nocturna","status":"publish","type":"product","link":"https:\/\/compuviper.mx\/tienda\/producto\/ezviz-cs-h90-cmara-doble-lente-pt-rotacin-en-ambos-lentes-wi-fi-4mp-y-4mp-resolucin-8-megapixel-auto-seguimiento-inteligente-visin-color-nocturna\/","title":{"rendered":"Ezviz Cs-h90 C?mara Doble Lente Pt \/ Rotaci?n En Ambos Lentes \/ Wi-fi \/ 4mp+ Y 4mp (resoluci?n 8 Megapixel ) \/ Auto Seguimiento Inteligente \/ Visi?n Color Nocturna"},"content":{"rendered":"<table class=\"descripcion\">\n<tr>\n<td>Camara<\/td>\n<\/tr>\n<tr>\n<td>Sensor de imagen: cmos de escaneo progresivo de 1\/3\u0094<\/td>\n<\/tr>\n<tr>\n<td>Velocidad de obturaci\u00f3n: obturador auto-adaptativo<\/td>\n<\/tr>\n<tr>\n<td>Lente : lente superior: 2.8 mm @ f1.6, campo de visi\u00f3n: 110\u00b0 (diagonal), 96\u00b0 (horizontal), 54\u00b0 (vertical) lente inferior: 6 mm @ f1.6, campo de visi\u00f3n: 60\u00b0 (diagonal), 52\u00b0 (horizontal), 28\u00b0 (vertical)<\/td>\n<\/tr>\n<tr>\n<td>\u00e1ngulo de giro e inclinaci\u00f3n: lente superior: paneo: 220\u00b0, inclinaci\u00f3n: 10\u00b0 (ajuste manual del \u00e1ngulo vertical)<\/td>\n<\/tr>\n<tr>\n<td>Lente inferior: paneo: 324\u00b0, inclinaci\u00f3n: 90\u00b0<\/td>\n<\/tr>\n<tr>\n<td>Iluminaci\u00f3n m\u00ednima: 0.5 lux @ (f1.6, agc activado), 0 lux con ir (*datos obtenidos de laboratorios ezviz)<\/td>\n<\/tr>\n<tr>\n<td>Montura de lente: m12<\/td>\n<\/tr>\n<tr>\n<td>D\u00eda y noche: filtro ir-cut con conmutaci\u00f3n autom\u00e1tica<\/td>\n<\/tr>\n<tr>\n<td>Dnr: reducci\u00f3n de ruido digital 3d (3d dnr)<\/td>\n<\/tr>\n<tr>\n<td>Wdr: rango din\u00e1mico amplio digital (wdr digital)<\/td>\n<\/tr>\n<tr>\n<td>Visi\u00f3n nocturna infrarroja: 30 m (98 pies)<\/td>\n<\/tr>\n<tr>\n<td>Visi\u00f3n nocturna a color:<\/td>\n<\/tr>\n<tr>\n<td>Hasta 40 m (131 pies) cuando ambas lentes apuntan en la misma direcci\u00f3n<\/td>\n<\/tr>\n<tr>\n<td>Video y audio<\/td>\n<\/tr>\n<tr>\n<td>Resoluci\u00f3n m\u00e1xima: 2560 \u00d7 1440<\/td>\n<\/tr>\n<tr>\n<td>Velocidad de fotogramas: m\u00e1ximo: 15 fps; auto-adaptativo durante la transmisi\u00f3n en red<\/td>\n<\/tr>\n<tr>\n<td>Compresi\u00f3n de video: h.265 \/ h.264<\/td>\n<\/tr>\n<tr>\n<td>Tipo h.265: perfil principal<\/td>\n<\/tr>\n<tr>\n<td>Tasa de bits de video: quad hd, full hd, est\u00e1ndar \u0097 tasa de bits adaptativa<\/td>\n<\/tr>\n<tr>\n<td>Tasa de bits de audio:  auto-adaptativo<\/td>\n<\/tr>\n<tr>\n<td>Red<\/td>\n<\/tr>\n<tr>\n<td>Est\u00e1ndar wi-fi: : ieee802.11b, 802.11g, 802.11n<\/td>\n<\/tr>\n<tr>\n<td>Rango de frecuencia: 2.4 ghz ~ 2.4835 ghz<\/td>\n<\/tr>\n<tr>\n<td>Ancho de banda del canal: compatible con 20 mhz<\/td>\n<\/tr>\n<tr>\n<td>Seguridad: wpa-psk \/ wpa2-psk<\/td>\n<\/tr>\n<tr>\n<td>Velocidad de transmisi\u00f3n: 11b: 11 mbps, 11g: 54 mbps, 11n: 150 mbps<\/td>\n<\/tr>\n<tr>\n<td>Emparejamiento wi-fi:  emparejamiento en modo ap<\/td>\n<\/tr>\n<tr>\n<td>Protocolo: protocolo propietario de la nube ezviz<\/td>\n<\/tr>\n<tr>\n<td>Protocolo de interfaz: protocolo propietario de la nube ezviz<\/td>\n<\/tr>\n<tr>\n<td>Red cableada: rj45 \u00d7 1 (puerto ethernet adaptativo 10m \/ 100m)<\/td>\n<\/tr>\n<tr>\n<td>Funcion<\/td>\n<\/tr>\n<tr>\n<td>Alarma inteligente: detecci\u00f3n de silueta de persona \/ veh\u00edculo \/ movimiento impulsada por ia<\/td>\n<\/tr>\n<tr>\n<td>Seguimiento autom\u00e1tico: compatible<\/td>\n<\/tr>\n<tr>\n<td>\u00e1rea de alerta personalizada: compatible<\/td>\n<\/tr>\n<tr>\n<td>Comunicaci\u00f3n bidireccional: compatible<\/td>\n<\/tr>\n<tr>\n<td>Ubicaciones preestablecidas: compatible<\/td>\n<\/tr>\n<tr>\n<td>Funci\u00f3n general: anti-parpadeo, transmisi\u00f3n dual, latido de red, protecci\u00f3n por contrase\u00f1a, marca de agua<\/td>\n<\/tr>\n<tr>\n<td>Almacenamiento<\/td>\n<\/tr>\n<tr>\n<td>Almacenamiento local: compatible con tarjeta microsd (m\u00e1x. 512gb)<\/td>\n<\/tr>\n<tr>\n<td>Almacenamiento en la nube: compatible con almacenamiento en la nube ezviz cloudplay (requiere suscripci\u00f3n)<\/td>\n<\/tr>\n<tr>\n<td>General<\/td>\n<\/tr>\n<tr>\n<td>Condiciones de operaci\u00f3n:-30\u00b0c a 50\u00b0c (\u009622\u00b0f a 122\u00b0f<\/td>\n<\/tr>\n<tr>\n<td>Grado de protecci\u00f3n ip: dise\u00f1o resistente a la intemperie<\/td>\n<\/tr>\n<tr>\n<td>Fuente de alimentaci\u00f3n: dc 12v \/ 1.5<\/td>\n<\/tr>\n<tr>\n<td>Consumo de energ\u00eda: consumo m\u00e1ximo: 18<\/td>\n<\/tr>\n<tr>\n<td>Dimensiones: 224 \u00d7 135 \u00d7 136 mm (8.82 \u00d7 5.31 \u00d7 5.35 pulgada<\/td>\n<\/tr>\n<tr>\n<td>Dimensiones del empaque: 255 \u00d7 176 \u00d7 194 mm (10.04 \u00d7 6.93 \u00d7 7.64 pulgad<\/td>\n<\/tr>\n<tr>\n<td>Peso: peso neto: 723g (25.51oz) con empaque: 1203g (42.43o<\/td>\n<\/tr>\n<\/table>\n","protected":false},"excerpt":{"rendered":"<p>La ezviz h90 dual combina dos lentes rotativas en una sola estructura para ofrecer protecci\u00f3n de 360 grados en alta resoluci\u00f3n 2k+. Dise\u00f1ada para cubrir todos los \u00e1ngulos con su visi\u00f3n panor\u00e1mica y capacidades avanzadas, esta c\u00e1mara es ideal para monitorear grandes \u00e1reas. Incluye tecnolog\u00edas de seguimiento inteligente y defensa activa con sirenas y luces estrobosc\u00f3picas para una seguridad completa.<\/p>\n","protected":false},"featured_media":0,"comment_status":"open","ping_status":"open","template":"","meta":[],"product_cat":[1608,1681],"product_tag":[2123],"acf":[],"yoast_head":"<!-- This site is optimized with the Yoast SEO plugin v21.7 - https:\/\/yoast.com\/wordpress\/plugins\/seo\/ -->\n<title>[ Ezviz ] &#129351; Cs-h90 C\u00e1mara Doble Lente Pt \/ Rotaci\u00f3n En Ambos Lentes \/ Wi-fi \/ 4mp+ Y 4mp (resoluci\u00f3n 8 Megapixel ) \/ Auto Seguimiento Inteligente \/ Visi\u00f3n Color Nocturna<\/title>\n<meta name=\"description\" content=\"Compra Cs-h90 C\u00e1mara Doble Lente Pt \/ Rotaci\u00f3n En Ambos Lentes \/ Wi-fi \/ 4mp+ Y 4mp (resoluci\u00f3n 8 Megapixel ) \/ Auto Seguimiento Inteligente \/ Visi\u00f3n Color Nocturna + Env\u00edo a domicilio + Pago seguro + Garant\u00eda\" \/>\n<meta name=\"robots\" content=\"index, follow, max-snippet:-1, max-image-preview:large, max-video-preview:-1\" \/>\n<link rel=\"canonical\" href=\"https:\/\/compuviper.mx\/tienda\/producto\/ezviz-cs-h90-cmara-doble-lente-pt-rotacin-en-ambos-lentes-wi-fi-4mp-y-4mp-resolucin-8-megapixel-auto-seguimiento-inteligente-visin-color-nocturna\/\" \/>\n<meta property=\"og:locale\" content=\"es_MX\" \/>\n<meta property=\"og:type\" content=\"article\" \/>\n<meta property=\"og:title\" content=\"[ Ezviz ] &#129351; Cs-h90 C\u00e1mara Doble Lente Pt \/ Rotaci\u00f3n En Ambos Lentes \/ Wi-fi \/ 4mp+ Y 4mp (resoluci\u00f3n 8 Megapixel ) \/ Auto Seguimiento Inteligente \/ Visi\u00f3n Color Nocturna\" \/>\n<meta property=\"og:description\" content=\"Compra Cs-h90 C\u00e1mara Doble Lente Pt \/ Rotaci\u00f3n En Ambos Lentes \/ Wi-fi \/ 4mp+ Y 4mp (resoluci\u00f3n 8 Megapixel ) \/ Auto Seguimiento Inteligente \/ Visi\u00f3n Color Nocturna + Env\u00edo a domicilio + Pago seguro + Garant\u00eda\" \/>\n<meta property=\"og:url\" content=\"https:\/\/compuviper.mx\/tienda\/producto\/ezviz-cs-h90-cmara-doble-lente-pt-rotacin-en-ambos-lentes-wi-fi-4mp-y-4mp-resolucin-8-megapixel-auto-seguimiento-inteligente-visin-color-nocturna\/\" \/>\n<meta property=\"og:site_name\" content=\"Compuviper\" \/>\n<meta property=\"article:publisher\" content=\"https:\/\/www.facebook.com\/compuviper\" \/>\n<meta property=\"article:modified_time\" content=\"2026-04-23T06:18:22+00:00\" \/>\n<meta name=\"twitter:card\" content=\"summary_large_image\" \/>\n<meta name=\"twitter:label1\" content=\"Precio\" \/>\n\t<meta name=\"twitter:data1\" content=\"&#36;1,600 con IVA\" \/>\n\t<meta name=\"twitter:label2\" content=\"Availability\" \/>\n\t<meta name=\"twitter:data2\" content=\"Out of stock\" \/>\n<script type=\"application\/ld+json\" class=\"yoast-schema-graph\">{\"@context\":\"https:\/\/schema.org\",\"@graph\":[{\"@type\":\"WebPage\",\"@id\":\"https:\/\/compuviper.mx\/tienda\/producto\/ezviz-cs-h90-cmara-doble-lente-pt-rotacin-en-ambos-lentes-wi-fi-4mp-y-4mp-resolucin-8-megapixel-auto-seguimiento-inteligente-visin-color-nocturna\/\",\"url\":\"https:\/\/compuviper.mx\/tienda\/producto\/ezviz-cs-h90-cmara-doble-lente-pt-rotacin-en-ambos-lentes-wi-fi-4mp-y-4mp-resolucin-8-megapixel-auto-seguimiento-inteligente-visin-color-nocturna\/\",\"name\":\"[ Ezviz ] &#129351; Cs-h90 C\u00e1mara Doble Lente Pt \/ Rotaci\u00f3n En Ambos Lentes \/ Wi-fi \/ 4mp+ Y 4mp (resoluci\u00f3n 8 Megapixel ) \/ Auto Seguimiento Inteligente \/ Visi\u00f3n Color Nocturna\",\"isPartOf\":{\"@id\":\"https:\/\/compuviper.mx\/tienda\/#website\"},\"datePublished\":\"2026-04-23T06:18:21+00:00\",\"dateModified\":\"2026-04-23T06:18:22+00:00\",\"description\":\"Compra Cs-h90 C\u00e1mara Doble Lente Pt \/ Rotaci\u00f3n En Ambos Lentes \/ Wi-fi \/ 4mp+ Y 4mp (resoluci\u00f3n 8 Megapixel ) \/ Auto Seguimiento Inteligente \/ Visi\u00f3n Color Nocturna + Env\u00edo a domicilio + Pago seguro + Garant\u00eda\",\"breadcrumb\":{\"@id\":\"https:\/\/compuviper.mx\/tienda\/producto\/ezviz-cs-h90-cmara-doble-lente-pt-rotacin-en-ambos-lentes-wi-fi-4mp-y-4mp-resolucin-8-megapixel-auto-seguimiento-inteligente-visin-color-nocturna\/#breadcrumb\"},\"inLanguage\":\"es-MX\",\"potentialAction\":[{\"@type\":\"ReadAction\",\"target\":[\"https:\/\/compuviper.mx\/tienda\/producto\/ezviz-cs-h90-cmara-doble-lente-pt-rotacin-en-ambos-lentes-wi-fi-4mp-y-4mp-resolucin-8-megapixel-auto-seguimiento-inteligente-visin-color-nocturna\/\"]}]},{\"@type\":\"BreadcrumbList\",\"@id\":\"https:\/\/compuviper.mx\/tienda\/producto\/ezviz-cs-h90-cmara-doble-lente-pt-rotacin-en-ambos-lentes-wi-fi-4mp-y-4mp-resolucin-8-megapixel-auto-seguimiento-inteligente-visin-color-nocturna\/#breadcrumb\",\"itemListElement\":[{\"@type\":\"ListItem\",\"position\":1,\"name\":\"Inicio\",\"item\":\"https:\/\/compuviper.mx\/tienda\/\"},{\"@type\":\"ListItem\",\"position\":2,\"name\":\"Productos\",\"item\":\"https:\/\/compuviper.mx\/tienda\/productos\/\"},{\"@type\":\"ListItem\",\"position\":3,\"name\":\"Camaras\",\"item\":\"https:\/\/compuviper.mx\/tienda\/categoria-producto\/camaras-2\/\"},{\"@type\":\"ListItem\",\"position\":4,\"name\":\"Camara De Videovigilancia\",\"item\":\"https:\/\/compuviper.mx\/tienda\/categoria-producto\/camaras-2\/camara-de-videovigilancia\/\"},{\"@type\":\"ListItem\",\"position\":5,\"name\":\"Ezviz Cs-h90 C?mara Doble Lente Pt \/ Rotaci?n En Ambos Lentes \/ Wi-fi \/ 4mp+ Y 4mp (resoluci?n 8 Megapixel ) \/ Auto Seguimiento Inteligente \/ Visi?n Color Nocturna\"}]},{\"@type\":\"WebSite\",\"@id\":\"https:\/\/compuviper.mx\/tienda\/#website\",\"url\":\"https:\/\/compuviper.mx\/tienda\/\",\"name\":\"Compuviper\",\"description\":\"Proveedor de Computadoras, Laptops, Servidores, Monitores, Puntos de Venta, Teclados,   Impresoras, T\u00f3ner, C\u00e1maras de Seguridad y m\u00e1s en tu tienda en l\u00ednea\",\"publisher\":{\"@id\":\"https:\/\/compuviper.mx\/tienda\/#organization\"},\"potentialAction\":[{\"@type\":\"SearchAction\",\"target\":{\"@type\":\"EntryPoint\",\"urlTemplate\":\"https:\/\/compuviper.mx\/tienda\/?s={search_term_string}\"},\"query-input\":\"required name=search_term_string\"}],\"inLanguage\":\"es-MX\"},{\"@type\":\"Organization\",\"@id\":\"https:\/\/compuviper.mx\/tienda\/#organization\",\"name\":\"Compuviper\",\"url\":\"https:\/\/compuviper.mx\/tienda\/\",\"logo\":{\"@type\":\"ImageObject\",\"inLanguage\":\"es-MX\",\"@id\":\"https:\/\/compuviper.mx\/tienda\/#\/schema\/logo\/image\/\",\"url\":\"https:\/\/compuviper.mx\/tienda\/wp-content\/uploads\/2021\/08\/Logo-Compuviper-10.png\",\"contentUrl\":\"https:\/\/compuviper.mx\/tienda\/wp-content\/uploads\/2021\/08\/Logo-Compuviper-10.png\",\"width\":1000,\"height\":500,\"caption\":\"Compuviper\"},\"image\":{\"@id\":\"https:\/\/compuviper.mx\/tienda\/#\/schema\/logo\/image\/\"},\"sameAs\":[\"https:\/\/www.facebook.com\/compuviper\",\"https:\/\/www.youtube.com\/channel\/UCf73dERp9Y3cfOq7q8BhLjA?view_as=subscriber\"]}]}<\/script>\n<meta property=\"product:brand\" content=\"Ezviz\" \/>\n<meta property=\"product:price:amount\" content=\"1600\" \/>\n<meta property=\"product:price:currency\" content=\"MXN\" \/>\n<meta property=\"og:availability\" content=\"out of stock\" \/>\n<meta property=\"product:availability\" content=\"out of stock\" \/>\n<meta property=\"product:retailer_item_id\" content=\"CS-H90\" \/>\n<meta property=\"product:condition\" content=\"new\" \/>\n<!-- \/ Yoast SEO plugin. -->","yoast_head_json":{"title":"[ Ezviz ] &#129351; Cs-h90 C\u00e1mara Doble Lente Pt \/ Rotaci\u00f3n En Ambos Lentes \/ Wi-fi \/ 4mp+ Y 4mp (resoluci\u00f3n 8 Megapixel ) \/ Auto Seguimiento Inteligente \/ Visi\u00f3n Color Nocturna","description":"Compra Cs-h90 C\u00e1mara Doble Lente Pt \/ Rotaci\u00f3n En Ambos Lentes \/ Wi-fi \/ 4mp+ Y 4mp (resoluci\u00f3n 8 Megapixel ) \/ Auto Seguimiento Inteligente \/ Visi\u00f3n Color Nocturna + Env\u00edo a domicilio + Pago seguro + Garant\u00eda","robots":{"index":"index","follow":"follow","max-snippet":"max-snippet:-1","max-image-preview":"max-image-preview:large","max-video-preview":"max-video-preview:-1"},"canonical":"https:\/\/compuviper.mx\/tienda\/producto\/ezviz-cs-h90-cmara-doble-lente-pt-rotacin-en-ambos-lentes-wi-fi-4mp-y-4mp-resolucin-8-megapixel-auto-seguimiento-inteligente-visin-color-nocturna\/","og_locale":"es_MX","og_type":"article","og_title":"[ Ezviz ] &#129351; Cs-h90 C\u00e1mara Doble Lente Pt \/ Rotaci\u00f3n En Ambos Lentes \/ Wi-fi \/ 4mp+ Y 4mp (resoluci\u00f3n 8 Megapixel ) \/ Auto Seguimiento Inteligente \/ Visi\u00f3n Color Nocturna","og_description":"Compra Cs-h90 C\u00e1mara Doble Lente Pt \/ Rotaci\u00f3n En Ambos Lentes \/ Wi-fi \/ 4mp+ Y 4mp (resoluci\u00f3n 8 Megapixel ) \/ Auto Seguimiento Inteligente \/ Visi\u00f3n Color Nocturna + Env\u00edo a domicilio + Pago seguro + Garant\u00eda","og_url":"https:\/\/compuviper.mx\/tienda\/producto\/ezviz-cs-h90-cmara-doble-lente-pt-rotacin-en-ambos-lentes-wi-fi-4mp-y-4mp-resolucin-8-megapixel-auto-seguimiento-inteligente-visin-color-nocturna\/","og_site_name":"Compuviper","article_publisher":"https:\/\/www.facebook.com\/compuviper","article_modified_time":"2026-04-23T06:18:22+00:00","twitter_card":"summary_large_image","twitter_misc":{"Precio":"&#36;1,600 con IVA","Availability":"Out of stock"},"schema":{"@context":"https:\/\/schema.org","@graph":[{"@type":"WebPage","@id":"https:\/\/compuviper.mx\/tienda\/producto\/ezviz-cs-h90-cmara-doble-lente-pt-rotacin-en-ambos-lentes-wi-fi-4mp-y-4mp-resolucin-8-megapixel-auto-seguimiento-inteligente-visin-color-nocturna\/","url":"https:\/\/compuviper.mx\/tienda\/producto\/ezviz-cs-h90-cmara-doble-lente-pt-rotacin-en-ambos-lentes-wi-fi-4mp-y-4mp-resolucin-8-megapixel-auto-seguimiento-inteligente-visin-color-nocturna\/","name":"[ Ezviz ] &#129351; Cs-h90 C\u00e1mara Doble Lente Pt \/ Rotaci\u00f3n En Ambos Lentes \/ Wi-fi \/ 4mp+ Y 4mp (resoluci\u00f3n 8 Megapixel ) \/ Auto Seguimiento Inteligente \/ Visi\u00f3n Color Nocturna","isPartOf":{"@id":"https:\/\/compuviper.mx\/tienda\/#website"},"datePublished":"2026-04-23T06:18:21+00:00","dateModified":"2026-04-23T06:18:22+00:00","description":"Compra Cs-h90 C\u00e1mara Doble Lente Pt \/ Rotaci\u00f3n En Ambos Lentes \/ Wi-fi \/ 4mp+ Y 4mp (resoluci\u00f3n 8 Megapixel ) \/ Auto Seguimiento Inteligente \/ Visi\u00f3n Color Nocturna + Env\u00edo a domicilio + Pago seguro + Garant\u00eda","breadcrumb":{"@id":"https:\/\/compuviper.mx\/tienda\/producto\/ezviz-cs-h90-cmara-doble-lente-pt-rotacin-en-ambos-lentes-wi-fi-4mp-y-4mp-resolucin-8-megapixel-auto-seguimiento-inteligente-visin-color-nocturna\/#breadcrumb"},"inLanguage":"es-MX","potentialAction":[{"@type":"ReadAction","target":["https:\/\/compuviper.mx\/tienda\/producto\/ezviz-cs-h90-cmara-doble-lente-pt-rotacin-en-ambos-lentes-wi-fi-4mp-y-4mp-resolucin-8-megapixel-auto-seguimiento-inteligente-visin-color-nocturna\/"]}]},{"@type":"BreadcrumbList","@id":"https:\/\/compuviper.mx\/tienda\/producto\/ezviz-cs-h90-cmara-doble-lente-pt-rotacin-en-ambos-lentes-wi-fi-4mp-y-4mp-resolucin-8-megapixel-auto-seguimiento-inteligente-visin-color-nocturna\/#breadcrumb","itemListElement":[{"@type":"ListItem","position":1,"name":"Inicio","item":"https:\/\/compuviper.mx\/tienda\/"},{"@type":"ListItem","position":2,"name":"Productos","item":"https:\/\/compuviper.mx\/tienda\/productos\/"},{"@type":"ListItem","position":3,"name":"Camaras","item":"https:\/\/compuviper.mx\/tienda\/categoria-producto\/camaras-2\/"},{"@type":"ListItem","position":4,"name":"Camara De Videovigilancia","item":"https:\/\/compuviper.mx\/tienda\/categoria-producto\/camaras-2\/camara-de-videovigilancia\/"},{"@type":"ListItem","position":5,"name":"Ezviz Cs-h90 C?mara Doble Lente Pt \/ Rotaci?n En Ambos Lentes \/ Wi-fi \/ 4mp+ Y 4mp (resoluci?n 8 Megapixel ) \/ Auto Seguimiento Inteligente \/ Visi?n Color Nocturna"}]},{"@type":"WebSite","@id":"https:\/\/compuviper.mx\/tienda\/#website","url":"https:\/\/compuviper.mx\/tienda\/","name":"Compuviper","description":"Proveedor de Computadoras, Laptops, Servidores, Monitores, Puntos de Venta, Teclados,   Impresoras, T\u00f3ner, C\u00e1maras de Seguridad y m\u00e1s en tu tienda en l\u00ednea","publisher":{"@id":"https:\/\/compuviper.mx\/tienda\/#organization"},"potentialAction":[{"@type":"SearchAction","target":{"@type":"EntryPoint","urlTemplate":"https:\/\/compuviper.mx\/tienda\/?s={search_term_string}"},"query-input":"required name=search_term_string"}],"inLanguage":"es-MX"},{"@type":"Organization","@id":"https:\/\/compuviper.mx\/tienda\/#organization","name":"Compuviper","url":"https:\/\/compuviper.mx\/tienda\/","logo":{"@type":"ImageObject","inLanguage":"es-MX","@id":"https:\/\/compuviper.mx\/tienda\/#\/schema\/logo\/image\/","url":"https:\/\/compuviper.mx\/tienda\/wp-content\/uploads\/2021\/08\/Logo-Compuviper-10.png","contentUrl":"https:\/\/compuviper.mx\/tienda\/wp-content\/uploads\/2021\/08\/Logo-Compuviper-10.png","width":1000,"height":500,"caption":"Compuviper"},"image":{"@id":"https:\/\/compuviper.mx\/tienda\/#\/schema\/logo\/image\/"},"sameAs":["https:\/\/www.facebook.com\/compuviper","https:\/\/www.youtube.com\/channel\/UCf73dERp9Y3cfOq7q8BhLjA?view_as=subscriber"]}]},"product_brand":"Ezviz","product_price_amount":"1600","product_price_currency":"MXN","og_availability":"out of stock","product_availability":"out of stock","product_retailer_item_id":"CS-H90","product_condition":"new"},"_links":{"self":[{"href":"https:\/\/compuviper.mx\/tienda\/wp-json\/wp\/v2\/product\/258325"}],"collection":[{"href":"https:\/\/compuviper.mx\/tienda\/wp-json\/wp\/v2\/product"}],"about":[{"href":"https:\/\/compuviper.mx\/tienda\/wp-json\/wp\/v2\/types\/product"}],"replies":[{"embeddable":true,"href":"https:\/\/compuviper.mx\/tienda\/wp-json\/wp\/v2\/comments?post=258325"}],"wp:attachment":[{"href":"https:\/\/compuviper.mx\/tienda\/wp-json\/wp\/v2\/media?parent=258325"}],"wp:term":[{"taxonomy":"product_cat","embeddable":true,"href":"https:\/\/compuviper.mx\/tienda\/wp-json\/wp\/v2\/product_cat?post=258325"},{"taxonomy":"product_tag","embeddable":true,"href":"https:\/\/compuviper.mx\/tienda\/wp-json\/wp\/v2\/product_tag?post=258325"}],"curies":[{"name":"wp","href":"https:\/\/api.w.org\/{rel}","templated":true}]}}