{"id":258286,"date":"2026-04-11T01:54:46","date_gmt":"2026-04-11T07:54:46","guid":{"rendered":"https:\/\/compuviper.mx\/tienda\/producto\/cyberpower-lb2500vr-regulador-2500va-1500w-120v-1-tomacorrientes-5-15r-5-aos-de-garantia\/"},"modified":"2026-04-11T01:54:46","modified_gmt":"2026-04-11T07:54:46","slug":"cyberpower-lb2500vr-regulador-2500va-1500w-120v-1-tomacorrientes-5-15r-5-aos-de-garantia","status":"publish","type":"product","link":"https:\/\/compuviper.mx\/tienda\/producto\/cyberpower-lb2500vr-regulador-2500va-1500w-120v-1-tomacorrientes-5-15r-5-aos-de-garantia\/","title":{"rendered":"Cyberpower Lb2500vr Regulador   2500va\/1500w, 120v, 1 Tomacorrientes 5-15r, 5 A?os De Garantia."},"content":{"rendered":"<table class=\"descripcion\">\n<tr>\n<td>Entrada<\/td>\n<\/tr>\n<tr>\n<td>Compatible con generador: s\u00ed<\/td>\n<\/tr>\n<tr>\n<td>Voltaje nominal de entrada (vca): 120 \u00b1 10%<\/td>\n<\/tr>\n<tr>\n<td>Rango de voltaje de entrada (vca): 82 &#8211; 148<\/td>\n<\/tr>\n<tr>\n<td>Rango de frecuencia de entrada (s.f.): 45 &#8211; 65<\/td>\n<\/tr>\n<tr>\n<td>Corriente nominal de entrada (a): 20<\/td>\n<\/tr>\n<tr>\n<td>Tipo de conector de entrada: nema 5-15p<\/td>\n<\/tr>\n<tr>\n<td>Salida<\/td>\n<\/tr>\n<tr>\n<td>Capacidad (va): 2500<\/td>\n<\/tr>\n<tr>\n<td>Capacidad (watts): 1500<\/td>\n<\/tr>\n<tr>\n<td>Regulaci\u00f3n autom\u00e1tica de voltaje (avr): aumento y reducci\u00f3n simples<\/td>\n<\/tr>\n<tr>\n<td>Protecci\u00f3n contra sobrecargas: disyuntor<\/td>\n<\/tr>\n<tr>\n<td>Salida (s) \u0096 total: 1<\/td>\n<\/tr>\n<tr>\n<td>Tipo de salida nema 5-15r x 1<\/td>\n<\/tr>\n<tr>\n<td>Salida (s) &#8211; avr y protegida contra sobretensiones: 1<\/td>\n<\/tr>\n<tr>\n<td>Protecci\u00f3n contra sobretensiones y filtrado<\/td>\n<\/tr>\n<tr>\n<td>Supresi\u00f3n de sobretensiones (joules): 245<\/td>\n<\/tr>\n<tr>\n<td>Filtraci\u00f3n emi y rfi: s\u00ed<\/td>\n<\/tr>\n<tr>\n<td>Gesti\u00f3n y comunicaciones<\/td>\n<\/tr>\n<tr>\n<td>Indicadores led: normal, avr, fallo<\/td>\n<\/tr>\n<tr>\n<td>F\u00edsico<\/td>\n<\/tr>\n<tr>\n<td>Factor de forma: escritorio<\/td>\n<\/tr>\n<tr>\n<td>Tama\u00f1o f\u00edsico<\/td>\n<\/tr>\n<tr>\n<td>Dimensiones (anxalxp) (mm) 205 x 115 x 146<\/td>\n<\/tr>\n<tr>\n<td>Peso (kg) 3.55<\/td>\n<\/tr>\n<tr>\n<td>Medioambiental<\/td>\n<\/tr>\n<tr>\n<td>Temperatura de operaci\u00f3n (\u00b0c) 0 &#8211; 40<\/td>\n<\/tr>\n<tr>\n<td>Humedad relativa de operaci\u00f3n (sin condensaci\u00f3n) (%) 0 &#8211; 90<\/td>\n<\/tr>\n<tr>\n<td>Disipaci\u00f3n t\u00e9rmica en l\u00ednea (btu\/h): 51.3<\/td>\n<\/tr>\n<tr>\n<td>Certificaciones<\/td>\n<\/tr>\n<tr>\n<td>Certificaciones* nom<\/td>\n<\/tr>\n<tr>\n<td>Rohs: s\u00ed<\/td>\n<\/tr>\n<tr>\n<td>Garant\u00eda<\/td>\n<\/tr>\n<tr>\n<td>Per\u00edodo de garant\u00eda del producto (a\u00f1o) 5<\/td>\n<\/tr>\n<\/table>\n","protected":false},"excerpt":{"rendered":"<p>Proteja sus equipos de l\u00ednea blanca con voltaje estable y un tiempo de retardo de inicio ajustable a sus necesidades ideal para la electr\u00f3nica dom\u00e9stica, la serie lb est\u00e1 equipada con una funci\u00f3n de regulaci\u00f3n autom\u00e1tica de voltaje (avr) que proporciona una salida de alimentaci\u00f3n de ca estabilizada, lo que lo hace adecuado para hogares con energ\u00eda inestable o aquellos que usan generadores. El temporizador de retardo de inicio incorporado ayuda a mantener un voltaje estable para diferentes dispositivos y condiciones de energ\u00eda. Los productos tambi\u00e9n cuentan con protecci\u00f3n contra sobretensiones, filtrado emi, protecci\u00f3n contra sobrecargas e indicadores led para mantener su equipo seguro.<\/p>\n","protected":false},"featured_media":260756,"comment_status":"open","ping_status":"open","template":"","meta":[],"product_cat":[1508,1802],"product_tag":[1692],"acf":[],"yoast_head":"<!-- This site is optimized with the Yoast SEO plugin v21.7 - https:\/\/yoast.com\/wordpress\/plugins\/seo\/ -->\n<title>[ Cyberpower ] &#129351; Lb2500vr Regulador 2500va\/1500w, 120v, 1 Tomacorrientes 5-15r, 5 A\u00f1os De Garantia.<\/title>\n<meta name=\"description\" content=\"Compra Lb2500vr Regulador 2500va\/1500w, 120v, 1 Tomacorrientes 5-15r, 5 A\u00f1os De Garantia. + Env\u00edo a domicilio + Pago seguro + Garant\u00eda\" \/>\n<meta name=\"robots\" content=\"index, follow, max-snippet:-1, max-image-preview:large, max-video-preview:-1\" \/>\n<link rel=\"canonical\" href=\"https:\/\/compuviper.mx\/tienda\/producto\/cyberpower-lb2500vr-regulador-2500va-1500w-120v-1-tomacorrientes-5-15r-5-aos-de-garantia\/\" \/>\n<meta property=\"og:locale\" content=\"es_MX\" \/>\n<meta property=\"og:type\" content=\"article\" \/>\n<meta property=\"og:title\" content=\"[ Cyberpower ] &#129351; Lb2500vr Regulador 2500va\/1500w, 120v, 1 Tomacorrientes 5-15r, 5 A\u00f1os De Garantia.\" \/>\n<meta property=\"og:description\" content=\"Compra Lb2500vr Regulador 2500va\/1500w, 120v, 1 Tomacorrientes 5-15r, 5 A\u00f1os De Garantia. + Env\u00edo a domicilio + Pago seguro + Garant\u00eda\" \/>\n<meta property=\"og:url\" content=\"https:\/\/compuviper.mx\/tienda\/producto\/cyberpower-lb2500vr-regulador-2500va-1500w-120v-1-tomacorrientes-5-15r-5-aos-de-garantia\/\" \/>\n<meta property=\"og:site_name\" content=\"Compuviper\" \/>\n<meta property=\"article:publisher\" content=\"https:\/\/www.facebook.com\/compuviper\" \/>\n<meta property=\"og:image\" content=\"https:\/\/compuviper.mx\/tienda\/wp-content\/uploads\/2025\/10\/Regulador-cyberpower-lb2500vr-2500va1500w-120v-1-tomacorrientes-5-15r-5-anos-de-garantia.jpg\" \/>\n\t<meta property=\"og:image:width\" content=\"200\" \/>\n\t<meta property=\"og:image:height\" content=\"200\" \/>\n\t<meta property=\"og:image:type\" content=\"image\/jpeg\" \/>\n<meta name=\"twitter:card\" content=\"summary_large_image\" \/>\n<meta name=\"twitter:label1\" content=\"Precio\" \/>\n\t<meta name=\"twitter:data1\" content=\"&#36;1,644 &#36;1,487 con IVA\" \/>\n\t<meta name=\"twitter:label2\" content=\"Availability\" \/>\n\t<meta name=\"twitter:data2\" content=\"In stock\" \/>\n<script type=\"application\/ld+json\" class=\"yoast-schema-graph\">{\"@context\":\"https:\/\/schema.org\",\"@graph\":[{\"@type\":\"WebPage\",\"@id\":\"https:\/\/compuviper.mx\/tienda\/producto\/cyberpower-lb2500vr-regulador-2500va-1500w-120v-1-tomacorrientes-5-15r-5-aos-de-garantia\/\",\"url\":\"https:\/\/compuviper.mx\/tienda\/producto\/cyberpower-lb2500vr-regulador-2500va-1500w-120v-1-tomacorrientes-5-15r-5-aos-de-garantia\/\",\"name\":\"[ Cyberpower ] &#129351; Lb2500vr Regulador 2500va\/1500w, 120v, 1 Tomacorrientes 5-15r, 5 A\u00f1os De Garantia.\",\"isPartOf\":{\"@id\":\"https:\/\/compuviper.mx\/tienda\/#website\"},\"datePublished\":\"2026-04-11T07:54:46+00:00\",\"dateModified\":\"2026-04-11T07:54:46+00:00\",\"description\":\"Compra Lb2500vr Regulador 2500va\/1500w, 120v, 1 Tomacorrientes 5-15r, 5 A\u00f1os De Garantia. + Env\u00edo a domicilio + Pago seguro + Garant\u00eda\",\"breadcrumb\":{\"@id\":\"https:\/\/compuviper.mx\/tienda\/producto\/cyberpower-lb2500vr-regulador-2500va-1500w-120v-1-tomacorrientes-5-15r-5-aos-de-garantia\/#breadcrumb\"},\"inLanguage\":\"es-MX\",\"potentialAction\":[{\"@type\":\"ReadAction\",\"target\":[\"https:\/\/compuviper.mx\/tienda\/producto\/cyberpower-lb2500vr-regulador-2500va-1500w-120v-1-tomacorrientes-5-15r-5-aos-de-garantia\/\"]}]},{\"@type\":\"BreadcrumbList\",\"@id\":\"https:\/\/compuviper.mx\/tienda\/producto\/cyberpower-lb2500vr-regulador-2500va-1500w-120v-1-tomacorrientes-5-15r-5-aos-de-garantia\/#breadcrumb\",\"itemListElement\":[{\"@type\":\"ListItem\",\"position\":1,\"name\":\"Inicio\",\"item\":\"https:\/\/compuviper.mx\/tienda\/\"},{\"@type\":\"ListItem\",\"position\":2,\"name\":\"Productos\",\"item\":\"https:\/\/compuviper.mx\/tienda\/productos\/\"},{\"@type\":\"ListItem\",\"position\":3,\"name\":\"Energia\",\"item\":\"https:\/\/compuviper.mx\/tienda\/categoria-producto\/energia\/\"},{\"@type\":\"ListItem\",\"position\":4,\"name\":\"Regulador\",\"item\":\"https:\/\/compuviper.mx\/tienda\/categoria-producto\/energia\/regulador\/\"},{\"@type\":\"ListItem\",\"position\":5,\"name\":\"Cyberpower Lb2500vr Regulador 2500va\/1500w, 120v, 1 Tomacorrientes 5-15r, 5 A?os De Garantia.\"}]},{\"@type\":\"WebSite\",\"@id\":\"https:\/\/compuviper.mx\/tienda\/#website\",\"url\":\"https:\/\/compuviper.mx\/tienda\/\",\"name\":\"Compuviper\",\"description\":\"Proveedor de Computadoras, Laptops, Servidores, Monitores, Puntos de Venta, Teclados,   Impresoras, T\u00f3ner, C\u00e1maras de Seguridad y m\u00e1s en tu tienda en l\u00ednea\",\"publisher\":{\"@id\":\"https:\/\/compuviper.mx\/tienda\/#organization\"},\"potentialAction\":[{\"@type\":\"SearchAction\",\"target\":{\"@type\":\"EntryPoint\",\"urlTemplate\":\"https:\/\/compuviper.mx\/tienda\/?s={search_term_string}\"},\"query-input\":\"required name=search_term_string\"}],\"inLanguage\":\"es-MX\"},{\"@type\":\"Organization\",\"@id\":\"https:\/\/compuviper.mx\/tienda\/#organization\",\"name\":\"Compuviper\",\"url\":\"https:\/\/compuviper.mx\/tienda\/\",\"logo\":{\"@type\":\"ImageObject\",\"inLanguage\":\"es-MX\",\"@id\":\"https:\/\/compuviper.mx\/tienda\/#\/schema\/logo\/image\/\",\"url\":\"https:\/\/compuviper.mx\/tienda\/wp-content\/uploads\/2021\/08\/Logo-Compuviper-10.png\",\"contentUrl\":\"https:\/\/compuviper.mx\/tienda\/wp-content\/uploads\/2021\/08\/Logo-Compuviper-10.png\",\"width\":1000,\"height\":500,\"caption\":\"Compuviper\"},\"image\":{\"@id\":\"https:\/\/compuviper.mx\/tienda\/#\/schema\/logo\/image\/\"},\"sameAs\":[\"https:\/\/www.facebook.com\/compuviper\",\"https:\/\/www.youtube.com\/channel\/UCf73dERp9Y3cfOq7q8BhLjA?view_as=subscriber\"]}]}<\/script>\n<meta property=\"product:brand\" content=\"CYBERPOWER\" \/>\n<meta property=\"product:price:amount\" content=\"1487\" \/>\n<meta property=\"product:price:currency\" content=\"MXN\" \/>\n<meta property=\"og:availability\" content=\"instock\" \/>\n<meta property=\"product:availability\" content=\"instock\" \/>\n<meta property=\"product:retailer_item_id\" content=\"LB2500VR\" \/>\n<meta property=\"product:condition\" content=\"new\" \/>\n<!-- \/ Yoast SEO plugin. -->","yoast_head_json":{"title":"[ Cyberpower ] &#129351; Lb2500vr Regulador 2500va\/1500w, 120v, 1 Tomacorrientes 5-15r, 5 A\u00f1os De Garantia.","description":"Compra Lb2500vr Regulador 2500va\/1500w, 120v, 1 Tomacorrientes 5-15r, 5 A\u00f1os De Garantia. + Env\u00edo a domicilio + Pago seguro + Garant\u00eda","robots":{"index":"index","follow":"follow","max-snippet":"max-snippet:-1","max-image-preview":"max-image-preview:large","max-video-preview":"max-video-preview:-1"},"canonical":"https:\/\/compuviper.mx\/tienda\/producto\/cyberpower-lb2500vr-regulador-2500va-1500w-120v-1-tomacorrientes-5-15r-5-aos-de-garantia\/","og_locale":"es_MX","og_type":"article","og_title":"[ Cyberpower ] &#129351; Lb2500vr Regulador 2500va\/1500w, 120v, 1 Tomacorrientes 5-15r, 5 A\u00f1os De Garantia.","og_description":"Compra Lb2500vr Regulador 2500va\/1500w, 120v, 1 Tomacorrientes 5-15r, 5 A\u00f1os De Garantia. + Env\u00edo a domicilio + Pago seguro + Garant\u00eda","og_url":"https:\/\/compuviper.mx\/tienda\/producto\/cyberpower-lb2500vr-regulador-2500va-1500w-120v-1-tomacorrientes-5-15r-5-aos-de-garantia\/","og_site_name":"Compuviper","article_publisher":"https:\/\/www.facebook.com\/compuviper","og_image":[{"width":200,"height":200,"url":"https:\/\/compuviper.mx\/tienda\/wp-content\/uploads\/2025\/10\/Regulador-cyberpower-lb2500vr-2500va1500w-120v-1-tomacorrientes-5-15r-5-anos-de-garantia.jpg","type":"image\/jpeg"}],"twitter_card":"summary_large_image","twitter_misc":{"Precio":"&#36;1,644 &#36;1,487 con IVA","Availability":"In stock"},"schema":{"@context":"https:\/\/schema.org","@graph":[{"@type":"WebPage","@id":"https:\/\/compuviper.mx\/tienda\/producto\/cyberpower-lb2500vr-regulador-2500va-1500w-120v-1-tomacorrientes-5-15r-5-aos-de-garantia\/","url":"https:\/\/compuviper.mx\/tienda\/producto\/cyberpower-lb2500vr-regulador-2500va-1500w-120v-1-tomacorrientes-5-15r-5-aos-de-garantia\/","name":"[ Cyberpower ] &#129351; Lb2500vr Regulador 2500va\/1500w, 120v, 1 Tomacorrientes 5-15r, 5 A\u00f1os De Garantia.","isPartOf":{"@id":"https:\/\/compuviper.mx\/tienda\/#website"},"datePublished":"2026-04-11T07:54:46+00:00","dateModified":"2026-04-11T07:54:46+00:00","description":"Compra Lb2500vr Regulador 2500va\/1500w, 120v, 1 Tomacorrientes 5-15r, 5 A\u00f1os De Garantia. + Env\u00edo a domicilio + Pago seguro + Garant\u00eda","breadcrumb":{"@id":"https:\/\/compuviper.mx\/tienda\/producto\/cyberpower-lb2500vr-regulador-2500va-1500w-120v-1-tomacorrientes-5-15r-5-aos-de-garantia\/#breadcrumb"},"inLanguage":"es-MX","potentialAction":[{"@type":"ReadAction","target":["https:\/\/compuviper.mx\/tienda\/producto\/cyberpower-lb2500vr-regulador-2500va-1500w-120v-1-tomacorrientes-5-15r-5-aos-de-garantia\/"]}]},{"@type":"BreadcrumbList","@id":"https:\/\/compuviper.mx\/tienda\/producto\/cyberpower-lb2500vr-regulador-2500va-1500w-120v-1-tomacorrientes-5-15r-5-aos-de-garantia\/#breadcrumb","itemListElement":[{"@type":"ListItem","position":1,"name":"Inicio","item":"https:\/\/compuviper.mx\/tienda\/"},{"@type":"ListItem","position":2,"name":"Productos","item":"https:\/\/compuviper.mx\/tienda\/productos\/"},{"@type":"ListItem","position":3,"name":"Energia","item":"https:\/\/compuviper.mx\/tienda\/categoria-producto\/energia\/"},{"@type":"ListItem","position":4,"name":"Regulador","item":"https:\/\/compuviper.mx\/tienda\/categoria-producto\/energia\/regulador\/"},{"@type":"ListItem","position":5,"name":"Cyberpower Lb2500vr Regulador 2500va\/1500w, 120v, 1 Tomacorrientes 5-15r, 5 A?os De Garantia."}]},{"@type":"WebSite","@id":"https:\/\/compuviper.mx\/tienda\/#website","url":"https:\/\/compuviper.mx\/tienda\/","name":"Compuviper","description":"Proveedor de Computadoras, Laptops, Servidores, Monitores, Puntos de Venta, Teclados,   Impresoras, T\u00f3ner, C\u00e1maras de Seguridad y m\u00e1s en tu tienda en l\u00ednea","publisher":{"@id":"https:\/\/compuviper.mx\/tienda\/#organization"},"potentialAction":[{"@type":"SearchAction","target":{"@type":"EntryPoint","urlTemplate":"https:\/\/compuviper.mx\/tienda\/?s={search_term_string}"},"query-input":"required name=search_term_string"}],"inLanguage":"es-MX"},{"@type":"Organization","@id":"https:\/\/compuviper.mx\/tienda\/#organization","name":"Compuviper","url":"https:\/\/compuviper.mx\/tienda\/","logo":{"@type":"ImageObject","inLanguage":"es-MX","@id":"https:\/\/compuviper.mx\/tienda\/#\/schema\/logo\/image\/","url":"https:\/\/compuviper.mx\/tienda\/wp-content\/uploads\/2021\/08\/Logo-Compuviper-10.png","contentUrl":"https:\/\/compuviper.mx\/tienda\/wp-content\/uploads\/2021\/08\/Logo-Compuviper-10.png","width":1000,"height":500,"caption":"Compuviper"},"image":{"@id":"https:\/\/compuviper.mx\/tienda\/#\/schema\/logo\/image\/"},"sameAs":["https:\/\/www.facebook.com\/compuviper","https:\/\/www.youtube.com\/channel\/UCf73dERp9Y3cfOq7q8BhLjA?view_as=subscriber"]}]},"product_brand":"CYBERPOWER","product_price_amount":"1487","product_price_currency":"MXN","og_availability":"instock","product_availability":"instock","product_retailer_item_id":"LB2500VR","product_condition":"new"},"_links":{"self":[{"href":"https:\/\/compuviper.mx\/tienda\/wp-json\/wp\/v2\/product\/258286"}],"collection":[{"href":"https:\/\/compuviper.mx\/tienda\/wp-json\/wp\/v2\/product"}],"about":[{"href":"https:\/\/compuviper.mx\/tienda\/wp-json\/wp\/v2\/types\/product"}],"replies":[{"embeddable":true,"href":"https:\/\/compuviper.mx\/tienda\/wp-json\/wp\/v2\/comments?post=258286"}],"wp:featuredmedia":[{"embeddable":true,"href":"https:\/\/compuviper.mx\/tienda\/wp-json\/wp\/v2\/media\/260756"}],"wp:attachment":[{"href":"https:\/\/compuviper.mx\/tienda\/wp-json\/wp\/v2\/media?parent=258286"}],"wp:term":[{"taxonomy":"product_cat","embeddable":true,"href":"https:\/\/compuviper.mx\/tienda\/wp-json\/wp\/v2\/product_cat?post=258286"},{"taxonomy":"product_tag","embeddable":true,"href":"https:\/\/compuviper.mx\/tienda\/wp-json\/wp\/v2\/product_tag?post=258286"}],"curies":[{"name":"wp","href":"https:\/\/api.w.org\/{rel}","templated":true}]}}