{"id":258196,"date":"2026-04-23T00:18:21","date_gmt":"2026-04-23T06:18:21","guid":{"rendered":"https:\/\/compuviper.mx\/tienda\/producto\/dahua-dh-ipc-hdw1439t1-led-s6-camara-ip-domo-de-4-mp-full-color-h-265-lente-de-2-8mm-95-grados-de-apertura-deteccion-de-movimiento-15-mts-de-iluminacion-con-luz-visible-inversion-de-imagen\/"},"modified":"2026-04-23T00:18:21","modified_gmt":"2026-04-23T06:18:21","slug":"dahua-dh-ipc-hdw1439t1-led-s6-camara-ip-domo-de-4-mp-full-color-h-265-lente-de-2-8mm-95-grados-de-apertura-deteccion-de-movimiento-15-mts-de-iluminacion-con-luz-visible-inversion-de-imagen","status":"publish","type":"product","link":"https:\/\/compuviper.mx\/tienda\/producto\/dahua-dh-ipc-hdw1439t1-led-s6-camara-ip-domo-de-4-mp-full-color-h-265-lente-de-2-8mm-95-grados-de-apertura-deteccion-de-movimiento-15-mts-de-iluminacion-con-luz-visible-inversion-de-imagen\/","title":{"rendered":"Dahua Dh-ipc-hdw1439t1-led-s6 Camara Ip\/ \/ \/ Domo De 4 Mp\/ Full Color\/ H.265+\/ Lente De 2.8mm\/ 95 Grados De Apertura\/ Deteccion De Movimiento\/15 Mts De Iluminacion Con Luz Visible\/ Inversion De Imagen\/"},"content":{"rendered":"<table class=\"descripcion\">\n<tr>\n<td>Especificaciones tecnicas<\/td>\n<\/tr>\n<tr>\n<td>\u0095 fuente de alimentacion: 12 vcc\/poe (802.3af)<\/td>\n<\/tr>\n<tr>\n<td>\u0095 consumo de energia: basico: 2,1 w (12 vcc); max.: 4,3 w (12 vcc)<\/td>\n<\/tr>\n<tr>\n<td>\u0095 temperatura de funcionamiento: \u0096 40 \u00b0c a +55 \u00b0c<\/td>\n<\/tr>\n<tr>\n<td>\u0095 humedad de funcionamiento:  and #8804;95%<\/td>\n<\/tr>\n<tr>\n<td>\u0095 materiales: nucleo interno: metal + plastico \/ cubierta: plastico \/ anillo de decoracion: plastico \/ pedestal: plastico<\/td>\n<\/tr>\n<tr>\n<td>\u0095 dimensiones del producto: 85,5 mm \u00d7  and #934;109 mm<\/td>\n<\/tr>\n<tr>\n<td>\u0095 peso neto: 0,24 kg<\/td>\n<\/tr>\n<tr>\n<td>Incluye<\/td>\n<\/tr>\n<tr>\n<td>\u0095 x1 camara domo dh-ipc-hdw1439t1-led-s6<\/td>\n<\/tr>\n<tr>\n<td>\u0095 x1 manual de usuario<\/td>\n<\/tr>\n<tr>\n<td>\u0095 x1 poliza de garantia<\/td>\n<\/tr>\n<\/table>\n","protected":false},"excerpt":{"rendered":"<p>Informacion general. La dahua dh-ipc-hdw1439t1-led-s6 es una camara ip bullet de 4 megapixeles que destaca por su tecnologia fullcolor, ideal para visibilidad en condiciones de baja iluminacion. Equipado con un lente de 2.8 mm y un amplio angulo de 95 grados, ofrece una vision clara a 15 metros gracias a su luz visible incorporada. Ademas, la camara cuenta con wdr: rango dinamico de 120 db para un rango dinamico superior y compresion h.265+, lo que permite la transmision eficiente de imagenes sin comprometer la calidad. Es adecuada para aplicaciones de seguridad avanzadas en exteriores. Caracteristicas principales. \u0095 sensor de imagen: cmos de 4 mp y 1\/3, baja luminancia e imagen de alta definicion. \u0095 salida maxima: 4 mp (2560 \u00d7 1440) a 25\/30 fps. \u0095 codec: h.265, alta tasa de compresion, tasa de bits ultrabaja. \u0095 iluminacion: luz calida incorporada y la distancia maxima de iluminacion es de 15 m. \u0095 tecnologias: roi, smart h.264+\/h.265+, codificacion flexible, aplicable a diversos entornos de ancho de banda y almacenamiento. \u0095 funcionalidades: modo de rotacion, wdr, 3d nr, hlc, blc, marca de agua digital, aplicable a varias escenas de monitoreo. \u0095 deteccion de anomalias: deteccion de movimiento, manipulacion de video, desconexion de red, conflicto de ip, acceso ilegal y deteccion de voltaje. \u0095 proteccion: ip67.<\/p>\n","protected":false},"featured_media":259500,"comment_status":"open","ping_status":"open","template":"","meta":[],"product_cat":[1608,1681],"product_tag":[1555],"acf":[],"yoast_head":"<!-- This site is optimized with the Yoast SEO plugin v21.7 - https:\/\/yoast.com\/wordpress\/plugins\/seo\/ -->\n<title>[ Dahua ] &#129351; Dh-ipc-hdw1439t1-led-s6 Camara Ip\/ \/ \/ Domo De 4 Mp\/ Full Color\/ H.265+\/ Lente De 2.8mm\/ 95 Grados De Apertura\/ Deteccion De Movimiento\/15 Mts De Iluminacion Con Luz Visible\/ Inversion De Imagen\/<\/title>\n<meta name=\"description\" content=\"Compra Dh-ipc-hdw1439t1-led-s6 Camara Ip\/ \/ \/ Domo De 4 Mp\/ Full Color\/ H.265+\/ Lente De 2.8mm\/ 95 Grados De Apertura\/ Deteccion De Movimiento\/15 Mts De Iluminacion Con Luz Visible\/ Inversion De Imagen\/ + Env\u00edo a domicilio + Pago seguro + Garant\u00eda\" \/>\n<meta name=\"robots\" content=\"index, follow, max-snippet:-1, max-image-preview:large, max-video-preview:-1\" \/>\n<link rel=\"canonical\" href=\"https:\/\/compuviper.mx\/tienda\/producto\/dahua-dh-ipc-hdw1439t1-led-s6-camara-ip-domo-de-4-mp-full-color-h-265-lente-de-2-8mm-95-grados-de-apertura-deteccion-de-movimiento-15-mts-de-iluminacion-con-luz-visible-inversion-de-imagen\/\" \/>\n<meta property=\"og:locale\" content=\"es_MX\" \/>\n<meta property=\"og:type\" content=\"article\" \/>\n<meta property=\"og:title\" content=\"[ Dahua ] &#129351; Dh-ipc-hdw1439t1-led-s6 Camara Ip\/ \/ \/ Domo De 4 Mp\/ Full Color\/ H.265+\/ Lente De 2.8mm\/ 95 Grados De Apertura\/ Deteccion De Movimiento\/15 Mts De Iluminacion Con Luz Visible\/ Inversion De Imagen\/\" \/>\n<meta property=\"og:description\" content=\"Compra Dh-ipc-hdw1439t1-led-s6 Camara Ip\/ \/ \/ Domo De 4 Mp\/ Full Color\/ H.265+\/ Lente De 2.8mm\/ 95 Grados De Apertura\/ Deteccion De Movimiento\/15 Mts De Iluminacion Con Luz Visible\/ Inversion De Imagen\/ + Env\u00edo a domicilio + Pago seguro + Garant\u00eda\" \/>\n<meta property=\"og:url\" content=\"https:\/\/compuviper.mx\/tienda\/producto\/dahua-dh-ipc-hdw1439t1-led-s6-camara-ip-domo-de-4-mp-full-color-h-265-lente-de-2-8mm-95-grados-de-apertura-deteccion-de-movimiento-15-mts-de-iluminacion-con-luz-visible-inversion-de-imagen\/\" \/>\n<meta property=\"og:site_name\" content=\"Compuviper\" \/>\n<meta property=\"article:publisher\" content=\"https:\/\/www.facebook.com\/compuviper\" \/>\n<meta property=\"og:image\" content=\"https:\/\/compuviper.mx\/tienda\/wp-content\/uploads\/2025\/10\/Camara-ip-dahua-dh-ipc-hdw1439t1-led-s6-domo-de-4-mp-full-color-h.265-lente-de-2.8mm-95-grados-de-apertura-deteccion-de-movimiento15-mts-de-iluminacion-con-luz-visible-inversion-de-imagen.jpg\" \/>\n\t<meta property=\"og:image:width\" content=\"200\" \/>\n\t<meta property=\"og:image:height\" content=\"200\" \/>\n\t<meta property=\"og:image:type\" content=\"image\/jpeg\" \/>\n<meta name=\"twitter:card\" content=\"summary_large_image\" \/>\n<meta name=\"twitter:label1\" content=\"Precio\" \/>\n\t<meta name=\"twitter:data1\" content=\"&#36;1,098 con IVA\" \/>\n\t<meta name=\"twitter:label2\" content=\"Availability\" \/>\n\t<meta name=\"twitter:data2\" content=\"Out of stock\" \/>\n<script type=\"application\/ld+json\" class=\"yoast-schema-graph\">{\"@context\":\"https:\/\/schema.org\",\"@graph\":[{\"@type\":\"WebPage\",\"@id\":\"https:\/\/compuviper.mx\/tienda\/producto\/dahua-dh-ipc-hdw1439t1-led-s6-camara-ip-domo-de-4-mp-full-color-h-265-lente-de-2-8mm-95-grados-de-apertura-deteccion-de-movimiento-15-mts-de-iluminacion-con-luz-visible-inversion-de-imagen\/\",\"url\":\"https:\/\/compuviper.mx\/tienda\/producto\/dahua-dh-ipc-hdw1439t1-led-s6-camara-ip-domo-de-4-mp-full-color-h-265-lente-de-2-8mm-95-grados-de-apertura-deteccion-de-movimiento-15-mts-de-iluminacion-con-luz-visible-inversion-de-imagen\/\",\"name\":\"[ Dahua ] &#129351; Dh-ipc-hdw1439t1-led-s6 Camara Ip\/ \/ \/ Domo De 4 Mp\/ Full Color\/ H.265+\/ Lente De 2.8mm\/ 95 Grados De Apertura\/ Deteccion De Movimiento\/15 Mts De Iluminacion Con Luz Visible\/ Inversion De Imagen\/\",\"isPartOf\":{\"@id\":\"https:\/\/compuviper.mx\/tienda\/#website\"},\"datePublished\":\"2026-04-23T06:18:21+00:00\",\"dateModified\":\"2026-04-23T06:18:21+00:00\",\"description\":\"Compra Dh-ipc-hdw1439t1-led-s6 Camara Ip\/ \/ \/ Domo De 4 Mp\/ Full Color\/ H.265+\/ Lente De 2.8mm\/ 95 Grados De Apertura\/ Deteccion De Movimiento\/15 Mts De Iluminacion Con Luz Visible\/ Inversion De Imagen\/ + Env\u00edo a domicilio + Pago seguro + Garant\u00eda\",\"breadcrumb\":{\"@id\":\"https:\/\/compuviper.mx\/tienda\/producto\/dahua-dh-ipc-hdw1439t1-led-s6-camara-ip-domo-de-4-mp-full-color-h-265-lente-de-2-8mm-95-grados-de-apertura-deteccion-de-movimiento-15-mts-de-iluminacion-con-luz-visible-inversion-de-imagen\/#breadcrumb\"},\"inLanguage\":\"es-MX\",\"potentialAction\":[{\"@type\":\"ReadAction\",\"target\":[\"https:\/\/compuviper.mx\/tienda\/producto\/dahua-dh-ipc-hdw1439t1-led-s6-camara-ip-domo-de-4-mp-full-color-h-265-lente-de-2-8mm-95-grados-de-apertura-deteccion-de-movimiento-15-mts-de-iluminacion-con-luz-visible-inversion-de-imagen\/\"]}]},{\"@type\":\"BreadcrumbList\",\"@id\":\"https:\/\/compuviper.mx\/tienda\/producto\/dahua-dh-ipc-hdw1439t1-led-s6-camara-ip-domo-de-4-mp-full-color-h-265-lente-de-2-8mm-95-grados-de-apertura-deteccion-de-movimiento-15-mts-de-iluminacion-con-luz-visible-inversion-de-imagen\/#breadcrumb\",\"itemListElement\":[{\"@type\":\"ListItem\",\"position\":1,\"name\":\"Inicio\",\"item\":\"https:\/\/compuviper.mx\/tienda\/\"},{\"@type\":\"ListItem\",\"position\":2,\"name\":\"Productos\",\"item\":\"https:\/\/compuviper.mx\/tienda\/productos\/\"},{\"@type\":\"ListItem\",\"position\":3,\"name\":\"Camaras\",\"item\":\"https:\/\/compuviper.mx\/tienda\/categoria-producto\/camaras-2\/\"},{\"@type\":\"ListItem\",\"position\":4,\"name\":\"Camara De Videovigilancia\",\"item\":\"https:\/\/compuviper.mx\/tienda\/categoria-producto\/camaras-2\/camara-de-videovigilancia\/\"},{\"@type\":\"ListItem\",\"position\":5,\"name\":\"Dahua Dh-ipc-hdw1439t1-led-s6 Camara Ip\/ \/ \/ Domo De 4 Mp\/ Full Color\/ H.265+\/ Lente De 2.8mm\/ 95 Grados De Apertura\/ Deteccion De Movimiento\/15 Mts De Iluminacion Con Luz Visible\/ Inversion De Imagen\/\"}]},{\"@type\":\"WebSite\",\"@id\":\"https:\/\/compuviper.mx\/tienda\/#website\",\"url\":\"https:\/\/compuviper.mx\/tienda\/\",\"name\":\"Compuviper\",\"description\":\"Proveedor de Computadoras, Laptops, Servidores, Monitores, Puntos de Venta, Teclados,   Impresoras, T\u00f3ner, C\u00e1maras de Seguridad y m\u00e1s en tu tienda en l\u00ednea\",\"publisher\":{\"@id\":\"https:\/\/compuviper.mx\/tienda\/#organization\"},\"potentialAction\":[{\"@type\":\"SearchAction\",\"target\":{\"@type\":\"EntryPoint\",\"urlTemplate\":\"https:\/\/compuviper.mx\/tienda\/?s={search_term_string}\"},\"query-input\":\"required name=search_term_string\"}],\"inLanguage\":\"es-MX\"},{\"@type\":\"Organization\",\"@id\":\"https:\/\/compuviper.mx\/tienda\/#organization\",\"name\":\"Compuviper\",\"url\":\"https:\/\/compuviper.mx\/tienda\/\",\"logo\":{\"@type\":\"ImageObject\",\"inLanguage\":\"es-MX\",\"@id\":\"https:\/\/compuviper.mx\/tienda\/#\/schema\/logo\/image\/\",\"url\":\"https:\/\/compuviper.mx\/tienda\/wp-content\/uploads\/2021\/08\/Logo-Compuviper-10.png\",\"contentUrl\":\"https:\/\/compuviper.mx\/tienda\/wp-content\/uploads\/2021\/08\/Logo-Compuviper-10.png\",\"width\":1000,\"height\":500,\"caption\":\"Compuviper\"},\"image\":{\"@id\":\"https:\/\/compuviper.mx\/tienda\/#\/schema\/logo\/image\/\"},\"sameAs\":[\"https:\/\/www.facebook.com\/compuviper\",\"https:\/\/www.youtube.com\/channel\/UCf73dERp9Y3cfOq7q8BhLjA?view_as=subscriber\"]}]}<\/script>\n<meta property=\"product:brand\" content=\"DAHUA\" \/>\n<meta property=\"product:price:amount\" content=\"1098\" \/>\n<meta property=\"product:price:currency\" content=\"MXN\" \/>\n<meta property=\"og:availability\" content=\"out of stock\" \/>\n<meta property=\"product:availability\" content=\"out of stock\" \/>\n<meta property=\"product:retailer_item_id\" content=\"DH-IPC-HDW1439T1-LED-S6\" \/>\n<meta property=\"product:condition\" content=\"new\" \/>\n<!-- \/ Yoast SEO plugin. -->","yoast_head_json":{"title":"[ Dahua ] &#129351; Dh-ipc-hdw1439t1-led-s6 Camara Ip\/ \/ \/ Domo De 4 Mp\/ Full Color\/ H.265+\/ Lente De 2.8mm\/ 95 Grados De Apertura\/ Deteccion De Movimiento\/15 Mts De Iluminacion Con Luz Visible\/ Inversion De Imagen\/","description":"Compra Dh-ipc-hdw1439t1-led-s6 Camara Ip\/ \/ \/ Domo De 4 Mp\/ Full Color\/ H.265+\/ Lente De 2.8mm\/ 95 Grados De Apertura\/ Deteccion De Movimiento\/15 Mts De Iluminacion Con Luz Visible\/ Inversion De Imagen\/ + Env\u00edo a domicilio + Pago seguro + Garant\u00eda","robots":{"index":"index","follow":"follow","max-snippet":"max-snippet:-1","max-image-preview":"max-image-preview:large","max-video-preview":"max-video-preview:-1"},"canonical":"https:\/\/compuviper.mx\/tienda\/producto\/dahua-dh-ipc-hdw1439t1-led-s6-camara-ip-domo-de-4-mp-full-color-h-265-lente-de-2-8mm-95-grados-de-apertura-deteccion-de-movimiento-15-mts-de-iluminacion-con-luz-visible-inversion-de-imagen\/","og_locale":"es_MX","og_type":"article","og_title":"[ Dahua ] &#129351; Dh-ipc-hdw1439t1-led-s6 Camara Ip\/ \/ \/ Domo De 4 Mp\/ Full Color\/ H.265+\/ Lente De 2.8mm\/ 95 Grados De Apertura\/ Deteccion De Movimiento\/15 Mts De Iluminacion Con Luz Visible\/ Inversion De Imagen\/","og_description":"Compra Dh-ipc-hdw1439t1-led-s6 Camara Ip\/ \/ \/ Domo De 4 Mp\/ Full Color\/ H.265+\/ Lente De 2.8mm\/ 95 Grados De Apertura\/ Deteccion De Movimiento\/15 Mts De Iluminacion Con Luz Visible\/ Inversion De Imagen\/ + Env\u00edo a domicilio + Pago seguro + Garant\u00eda","og_url":"https:\/\/compuviper.mx\/tienda\/producto\/dahua-dh-ipc-hdw1439t1-led-s6-camara-ip-domo-de-4-mp-full-color-h-265-lente-de-2-8mm-95-grados-de-apertura-deteccion-de-movimiento-15-mts-de-iluminacion-con-luz-visible-inversion-de-imagen\/","og_site_name":"Compuviper","article_publisher":"https:\/\/www.facebook.com\/compuviper","og_image":[{"width":200,"height":200,"url":"https:\/\/compuviper.mx\/tienda\/wp-content\/uploads\/2025\/10\/Camara-ip-dahua-dh-ipc-hdw1439t1-led-s6-domo-de-4-mp-full-color-h.265-lente-de-2.8mm-95-grados-de-apertura-deteccion-de-movimiento15-mts-de-iluminacion-con-luz-visible-inversion-de-imagen.jpg","type":"image\/jpeg"}],"twitter_card":"summary_large_image","twitter_misc":{"Precio":"&#36;1,098 con IVA","Availability":"Out of stock"},"schema":{"@context":"https:\/\/schema.org","@graph":[{"@type":"WebPage","@id":"https:\/\/compuviper.mx\/tienda\/producto\/dahua-dh-ipc-hdw1439t1-led-s6-camara-ip-domo-de-4-mp-full-color-h-265-lente-de-2-8mm-95-grados-de-apertura-deteccion-de-movimiento-15-mts-de-iluminacion-con-luz-visible-inversion-de-imagen\/","url":"https:\/\/compuviper.mx\/tienda\/producto\/dahua-dh-ipc-hdw1439t1-led-s6-camara-ip-domo-de-4-mp-full-color-h-265-lente-de-2-8mm-95-grados-de-apertura-deteccion-de-movimiento-15-mts-de-iluminacion-con-luz-visible-inversion-de-imagen\/","name":"[ Dahua ] &#129351; Dh-ipc-hdw1439t1-led-s6 Camara Ip\/ \/ \/ Domo De 4 Mp\/ Full Color\/ H.265+\/ Lente De 2.8mm\/ 95 Grados De Apertura\/ Deteccion De Movimiento\/15 Mts De Iluminacion Con Luz Visible\/ Inversion De Imagen\/","isPartOf":{"@id":"https:\/\/compuviper.mx\/tienda\/#website"},"datePublished":"2026-04-23T06:18:21+00:00","dateModified":"2026-04-23T06:18:21+00:00","description":"Compra Dh-ipc-hdw1439t1-led-s6 Camara Ip\/ \/ \/ Domo De 4 Mp\/ Full Color\/ H.265+\/ Lente De 2.8mm\/ 95 Grados De Apertura\/ Deteccion De Movimiento\/15 Mts De Iluminacion Con Luz Visible\/ Inversion De Imagen\/ + Env\u00edo a domicilio + Pago seguro + Garant\u00eda","breadcrumb":{"@id":"https:\/\/compuviper.mx\/tienda\/producto\/dahua-dh-ipc-hdw1439t1-led-s6-camara-ip-domo-de-4-mp-full-color-h-265-lente-de-2-8mm-95-grados-de-apertura-deteccion-de-movimiento-15-mts-de-iluminacion-con-luz-visible-inversion-de-imagen\/#breadcrumb"},"inLanguage":"es-MX","potentialAction":[{"@type":"ReadAction","target":["https:\/\/compuviper.mx\/tienda\/producto\/dahua-dh-ipc-hdw1439t1-led-s6-camara-ip-domo-de-4-mp-full-color-h-265-lente-de-2-8mm-95-grados-de-apertura-deteccion-de-movimiento-15-mts-de-iluminacion-con-luz-visible-inversion-de-imagen\/"]}]},{"@type":"BreadcrumbList","@id":"https:\/\/compuviper.mx\/tienda\/producto\/dahua-dh-ipc-hdw1439t1-led-s6-camara-ip-domo-de-4-mp-full-color-h-265-lente-de-2-8mm-95-grados-de-apertura-deteccion-de-movimiento-15-mts-de-iluminacion-con-luz-visible-inversion-de-imagen\/#breadcrumb","itemListElement":[{"@type":"ListItem","position":1,"name":"Inicio","item":"https:\/\/compuviper.mx\/tienda\/"},{"@type":"ListItem","position":2,"name":"Productos","item":"https:\/\/compuviper.mx\/tienda\/productos\/"},{"@type":"ListItem","position":3,"name":"Camaras","item":"https:\/\/compuviper.mx\/tienda\/categoria-producto\/camaras-2\/"},{"@type":"ListItem","position":4,"name":"Camara De Videovigilancia","item":"https:\/\/compuviper.mx\/tienda\/categoria-producto\/camaras-2\/camara-de-videovigilancia\/"},{"@type":"ListItem","position":5,"name":"Dahua Dh-ipc-hdw1439t1-led-s6 Camara Ip\/ \/ \/ Domo De 4 Mp\/ Full Color\/ H.265+\/ Lente De 2.8mm\/ 95 Grados De Apertura\/ Deteccion De Movimiento\/15 Mts De Iluminacion Con Luz Visible\/ Inversion De Imagen\/"}]},{"@type":"WebSite","@id":"https:\/\/compuviper.mx\/tienda\/#website","url":"https:\/\/compuviper.mx\/tienda\/","name":"Compuviper","description":"Proveedor de Computadoras, Laptops, Servidores, Monitores, Puntos de Venta, Teclados,   Impresoras, T\u00f3ner, C\u00e1maras de Seguridad y m\u00e1s en tu tienda en l\u00ednea","publisher":{"@id":"https:\/\/compuviper.mx\/tienda\/#organization"},"potentialAction":[{"@type":"SearchAction","target":{"@type":"EntryPoint","urlTemplate":"https:\/\/compuviper.mx\/tienda\/?s={search_term_string}"},"query-input":"required name=search_term_string"}],"inLanguage":"es-MX"},{"@type":"Organization","@id":"https:\/\/compuviper.mx\/tienda\/#organization","name":"Compuviper","url":"https:\/\/compuviper.mx\/tienda\/","logo":{"@type":"ImageObject","inLanguage":"es-MX","@id":"https:\/\/compuviper.mx\/tienda\/#\/schema\/logo\/image\/","url":"https:\/\/compuviper.mx\/tienda\/wp-content\/uploads\/2021\/08\/Logo-Compuviper-10.png","contentUrl":"https:\/\/compuviper.mx\/tienda\/wp-content\/uploads\/2021\/08\/Logo-Compuviper-10.png","width":1000,"height":500,"caption":"Compuviper"},"image":{"@id":"https:\/\/compuviper.mx\/tienda\/#\/schema\/logo\/image\/"},"sameAs":["https:\/\/www.facebook.com\/compuviper","https:\/\/www.youtube.com\/channel\/UCf73dERp9Y3cfOq7q8BhLjA?view_as=subscriber"]}]},"product_brand":"DAHUA","product_price_amount":"1098","product_price_currency":"MXN","og_availability":"out of stock","product_availability":"out of stock","product_retailer_item_id":"DH-IPC-HDW1439T1-LED-S6","product_condition":"new"},"_links":{"self":[{"href":"https:\/\/compuviper.mx\/tienda\/wp-json\/wp\/v2\/product\/258196"}],"collection":[{"href":"https:\/\/compuviper.mx\/tienda\/wp-json\/wp\/v2\/product"}],"about":[{"href":"https:\/\/compuviper.mx\/tienda\/wp-json\/wp\/v2\/types\/product"}],"replies":[{"embeddable":true,"href":"https:\/\/compuviper.mx\/tienda\/wp-json\/wp\/v2\/comments?post=258196"}],"wp:featuredmedia":[{"embeddable":true,"href":"https:\/\/compuviper.mx\/tienda\/wp-json\/wp\/v2\/media\/259500"}],"wp:attachment":[{"href":"https:\/\/compuviper.mx\/tienda\/wp-json\/wp\/v2\/media?parent=258196"}],"wp:term":[{"taxonomy":"product_cat","embeddable":true,"href":"https:\/\/compuviper.mx\/tienda\/wp-json\/wp\/v2\/product_cat?post=258196"},{"taxonomy":"product_tag","embeddable":true,"href":"https:\/\/compuviper.mx\/tienda\/wp-json\/wp\/v2\/product_tag?post=258196"}],"curies":[{"name":"wp","href":"https:\/\/api.w.org\/{rel}","templated":true}]}}