{"id":258191,"date":"2026-04-18T00:13:07","date_gmt":"2026-04-18T06:13:07","guid":{"rendered":"https:\/\/compuviper.mx\/tienda\/producto\/acteck-ac-943079-gabinete-onex-gs455-mini-torre-slim-micro-atx-mini-itx-fuente-de-poder-sfx-500-w-doble-posicion-lector-de-tarjetas-sd-full-metal-5-aos-de-garantia-negro\/"},"modified":"2026-04-18T00:13:07","modified_gmt":"2026-04-18T06:13:07","slug":"acteck-ac-943079-gabinete-onex-gs455-mini-torre-slim-micro-atx-mini-itx-fuente-de-poder-sfx-500-w-doble-posicion-lector-de-tarjetas-sd-full-metal-5-aos-de-garantia-negro","status":"publish","type":"product","link":"https:\/\/compuviper.mx\/tienda\/producto\/acteck-ac-943079-gabinete-onex-gs455-mini-torre-slim-micro-atx-mini-itx-fuente-de-poder-sfx-500-w-doble-posicion-lector-de-tarjetas-sd-full-metal-5-aos-de-garantia-negro\/","title":{"rendered":"Acteck Ac-943079 Gabinete  Onex Gs455 \/ Mini Torre Slim \/ Micro Atx &#8211; Mini Itx \/ Fuente De Poder Sfx 500 W \/ Doble Posicion \/ Lector De Tarjetas Sd \/ Full Metal \/ 5 A?os De Garantia \/ Negro \/"},"content":{"rendered":"<table class=\"descripcion\">\n<tr>\n<td>\u0095 producto: gabinete<\/td>\n<\/tr>\n<tr>\n<td>\u0095 modelo: ac-943079<\/td>\n<\/tr>\n<tr>\n<td>\u0095 factor de forma: mini torre slim<\/td>\n<\/tr>\n<tr>\n<td>\u0095 color: negro<\/td>\n<\/tr>\n<tr>\n<td>\u0095 materiales<\/td>\n<\/tr>\n<tr>\n<td>\u0095 exterior: spcc + plastico<\/td>\n<\/tr>\n<tr>\n<td>\u0095 panel izq: metal<\/td>\n<\/tr>\n<tr>\n<td>\u0095 panel dcho: metal<\/td>\n<\/tr>\n<tr>\n<td>\u0095 panel frontal: plastico<\/td>\n<\/tr>\n<tr>\n<td>\u0095 tipo de acero: spcc 0.6 mm de grosor<\/td>\n<\/tr>\n<tr>\n<td>\u0095 dimensiones (largo x ancho x alto): 38.5 x 10.3 x 32.5 cm<\/td>\n<\/tr>\n<tr>\n<td>\u0095 peso: 3.3 kg<\/td>\n<\/tr>\n<tr>\n<td>\u0095 soporte tarjeta madre: micro atx \/ mini itx<\/td>\n<\/tr>\n<tr>\n<td>\u0095 slots expandibles: 4<\/td>\n<\/tr>\n<tr>\n<td>\u0095 bahias para unidades<\/td>\n<\/tr>\n<tr>\n<td>\u0095 5.25\u0094 odd: 1<\/td>\n<\/tr>\n<tr>\n<td>\u0095 3.5\u0094 hdd: 0<\/td>\n<\/tr>\n<tr>\n<td>\u0095 3.5\u0094 \/ 2.5\u0094 combo: 2<\/td>\n<\/tr>\n<tr>\n<td>\u0095 2.5\u0094 sdd: 1<\/td>\n<\/tr>\n<tr>\n<td>\u0095 panel i\/o<\/td>\n<\/tr>\n<tr>\n<td>\u0095 puertos usb: 3 usb 2.0 + 1 usb 3.0 + 1 tipo c 3.0<\/td>\n<\/tr>\n<tr>\n<td>\u0095 audio: 1x mic + 1x jack 3.5 mm<\/td>\n<\/tr>\n<tr>\n<td>\u0095 otros: lector de tarjetas sd<\/td>\n<\/tr>\n<tr>\n<td>\u0095 ventiladores<\/td>\n<\/tr>\n<tr>\n<td>\u0095 superior: n\/a<\/td>\n<\/tr>\n<tr>\n<td>\u0095 frontal: n\/a<\/td>\n<\/tr>\n<tr>\n<td>\u0095 trasero: n\/a<\/td>\n<\/tr>\n<tr>\n<td>\u0095 inferior: 1 x 60 mm<\/td>\n<\/tr>\n<tr>\n<td>\u0095 otros: lateral 1x 80 mm<\/td>\n<\/tr>\n<tr>\n<td>\u0095 ventiladores pre-instalados<\/td>\n<\/tr>\n<tr>\n<td>\u0095 superior: n\/a<\/td>\n<\/tr>\n<tr>\n<td>\u0095 frontal: n\/a<\/td>\n<\/tr>\n<tr>\n<td>\u0095 trasero: n\/a<\/td>\n<\/tr>\n<tr>\n<td>\u0095 inferior: 1 x 60 mm<\/td>\n<\/tr>\n<tr>\n<td>\u0095 otros: n\/a<\/td>\n<\/tr>\n<tr>\n<td>\u0095 velocidad: 1200 rpm<\/td>\n<\/tr>\n<tr>\n<td>\u0095 flujo de aire: 31 cfm<\/td>\n<\/tr>\n<tr>\n<td>\u0095 presion de aire: n\/a<\/td>\n<\/tr>\n<tr>\n<td>\u0095 ruido: 23.4 db<\/td>\n<\/tr>\n<tr>\n<td>\u0095 tipo de iluminacion: n\/a<\/td>\n<\/tr>\n<tr>\n<td>\u0095 alimentacion: molex<\/td>\n<\/tr>\n<tr>\n<td>\u0095 tipo de control: n\/a<\/td>\n<\/tr>\n<tr>\n<td>\u0095 tolerancias<\/td>\n<\/tr>\n<tr>\n<td>\u0095 enfriamiento cpu: 80 mm max<\/td>\n<\/tr>\n<tr>\n<td>\u0095 tarjetas graficas: 220 mm<\/td>\n<\/tr>\n<tr>\n<td>\u0095 filtros de polvo: n\/a<\/td>\n<\/tr>\n<tr>\n<td>\u0095 fuente de poder<\/td>\n<\/tr>\n<tr>\n<td>\u0095 tipo: sfx<\/td>\n<\/tr>\n<tr>\n<td>\u0095 ubicacion: frontal<\/td>\n<\/tr>\n<tr>\n<td>\u0095 accesorios: kit de instalacion<\/td>\n<\/tr>\n<tr>\n<td>\u0095 boton de reset: si<\/td>\n<\/tr>\n<tr>\n<td>\u0095 boton de encendido: si<\/td>\n<\/tr>\n<tr>\n<td>\u0095 boton hdd: si<\/td>\n<\/tr>\n<\/table>\n","protected":false},"excerpt":{"rendered":"<p>Mini torre slim con solo 103 mm de ancho se adapta a escritorios reducidos y. Estaciones de trabajo modernas sin comprometer funcionalidad. Construcci\u00f3n. Robusta y elegante. Fabricado con acero spcc de 0.6 mm y detalles en. Pl\u00e1stico, combina durabilidad con una est\u00e9tica. Profesional que complementa cualquier entorno de. Oficina o estudio. Soportes magn\u00e9ticos. Con los soportes magn\u00e9ticos combina durabilidad con. Una est\u00e9tica profesional que complementa cualquier. Entorno de oficina o estudio. Compatibilidad flexible. Soporta tarjetas madre micro atx y mini itx, ideal para. Configuraciones compactas sin sacrificar rendimiento. Perfecto para sistemas de oficina, trabajo o estudio. Expansi\u00f3n inteligente. Con 4 slots expandibles y bah\u00edas bien distribuidas. Para unidades odd, ssd y hdd, organiza tus. Componentes de forma pr\u00e1ctica y ordenada. Conectividad total. Al alcance. Panel frontal completo: 3 usb 2.0, 1 usb 3.0, 1 usb-c 3.0, puertos de audio y micr\u00f3fono, \u00a1y un lector de tarjetas. Sd integrado para facilitar tu flujo de trabajo!<\/p>\n","protected":false},"featured_media":259310,"comment_status":"open","ping_status":"open","template":"","meta":[],"product_cat":[1674,1675],"product_tag":[1582],"acf":[],"yoast_head":"<!-- This site is optimized with the Yoast SEO plugin v21.7 - https:\/\/yoast.com\/wordpress\/plugins\/seo\/ -->\n<title>[ Acteck ] &#129351; Ac-943079 Gabinete Onex Gs455 \/ Mini Torre Slim \/ Micro Atx - Mini Itx \/ Fuente De Poder Sfx 500 W \/ Doble Posicion \/ Lector De Tarjetas Sd \/ Full Metal \/ 5 A\u00f1os De Garantia \/ Negro \/<\/title>\n<meta name=\"description\" content=\"Compra Ac-943079 Gabinete Onex Gs455 \/ Mini Torre Slim \/ Micro Atx - Mini Itx \/ Fuente De Poder Sfx 500 W \/ Doble Posicion \/ Lector De Tarjetas Sd \/ Full Metal \/ 5 A\u00f1os De Garantia \/ Negro \/ + Env\u00edo a domicilio + Pago seguro + Garant\u00eda\" \/>\n<meta name=\"robots\" content=\"index, follow, max-snippet:-1, max-image-preview:large, max-video-preview:-1\" \/>\n<link rel=\"canonical\" href=\"https:\/\/compuviper.mx\/tienda\/producto\/acteck-ac-943079-gabinete-onex-gs455-mini-torre-slim-micro-atx-mini-itx-fuente-de-poder-sfx-500-w-doble-posicion-lector-de-tarjetas-sd-full-metal-5-aos-de-garantia-negro\/\" \/>\n<meta property=\"og:locale\" content=\"es_MX\" \/>\n<meta property=\"og:type\" content=\"article\" \/>\n<meta property=\"og:title\" content=\"[ Acteck ] &#129351; Ac-943079 Gabinete Onex Gs455 \/ Mini Torre Slim \/ Micro Atx - Mini Itx \/ Fuente De Poder Sfx 500 W \/ Doble Posicion \/ Lector De Tarjetas Sd \/ Full Metal \/ 5 A\u00f1os De Garantia \/ Negro \/\" \/>\n<meta property=\"og:description\" content=\"Compra Ac-943079 Gabinete Onex Gs455 \/ Mini Torre Slim \/ Micro Atx - Mini Itx \/ Fuente De Poder Sfx 500 W \/ Doble Posicion \/ Lector De Tarjetas Sd \/ Full Metal \/ 5 A\u00f1os De Garantia \/ Negro \/ + Env\u00edo a domicilio + Pago seguro + Garant\u00eda\" \/>\n<meta property=\"og:url\" content=\"https:\/\/compuviper.mx\/tienda\/producto\/acteck-ac-943079-gabinete-onex-gs455-mini-torre-slim-micro-atx-mini-itx-fuente-de-poder-sfx-500-w-doble-posicion-lector-de-tarjetas-sd-full-metal-5-aos-de-garantia-negro\/\" \/>\n<meta property=\"og:site_name\" content=\"Compuviper\" \/>\n<meta property=\"article:publisher\" content=\"https:\/\/www.facebook.com\/compuviper\" \/>\n<meta property=\"og:image\" content=\"https:\/\/compuviper.mx\/tienda\/wp-content\/uploads\/2025\/10\/Gabinete-acteck-onex-gs455-mini-torre-slim-micro-atx-mini-itx-fuente-de-poder-sfx-500-w-doble-posicion-lector-de-tarjetas-sd-full-metal-5-anos-de-garantia-negro-ac-943079.jpg\" \/>\n\t<meta property=\"og:image:width\" content=\"200\" \/>\n\t<meta property=\"og:image:height\" content=\"200\" \/>\n\t<meta property=\"og:image:type\" content=\"image\/jpeg\" \/>\n<meta name=\"twitter:card\" content=\"summary_large_image\" \/>\n<meta name=\"twitter:label1\" content=\"Precio\" \/>\n\t<meta name=\"twitter:data1\" content=\"&#36;838 &#36;796 con IVA\" \/>\n\t<meta name=\"twitter:label2\" content=\"Availability\" \/>\n\t<meta name=\"twitter:data2\" content=\"In stock\" \/>\n<script type=\"application\/ld+json\" class=\"yoast-schema-graph\">{\"@context\":\"https:\/\/schema.org\",\"@graph\":[{\"@type\":\"WebPage\",\"@id\":\"https:\/\/compuviper.mx\/tienda\/producto\/acteck-ac-943079-gabinete-onex-gs455-mini-torre-slim-micro-atx-mini-itx-fuente-de-poder-sfx-500-w-doble-posicion-lector-de-tarjetas-sd-full-metal-5-aos-de-garantia-negro\/\",\"url\":\"https:\/\/compuviper.mx\/tienda\/producto\/acteck-ac-943079-gabinete-onex-gs455-mini-torre-slim-micro-atx-mini-itx-fuente-de-poder-sfx-500-w-doble-posicion-lector-de-tarjetas-sd-full-metal-5-aos-de-garantia-negro\/\",\"name\":\"[ Acteck ] &#129351; Ac-943079 Gabinete Onex Gs455 \/ Mini Torre Slim \/ Micro Atx - Mini Itx \/ Fuente De Poder Sfx 500 W \/ Doble Posicion \/ Lector De Tarjetas Sd \/ Full Metal \/ 5 A\u00f1os De Garantia \/ Negro \/\",\"isPartOf\":{\"@id\":\"https:\/\/compuviper.mx\/tienda\/#website\"},\"datePublished\":\"2026-04-18T06:13:07+00:00\",\"dateModified\":\"2026-04-18T06:13:07+00:00\",\"description\":\"Compra Ac-943079 Gabinete Onex Gs455 \/ Mini Torre Slim \/ Micro Atx - Mini Itx \/ Fuente De Poder Sfx 500 W \/ Doble Posicion \/ Lector De Tarjetas Sd \/ Full Metal \/ 5 A\u00f1os De Garantia \/ Negro \/ + Env\u00edo a domicilio + Pago seguro + Garant\u00eda\",\"breadcrumb\":{\"@id\":\"https:\/\/compuviper.mx\/tienda\/producto\/acteck-ac-943079-gabinete-onex-gs455-mini-torre-slim-micro-atx-mini-itx-fuente-de-poder-sfx-500-w-doble-posicion-lector-de-tarjetas-sd-full-metal-5-aos-de-garantia-negro\/#breadcrumb\"},\"inLanguage\":\"es-MX\",\"potentialAction\":[{\"@type\":\"ReadAction\",\"target\":[\"https:\/\/compuviper.mx\/tienda\/producto\/acteck-ac-943079-gabinete-onex-gs455-mini-torre-slim-micro-atx-mini-itx-fuente-de-poder-sfx-500-w-doble-posicion-lector-de-tarjetas-sd-full-metal-5-aos-de-garantia-negro\/\"]}]},{\"@type\":\"BreadcrumbList\",\"@id\":\"https:\/\/compuviper.mx\/tienda\/producto\/acteck-ac-943079-gabinete-onex-gs455-mini-torre-slim-micro-atx-mini-itx-fuente-de-poder-sfx-500-w-doble-posicion-lector-de-tarjetas-sd-full-metal-5-aos-de-garantia-negro\/#breadcrumb\",\"itemListElement\":[{\"@type\":\"ListItem\",\"position\":1,\"name\":\"Inicio\",\"item\":\"https:\/\/compuviper.mx\/tienda\/\"},{\"@type\":\"ListItem\",\"position\":2,\"name\":\"Productos\",\"item\":\"https:\/\/compuviper.mx\/tienda\/productos\/\"},{\"@type\":\"ListItem\",\"position\":3,\"name\":\"Gabinetes\",\"item\":\"https:\/\/compuviper.mx\/tienda\/categoria-producto\/gabinetes\/\"},{\"@type\":\"ListItem\",\"position\":4,\"name\":\"Slim Micro Atx\/mini Itx\",\"item\":\"https:\/\/compuviper.mx\/tienda\/categoria-producto\/gabinetes\/slim-micro-atx-mini-itx\/\"},{\"@type\":\"ListItem\",\"position\":5,\"name\":\"Acteck Ac-943079 Gabinete Onex Gs455 \/ Mini Torre Slim \/ Micro Atx &#8211; Mini Itx \/ Fuente De Poder Sfx 500 W \/ Doble Posicion \/ Lector De Tarjetas Sd \/ Full Metal \/ 5 A?os De Garantia \/ Negro \/\"}]},{\"@type\":\"WebSite\",\"@id\":\"https:\/\/compuviper.mx\/tienda\/#website\",\"url\":\"https:\/\/compuviper.mx\/tienda\/\",\"name\":\"Compuviper\",\"description\":\"Proveedor de Computadoras, Laptops, Servidores, Monitores, Puntos de Venta, Teclados,   Impresoras, T\u00f3ner, C\u00e1maras de Seguridad y m\u00e1s en tu tienda en l\u00ednea\",\"publisher\":{\"@id\":\"https:\/\/compuviper.mx\/tienda\/#organization\"},\"potentialAction\":[{\"@type\":\"SearchAction\",\"target\":{\"@type\":\"EntryPoint\",\"urlTemplate\":\"https:\/\/compuviper.mx\/tienda\/?s={search_term_string}\"},\"query-input\":\"required name=search_term_string\"}],\"inLanguage\":\"es-MX\"},{\"@type\":\"Organization\",\"@id\":\"https:\/\/compuviper.mx\/tienda\/#organization\",\"name\":\"Compuviper\",\"url\":\"https:\/\/compuviper.mx\/tienda\/\",\"logo\":{\"@type\":\"ImageObject\",\"inLanguage\":\"es-MX\",\"@id\":\"https:\/\/compuviper.mx\/tienda\/#\/schema\/logo\/image\/\",\"url\":\"https:\/\/compuviper.mx\/tienda\/wp-content\/uploads\/2021\/08\/Logo-Compuviper-10.png\",\"contentUrl\":\"https:\/\/compuviper.mx\/tienda\/wp-content\/uploads\/2021\/08\/Logo-Compuviper-10.png\",\"width\":1000,\"height\":500,\"caption\":\"Compuviper\"},\"image\":{\"@id\":\"https:\/\/compuviper.mx\/tienda\/#\/schema\/logo\/image\/\"},\"sameAs\":[\"https:\/\/www.facebook.com\/compuviper\",\"https:\/\/www.youtube.com\/channel\/UCf73dERp9Y3cfOq7q8BhLjA?view_as=subscriber\"]}]}<\/script>\n<meta property=\"product:brand\" content=\"ACTECK\" \/>\n<meta property=\"product:price:amount\" content=\"796\" \/>\n<meta property=\"product:price:currency\" content=\"MXN\" \/>\n<meta property=\"og:availability\" content=\"instock\" \/>\n<meta property=\"product:availability\" content=\"instock\" \/>\n<meta property=\"product:retailer_item_id\" content=\"AC-943079\" \/>\n<meta property=\"product:condition\" content=\"new\" \/>\n<!-- \/ Yoast SEO plugin. -->","yoast_head_json":{"title":"[ Acteck ] &#129351; Ac-943079 Gabinete Onex Gs455 \/ Mini Torre Slim \/ Micro Atx - Mini Itx \/ Fuente De Poder Sfx 500 W \/ Doble Posicion \/ Lector De Tarjetas Sd \/ Full Metal \/ 5 A\u00f1os De Garantia \/ Negro \/","description":"Compra Ac-943079 Gabinete Onex Gs455 \/ Mini Torre Slim \/ Micro Atx - Mini Itx \/ Fuente De Poder Sfx 500 W \/ Doble Posicion \/ Lector De Tarjetas Sd \/ Full Metal \/ 5 A\u00f1os De Garantia \/ Negro \/ + Env\u00edo a domicilio + Pago seguro + Garant\u00eda","robots":{"index":"index","follow":"follow","max-snippet":"max-snippet:-1","max-image-preview":"max-image-preview:large","max-video-preview":"max-video-preview:-1"},"canonical":"https:\/\/compuviper.mx\/tienda\/producto\/acteck-ac-943079-gabinete-onex-gs455-mini-torre-slim-micro-atx-mini-itx-fuente-de-poder-sfx-500-w-doble-posicion-lector-de-tarjetas-sd-full-metal-5-aos-de-garantia-negro\/","og_locale":"es_MX","og_type":"article","og_title":"[ Acteck ] &#129351; Ac-943079 Gabinete Onex Gs455 \/ Mini Torre Slim \/ Micro Atx - Mini Itx \/ Fuente De Poder Sfx 500 W \/ Doble Posicion \/ Lector De Tarjetas Sd \/ Full Metal \/ 5 A\u00f1os De Garantia \/ Negro \/","og_description":"Compra Ac-943079 Gabinete Onex Gs455 \/ Mini Torre Slim \/ Micro Atx - Mini Itx \/ Fuente De Poder Sfx 500 W \/ Doble Posicion \/ Lector De Tarjetas Sd \/ Full Metal \/ 5 A\u00f1os De Garantia \/ Negro \/ + Env\u00edo a domicilio + Pago seguro + Garant\u00eda","og_url":"https:\/\/compuviper.mx\/tienda\/producto\/acteck-ac-943079-gabinete-onex-gs455-mini-torre-slim-micro-atx-mini-itx-fuente-de-poder-sfx-500-w-doble-posicion-lector-de-tarjetas-sd-full-metal-5-aos-de-garantia-negro\/","og_site_name":"Compuviper","article_publisher":"https:\/\/www.facebook.com\/compuviper","og_image":[{"width":200,"height":200,"url":"https:\/\/compuviper.mx\/tienda\/wp-content\/uploads\/2025\/10\/Gabinete-acteck-onex-gs455-mini-torre-slim-micro-atx-mini-itx-fuente-de-poder-sfx-500-w-doble-posicion-lector-de-tarjetas-sd-full-metal-5-anos-de-garantia-negro-ac-943079.jpg","type":"image\/jpeg"}],"twitter_card":"summary_large_image","twitter_misc":{"Precio":"&#36;838 &#36;796 con IVA","Availability":"In stock"},"schema":{"@context":"https:\/\/schema.org","@graph":[{"@type":"WebPage","@id":"https:\/\/compuviper.mx\/tienda\/producto\/acteck-ac-943079-gabinete-onex-gs455-mini-torre-slim-micro-atx-mini-itx-fuente-de-poder-sfx-500-w-doble-posicion-lector-de-tarjetas-sd-full-metal-5-aos-de-garantia-negro\/","url":"https:\/\/compuviper.mx\/tienda\/producto\/acteck-ac-943079-gabinete-onex-gs455-mini-torre-slim-micro-atx-mini-itx-fuente-de-poder-sfx-500-w-doble-posicion-lector-de-tarjetas-sd-full-metal-5-aos-de-garantia-negro\/","name":"[ Acteck ] &#129351; Ac-943079 Gabinete Onex Gs455 \/ Mini Torre Slim \/ Micro Atx - Mini Itx \/ Fuente De Poder Sfx 500 W \/ Doble Posicion \/ Lector De Tarjetas Sd \/ Full Metal \/ 5 A\u00f1os De Garantia \/ Negro \/","isPartOf":{"@id":"https:\/\/compuviper.mx\/tienda\/#website"},"datePublished":"2026-04-18T06:13:07+00:00","dateModified":"2026-04-18T06:13:07+00:00","description":"Compra Ac-943079 Gabinete Onex Gs455 \/ Mini Torre Slim \/ Micro Atx - Mini Itx \/ Fuente De Poder Sfx 500 W \/ Doble Posicion \/ Lector De Tarjetas Sd \/ Full Metal \/ 5 A\u00f1os De Garantia \/ Negro \/ + Env\u00edo a domicilio + Pago seguro + Garant\u00eda","breadcrumb":{"@id":"https:\/\/compuviper.mx\/tienda\/producto\/acteck-ac-943079-gabinete-onex-gs455-mini-torre-slim-micro-atx-mini-itx-fuente-de-poder-sfx-500-w-doble-posicion-lector-de-tarjetas-sd-full-metal-5-aos-de-garantia-negro\/#breadcrumb"},"inLanguage":"es-MX","potentialAction":[{"@type":"ReadAction","target":["https:\/\/compuviper.mx\/tienda\/producto\/acteck-ac-943079-gabinete-onex-gs455-mini-torre-slim-micro-atx-mini-itx-fuente-de-poder-sfx-500-w-doble-posicion-lector-de-tarjetas-sd-full-metal-5-aos-de-garantia-negro\/"]}]},{"@type":"BreadcrumbList","@id":"https:\/\/compuviper.mx\/tienda\/producto\/acteck-ac-943079-gabinete-onex-gs455-mini-torre-slim-micro-atx-mini-itx-fuente-de-poder-sfx-500-w-doble-posicion-lector-de-tarjetas-sd-full-metal-5-aos-de-garantia-negro\/#breadcrumb","itemListElement":[{"@type":"ListItem","position":1,"name":"Inicio","item":"https:\/\/compuviper.mx\/tienda\/"},{"@type":"ListItem","position":2,"name":"Productos","item":"https:\/\/compuviper.mx\/tienda\/productos\/"},{"@type":"ListItem","position":3,"name":"Gabinetes","item":"https:\/\/compuviper.mx\/tienda\/categoria-producto\/gabinetes\/"},{"@type":"ListItem","position":4,"name":"Slim Micro Atx\/mini Itx","item":"https:\/\/compuviper.mx\/tienda\/categoria-producto\/gabinetes\/slim-micro-atx-mini-itx\/"},{"@type":"ListItem","position":5,"name":"Acteck Ac-943079 Gabinete Onex Gs455 \/ Mini Torre Slim \/ Micro Atx &#8211; Mini Itx \/ Fuente De Poder Sfx 500 W \/ Doble Posicion \/ Lector De Tarjetas Sd \/ Full Metal \/ 5 A?os De Garantia \/ Negro \/"}]},{"@type":"WebSite","@id":"https:\/\/compuviper.mx\/tienda\/#website","url":"https:\/\/compuviper.mx\/tienda\/","name":"Compuviper","description":"Proveedor de Computadoras, Laptops, Servidores, Monitores, Puntos de Venta, Teclados,   Impresoras, T\u00f3ner, C\u00e1maras de Seguridad y m\u00e1s en tu tienda en l\u00ednea","publisher":{"@id":"https:\/\/compuviper.mx\/tienda\/#organization"},"potentialAction":[{"@type":"SearchAction","target":{"@type":"EntryPoint","urlTemplate":"https:\/\/compuviper.mx\/tienda\/?s={search_term_string}"},"query-input":"required name=search_term_string"}],"inLanguage":"es-MX"},{"@type":"Organization","@id":"https:\/\/compuviper.mx\/tienda\/#organization","name":"Compuviper","url":"https:\/\/compuviper.mx\/tienda\/","logo":{"@type":"ImageObject","inLanguage":"es-MX","@id":"https:\/\/compuviper.mx\/tienda\/#\/schema\/logo\/image\/","url":"https:\/\/compuviper.mx\/tienda\/wp-content\/uploads\/2021\/08\/Logo-Compuviper-10.png","contentUrl":"https:\/\/compuviper.mx\/tienda\/wp-content\/uploads\/2021\/08\/Logo-Compuviper-10.png","width":1000,"height":500,"caption":"Compuviper"},"image":{"@id":"https:\/\/compuviper.mx\/tienda\/#\/schema\/logo\/image\/"},"sameAs":["https:\/\/www.facebook.com\/compuviper","https:\/\/www.youtube.com\/channel\/UCf73dERp9Y3cfOq7q8BhLjA?view_as=subscriber"]}]},"product_brand":"ACTECK","product_price_amount":"796","product_price_currency":"MXN","og_availability":"instock","product_availability":"instock","product_retailer_item_id":"AC-943079","product_condition":"new"},"_links":{"self":[{"href":"https:\/\/compuviper.mx\/tienda\/wp-json\/wp\/v2\/product\/258191"}],"collection":[{"href":"https:\/\/compuviper.mx\/tienda\/wp-json\/wp\/v2\/product"}],"about":[{"href":"https:\/\/compuviper.mx\/tienda\/wp-json\/wp\/v2\/types\/product"}],"replies":[{"embeddable":true,"href":"https:\/\/compuviper.mx\/tienda\/wp-json\/wp\/v2\/comments?post=258191"}],"wp:featuredmedia":[{"embeddable":true,"href":"https:\/\/compuviper.mx\/tienda\/wp-json\/wp\/v2\/media\/259310"}],"wp:attachment":[{"href":"https:\/\/compuviper.mx\/tienda\/wp-json\/wp\/v2\/media?parent=258191"}],"wp:term":[{"taxonomy":"product_cat","embeddable":true,"href":"https:\/\/compuviper.mx\/tienda\/wp-json\/wp\/v2\/product_cat?post=258191"},{"taxonomy":"product_tag","embeddable":true,"href":"https:\/\/compuviper.mx\/tienda\/wp-json\/wp\/v2\/product_tag?post=258191"}],"curies":[{"name":"wp","href":"https:\/\/api.w.org\/{rel}","templated":true}]}}