{"id":258180,"date":"2026-04-01T23:17:40","date_gmt":"2026-04-02T05:17:40","guid":{"rendered":"https:\/\/compuviper.mx\/tienda\/producto\/hikvision-tc6sg-100-linkedpro-by-epcom-bote-con-100-piezas-de-plug-modular-rj45-cat6-blindado-con-pin-de-tierra-chapado-de-oro-a-30-micras-para-durabilidad-extrema\/"},"modified":"2026-04-01T23:17:41","modified_gmt":"2026-04-02T05:17:41","slug":"hikvision-tc6sg-100-linkedpro-by-epcom-bote-con-100-piezas-de-plug-modular-rj45-cat6-blindado-con-pin-de-tierra-chapado-de-oro-a-30-micras-para-durabilidad-extrema","status":"publish","type":"product","link":"https:\/\/compuviper.mx\/tienda\/producto\/hikvision-tc6sg-100-linkedpro-by-epcom-bote-con-100-piezas-de-plug-modular-rj45-cat6-blindado-con-pin-de-tierra-chapado-de-oro-a-30-micras-para-durabilidad-extrema\/","title":{"rendered":"Hikvision Tc6sg-100 Linkedpro By Epcom \/ Bote Con 100 Piezas De Plug Modular Rj45 Cat6 Blindado Con Pin De Tierra, Chapado De Oro A 30 Micras Para Durabilidad Extrema"},"content":{"rendered":"<table class=\"descripcion\">\n<tr>\n<td>Los plug rj45 de linkedpro ofrecen alto rendimiento para redes de alta velocidad,  chapados en oro con el mas alto grado de 30 micras mantienen una conductividad \u00f3ptima con el conector rj45 y brindan una mayor protecci\u00f3n contra la corrosi\u00f3n alargando su tiempo de vida.<\/td>\n<\/tr>\n<tr>\n<td>Cumplen con los requerimientos especificados en la norma tia-568b.2<\/td>\n<\/tr>\n<tr>\n<td>Caracter\u00edsticas generales:<\/td>\n<\/tr>\n<tr>\n<td>Chapado de oro a 30 micras para el mejor desempe\u00f1o a pesar de muchas conexiones.<\/td>\n<\/tr>\n<tr>\n<td>Blindado, con pin de tierra.<\/td>\n<\/tr>\n<tr>\n<td>23awg<\/td>\n<\/tr>\n<tr>\n<td>F\u00e1cil instalaci\u00f3n.<\/td>\n<\/tr>\n<tr>\n<td>Excelente desempe\u00f1o.<\/td>\n<\/tr>\n<\/table>\n","protected":false},"excerpt":{"rendered":"<p>Los plug rj45 de linkedpro ofrecen alto rendimiento para redes de alta velocidad, chapados en oro con el mas alto grado de 30 micras mantienen una conductividad \u00f3ptima con el conector rj45 y brindan una mayor protecci\u00f3n contra la corrosi\u00f3n alargando su tiempo de vida. Cumplen con los requerimientos especificados en la norma tia-568b.2 Caracter\u00edsticas [&hellip;]<\/p>\n","protected":false},"featured_media":258967,"comment_status":"open","ping_status":"open","template":"","meta":[],"product_cat":[1485,1581],"product_tag":[1595],"acf":[],"yoast_head":"<!-- This site is optimized with the Yoast SEO plugin v21.7 - https:\/\/yoast.com\/wordpress\/plugins\/seo\/ -->\n<title>[ Hikvision ] &#129351; Tc6sg-100 Linkedpro By Epcom \/ Bote Con 100 Piezas De Plug Modular Rj45 Cat6 Blindado Con Pin De Tierra, Chapado De Oro A 30 Micras Para Durabilidad Extrema<\/title>\n<meta name=\"description\" content=\"Compra Tc6sg-100 Linkedpro By Epcom \/ Bote Con 100 Piezas De Plug Modular Rj45 Cat6 Blindado Con Pin De Tierra, Chapado De Oro A 30 Micras Para Durabilidad Extrema + Env\u00edo a domicilio + Pago seguro + Garant\u00eda\" \/>\n<meta name=\"robots\" content=\"index, follow, max-snippet:-1, max-image-preview:large, max-video-preview:-1\" \/>\n<link rel=\"canonical\" href=\"https:\/\/compuviper.mx\/tienda\/producto\/hikvision-tc6sg-100-linkedpro-by-epcom-bote-con-100-piezas-de-plug-modular-rj45-cat6-blindado-con-pin-de-tierra-chapado-de-oro-a-30-micras-para-durabilidad-extrema\/\" \/>\n<meta property=\"og:locale\" content=\"es_MX\" \/>\n<meta property=\"og:type\" content=\"article\" \/>\n<meta property=\"og:title\" content=\"[ Hikvision ] &#129351; Tc6sg-100 Linkedpro By Epcom \/ Bote Con 100 Piezas De Plug Modular Rj45 Cat6 Blindado Con Pin De Tierra, Chapado De Oro A 30 Micras Para Durabilidad Extrema\" \/>\n<meta property=\"og:description\" content=\"Compra Tc6sg-100 Linkedpro By Epcom \/ Bote Con 100 Piezas De Plug Modular Rj45 Cat6 Blindado Con Pin De Tierra, Chapado De Oro A 30 Micras Para Durabilidad Extrema + Env\u00edo a domicilio + Pago seguro + Garant\u00eda\" \/>\n<meta property=\"og:url\" content=\"https:\/\/compuviper.mx\/tienda\/producto\/hikvision-tc6sg-100-linkedpro-by-epcom-bote-con-100-piezas-de-plug-modular-rj45-cat6-blindado-con-pin-de-tierra-chapado-de-oro-a-30-micras-para-durabilidad-extrema\/\" \/>\n<meta property=\"og:site_name\" content=\"Compuviper\" \/>\n<meta property=\"article:publisher\" content=\"https:\/\/www.facebook.com\/compuviper\" \/>\n<meta property=\"article:modified_time\" content=\"2026-04-02T05:17:41+00:00\" \/>\n<meta property=\"og:image\" content=\"https:\/\/compuviper.mx\/tienda\/wp-content\/uploads\/2025\/10\/Linkedpro-by-epcom-bote-con-100-piezas-de-plug-modular-rj45-cat6-blindado-con-pin-de-tierra-chapado-de-oro-a-30-micras-para-durabilidad-extrema.jpg\" \/>\n\t<meta property=\"og:image:width\" content=\"200\" \/>\n\t<meta property=\"og:image:height\" content=\"200\" \/>\n\t<meta property=\"og:image:type\" content=\"image\/jpeg\" \/>\n<meta name=\"twitter:card\" content=\"summary_large_image\" \/>\n<meta name=\"twitter:label1\" content=\"Precio\" \/>\n\t<meta name=\"twitter:data1\" content=\"&#36;452 con IVA\" \/>\n\t<meta name=\"twitter:label2\" content=\"Availability\" \/>\n\t<meta name=\"twitter:data2\" content=\"Out of stock\" \/>\n<script type=\"application\/ld+json\" class=\"yoast-schema-graph\">{\"@context\":\"https:\/\/schema.org\",\"@graph\":[{\"@type\":\"WebPage\",\"@id\":\"https:\/\/compuviper.mx\/tienda\/producto\/hikvision-tc6sg-100-linkedpro-by-epcom-bote-con-100-piezas-de-plug-modular-rj45-cat6-blindado-con-pin-de-tierra-chapado-de-oro-a-30-micras-para-durabilidad-extrema\/\",\"url\":\"https:\/\/compuviper.mx\/tienda\/producto\/hikvision-tc6sg-100-linkedpro-by-epcom-bote-con-100-piezas-de-plug-modular-rj45-cat6-blindado-con-pin-de-tierra-chapado-de-oro-a-30-micras-para-durabilidad-extrema\/\",\"name\":\"[ Hikvision ] &#129351; Tc6sg-100 Linkedpro By Epcom \/ Bote Con 100 Piezas De Plug Modular Rj45 Cat6 Blindado Con Pin De Tierra, Chapado De Oro A 30 Micras Para Durabilidad Extrema\",\"isPartOf\":{\"@id\":\"https:\/\/compuviper.mx\/tienda\/#website\"},\"datePublished\":\"2026-04-02T05:17:40+00:00\",\"dateModified\":\"2026-04-02T05:17:41+00:00\",\"description\":\"Compra Tc6sg-100 Linkedpro By Epcom \/ Bote Con 100 Piezas De Plug Modular Rj45 Cat6 Blindado Con Pin De Tierra, Chapado De Oro A 30 Micras Para Durabilidad Extrema + Env\u00edo a domicilio + Pago seguro + Garant\u00eda\",\"breadcrumb\":{\"@id\":\"https:\/\/compuviper.mx\/tienda\/producto\/hikvision-tc6sg-100-linkedpro-by-epcom-bote-con-100-piezas-de-plug-modular-rj45-cat6-blindado-con-pin-de-tierra-chapado-de-oro-a-30-micras-para-durabilidad-extrema\/#breadcrumb\"},\"inLanguage\":\"es-MX\",\"potentialAction\":[{\"@type\":\"ReadAction\",\"target\":[\"https:\/\/compuviper.mx\/tienda\/producto\/hikvision-tc6sg-100-linkedpro-by-epcom-bote-con-100-piezas-de-plug-modular-rj45-cat6-blindado-con-pin-de-tierra-chapado-de-oro-a-30-micras-para-durabilidad-extrema\/\"]}]},{\"@type\":\"BreadcrumbList\",\"@id\":\"https:\/\/compuviper.mx\/tienda\/producto\/hikvision-tc6sg-100-linkedpro-by-epcom-bote-con-100-piezas-de-plug-modular-rj45-cat6-blindado-con-pin-de-tierra-chapado-de-oro-a-30-micras-para-durabilidad-extrema\/#breadcrumb\",\"itemListElement\":[{\"@type\":\"ListItem\",\"position\":1,\"name\":\"Inicio\",\"item\":\"https:\/\/compuviper.mx\/tienda\/\"},{\"@type\":\"ListItem\",\"position\":2,\"name\":\"Productos\",\"item\":\"https:\/\/compuviper.mx\/tienda\/productos\/\"},{\"@type\":\"ListItem\",\"position\":3,\"name\":\"Accesorios\",\"item\":\"https:\/\/compuviper.mx\/tienda\/categoria-producto\/accesorios\/\"},{\"@type\":\"ListItem\",\"position\":4,\"name\":\"Redes\",\"item\":\"https:\/\/compuviper.mx\/tienda\/categoria-producto\/accesorios\/redes-accesorios\/\"},{\"@type\":\"ListItem\",\"position\":5,\"name\":\"Hikvision Tc6sg-100 Linkedpro By Epcom \/ Bote Con 100 Piezas De Plug Modular Rj45 Cat6 Blindado Con Pin De Tierra, Chapado De Oro A 30 Micras Para Durabilidad Extrema\"}]},{\"@type\":\"WebSite\",\"@id\":\"https:\/\/compuviper.mx\/tienda\/#website\",\"url\":\"https:\/\/compuviper.mx\/tienda\/\",\"name\":\"Compuviper\",\"description\":\"Proveedor de Computadoras, Laptops, Servidores, Monitores, Puntos de Venta, Teclados,   Impresoras, T\u00f3ner, C\u00e1maras de Seguridad y m\u00e1s en tu tienda en l\u00ednea\",\"publisher\":{\"@id\":\"https:\/\/compuviper.mx\/tienda\/#organization\"},\"potentialAction\":[{\"@type\":\"SearchAction\",\"target\":{\"@type\":\"EntryPoint\",\"urlTemplate\":\"https:\/\/compuviper.mx\/tienda\/?s={search_term_string}\"},\"query-input\":\"required name=search_term_string\"}],\"inLanguage\":\"es-MX\"},{\"@type\":\"Organization\",\"@id\":\"https:\/\/compuviper.mx\/tienda\/#organization\",\"name\":\"Compuviper\",\"url\":\"https:\/\/compuviper.mx\/tienda\/\",\"logo\":{\"@type\":\"ImageObject\",\"inLanguage\":\"es-MX\",\"@id\":\"https:\/\/compuviper.mx\/tienda\/#\/schema\/logo\/image\/\",\"url\":\"https:\/\/compuviper.mx\/tienda\/wp-content\/uploads\/2021\/08\/Logo-Compuviper-10.png\",\"contentUrl\":\"https:\/\/compuviper.mx\/tienda\/wp-content\/uploads\/2021\/08\/Logo-Compuviper-10.png\",\"width\":1000,\"height\":500,\"caption\":\"Compuviper\"},\"image\":{\"@id\":\"https:\/\/compuviper.mx\/tienda\/#\/schema\/logo\/image\/\"},\"sameAs\":[\"https:\/\/www.facebook.com\/compuviper\",\"https:\/\/www.youtube.com\/channel\/UCf73dERp9Y3cfOq7q8BhLjA?view_as=subscriber\"]}]}<\/script>\n<meta property=\"product:brand\" content=\"HIKVISION\" \/>\n<meta property=\"product:price:amount\" content=\"452\" \/>\n<meta property=\"product:price:currency\" content=\"MXN\" \/>\n<meta property=\"og:availability\" content=\"out of stock\" \/>\n<meta property=\"product:availability\" content=\"out of stock\" \/>\n<meta property=\"product:retailer_item_id\" content=\"TC6SG-100\" \/>\n<meta property=\"product:condition\" content=\"new\" \/>\n<!-- \/ Yoast SEO plugin. -->","yoast_head_json":{"title":"[ Hikvision ] &#129351; Tc6sg-100 Linkedpro By Epcom \/ Bote Con 100 Piezas De Plug Modular Rj45 Cat6 Blindado Con Pin De Tierra, Chapado De Oro A 30 Micras Para Durabilidad Extrema","description":"Compra Tc6sg-100 Linkedpro By Epcom \/ Bote Con 100 Piezas De Plug Modular Rj45 Cat6 Blindado Con Pin De Tierra, Chapado De Oro A 30 Micras Para Durabilidad Extrema + Env\u00edo a domicilio + Pago seguro + Garant\u00eda","robots":{"index":"index","follow":"follow","max-snippet":"max-snippet:-1","max-image-preview":"max-image-preview:large","max-video-preview":"max-video-preview:-1"},"canonical":"https:\/\/compuviper.mx\/tienda\/producto\/hikvision-tc6sg-100-linkedpro-by-epcom-bote-con-100-piezas-de-plug-modular-rj45-cat6-blindado-con-pin-de-tierra-chapado-de-oro-a-30-micras-para-durabilidad-extrema\/","og_locale":"es_MX","og_type":"article","og_title":"[ Hikvision ] &#129351; Tc6sg-100 Linkedpro By Epcom \/ Bote Con 100 Piezas De Plug Modular Rj45 Cat6 Blindado Con Pin De Tierra, Chapado De Oro A 30 Micras Para Durabilidad Extrema","og_description":"Compra Tc6sg-100 Linkedpro By Epcom \/ Bote Con 100 Piezas De Plug Modular Rj45 Cat6 Blindado Con Pin De Tierra, Chapado De Oro A 30 Micras Para Durabilidad Extrema + Env\u00edo a domicilio + Pago seguro + Garant\u00eda","og_url":"https:\/\/compuviper.mx\/tienda\/producto\/hikvision-tc6sg-100-linkedpro-by-epcom-bote-con-100-piezas-de-plug-modular-rj45-cat6-blindado-con-pin-de-tierra-chapado-de-oro-a-30-micras-para-durabilidad-extrema\/","og_site_name":"Compuviper","article_publisher":"https:\/\/www.facebook.com\/compuviper","article_modified_time":"2026-04-02T05:17:41+00:00","og_image":[{"width":200,"height":200,"url":"https:\/\/compuviper.mx\/tienda\/wp-content\/uploads\/2025\/10\/Linkedpro-by-epcom-bote-con-100-piezas-de-plug-modular-rj45-cat6-blindado-con-pin-de-tierra-chapado-de-oro-a-30-micras-para-durabilidad-extrema.jpg","type":"image\/jpeg"}],"twitter_card":"summary_large_image","twitter_misc":{"Precio":"&#36;452 con IVA","Availability":"Out of stock"},"schema":{"@context":"https:\/\/schema.org","@graph":[{"@type":"WebPage","@id":"https:\/\/compuviper.mx\/tienda\/producto\/hikvision-tc6sg-100-linkedpro-by-epcom-bote-con-100-piezas-de-plug-modular-rj45-cat6-blindado-con-pin-de-tierra-chapado-de-oro-a-30-micras-para-durabilidad-extrema\/","url":"https:\/\/compuviper.mx\/tienda\/producto\/hikvision-tc6sg-100-linkedpro-by-epcom-bote-con-100-piezas-de-plug-modular-rj45-cat6-blindado-con-pin-de-tierra-chapado-de-oro-a-30-micras-para-durabilidad-extrema\/","name":"[ Hikvision ] &#129351; Tc6sg-100 Linkedpro By Epcom \/ Bote Con 100 Piezas De Plug Modular Rj45 Cat6 Blindado Con Pin De Tierra, Chapado De Oro A 30 Micras Para Durabilidad Extrema","isPartOf":{"@id":"https:\/\/compuviper.mx\/tienda\/#website"},"datePublished":"2026-04-02T05:17:40+00:00","dateModified":"2026-04-02T05:17:41+00:00","description":"Compra Tc6sg-100 Linkedpro By Epcom \/ Bote Con 100 Piezas De Plug Modular Rj45 Cat6 Blindado Con Pin De Tierra, Chapado De Oro A 30 Micras Para Durabilidad Extrema + Env\u00edo a domicilio + Pago seguro + Garant\u00eda","breadcrumb":{"@id":"https:\/\/compuviper.mx\/tienda\/producto\/hikvision-tc6sg-100-linkedpro-by-epcom-bote-con-100-piezas-de-plug-modular-rj45-cat6-blindado-con-pin-de-tierra-chapado-de-oro-a-30-micras-para-durabilidad-extrema\/#breadcrumb"},"inLanguage":"es-MX","potentialAction":[{"@type":"ReadAction","target":["https:\/\/compuviper.mx\/tienda\/producto\/hikvision-tc6sg-100-linkedpro-by-epcom-bote-con-100-piezas-de-plug-modular-rj45-cat6-blindado-con-pin-de-tierra-chapado-de-oro-a-30-micras-para-durabilidad-extrema\/"]}]},{"@type":"BreadcrumbList","@id":"https:\/\/compuviper.mx\/tienda\/producto\/hikvision-tc6sg-100-linkedpro-by-epcom-bote-con-100-piezas-de-plug-modular-rj45-cat6-blindado-con-pin-de-tierra-chapado-de-oro-a-30-micras-para-durabilidad-extrema\/#breadcrumb","itemListElement":[{"@type":"ListItem","position":1,"name":"Inicio","item":"https:\/\/compuviper.mx\/tienda\/"},{"@type":"ListItem","position":2,"name":"Productos","item":"https:\/\/compuviper.mx\/tienda\/productos\/"},{"@type":"ListItem","position":3,"name":"Accesorios","item":"https:\/\/compuviper.mx\/tienda\/categoria-producto\/accesorios\/"},{"@type":"ListItem","position":4,"name":"Redes","item":"https:\/\/compuviper.mx\/tienda\/categoria-producto\/accesorios\/redes-accesorios\/"},{"@type":"ListItem","position":5,"name":"Hikvision Tc6sg-100 Linkedpro By Epcom \/ Bote Con 100 Piezas De Plug Modular Rj45 Cat6 Blindado Con Pin De Tierra, Chapado De Oro A 30 Micras Para Durabilidad Extrema"}]},{"@type":"WebSite","@id":"https:\/\/compuviper.mx\/tienda\/#website","url":"https:\/\/compuviper.mx\/tienda\/","name":"Compuviper","description":"Proveedor de Computadoras, Laptops, Servidores, Monitores, Puntos de Venta, Teclados,   Impresoras, T\u00f3ner, C\u00e1maras de Seguridad y m\u00e1s en tu tienda en l\u00ednea","publisher":{"@id":"https:\/\/compuviper.mx\/tienda\/#organization"},"potentialAction":[{"@type":"SearchAction","target":{"@type":"EntryPoint","urlTemplate":"https:\/\/compuviper.mx\/tienda\/?s={search_term_string}"},"query-input":"required name=search_term_string"}],"inLanguage":"es-MX"},{"@type":"Organization","@id":"https:\/\/compuviper.mx\/tienda\/#organization","name":"Compuviper","url":"https:\/\/compuviper.mx\/tienda\/","logo":{"@type":"ImageObject","inLanguage":"es-MX","@id":"https:\/\/compuviper.mx\/tienda\/#\/schema\/logo\/image\/","url":"https:\/\/compuviper.mx\/tienda\/wp-content\/uploads\/2021\/08\/Logo-Compuviper-10.png","contentUrl":"https:\/\/compuviper.mx\/tienda\/wp-content\/uploads\/2021\/08\/Logo-Compuviper-10.png","width":1000,"height":500,"caption":"Compuviper"},"image":{"@id":"https:\/\/compuviper.mx\/tienda\/#\/schema\/logo\/image\/"},"sameAs":["https:\/\/www.facebook.com\/compuviper","https:\/\/www.youtube.com\/channel\/UCf73dERp9Y3cfOq7q8BhLjA?view_as=subscriber"]}]},"product_brand":"HIKVISION","product_price_amount":"452","product_price_currency":"MXN","og_availability":"out of stock","product_availability":"out of stock","product_retailer_item_id":"TC6SG-100","product_condition":"new"},"_links":{"self":[{"href":"https:\/\/compuviper.mx\/tienda\/wp-json\/wp\/v2\/product\/258180"}],"collection":[{"href":"https:\/\/compuviper.mx\/tienda\/wp-json\/wp\/v2\/product"}],"about":[{"href":"https:\/\/compuviper.mx\/tienda\/wp-json\/wp\/v2\/types\/product"}],"replies":[{"embeddable":true,"href":"https:\/\/compuviper.mx\/tienda\/wp-json\/wp\/v2\/comments?post=258180"}],"wp:featuredmedia":[{"embeddable":true,"href":"https:\/\/compuviper.mx\/tienda\/wp-json\/wp\/v2\/media\/258967"}],"wp:attachment":[{"href":"https:\/\/compuviper.mx\/tienda\/wp-json\/wp\/v2\/media?parent=258180"}],"wp:term":[{"taxonomy":"product_cat","embeddable":true,"href":"https:\/\/compuviper.mx\/tienda\/wp-json\/wp\/v2\/product_cat?post=258180"},{"taxonomy":"product_tag","embeddable":true,"href":"https:\/\/compuviper.mx\/tienda\/wp-json\/wp\/v2\/product_tag?post=258180"}],"curies":[{"name":"wp","href":"https:\/\/api.w.org\/{rel}","templated":true}]}}