{"id":258133,"date":"2026-04-07T02:04:02","date_gmt":"2026-04-07T08:04:02","guid":{"rendered":"https:\/\/compuviper.mx\/tienda\/producto\/eset-tmeset-448-esd-home-security-premium-9-lic-2-aos-descarga-digital\/"},"modified":"2026-04-07T02:04:03","modified_gmt":"2026-04-07T08:04:03","slug":"eset-tmeset-448-esd-home-security-premium-9-lic-2-aos-descarga-digital","status":"publish","type":"product","link":"https:\/\/compuviper.mx\/tienda\/producto\/eset-tmeset-448-esd-home-security-premium-9-lic-2-aos-descarga-digital\/","title":{"rendered":"Eset Tmeset-448 Esd  Home Security Premium 9 Lic 2 A?os (descarga Digital)"},"content":{"rendered":"<table class=\"descripcion\">\n<tr>\n<td>Compatibilidad windows, mac, android y linux<\/td>\n<\/tr>\n<tr>\n<td>\u0095 so microsoft<\/td>\n<\/tr>\n<tr>\n<td>Windows 10, 11 y superiores.<\/td>\n<\/tr>\n<tr>\n<td>\u0095 eset cyber security macos 11 en adelante.<\/td>\n<\/tr>\n<tr>\n<td>\u0095 eset mobile security, eset parental control y password manager android 6.0, y posterior.<\/td>\n<\/tr>\n<tr>\n<td>\u0095 eset smart tv security se ejecuta en google tv os con google play store.<\/td>\n<\/tr>\n<\/table>\n","protected":false},"excerpt":{"rendered":"<p>Caracter\u00edsticas de seguridad. \u0095 antivirus. \u0095 antispyware. \u0095 anti-phishing. \u0095 ransomware shield. \u0095 mantiene alto rendimiento del equipo. \u0095 ahorra ancho de banda de internet. \u0095 uefi scanner modo gamer. \u0095 ligero y sin interrupciones al jugar. \u0095 protecci\u00f3n de pagos en linea. \u0095 proteccion de crypto-wallets online. \u0095 protecci\u00f3n de camara web \u0095 protecci\u00f3n de dispositivos extraibles cifrados. \u0095 bloqueo de exploits. \u0095 eset liveguard. \u0095 machine learning avanzado. \u0095 cifrado de datos. \u0095 administrador de  contrase\u00f1as<\/p>\n","protected":false},"featured_media":258134,"comment_status":"open","ping_status":"open","template":"","meta":[],"product_cat":[1827,2004],"product_tag":[1832],"acf":[],"yoast_head":"<!-- This site is optimized with the Yoast SEO plugin v21.7 - https:\/\/yoast.com\/wordpress\/plugins\/seo\/ -->\n<title>[ Eset ] &#129351; Tmeset-448 Esd Home Security Premium 9 Lic 2 A\u00f1os (descarga Digital)<\/title>\n<meta name=\"description\" content=\"Compra Tmeset-448 Esd Home Security Premium 9 Lic 2 A\u00f1os (descarga Digital) + Env\u00edo a domicilio + Pago seguro + Garant\u00eda\" \/>\n<meta name=\"robots\" content=\"index, follow, max-snippet:-1, max-image-preview:large, max-video-preview:-1\" \/>\n<link rel=\"canonical\" href=\"https:\/\/compuviper.mx\/tienda\/producto\/eset-tmeset-448-esd-home-security-premium-9-lic-2-aos-descarga-digital\/\" \/>\n<meta property=\"og:locale\" content=\"es_MX\" \/>\n<meta property=\"og:type\" content=\"article\" \/>\n<meta property=\"og:title\" content=\"[ Eset ] &#129351; Tmeset-448 Esd Home Security Premium 9 Lic 2 A\u00f1os (descarga Digital)\" \/>\n<meta property=\"og:description\" content=\"Compra Tmeset-448 Esd Home Security Premium 9 Lic 2 A\u00f1os (descarga Digital) + Env\u00edo a domicilio + Pago seguro + Garant\u00eda\" \/>\n<meta property=\"og:url\" content=\"https:\/\/compuviper.mx\/tienda\/producto\/eset-tmeset-448-esd-home-security-premium-9-lic-2-aos-descarga-digital\/\" \/>\n<meta property=\"og:site_name\" content=\"Compuviper\" \/>\n<meta property=\"article:publisher\" content=\"https:\/\/www.facebook.com\/compuviper\" \/>\n<meta property=\"article:modified_time\" content=\"2026-04-07T08:04:03+00:00\" \/>\n<meta property=\"og:image\" content=\"https:\/\/compuviper.mx\/tienda\/wp-content\/uploads\/2025\/09\/Esd-eset-home-security-premium-9-lic-2-anos-descarga-digital.jpg\" \/>\n\t<meta property=\"og:image:width\" content=\"200\" \/>\n\t<meta property=\"og:image:height\" content=\"200\" \/>\n\t<meta property=\"og:image:type\" content=\"image\/jpeg\" \/>\n<meta name=\"twitter:card\" content=\"summary_large_image\" \/>\n<meta name=\"twitter:label1\" content=\"Precio\" \/>\n\t<meta name=\"twitter:data1\" content=\"&#36;2,548 con IVA\" \/>\n\t<meta name=\"twitter:label2\" content=\"Availability\" \/>\n\t<meta name=\"twitter:data2\" content=\"On backorder\" \/>\n<script type=\"application\/ld+json\" class=\"yoast-schema-graph\">{\"@context\":\"https:\/\/schema.org\",\"@graph\":[{\"@type\":\"WebPage\",\"@id\":\"https:\/\/compuviper.mx\/tienda\/producto\/eset-tmeset-448-esd-home-security-premium-9-lic-2-aos-descarga-digital\/\",\"url\":\"https:\/\/compuviper.mx\/tienda\/producto\/eset-tmeset-448-esd-home-security-premium-9-lic-2-aos-descarga-digital\/\",\"name\":\"[ Eset ] &#129351; Tmeset-448 Esd Home Security Premium 9 Lic 2 A\u00f1os (descarga Digital)\",\"isPartOf\":{\"@id\":\"https:\/\/compuviper.mx\/tienda\/#website\"},\"datePublished\":\"2026-04-07T08:04:02+00:00\",\"dateModified\":\"2026-04-07T08:04:03+00:00\",\"description\":\"Compra Tmeset-448 Esd Home Security Premium 9 Lic 2 A\u00f1os (descarga Digital) + Env\u00edo a domicilio + Pago seguro + Garant\u00eda\",\"breadcrumb\":{\"@id\":\"https:\/\/compuviper.mx\/tienda\/producto\/eset-tmeset-448-esd-home-security-premium-9-lic-2-aos-descarga-digital\/#breadcrumb\"},\"inLanguage\":\"es-MX\",\"potentialAction\":[{\"@type\":\"ReadAction\",\"target\":[\"https:\/\/compuviper.mx\/tienda\/producto\/eset-tmeset-448-esd-home-security-premium-9-lic-2-aos-descarga-digital\/\"]}]},{\"@type\":\"BreadcrumbList\",\"@id\":\"https:\/\/compuviper.mx\/tienda\/producto\/eset-tmeset-448-esd-home-security-premium-9-lic-2-aos-descarga-digital\/#breadcrumb\",\"itemListElement\":[{\"@type\":\"ListItem\",\"position\":1,\"name\":\"Inicio\",\"item\":\"https:\/\/compuviper.mx\/tienda\/\"},{\"@type\":\"ListItem\",\"position\":2,\"name\":\"Productos\",\"item\":\"https:\/\/compuviper.mx\/tienda\/productos\/\"},{\"@type\":\"ListItem\",\"position\":3,\"name\":\"Software\",\"item\":\"https:\/\/compuviper.mx\/tienda\/categoria-producto\/software\/\"},{\"@type\":\"ListItem\",\"position\":4,\"name\":\"Licenciamiento Esd\",\"item\":\"https:\/\/compuviper.mx\/tienda\/categoria-producto\/software\/licenciamiento-esd\/\"},{\"@type\":\"ListItem\",\"position\":5,\"name\":\"Eset Tmeset-448 Esd Home Security Premium 9 Lic 2 A?os (descarga Digital)\"}]},{\"@type\":\"WebSite\",\"@id\":\"https:\/\/compuviper.mx\/tienda\/#website\",\"url\":\"https:\/\/compuviper.mx\/tienda\/\",\"name\":\"Compuviper\",\"description\":\"Proveedor de Computadoras, Laptops, Servidores, Monitores, Puntos de Venta, Teclados,   Impresoras, T\u00f3ner, C\u00e1maras de Seguridad y m\u00e1s en tu tienda en l\u00ednea\",\"publisher\":{\"@id\":\"https:\/\/compuviper.mx\/tienda\/#organization\"},\"potentialAction\":[{\"@type\":\"SearchAction\",\"target\":{\"@type\":\"EntryPoint\",\"urlTemplate\":\"https:\/\/compuviper.mx\/tienda\/?s={search_term_string}\"},\"query-input\":\"required name=search_term_string\"}],\"inLanguage\":\"es-MX\"},{\"@type\":\"Organization\",\"@id\":\"https:\/\/compuviper.mx\/tienda\/#organization\",\"name\":\"Compuviper\",\"url\":\"https:\/\/compuviper.mx\/tienda\/\",\"logo\":{\"@type\":\"ImageObject\",\"inLanguage\":\"es-MX\",\"@id\":\"https:\/\/compuviper.mx\/tienda\/#\/schema\/logo\/image\/\",\"url\":\"https:\/\/compuviper.mx\/tienda\/wp-content\/uploads\/2021\/08\/Logo-Compuviper-10.png\",\"contentUrl\":\"https:\/\/compuviper.mx\/tienda\/wp-content\/uploads\/2021\/08\/Logo-Compuviper-10.png\",\"width\":1000,\"height\":500,\"caption\":\"Compuviper\"},\"image\":{\"@id\":\"https:\/\/compuviper.mx\/tienda\/#\/schema\/logo\/image\/\"},\"sameAs\":[\"https:\/\/www.facebook.com\/compuviper\",\"https:\/\/www.youtube.com\/channel\/UCf73dERp9Y3cfOq7q8BhLjA?view_as=subscriber\"]}]}<\/script>\n<meta property=\"product:brand\" content=\"ESET\" \/>\n<meta property=\"product:price:amount\" content=\"2548\" \/>\n<meta property=\"product:price:currency\" content=\"MXN\" \/>\n<meta property=\"og:availability\" content=\"backorder\" \/>\n<meta property=\"product:availability\" content=\"available for order\" \/>\n<meta property=\"product:retailer_item_id\" content=\"TMESET-448\" \/>\n<meta property=\"product:condition\" content=\"new\" \/>\n<!-- \/ Yoast SEO plugin. -->","yoast_head_json":{"title":"[ Eset ] &#129351; Tmeset-448 Esd Home Security Premium 9 Lic 2 A\u00f1os (descarga Digital)","description":"Compra Tmeset-448 Esd Home Security Premium 9 Lic 2 A\u00f1os (descarga Digital) + Env\u00edo a domicilio + Pago seguro + Garant\u00eda","robots":{"index":"index","follow":"follow","max-snippet":"max-snippet:-1","max-image-preview":"max-image-preview:large","max-video-preview":"max-video-preview:-1"},"canonical":"https:\/\/compuviper.mx\/tienda\/producto\/eset-tmeset-448-esd-home-security-premium-9-lic-2-aos-descarga-digital\/","og_locale":"es_MX","og_type":"article","og_title":"[ Eset ] &#129351; Tmeset-448 Esd Home Security Premium 9 Lic 2 A\u00f1os (descarga Digital)","og_description":"Compra Tmeset-448 Esd Home Security Premium 9 Lic 2 A\u00f1os (descarga Digital) + Env\u00edo a domicilio + Pago seguro + Garant\u00eda","og_url":"https:\/\/compuviper.mx\/tienda\/producto\/eset-tmeset-448-esd-home-security-premium-9-lic-2-aos-descarga-digital\/","og_site_name":"Compuviper","article_publisher":"https:\/\/www.facebook.com\/compuviper","article_modified_time":"2026-04-07T08:04:03+00:00","og_image":[{"width":200,"height":200,"url":"https:\/\/compuviper.mx\/tienda\/wp-content\/uploads\/2025\/09\/Esd-eset-home-security-premium-9-lic-2-anos-descarga-digital.jpg","type":"image\/jpeg"}],"twitter_card":"summary_large_image","twitter_misc":{"Precio":"&#36;2,548 con IVA","Availability":"On backorder"},"schema":{"@context":"https:\/\/schema.org","@graph":[{"@type":"WebPage","@id":"https:\/\/compuviper.mx\/tienda\/producto\/eset-tmeset-448-esd-home-security-premium-9-lic-2-aos-descarga-digital\/","url":"https:\/\/compuviper.mx\/tienda\/producto\/eset-tmeset-448-esd-home-security-premium-9-lic-2-aos-descarga-digital\/","name":"[ Eset ] &#129351; Tmeset-448 Esd Home Security Premium 9 Lic 2 A\u00f1os (descarga Digital)","isPartOf":{"@id":"https:\/\/compuviper.mx\/tienda\/#website"},"datePublished":"2026-04-07T08:04:02+00:00","dateModified":"2026-04-07T08:04:03+00:00","description":"Compra Tmeset-448 Esd Home Security Premium 9 Lic 2 A\u00f1os (descarga Digital) + Env\u00edo a domicilio + Pago seguro + Garant\u00eda","breadcrumb":{"@id":"https:\/\/compuviper.mx\/tienda\/producto\/eset-tmeset-448-esd-home-security-premium-9-lic-2-aos-descarga-digital\/#breadcrumb"},"inLanguage":"es-MX","potentialAction":[{"@type":"ReadAction","target":["https:\/\/compuviper.mx\/tienda\/producto\/eset-tmeset-448-esd-home-security-premium-9-lic-2-aos-descarga-digital\/"]}]},{"@type":"BreadcrumbList","@id":"https:\/\/compuviper.mx\/tienda\/producto\/eset-tmeset-448-esd-home-security-premium-9-lic-2-aos-descarga-digital\/#breadcrumb","itemListElement":[{"@type":"ListItem","position":1,"name":"Inicio","item":"https:\/\/compuviper.mx\/tienda\/"},{"@type":"ListItem","position":2,"name":"Productos","item":"https:\/\/compuviper.mx\/tienda\/productos\/"},{"@type":"ListItem","position":3,"name":"Software","item":"https:\/\/compuviper.mx\/tienda\/categoria-producto\/software\/"},{"@type":"ListItem","position":4,"name":"Licenciamiento Esd","item":"https:\/\/compuviper.mx\/tienda\/categoria-producto\/software\/licenciamiento-esd\/"},{"@type":"ListItem","position":5,"name":"Eset Tmeset-448 Esd Home Security Premium 9 Lic 2 A?os (descarga Digital)"}]},{"@type":"WebSite","@id":"https:\/\/compuviper.mx\/tienda\/#website","url":"https:\/\/compuviper.mx\/tienda\/","name":"Compuviper","description":"Proveedor de Computadoras, Laptops, Servidores, Monitores, Puntos de Venta, Teclados,   Impresoras, T\u00f3ner, C\u00e1maras de Seguridad y m\u00e1s en tu tienda en l\u00ednea","publisher":{"@id":"https:\/\/compuviper.mx\/tienda\/#organization"},"potentialAction":[{"@type":"SearchAction","target":{"@type":"EntryPoint","urlTemplate":"https:\/\/compuviper.mx\/tienda\/?s={search_term_string}"},"query-input":"required name=search_term_string"}],"inLanguage":"es-MX"},{"@type":"Organization","@id":"https:\/\/compuviper.mx\/tienda\/#organization","name":"Compuviper","url":"https:\/\/compuviper.mx\/tienda\/","logo":{"@type":"ImageObject","inLanguage":"es-MX","@id":"https:\/\/compuviper.mx\/tienda\/#\/schema\/logo\/image\/","url":"https:\/\/compuviper.mx\/tienda\/wp-content\/uploads\/2021\/08\/Logo-Compuviper-10.png","contentUrl":"https:\/\/compuviper.mx\/tienda\/wp-content\/uploads\/2021\/08\/Logo-Compuviper-10.png","width":1000,"height":500,"caption":"Compuviper"},"image":{"@id":"https:\/\/compuviper.mx\/tienda\/#\/schema\/logo\/image\/"},"sameAs":["https:\/\/www.facebook.com\/compuviper","https:\/\/www.youtube.com\/channel\/UCf73dERp9Y3cfOq7q8BhLjA?view_as=subscriber"]}]},"product_brand":"ESET","product_price_amount":"2548","product_price_currency":"MXN","og_availability":"backorder","product_availability":"available for order","product_retailer_item_id":"TMESET-448","product_condition":"new"},"_links":{"self":[{"href":"https:\/\/compuviper.mx\/tienda\/wp-json\/wp\/v2\/product\/258133"}],"collection":[{"href":"https:\/\/compuviper.mx\/tienda\/wp-json\/wp\/v2\/product"}],"about":[{"href":"https:\/\/compuviper.mx\/tienda\/wp-json\/wp\/v2\/types\/product"}],"replies":[{"embeddable":true,"href":"https:\/\/compuviper.mx\/tienda\/wp-json\/wp\/v2\/comments?post=258133"}],"wp:featuredmedia":[{"embeddable":true,"href":"https:\/\/compuviper.mx\/tienda\/wp-json\/wp\/v2\/media\/258134"}],"wp:attachment":[{"href":"https:\/\/compuviper.mx\/tienda\/wp-json\/wp\/v2\/media?parent=258133"}],"wp:term":[{"taxonomy":"product_cat","embeddable":true,"href":"https:\/\/compuviper.mx\/tienda\/wp-json\/wp\/v2\/product_cat?post=258133"},{"taxonomy":"product_tag","embeddable":true,"href":"https:\/\/compuviper.mx\/tienda\/wp-json\/wp\/v2\/product_tag?post=258133"}],"curies":[{"name":"wp","href":"https:\/\/api.w.org\/{rel}","templated":true}]}}